{"id":5893,"date":"2022-02-22T08:05:19","date_gmt":"2022-02-22T08:05:19","guid":{"rendered":"https:\/\/medicinasinc.com\/ro\/?post_type=product&#038;p=5893"},"modified":"2022-03-22T00:45:38","modified_gmt":"2022-03-22T00:45:38","slug":"cumparati-benzil-metil-cetona-bmk-pulbere-online","status":"publish","type":"product","link":"https:\/\/medicinasinc.com\/ro\/product\/cumparati-benzil-metil-cetona-bmk-pulbere-online\/","title":{"rendered":"Cump\u0103ra\u021bi benzil metil ceton\u0103 (BMK) pulbere online"},"content":{"rendered":"<p>Achizi\u021bia online a pudrei BMK<\/p>\n<p>Pudra BMK poate fi achizi\u021bionat\u0103 online. Formula chimic\u0103 a fenilacetonei este C6H5CH2COCH3. Este un ulei incolor \u0219i solubil \u00een solven\u021bi organici. Aceast\u0103 substan\u021b\u0103 chimic\u0103 este denumit\u0103 \u00een general P2P, deoarece este utilizat\u0103 \u00een fabricarea metamfetaminei \u0219i amfetaminei. Fenilacetona este produs\u0103 la om ca metabolit al amfetaminei \u0219i metamfetaminei prin dezaminarea oxidativ\u0103 mediat\u0103 de FMO3.<\/p>\n<p>Fenilacetona, cunoscut\u0103 \u0219i sub numele de benzil metil ceton\u0103 (BMK) sau P2P, a fost precursorul produc\u021biei de amfetamine. Este reglementat de Uniunea European\u0103 (UE) prin Regulamentul (CE) 273\/2004 privind precursorii de droguri \u0219i Regulamentul Consiliului (CE) 111\/2005 privind schimbul de precursori de droguri. Drept urmare, administratorii trebuie s\u0103 ob\u021bin\u0103 autoriza\u021bie de la speciali\u0219ti califica\u021bi pentru a-l de\u021bine, importa sau transporta. Recent, nu au existat capturi de BMK la scar\u0103 larg\u0103 \u00een UE. Avem un rating foarte bun de satisfac\u021bie a clien\u021bilor \u0219i suntem preg\u0103ti\u021bi s\u0103 fim cei mai buni furnizori online de ulei de fenilaceton\u0103.<\/p>\n<p>Fenilacetona poate fi sintetizat\u0103 \u0219i din precursori precum APAAN (alfa-fenilacetoacetonitril). Recent, importurile de APAAN au fost la un nivel maxim \u0219i, ca urmare, a fost echilibrat \u00een UE aproape de sf\u00e2r\u0219itul anului 2013. \u00cen martie 2014, Comisia Na\u021biunilor Unite pentru Narcotice a votat \u00een unanimitate pentru a-l reglementa la nivel global. <\/p>\n<p>Metodele noastre de expediere \u0219i livrare sunt complet sigure \u0219i simple pentru achizi\u021bionarea online a uleiului de fenilaceton\u0103. Suntem preg\u0103ti\u021bi s\u0103 vindem cantit\u0103\u021bi mici, precum \u0219i cantit\u0103\u021bi uria\u0219e din uleiul nostru de fenilaceton\u0103 online. Calitatea noastr\u0103 online a uleiului de fenilaceton\u0103 este de neegalat \u0219i vindem \u00een cantit\u0103\u021bi mici\/mari, cu asigurarea unei livr\u0103ri discrete \u00een timp util, dup\u0103 ce achizi\u021biona\u021bi ulei de fenilaceton\u0103 online. Livrare prin DHL, TNT sau FedEx, printre altele. \u00cen plus, depinde de modul de transport al clientului atunci c\u00e2nd plaseaz\u0103 o comand\u0103 pentru uleiul de fenilaceton\u0103 online. Nu ezita\u021bi s\u0103 ne contacta\u021bi atunci c\u00e2nd sunte\u021bi gata s\u0103 achizi\u021biona\u021bi fenilaceton\u0103, deoarece oferim cel mai ieftin pre\u021b.<\/p>\n<p>Ne dorim s\u0103 facem achizi\u021bionarea unei game largi de produse simple. Odat\u0103 ce plasa\u021bi o comand\u0103 de ulei de fenilaceton\u0103 online la noi, v\u0103 vom sf\u0103tui cu privire la achizi\u021bie. Ne asigur\u0103m c\u0103 clien\u021bii no\u0219tri primesc pachetul \u0219i uleiul de fenilaceton\u0103 de \u00eenalt\u0103 calitate, precum \u0219i c\u0103 \u00ee\u0219i ating obiectivele, asigur\u00e2ndu-ne c\u0103 articolele noastre sunt tratate corespunz\u0103tor.<\/p>\n","protected":false},"excerpt":{"rendered":"<p>Cump\u0103ra\u021bi pudr\u0103 de benzil metil ceton\u0103 (BMK) online. Pulberea noastr\u0103 BMK este 100% testat\u0103 \u00een laborator. Expediem pulberea noastr\u0103 BMK ca o livrare discret\u0103 \u0219i rapid\u0103<\/p>\n","protected":false},"featured_media":5922,"comment_status":"open","ping_status":"closed","template":"","meta":[],"product_brand":[],"product_cat":[2014],"product_tag":[],"class_list":{"0":"post-5893","1":"product","2":"type-product","3":"status-publish","4":"has-post-thumbnail","6":"product_cat-cumprare-cercetare-chimice","8":"first","9":"instock","10":"shipping-taxable","11":"purchasable","12":"product-type-variable"},"yoast_head":"<!-- This site is optimized with the Yoast SEO plugin v27.3 - https:\/\/yoast.com\/product\/yoast-seo-wordpress\/ -->\n<title>Cump\u0103ra\u021bi pulbere de benzil metil ceton\u0103 (BMK) online - Cele mai bune medicamente globale<\/title>\n<meta name=\"description\" content=\"Cump\u0103ra\u021bi benzil metil ceton\u0103 (BMK) pulbere online. Pulberea noastr\u0103 BMK este 100% testat\u0103 \u00een laborator. Livr\u0103m pulberea noastr\u0103 BMK ca o livrare discret\u0103 \u0219i rapid\u0103\" \/>\n<meta name=\"robots\" content=\"index, follow, max-snippet:-1, max-image-preview:large, max-video-preview:-1\" \/>\n<link rel=\"canonical\" href=\"https:\/\/medicinasinc.com\/ro\/product\/cumparati-benzil-metil-cetona-bmk-pulbere-online\/\" \/>\n<meta property=\"og:locale\" content=\"en_US\" \/>\n<meta property=\"og:type\" content=\"article\" \/>\n<meta property=\"og:title\" content=\"Cump\u0103ra\u021bi pulbere de benzil metil ceton\u0103 (BMK) online - Cele mai bune medicamente globale\" \/>\n<meta property=\"og:description\" content=\"Cump\u0103ra\u021bi benzil metil ceton\u0103 (BMK) pulbere online. Pulberea noastr\u0103 BMK este 100% testat\u0103 \u00een laborator. Livr\u0103m pulberea noastr\u0103 BMK ca o livrare discret\u0103 \u0219i rapid\u0103\" \/>\n<meta property=\"og:url\" content=\"https:\/\/medicinasinc.com\/ro\/product\/cumparati-benzil-metil-cetona-bmk-pulbere-online\/\" \/>\n<meta property=\"og:site_name\" content=\"Medicinas Inc\" \/>\n<meta property=\"article:modified_time\" content=\"2022-03-22T00:45:38+00:00\" \/>\n<meta property=\"og:image\" content=\"https:\/\/medicinasinc.com\/ro\/wp-content\/uploads\/sites\/11\/2022\/02\/buy-bmk-powder.jpg\" \/>\n\t<meta property=\"og:image:width\" content=\"447\" \/>\n\t<meta property=\"og:image:height\" content=\"389\" \/>\n\t<meta property=\"og:image:type\" content=\"image\/jpeg\" \/>\n<meta name=\"twitter:card\" content=\"summary_large_image\" \/>\n<meta name=\"twitter:label1\" content=\"Est. reading time\" \/>\n\t<meta name=\"twitter:data1\" content=\"2 minutes\" \/>\n<script type=\"application\/ld+json\" class=\"yoast-schema-graph\">{\"@context\":\"https:\\\/\\\/schema.org\",\"@graph\":[{\"@type\":\"WebPage\",\"@id\":\"https:\\\/\\\/medicinasinc.com\\\/ro\\\/product\\\/cumparati-benzil-metil-cetona-bmk-pulbere-online\\\/\",\"url\":\"https:\\\/\\\/medicinasinc.com\\\/ro\\\/product\\\/cumparati-benzil-metil-cetona-bmk-pulbere-online\\\/\",\"name\":\"Cump\u0103ra\u021bi pulbere de benzil metil ceton\u0103 (BMK) online - Cele mai bune medicamente globale\",\"isPartOf\":{\"@id\":\"https:\\\/\\\/medicinasinc.com\\\/ro\\\/#website\"},\"primaryImageOfPage\":{\"@id\":\"https:\\\/\\\/medicinasinc.com\\\/ro\\\/product\\\/cumparati-benzil-metil-cetona-bmk-pulbere-online\\\/#primaryimage\"},\"image\":{\"@id\":\"https:\\\/\\\/medicinasinc.com\\\/ro\\\/product\\\/cumparati-benzil-metil-cetona-bmk-pulbere-online\\\/#primaryimage\"},\"thumbnailUrl\":\"https:\\\/\\\/medicinasinc.com\\\/ro\\\/wp-content\\\/uploads\\\/sites\\\/11\\\/2022\\\/02\\\/buy-bmk-powder.jpg\",\"datePublished\":\"2022-02-22T08:05:19+00:00\",\"dateModified\":\"2022-03-22T00:45:38+00:00\",\"description\":\"Cump\u0103ra\u021bi benzil metil ceton\u0103 (BMK) pulbere online. Pulberea noastr\u0103 BMK este 100% testat\u0103 \u00een laborator. Livr\u0103m pulberea noastr\u0103 BMK ca o livrare discret\u0103 \u0219i rapid\u0103\",\"breadcrumb\":{\"@id\":\"https:\\\/\\\/medicinasinc.com\\\/ro\\\/product\\\/cumparati-benzil-metil-cetona-bmk-pulbere-online\\\/#breadcrumb\"},\"inLanguage\":\"en-US\",\"potentialAction\":[{\"@type\":\"ReadAction\",\"target\":[\"https:\\\/\\\/medicinasinc.com\\\/ro\\\/product\\\/cumparati-benzil-metil-cetona-bmk-pulbere-online\\\/\"]}]},{\"@type\":\"ImageObject\",\"inLanguage\":\"en-US\",\"@id\":\"https:\\\/\\\/medicinasinc.com\\\/ro\\\/product\\\/cumparati-benzil-metil-cetona-bmk-pulbere-online\\\/#primaryimage\",\"url\":\"https:\\\/\\\/medicinasinc.com\\\/ro\\\/wp-content\\\/uploads\\\/sites\\\/11\\\/2022\\\/02\\\/buy-bmk-powder.jpg\",\"contentUrl\":\"https:\\\/\\\/medicinasinc.com\\\/ro\\\/wp-content\\\/uploads\\\/sites\\\/11\\\/2022\\\/02\\\/buy-bmk-powder.jpg\",\"width\":447,\"height\":389},{\"@type\":\"BreadcrumbList\",\"@id\":\"https:\\\/\\\/medicinasinc.com\\\/ro\\\/product\\\/cumparati-benzil-metil-cetona-bmk-pulbere-online\\\/#breadcrumb\",\"itemListElement\":[{\"@type\":\"ListItem\",\"position\":1,\"name\":\"Magazin\",\"item\":\"https:\\\/\\\/medicinasinc.com\\\/ro\\\/magazin\\\/\"},{\"@type\":\"ListItem\",\"position\":2,\"name\":\"Cump\u0103ra\u021bi benzil metil ceton\u0103 (BMK) pulbere online\"}]},{\"@type\":\"WebSite\",\"@id\":\"https:\\\/\\\/medicinasinc.com\\\/ro\\\/#website\",\"url\":\"https:\\\/\\\/medicinasinc.com\\\/ro\\\/\",\"name\":\"Medicinas Inc\",\"description\":\"Health Medical Clinic\",\"potentialAction\":[{\"@type\":\"SearchAction\",\"target\":{\"@type\":\"EntryPoint\",\"urlTemplate\":\"https:\\\/\\\/medicinasinc.com\\\/ro\\\/?s={search_term_string}\"},\"query-input\":{\"@type\":\"PropertyValueSpecification\",\"valueRequired\":true,\"valueName\":\"search_term_string\"}}],\"inLanguage\":\"en-US\"}]}<\/script>\n<!-- \/ Yoast SEO plugin. -->","yoast_head_json":{"title":"Cump\u0103ra\u021bi pulbere de benzil metil ceton\u0103 (BMK) online - Cele mai bune medicamente globale","description":"Cump\u0103ra\u021bi benzil metil ceton\u0103 (BMK) pulbere online. Pulberea noastr\u0103 BMK este 100% testat\u0103 \u00een laborator. Livr\u0103m pulberea noastr\u0103 BMK ca o livrare discret\u0103 \u0219i rapid\u0103","robots":{"index":"index","follow":"follow","max-snippet":"max-snippet:-1","max-image-preview":"max-image-preview:large","max-video-preview":"max-video-preview:-1"},"canonical":"https:\/\/medicinasinc.com\/ro\/product\/cumparati-benzil-metil-cetona-bmk-pulbere-online\/","og_locale":"en_US","og_type":"article","og_title":"Cump\u0103ra\u021bi pulbere de benzil metil ceton\u0103 (BMK) online - Cele mai bune medicamente globale","og_description":"Cump\u0103ra\u021bi benzil metil ceton\u0103 (BMK) pulbere online. Pulberea noastr\u0103 BMK este 100% testat\u0103 \u00een laborator. Livr\u0103m pulberea noastr\u0103 BMK ca o livrare discret\u0103 \u0219i rapid\u0103","og_url":"https:\/\/medicinasinc.com\/ro\/product\/cumparati-benzil-metil-cetona-bmk-pulbere-online\/","og_site_name":"Medicinas Inc","article_modified_time":"2022-03-22T00:45:38+00:00","og_image":[{"width":447,"height":389,"url":"https:\/\/medicinasinc.com\/ro\/wp-content\/uploads\/sites\/11\/2022\/02\/buy-bmk-powder.jpg","type":"image\/jpeg"}],"twitter_card":"summary_large_image","twitter_misc":{"Est. reading time":"2 minutes"},"schema":{"@context":"https:\/\/schema.org","@graph":[{"@type":"WebPage","@id":"https:\/\/medicinasinc.com\/ro\/product\/cumparati-benzil-metil-cetona-bmk-pulbere-online\/","url":"https:\/\/medicinasinc.com\/ro\/product\/cumparati-benzil-metil-cetona-bmk-pulbere-online\/","name":"Cump\u0103ra\u021bi pulbere de benzil metil ceton\u0103 (BMK) online - Cele mai bune medicamente globale","isPartOf":{"@id":"https:\/\/medicinasinc.com\/ro\/#website"},"primaryImageOfPage":{"@id":"https:\/\/medicinasinc.com\/ro\/product\/cumparati-benzil-metil-cetona-bmk-pulbere-online\/#primaryimage"},"image":{"@id":"https:\/\/medicinasinc.com\/ro\/product\/cumparati-benzil-metil-cetona-bmk-pulbere-online\/#primaryimage"},"thumbnailUrl":"https:\/\/medicinasinc.com\/ro\/wp-content\/uploads\/sites\/11\/2022\/02\/buy-bmk-powder.jpg","datePublished":"2022-02-22T08:05:19+00:00","dateModified":"2022-03-22T00:45:38+00:00","description":"Cump\u0103ra\u021bi benzil metil ceton\u0103 (BMK) pulbere online. Pulberea noastr\u0103 BMK este 100% testat\u0103 \u00een laborator. Livr\u0103m pulberea noastr\u0103 BMK ca o livrare discret\u0103 \u0219i rapid\u0103","breadcrumb":{"@id":"https:\/\/medicinasinc.com\/ro\/product\/cumparati-benzil-metil-cetona-bmk-pulbere-online\/#breadcrumb"},"inLanguage":"en-US","potentialAction":[{"@type":"ReadAction","target":["https:\/\/medicinasinc.com\/ro\/product\/cumparati-benzil-metil-cetona-bmk-pulbere-online\/"]}]},{"@type":"ImageObject","inLanguage":"en-US","@id":"https:\/\/medicinasinc.com\/ro\/product\/cumparati-benzil-metil-cetona-bmk-pulbere-online\/#primaryimage","url":"https:\/\/medicinasinc.com\/ro\/wp-content\/uploads\/sites\/11\/2022\/02\/buy-bmk-powder.jpg","contentUrl":"https:\/\/medicinasinc.com\/ro\/wp-content\/uploads\/sites\/11\/2022\/02\/buy-bmk-powder.jpg","width":447,"height":389},{"@type":"BreadcrumbList","@id":"https:\/\/medicinasinc.com\/ro\/product\/cumparati-benzil-metil-cetona-bmk-pulbere-online\/#breadcrumb","itemListElement":[{"@type":"ListItem","position":1,"name":"Magazin","item":"https:\/\/medicinasinc.com\/ro\/magazin\/"},{"@type":"ListItem","position":2,"name":"Cump\u0103ra\u021bi benzil metil ceton\u0103 (BMK) pulbere online"}]},{"@type":"WebSite","@id":"https:\/\/medicinasinc.com\/ro\/#website","url":"https:\/\/medicinasinc.com\/ro\/","name":"Medicinas Inc","description":"Health Medical Clinic","potentialAction":[{"@type":"SearchAction","target":{"@type":"EntryPoint","urlTemplate":"https:\/\/medicinasinc.com\/ro\/?s={search_term_string}"},"query-input":{"@type":"PropertyValueSpecification","valueRequired":true,"valueName":"search_term_string"}}],"inLanguage":"en-US"}]}},"_links":{"self":[{"href":"https:\/\/medicinasinc.com\/ro\/wp-json\/wp\/v2\/product\/5893","targetHints":{"allow":["GET"]}}],"collection":[{"href":"https:\/\/medicinasinc.com\/ro\/wp-json\/wp\/v2\/product"}],"about":[{"href":"https:\/\/medicinasinc.com\/ro\/wp-json\/wp\/v2\/types\/product"}],"replies":[{"embeddable":true,"href":"https:\/\/medicinasinc.com\/ro\/wp-json\/wp\/v2\/comments?post=5893"}],"wp:featuredmedia":[{"embeddable":true,"href":"https:\/\/medicinasinc.com\/ro\/wp-json\/wp\/v2\/media\/5922"}],"wp:attachment":[{"href":"https:\/\/medicinasinc.com\/ro\/wp-json\/wp\/v2\/media?parent=5893"}],"wp:term":[{"taxonomy":"product_brand","embeddable":true,"href":"https:\/\/medicinasinc.com\/ro\/wp-json\/wp\/v2\/product_brand?post=5893"},{"taxonomy":"product_cat","embeddable":true,"href":"https:\/\/medicinasinc.com\/ro\/wp-json\/wp\/v2\/product_cat?post=5893"},{"taxonomy":"product_tag","embeddable":true,"href":"https:\/\/medicinasinc.com\/ro\/wp-json\/wp\/v2\/product_tag?post=5893"}],"curies":[{"name":"wp","href":"https:\/\/api.w.org\/{rel}","templated":true}]}}