{"id":5890,"date":"2022-02-22T08:03:24","date_gmt":"2022-02-22T08:03:24","guid":{"rendered":"https:\/\/medicinasinc.com\/ro\/?post_type=product&#038;p=5890"},"modified":"2022-03-22T00:45:56","modified_gmt":"2022-03-22T00:45:56","slug":"cumpara-apaan-online-alfa-fenilacetoacetonitril","status":"publish","type":"product","link":"https:\/\/medicinasinc.com\/ro\/product\/cumpara-apaan-online-alfa-fenilacetoacetonitril\/","title":{"rendered":"Cump\u0103ra\u021bi APAAN online (alfa-fenilacetoacetonitril)"},"content":{"rendered":"<p>Achizi\u021biona\u021bi APAAN de la o farmacie online de renume.<\/p>\n<p>APAAN, num\u0103rul de \u00eenregistrare CAS 4468-48-8, este o pulbere cristalin\u0103, de culoare de la alb la galben deschis, care este sintetizat\u0103 din benzilcianura.<\/p>\n<p>Ce este APAAN (Alfa-Fenilacetoacetonitril)?<\/p>\n<p>Alfa-Fenilacetoacetonitril este o substan\u021b\u0103 chimic\u0103 cu num\u0103rul CAS 4468-48-8, pe care Legea Substan\u021belor Controlate o clasific\u0103 drept substan\u021b\u0103 din lista I (CSA). S-a descoperit c\u0103 este folosit \u00een laboratoarele chimice clandestine pentru a produce ilegal o substan\u021b\u0103 restric\u021bionat\u0103 din lista II cunoscut\u0103 sub numele de fenil-2-propanon\u0103 sau P2P), metamfetamina \u0219i amfetamina. Drept urmare, DEA a solicitat ca aceasta s\u0103 fie clasificat\u0103 ca substan\u021b\u0103 controlat\u0103.<\/p>\n<p>Orice amestec chimic care con\u021bine alfa-fenilacetoacetonitril este reglementat de CSA, cu excep\u021bia unor circumstan\u021be limitate.<\/p>\n<p>Ce sunt unele sinonime de alfa fenilacetoacetonitril?<\/p>\n<p>\u00cen plus, alfa fenilacetoacetonitril este denumit\u0103 prin urm\u0103toarele denumiri:<\/p>\n<p>NSC 11777 NSC 25183 NSC 55206 APAAN 2-fenilacetoacetonitril<br \/> Care sunt multele tipuri de alfa fenilacetoacetonitril disponibile?<\/p>\n<p>Aceast\u0103 substan\u021b\u0103 chimic\u0103 este accesibil\u0103 sub form\u0103 de pulbere, galben\u0103, maro sau alb\u0103, precum \u0219i \u00een forme cristaline cu o nuan\u021b\u0103 slab\u0103 de galben pai.<\/p>\n<p>Cum pot. cump\u0103r\u0103 Alpha Phenylacetoacetonitril?<\/p>\n<p>Alpha Phenylacetoacetonitril este disponibil pentru cump\u0103rare prin intermediul magazinului nostru online. Substan\u021ba noastr\u0103 chimic\u0103 este extrem de pur\u0103. Nu numai asta, dar \u00eel vei primi \u0219i de la noi la un pre\u021b semnificativ mai mic dec\u00e2t majoritatea celorlal\u021bi furnizori de pe pia\u021b\u0103. Un alt stimulent conving\u0103tor pentru a face cump\u0103r\u0103turi la magazinul nostru online este c\u0103 \u00eel distribuim \u00een mod discret \u0219i \u00een siguran\u021b\u0103 clien\u021bilor no\u0219tri din multe locuri din lume prin intermediul partenerilor no\u0219tri de curierat de \u00eencredere.<\/p>\n<p>Ce calit\u0103\u021bi are Alpha Phenylacetoacetonitril?<br \/> Urm\u0103toarele sunt caracteristicile specifice ale acestei substan\u021be chimice:<\/p>\n<p>Utiliza\u021bi un tabel pentru aceast\u0103 parte (punctul de topire, punctul de fierbere, densitatea, num\u0103rul CAS, puritatea \u0219i greutatea molecular\u0103, de exemplu).<\/p>\n<p>Ce aplica\u021bii are alfa fenilacetoacetonitril?<\/p>\n<p>Alfa fenilacetoacetonitril nu are nicio utilizare autorizat\u0103 dec\u00e2t \u00een \u200b\u200bscopuri de cercetare \u0219i dezvoltare, precum \u0219i \u00een scopuri analitice \u00een laboratoare.<\/p>\n<p>C\u00e2\u021biva furnizori cunoscu\u021bi de aceast\u0103 substan\u021b\u0103 chimic\u0103 include urm\u0103toarele:<br \/> Urm\u0103toarea este o list\u0103 a furnizorilor de alfa fenilacetoacetonitril:<br \/> Aurum Pharmatech LLC Activate Scientific<br \/> Heterocyclics Research Chemicals and Building Blocks MolPort<br \/> Cercetare \u0219i dezvoltare chimic\u0103 de c\u0103tre Lupi<br \/> AK Scienti fic, Inc. (AKSCI) Alfa Chemistry Oakwood Products<br \/> APIChem Technology Vitas-M Laboratory LabNetwork, o companie WuXi AppTec Chemieliva Pharmaceutical Co., Ltd Hangzhou APIChem Technology Vitas-M Laboratory<br \/> Cum se sintetizeaz\u0103 Alpha Phenylacetoacetonitril sau preparat?<\/p>\n<p>60 g de sodiu pur cu o mas\u0103 de 2,6 grame de atomi se combin\u0103 cu 700cc de alcool absolut. O solu\u021bie de etoxid de sodiu este preparat\u0103 folosind aceast\u0103 metod\u0103 \u00eentr-un balon cu fund rotund 2-1 prev\u0103zut cu un condensator de reflux. La aceast\u0103 solu\u021bie \u00eenc\u0103lzit\u0103, se adaug\u0103 234 g sau 2 moli de cianur\u0103 de benzii pur\u0103 \u0219i 264 g sau 3 moli de acetat de etil uscat \u0219i se agit\u0103 corespunz\u0103tor. Condensatorul este sigilat cu un tub de clorur\u0103 de calciu. Solu\u021bia este g\u0103tit\u0103 \u00eentr-o baie de aburi timp de dou\u0103 ore \u0219i apoi l\u0103sat\u0103 peste noapte. \u00cen diminea\u021ba urm\u0103toare, ve\u021bi observa c\u0103 s-au format cocoloa\u0219e \u00een amestec. Ca rezultat, se folose\u0219te o tij\u0103 de lemn pentru a amesteca lichidul, f\u0103c\u00e2nd bulg\u0103ri s\u0103 se sparg\u0103. Dup\u0103 aceea, se folose\u0219te un amestec de congelare pentru a-l r\u0103ci la o temperatur\u0103 de 10\u00b0. Temperatura este apoi men\u021binut\u0103 la acest nivel timp de dou\u0103 ore. Un 6-inch. Pentru colectarea s\u0103rii de sodiu se folose\u0219te p\u00e2lnia B\u00fcchner, care se cl\u0103te\u0219te de patru ori \u00een p\u00e2lnie cu 250-cc. p\u0103r\u021bi de eter. Ve\u021bi descoperi o pr\u0103jitur\u0103 cu filtru incolor echivalent cu 250\u2013275 g. de sare de sodiu uscat\u0103, sau 69\u201376% din cantitatea prev\u0103zut\u0103. Combina\u021bi filtratele \u0219i ad\u0103uga\u021bi-le la amestecul de congelare.<\/p>\n<p>La temperatura camerei, dizolva\u021bi sarea de sodiu care este \u00eenc\u0103 umed\u0103 cu eter \u00een 1,3 l de distilat. ap\u0103 \u0219i apoi se r\u0103ce\u0219te solu\u021bia la 0\u00b0. Precipita\u021bi nitrilul ad\u0103ug\u00e2nd u\u0219or 90 cc de acid acetic glacial \u0219i agita\u021bi puternic. Se separ\u0103 precipitatul prin filtrare prin aspira\u021bie \u0219i se spal\u0103 de patru ori \u00een 250 cc ap\u0103 folosind o p\u00e2lnie. Acum ar trebui s\u0103 ave\u021bi o pr\u0103jitur\u0103 umed\u0103 de -Fenilacetoacetonitril cu o greutate de 300 g (188-206 g). Este uscat \u00een propor\u021bie de 59\u201364% \u0219i are un punct de topire de 87\u201389\u00b0, care este potrivit pentru majoritatea aplica\u021biilor.<\/p>\n<p>Dac\u0103 se dore\u0219te recristalizarea substan\u021bei chimice brute, dizolva\u021bi turta umed\u0103 \u00een 100cc de fierbere alcool metilic. Se filtreaz\u0103 solu\u021bia \u0219i se r\u0103ce\u0219te la o temperatur\u0103 de 10\u00b0 prin amestecare. Se filtreaz\u0103 cu aspira\u021bie cristalele \u0219i se spal\u0103 o dat\u0103 cu 40cc de alcool metilic r\u0103cit la 10\u00b0. Produsul c\u00e2nt\u0103re\u0219te 173\u2013191 g (54%\u201360%) c\u00e2nd este uscat \u0219i are un punct de topire de 88,5\u201389,5\u00b0. \u00centr-un 5-1. balon, combina\u021bi filtratele \u0219i sp\u0103l\u0103rile de la separarea s\u0103rii de sodiu. \u00cel po\u021bi dilua cu ap\u0103 rece ca ghea\u021b\u0103 p\u00e2n\u0103 \u00een punctul \u00een care balonul este complet plin. Prin sifonare, \u00eendep\u0103rta\u021bi complet stratul inferior. O parte semnificativ\u0103 a eterului poate fi \u00eendep\u0103rtat\u0103 prin decantare, iar restul poate fi separat folosind o p\u00e2lnie de separare.<\/p>\n<p>Extrage\u021bi stratul apos de \u00eenc\u0103 dou\u0103 ori folosind 500 cc p\u0103r\u021bi de eter, apoi arunca\u021bi extractele eterice.<\/p>\n<p>La presiune redus\u0103, pute\u021bi \u00eendep\u0103rta orice eter r\u0103mas din stratul apos prin aspirarea aerului prin solu\u021bie timp de o or\u0103 folosind o pomp\u0103 de aspira\u021bie. Prin ad\u0103ugarea a 60cc de acid acetic glacial, se precipit\u0103 -Fenilacetoacetonitril.<\/p>\n<p>Dac\u0103 uleiul este aruncat, scufunda\u021bi balonul \u00eentr-o baie de ghea\u021b\u0103 p\u00e2n\u0103 c\u00e2nd precipitatul se cristalizeaz\u0103. Separa\u021bi cristalele prin filtrare prin aspira\u021bie \u0219i sp\u0103la\u021bi-le de patru ori \u00eentr-o p\u00e2lnie umplut\u0103 cu 50cc de ap\u0103. Materialul de culoare cafenie c\u00e2nt\u0103re\u0219te 50\u201355 g \u0219i are un punct de topire de 83\u201386\u00b0 c\u00e2nd este uscat. Se dizolv\u0103 apoi \u00een lichidele mam\u0103 de alcool metilic r\u0103mase de la cristalizarea lotului anterior. Solu\u021bia rezultat\u0103 este apoi \u00eenc\u0103lzit\u0103 \u00een prezen\u021ba unei urme de norit. Se filtreaz\u0103 \u0219i se r\u0103ce\u0219te la o temperatur\u0103 de 10\u00b0. Colecta\u021bi cristalele create cu un filtru \u0219i sp\u0103la\u021bi-le cu 10cc de alcool metilic rece, urmate de uscare. Apoi se ob\u021bine o substan\u021b\u0103 de 43\u201348 grame cu o culoare pai deschis \u0219i un punct de topire de 87\u201389\u00b0. Se recristalizeaz\u0103 dintr-o solu\u021bie de 25cc alcool metilic pur \u0219i 10cc alcool metilic rece. Se produce un material de 37\u201341 g cu un punct de topire de 88,5\u201389,5\u00b0. Rezult\u0103 un material total de aceast\u0103 puritate c\u00e2nt\u0103rind \u00eentre 210 \u0219i 232 g, sau 66\u201373 la sut\u0103 din cantitatea teoretic\u0103.<\/p>\n<p>Ce calit\u0103\u021bi are alfa fenilacetoacetonitril?<\/p>\n<p>Urmtoarele sunt caracteristicile specifice ale acestei substan\u021be chimice:<\/p>\n<p>Greutate molecular\u0103: 159,188 g\/mol Masa exact\u0103: 159,068 g\/mol CAS: 4468-48-8<br \/> Puritate 99,8%<br \/> C\u00e2t cost\u0103 Alpha Costul fenilacetoacetonitril?<\/p>\n<p>Costul acestei substan\u021be chimice variaz\u0103 \u00een func\u021bie de furnizor. Pre\u021bul real este determinat de reducerea acordat\u0103 de un retailer online \u0219i de cantitatea de substan\u021b\u0103 chimic\u0103 achizi\u021bionat\u0103. V\u0103 putem asigura c\u0103 \u00eel ve\u021bi g\u0103si la cel mai bun pre\u021b de pe pia\u021b\u0103 \u00een magazinul nostru. \u00cen plus, garant\u0103m calitatea produsului \u0219i livrarea rapid\u0103 la domiciliu.<\/p>\n<p>Cum este clasificat legal alfa fenilacetoacetonitril?<\/p>\n<p>Datorit\u0103 faptului c\u0103 alfa fenilacetoacetonitril este o substan\u021b\u0103 chimic\u0103 din Lista I, toate tranzac\u021biile care o implic\u0103, indiferent de cantitatea lor, sunt controlate.<\/p>\n<p>Produc\u0103torii de amestecuri care con\u021bin aceast\u0103 substan\u021b\u0103 chimic\u0103 care nu se calific\u0103 pentru scutire automat\u0103 trebuie s\u0103 depun\u0103 o cerere de scutire, deoarece toate amestecurile chimice care \u00eel includ la orice concentra\u021bie sunt reglementate. <\/p>\n<p>Care sunt avertismentele asociate cu aceast\u0103 substan\u021b\u0103 chimic\u0103 pe care trebuie s\u0103 le respecta\u021bi?<\/p>\n<p>Trebuie s\u0103 ave\u021bi grij\u0103 pentru a v\u0103 proteja siguran\u021ba atunci c\u00e2nd manipula\u021bi aceast\u0103 substan\u021b\u0103. Urm\u0103toarele sunt avertismentele \u0219i precau\u021biile:<\/p>\n<p>Dac\u0103 este consumat\u0103 pe cale oral\u0103, aceast\u0103 substan\u021b\u0103 chimic\u0103 este extrem de periculoas\u0103. Prin urmare, evita\u021bi-l cu orice pre\u021b.<br \/> Deoarece este periculos dac\u0103 intr\u0103 \u00een contact cu carnea, trebuie s\u0103 le manipula\u021bi cu precau\u021bie extrem\u0103 \u0219i s\u0103 purta\u021bi m\u0103nu\u0219i pentru a v\u0103 proteja pielea.<br \/> Ve\u021bi experimenta\u021bi irita\u021bii ale pielii \u0219i chiar se poate coroda, a\u0219a c\u0103 evita\u021bi atingerea str\u00e2ns\u0103.<br \/> Deoarece se \u0219tie c\u0103 substan\u021ba chimic\u0103 provoac\u0103 irita\u021bii severe \u0219i leziuni ale ochilor, este esen\u021bial s\u0103 folosi\u021bi ochelari de protec\u021bie care s\u0103 acopere complet ochii, prevenind astfel contactul accidental. cu ochii.<br \/> Sa constatat c\u0103 este extrem de periculos atunci c\u00e2nd este inhalat. Astfel, fa\u021ba trebuie acoperit\u0103 pentru a preveni inhalarea accidental\u0103 a substan\u021bei chimice \u00een timpul cercet\u0103rii, dezvolt\u0103rii sau analizei.<br \/> Medicamentul este suficient de puternic pentru a produce disconfort respirator. Chiar \u0219i o singur\u0103 expunere la acesta poate produce toxicitate pentru organul \u021bint\u0103. Este posibil\u0103 o inflama\u021bie sever\u0103, \u00een special la nivelul tractului respirator.<\/p>\n<p>Achizi\u021biona\u021bi APAAN online | Cump\u0103ra\u021bi APAAN de v\u00e2nzare | Cump\u0103ra\u021bi APAAN Online | Achizi\u021biona\u021bi APAAN online (SUA, CHINA, Marea Britanie, \u00ceN TOATE LUME)<\/p>\n","protected":false},"excerpt":{"rendered":"<p>Cump\u0103ra\u021bi APAAN (alfa-fenilacetoacetonitril) de v\u00e2nzare \u00een Europa, Marea Britanie online, f\u0103r\u0103 prescrip\u021bie medical\u0103. Comanda\u021bi APAAN (alfa-fenilacetoacetonitril) online.<\/p>\n<p>APAAN (alfa-fenilacetoacetonitril) este un standard de referin\u021b\u0103 analitic cu o similaritate structural\u0103 cu amfetamina.<\/p>\n<p>-acetilbenzenacetonitril<\/p>\n<p> 4468-48-8 Nr. CAS<\/p>\n<p>Sinonime:APAAN,2-fenilacetoacetonitril<\/p>\n<p>Formula molecular\u0103:C10H9NO<\/p>\n<p>Greutatea formulei:159,2<\/p>\n<p>Puritate:\u226598%<\/p>\n<p>Formulare:un solid cristalin<\/p>\n<p>\u03bbmax:264 nm<\/p>\n<p>Depozitare:-20\u00b0C<\/p>\n<p>Stabilitate :\u2265 2 ani<\/p>\n","protected":false},"featured_media":5916,"comment_status":"open","ping_status":"closed","template":"","meta":[],"product_brand":[],"product_cat":[703],"product_tag":[],"class_list":{"0":"post-5890","1":"product","2":"type-product","3":"status-publish","4":"has-post-thumbnail","6":"product_cat-cumpr-medicamente-psihedelice","8":"first","9":"instock","10":"shipping-taxable","11":"purchasable","12":"product-type-variable"},"yoast_head":"<!-- This site is optimized with the Yoast SEO plugin v27.3 - https:\/\/yoast.com\/product\/yoast-seo-wordpress\/ -->\n<title>Cump\u0103ra\u021bi APAAN online (Alfa-Fenilacetoacetonitril) - Cele mai bune medicamente globale<\/title>\n<meta name=\"description\" content=\"Cump\u0103ra\u021bi APAAN (alfa-fenilacetoacetonitril) de v\u00e2nzare \u00een Europa, Marea Britanie online, f\u0103r\u0103 prescrip\u021bie medical\u0103. Comanda online APAAN (alfa-fenilacetoacetonitril).\" \/>\n<meta name=\"robots\" content=\"index, follow, max-snippet:-1, max-image-preview:large, max-video-preview:-1\" \/>\n<link rel=\"canonical\" href=\"https:\/\/medicinasinc.com\/ro\/product\/cumpara-apaan-online-alfa-fenilacetoacetonitril\/\" \/>\n<meta property=\"og:locale\" content=\"en_US\" \/>\n<meta property=\"og:type\" content=\"article\" \/>\n<meta property=\"og:title\" content=\"Cump\u0103ra\u021bi APAAN online (Alfa-Fenilacetoacetonitril) - Cele mai bune medicamente globale\" \/>\n<meta property=\"og:description\" content=\"Cump\u0103ra\u021bi APAAN (alfa-fenilacetoacetonitril) de v\u00e2nzare \u00een Europa, Marea Britanie online, f\u0103r\u0103 prescrip\u021bie medical\u0103. Comanda online APAAN (alfa-fenilacetoacetonitril).\" \/>\n<meta property=\"og:url\" content=\"https:\/\/medicinasinc.com\/ro\/product\/cumpara-apaan-online-alfa-fenilacetoacetonitril\/\" \/>\n<meta property=\"og:site_name\" content=\"Medicinas Inc\" \/>\n<meta property=\"article:modified_time\" content=\"2022-03-22T00:45:56+00:00\" \/>\n<meta property=\"og:image\" content=\"https:\/\/medicinasinc.com\/ro\/wp-content\/uploads\/sites\/11\/2022\/02\/buy-apaan-alpha-phenylacetoacetonitrile.jpg\" \/>\n\t<meta property=\"og:image:width\" content=\"600\" \/>\n\t<meta property=\"og:image:height\" content=\"600\" \/>\n\t<meta property=\"og:image:type\" content=\"image\/jpeg\" \/>\n<meta name=\"twitter:card\" content=\"summary_large_image\" \/>\n<meta name=\"twitter:label1\" content=\"Est. reading time\" \/>\n\t<meta name=\"twitter:data1\" content=\"6 minutes\" \/>\n<script type=\"application\/ld+json\" class=\"yoast-schema-graph\">{\"@context\":\"https:\\\/\\\/schema.org\",\"@graph\":[{\"@type\":\"WebPage\",\"@id\":\"https:\\\/\\\/medicinasinc.com\\\/ro\\\/product\\\/cumpara-apaan-online-alfa-fenilacetoacetonitril\\\/\",\"url\":\"https:\\\/\\\/medicinasinc.com\\\/ro\\\/product\\\/cumpara-apaan-online-alfa-fenilacetoacetonitril\\\/\",\"name\":\"Cump\u0103ra\u021bi APAAN online (Alfa-Fenilacetoacetonitril) - Cele mai bune medicamente globale\",\"isPartOf\":{\"@id\":\"https:\\\/\\\/medicinasinc.com\\\/ro\\\/#website\"},\"primaryImageOfPage\":{\"@id\":\"https:\\\/\\\/medicinasinc.com\\\/ro\\\/product\\\/cumpara-apaan-online-alfa-fenilacetoacetonitril\\\/#primaryimage\"},\"image\":{\"@id\":\"https:\\\/\\\/medicinasinc.com\\\/ro\\\/product\\\/cumpara-apaan-online-alfa-fenilacetoacetonitril\\\/#primaryimage\"},\"thumbnailUrl\":\"https:\\\/\\\/medicinasinc.com\\\/ro\\\/wp-content\\\/uploads\\\/sites\\\/11\\\/2022\\\/02\\\/buy-apaan-alpha-phenylacetoacetonitrile.jpg\",\"datePublished\":\"2022-02-22T08:03:24+00:00\",\"dateModified\":\"2022-03-22T00:45:56+00:00\",\"description\":\"Cump\u0103ra\u021bi APAAN (alfa-fenilacetoacetonitril) de v\u00e2nzare \u00een Europa, Marea Britanie online, f\u0103r\u0103 prescrip\u021bie medical\u0103. Comanda online APAAN (alfa-fenilacetoacetonitril).\",\"breadcrumb\":{\"@id\":\"https:\\\/\\\/medicinasinc.com\\\/ro\\\/product\\\/cumpara-apaan-online-alfa-fenilacetoacetonitril\\\/#breadcrumb\"},\"inLanguage\":\"en-US\",\"potentialAction\":[{\"@type\":\"ReadAction\",\"target\":[\"https:\\\/\\\/medicinasinc.com\\\/ro\\\/product\\\/cumpara-apaan-online-alfa-fenilacetoacetonitril\\\/\"]}]},{\"@type\":\"ImageObject\",\"inLanguage\":\"en-US\",\"@id\":\"https:\\\/\\\/medicinasinc.com\\\/ro\\\/product\\\/cumpara-apaan-online-alfa-fenilacetoacetonitril\\\/#primaryimage\",\"url\":\"https:\\\/\\\/medicinasinc.com\\\/ro\\\/wp-content\\\/uploads\\\/sites\\\/11\\\/2022\\\/02\\\/buy-apaan-alpha-phenylacetoacetonitrile.jpg\",\"contentUrl\":\"https:\\\/\\\/medicinasinc.com\\\/ro\\\/wp-content\\\/uploads\\\/sites\\\/11\\\/2022\\\/02\\\/buy-apaan-alpha-phenylacetoacetonitrile.jpg\",\"width\":600,\"height\":600},{\"@type\":\"BreadcrumbList\",\"@id\":\"https:\\\/\\\/medicinasinc.com\\\/ro\\\/product\\\/cumpara-apaan-online-alfa-fenilacetoacetonitril\\\/#breadcrumb\",\"itemListElement\":[{\"@type\":\"ListItem\",\"position\":1,\"name\":\"Magazin\",\"item\":\"https:\\\/\\\/medicinasinc.com\\\/ro\\\/magazin\\\/\"},{\"@type\":\"ListItem\",\"position\":2,\"name\":\"Cump\u0103ra\u021bi APAAN online (alfa-fenilacetoacetonitril)\"}]},{\"@type\":\"WebSite\",\"@id\":\"https:\\\/\\\/medicinasinc.com\\\/ro\\\/#website\",\"url\":\"https:\\\/\\\/medicinasinc.com\\\/ro\\\/\",\"name\":\"Medicinas Inc\",\"description\":\"Health Medical Clinic\",\"potentialAction\":[{\"@type\":\"SearchAction\",\"target\":{\"@type\":\"EntryPoint\",\"urlTemplate\":\"https:\\\/\\\/medicinasinc.com\\\/ro\\\/?s={search_term_string}\"},\"query-input\":{\"@type\":\"PropertyValueSpecification\",\"valueRequired\":true,\"valueName\":\"search_term_string\"}}],\"inLanguage\":\"en-US\"}]}<\/script>\n<!-- \/ Yoast SEO plugin. -->","yoast_head_json":{"title":"Cump\u0103ra\u021bi APAAN online (Alfa-Fenilacetoacetonitril) - Cele mai bune medicamente globale","description":"Cump\u0103ra\u021bi APAAN (alfa-fenilacetoacetonitril) de v\u00e2nzare \u00een Europa, Marea Britanie online, f\u0103r\u0103 prescrip\u021bie medical\u0103. Comanda online APAAN (alfa-fenilacetoacetonitril).","robots":{"index":"index","follow":"follow","max-snippet":"max-snippet:-1","max-image-preview":"max-image-preview:large","max-video-preview":"max-video-preview:-1"},"canonical":"https:\/\/medicinasinc.com\/ro\/product\/cumpara-apaan-online-alfa-fenilacetoacetonitril\/","og_locale":"en_US","og_type":"article","og_title":"Cump\u0103ra\u021bi APAAN online (Alfa-Fenilacetoacetonitril) - Cele mai bune medicamente globale","og_description":"Cump\u0103ra\u021bi APAAN (alfa-fenilacetoacetonitril) de v\u00e2nzare \u00een Europa, Marea Britanie online, f\u0103r\u0103 prescrip\u021bie medical\u0103. Comanda online APAAN (alfa-fenilacetoacetonitril).","og_url":"https:\/\/medicinasinc.com\/ro\/product\/cumpara-apaan-online-alfa-fenilacetoacetonitril\/","og_site_name":"Medicinas Inc","article_modified_time":"2022-03-22T00:45:56+00:00","og_image":[{"width":600,"height":600,"url":"https:\/\/medicinasinc.com\/ro\/wp-content\/uploads\/sites\/11\/2022\/02\/buy-apaan-alpha-phenylacetoacetonitrile.jpg","type":"image\/jpeg"}],"twitter_card":"summary_large_image","twitter_misc":{"Est. reading time":"6 minutes"},"schema":{"@context":"https:\/\/schema.org","@graph":[{"@type":"WebPage","@id":"https:\/\/medicinasinc.com\/ro\/product\/cumpara-apaan-online-alfa-fenilacetoacetonitril\/","url":"https:\/\/medicinasinc.com\/ro\/product\/cumpara-apaan-online-alfa-fenilacetoacetonitril\/","name":"Cump\u0103ra\u021bi APAAN online (Alfa-Fenilacetoacetonitril) - Cele mai bune medicamente globale","isPartOf":{"@id":"https:\/\/medicinasinc.com\/ro\/#website"},"primaryImageOfPage":{"@id":"https:\/\/medicinasinc.com\/ro\/product\/cumpara-apaan-online-alfa-fenilacetoacetonitril\/#primaryimage"},"image":{"@id":"https:\/\/medicinasinc.com\/ro\/product\/cumpara-apaan-online-alfa-fenilacetoacetonitril\/#primaryimage"},"thumbnailUrl":"https:\/\/medicinasinc.com\/ro\/wp-content\/uploads\/sites\/11\/2022\/02\/buy-apaan-alpha-phenylacetoacetonitrile.jpg","datePublished":"2022-02-22T08:03:24+00:00","dateModified":"2022-03-22T00:45:56+00:00","description":"Cump\u0103ra\u021bi APAAN (alfa-fenilacetoacetonitril) de v\u00e2nzare \u00een Europa, Marea Britanie online, f\u0103r\u0103 prescrip\u021bie medical\u0103. Comanda online APAAN (alfa-fenilacetoacetonitril).","breadcrumb":{"@id":"https:\/\/medicinasinc.com\/ro\/product\/cumpara-apaan-online-alfa-fenilacetoacetonitril\/#breadcrumb"},"inLanguage":"en-US","potentialAction":[{"@type":"ReadAction","target":["https:\/\/medicinasinc.com\/ro\/product\/cumpara-apaan-online-alfa-fenilacetoacetonitril\/"]}]},{"@type":"ImageObject","inLanguage":"en-US","@id":"https:\/\/medicinasinc.com\/ro\/product\/cumpara-apaan-online-alfa-fenilacetoacetonitril\/#primaryimage","url":"https:\/\/medicinasinc.com\/ro\/wp-content\/uploads\/sites\/11\/2022\/02\/buy-apaan-alpha-phenylacetoacetonitrile.jpg","contentUrl":"https:\/\/medicinasinc.com\/ro\/wp-content\/uploads\/sites\/11\/2022\/02\/buy-apaan-alpha-phenylacetoacetonitrile.jpg","width":600,"height":600},{"@type":"BreadcrumbList","@id":"https:\/\/medicinasinc.com\/ro\/product\/cumpara-apaan-online-alfa-fenilacetoacetonitril\/#breadcrumb","itemListElement":[{"@type":"ListItem","position":1,"name":"Magazin","item":"https:\/\/medicinasinc.com\/ro\/magazin\/"},{"@type":"ListItem","position":2,"name":"Cump\u0103ra\u021bi APAAN online (alfa-fenilacetoacetonitril)"}]},{"@type":"WebSite","@id":"https:\/\/medicinasinc.com\/ro\/#website","url":"https:\/\/medicinasinc.com\/ro\/","name":"Medicinas Inc","description":"Health Medical Clinic","potentialAction":[{"@type":"SearchAction","target":{"@type":"EntryPoint","urlTemplate":"https:\/\/medicinasinc.com\/ro\/?s={search_term_string}"},"query-input":{"@type":"PropertyValueSpecification","valueRequired":true,"valueName":"search_term_string"}}],"inLanguage":"en-US"}]}},"_links":{"self":[{"href":"https:\/\/medicinasinc.com\/ro\/wp-json\/wp\/v2\/product\/5890","targetHints":{"allow":["GET"]}}],"collection":[{"href":"https:\/\/medicinasinc.com\/ro\/wp-json\/wp\/v2\/product"}],"about":[{"href":"https:\/\/medicinasinc.com\/ro\/wp-json\/wp\/v2\/types\/product"}],"replies":[{"embeddable":true,"href":"https:\/\/medicinasinc.com\/ro\/wp-json\/wp\/v2\/comments?post=5890"}],"wp:featuredmedia":[{"embeddable":true,"href":"https:\/\/medicinasinc.com\/ro\/wp-json\/wp\/v2\/media\/5916"}],"wp:attachment":[{"href":"https:\/\/medicinasinc.com\/ro\/wp-json\/wp\/v2\/media?parent=5890"}],"wp:term":[{"taxonomy":"product_brand","embeddable":true,"href":"https:\/\/medicinasinc.com\/ro\/wp-json\/wp\/v2\/product_brand?post=5890"},{"taxonomy":"product_cat","embeddable":true,"href":"https:\/\/medicinasinc.com\/ro\/wp-json\/wp\/v2\/product_cat?post=5890"},{"taxonomy":"product_tag","embeddable":true,"href":"https:\/\/medicinasinc.com\/ro\/wp-json\/wp\/v2\/product_tag?post=5890"}],"curies":[{"name":"wp","href":"https:\/\/api.w.org\/{rel}","templated":true}]}}