{"id":5881,"date":"2022-02-22T07:53:30","date_gmt":"2022-02-22T07:53:30","guid":{"rendered":"https:\/\/medicinasinc.com\/ro\/?post_type=product&#038;p=5881"},"modified":"2022-09-16T12:12:40","modified_gmt":"2022-09-16T12:12:40","slug":"cumpara-dilaudid-8-mg","status":"publish","type":"product","link":"https:\/\/medicinasinc.com\/ro\/product\/cumpara-dilaudid-8-mg\/","title":{"rendered":"Cump\u0103ra\u021bi Dilaudid 8 mg"},"content":{"rendered":"<p>Hidromorfona este un medicament opioid pentru durere care poate fi achizi\u021bionat online. Un opioid este ocazional denumit narcotic.<\/p>\n<p>Dilaudid 8 mg este un medicament pe baz\u0103 de prescrip\u021bie medical\u0103 utilizat pentru a trata durerea moderat\u0103 p\u00e2n\u0103 la sever\u0103.<\/p>\n<p>Acest medicament este disponibil \u00eentr-o formul\u0103 cu eliberare prelungit\u0103 pentru tratamentul durerii moderate p\u00e2n\u0103 la severe 24 de ore pe zi. Aceast\u0103 form\u0103 de dozare de Dilaudid 8 mg nu este destinat\u0103 utiliz\u0103rii necesare pentru durere.<\/p>\n<p>Hidromorfon\u0103 Dilaudid 8 mg poate fi utilizat\u0103 \u0219i pentru alte utiliz\u0103ri care nu sunt incluse \u00een acest ghid de medicamente.<\/p>\n<p>Ce este cea mai important\u0103 informa\u021bie pe care ar trebui s\u0103 o cunosc despre hidromorfon\u0103?<\/p>\n<p>Dac\u0103 ave\u021bi probleme respiratorii severe sau un blocaj \u00een stomac sau intestine, nu trebuie s\u0103 utiliza\u021bi hidromorfon\u0103.<\/p>\n<p>8 mg dilaudid Hydromorfon poate provoca oprirea rapid\u0103 sau complet\u0103 a respira\u021biei \u0219i poate fi dezvoltarea obiceiurilor. Pentru a evita o doz\u0103 poten\u021bial letal\u0103, lua\u021bi doar doza prescris\u0103 \u0219i \u00eenghi\u021bi\u021bi o pastil\u0103 cu eliberare prelungit\u0103 \u00eentreag\u0103. Nu administra\u021bi niciodat\u0103 unei alte persoane Dilaudid 8 mg.<\/p>\n<p>&nbsp;<\/p>\n<p>UTILIZAREA IMPROPRIETAt\u0103 A MEDICAMENTULUI NARCOTIC POATE AVOCA DECEP\u021aIA, SUPRDOZAREA SAU MOARTEA, \u00een special la copiii sau alte persoane care ob\u021bin medicamentul f\u0103r\u0103 o re\u021bet\u0103.<\/p>\n<p>Dac\u0103 mama a luat Dilaudid 8 mg \u00een timpul sarcinii, nou-n\u0103scutul poate prezenta simptome de sevraj care \u00eei pun via\u021ba \u00een pericol.<\/p>\n<p>Nu consuma\u021bi b\u0103uturi alcoolice.<\/p>\n<p>Acolo. este o posibilitate de efecte adverse periculoase, inclusiv deces.<\/p>\n<p>Ce ar trebui s\u0103 discut cu medicul meu \u00eenainte de a \u00eencepe tratamentul cu hidromorfon\u0103?<\/p>\n<p>Nu trebuie s\u0103 lua\u021bi acest medicament dac\u0103 a\u021bi luat vreodat\u0103 un r\u0103spuns advers la hidromorfon\u0103 sau la orice alt medicament narcotic sau dac\u0103 ave\u021bi oricare dintre urm\u0103toarele afec\u021biuni:<\/p>\n<p>astm bron\u0219ic sever sau dificult\u0103\u021bi de respira\u021bie; un blocaj \u00een stomac sau intestine; sau ileus paralitic, o obstruc\u021bie intestinal\u0103.<\/p>\n<p>Dac\u0103 a\u021bi utilizat un inhibitor MAO \u00een ultimele 14 zile, nu lua\u021bi Dilaudid 8 mg hidromorfon\u0103. Poate ap\u0103rea o interac\u021biune medicamentoas\u0103 poten\u021bial d\u0103un\u0103toare. Izocarboxazida, linezolid, injec\u021bia cu albastru de metilen, fenelzina, rasagilina, selegilina \u0219i tranilcipromina sunt to\u021bi inhibitori de MAO.<\/p>\n<p>Anumite medicamente pot interac\u021biona cu hidromorfona, duc\u00e2nd la o boal\u0103 poten\u021bial fatal\u0103 numit\u0103 sindrom serotoninergic. Asigura\u021bi-v\u0103 c\u0103 medicul dumneavoastr\u0103 cunoa\u0219te orice medicamente pe care le lua\u021bi pentru depresie, boli mintale, boala Parkinson, migrene, infec\u021bii grave sau prevenirea grea\u021bei \u0219i v\u0103rs\u0103turilor. Consulta\u021bi-v\u0103 medicul \u00eenainte de a face orice modific\u0103ri ale modului sau frecven\u021bei cu care v\u0103 lua\u021bi medicamentele.<\/p>\n<p>Este posibil s\u0103 nu pute\u021bi lua Dilaudid 8 mg hidromorfon\u0103 dac\u0103 nu utiliza\u021bi \u00een prezent un medicament opioid (narcotic) pentru durere \u0219i sunt toleran\u021bi cu aceasta. Consulta\u021bi-v\u0103 medicul dac\u0103 nu sunte\u021bi sigur dac\u0103 sunte\u021bi tolerant la opioide.<\/p>\n<p>Pentru a v\u0103 asigura c\u0103 hidromorfona este sigur\u0103 pentru dvs., informa\u021bi medicul dac\u0103 ave\u021bi oricare dintre urm\u0103toarele:<\/p>\n<p>orice tip de dificult\u0103\u021bi de respira\u021bie sau boli pulmonare; antecedente de como\u021bie cerebral\u0103, tumor\u0103 cerebral\u0103 sau convulsii; antecedente de abuz de substan\u021be, alcoolism sau boli mintale; probleme de urinare; boal\u0103 hepatic\u0103 sau renal\u0103; alergie la sulfi\u021bi; boala Addison sau alte tulbur\u0103ri ale glandelor suprarenale; probleme cu vezica biliar\u0103, pancreasul sau tiroida; sau dac\u0103 lua\u021bi un sedativ precum Valium (diazepam, alprazolam, lorazepam, Ativan, Klonopin, Restoril, Tranxene, Versed, Xanax \u0219i altele).<\/p>\n","protected":false},"excerpt":{"rendered":"<p>Cump\u0103ra\u021bi dilaudid 8 mg pentru v\u00e2nzare \u00een Marea Britanie, Europa, SUA \u00een magazinul nostru online bestglobalmeds.com cu livrare rapid\u0103 \u00een \u00eentreaga lume! Cel mai bun Dilaudid 8 mg pentru comanda \u00eel ve\u021bi g\u0103si aici!<\/p>\n<p><b>Dilaudid 8 mg Hidromorfon\u0103 v\u0103 poate \u00eencetini sau opri respira\u021bia \u0219i poate crea obiceiuri.<\/b>\u00a0Folosi\u021bi numai doza prescris\u0103, \u0219i \u00eenghi\u021bi\u021bi o pastil\u0103 cu eliberare prelungit\u0103 \u00eentreag\u0103 pentru a evita o doz\u0103 poten\u021bial fatal\u0103. Nu \u00eemp\u0103rt\u0103\u0219i\u021bi niciodat\u0103 Dilaudid 8 mg cu o alt\u0103 persoan\u0103.<\/p>\n","protected":false},"featured_media":5909,"comment_status":"open","ping_status":"closed","template":"","meta":[],"product_brand":[],"product_cat":[1117],"product_tag":[4038,4041,4040,4042,4044,4039,4043],"class_list":{"0":"post-5881","1":"product","2":"type-product","3":"status-publish","4":"has-post-thumbnail","6":"product_cat-cumparati-pastile-pentru-durere-somn-sex","7":"product_tag-buy-dilaudid-8-mg-online","8":"product_tag-comanda-dilaudid-8-mg-online","9":"product_tag-cum-se-cumpr-dilaudid-8-mg-online","10":"product_tag-cumpara-dilaudid-8-mg-online","11":"product_tag-unde-s-cumprm-dilaudid-8-mg-online","12":"product_tag-dilaudid-8-mg-de-vnzare","13":"product_tag-the-bets-place-to-buy-dilaudid-8-mg-online","15":"first","16":"instock","17":"shipping-taxable","18":"purchasable","19":"product-type-variable"},"yoast_head":"<!-- This site is optimized with the Yoast SEO plugin v27.3 - https:\/\/yoast.com\/product\/yoast-seo-wordpress\/ -->\n<title>Cump\u0103ra\u021bi Dilaudid 8 mg - Best Global Medicina<\/title>\n<meta name=\"description\" content=\"Cump\u0103ra\u021bi dilaudid 8 mg pentru v\u00e2nzare \u00een Marea Britanie, Europa, SUA \u00een magazinul nostru online bestglobalmeds.com cu livrare rapid\u0103 \u00een \u00eentreaga lume! Cel mai bun Dilaudid 8 mg pentru comanda il gasesti aici!\" \/>\n<meta name=\"robots\" content=\"index, follow, max-snippet:-1, max-image-preview:large, max-video-preview:-1\" \/>\n<link rel=\"canonical\" href=\"https:\/\/medicinasinc.com\/ro\/product\/cumpara-dilaudid-8-mg\/\" \/>\n<meta property=\"og:locale\" content=\"en_US\" \/>\n<meta property=\"og:type\" content=\"article\" \/>\n<meta property=\"og:title\" content=\"Cump\u0103ra\u021bi Dilaudid 8 mg - Best Global Medicina\" \/>\n<meta property=\"og:description\" content=\"Cump\u0103ra\u021bi dilaudid 8 mg pentru v\u00e2nzare \u00een Marea Britanie, Europa, SUA \u00een magazinul nostru online bestglobalmeds.com cu livrare rapid\u0103 \u00een \u00eentreaga lume! Cel mai bun Dilaudid 8 mg pentru comanda il gasesti aici!\" \/>\n<meta property=\"og:url\" content=\"https:\/\/medicinasinc.com\/ro\/product\/cumpara-dilaudid-8-mg\/\" \/>\n<meta property=\"og:site_name\" content=\"Medicinas Inc\" \/>\n<meta property=\"article:modified_time\" content=\"2022-09-16T12:12:40+00:00\" \/>\n<meta property=\"og:image\" content=\"https:\/\/medicinasinc.com\/ro\/wp-content\/uploads\/sites\/11\/2022\/02\/Dilaudid-8-mg.jpg\" \/>\n\t<meta property=\"og:image:width\" content=\"300\" \/>\n\t<meta property=\"og:image:height\" content=\"300\" \/>\n\t<meta property=\"og:image:type\" content=\"image\/jpeg\" \/>\n<meta name=\"twitter:card\" content=\"summary_large_image\" \/>\n<meta name=\"twitter:label1\" content=\"Est. reading time\" \/>\n\t<meta name=\"twitter:data1\" content=\"3 minutes\" \/>\n<script type=\"application\/ld+json\" class=\"yoast-schema-graph\">{\"@context\":\"https:\\\/\\\/schema.org\",\"@graph\":[{\"@type\":\"WebPage\",\"@id\":\"https:\\\/\\\/medicinasinc.com\\\/ro\\\/product\\\/cumpara-dilaudid-8-mg\\\/\",\"url\":\"https:\\\/\\\/medicinasinc.com\\\/ro\\\/product\\\/cumpara-dilaudid-8-mg\\\/\",\"name\":\"Cump\u0103ra\u021bi Dilaudid 8 mg - Best Global Medicina\",\"isPartOf\":{\"@id\":\"https:\\\/\\\/medicinasinc.com\\\/ro\\\/#website\"},\"primaryImageOfPage\":{\"@id\":\"https:\\\/\\\/medicinasinc.com\\\/ro\\\/product\\\/cumpara-dilaudid-8-mg\\\/#primaryimage\"},\"image\":{\"@id\":\"https:\\\/\\\/medicinasinc.com\\\/ro\\\/product\\\/cumpara-dilaudid-8-mg\\\/#primaryimage\"},\"thumbnailUrl\":\"https:\\\/\\\/medicinasinc.com\\\/ro\\\/wp-content\\\/uploads\\\/sites\\\/11\\\/2022\\\/02\\\/Dilaudid-8-mg.jpg\",\"datePublished\":\"2022-02-22T07:53:30+00:00\",\"dateModified\":\"2022-09-16T12:12:40+00:00\",\"description\":\"Cump\u0103ra\u021bi dilaudid 8 mg pentru v\u00e2nzare \u00een Marea Britanie, Europa, SUA \u00een magazinul nostru online bestglobalmeds.com cu livrare rapid\u0103 \u00een \u00eentreaga lume! Cel mai bun Dilaudid 8 mg pentru comanda il gasesti aici!\",\"breadcrumb\":{\"@id\":\"https:\\\/\\\/medicinasinc.com\\\/ro\\\/product\\\/cumpara-dilaudid-8-mg\\\/#breadcrumb\"},\"inLanguage\":\"en-US\",\"potentialAction\":[{\"@type\":\"ReadAction\",\"target\":[\"https:\\\/\\\/medicinasinc.com\\\/ro\\\/product\\\/cumpara-dilaudid-8-mg\\\/\"]}]},{\"@type\":\"ImageObject\",\"inLanguage\":\"en-US\",\"@id\":\"https:\\\/\\\/medicinasinc.com\\\/ro\\\/product\\\/cumpara-dilaudid-8-mg\\\/#primaryimage\",\"url\":\"https:\\\/\\\/medicinasinc.com\\\/ro\\\/wp-content\\\/uploads\\\/sites\\\/11\\\/2022\\\/02\\\/Dilaudid-8-mg.jpg\",\"contentUrl\":\"https:\\\/\\\/medicinasinc.com\\\/ro\\\/wp-content\\\/uploads\\\/sites\\\/11\\\/2022\\\/02\\\/Dilaudid-8-mg.jpg\",\"width\":300,\"height\":300},{\"@type\":\"BreadcrumbList\",\"@id\":\"https:\\\/\\\/medicinasinc.com\\\/ro\\\/product\\\/cumpara-dilaudid-8-mg\\\/#breadcrumb\",\"itemListElement\":[{\"@type\":\"ListItem\",\"position\":1,\"name\":\"Magazin\",\"item\":\"https:\\\/\\\/medicinasinc.com\\\/ro\\\/magazin\\\/\"},{\"@type\":\"ListItem\",\"position\":2,\"name\":\"Cump\u0103ra\u021bi Dilaudid 8 mg\"}]},{\"@type\":\"WebSite\",\"@id\":\"https:\\\/\\\/medicinasinc.com\\\/ro\\\/#website\",\"url\":\"https:\\\/\\\/medicinasinc.com\\\/ro\\\/\",\"name\":\"Medicinas Inc\",\"description\":\"Health Medical Clinic\",\"potentialAction\":[{\"@type\":\"SearchAction\",\"target\":{\"@type\":\"EntryPoint\",\"urlTemplate\":\"https:\\\/\\\/medicinasinc.com\\\/ro\\\/?s={search_term_string}\"},\"query-input\":{\"@type\":\"PropertyValueSpecification\",\"valueRequired\":true,\"valueName\":\"search_term_string\"}}],\"inLanguage\":\"en-US\"}]}<\/script>\n<!-- \/ Yoast SEO plugin. -->","yoast_head_json":{"title":"Cump\u0103ra\u021bi Dilaudid 8 mg - Best Global Medicina","description":"Cump\u0103ra\u021bi dilaudid 8 mg pentru v\u00e2nzare \u00een Marea Britanie, Europa, SUA \u00een magazinul nostru online bestglobalmeds.com cu livrare rapid\u0103 \u00een \u00eentreaga lume! Cel mai bun Dilaudid 8 mg pentru comanda il gasesti aici!","robots":{"index":"index","follow":"follow","max-snippet":"max-snippet:-1","max-image-preview":"max-image-preview:large","max-video-preview":"max-video-preview:-1"},"canonical":"https:\/\/medicinasinc.com\/ro\/product\/cumpara-dilaudid-8-mg\/","og_locale":"en_US","og_type":"article","og_title":"Cump\u0103ra\u021bi Dilaudid 8 mg - Best Global Medicina","og_description":"Cump\u0103ra\u021bi dilaudid 8 mg pentru v\u00e2nzare \u00een Marea Britanie, Europa, SUA \u00een magazinul nostru online bestglobalmeds.com cu livrare rapid\u0103 \u00een \u00eentreaga lume! Cel mai bun Dilaudid 8 mg pentru comanda il gasesti aici!","og_url":"https:\/\/medicinasinc.com\/ro\/product\/cumpara-dilaudid-8-mg\/","og_site_name":"Medicinas Inc","article_modified_time":"2022-09-16T12:12:40+00:00","og_image":[{"width":300,"height":300,"url":"https:\/\/medicinasinc.com\/ro\/wp-content\/uploads\/sites\/11\/2022\/02\/Dilaudid-8-mg.jpg","type":"image\/jpeg"}],"twitter_card":"summary_large_image","twitter_misc":{"Est. reading time":"3 minutes"},"schema":{"@context":"https:\/\/schema.org","@graph":[{"@type":"WebPage","@id":"https:\/\/medicinasinc.com\/ro\/product\/cumpara-dilaudid-8-mg\/","url":"https:\/\/medicinasinc.com\/ro\/product\/cumpara-dilaudid-8-mg\/","name":"Cump\u0103ra\u021bi Dilaudid 8 mg - Best Global Medicina","isPartOf":{"@id":"https:\/\/medicinasinc.com\/ro\/#website"},"primaryImageOfPage":{"@id":"https:\/\/medicinasinc.com\/ro\/product\/cumpara-dilaudid-8-mg\/#primaryimage"},"image":{"@id":"https:\/\/medicinasinc.com\/ro\/product\/cumpara-dilaudid-8-mg\/#primaryimage"},"thumbnailUrl":"https:\/\/medicinasinc.com\/ro\/wp-content\/uploads\/sites\/11\/2022\/02\/Dilaudid-8-mg.jpg","datePublished":"2022-02-22T07:53:30+00:00","dateModified":"2022-09-16T12:12:40+00:00","description":"Cump\u0103ra\u021bi dilaudid 8 mg pentru v\u00e2nzare \u00een Marea Britanie, Europa, SUA \u00een magazinul nostru online bestglobalmeds.com cu livrare rapid\u0103 \u00een \u00eentreaga lume! Cel mai bun Dilaudid 8 mg pentru comanda il gasesti aici!","breadcrumb":{"@id":"https:\/\/medicinasinc.com\/ro\/product\/cumpara-dilaudid-8-mg\/#breadcrumb"},"inLanguage":"en-US","potentialAction":[{"@type":"ReadAction","target":["https:\/\/medicinasinc.com\/ro\/product\/cumpara-dilaudid-8-mg\/"]}]},{"@type":"ImageObject","inLanguage":"en-US","@id":"https:\/\/medicinasinc.com\/ro\/product\/cumpara-dilaudid-8-mg\/#primaryimage","url":"https:\/\/medicinasinc.com\/ro\/wp-content\/uploads\/sites\/11\/2022\/02\/Dilaudid-8-mg.jpg","contentUrl":"https:\/\/medicinasinc.com\/ro\/wp-content\/uploads\/sites\/11\/2022\/02\/Dilaudid-8-mg.jpg","width":300,"height":300},{"@type":"BreadcrumbList","@id":"https:\/\/medicinasinc.com\/ro\/product\/cumpara-dilaudid-8-mg\/#breadcrumb","itemListElement":[{"@type":"ListItem","position":1,"name":"Magazin","item":"https:\/\/medicinasinc.com\/ro\/magazin\/"},{"@type":"ListItem","position":2,"name":"Cump\u0103ra\u021bi Dilaudid 8 mg"}]},{"@type":"WebSite","@id":"https:\/\/medicinasinc.com\/ro\/#website","url":"https:\/\/medicinasinc.com\/ro\/","name":"Medicinas Inc","description":"Health Medical Clinic","potentialAction":[{"@type":"SearchAction","target":{"@type":"EntryPoint","urlTemplate":"https:\/\/medicinasinc.com\/ro\/?s={search_term_string}"},"query-input":{"@type":"PropertyValueSpecification","valueRequired":true,"valueName":"search_term_string"}}],"inLanguage":"en-US"}]}},"_links":{"self":[{"href":"https:\/\/medicinasinc.com\/ro\/wp-json\/wp\/v2\/product\/5881","targetHints":{"allow":["GET"]}}],"collection":[{"href":"https:\/\/medicinasinc.com\/ro\/wp-json\/wp\/v2\/product"}],"about":[{"href":"https:\/\/medicinasinc.com\/ro\/wp-json\/wp\/v2\/types\/product"}],"replies":[{"embeddable":true,"href":"https:\/\/medicinasinc.com\/ro\/wp-json\/wp\/v2\/comments?post=5881"}],"wp:featuredmedia":[{"embeddable":true,"href":"https:\/\/medicinasinc.com\/ro\/wp-json\/wp\/v2\/media\/5909"}],"wp:attachment":[{"href":"https:\/\/medicinasinc.com\/ro\/wp-json\/wp\/v2\/media?parent=5881"}],"wp:term":[{"taxonomy":"product_brand","embeddable":true,"href":"https:\/\/medicinasinc.com\/ro\/wp-json\/wp\/v2\/product_brand?post=5881"},{"taxonomy":"product_cat","embeddable":true,"href":"https:\/\/medicinasinc.com\/ro\/wp-json\/wp\/v2\/product_cat?post=5881"},{"taxonomy":"product_tag","embeddable":true,"href":"https:\/\/medicinasinc.com\/ro\/wp-json\/wp\/v2\/product_tag?post=5881"}],"curies":[{"name":"wp","href":"https:\/\/api.w.org\/{rel}","templated":true}]}}