{"id":5875,"date":"2022-02-22T07:46:55","date_gmt":"2022-02-22T07:46:55","guid":{"rendered":"https:\/\/medicinasinc.com\/ro\/?post_type=product&#038;p=5875"},"modified":"2022-03-22T00:46:29","modified_gmt":"2022-03-22T00:46:29","slug":"cumpar-gamma-butirolactona","status":"publish","type":"product","link":"https:\/\/medicinasinc.com\/ro\/product\/cumpar-gamma-butirolactona\/","title":{"rendered":"Cump\u0103ra\u021bi Gamma-Butyrolacton\u0103"},"content":{"rendered":"<p>Gamma-butirolactona (-butirolactona sau GBL) este un lichid alb higroscopic cu un miros distinctiv slab, care este solubil \u00een ap\u0103. GBL este un solvent \u0219i reactiv utilizat pe scar\u0103 larg\u0103 \u00een chimie, precum \u0219i un agent de aromatizare, un solvent de cur\u0103\u021bare, un agent de \u00eendep\u0103rtare a lipiciului \u0219i un solvent \u00een unele condensatoare electrolitice umede din aluminiu.<\/p>\n<p>Achizi\u021biona\u021bi gama-butirolacton\u0103 (GBL) 1,0 mg\/ml \u00een standarde de referin\u021b\u0103 de acetonitril derivate din GHB \u0219i compu\u0219i similari. Achizi\u021bionabil online<\/p>\n<p>Gamma butirolacton\u0103 de v\u00e2nzare online, gbl (gamma-butirolacton\u0103) de v\u00e2nzare, gamma butirolacton\u0103 de v\u00e2nzare \u00een Marea Britanie, demachiant gamma butirolacton\u0103 de v\u00e2nzare<\/p>\n<p>Acesta func\u021bioneaz\u0103 ca un precursor al GHB la oameni \u0219i este folosit ca un intoxicant recrea\u021bional cu efecte comparabile cu alcoolul.<\/p>\n<p>GBL a fost detectat \u00een extracte din mostre de vin pur. Aceast\u0103 cercetare implic\u0103 faptul c\u0103 GBL apare \u00een mod natural \u00een unele vinuri \u0219i poate fi prezent \u00een produse comparabile. Concentra\u021bia descoperit\u0103 a fost de aproximativ 5 g\/mL, care a fost determinat\u0103 pur \u0219i simplu folosind o abordare simpl\u0103 de extrac\u021bie urmat\u0103 de analiz\u0103 GC\/MS.<\/p>\n<p>GBL poate fi detectat \u00een aromele de br\u00e2nz\u0103, totu\u0219i produsul alimentar final are \u00een mod normal mai pu\u021bin de 0,0002 procente GBL.<\/p>\n<p>GBL este clasificat\u0103 ca lacton\u0103. Este hidrolizat \u00een gama-hidroxibutirat de sodiu, sarea de sodiu a acidului gamma-hidroxibutiric, \u00een condi\u021bii bazice, de exemplu \u00eentr-o solu\u021bie de hidroxid de sodiu. Acesta genereaz\u0103 o combina\u021bie de echilibru a ambelor substan\u021be chimice \u00een circumstan\u021be acide. Dup\u0103 aceea, aceste substan\u021be chimice se pot combina pentru a crea un polimer. C\u00e2nd este utilizat\u0103 o baz\u0103 non-nucleofil\u0103, cum ar fi diizopropilamida de litiu,<\/p>\n<p>GBL are poten\u021bialul de a ac\u021biona ca un nucleofil alfa-carbon. Caprolactona, o substan\u021b\u0103 chimic\u0103 similar\u0103, poate fi utilizat\u0103 \u00een acest mod pentru a crea un poliester.<\/p>\n<p>GBL nu este o substan\u021b\u0103 activ\u0103 \u00een sine; mecanismul s\u0103u de ac\u021biune este derivat din statutul s\u0103u de promedicament al GHB. Efectul hipnotic al GHB este amplificat atunci c\u00e2nd este combinat cu alcool. \u00centr-un studiu din 2003 la \u0219obolan, s-a descoperit c\u0103 GBL are un efect hipnotic poten\u021bat atunci c\u00e2nd este combinat cu etanol, deoarece m\u0103surarea timpului de somn a fost mai lung\u0103 dec\u00e2t suma celor dou\u0103 componente independente.<\/p>\n","protected":false},"excerpt":{"rendered":"<p>Pute\u021bi cump\u0103ra Gamma-Butyrolacton\u0103 de la furnizori \u00een care avem \u00eencredere \u0219i colabor\u0103m cu ace\u0219ti furnizori pentru a face accesul pentru a cump\u0103ra Gamma-Butyrolacton\u0103 de v\u00e2nzare Marea Britanie, Europa<\/p>\n<p>Toate pirolidonele sunt sintetizate folosind GBL ca intermediar chimic . Poate fi folosit pentru a face insecticide, erbicide \u0219i regulatori de cre\u0219tere pentru plante.<\/p>\n","protected":false},"featured_media":5885,"comment_status":"open","ping_status":"closed","template":"","meta":[],"product_brand":[],"product_cat":[2014],"product_tag":[4036,4034,4033,4035,4031,4037,4032],"class_list":{"0":"post-5875","1":"product","2":"type-product","3":"status-publish","4":"has-post-thumbnail","6":"product_cat-cumprare-cercetare-chimice","7":"product_tag-cel-mai-bun-loc-pentru-a-cumpra-gamma-butirolacton-online","8":"product_tag-comanda-gamma-butirolacton-online","9":"product_tag-cum-se-cumpr-gamma-butirolacton-online","10":"product_tag-cumprare-gamma-butirolacton-online","11":"product_tag-cumpara-gamma-butirolactona-online","12":"product_tag-unde-se-cumpr-gamma-butirolacton-online","13":"product_tag-gama-butirolacton-de-vnzare","15":"first","16":"instock","17":"featured","18":"shipping-taxable","19":"purchasable","20":"product-type-variable"},"yoast_head":"<!-- This site is optimized with the Yoast SEO plugin v27.3 - https:\/\/yoast.com\/product\/yoast-seo-wordpress\/ -->\n<title>Cump\u0103ra\u021bi Gamma-Butyrolacton\u0103 - Cele mai bune medicamente globale<\/title>\n<meta name=\"description\" content=\"Pute\u021bi cump\u0103ra Gamma-Butyrolacton\u0103 de la furnizori \u00een care avem \u00eencredere \u0219i lucr\u0103m cu ace\u0219ti furnizori pentru a face accesul pentru a cump\u0103ra Gamma-Butyrolacton\u0103 de v\u00e2nzare Marea Britanie, Europa\" \/>\n<meta name=\"robots\" content=\"index, follow, max-snippet:-1, max-image-preview:large, max-video-preview:-1\" \/>\n<link rel=\"canonical\" href=\"https:\/\/medicinasinc.com\/ro\/product\/cumpar-gamma-butirolactona\/\" \/>\n<meta property=\"og:locale\" content=\"en_US\" \/>\n<meta property=\"og:type\" content=\"article\" \/>\n<meta property=\"og:title\" content=\"Cump\u0103ra\u021bi Gamma-Butyrolacton\u0103 - Cele mai bune medicamente globale\" \/>\n<meta property=\"og:description\" content=\"Pute\u021bi cump\u0103ra Gamma-Butyrolacton\u0103 de la furnizori \u00een care avem \u00eencredere \u0219i lucr\u0103m cu ace\u0219ti furnizori pentru a face accesul pentru a cump\u0103ra Gamma-Butyrolacton\u0103 de v\u00e2nzare Marea Britanie, Europa\" \/>\n<meta property=\"og:url\" content=\"https:\/\/medicinasinc.com\/ro\/product\/cumpar-gamma-butirolactona\/\" \/>\n<meta property=\"og:site_name\" content=\"Medicinas Inc\" \/>\n<meta property=\"article:modified_time\" content=\"2022-03-22T00:46:29+00:00\" \/>\n<meta property=\"og:image\" content=\"https:\/\/medicinasinc.com\/ro\/wp-content\/uploads\/sites\/11\/2022\/02\/Buy-Gamma-Butyrolactone.jpg\" \/>\n\t<meta property=\"og:image:width\" content=\"500\" \/>\n\t<meta property=\"og:image:height\" content=\"500\" \/>\n\t<meta property=\"og:image:type\" content=\"image\/jpeg\" \/>\n<meta name=\"twitter:card\" content=\"summary_large_image\" \/>\n<meta name=\"twitter:label1\" content=\"Est. reading time\" \/>\n\t<meta name=\"twitter:data1\" content=\"2 minutes\" \/>\n<script type=\"application\/ld+json\" class=\"yoast-schema-graph\">{\"@context\":\"https:\\\/\\\/schema.org\",\"@graph\":[{\"@type\":\"WebPage\",\"@id\":\"https:\\\/\\\/medicinasinc.com\\\/ro\\\/product\\\/cumpar-gamma-butirolactona\\\/\",\"url\":\"https:\\\/\\\/medicinasinc.com\\\/ro\\\/product\\\/cumpar-gamma-butirolactona\\\/\",\"name\":\"Cump\u0103ra\u021bi Gamma-Butyrolacton\u0103 - Cele mai bune medicamente globale\",\"isPartOf\":{\"@id\":\"https:\\\/\\\/medicinasinc.com\\\/ro\\\/#website\"},\"primaryImageOfPage\":{\"@id\":\"https:\\\/\\\/medicinasinc.com\\\/ro\\\/product\\\/cumpar-gamma-butirolactona\\\/#primaryimage\"},\"image\":{\"@id\":\"https:\\\/\\\/medicinasinc.com\\\/ro\\\/product\\\/cumpar-gamma-butirolactona\\\/#primaryimage\"},\"thumbnailUrl\":\"https:\\\/\\\/medicinasinc.com\\\/ro\\\/wp-content\\\/uploads\\\/sites\\\/11\\\/2022\\\/02\\\/Buy-Gamma-Butyrolactone.jpg\",\"datePublished\":\"2022-02-22T07:46:55+00:00\",\"dateModified\":\"2022-03-22T00:46:29+00:00\",\"description\":\"Pute\u021bi cump\u0103ra Gamma-Butyrolacton\u0103 de la furnizori \u00een care avem \u00eencredere \u0219i lucr\u0103m cu ace\u0219ti furnizori pentru a face accesul pentru a cump\u0103ra Gamma-Butyrolacton\u0103 de v\u00e2nzare Marea Britanie, Europa\",\"breadcrumb\":{\"@id\":\"https:\\\/\\\/medicinasinc.com\\\/ro\\\/product\\\/cumpar-gamma-butirolactona\\\/#breadcrumb\"},\"inLanguage\":\"en-US\",\"potentialAction\":[{\"@type\":\"ReadAction\",\"target\":[\"https:\\\/\\\/medicinasinc.com\\\/ro\\\/product\\\/cumpar-gamma-butirolactona\\\/\"]}]},{\"@type\":\"ImageObject\",\"inLanguage\":\"en-US\",\"@id\":\"https:\\\/\\\/medicinasinc.com\\\/ro\\\/product\\\/cumpar-gamma-butirolactona\\\/#primaryimage\",\"url\":\"https:\\\/\\\/medicinasinc.com\\\/ro\\\/wp-content\\\/uploads\\\/sites\\\/11\\\/2022\\\/02\\\/Buy-Gamma-Butyrolactone.jpg\",\"contentUrl\":\"https:\\\/\\\/medicinasinc.com\\\/ro\\\/wp-content\\\/uploads\\\/sites\\\/11\\\/2022\\\/02\\\/Buy-Gamma-Butyrolactone.jpg\",\"width\":500,\"height\":500},{\"@type\":\"BreadcrumbList\",\"@id\":\"https:\\\/\\\/medicinasinc.com\\\/ro\\\/product\\\/cumpar-gamma-butirolactona\\\/#breadcrumb\",\"itemListElement\":[{\"@type\":\"ListItem\",\"position\":1,\"name\":\"Magazin\",\"item\":\"https:\\\/\\\/medicinasinc.com\\\/ro\\\/magazin\\\/\"},{\"@type\":\"ListItem\",\"position\":2,\"name\":\"Cump\u0103ra\u021bi Gamma-Butyrolacton\u0103\"}]},{\"@type\":\"WebSite\",\"@id\":\"https:\\\/\\\/medicinasinc.com\\\/ro\\\/#website\",\"url\":\"https:\\\/\\\/medicinasinc.com\\\/ro\\\/\",\"name\":\"Medicinas Inc\",\"description\":\"Health Medical Clinic\",\"potentialAction\":[{\"@type\":\"SearchAction\",\"target\":{\"@type\":\"EntryPoint\",\"urlTemplate\":\"https:\\\/\\\/medicinasinc.com\\\/ro\\\/?s={search_term_string}\"},\"query-input\":{\"@type\":\"PropertyValueSpecification\",\"valueRequired\":true,\"valueName\":\"search_term_string\"}}],\"inLanguage\":\"en-US\"}]}<\/script>\n<!-- \/ Yoast SEO plugin. -->","yoast_head_json":{"title":"Cump\u0103ra\u021bi Gamma-Butyrolacton\u0103 - Cele mai bune medicamente globale","description":"Pute\u021bi cump\u0103ra Gamma-Butyrolacton\u0103 de la furnizori \u00een care avem \u00eencredere \u0219i lucr\u0103m cu ace\u0219ti furnizori pentru a face accesul pentru a cump\u0103ra Gamma-Butyrolacton\u0103 de v\u00e2nzare Marea Britanie, Europa","robots":{"index":"index","follow":"follow","max-snippet":"max-snippet:-1","max-image-preview":"max-image-preview:large","max-video-preview":"max-video-preview:-1"},"canonical":"https:\/\/medicinasinc.com\/ro\/product\/cumpar-gamma-butirolactona\/","og_locale":"en_US","og_type":"article","og_title":"Cump\u0103ra\u021bi Gamma-Butyrolacton\u0103 - Cele mai bune medicamente globale","og_description":"Pute\u021bi cump\u0103ra Gamma-Butyrolacton\u0103 de la furnizori \u00een care avem \u00eencredere \u0219i lucr\u0103m cu ace\u0219ti furnizori pentru a face accesul pentru a cump\u0103ra Gamma-Butyrolacton\u0103 de v\u00e2nzare Marea Britanie, Europa","og_url":"https:\/\/medicinasinc.com\/ro\/product\/cumpar-gamma-butirolactona\/","og_site_name":"Medicinas Inc","article_modified_time":"2022-03-22T00:46:29+00:00","og_image":[{"width":500,"height":500,"url":"https:\/\/medicinasinc.com\/ro\/wp-content\/uploads\/sites\/11\/2022\/02\/Buy-Gamma-Butyrolactone.jpg","type":"image\/jpeg"}],"twitter_card":"summary_large_image","twitter_misc":{"Est. reading time":"2 minutes"},"schema":{"@context":"https:\/\/schema.org","@graph":[{"@type":"WebPage","@id":"https:\/\/medicinasinc.com\/ro\/product\/cumpar-gamma-butirolactona\/","url":"https:\/\/medicinasinc.com\/ro\/product\/cumpar-gamma-butirolactona\/","name":"Cump\u0103ra\u021bi Gamma-Butyrolacton\u0103 - Cele mai bune medicamente globale","isPartOf":{"@id":"https:\/\/medicinasinc.com\/ro\/#website"},"primaryImageOfPage":{"@id":"https:\/\/medicinasinc.com\/ro\/product\/cumpar-gamma-butirolactona\/#primaryimage"},"image":{"@id":"https:\/\/medicinasinc.com\/ro\/product\/cumpar-gamma-butirolactona\/#primaryimage"},"thumbnailUrl":"https:\/\/medicinasinc.com\/ro\/wp-content\/uploads\/sites\/11\/2022\/02\/Buy-Gamma-Butyrolactone.jpg","datePublished":"2022-02-22T07:46:55+00:00","dateModified":"2022-03-22T00:46:29+00:00","description":"Pute\u021bi cump\u0103ra Gamma-Butyrolacton\u0103 de la furnizori \u00een care avem \u00eencredere \u0219i lucr\u0103m cu ace\u0219ti furnizori pentru a face accesul pentru a cump\u0103ra Gamma-Butyrolacton\u0103 de v\u00e2nzare Marea Britanie, Europa","breadcrumb":{"@id":"https:\/\/medicinasinc.com\/ro\/product\/cumpar-gamma-butirolactona\/#breadcrumb"},"inLanguage":"en-US","potentialAction":[{"@type":"ReadAction","target":["https:\/\/medicinasinc.com\/ro\/product\/cumpar-gamma-butirolactona\/"]}]},{"@type":"ImageObject","inLanguage":"en-US","@id":"https:\/\/medicinasinc.com\/ro\/product\/cumpar-gamma-butirolactona\/#primaryimage","url":"https:\/\/medicinasinc.com\/ro\/wp-content\/uploads\/sites\/11\/2022\/02\/Buy-Gamma-Butyrolactone.jpg","contentUrl":"https:\/\/medicinasinc.com\/ro\/wp-content\/uploads\/sites\/11\/2022\/02\/Buy-Gamma-Butyrolactone.jpg","width":500,"height":500},{"@type":"BreadcrumbList","@id":"https:\/\/medicinasinc.com\/ro\/product\/cumpar-gamma-butirolactona\/#breadcrumb","itemListElement":[{"@type":"ListItem","position":1,"name":"Magazin","item":"https:\/\/medicinasinc.com\/ro\/magazin\/"},{"@type":"ListItem","position":2,"name":"Cump\u0103ra\u021bi Gamma-Butyrolacton\u0103"}]},{"@type":"WebSite","@id":"https:\/\/medicinasinc.com\/ro\/#website","url":"https:\/\/medicinasinc.com\/ro\/","name":"Medicinas Inc","description":"Health Medical Clinic","potentialAction":[{"@type":"SearchAction","target":{"@type":"EntryPoint","urlTemplate":"https:\/\/medicinasinc.com\/ro\/?s={search_term_string}"},"query-input":{"@type":"PropertyValueSpecification","valueRequired":true,"valueName":"search_term_string"}}],"inLanguage":"en-US"}]}},"_links":{"self":[{"href":"https:\/\/medicinasinc.com\/ro\/wp-json\/wp\/v2\/product\/5875","targetHints":{"allow":["GET"]}}],"collection":[{"href":"https:\/\/medicinasinc.com\/ro\/wp-json\/wp\/v2\/product"}],"about":[{"href":"https:\/\/medicinasinc.com\/ro\/wp-json\/wp\/v2\/types\/product"}],"replies":[{"embeddable":true,"href":"https:\/\/medicinasinc.com\/ro\/wp-json\/wp\/v2\/comments?post=5875"}],"wp:featuredmedia":[{"embeddable":true,"href":"https:\/\/medicinasinc.com\/ro\/wp-json\/wp\/v2\/media\/5885"}],"wp:attachment":[{"href":"https:\/\/medicinasinc.com\/ro\/wp-json\/wp\/v2\/media?parent=5875"}],"wp:term":[{"taxonomy":"product_brand","embeddable":true,"href":"https:\/\/medicinasinc.com\/ro\/wp-json\/wp\/v2\/product_brand?post=5875"},{"taxonomy":"product_cat","embeddable":true,"href":"https:\/\/medicinasinc.com\/ro\/wp-json\/wp\/v2\/product_cat?post=5875"},{"taxonomy":"product_tag","embeddable":true,"href":"https:\/\/medicinasinc.com\/ro\/wp-json\/wp\/v2\/product_tag?post=5875"}],"curies":[{"name":"wp","href":"https:\/\/api.w.org\/{rel}","templated":true}]}}