{"id":5870,"date":"2022-02-22T07:42:43","date_gmt":"2022-02-22T07:42:43","guid":{"rendered":"https:\/\/medicinasinc.com\/ro\/?post_type=product&#038;p=5870"},"modified":"2022-03-22T00:46:43","modified_gmt":"2022-03-22T00:46:43","slug":"cumpara-3-cmc-cristal","status":"publish","type":"product","link":"https:\/\/medicinasinc.com\/ro\/product\/cumpara-3-cmc-cristal\/","title":{"rendered":"Cump\u0103ra\u021bi cristal de 3 cmc"},"content":{"rendered":"<p>Achizi\u021biona\u021bi 3-CMC CRYSTAL, achizi\u021biona\u021bi 3 CMC CRYSTAL, achizi\u021biona\u021bi 3 CMC CRYSTAL, cump\u0103ra\u021bi 3-CMC CRYSTAL<\/p>\n<p>CRYSTAL OF 3-CMC, Acum sunt at\u00e2t de multe catinone disponibile, a\u0219a cum demonstreaz\u0103 un fir \u00een care utilizatorii \u0219i-au revizuit experien\u021bele cu tot ce au \u00eencercat. F\u0103r\u0103 a intra \u00een profunzime despre fiecare dintre ele, iat\u0103 clasamentul meu:<br \/> bk-MDMA (Methylone) &gt; bk-MBDB (Butilon\u0103) &gt; 4-MEC &gt; MABP (Buphedrone)<\/p>\n<p>Singurele pe care m-a\u0219 g\u00e2ndi s\u0103 le de\u021bin din nou sunt infamele Mephedrone \u0219i Methylone, ambele fiind mai mult sau mai pu\u021bin interzise la nivel global \u00een ultimii ani.<\/p>\n<p>Am ob\u021binut. acest clasament de la cineva care cunoa\u0219te bine aceast\u0103 clas\u0103 de RC, care mi s-a p\u0103rut intrigant:<\/p>\n<p>FORM\u0102 CRISTAL\u0102 DE 3-CMC, 4-MMC &gt; bk-MDMA &gt; 4-CMC &gt; 3-CMC &gt; 3-MMC &gt; 5-metil-etilen\u0103 &gt; Butilon\u0103 &gt; Ethylone<br \/> Aceast\u0103 \u201eClephedrone\u201d (4-CMC) care nu a avut un impact mare pe pia\u021ba RC pare a fi lucruri frumoase. \u0218i, AFAIK, nu este programat \u00een mod specific \u00een majoritatea loca\u021biilor. Cu toate acestea, profilul de siguran\u021b\u0103 este \u00een mare parte necunoscut \u0219i mul\u021bi sunt tem\u0103tori, deoarece analogul amfetaminei, 4-CA, este binecunoscut ca fiind extrem de neurotoxic.<\/p>\n<p>Singurii pe care mi-a\u0219 lua \u00een considerare vreodat\u0103 s\u0103 \u00eei de\u021bin din nou sunt: infamul Mephedrone \u0219i Methylone, ambele fiind mai mult sau mai pu\u021bin interzise la nivel global \u00een ultimii ani.<br \/> Am ob\u021binut acest clasament de la cineva care cunoa\u0219te bine aceast\u0103 clas\u0103 de RC, ceea ce mi s-a p\u0103rut intrigant:<\/p>\n<p>FORMA CRISTAL\u0102 A 3-CMC, 4-MMC &gt; bk-MDMA &gt; 4-CMC &gt; 3-CMC &gt; 3-MMC &gt; 5-metil-etilen\u0103 &gt; Butilon\u0103 &gt; Ethylone<br \/> Aceast\u0103 \u201eClephedrone\u201d (4-CMC) care nu a avut un impact mare pe pia\u021ba RC pare a fi lucruri frumoase. \u0218i, AFAIK, nu este programat \u00een mod specific \u00een majoritatea loca\u021biilor. Cu toate acestea, profilul de siguran\u021b\u0103 este \u00een mare parte necunoscut \u0219i mul\u021bi se tem, deoarece analogul amfetaminei, 4-CA, este binecunoscut ca fiind extrem de neurotoxic.<\/p>\n","protected":false},"excerpt":{"rendered":"<p>Cump\u0103ra\u021bi 3-CMC CRYSTAL Powder de v\u00e2nzare Marea Britanie, Europa \u00een magazinul nostru online bestglobalmeds.com cu livrare rapid\u0103 \u00een toat\u0103 lumea! Cel mai bun 3-CMC CRYSTAL pentru comand\u0103 \u00eel ve\u021bi g\u0103si aici!<\/p>\n<p>bk-MDMA &gt; 4-CMC &gt; 3-CMC &gt; 3-MMC &gt; 5-metil-etilen\u0103 &gt; Butilon\u0103 &gt; Etilon\u0103<br \/> Potrivit rapoartelor, aceast\u0103 \u201eclefedron\u0103\u201d; (4-CMC) care nu \u0219i-a f\u0103cut o prezen\u021b\u0103 mare pe pia\u021ba RC este de fapt destul de bun. \u0218i, AFAIK, nu este programat \u00een mod special \u00een majoritatea locurilor. De\u0219i profilul de siguran\u021b\u0103 este \u00een principal necunoscut,<\/p>\n","protected":false},"featured_media":5880,"comment_status":"open","ping_status":"closed","template":"","meta":[],"product_brand":[],"product_cat":[2014],"product_tag":[4024,4025,4026,4028,4030,4027,4029],"class_list":{"0":"post-5870","1":"product","2":"type-product","3":"status-publish","4":"has-post-thumbnail","6":"product_cat-cumprare-cercetare-chimice","7":"product_tag-3-cmc-crystal-for-sale","8":"product_tag-buy-3-cmc-crystal-online","9":"product_tag-cum-se-cumpr-3-cmc-crystal-online","10":"product_tag-cumprare-3-cmc-crystal-online","11":"product_tag-unde-s-cumprm-3-cmc-crystal-online","12":"product_tag-order-3-cmc-crystal-online","13":"product_tag-the-best-place-to-buy-3-cmc-crystal-online","15":"first","16":"instock","17":"featured","18":"shipping-taxable","19":"purchasable","20":"product-type-variable"},"yoast_head":"<!-- This site is optimized with the Yoast SEO plugin v27.3 - https:\/\/yoast.com\/product\/yoast-seo-wordpress\/ -->\n<title>Cump\u0103ra\u021bi cristal de 3 cmc - Beat Best Global Meds<\/title>\n<meta name=\"description\" content=\"Cump\u0103ra\u021bi 3-CMC CRYSTAL Powder de v\u00e2nzare \u00een Marea Britanie, Europa \u00een magazinul nostru online bestglobalmeds.com cu livrare rapid\u0103 \u00een toat\u0103 lumea! Cel mai bun CRISTAL 3-CMC pentru comand\u0103 \u00eel g\u0103si\u021bi aici!\" \/>\n<meta name=\"robots\" content=\"index, follow, max-snippet:-1, max-image-preview:large, max-video-preview:-1\" \/>\n<link rel=\"canonical\" href=\"https:\/\/medicinasinc.com\/ro\/product\/cumpara-3-cmc-cristal\/\" \/>\n<meta property=\"og:locale\" content=\"en_US\" \/>\n<meta property=\"og:type\" content=\"article\" \/>\n<meta property=\"og:title\" content=\"Cump\u0103ra\u021bi cristal de 3 cmc - Beat Best Global Meds\" \/>\n<meta property=\"og:description\" content=\"Cump\u0103ra\u021bi 3-CMC CRYSTAL Powder de v\u00e2nzare \u00een Marea Britanie, Europa \u00een magazinul nostru online bestglobalmeds.com cu livrare rapid\u0103 \u00een toat\u0103 lumea! Cel mai bun CRISTAL 3-CMC pentru comand\u0103 \u00eel g\u0103si\u021bi aici!\" \/>\n<meta property=\"og:url\" content=\"https:\/\/medicinasinc.com\/ro\/product\/cumpara-3-cmc-cristal\/\" \/>\n<meta property=\"og:site_name\" content=\"Medicinas Inc\" \/>\n<meta property=\"article:modified_time\" content=\"2022-03-22T00:46:43+00:00\" \/>\n<meta property=\"og:image\" content=\"https:\/\/medicinasinc.com\/ro\/wp-content\/uploads\/sites\/11\/2022\/02\/Buy-3-CMC-CRYSTAL.jpg\" \/>\n\t<meta property=\"og:image:width\" content=\"720\" \/>\n\t<meta property=\"og:image:height\" content=\"600\" \/>\n\t<meta property=\"og:image:type\" content=\"image\/jpeg\" \/>\n<meta name=\"twitter:card\" content=\"summary_large_image\" \/>\n<meta name=\"twitter:label1\" content=\"Est. reading time\" \/>\n\t<meta name=\"twitter:data1\" content=\"2 minutes\" \/>\n<script type=\"application\/ld+json\" class=\"yoast-schema-graph\">{\"@context\":\"https:\\\/\\\/schema.org\",\"@graph\":[{\"@type\":\"WebPage\",\"@id\":\"https:\\\/\\\/medicinasinc.com\\\/ro\\\/product\\\/cumpara-3-cmc-cristal\\\/\",\"url\":\"https:\\\/\\\/medicinasinc.com\\\/ro\\\/product\\\/cumpara-3-cmc-cristal\\\/\",\"name\":\"Cump\u0103ra\u021bi cristal de 3 cmc - Beat Best Global Meds\",\"isPartOf\":{\"@id\":\"https:\\\/\\\/medicinasinc.com\\\/ro\\\/#website\"},\"primaryImageOfPage\":{\"@id\":\"https:\\\/\\\/medicinasinc.com\\\/ro\\\/product\\\/cumpara-3-cmc-cristal\\\/#primaryimage\"},\"image\":{\"@id\":\"https:\\\/\\\/medicinasinc.com\\\/ro\\\/product\\\/cumpara-3-cmc-cristal\\\/#primaryimage\"},\"thumbnailUrl\":\"https:\\\/\\\/medicinasinc.com\\\/ro\\\/wp-content\\\/uploads\\\/sites\\\/11\\\/2022\\\/02\\\/Buy-3-CMC-CRYSTAL.jpg\",\"datePublished\":\"2022-02-22T07:42:43+00:00\",\"dateModified\":\"2022-03-22T00:46:43+00:00\",\"description\":\"Cump\u0103ra\u021bi 3-CMC CRYSTAL Powder de v\u00e2nzare \u00een Marea Britanie, Europa \u00een magazinul nostru online bestglobalmeds.com cu livrare rapid\u0103 \u00een toat\u0103 lumea! Cel mai bun CRISTAL 3-CMC pentru comand\u0103 \u00eel g\u0103si\u021bi aici!\",\"breadcrumb\":{\"@id\":\"https:\\\/\\\/medicinasinc.com\\\/ro\\\/product\\\/cumpara-3-cmc-cristal\\\/#breadcrumb\"},\"inLanguage\":\"en-US\",\"potentialAction\":[{\"@type\":\"ReadAction\",\"target\":[\"https:\\\/\\\/medicinasinc.com\\\/ro\\\/product\\\/cumpara-3-cmc-cristal\\\/\"]}]},{\"@type\":\"ImageObject\",\"inLanguage\":\"en-US\",\"@id\":\"https:\\\/\\\/medicinasinc.com\\\/ro\\\/product\\\/cumpara-3-cmc-cristal\\\/#primaryimage\",\"url\":\"https:\\\/\\\/medicinasinc.com\\\/ro\\\/wp-content\\\/uploads\\\/sites\\\/11\\\/2022\\\/02\\\/Buy-3-CMC-CRYSTAL.jpg\",\"contentUrl\":\"https:\\\/\\\/medicinasinc.com\\\/ro\\\/wp-content\\\/uploads\\\/sites\\\/11\\\/2022\\\/02\\\/Buy-3-CMC-CRYSTAL.jpg\",\"width\":720,\"height\":600},{\"@type\":\"BreadcrumbList\",\"@id\":\"https:\\\/\\\/medicinasinc.com\\\/ro\\\/product\\\/cumpara-3-cmc-cristal\\\/#breadcrumb\",\"itemListElement\":[{\"@type\":\"ListItem\",\"position\":1,\"name\":\"Magazin\",\"item\":\"https:\\\/\\\/medicinasinc.com\\\/ro\\\/magazin\\\/\"},{\"@type\":\"ListItem\",\"position\":2,\"name\":\"Cump\u0103ra\u021bi cristal de 3 cmc\"}]},{\"@type\":\"WebSite\",\"@id\":\"https:\\\/\\\/medicinasinc.com\\\/ro\\\/#website\",\"url\":\"https:\\\/\\\/medicinasinc.com\\\/ro\\\/\",\"name\":\"Medicinas Inc\",\"description\":\"Health Medical Clinic\",\"potentialAction\":[{\"@type\":\"SearchAction\",\"target\":{\"@type\":\"EntryPoint\",\"urlTemplate\":\"https:\\\/\\\/medicinasinc.com\\\/ro\\\/?s={search_term_string}\"},\"query-input\":{\"@type\":\"PropertyValueSpecification\",\"valueRequired\":true,\"valueName\":\"search_term_string\"}}],\"inLanguage\":\"en-US\"}]}<\/script>\n<!-- \/ Yoast SEO plugin. -->","yoast_head_json":{"title":"Cump\u0103ra\u021bi cristal de 3 cmc - Beat Best Global Meds","description":"Cump\u0103ra\u021bi 3-CMC CRYSTAL Powder de v\u00e2nzare \u00een Marea Britanie, Europa \u00een magazinul nostru online bestglobalmeds.com cu livrare rapid\u0103 \u00een toat\u0103 lumea! Cel mai bun CRISTAL 3-CMC pentru comand\u0103 \u00eel g\u0103si\u021bi aici!","robots":{"index":"index","follow":"follow","max-snippet":"max-snippet:-1","max-image-preview":"max-image-preview:large","max-video-preview":"max-video-preview:-1"},"canonical":"https:\/\/medicinasinc.com\/ro\/product\/cumpara-3-cmc-cristal\/","og_locale":"en_US","og_type":"article","og_title":"Cump\u0103ra\u021bi cristal de 3 cmc - Beat Best Global Meds","og_description":"Cump\u0103ra\u021bi 3-CMC CRYSTAL Powder de v\u00e2nzare \u00een Marea Britanie, Europa \u00een magazinul nostru online bestglobalmeds.com cu livrare rapid\u0103 \u00een toat\u0103 lumea! Cel mai bun CRISTAL 3-CMC pentru comand\u0103 \u00eel g\u0103si\u021bi aici!","og_url":"https:\/\/medicinasinc.com\/ro\/product\/cumpara-3-cmc-cristal\/","og_site_name":"Medicinas Inc","article_modified_time":"2022-03-22T00:46:43+00:00","og_image":[{"width":720,"height":600,"url":"https:\/\/medicinasinc.com\/ro\/wp-content\/uploads\/sites\/11\/2022\/02\/Buy-3-CMC-CRYSTAL.jpg","type":"image\/jpeg"}],"twitter_card":"summary_large_image","twitter_misc":{"Est. reading time":"2 minutes"},"schema":{"@context":"https:\/\/schema.org","@graph":[{"@type":"WebPage","@id":"https:\/\/medicinasinc.com\/ro\/product\/cumpara-3-cmc-cristal\/","url":"https:\/\/medicinasinc.com\/ro\/product\/cumpara-3-cmc-cristal\/","name":"Cump\u0103ra\u021bi cristal de 3 cmc - Beat Best Global Meds","isPartOf":{"@id":"https:\/\/medicinasinc.com\/ro\/#website"},"primaryImageOfPage":{"@id":"https:\/\/medicinasinc.com\/ro\/product\/cumpara-3-cmc-cristal\/#primaryimage"},"image":{"@id":"https:\/\/medicinasinc.com\/ro\/product\/cumpara-3-cmc-cristal\/#primaryimage"},"thumbnailUrl":"https:\/\/medicinasinc.com\/ro\/wp-content\/uploads\/sites\/11\/2022\/02\/Buy-3-CMC-CRYSTAL.jpg","datePublished":"2022-02-22T07:42:43+00:00","dateModified":"2022-03-22T00:46:43+00:00","description":"Cump\u0103ra\u021bi 3-CMC CRYSTAL Powder de v\u00e2nzare \u00een Marea Britanie, Europa \u00een magazinul nostru online bestglobalmeds.com cu livrare rapid\u0103 \u00een toat\u0103 lumea! Cel mai bun CRISTAL 3-CMC pentru comand\u0103 \u00eel g\u0103si\u021bi aici!","breadcrumb":{"@id":"https:\/\/medicinasinc.com\/ro\/product\/cumpara-3-cmc-cristal\/#breadcrumb"},"inLanguage":"en-US","potentialAction":[{"@type":"ReadAction","target":["https:\/\/medicinasinc.com\/ro\/product\/cumpara-3-cmc-cristal\/"]}]},{"@type":"ImageObject","inLanguage":"en-US","@id":"https:\/\/medicinasinc.com\/ro\/product\/cumpara-3-cmc-cristal\/#primaryimage","url":"https:\/\/medicinasinc.com\/ro\/wp-content\/uploads\/sites\/11\/2022\/02\/Buy-3-CMC-CRYSTAL.jpg","contentUrl":"https:\/\/medicinasinc.com\/ro\/wp-content\/uploads\/sites\/11\/2022\/02\/Buy-3-CMC-CRYSTAL.jpg","width":720,"height":600},{"@type":"BreadcrumbList","@id":"https:\/\/medicinasinc.com\/ro\/product\/cumpara-3-cmc-cristal\/#breadcrumb","itemListElement":[{"@type":"ListItem","position":1,"name":"Magazin","item":"https:\/\/medicinasinc.com\/ro\/magazin\/"},{"@type":"ListItem","position":2,"name":"Cump\u0103ra\u021bi cristal de 3 cmc"}]},{"@type":"WebSite","@id":"https:\/\/medicinasinc.com\/ro\/#website","url":"https:\/\/medicinasinc.com\/ro\/","name":"Medicinas Inc","description":"Health Medical Clinic","potentialAction":[{"@type":"SearchAction","target":{"@type":"EntryPoint","urlTemplate":"https:\/\/medicinasinc.com\/ro\/?s={search_term_string}"},"query-input":{"@type":"PropertyValueSpecification","valueRequired":true,"valueName":"search_term_string"}}],"inLanguage":"en-US"}]}},"_links":{"self":[{"href":"https:\/\/medicinasinc.com\/ro\/wp-json\/wp\/v2\/product\/5870","targetHints":{"allow":["GET"]}}],"collection":[{"href":"https:\/\/medicinasinc.com\/ro\/wp-json\/wp\/v2\/product"}],"about":[{"href":"https:\/\/medicinasinc.com\/ro\/wp-json\/wp\/v2\/types\/product"}],"replies":[{"embeddable":true,"href":"https:\/\/medicinasinc.com\/ro\/wp-json\/wp\/v2\/comments?post=5870"}],"wp:featuredmedia":[{"embeddable":true,"href":"https:\/\/medicinasinc.com\/ro\/wp-json\/wp\/v2\/media\/5880"}],"wp:attachment":[{"href":"https:\/\/medicinasinc.com\/ro\/wp-json\/wp\/v2\/media?parent=5870"}],"wp:term":[{"taxonomy":"product_brand","embeddable":true,"href":"https:\/\/medicinasinc.com\/ro\/wp-json\/wp\/v2\/product_brand?post=5870"},{"taxonomy":"product_cat","embeddable":true,"href":"https:\/\/medicinasinc.com\/ro\/wp-json\/wp\/v2\/product_cat?post=5870"},{"taxonomy":"product_tag","embeddable":true,"href":"https:\/\/medicinasinc.com\/ro\/wp-json\/wp\/v2\/product_tag?post=5870"}],"curies":[{"name":"wp","href":"https:\/\/api.w.org\/{rel}","templated":true}]}}