{"id":5863,"date":"2022-02-22T07:36:01","date_gmt":"2022-02-22T07:36:01","guid":{"rendered":"https:\/\/medicinasinc.com\/ro\/?post_type=product&#038;p=5863"},"modified":"2022-03-22T00:46:54","modified_gmt":"2022-03-22T00:46:54","slug":"cumpara-gamma-hidroxibutirat-ghb-pulbere","status":"publish","type":"product","link":"https:\/\/medicinasinc.com\/ro\/product\/cumpara-gamma-hidroxibutirat-ghb-pulbere\/","title":{"rendered":"Cump\u0103ra\u021bi pudr\u0103 gamma hidroxibutirat (GHB)."},"content":{"rendered":"<p>Achizi\u021bionarea online de pulbere GHB<\/p>\n<p>Achizi\u021biona\u021bi online pulbere GHB. GHB este un anestezic sintetic. Este disponibil sub form\u0103 de lichid transparent sau pulbere \u0219i are o arom\u0103 u\u0219or s\u0103rat\u0103. Deoarece poten\u021ba variaz\u0103, nu exist\u0103 o \u201edoz\u0103 sigur\u0103\u201d. GBL (gamma-butirolacton\u0103) \u0219i 1,4-butandiol sunt disponibile comercial ca alternative GHB. Ace\u0219tia sunt disponibili \u00een mod legal ca solven\u021bi de cur\u0103\u021bare \u0219i, atunci c\u00e2nd sunt \u00eenghi\u021bi\u021bi, se transform\u0103 \u00een mod natural \u00een GHB.<\/p>\n<p>Gamma butirolactona este utilizat\u0103 pentru a \u00eembun\u0103t\u0103\u021bi performan\u021ba sportiv\u0103, calitatea somnului \u0219i performan\u021ba \u0219i pl\u0103cerea sexual\u0103. \u00cen plus, ei \u00eel folosesc pentru a trata depresia \u0219i stresul, pentru a prelungi via\u021ba, pentru a promova g\u00e2ndirea clar\u0103, pentru a induce relaxarea \u0219i pentru a elibera hormonul de cre\u0219tere. \u00cen plus, GBL este utilizat pentru a reduce gr\u0103simea corporal\u0103 \u0219i ca un constructor de corp sau de mu\u0219chi. Anumite persoane \u00eel folosesc \u00een scopuri recrea\u021bionale.<\/p>\n<p>GHB sau GBL Chemicals for Research<\/p>\n<p>(denumiri alternative: gammahidroxibutirat, extaz lichid, X lichid, gamahidroxibutirat)<\/p>\n<p>De obicei, GHB se ofer\u0103 \u00een fiole mici sub form\u0103 de lichid limpede, cu o consisten\u021b\u0103 ceva mai groas\u0103 dec\u00e2t apa.<br \/> Dozele se administreaz\u0103 \u00een cantit\u0103\u021bi mici, denumite \u201ecapsule\u201d sau \u201ecapsule de G\u201d.<br \/> De\u0219i poate fi consumat\u0103 \u00eentreg, este de obicei diluat \u00een ap\u0103 sau suc \u0219i sorbit.<br \/> GHB nu are miros \u0219i nu are arom\u0103 perceptibil\u0103.<br \/> GBL are o arom\u0103 u\u0219oar\u0103 s\u0103rat\u0103, chimic\u0103 \u0219i miros u\u0219or de mascat atunci c\u00e2nd este amestecat cu alte lichide . GBL este o versiune mai puternic\u0103 a medicamentului.<br \/> Limita\u021bi-v\u0103 la doze extrem de mici de GHB. Este destul de puternic, iar poten\u021ba poate varia semnificativ \u00eentre loturi, chiar \u0219i \u00een r\u00e2ndul utilizatorilor experimenta\u021bi. Se recomand\u0103 s\u0103 a\u0219tepta\u021bi \u00eentre doze. Anumite surse recomand\u0103 s\u0103 a\u0219tepta\u021bi p\u00e2n\u0103 la dou\u0103 ore \u00eentre doze pentru a evita Ging Out.<\/p>\n<p>Efectele GHB<\/p>\n<p>Efectele \u00eencep la aproximativ dou\u0103zeci de minute dup\u0103 consum \u0219i pot dura p\u00e2n\u0103 la patru ore.<br \/> Cantit\u0103\u021bi mai mici, mai bl\u00e2nde induc relaxare \u0219i calm.<br \/> Dac\u0103 lua\u021bi cantit\u0103\u021bi mai mari, este posibil s\u0103 ave\u021bi somnolen\u021b\u0103, ame\u021beli \u0219i confuzie. \u00cen plus, este posibil s\u0103 ave\u021bi grea\u021b\u0103, v\u0103rs\u0103turi \u0219i spasme musculare.<br \/> Poate duce la convulsii, pierderea con\u0219tien\u021bei, com\u0103 \u0219i dificult\u0103\u021bi de respira\u021bie<br \/> Posibilitatea de a cre\u0219te cre\u0219terea muscular\u0103 la culturisti<\/p>\n<p>Sex cu GHB<\/p>\n<p>Asem\u0103n\u0103tor cu alcoolul, reduce inhibi\u021biile \u00een timp ce cre\u0219te \u00eencrederea \u0219i sociabilitatea.<br \/> Sensibilitate tactil\u0103 \u0219i sensibilitate la stimuli crescute<br \/> Unii b\u0103rba\u021bi au erec\u021bii mai puternice.<br \/> Orgasme care sunt destul de intens, de\u0219i acesta este dependent de doz\u0103<br \/> GHB \u00een exces poate provoca oboseal\u0103 \u0219i le\u0219ina \u00een timpul sexului.<br \/> GHB este denumit un medicament de \u201eviol la \u00eent\u00e2lnire\u201d deoarece cre\u0219te dorin\u021ba de a se angaja \u00een rela\u021bii sexuale. activit\u0103\u021bi \u0219i v\u0103 afecteaz\u0103 capacitatea de a stabili \u0219i de a afirma grani\u021be sexuale. Este deosebit de important s\u0103 confirma\u021bi consim\u021b\u0103m\u00e2ntul cu partenerii care sunt pe G. Men\u021bine\u021bi contactul pe tot parcursul unei sesiuni sexuale. Contactul sexual cu cineva care este incon\u0219tient poate fi interpretat ca agresiune sexual\u0103.<\/p>\n","protected":false},"excerpt":{"rendered":"<p>Cump\u0103ra\u021bi pulbere Gamma-Hydroxybutyric\u00a0GHB de v\u00e2nzare\u00a0\u00een Marea Britanie, Europa, Japonia, Emiratele Arabe Unite, China, Asia de la cel mai bun furnizor en-gros GHB, garant\u0103m livrare discret\u0103 \u00een \u00eentreaga lume<\/p>\n","protected":false},"featured_media":5873,"comment_status":"open","ping_status":"closed","template":"","meta":[],"product_brand":[],"product_cat":[2014],"product_tag":[4018,4019,4015,4016,4023,4020,4014,4017,4022,4021],"class_list":{"0":"post-5863","1":"product","2":"type-product","3":"status-publish","4":"has-post-thumbnail","6":"product_cat-cumprare-cercetare-chimice","7":"product_tag-acidul-gamma-hidroxibutiric-i-hormonul-de-cretere","8":"product_tag-antidepresiv-acid-gamma-hidroxibutiric","9":"product_tag-buy-ghb","10":"product_tag-buy-ghb-online","11":"product_tag-buy-ghb-powder","12":"product_tag-acid-gama-hidroxibutiric-culturism","13":"product_tag-cumprai-gamma-hidroxibutirat-online","14":"product_tag-drug","15":"product_tag-ghb-de-vanzare","16":"product_tag-preul-acidului-gama-hidroxibutiric","18":"first","19":"instock","20":"shipping-taxable","21":"purchasable","22":"product-type-variable"},"yoast_head":"<!-- This site is optimized with the Yoast SEO plugin v27.3 - https:\/\/yoast.com\/product\/yoast-seo-wordpress\/ -->\n<title>Cump\u0103ra\u021bi praf de hidroxibutirat gamma (GHB) - Cele mai bune medicamente globale<\/title>\n<meta name=\"description\" content=\"Cump\u0103ra\u021bi pulbere Gamma-Hidroxibutiric GHB de v\u00e2nzare \u00een Marea Britanie, Europa, Japonia, Emiratele Arabe Unite, China, Asia de la cel mai bun furnizor angro GHB, garant\u0103m livrare discret\u0103 \u00een \u00eentreaga lume\" \/>\n<meta name=\"robots\" content=\"index, follow, max-snippet:-1, max-image-preview:large, max-video-preview:-1\" \/>\n<link rel=\"canonical\" href=\"https:\/\/medicinasinc.com\/ro\/product\/cumpara-gamma-hidroxibutirat-ghb-pulbere\/\" \/>\n<meta property=\"og:locale\" content=\"en_US\" \/>\n<meta property=\"og:type\" content=\"article\" \/>\n<meta property=\"og:title\" content=\"Cump\u0103ra\u021bi praf de hidroxibutirat gamma (GHB) - Cele mai bune medicamente globale\" \/>\n<meta property=\"og:description\" content=\"Cump\u0103ra\u021bi pulbere Gamma-Hidroxibutiric GHB de v\u00e2nzare \u00een Marea Britanie, Europa, Japonia, Emiratele Arabe Unite, China, Asia de la cel mai bun furnizor angro GHB, garant\u0103m livrare discret\u0103 \u00een \u00eentreaga lume\" \/>\n<meta property=\"og:url\" content=\"https:\/\/medicinasinc.com\/ro\/product\/cumpara-gamma-hidroxibutirat-ghb-pulbere\/\" \/>\n<meta property=\"og:site_name\" content=\"Medicinas Inc\" \/>\n<meta property=\"article:modified_time\" content=\"2022-03-22T00:46:54+00:00\" \/>\n<meta property=\"og:image\" content=\"https:\/\/medicinasinc.com\/ro\/wp-content\/uploads\/sites\/11\/2022\/02\/buy-GHB-powder-1.jpg\" \/>\n\t<meta property=\"og:image:width\" content=\"612\" \/>\n\t<meta property=\"og:image:height\" content=\"408\" \/>\n\t<meta property=\"og:image:type\" content=\"image\/jpeg\" \/>\n<meta name=\"twitter:card\" content=\"summary_large_image\" \/>\n<meta name=\"twitter:label1\" content=\"Est. reading time\" \/>\n\t<meta name=\"twitter:data1\" content=\"2 minutes\" \/>\n<script type=\"application\/ld+json\" class=\"yoast-schema-graph\">{\"@context\":\"https:\\\/\\\/schema.org\",\"@graph\":[{\"@type\":\"WebPage\",\"@id\":\"https:\\\/\\\/medicinasinc.com\\\/ro\\\/product\\\/cumpara-gamma-hidroxibutirat-ghb-pulbere\\\/\",\"url\":\"https:\\\/\\\/medicinasinc.com\\\/ro\\\/product\\\/cumpara-gamma-hidroxibutirat-ghb-pulbere\\\/\",\"name\":\"Cump\u0103ra\u021bi praf de hidroxibutirat gamma (GHB) - Cele mai bune medicamente globale\",\"isPartOf\":{\"@id\":\"https:\\\/\\\/medicinasinc.com\\\/ro\\\/#website\"},\"primaryImageOfPage\":{\"@id\":\"https:\\\/\\\/medicinasinc.com\\\/ro\\\/product\\\/cumpara-gamma-hidroxibutirat-ghb-pulbere\\\/#primaryimage\"},\"image\":{\"@id\":\"https:\\\/\\\/medicinasinc.com\\\/ro\\\/product\\\/cumpara-gamma-hidroxibutirat-ghb-pulbere\\\/#primaryimage\"},\"thumbnailUrl\":\"https:\\\/\\\/medicinasinc.com\\\/ro\\\/wp-content\\\/uploads\\\/sites\\\/11\\\/2022\\\/02\\\/buy-GHB-powder-1.jpg\",\"datePublished\":\"2022-02-22T07:36:01+00:00\",\"dateModified\":\"2022-03-22T00:46:54+00:00\",\"description\":\"Cump\u0103ra\u021bi pulbere Gamma-Hidroxibutiric GHB de v\u00e2nzare \u00een Marea Britanie, Europa, Japonia, Emiratele Arabe Unite, China, Asia de la cel mai bun furnizor angro GHB, garant\u0103m livrare discret\u0103 \u00een \u00eentreaga lume\",\"breadcrumb\":{\"@id\":\"https:\\\/\\\/medicinasinc.com\\\/ro\\\/product\\\/cumpara-gamma-hidroxibutirat-ghb-pulbere\\\/#breadcrumb\"},\"inLanguage\":\"en-US\",\"potentialAction\":[{\"@type\":\"ReadAction\",\"target\":[\"https:\\\/\\\/medicinasinc.com\\\/ro\\\/product\\\/cumpara-gamma-hidroxibutirat-ghb-pulbere\\\/\"]}]},{\"@type\":\"ImageObject\",\"inLanguage\":\"en-US\",\"@id\":\"https:\\\/\\\/medicinasinc.com\\\/ro\\\/product\\\/cumpara-gamma-hidroxibutirat-ghb-pulbere\\\/#primaryimage\",\"url\":\"https:\\\/\\\/medicinasinc.com\\\/ro\\\/wp-content\\\/uploads\\\/sites\\\/11\\\/2022\\\/02\\\/buy-GHB-powder-1.jpg\",\"contentUrl\":\"https:\\\/\\\/medicinasinc.com\\\/ro\\\/wp-content\\\/uploads\\\/sites\\\/11\\\/2022\\\/02\\\/buy-GHB-powder-1.jpg\",\"width\":612,\"height\":408},{\"@type\":\"BreadcrumbList\",\"@id\":\"https:\\\/\\\/medicinasinc.com\\\/ro\\\/product\\\/cumpara-gamma-hidroxibutirat-ghb-pulbere\\\/#breadcrumb\",\"itemListElement\":[{\"@type\":\"ListItem\",\"position\":1,\"name\":\"Magazin\",\"item\":\"https:\\\/\\\/medicinasinc.com\\\/ro\\\/magazin\\\/\"},{\"@type\":\"ListItem\",\"position\":2,\"name\":\"Cump\u0103ra\u021bi pudr\u0103 gamma hidroxibutirat (GHB).\"}]},{\"@type\":\"WebSite\",\"@id\":\"https:\\\/\\\/medicinasinc.com\\\/ro\\\/#website\",\"url\":\"https:\\\/\\\/medicinasinc.com\\\/ro\\\/\",\"name\":\"Medicinas Inc\",\"description\":\"Health Medical Clinic\",\"potentialAction\":[{\"@type\":\"SearchAction\",\"target\":{\"@type\":\"EntryPoint\",\"urlTemplate\":\"https:\\\/\\\/medicinasinc.com\\\/ro\\\/?s={search_term_string}\"},\"query-input\":{\"@type\":\"PropertyValueSpecification\",\"valueRequired\":true,\"valueName\":\"search_term_string\"}}],\"inLanguage\":\"en-US\"}]}<\/script>\n<!-- \/ Yoast SEO plugin. -->","yoast_head_json":{"title":"Cump\u0103ra\u021bi praf de hidroxibutirat gamma (GHB) - Cele mai bune medicamente globale","description":"Cump\u0103ra\u021bi pulbere Gamma-Hidroxibutiric GHB de v\u00e2nzare \u00een Marea Britanie, Europa, Japonia, Emiratele Arabe Unite, China, Asia de la cel mai bun furnizor angro GHB, garant\u0103m livrare discret\u0103 \u00een \u00eentreaga lume","robots":{"index":"index","follow":"follow","max-snippet":"max-snippet:-1","max-image-preview":"max-image-preview:large","max-video-preview":"max-video-preview:-1"},"canonical":"https:\/\/medicinasinc.com\/ro\/product\/cumpara-gamma-hidroxibutirat-ghb-pulbere\/","og_locale":"en_US","og_type":"article","og_title":"Cump\u0103ra\u021bi praf de hidroxibutirat gamma (GHB) - Cele mai bune medicamente globale","og_description":"Cump\u0103ra\u021bi pulbere Gamma-Hidroxibutiric GHB de v\u00e2nzare \u00een Marea Britanie, Europa, Japonia, Emiratele Arabe Unite, China, Asia de la cel mai bun furnizor angro GHB, garant\u0103m livrare discret\u0103 \u00een \u00eentreaga lume","og_url":"https:\/\/medicinasinc.com\/ro\/product\/cumpara-gamma-hidroxibutirat-ghb-pulbere\/","og_site_name":"Medicinas Inc","article_modified_time":"2022-03-22T00:46:54+00:00","og_image":[{"width":612,"height":408,"url":"https:\/\/medicinasinc.com\/ro\/wp-content\/uploads\/sites\/11\/2022\/02\/buy-GHB-powder-1.jpg","type":"image\/jpeg"}],"twitter_card":"summary_large_image","twitter_misc":{"Est. reading time":"2 minutes"},"schema":{"@context":"https:\/\/schema.org","@graph":[{"@type":"WebPage","@id":"https:\/\/medicinasinc.com\/ro\/product\/cumpara-gamma-hidroxibutirat-ghb-pulbere\/","url":"https:\/\/medicinasinc.com\/ro\/product\/cumpara-gamma-hidroxibutirat-ghb-pulbere\/","name":"Cump\u0103ra\u021bi praf de hidroxibutirat gamma (GHB) - Cele mai bune medicamente globale","isPartOf":{"@id":"https:\/\/medicinasinc.com\/ro\/#website"},"primaryImageOfPage":{"@id":"https:\/\/medicinasinc.com\/ro\/product\/cumpara-gamma-hidroxibutirat-ghb-pulbere\/#primaryimage"},"image":{"@id":"https:\/\/medicinasinc.com\/ro\/product\/cumpara-gamma-hidroxibutirat-ghb-pulbere\/#primaryimage"},"thumbnailUrl":"https:\/\/medicinasinc.com\/ro\/wp-content\/uploads\/sites\/11\/2022\/02\/buy-GHB-powder-1.jpg","datePublished":"2022-02-22T07:36:01+00:00","dateModified":"2022-03-22T00:46:54+00:00","description":"Cump\u0103ra\u021bi pulbere Gamma-Hidroxibutiric GHB de v\u00e2nzare \u00een Marea Britanie, Europa, Japonia, Emiratele Arabe Unite, China, Asia de la cel mai bun furnizor angro GHB, garant\u0103m livrare discret\u0103 \u00een \u00eentreaga lume","breadcrumb":{"@id":"https:\/\/medicinasinc.com\/ro\/product\/cumpara-gamma-hidroxibutirat-ghb-pulbere\/#breadcrumb"},"inLanguage":"en-US","potentialAction":[{"@type":"ReadAction","target":["https:\/\/medicinasinc.com\/ro\/product\/cumpara-gamma-hidroxibutirat-ghb-pulbere\/"]}]},{"@type":"ImageObject","inLanguage":"en-US","@id":"https:\/\/medicinasinc.com\/ro\/product\/cumpara-gamma-hidroxibutirat-ghb-pulbere\/#primaryimage","url":"https:\/\/medicinasinc.com\/ro\/wp-content\/uploads\/sites\/11\/2022\/02\/buy-GHB-powder-1.jpg","contentUrl":"https:\/\/medicinasinc.com\/ro\/wp-content\/uploads\/sites\/11\/2022\/02\/buy-GHB-powder-1.jpg","width":612,"height":408},{"@type":"BreadcrumbList","@id":"https:\/\/medicinasinc.com\/ro\/product\/cumpara-gamma-hidroxibutirat-ghb-pulbere\/#breadcrumb","itemListElement":[{"@type":"ListItem","position":1,"name":"Magazin","item":"https:\/\/medicinasinc.com\/ro\/magazin\/"},{"@type":"ListItem","position":2,"name":"Cump\u0103ra\u021bi pudr\u0103 gamma hidroxibutirat (GHB)."}]},{"@type":"WebSite","@id":"https:\/\/medicinasinc.com\/ro\/#website","url":"https:\/\/medicinasinc.com\/ro\/","name":"Medicinas Inc","description":"Health Medical Clinic","potentialAction":[{"@type":"SearchAction","target":{"@type":"EntryPoint","urlTemplate":"https:\/\/medicinasinc.com\/ro\/?s={search_term_string}"},"query-input":{"@type":"PropertyValueSpecification","valueRequired":true,"valueName":"search_term_string"}}],"inLanguage":"en-US"}]}},"_links":{"self":[{"href":"https:\/\/medicinasinc.com\/ro\/wp-json\/wp\/v2\/product\/5863","targetHints":{"allow":["GET"]}}],"collection":[{"href":"https:\/\/medicinasinc.com\/ro\/wp-json\/wp\/v2\/product"}],"about":[{"href":"https:\/\/medicinasinc.com\/ro\/wp-json\/wp\/v2\/types\/product"}],"replies":[{"embeddable":true,"href":"https:\/\/medicinasinc.com\/ro\/wp-json\/wp\/v2\/comments?post=5863"}],"wp:featuredmedia":[{"embeddable":true,"href":"https:\/\/medicinasinc.com\/ro\/wp-json\/wp\/v2\/media\/5873"}],"wp:attachment":[{"href":"https:\/\/medicinasinc.com\/ro\/wp-json\/wp\/v2\/media?parent=5863"}],"wp:term":[{"taxonomy":"product_brand","embeddable":true,"href":"https:\/\/medicinasinc.com\/ro\/wp-json\/wp\/v2\/product_brand?post=5863"},{"taxonomy":"product_cat","embeddable":true,"href":"https:\/\/medicinasinc.com\/ro\/wp-json\/wp\/v2\/product_cat?post=5863"},{"taxonomy":"product_tag","embeddable":true,"href":"https:\/\/medicinasinc.com\/ro\/wp-json\/wp\/v2\/product_tag?post=5863"}],"curies":[{"name":"wp","href":"https:\/\/api.w.org\/{rel}","templated":true}]}}