{"id":5858,"date":"2022-02-22T07:31:17","date_gmt":"2022-02-22T07:31:17","guid":{"rendered":"https:\/\/medicinasinc.com\/ro\/?post_type=product&#038;p=5858"},"modified":"2022-03-22T00:47:04","modified_gmt":"2022-03-22T00:47:04","slug":"cumparati-gamma-hidroxibutirat-ghb-lichid","status":"publish","type":"product","link":"https:\/\/medicinasinc.com\/ro\/product\/cumparati-gamma-hidroxibutirat-ghb-lichid\/","title":{"rendered":"Cump\u0103ra\u021bi lichid gamma hidroxibutirat (GHB)."},"content":{"rendered":"<p>GHB gamma-hidroxibutiric de v\u00e2nzare \u00een Regatul Unit, Europa, Japonia, Emiratele Arabe Unite, China \u0219i Asia de la cea mai mare surs\u0103 angro de GHB. Promitem transport interna\u021bional discret.<\/p>\n<p>-Acidul hidroxibutiric (GHB), cunoscut \u0219i sub denumirea de acid 4-hidroxibutanoic, este un neurotransmi\u021b\u0103tor natural \u0219i o substan\u021b\u0103 halucinogen\u0103. \u00cen anumite loca\u021bii ale creierului, ac\u021bioneaz\u0103 ca un precursor al GABA, glutamatului \u0219i glicinei. Este un agonist modest la receptorul GABAB \u0219i ac\u021bioneaz\u0103 asupra receptorului GHB. GHB a fost folosit ca anestezic general \u0219i ca tratament pentru cataplexie, narcolepsie \u0219i alcoolism \u00een mediul medical. \u00cen plus, este folosit ilegal ca substan\u021b\u0103 toxic\u0103, un stimulent de performan\u021b\u0103, un drog pentru viol de curmal \u0219i o substan\u021b\u0103 recreativ\u0103.<\/p>\n<p>Este frecvent utilizat ca sare sub form\u0103 de hidroxibutirat de sodiu (NaGHB, sodiu). oxibat sau Xyrem) sau hidroxibutirat de potasiu (KGHB, oxibat de potasiu). GHB este, de asemenea, creat \u00een timpul fermenta\u021biei \u0219i se g\u0103se\u0219te \u00een urme \u00eentr-o varietate de beri \u0219i vinuri, precum \u0219i \u00een carnea de vit\u0103 \u0219i mici fructe citrice.<\/p>\n<p>GHB este utilizat \u00een scopuri medicale pentru a trata narcolepsia \u0219i, mai rar, alcoolismul, de\u0219i eficacitatea sa \u00een compara\u021bie cu alte farmacoterapii pentru alcoolism r\u0103m\u00e2ne necunoscut\u0103.<\/p>\n<p>Este ocazional utilizat \u00een afara etichetei pentru tratarea fibromialgiei.<\/p>\n<p>Oxibatul de sodiu este un medicament eliberat pe baz\u0103 de re\u021bet\u0103 care con\u021bine componenta activ\u0103 GHB (Xyrem). Administra\u021bia SUA pentru Alimente \u0219i Medicamente a aprobat oxibat de sodiu pentru tratamentul cataplexiei asociate cu narcolepsie \u0219i somnolen\u021b\u0103 diurn\u0103 excesiv\u0103 (EDS) asociat\u0103 cu narcolepsie.<\/p>\n<p>\u00cen testele de laten\u021b\u0103 a somnului multiple modificate, s-a descoperit c\u0103 GHB cre\u0219te \u00een mod fiabil. somn cu unde lente \u0219i sc\u0103derea \u00eenclina\u021biei c\u0103tre somnul REM.<\/p>\n<p>Etichetarea aprobat\u0103 de FDA pentru oxibat de sodiu indic\u0103 faptul c\u0103 nu exist\u0103 dovezi c\u0103 GHB este cancerigen, teratogen sau hepatotoxic. Profilul s\u0103u de siguran\u021b\u0103 superior etanolului poate explica de ce GHB este \u00eenc\u0103 explorat] ca posibil substitut al alcoolului.<\/p>\n","protected":false},"excerpt":{"rendered":"<p>Cump\u0103ra\u021bi lichid GHB gamma-hidroxibutiric de v\u00e2nzare \u00een Marea Britanie, Europa, Japonia, Emiratele Arabe Unite, China, Asia de la cel mai bun furnizor angro GHB, garant\u0103m livrare discret\u0103 \u00een toat\u0103 lumea<\/p>\n<p>Cantitate minim\u0103\u00a0 200 ml<\/p>\n","protected":false},"featured_media":5868,"comment_status":"open","ping_status":"closed","template":"","meta":[],"product_brand":[],"product_cat":[2014],"product_tag":[4018,4019,4015,4016,4020,4014,4017,4022,4021],"class_list":{"0":"post-5858","1":"product","2":"type-product","3":"status-publish","4":"has-post-thumbnail","6":"product_cat-cumprare-cercetare-chimice","7":"product_tag-acidul-gamma-hidroxibutiric-i-hormonul-de-cretere","8":"product_tag-antidepresiv-acid-gamma-hidroxibutiric","9":"product_tag-buy-ghb","10":"product_tag-buy-ghb-online","11":"product_tag-acid-gama-hidroxibutiric-culturism","12":"product_tag-cumprai-gamma-hidroxibutirat-online","13":"product_tag-drug","14":"product_tag-ghb-de-vanzare","15":"product_tag-preul-acidului-gama-hidroxibutiric","17":"first","18":"instock","19":"shipping-taxable","20":"purchasable","21":"product-type-variable"},"yoast_head":"<!-- This site is optimized with the Yoast SEO plugin v27.3 - https:\/\/yoast.com\/product\/yoast-seo-wordpress\/ -->\n<title>Cump\u0103ra\u021bi gama hidroxibutirat (GHB) - Cele mai bune medicamente globale<\/title>\n<meta name=\"description\" content=\"Cump\u0103ra\u021bi lichid GHB gamma-hidroxibutiric de v\u00e2nzare \u00een Marea Britanie, Europa, Japonia, Emiratele Arabe Unite, China, Asia de la cel mai bun furnizor angro GHB, garant\u0103m livrare discret\u0103 \u00een \u00eentreaga lume\" \/>\n<meta name=\"robots\" content=\"index, follow, max-snippet:-1, max-image-preview:large, max-video-preview:-1\" \/>\n<link rel=\"canonical\" href=\"https:\/\/medicinasinc.com\/ro\/product\/cumparati-gamma-hidroxibutirat-ghb-lichid\/\" \/>\n<meta property=\"og:locale\" content=\"en_US\" \/>\n<meta property=\"og:type\" content=\"article\" \/>\n<meta property=\"og:title\" content=\"Cump\u0103ra\u021bi gama hidroxibutirat (GHB) - Cele mai bune medicamente globale\" \/>\n<meta property=\"og:description\" content=\"Cump\u0103ra\u021bi lichid GHB gamma-hidroxibutiric de v\u00e2nzare \u00een Marea Britanie, Europa, Japonia, Emiratele Arabe Unite, China, Asia de la cel mai bun furnizor angro GHB, garant\u0103m livrare discret\u0103 \u00een \u00eentreaga lume\" \/>\n<meta property=\"og:url\" content=\"https:\/\/medicinasinc.com\/ro\/product\/cumparati-gamma-hidroxibutirat-ghb-lichid\/\" \/>\n<meta property=\"og:site_name\" content=\"Medicinas Inc\" \/>\n<meta property=\"article:modified_time\" content=\"2022-03-22T00:47:04+00:00\" \/>\n<meta property=\"og:image\" content=\"https:\/\/medicinasinc.com\/ro\/wp-content\/uploads\/sites\/11\/2022\/02\/Buy-gamma-hydroxybutyrate.jpg\" \/>\n\t<meta property=\"og:image:width\" content=\"600\" \/>\n\t<meta property=\"og:image:height\" content=\"450\" \/>\n\t<meta property=\"og:image:type\" content=\"image\/jpeg\" \/>\n<meta name=\"twitter:card\" content=\"summary_large_image\" \/>\n<meta name=\"twitter:label1\" content=\"Est. reading time\" \/>\n\t<meta name=\"twitter:data1\" content=\"2 minutes\" \/>\n<script type=\"application\/ld+json\" class=\"yoast-schema-graph\">{\"@context\":\"https:\\\/\\\/schema.org\",\"@graph\":[{\"@type\":\"WebPage\",\"@id\":\"https:\\\/\\\/medicinasinc.com\\\/ro\\\/product\\\/cumparati-gamma-hidroxibutirat-ghb-lichid\\\/\",\"url\":\"https:\\\/\\\/medicinasinc.com\\\/ro\\\/product\\\/cumparati-gamma-hidroxibutirat-ghb-lichid\\\/\",\"name\":\"Cump\u0103ra\u021bi gama hidroxibutirat (GHB) - Cele mai bune medicamente globale\",\"isPartOf\":{\"@id\":\"https:\\\/\\\/medicinasinc.com\\\/ro\\\/#website\"},\"primaryImageOfPage\":{\"@id\":\"https:\\\/\\\/medicinasinc.com\\\/ro\\\/product\\\/cumparati-gamma-hidroxibutirat-ghb-lichid\\\/#primaryimage\"},\"image\":{\"@id\":\"https:\\\/\\\/medicinasinc.com\\\/ro\\\/product\\\/cumparati-gamma-hidroxibutirat-ghb-lichid\\\/#primaryimage\"},\"thumbnailUrl\":\"https:\\\/\\\/medicinasinc.com\\\/ro\\\/wp-content\\\/uploads\\\/sites\\\/11\\\/2022\\\/02\\\/Buy-gamma-hydroxybutyrate.jpg\",\"datePublished\":\"2022-02-22T07:31:17+00:00\",\"dateModified\":\"2022-03-22T00:47:04+00:00\",\"description\":\"Cump\u0103ra\u021bi lichid GHB gamma-hidroxibutiric de v\u00e2nzare \u00een Marea Britanie, Europa, Japonia, Emiratele Arabe Unite, China, Asia de la cel mai bun furnizor angro GHB, garant\u0103m livrare discret\u0103 \u00een \u00eentreaga lume\",\"breadcrumb\":{\"@id\":\"https:\\\/\\\/medicinasinc.com\\\/ro\\\/product\\\/cumparati-gamma-hidroxibutirat-ghb-lichid\\\/#breadcrumb\"},\"inLanguage\":\"en-US\",\"potentialAction\":[{\"@type\":\"ReadAction\",\"target\":[\"https:\\\/\\\/medicinasinc.com\\\/ro\\\/product\\\/cumparati-gamma-hidroxibutirat-ghb-lichid\\\/\"]}]},{\"@type\":\"ImageObject\",\"inLanguage\":\"en-US\",\"@id\":\"https:\\\/\\\/medicinasinc.com\\\/ro\\\/product\\\/cumparati-gamma-hidroxibutirat-ghb-lichid\\\/#primaryimage\",\"url\":\"https:\\\/\\\/medicinasinc.com\\\/ro\\\/wp-content\\\/uploads\\\/sites\\\/11\\\/2022\\\/02\\\/Buy-gamma-hydroxybutyrate.jpg\",\"contentUrl\":\"https:\\\/\\\/medicinasinc.com\\\/ro\\\/wp-content\\\/uploads\\\/sites\\\/11\\\/2022\\\/02\\\/Buy-gamma-hydroxybutyrate.jpg\",\"width\":600,\"height\":450},{\"@type\":\"BreadcrumbList\",\"@id\":\"https:\\\/\\\/medicinasinc.com\\\/ro\\\/product\\\/cumparati-gamma-hidroxibutirat-ghb-lichid\\\/#breadcrumb\",\"itemListElement\":[{\"@type\":\"ListItem\",\"position\":1,\"name\":\"Magazin\",\"item\":\"https:\\\/\\\/medicinasinc.com\\\/ro\\\/magazin\\\/\"},{\"@type\":\"ListItem\",\"position\":2,\"name\":\"Cump\u0103ra\u021bi lichid gamma hidroxibutirat (GHB).\"}]},{\"@type\":\"WebSite\",\"@id\":\"https:\\\/\\\/medicinasinc.com\\\/ro\\\/#website\",\"url\":\"https:\\\/\\\/medicinasinc.com\\\/ro\\\/\",\"name\":\"Medicinas Inc\",\"description\":\"Health Medical Clinic\",\"potentialAction\":[{\"@type\":\"SearchAction\",\"target\":{\"@type\":\"EntryPoint\",\"urlTemplate\":\"https:\\\/\\\/medicinasinc.com\\\/ro\\\/?s={search_term_string}\"},\"query-input\":{\"@type\":\"PropertyValueSpecification\",\"valueRequired\":true,\"valueName\":\"search_term_string\"}}],\"inLanguage\":\"en-US\"}]}<\/script>\n<!-- \/ Yoast SEO plugin. -->","yoast_head_json":{"title":"Cump\u0103ra\u021bi gama hidroxibutirat (GHB) - Cele mai bune medicamente globale","description":"Cump\u0103ra\u021bi lichid GHB gamma-hidroxibutiric de v\u00e2nzare \u00een Marea Britanie, Europa, Japonia, Emiratele Arabe Unite, China, Asia de la cel mai bun furnizor angro GHB, garant\u0103m livrare discret\u0103 \u00een \u00eentreaga lume","robots":{"index":"index","follow":"follow","max-snippet":"max-snippet:-1","max-image-preview":"max-image-preview:large","max-video-preview":"max-video-preview:-1"},"canonical":"https:\/\/medicinasinc.com\/ro\/product\/cumparati-gamma-hidroxibutirat-ghb-lichid\/","og_locale":"en_US","og_type":"article","og_title":"Cump\u0103ra\u021bi gama hidroxibutirat (GHB) - Cele mai bune medicamente globale","og_description":"Cump\u0103ra\u021bi lichid GHB gamma-hidroxibutiric de v\u00e2nzare \u00een Marea Britanie, Europa, Japonia, Emiratele Arabe Unite, China, Asia de la cel mai bun furnizor angro GHB, garant\u0103m livrare discret\u0103 \u00een \u00eentreaga lume","og_url":"https:\/\/medicinasinc.com\/ro\/product\/cumparati-gamma-hidroxibutirat-ghb-lichid\/","og_site_name":"Medicinas Inc","article_modified_time":"2022-03-22T00:47:04+00:00","og_image":[{"width":600,"height":450,"url":"https:\/\/medicinasinc.com\/ro\/wp-content\/uploads\/sites\/11\/2022\/02\/Buy-gamma-hydroxybutyrate.jpg","type":"image\/jpeg"}],"twitter_card":"summary_large_image","twitter_misc":{"Est. reading time":"2 minutes"},"schema":{"@context":"https:\/\/schema.org","@graph":[{"@type":"WebPage","@id":"https:\/\/medicinasinc.com\/ro\/product\/cumparati-gamma-hidroxibutirat-ghb-lichid\/","url":"https:\/\/medicinasinc.com\/ro\/product\/cumparati-gamma-hidroxibutirat-ghb-lichid\/","name":"Cump\u0103ra\u021bi gama hidroxibutirat (GHB) - Cele mai bune medicamente globale","isPartOf":{"@id":"https:\/\/medicinasinc.com\/ro\/#website"},"primaryImageOfPage":{"@id":"https:\/\/medicinasinc.com\/ro\/product\/cumparati-gamma-hidroxibutirat-ghb-lichid\/#primaryimage"},"image":{"@id":"https:\/\/medicinasinc.com\/ro\/product\/cumparati-gamma-hidroxibutirat-ghb-lichid\/#primaryimage"},"thumbnailUrl":"https:\/\/medicinasinc.com\/ro\/wp-content\/uploads\/sites\/11\/2022\/02\/Buy-gamma-hydroxybutyrate.jpg","datePublished":"2022-02-22T07:31:17+00:00","dateModified":"2022-03-22T00:47:04+00:00","description":"Cump\u0103ra\u021bi lichid GHB gamma-hidroxibutiric de v\u00e2nzare \u00een Marea Britanie, Europa, Japonia, Emiratele Arabe Unite, China, Asia de la cel mai bun furnizor angro GHB, garant\u0103m livrare discret\u0103 \u00een \u00eentreaga lume","breadcrumb":{"@id":"https:\/\/medicinasinc.com\/ro\/product\/cumparati-gamma-hidroxibutirat-ghb-lichid\/#breadcrumb"},"inLanguage":"en-US","potentialAction":[{"@type":"ReadAction","target":["https:\/\/medicinasinc.com\/ro\/product\/cumparati-gamma-hidroxibutirat-ghb-lichid\/"]}]},{"@type":"ImageObject","inLanguage":"en-US","@id":"https:\/\/medicinasinc.com\/ro\/product\/cumparati-gamma-hidroxibutirat-ghb-lichid\/#primaryimage","url":"https:\/\/medicinasinc.com\/ro\/wp-content\/uploads\/sites\/11\/2022\/02\/Buy-gamma-hydroxybutyrate.jpg","contentUrl":"https:\/\/medicinasinc.com\/ro\/wp-content\/uploads\/sites\/11\/2022\/02\/Buy-gamma-hydroxybutyrate.jpg","width":600,"height":450},{"@type":"BreadcrumbList","@id":"https:\/\/medicinasinc.com\/ro\/product\/cumparati-gamma-hidroxibutirat-ghb-lichid\/#breadcrumb","itemListElement":[{"@type":"ListItem","position":1,"name":"Magazin","item":"https:\/\/medicinasinc.com\/ro\/magazin\/"},{"@type":"ListItem","position":2,"name":"Cump\u0103ra\u021bi lichid gamma hidroxibutirat (GHB)."}]},{"@type":"WebSite","@id":"https:\/\/medicinasinc.com\/ro\/#website","url":"https:\/\/medicinasinc.com\/ro\/","name":"Medicinas Inc","description":"Health Medical Clinic","potentialAction":[{"@type":"SearchAction","target":{"@type":"EntryPoint","urlTemplate":"https:\/\/medicinasinc.com\/ro\/?s={search_term_string}"},"query-input":{"@type":"PropertyValueSpecification","valueRequired":true,"valueName":"search_term_string"}}],"inLanguage":"en-US"}]}},"_links":{"self":[{"href":"https:\/\/medicinasinc.com\/ro\/wp-json\/wp\/v2\/product\/5858","targetHints":{"allow":["GET"]}}],"collection":[{"href":"https:\/\/medicinasinc.com\/ro\/wp-json\/wp\/v2\/product"}],"about":[{"href":"https:\/\/medicinasinc.com\/ro\/wp-json\/wp\/v2\/types\/product"}],"replies":[{"embeddable":true,"href":"https:\/\/medicinasinc.com\/ro\/wp-json\/wp\/v2\/comments?post=5858"}],"wp:featuredmedia":[{"embeddable":true,"href":"https:\/\/medicinasinc.com\/ro\/wp-json\/wp\/v2\/media\/5868"}],"wp:attachment":[{"href":"https:\/\/medicinasinc.com\/ro\/wp-json\/wp\/v2\/media?parent=5858"}],"wp:term":[{"taxonomy":"product_brand","embeddable":true,"href":"https:\/\/medicinasinc.com\/ro\/wp-json\/wp\/v2\/product_brand?post=5858"},{"taxonomy":"product_cat","embeddable":true,"href":"https:\/\/medicinasinc.com\/ro\/wp-json\/wp\/v2\/product_cat?post=5858"},{"taxonomy":"product_tag","embeddable":true,"href":"https:\/\/medicinasinc.com\/ro\/wp-json\/wp\/v2\/product_tag?post=5858"}],"curies":[{"name":"wp","href":"https:\/\/api.w.org\/{rel}","templated":true}]}}