{"id":5852,"date":"2022-02-22T07:25:44","date_gmt":"2022-02-22T07:25:44","guid":{"rendered":"https:\/\/medicinasinc.com\/ro\/?post_type=product&#038;p=5852"},"modified":"2022-03-22T00:47:15","modified_gmt":"2022-03-22T00:47:15","slug":"cumpara-amfetamina-pulbere","status":"publish","type":"product","link":"https:\/\/medicinasinc.com\/ro\/product\/cumpara-amfetamina-pulbere\/","title":{"rendered":"Cump\u0103ra\u021bi pudr\u0103 de amfetamin\u0103"},"content":{"rendered":"<p>Pudra de amfetamin\u0103 poate fi achizi\u021bionat\u0103 online.<\/p>\n<p>Pudra de amfetamin\u0103 online \u00een Regatul Unit, Europa \u0219i Uniunea European\u0103, Pudr\u0103 de amfetamine la comand\u0103 prin po\u0219t\u0103, Amfetaminele sunt medicamente stimulatoare, ceea ce \u00eenseamn\u0103 c\u0103 accelereaz\u0103 transmiterea mesajelor \u00eentre creier \u0219i corp.<\/p>\n<p>Amfetaminele sunt medicamente stimulatoare, care accelereaz\u0103 transmiterea informa\u021biilor \u00eentre creier \u0219i corp.<\/p>\n<p>A\u021bi putea fi, de asemenea, interesat s\u0103 afla\u021bi mai multe despre efecte. \u0219i riscurile pentru s\u0103n\u0103tate asociate cu pudra de amfetamina. Se poate manifesta \u00een acela\u0219i mod \u00een care se manifest\u0103 numeroase alte medicamente.<\/p>\n<p>Anumite clase de amfetamine sunt recomandate \u00een mod legitim de c\u0103tre medici pentru tratamentul unor boli cum ar fi tulburarea de hiperactivitate cu deficit de aten\u021bie (ADHD) \u0219i narcolepsia (\u00een cazul \u00een care o persoan\u0103 are un impuls incontrolabil de a dormi). Alte tipuri de amfetamine, cum ar fi viteza, sunt produse \u0219i v\u00e2ndute ilicit. O fi\u0219\u0103 informativ\u0103 separat\u0103 este dedicat\u0103 formei mai puternice de metamfetamine, metamfetamina cristal (ghea\u021b\u0103).<\/p>\n<p>Amfetaminele exist\u0103 \u00eentr-o varietate de forme. Aceste medicamente sunt disponibile sub form\u0103 de pulbere, tablete, cristale \u0219i capsule. C\u00e2nd sunt v\u00e2ndute ilegal, pot fi ambalate \u00een \u201efolii\u201d (folie de aluminiu), pungi de plastic sau baloane miniaturale.<\/p>\n<p>Pudra de amfetamine variaz\u0103 \u00een culori de la alb la maro \u0219i, uneori, con\u021bine urme de gri sau roz. Are o arom\u0103 \u00een\u021bep\u0103toare \u0219i o arom\u0103 amar\u0103. Capsulele \u0219i tabletele care con\u021bin amfetamine variaz\u0103 semnificativ \u00een dimensiune \u0219i culoare.<\/p>\n<p>Amfetamine &#8211; Amfetaminele fabricate ilegal pot con\u021bine o combina\u021bie de droguri, lian\u021bi, cofein\u0103 \u0219i zah\u0103r. \u00cen plus, pot fi ad\u0103ugate noi medicamente psihoactive.<\/p>\n<p>Termeni \u00een argo<\/p>\n<p>Vitez\u0103, rapid, ascendent, uppers, louee, goey \u0219i whiz.<\/p>\n<p>Ce scop au. servesc?<\/p>\n<p>\u00cen general, amfetaminele sunt ingerate, injectate sau fumate. \u00cen plus, sunt pufnit.<\/p>\n<p>Efectele amfetaminelor<\/p>\n<p>Amfetaminele au un efect variabil asupra fiec\u0103rui individ, \u00een func\u021bie de:<\/p>\n<p>Indice de mas\u0103 corporal\u0103, greutate \u0219i s\u0103n\u0103tate <br \/> Dac\u0103 persoana este obi\u0219nuit\u0103 s\u0103-l ia<br \/> Dac\u0103 alte medicamente sunt luate concomitent<br \/> Suma retras\u0103<br \/> Poten\u021ba medicamentului (difer\u0103 de la lot la lot cu medicamente produse ilegal)<\/p>\n<p>Amfetaminele \u00ee\u0219i exercit\u0103 efectele instantaneu (fie c\u0103 sunt injectate sau fumate) sau \u00een decurs de 30 de minute (dac\u0103 sunt pufnite sau \u00eenghi\u021bite).<\/p>\n<p>Pot ap\u0103rea urm\u0103toarele efecte:<\/p>\n<p>Fericire \u0219i sine -asigurare<br \/> A vorbi mai mult \u0219i a te sim\u021bi mai plin de energie<br \/> Repetarea ac\u021biunilor simple precum m\u00e2nc\u0103rimea \u0219i zg\u00e2riatul<br \/> Pupilele mari \u0219i gura uscat\u0103<br \/> B\u0103t\u0103i rapide ale inimii \u0219i respira\u021bie<br \/> Scr\u00e2\u0219nirea din\u021bilor <br \/> Suprimarea apetitului<br \/> Transpira\u021bie excesiv\u0103<br \/> Excita\u021bie sexual\u0103 crescut\u0103<br \/> Supradozaj<\/p>\n<p>Dac\u0103 se consum\u0103 o cantitate semnificativ\u0103 sau un lot deosebit de puternic, poate duce, de asemenea, la o supradoz\u0103. Dac\u0103 apare oricare dintre urm\u0103toarele simptome, trebuie chemat\u0103 imediat o ambulan\u021b\u0103, form\u00e2nd triplul zero (000). Ofi\u021berii de ambulan\u021b\u0103 nu sunt obliga\u021bi s\u0103 se consulte cu poli\u021bia.<\/p>\n<p>Se potrive\u0219te cu b\u0103t\u0103ile inimii accelerate<br \/> Accident vascular cerebral, atac de cord \u0219i moarte<\/p>\n<p>Amfetaminele pufnit ar putea irita c\u0103ile nazale \u0219i pot duce la s\u00e2nger\u0103ri nazale.<\/p>\n<p>Injectarea de amfetamine \u0219i utilizarea \u00een comun a acelor v\u0103 poate cre\u0219te riscul de a contracta urm\u0103toarele:<\/p>\n<p>Virus Hepatita B<br \/> HIV\/SIDA Hepatita C<br \/> Tetanus<br \/> Descresc<\/p>\n<p>\u00cen urma consumului de amfetamine, pot ap\u0103rea urm\u0103toarele efecte:<\/p>\n<p>Insomnie \u0219i epuizare<br \/> Dureri de cap<br \/> Dezorientare \u0219i vedere \u00eentunecat\u0103<br \/> Confuzie, paranoia, \u0219i halucina\u021biile<br \/> Iritabilitatea, schimb\u0103rile de dispozi\u021bie \u0219i depresia sunt toate simptome ale depresiei.<\/p>\n<p>Folosirea unui deprimant, cum ar fi alcoolul, benzodiazepinele sau canabisul pentru a ajuta la procesul de \u201ecobor\u00e2re\u201d poate culmina \u00eentr-un ciclu de dependen\u021b\u0103 de ambele tipuri de substan\u021be.<\/p>\n<p>Consecin\u021bele pe termen lung<\/p>\n<p>Utilizarea regulat\u0103 a amfetaminelor poate duce \u00een cele din urm\u0103 la urm\u0103toarele:<\/p>\n<p>Suprimarea apetitului \u0219i pierdere rapid\u0103 \u00een greutate<br \/> Somn insomniac<br \/> Probleme dentare \u0219i usc\u0103ciunea gurii<br \/> R\u0103ceala \u0219i gripa sunt frecvente.<br \/> Dificult\u0103\u021bi de concentrare<br \/> Dificult\u0103\u021bi de respira\u021bie<br \/> Rigiditate muscular\u0103<br \/> Atacurile de panic\u0103 \u0219i paranoia<br \/> Depresia<br \/> Probleme cardiovasculare \u0219i renale<br \/> Riscul de accident vascular cerebral este crescut<br \/> Trebuie s\u0103 folosi\u021bi mai mult pentru a ob\u021bine impactul dorit<br \/> Dependen\u021ba de amfetamine<br \/> Dificult\u0103\u021bi financiare, profesionale \u0219i sociale<br \/> Psihoz\u0103 cauzate de amfetamine<\/p>\n<p>\u00cen plus, dozele mari \u0219i consumul intens repetat pot duce la o \u201epsihoz\u0103 amfetaminic\u0103\u201d, care se caracterizeaz\u0103 prin iluzii paranoide, halucina\u021bii \u0219i comportament agresiv sau violent din afara caracterului. Aceste simptome dispar adesea \u00een c\u00e2teva zile de la \u00eencetarea consumului de amfetamine.<\/p>\n<p>Amfetaminele \u00een combina\u021bie cu alte medicamente<\/p>\n<p>Interac\u021biunile dintre amfetamine \u0219i alte substan\u021be, cum ar fi excesul de amfetamine. medicamentele de contra sau pe baz\u0103 de re\u021bet\u0103, pot fi imprevizibile \u0219i mortale \u0219i pot avea ca rezultat urm\u0103toarele:<\/p>\n<p>Amfetaminele \u0219i anumite antidepresive provoac\u0103 hipertensiune arterial\u0103, care poate duce la puls neregulat, insuficien\u021b\u0103 cardiac\u0103 \u0219i accident vascular cerebral.<\/p>\n<p>4<\/p>\n<p>Amfetaminele utilizate cu alcool, canabis sau benzodiazepine pun organismul sub un stres extrem, deoarece \u00eencearc\u0103 s\u0103 fac\u0103 fa\u021b\u0103 efectelor contradictorii ale celor dou\u0103 medicamente, care pot duce la o supradoz\u0103.<\/p>\n<p>Retragerea<\/p>\n<p>Renun\u021barea la amfetamine dup\u0103 o perioad\u0103 prelungit\u0103 de utilizare este dificil\u0103, deoarece organismul trebuie s\u0103 se adapteze s\u0103 func\u021bioneze f\u0103r\u0103 ele. Simptomele de sevraj ar trebui s\u0103 dispar\u0103 \u00een decurs de o s\u0103pt\u0103m\u00e2n\u0103 \u0219i ar trebui s\u0103 dispar\u0103 complet dup\u0103 o lun\u0103. Simptomele includ urm\u0103toarele:<\/p>\n<p>Pofta de amfetamine<br \/> Stimularea apetitului<br \/> Nedumerire \u0219i irita\u021bie<br \/> V\u00e2n\u0103t\u0103i \u0219i dureri<br \/> Epuizare<br \/> Insomnie \u0219i co\u0219maruri<br \/> Tulbur\u0103ri afective, cum ar fi anxietatea, depresia \u0219i paranoia<\/p>\n","protected":false},"excerpt":{"rendered":"<p>Cump\u0103ra\u021bi pulbere de amfetamin\u0103 de v\u00e2nzare \u00een Marea Britanie, Europa, pastile generice \u0219i de marc\u0103 ieftine \u00een Sapporo, pute\u021bi cump\u0103ra pulbere de amfetamin\u0103 pentru v\u00e2nzare online folosind Bitcoin (BTC)<\/p>\n<p>Pudra de amfetamin\u0103 este un puternic stimulent al sistemului nervos central (neuroni ai creierului \u0219i m\u0103duvei spin\u0103rii) \u0219i a fost utilizat \u00een scopuri medicinale pentru a trata o varietate de afec\u021biuni. \u00cen plus, este extrem de dependent \u0219i are antecedente de abuz.<\/p>\n<p>Pudra de amfetamina este un medicament pe baz\u0103 de prescrip\u021bie medical\u0103 care este utilizat pentru a trata tulburarea de hiperactivitate cu deficit de aten\u021bie (ADHD).<\/p>\n","protected":false},"featured_media":5862,"comment_status":"open","ping_status":"closed","template":"","meta":[],"product_brand":[],"product_cat":[703,2014],"product_tag":[4009,4012,4010,4011,4013,4007,4008],"class_list":{"0":"post-5852","1":"product","2":"type-product","3":"status-publish","4":"has-post-thumbnail","6":"product_cat-cumpr-medicamente-psihedelice","7":"product_cat-cumprare-cercetare-chimice","8":"product_tag-buy-amphetamine-powder-online","9":"product_tag-cel-mai-bun-loc-pentru-a-cumpra-pulbere-de-amfetamina-online","10":"product_tag-comanda-amfetamina-pulbere-online","11":"product_tag-cumprare-amfetamina-pulbere-online","12":"product_tag-unde-s-cumprm-pulbere-amfetamin-online","13":"product_tag-amfetamina-pulbere","14":"product_tag-pulbere-83-amfetamina-c4-83-de-v-c3-a2nzare","16":"first","17":"instock","18":"shipping-taxable","19":"purchasable","20":"product-type-variable"},"yoast_head":"<!-- This site is optimized with the Yoast SEO plugin v27.3 - https:\/\/yoast.com\/product\/yoast-seo-wordpress\/ -->\n<title>Cump\u0103ra\u021bi pudr\u0103 de amfetamina - Cele mai bune medicamente globale<\/title>\n<meta name=\"description\" content=\"Cump\u0103ra\u021bi pudr\u0103 de amfetamin\u0103 de v\u00e2nzare \u00een Marea Britanie, Europa, pastile generice \u0219i de marc\u0103 ieftine \u00een Sapporo, pute\u021bi comanda pulbere de amfetamin\u0103 de v\u00e2nzare online folosind Bitcoin (BTC)\" \/>\n<meta name=\"robots\" content=\"index, follow, max-snippet:-1, max-image-preview:large, max-video-preview:-1\" \/>\n<link rel=\"canonical\" href=\"https:\/\/medicinasinc.com\/ro\/product\/cumpara-amfetamina-pulbere\/\" \/>\n<meta property=\"og:locale\" content=\"en_US\" \/>\n<meta property=\"og:type\" content=\"article\" \/>\n<meta property=\"og:title\" content=\"Cump\u0103ra\u021bi pudr\u0103 de amfetamina - Cele mai bune medicamente globale\" \/>\n<meta property=\"og:description\" content=\"Cump\u0103ra\u021bi pudr\u0103 de amfetamin\u0103 de v\u00e2nzare \u00een Marea Britanie, Europa, pastile generice \u0219i de marc\u0103 ieftine \u00een Sapporo, pute\u021bi comanda pulbere de amfetamin\u0103 de v\u00e2nzare online folosind Bitcoin (BTC)\" \/>\n<meta property=\"og:url\" content=\"https:\/\/medicinasinc.com\/ro\/product\/cumpara-amfetamina-pulbere\/\" \/>\n<meta property=\"og:site_name\" content=\"Medicinas Inc\" \/>\n<meta property=\"article:modified_time\" content=\"2022-03-22T00:47:15+00:00\" \/>\n<meta property=\"og:image\" content=\"https:\/\/medicinasinc.com\/ro\/wp-content\/uploads\/sites\/11\/2022\/02\/Buy-Amphetamine-Powder.png\" \/>\n\t<meta property=\"og:image:width\" content=\"412\" \/>\n\t<meta property=\"og:image:height\" content=\"550\" \/>\n\t<meta property=\"og:image:type\" content=\"image\/png\" \/>\n<meta name=\"twitter:card\" content=\"summary_large_image\" \/>\n<meta name=\"twitter:label1\" content=\"Est. reading time\" \/>\n\t<meta name=\"twitter:data1\" content=\"4 minutes\" \/>\n<script type=\"application\/ld+json\" class=\"yoast-schema-graph\">{\"@context\":\"https:\\\/\\\/schema.org\",\"@graph\":[{\"@type\":\"WebPage\",\"@id\":\"https:\\\/\\\/medicinasinc.com\\\/ro\\\/product\\\/cumpara-amfetamina-pulbere\\\/\",\"url\":\"https:\\\/\\\/medicinasinc.com\\\/ro\\\/product\\\/cumpara-amfetamina-pulbere\\\/\",\"name\":\"Cump\u0103ra\u021bi pudr\u0103 de amfetamina - Cele mai bune medicamente globale\",\"isPartOf\":{\"@id\":\"https:\\\/\\\/medicinasinc.com\\\/ro\\\/#website\"},\"primaryImageOfPage\":{\"@id\":\"https:\\\/\\\/medicinasinc.com\\\/ro\\\/product\\\/cumpara-amfetamina-pulbere\\\/#primaryimage\"},\"image\":{\"@id\":\"https:\\\/\\\/medicinasinc.com\\\/ro\\\/product\\\/cumpara-amfetamina-pulbere\\\/#primaryimage\"},\"thumbnailUrl\":\"https:\\\/\\\/medicinasinc.com\\\/ro\\\/wp-content\\\/uploads\\\/sites\\\/11\\\/2022\\\/02\\\/Buy-Amphetamine-Powder.png\",\"datePublished\":\"2022-02-22T07:25:44+00:00\",\"dateModified\":\"2022-03-22T00:47:15+00:00\",\"description\":\"Cump\u0103ra\u021bi pudr\u0103 de amfetamin\u0103 de v\u00e2nzare \u00een Marea Britanie, Europa, pastile generice \u0219i de marc\u0103 ieftine \u00een Sapporo, pute\u021bi comanda pulbere de amfetamin\u0103 de v\u00e2nzare online folosind Bitcoin (BTC)\",\"breadcrumb\":{\"@id\":\"https:\\\/\\\/medicinasinc.com\\\/ro\\\/product\\\/cumpara-amfetamina-pulbere\\\/#breadcrumb\"},\"inLanguage\":\"en-US\",\"potentialAction\":[{\"@type\":\"ReadAction\",\"target\":[\"https:\\\/\\\/medicinasinc.com\\\/ro\\\/product\\\/cumpara-amfetamina-pulbere\\\/\"]}]},{\"@type\":\"ImageObject\",\"inLanguage\":\"en-US\",\"@id\":\"https:\\\/\\\/medicinasinc.com\\\/ro\\\/product\\\/cumpara-amfetamina-pulbere\\\/#primaryimage\",\"url\":\"https:\\\/\\\/medicinasinc.com\\\/ro\\\/wp-content\\\/uploads\\\/sites\\\/11\\\/2022\\\/02\\\/Buy-Amphetamine-Powder.png\",\"contentUrl\":\"https:\\\/\\\/medicinasinc.com\\\/ro\\\/wp-content\\\/uploads\\\/sites\\\/11\\\/2022\\\/02\\\/Buy-Amphetamine-Powder.png\",\"width\":412,\"height\":550},{\"@type\":\"BreadcrumbList\",\"@id\":\"https:\\\/\\\/medicinasinc.com\\\/ro\\\/product\\\/cumpara-amfetamina-pulbere\\\/#breadcrumb\",\"itemListElement\":[{\"@type\":\"ListItem\",\"position\":1,\"name\":\"Magazin\",\"item\":\"https:\\\/\\\/medicinasinc.com\\\/ro\\\/magazin\\\/\"},{\"@type\":\"ListItem\",\"position\":2,\"name\":\"Cump\u0103ra\u021bi pudr\u0103 de amfetamin\u0103\"}]},{\"@type\":\"WebSite\",\"@id\":\"https:\\\/\\\/medicinasinc.com\\\/ro\\\/#website\",\"url\":\"https:\\\/\\\/medicinasinc.com\\\/ro\\\/\",\"name\":\"Medicinas Inc\",\"description\":\"Health Medical Clinic\",\"potentialAction\":[{\"@type\":\"SearchAction\",\"target\":{\"@type\":\"EntryPoint\",\"urlTemplate\":\"https:\\\/\\\/medicinasinc.com\\\/ro\\\/?s={search_term_string}\"},\"query-input\":{\"@type\":\"PropertyValueSpecification\",\"valueRequired\":true,\"valueName\":\"search_term_string\"}}],\"inLanguage\":\"en-US\"}]}<\/script>\n<!-- \/ Yoast SEO plugin. -->","yoast_head_json":{"title":"Cump\u0103ra\u021bi pudr\u0103 de amfetamina - Cele mai bune medicamente globale","description":"Cump\u0103ra\u021bi pudr\u0103 de amfetamin\u0103 de v\u00e2nzare \u00een Marea Britanie, Europa, pastile generice \u0219i de marc\u0103 ieftine \u00een Sapporo, pute\u021bi comanda pulbere de amfetamin\u0103 de v\u00e2nzare online folosind Bitcoin (BTC)","robots":{"index":"index","follow":"follow","max-snippet":"max-snippet:-1","max-image-preview":"max-image-preview:large","max-video-preview":"max-video-preview:-1"},"canonical":"https:\/\/medicinasinc.com\/ro\/product\/cumpara-amfetamina-pulbere\/","og_locale":"en_US","og_type":"article","og_title":"Cump\u0103ra\u021bi pudr\u0103 de amfetamina - Cele mai bune medicamente globale","og_description":"Cump\u0103ra\u021bi pudr\u0103 de amfetamin\u0103 de v\u00e2nzare \u00een Marea Britanie, Europa, pastile generice \u0219i de marc\u0103 ieftine \u00een Sapporo, pute\u021bi comanda pulbere de amfetamin\u0103 de v\u00e2nzare online folosind Bitcoin (BTC)","og_url":"https:\/\/medicinasinc.com\/ro\/product\/cumpara-amfetamina-pulbere\/","og_site_name":"Medicinas Inc","article_modified_time":"2022-03-22T00:47:15+00:00","og_image":[{"width":412,"height":550,"url":"https:\/\/medicinasinc.com\/ro\/wp-content\/uploads\/sites\/11\/2022\/02\/Buy-Amphetamine-Powder.png","type":"image\/png"}],"twitter_card":"summary_large_image","twitter_misc":{"Est. reading time":"4 minutes"},"schema":{"@context":"https:\/\/schema.org","@graph":[{"@type":"WebPage","@id":"https:\/\/medicinasinc.com\/ro\/product\/cumpara-amfetamina-pulbere\/","url":"https:\/\/medicinasinc.com\/ro\/product\/cumpara-amfetamina-pulbere\/","name":"Cump\u0103ra\u021bi pudr\u0103 de amfetamina - Cele mai bune medicamente globale","isPartOf":{"@id":"https:\/\/medicinasinc.com\/ro\/#website"},"primaryImageOfPage":{"@id":"https:\/\/medicinasinc.com\/ro\/product\/cumpara-amfetamina-pulbere\/#primaryimage"},"image":{"@id":"https:\/\/medicinasinc.com\/ro\/product\/cumpara-amfetamina-pulbere\/#primaryimage"},"thumbnailUrl":"https:\/\/medicinasinc.com\/ro\/wp-content\/uploads\/sites\/11\/2022\/02\/Buy-Amphetamine-Powder.png","datePublished":"2022-02-22T07:25:44+00:00","dateModified":"2022-03-22T00:47:15+00:00","description":"Cump\u0103ra\u021bi pudr\u0103 de amfetamin\u0103 de v\u00e2nzare \u00een Marea Britanie, Europa, pastile generice \u0219i de marc\u0103 ieftine \u00een Sapporo, pute\u021bi comanda pulbere de amfetamin\u0103 de v\u00e2nzare online folosind Bitcoin (BTC)","breadcrumb":{"@id":"https:\/\/medicinasinc.com\/ro\/product\/cumpara-amfetamina-pulbere\/#breadcrumb"},"inLanguage":"en-US","potentialAction":[{"@type":"ReadAction","target":["https:\/\/medicinasinc.com\/ro\/product\/cumpara-amfetamina-pulbere\/"]}]},{"@type":"ImageObject","inLanguage":"en-US","@id":"https:\/\/medicinasinc.com\/ro\/product\/cumpara-amfetamina-pulbere\/#primaryimage","url":"https:\/\/medicinasinc.com\/ro\/wp-content\/uploads\/sites\/11\/2022\/02\/Buy-Amphetamine-Powder.png","contentUrl":"https:\/\/medicinasinc.com\/ro\/wp-content\/uploads\/sites\/11\/2022\/02\/Buy-Amphetamine-Powder.png","width":412,"height":550},{"@type":"BreadcrumbList","@id":"https:\/\/medicinasinc.com\/ro\/product\/cumpara-amfetamina-pulbere\/#breadcrumb","itemListElement":[{"@type":"ListItem","position":1,"name":"Magazin","item":"https:\/\/medicinasinc.com\/ro\/magazin\/"},{"@type":"ListItem","position":2,"name":"Cump\u0103ra\u021bi pudr\u0103 de amfetamin\u0103"}]},{"@type":"WebSite","@id":"https:\/\/medicinasinc.com\/ro\/#website","url":"https:\/\/medicinasinc.com\/ro\/","name":"Medicinas Inc","description":"Health Medical Clinic","potentialAction":[{"@type":"SearchAction","target":{"@type":"EntryPoint","urlTemplate":"https:\/\/medicinasinc.com\/ro\/?s={search_term_string}"},"query-input":{"@type":"PropertyValueSpecification","valueRequired":true,"valueName":"search_term_string"}}],"inLanguage":"en-US"}]}},"_links":{"self":[{"href":"https:\/\/medicinasinc.com\/ro\/wp-json\/wp\/v2\/product\/5852","targetHints":{"allow":["GET"]}}],"collection":[{"href":"https:\/\/medicinasinc.com\/ro\/wp-json\/wp\/v2\/product"}],"about":[{"href":"https:\/\/medicinasinc.com\/ro\/wp-json\/wp\/v2\/types\/product"}],"replies":[{"embeddable":true,"href":"https:\/\/medicinasinc.com\/ro\/wp-json\/wp\/v2\/comments?post=5852"}],"wp:featuredmedia":[{"embeddable":true,"href":"https:\/\/medicinasinc.com\/ro\/wp-json\/wp\/v2\/media\/5862"}],"wp:attachment":[{"href":"https:\/\/medicinasinc.com\/ro\/wp-json\/wp\/v2\/media?parent=5852"}],"wp:term":[{"taxonomy":"product_brand","embeddable":true,"href":"https:\/\/medicinasinc.com\/ro\/wp-json\/wp\/v2\/product_brand?post=5852"},{"taxonomy":"product_cat","embeddable":true,"href":"https:\/\/medicinasinc.com\/ro\/wp-json\/wp\/v2\/product_cat?post=5852"},{"taxonomy":"product_tag","embeddable":true,"href":"https:\/\/medicinasinc.com\/ro\/wp-json\/wp\/v2\/product_tag?post=5852"}],"curies":[{"name":"wp","href":"https:\/\/api.w.org\/{rel}","templated":true}]}}