{"id":5846,"date":"2022-02-22T07:19:31","date_gmt":"2022-02-22T07:19:31","guid":{"rendered":"https:\/\/medicinasinc.com\/ro\/?post_type=product&#038;p=5846"},"modified":"2022-03-22T00:47:29","modified_gmt":"2022-03-22T00:47:29","slug":"aprobaritone","status":"publish","type":"product","link":"https:\/\/medicinasinc.com\/ro\/product\/aprobaritone\/","title":{"rendered":"aproba barbitona"},"content":{"rendered":"<p>Aprobarbitonul poate fi achizi\u021bionat online de la o farmacie online Nembutal de top<\/p>\n<p>Farmacia online Nembutal este \u00een activitate de o perioad\u0103 lung\u0103 de timp. Acum avem o \u00een\u021belegere aprofundat\u0103 a punctelor de vedere \u0219i a\u0219tept\u0103rilor clien\u021bilor din \u00eentreaga lume. Suntem aici pentru a \u00eendeplini toate cerin\u021bele dvs. de Aprobarbiton. Dac\u0103 dori\u021bi s\u0103 cump\u0103ra\u021bi Aprobarbiton online, farmacia noastr\u0103 este cel mai bun loc pentru a face acest lucru. Oferim acest medicament terapeutic la un pre\u021b rezonabil. \u00cel pute\u021bi achizi\u021biona cu u\u0219urin\u021b\u0103 de la noi, iar noi \u00eel vom livra \u00een intervalul de timp specificat.<\/p>\n<p>Care este rolul Aprobarbitonului \u00een s\u0103n\u0103tatea dumneavoastr\u0103?<\/p>\n<p>Aprobarbitonul v\u0103 poate ajuta s\u0103 dormi\u021bi bine. . Pe scurt, este un remediu ideal pentru insomniaci. Este binecunoscut pentru calit\u0103\u021bile sale extraordinare sedative, hipnotice \u0219i anticonvulsivante.<\/p>\n<p>De ce ar trebui s\u0103 cump\u0103ra\u021bi aprobarbiton online de la noi?<\/p>\n<p>Suntem un grup de persoane foarte specializate, cu o experien\u021b\u0103 vast\u0103. \u00een domeniul medicamentelor \u0219i medicamentelor. \u00cen plus, extindem accesul la Aprobarbiton \u0219i la alte medicamente \u00een \u00eentreaga lume. Acum pute\u021bi ob\u021bine Aprobarbiton online la cel mai ieftin pre\u021b din confortul propriei case. Suntem la doar un clic de mouse distan\u021b\u0103. Trimite\u021bi comanda dvs. pentru a cump\u0103ra Aprobarbiton online ast\u0103zi \u0219i va fi livrat la adresa specificat\u0103 \u00een scurt timp.<\/p>\n","protected":false},"excerpt":{"rendered":"<p>Cum s\u0103 cump\u0103ra\u021bi Aprobarbiton online de la o farmacie Nembutal?<\/p>\n<p>Farmacia online Nembutal este loca\u021bia ideal\u0103 pentru a satisface toate nevoile \u0219i cerin\u021bele dvs. de Aprobarbiton. Pur \u0219i simplu ad\u0103uga\u021bi medicamentul \u00een co\u0219, continua\u021bi procesul de plat\u0103 \u0219i plasa\u021bi comanda pe site-ul nostru. Acum este momentul s\u0103 contacta\u021bi farmacia noastr\u0103 \u0219i s\u0103 primi\u021bi cea mai bun\u0103 \u00eengrijire posibil\u0103 pentru s\u0103n\u0103tatea dumneavoastr\u0103. Cump\u0103ra\u021bi Aprobarbital acum!<\/p>\n","protected":false},"featured_media":5856,"comment_status":"open","ping_status":"closed","template":"","meta":[],"product_brand":[],"product_cat":[3818],"product_tag":[],"class_list":{"0":"post-5846","1":"product","2":"type-product","3":"status-publish","4":"has-post-thumbnail","6":"product_cat-pentobarbital-de-vnzare","8":"first","9":"instock","10":"featured","11":"shipping-taxable","12":"purchasable","13":"product-type-variable"},"yoast_head":"<!-- This site is optimized with the Yoast SEO plugin v27.3 - https:\/\/yoast.com\/product\/yoast-seo-wordpress\/ -->\n<title>Cump\u0103ra\u021bi Aprobarbiton - Cele mai bune medicamente globale<\/title>\n<meta name=\"robots\" content=\"index, follow, max-snippet:-1, max-image-preview:large, max-video-preview:-1\" \/>\n<link rel=\"canonical\" href=\"https:\/\/medicinasinc.com\/ro\/product\/aprobaritone\/\" \/>\n<meta property=\"og:locale\" content=\"en_US\" \/>\n<meta property=\"og:type\" content=\"article\" \/>\n<meta property=\"og:title\" content=\"Cump\u0103ra\u021bi Aprobarbiton - Cele mai bune medicamente globale\" \/>\n<meta property=\"og:description\" content=\"Cum s\u0103 cump\u0103ra\u021bi Aprobarbiton online de la o farmacie Nembutal? Farmacia online Nembutal este loca\u021bia ideal\u0103 pentru a satisface toate nevoile \u0219i cerin\u021bele dvs. de Aprobarbiton. Pur \u0219i simplu ad\u0103uga\u021bi medicamentul \u00een co\u0219, continua\u021bi procesul de plat\u0103 \u0219i plasa\u021bi comanda pe site-ul nostru. Acum este momentul s\u0103 contacta\u021bi farmacia noastr\u0103 \u0219i s\u0103 primi\u021bi cea mai bun\u0103 \u00eengrijire posibil\u0103 pentru s\u0103n\u0103tatea dumneavoastr\u0103. Cump\u0103ra\u021bi Aprobarbital acum!\" \/>\n<meta property=\"og:url\" content=\"https:\/\/medicinasinc.com\/ro\/product\/aprobaritone\/\" \/>\n<meta property=\"og:site_name\" content=\"Medicinas Inc\" \/>\n<meta property=\"article:modified_time\" content=\"2022-03-22T00:47:29+00:00\" \/>\n<meta property=\"og:image\" content=\"https:\/\/medicinasinc.com\/ro\/wp-content\/uploads\/sites\/11\/2022\/02\/Aprobarbitone.jpg\" \/>\n\t<meta property=\"og:image:width\" content=\"600\" \/>\n\t<meta property=\"og:image:height\" content=\"600\" \/>\n\t<meta property=\"og:image:type\" content=\"image\/jpeg\" \/>\n<meta name=\"twitter:card\" content=\"summary_large_image\" \/>\n<meta name=\"twitter:label1\" content=\"Est. reading time\" \/>\n\t<meta name=\"twitter:data1\" content=\"1 minute\" \/>\n<script type=\"application\/ld+json\" class=\"yoast-schema-graph\">{\"@context\":\"https:\\\/\\\/schema.org\",\"@graph\":[{\"@type\":\"WebPage\",\"@id\":\"https:\\\/\\\/medicinasinc.com\\\/ro\\\/product\\\/aprobaritone\\\/\",\"url\":\"https:\\\/\\\/medicinasinc.com\\\/ro\\\/product\\\/aprobaritone\\\/\",\"name\":\"Cump\u0103ra\u021bi Aprobarbiton - Cele mai bune medicamente globale\",\"isPartOf\":{\"@id\":\"https:\\\/\\\/medicinasinc.com\\\/ro\\\/#website\"},\"primaryImageOfPage\":{\"@id\":\"https:\\\/\\\/medicinasinc.com\\\/ro\\\/product\\\/aprobaritone\\\/#primaryimage\"},\"image\":{\"@id\":\"https:\\\/\\\/medicinasinc.com\\\/ro\\\/product\\\/aprobaritone\\\/#primaryimage\"},\"thumbnailUrl\":\"https:\\\/\\\/medicinasinc.com\\\/ro\\\/wp-content\\\/uploads\\\/sites\\\/11\\\/2022\\\/02\\\/Aprobarbitone.jpg\",\"datePublished\":\"2022-02-22T07:19:31+00:00\",\"dateModified\":\"2022-03-22T00:47:29+00:00\",\"breadcrumb\":{\"@id\":\"https:\\\/\\\/medicinasinc.com\\\/ro\\\/product\\\/aprobaritone\\\/#breadcrumb\"},\"inLanguage\":\"en-US\",\"potentialAction\":[{\"@type\":\"ReadAction\",\"target\":[\"https:\\\/\\\/medicinasinc.com\\\/ro\\\/product\\\/aprobaritone\\\/\"]}]},{\"@type\":\"ImageObject\",\"inLanguage\":\"en-US\",\"@id\":\"https:\\\/\\\/medicinasinc.com\\\/ro\\\/product\\\/aprobaritone\\\/#primaryimage\",\"url\":\"https:\\\/\\\/medicinasinc.com\\\/ro\\\/wp-content\\\/uploads\\\/sites\\\/11\\\/2022\\\/02\\\/Aprobarbitone.jpg\",\"contentUrl\":\"https:\\\/\\\/medicinasinc.com\\\/ro\\\/wp-content\\\/uploads\\\/sites\\\/11\\\/2022\\\/02\\\/Aprobarbitone.jpg\",\"width\":600,\"height\":600},{\"@type\":\"BreadcrumbList\",\"@id\":\"https:\\\/\\\/medicinasinc.com\\\/ro\\\/product\\\/aprobaritone\\\/#breadcrumb\",\"itemListElement\":[{\"@type\":\"ListItem\",\"position\":1,\"name\":\"Magazin\",\"item\":\"https:\\\/\\\/medicinasinc.com\\\/ro\\\/magazin\\\/\"},{\"@type\":\"ListItem\",\"position\":2,\"name\":\"aproba barbitona\"}]},{\"@type\":\"WebSite\",\"@id\":\"https:\\\/\\\/medicinasinc.com\\\/ro\\\/#website\",\"url\":\"https:\\\/\\\/medicinasinc.com\\\/ro\\\/\",\"name\":\"Medicinas Inc\",\"description\":\"Health Medical Clinic\",\"potentialAction\":[{\"@type\":\"SearchAction\",\"target\":{\"@type\":\"EntryPoint\",\"urlTemplate\":\"https:\\\/\\\/medicinasinc.com\\\/ro\\\/?s={search_term_string}\"},\"query-input\":{\"@type\":\"PropertyValueSpecification\",\"valueRequired\":true,\"valueName\":\"search_term_string\"}}],\"inLanguage\":\"en-US\"}]}<\/script>\n<!-- \/ Yoast SEO plugin. -->","yoast_head_json":{"title":"Cump\u0103ra\u021bi Aprobarbiton - Cele mai bune medicamente globale","robots":{"index":"index","follow":"follow","max-snippet":"max-snippet:-1","max-image-preview":"max-image-preview:large","max-video-preview":"max-video-preview:-1"},"canonical":"https:\/\/medicinasinc.com\/ro\/product\/aprobaritone\/","og_locale":"en_US","og_type":"article","og_title":"Cump\u0103ra\u021bi Aprobarbiton - Cele mai bune medicamente globale","og_description":"Cum s\u0103 cump\u0103ra\u021bi Aprobarbiton online de la o farmacie Nembutal? Farmacia online Nembutal este loca\u021bia ideal\u0103 pentru a satisface toate nevoile \u0219i cerin\u021bele dvs. de Aprobarbiton. Pur \u0219i simplu ad\u0103uga\u021bi medicamentul \u00een co\u0219, continua\u021bi procesul de plat\u0103 \u0219i plasa\u021bi comanda pe site-ul nostru. Acum este momentul s\u0103 contacta\u021bi farmacia noastr\u0103 \u0219i s\u0103 primi\u021bi cea mai bun\u0103 \u00eengrijire posibil\u0103 pentru s\u0103n\u0103tatea dumneavoastr\u0103. Cump\u0103ra\u021bi Aprobarbital acum!","og_url":"https:\/\/medicinasinc.com\/ro\/product\/aprobaritone\/","og_site_name":"Medicinas Inc","article_modified_time":"2022-03-22T00:47:29+00:00","og_image":[{"width":600,"height":600,"url":"https:\/\/medicinasinc.com\/ro\/wp-content\/uploads\/sites\/11\/2022\/02\/Aprobarbitone.jpg","type":"image\/jpeg"}],"twitter_card":"summary_large_image","twitter_misc":{"Est. reading time":"1 minute"},"schema":{"@context":"https:\/\/schema.org","@graph":[{"@type":"WebPage","@id":"https:\/\/medicinasinc.com\/ro\/product\/aprobaritone\/","url":"https:\/\/medicinasinc.com\/ro\/product\/aprobaritone\/","name":"Cump\u0103ra\u021bi Aprobarbiton - Cele mai bune medicamente globale","isPartOf":{"@id":"https:\/\/medicinasinc.com\/ro\/#website"},"primaryImageOfPage":{"@id":"https:\/\/medicinasinc.com\/ro\/product\/aprobaritone\/#primaryimage"},"image":{"@id":"https:\/\/medicinasinc.com\/ro\/product\/aprobaritone\/#primaryimage"},"thumbnailUrl":"https:\/\/medicinasinc.com\/ro\/wp-content\/uploads\/sites\/11\/2022\/02\/Aprobarbitone.jpg","datePublished":"2022-02-22T07:19:31+00:00","dateModified":"2022-03-22T00:47:29+00:00","breadcrumb":{"@id":"https:\/\/medicinasinc.com\/ro\/product\/aprobaritone\/#breadcrumb"},"inLanguage":"en-US","potentialAction":[{"@type":"ReadAction","target":["https:\/\/medicinasinc.com\/ro\/product\/aprobaritone\/"]}]},{"@type":"ImageObject","inLanguage":"en-US","@id":"https:\/\/medicinasinc.com\/ro\/product\/aprobaritone\/#primaryimage","url":"https:\/\/medicinasinc.com\/ro\/wp-content\/uploads\/sites\/11\/2022\/02\/Aprobarbitone.jpg","contentUrl":"https:\/\/medicinasinc.com\/ro\/wp-content\/uploads\/sites\/11\/2022\/02\/Aprobarbitone.jpg","width":600,"height":600},{"@type":"BreadcrumbList","@id":"https:\/\/medicinasinc.com\/ro\/product\/aprobaritone\/#breadcrumb","itemListElement":[{"@type":"ListItem","position":1,"name":"Magazin","item":"https:\/\/medicinasinc.com\/ro\/magazin\/"},{"@type":"ListItem","position":2,"name":"aproba barbitona"}]},{"@type":"WebSite","@id":"https:\/\/medicinasinc.com\/ro\/#website","url":"https:\/\/medicinasinc.com\/ro\/","name":"Medicinas Inc","description":"Health Medical Clinic","potentialAction":[{"@type":"SearchAction","target":{"@type":"EntryPoint","urlTemplate":"https:\/\/medicinasinc.com\/ro\/?s={search_term_string}"},"query-input":{"@type":"PropertyValueSpecification","valueRequired":true,"valueName":"search_term_string"}}],"inLanguage":"en-US"}]}},"_links":{"self":[{"href":"https:\/\/medicinasinc.com\/ro\/wp-json\/wp\/v2\/product\/5846","targetHints":{"allow":["GET"]}}],"collection":[{"href":"https:\/\/medicinasinc.com\/ro\/wp-json\/wp\/v2\/product"}],"about":[{"href":"https:\/\/medicinasinc.com\/ro\/wp-json\/wp\/v2\/types\/product"}],"replies":[{"embeddable":true,"href":"https:\/\/medicinasinc.com\/ro\/wp-json\/wp\/v2\/comments?post=5846"}],"wp:featuredmedia":[{"embeddable":true,"href":"https:\/\/medicinasinc.com\/ro\/wp-json\/wp\/v2\/media\/5856"}],"wp:attachment":[{"href":"https:\/\/medicinasinc.com\/ro\/wp-json\/wp\/v2\/media?parent=5846"}],"wp:term":[{"taxonomy":"product_brand","embeddable":true,"href":"https:\/\/medicinasinc.com\/ro\/wp-json\/wp\/v2\/product_brand?post=5846"},{"taxonomy":"product_cat","embeddable":true,"href":"https:\/\/medicinasinc.com\/ro\/wp-json\/wp\/v2\/product_cat?post=5846"},{"taxonomy":"product_tag","embeddable":true,"href":"https:\/\/medicinasinc.com\/ro\/wp-json\/wp\/v2\/product_tag?post=5846"}],"curies":[{"name":"wp","href":"https:\/\/api.w.org\/{rel}","templated":true}]}}