{"id":5840,"date":"2022-02-22T07:12:38","date_gmt":"2022-02-22T07:12:38","guid":{"rendered":"https:\/\/medicinasinc.com\/ro\/?post_type=product&#038;p=5840"},"modified":"2022-03-22T00:47:38","modified_gmt":"2022-03-22T00:47:38","slug":"bralobarbital-vesparax","status":"publish","type":"product","link":"https:\/\/medicinasinc.com\/ro\/product\/bralobarbital-vesparax\/","title":{"rendered":"Brallobarbital (Vesparax)"},"content":{"rendered":"<p>Brallobarbital (Vesparax) Cump\u0103ra\u021bi online de la o farmacie de renume<\/p>\n<p>Farmacia Internet Nembutal trateaz\u0103 Brallobarbital (Vesparax) pe platforma online \u0219i \u00eel livreaz\u0103 consumatorilor care au f\u0103cut o comand\u0103 pentru acesta \u00een intervalul de timp specificat. Suntem o farmacie online de renume, de unde pute\u021bi ob\u021bine Vesparax la cel mai mic pre\u021b posibil. Pre\u021burile noastre sunt de neegalat \u0219i accesibile tuturor. \u00cen plus, avem o echip\u0103 care v\u0103 va \u00eendeplini cerin\u021bele \u0219i specifica\u021biile pentru Nembutal Brallobarbital \u00een timp util. Acum pute\u021bi comanda cu u\u0219urin\u021b\u0103 Nembutal Brallobarbital de la farmacia noastr\u0103 \u0219i \u00eel pute\u021bi livra acas\u0103 \u00een c\u00e2teva zile.<\/p>\n<p>Cum se utilizeaz\u0103 Brallobarbital (Vesparax)?<\/p>\n<p>Vesparax este adesea denumit un antipsihotic atipic. Acesta func\u021bioneaz\u0103 prin modificarea activit\u0103\u021bii neurotransmi\u021b\u0103torilor creierului. S-a stabilit c\u0103 acest medicament este potrivit pentru utilizare numai de c\u0103tre adul\u021bi \u0219i nu trebuie administrat nim\u0103nui cu v\u00e2rsta sub 18 ani.<\/p>\n<p>Vesparax are o varietate de aplica\u021bii, inclusiv urm\u0103toarele:<\/p>\n<p>Contribuie la tratamentul adul\u021bilor \u0219i copiilor cu schizofrenie<br \/> Indicat pentru tratamentul tulbur\u0103rii bipolare la adul\u021bi \u0219i copii, precum \u0219i pentru tratamentul tulbur\u0103rii depresive majore la adul\u021bi atunci c\u00e2nd este combinat cu antidepresive.<\/p>\n","protected":false},"excerpt":{"rendered":"<p>Contacta\u021bi o farmacie online Nembutal<\/p>\n<p>Farmacia online Nembutal este acum disponibil\u0103 cu doar c\u00e2teva clicuri! Ne pute\u021bi contacta prin telefon, text sau e-mail pentru a primi r\u0103spunsuri la \u00eentreb\u0103ri. V\u0103 garant\u0103m c\u0103 vom finaliza solicitarea dumneavoastr\u0103 \u00een intervalul de timp specificat. Plasa\u021bi comanda pentru a cump\u0103ra Vesparax online chiar acum!<\/p>\n","protected":false},"featured_media":5850,"comment_status":"open","ping_status":"closed","template":"","meta":[],"product_brand":[],"product_cat":[3818],"product_tag":[],"class_list":{"0":"post-5840","1":"product","2":"type-product","3":"status-publish","4":"has-post-thumbnail","6":"product_cat-pentobarbital-de-vnzare","8":"first","9":"instock","10":"shipping-taxable","11":"purchasable","12":"product-type-variable"},"yoast_head":"<!-- This site is optimized with the Yoast SEO plugin v27.3 - https:\/\/yoast.com\/product\/yoast-seo-wordpress\/ -->\n<title>Brallobarbital (Vesparax) - Cele mai bune medicamente globale<\/title>\n<meta name=\"robots\" content=\"index, follow, max-snippet:-1, max-image-preview:large, max-video-preview:-1\" \/>\n<link rel=\"canonical\" href=\"https:\/\/medicinasinc.com\/ro\/product\/bralobarbital-vesparax\/\" \/>\n<meta property=\"og:locale\" content=\"en_US\" \/>\n<meta property=\"og:type\" content=\"article\" \/>\n<meta property=\"og:title\" content=\"Brallobarbital (Vesparax) - Cele mai bune medicamente globale\" \/>\n<meta property=\"og:description\" content=\"Contacta\u021bi o farmacie online Nembutal Farmacia online Nembutal este acum disponibil\u0103 cu doar c\u00e2teva clicuri! Ne pute\u021bi contacta prin telefon, text sau e-mail pentru a primi r\u0103spunsuri la \u00eentreb\u0103ri. V\u0103 garant\u0103m c\u0103 vom finaliza solicitarea dumneavoastr\u0103 \u00een intervalul de timp specificat. Plasa\u021bi comanda pentru a cump\u0103ra Vesparax online chiar acum!\" \/>\n<meta property=\"og:url\" content=\"https:\/\/medicinasinc.com\/ro\/product\/bralobarbital-vesparax\/\" \/>\n<meta property=\"og:site_name\" content=\"Medicinas Inc\" \/>\n<meta property=\"article:modified_time\" content=\"2022-03-22T00:47:38+00:00\" \/>\n<meta property=\"og:image\" content=\"https:\/\/medicinasinc.com\/ro\/wp-content\/uploads\/sites\/11\/2022\/02\/Brallobarbital-Vesparax.jpg\" \/>\n\t<meta property=\"og:image:width\" content=\"600\" \/>\n\t<meta property=\"og:image:height\" content=\"600\" \/>\n\t<meta property=\"og:image:type\" content=\"image\/jpeg\" \/>\n<meta name=\"twitter:card\" content=\"summary_large_image\" \/>\n<meta name=\"twitter:label1\" content=\"Est. reading time\" \/>\n\t<meta name=\"twitter:data1\" content=\"1 minute\" \/>\n<script type=\"application\/ld+json\" class=\"yoast-schema-graph\">{\"@context\":\"https:\\\/\\\/schema.org\",\"@graph\":[{\"@type\":\"WebPage\",\"@id\":\"https:\\\/\\\/medicinasinc.com\\\/ro\\\/product\\\/bralobarbital-vesparax\\\/\",\"url\":\"https:\\\/\\\/medicinasinc.com\\\/ro\\\/product\\\/bralobarbital-vesparax\\\/\",\"name\":\"Brallobarbital (Vesparax) - Cele mai bune medicamente globale\",\"isPartOf\":{\"@id\":\"https:\\\/\\\/medicinasinc.com\\\/ro\\\/#website\"},\"primaryImageOfPage\":{\"@id\":\"https:\\\/\\\/medicinasinc.com\\\/ro\\\/product\\\/bralobarbital-vesparax\\\/#primaryimage\"},\"image\":{\"@id\":\"https:\\\/\\\/medicinasinc.com\\\/ro\\\/product\\\/bralobarbital-vesparax\\\/#primaryimage\"},\"thumbnailUrl\":\"https:\\\/\\\/medicinasinc.com\\\/ro\\\/wp-content\\\/uploads\\\/sites\\\/11\\\/2022\\\/02\\\/Brallobarbital-Vesparax.jpg\",\"datePublished\":\"2022-02-22T07:12:38+00:00\",\"dateModified\":\"2022-03-22T00:47:38+00:00\",\"breadcrumb\":{\"@id\":\"https:\\\/\\\/medicinasinc.com\\\/ro\\\/product\\\/bralobarbital-vesparax\\\/#breadcrumb\"},\"inLanguage\":\"en-US\",\"potentialAction\":[{\"@type\":\"ReadAction\",\"target\":[\"https:\\\/\\\/medicinasinc.com\\\/ro\\\/product\\\/bralobarbital-vesparax\\\/\"]}]},{\"@type\":\"ImageObject\",\"inLanguage\":\"en-US\",\"@id\":\"https:\\\/\\\/medicinasinc.com\\\/ro\\\/product\\\/bralobarbital-vesparax\\\/#primaryimage\",\"url\":\"https:\\\/\\\/medicinasinc.com\\\/ro\\\/wp-content\\\/uploads\\\/sites\\\/11\\\/2022\\\/02\\\/Brallobarbital-Vesparax.jpg\",\"contentUrl\":\"https:\\\/\\\/medicinasinc.com\\\/ro\\\/wp-content\\\/uploads\\\/sites\\\/11\\\/2022\\\/02\\\/Brallobarbital-Vesparax.jpg\",\"width\":600,\"height\":600},{\"@type\":\"BreadcrumbList\",\"@id\":\"https:\\\/\\\/medicinasinc.com\\\/ro\\\/product\\\/bralobarbital-vesparax\\\/#breadcrumb\",\"itemListElement\":[{\"@type\":\"ListItem\",\"position\":1,\"name\":\"Magazin\",\"item\":\"https:\\\/\\\/medicinasinc.com\\\/ro\\\/magazin\\\/\"},{\"@type\":\"ListItem\",\"position\":2,\"name\":\"Brallobarbital (Vesparax)\"}]},{\"@type\":\"WebSite\",\"@id\":\"https:\\\/\\\/medicinasinc.com\\\/ro\\\/#website\",\"url\":\"https:\\\/\\\/medicinasinc.com\\\/ro\\\/\",\"name\":\"Medicinas Inc\",\"description\":\"Health Medical Clinic\",\"potentialAction\":[{\"@type\":\"SearchAction\",\"target\":{\"@type\":\"EntryPoint\",\"urlTemplate\":\"https:\\\/\\\/medicinasinc.com\\\/ro\\\/?s={search_term_string}\"},\"query-input\":{\"@type\":\"PropertyValueSpecification\",\"valueRequired\":true,\"valueName\":\"search_term_string\"}}],\"inLanguage\":\"en-US\"}]}<\/script>\n<!-- \/ Yoast SEO plugin. -->","yoast_head_json":{"title":"Brallobarbital (Vesparax) - Cele mai bune medicamente globale","robots":{"index":"index","follow":"follow","max-snippet":"max-snippet:-1","max-image-preview":"max-image-preview:large","max-video-preview":"max-video-preview:-1"},"canonical":"https:\/\/medicinasinc.com\/ro\/product\/bralobarbital-vesparax\/","og_locale":"en_US","og_type":"article","og_title":"Brallobarbital (Vesparax) - Cele mai bune medicamente globale","og_description":"Contacta\u021bi o farmacie online Nembutal Farmacia online Nembutal este acum disponibil\u0103 cu doar c\u00e2teva clicuri! Ne pute\u021bi contacta prin telefon, text sau e-mail pentru a primi r\u0103spunsuri la \u00eentreb\u0103ri. V\u0103 garant\u0103m c\u0103 vom finaliza solicitarea dumneavoastr\u0103 \u00een intervalul de timp specificat. Plasa\u021bi comanda pentru a cump\u0103ra Vesparax online chiar acum!","og_url":"https:\/\/medicinasinc.com\/ro\/product\/bralobarbital-vesparax\/","og_site_name":"Medicinas Inc","article_modified_time":"2022-03-22T00:47:38+00:00","og_image":[{"width":600,"height":600,"url":"https:\/\/medicinasinc.com\/ro\/wp-content\/uploads\/sites\/11\/2022\/02\/Brallobarbital-Vesparax.jpg","type":"image\/jpeg"}],"twitter_card":"summary_large_image","twitter_misc":{"Est. reading time":"1 minute"},"schema":{"@context":"https:\/\/schema.org","@graph":[{"@type":"WebPage","@id":"https:\/\/medicinasinc.com\/ro\/product\/bralobarbital-vesparax\/","url":"https:\/\/medicinasinc.com\/ro\/product\/bralobarbital-vesparax\/","name":"Brallobarbital (Vesparax) - Cele mai bune medicamente globale","isPartOf":{"@id":"https:\/\/medicinasinc.com\/ro\/#website"},"primaryImageOfPage":{"@id":"https:\/\/medicinasinc.com\/ro\/product\/bralobarbital-vesparax\/#primaryimage"},"image":{"@id":"https:\/\/medicinasinc.com\/ro\/product\/bralobarbital-vesparax\/#primaryimage"},"thumbnailUrl":"https:\/\/medicinasinc.com\/ro\/wp-content\/uploads\/sites\/11\/2022\/02\/Brallobarbital-Vesparax.jpg","datePublished":"2022-02-22T07:12:38+00:00","dateModified":"2022-03-22T00:47:38+00:00","breadcrumb":{"@id":"https:\/\/medicinasinc.com\/ro\/product\/bralobarbital-vesparax\/#breadcrumb"},"inLanguage":"en-US","potentialAction":[{"@type":"ReadAction","target":["https:\/\/medicinasinc.com\/ro\/product\/bralobarbital-vesparax\/"]}]},{"@type":"ImageObject","inLanguage":"en-US","@id":"https:\/\/medicinasinc.com\/ro\/product\/bralobarbital-vesparax\/#primaryimage","url":"https:\/\/medicinasinc.com\/ro\/wp-content\/uploads\/sites\/11\/2022\/02\/Brallobarbital-Vesparax.jpg","contentUrl":"https:\/\/medicinasinc.com\/ro\/wp-content\/uploads\/sites\/11\/2022\/02\/Brallobarbital-Vesparax.jpg","width":600,"height":600},{"@type":"BreadcrumbList","@id":"https:\/\/medicinasinc.com\/ro\/product\/bralobarbital-vesparax\/#breadcrumb","itemListElement":[{"@type":"ListItem","position":1,"name":"Magazin","item":"https:\/\/medicinasinc.com\/ro\/magazin\/"},{"@type":"ListItem","position":2,"name":"Brallobarbital (Vesparax)"}]},{"@type":"WebSite","@id":"https:\/\/medicinasinc.com\/ro\/#website","url":"https:\/\/medicinasinc.com\/ro\/","name":"Medicinas Inc","description":"Health Medical Clinic","potentialAction":[{"@type":"SearchAction","target":{"@type":"EntryPoint","urlTemplate":"https:\/\/medicinasinc.com\/ro\/?s={search_term_string}"},"query-input":{"@type":"PropertyValueSpecification","valueRequired":true,"valueName":"search_term_string"}}],"inLanguage":"en-US"}]}},"_links":{"self":[{"href":"https:\/\/medicinasinc.com\/ro\/wp-json\/wp\/v2\/product\/5840","targetHints":{"allow":["GET"]}}],"collection":[{"href":"https:\/\/medicinasinc.com\/ro\/wp-json\/wp\/v2\/product"}],"about":[{"href":"https:\/\/medicinasinc.com\/ro\/wp-json\/wp\/v2\/types\/product"}],"replies":[{"embeddable":true,"href":"https:\/\/medicinasinc.com\/ro\/wp-json\/wp\/v2\/comments?post=5840"}],"wp:featuredmedia":[{"embeddable":true,"href":"https:\/\/medicinasinc.com\/ro\/wp-json\/wp\/v2\/media\/5850"}],"wp:attachment":[{"href":"https:\/\/medicinasinc.com\/ro\/wp-json\/wp\/v2\/media?parent=5840"}],"wp:term":[{"taxonomy":"product_brand","embeddable":true,"href":"https:\/\/medicinasinc.com\/ro\/wp-json\/wp\/v2\/product_brand?post=5840"},{"taxonomy":"product_cat","embeddable":true,"href":"https:\/\/medicinasinc.com\/ro\/wp-json\/wp\/v2\/product_cat?post=5840"},{"taxonomy":"product_tag","embeddable":true,"href":"https:\/\/medicinasinc.com\/ro\/wp-json\/wp\/v2\/product_tag?post=5840"}],"curies":[{"name":"wp","href":"https:\/\/api.w.org\/{rel}","templated":true}]}}