{"id":5834,"date":"2022-02-22T07:05:31","date_gmt":"2022-02-22T07:05:31","guid":{"rendered":"https:\/\/medicinasinc.com\/ro\/?post_type=product&#038;p=5834"},"modified":"2022-03-22T00:47:46","modified_gmt":"2022-03-22T00:47:46","slug":"cumpara-butabarbital-online","status":"publish","type":"product","link":"https:\/\/medicinasinc.com\/ro\/product\/cumpara-butabarbital-online\/","title":{"rendered":"Cump\u0103ra\u021bi butabarbital online"},"content":{"rendered":"<p>Achizi\u021biona\u021bi Butabarbital Sodium 50 mg Tablete de la cea mai bun\u0103 farmacie online.<\/p>\n<p>Nembutal Online Pharmacy este cel mai bun loc pentru a cump\u0103ra Butabarbital Sodium 50 mg Tablete la cele mai mici costuri. Suntem \u00een industria farmaceutic\u0103 de o perioad\u0103 lung\u0103 de timp. Pute\u021bi conta pe noi pentru a v\u0103 oferi cea mai bun\u0103 \u00eengrijire posibil\u0103 pentru s\u0103n\u0103tatea dumneavoastr\u0103. Membrii echipei noastre califica\u021bi vor face tot posibilul pentru a v\u0103 dep\u0103\u0219i a\u0219tept\u0103rile. Cump\u0103ra\u021bi imediat!<\/p>\n<p>Cum ar trebui s\u0103 utiliza\u021bi butabarbital sodiu dup\u0103 ce \u00eel cump\u0103ra\u021bi de la noi?<\/p>\n<p>Butabarbital sodiu este un medicament excelent pentru tratarea insomniei la oameni. De obicei, este un medicament pe termen scurt. Aceast\u0103 substan\u021b\u0103 poate fi utilizat\u0103 \u00een industria medical\u0103 ca sedativ \u00eenainte de orice interven\u021bie chirurgical\u0103.<\/p>\n<p>Pentru a asigura administrarea corect\u0103 a Butabarbital Sodium, oferim clien\u021bilor no\u0219tri un ghid manual. Acest ghid manual con\u021bine toate instruc\u021biunile pentru medicamente. Le pute\u021bi citi cu u\u0219urin\u021b\u0103 una c\u00e2te una \u0219i le pute\u021bi folosi pentru motivele pentru care au fost destinate. Pute\u021bi avea toat\u0103 \u00eencrederea \u00een farmacia noastr\u0103 online de renume. Lu\u0103m \u00een considerare \u00een mod constant interesele valorilor no\u0219tri consumatori. Suntem \u00een mod constant preocupa\u021bi de s\u0103n\u0103tatea clien\u021bilor no\u0219tri \u0219i inspect\u0103m toate produsele \u00eenainte de livrare.<\/p>\n<p>Ne pute\u021bi contacta pentru a ob\u021bine cel mai bun pre\u021b pentru Butabarbital Sodium. Exper\u021bii no\u0219tri vor traduce comanda dumneavoastr\u0103 \u0219i o vor aranja pentru livrare imediat\u0103. Medicamentele dumneavoastr\u0103 v\u0103 vor fi trimise \u00een intervalul de timp specificat de farmacia noastr\u0103 online. Nembutal este disponibil la un pre\u021b redus chiar acum!<\/p>\n","protected":false},"excerpt":{"rendered":"<p>Cum pot ob\u021bine butabarbital de sodiu de la o farmacie online Nembutal?<\/p>\n<p>Farmacia online Nembutal este acum disponibil\u0103. Trimite\u021bi detaliile comenzii \u0219i plata pentru Butabarbital Sodium 50 mg comprimate pe site-ul nostru oficial. Odat\u0103 ce o comand\u0103 a fost plasat\u0103, aceasta va fi procesat\u0103 \u00een intervalul de timp specificat. Face\u021bi comanda ast\u0103zi!<\/p>\n","protected":false},"featured_media":5844,"comment_status":"open","ping_status":"closed","template":"","meta":[],"product_brand":[],"product_cat":[3818],"product_tag":[],"class_list":{"0":"post-5834","1":"product","2":"type-product","3":"status-publish","4":"has-post-thumbnail","6":"product_cat-pentobarbital-de-vnzare","8":"first","9":"instock","10":"shipping-taxable","11":"purchasable","12":"product-type-variable"},"yoast_head":"<!-- This site is optimized with the Yoast SEO plugin v27.3 - https:\/\/yoast.com\/product\/yoast-seo-wordpress\/ -->\n<title>Cump\u0103ra\u021bi butabarbital online - Cele mai bune medicamente globale<\/title>\n<meta name=\"robots\" content=\"index, follow, max-snippet:-1, max-image-preview:large, max-video-preview:-1\" \/>\n<link rel=\"canonical\" href=\"https:\/\/medicinasinc.com\/ro\/product\/cumpara-butabarbital-online\/\" \/>\n<meta property=\"og:locale\" content=\"en_US\" \/>\n<meta property=\"og:type\" content=\"article\" \/>\n<meta property=\"og:title\" content=\"Cump\u0103ra\u021bi butabarbital online - Cele mai bune medicamente globale\" \/>\n<meta property=\"og:description\" content=\"Cum pot ob\u021bine butabarbital de sodiu de la o farmacie online Nembutal? Farmacia online Nembutal este acum disponibil\u0103. Trimite\u021bi detaliile comenzii \u0219i plata pentru Butabarbital Sodium 50 mg comprimate pe site-ul nostru oficial. Odat\u0103 ce o comand\u0103 a fost plasat\u0103, aceasta va fi procesat\u0103 \u00een intervalul de timp specificat. Face\u021bi comanda ast\u0103zi!\" \/>\n<meta property=\"og:url\" content=\"https:\/\/medicinasinc.com\/ro\/product\/cumpara-butabarbital-online\/\" \/>\n<meta property=\"og:site_name\" content=\"Medicinas Inc\" \/>\n<meta property=\"article:modified_time\" content=\"2022-03-22T00:47:46+00:00\" \/>\n<meta property=\"og:image\" content=\"https:\/\/medicinasinc.com\/ro\/wp-content\/uploads\/sites\/11\/2022\/02\/Buy-Butabarbital.jpg\" \/>\n\t<meta property=\"og:image:width\" content=\"600\" \/>\n\t<meta property=\"og:image:height\" content=\"600\" \/>\n\t<meta property=\"og:image:type\" content=\"image\/jpeg\" \/>\n<meta name=\"twitter:card\" content=\"summary_large_image\" \/>\n<meta name=\"twitter:label1\" content=\"Est. reading time\" \/>\n\t<meta name=\"twitter:data1\" content=\"2 minutes\" \/>\n<script type=\"application\/ld+json\" class=\"yoast-schema-graph\">{\"@context\":\"https:\\\/\\\/schema.org\",\"@graph\":[{\"@type\":\"WebPage\",\"@id\":\"https:\\\/\\\/medicinasinc.com\\\/ro\\\/product\\\/cumpara-butabarbital-online\\\/\",\"url\":\"https:\\\/\\\/medicinasinc.com\\\/ro\\\/product\\\/cumpara-butabarbital-online\\\/\",\"name\":\"Cump\u0103ra\u021bi butabarbital online - Cele mai bune medicamente globale\",\"isPartOf\":{\"@id\":\"https:\\\/\\\/medicinasinc.com\\\/ro\\\/#website\"},\"primaryImageOfPage\":{\"@id\":\"https:\\\/\\\/medicinasinc.com\\\/ro\\\/product\\\/cumpara-butabarbital-online\\\/#primaryimage\"},\"image\":{\"@id\":\"https:\\\/\\\/medicinasinc.com\\\/ro\\\/product\\\/cumpara-butabarbital-online\\\/#primaryimage\"},\"thumbnailUrl\":\"https:\\\/\\\/medicinasinc.com\\\/ro\\\/wp-content\\\/uploads\\\/sites\\\/11\\\/2022\\\/02\\\/Buy-Butabarbital.jpg\",\"datePublished\":\"2022-02-22T07:05:31+00:00\",\"dateModified\":\"2022-03-22T00:47:46+00:00\",\"breadcrumb\":{\"@id\":\"https:\\\/\\\/medicinasinc.com\\\/ro\\\/product\\\/cumpara-butabarbital-online\\\/#breadcrumb\"},\"inLanguage\":\"en-US\",\"potentialAction\":[{\"@type\":\"ReadAction\",\"target\":[\"https:\\\/\\\/medicinasinc.com\\\/ro\\\/product\\\/cumpara-butabarbital-online\\\/\"]}]},{\"@type\":\"ImageObject\",\"inLanguage\":\"en-US\",\"@id\":\"https:\\\/\\\/medicinasinc.com\\\/ro\\\/product\\\/cumpara-butabarbital-online\\\/#primaryimage\",\"url\":\"https:\\\/\\\/medicinasinc.com\\\/ro\\\/wp-content\\\/uploads\\\/sites\\\/11\\\/2022\\\/02\\\/Buy-Butabarbital.jpg\",\"contentUrl\":\"https:\\\/\\\/medicinasinc.com\\\/ro\\\/wp-content\\\/uploads\\\/sites\\\/11\\\/2022\\\/02\\\/Buy-Butabarbital.jpg\",\"width\":600,\"height\":600},{\"@type\":\"BreadcrumbList\",\"@id\":\"https:\\\/\\\/medicinasinc.com\\\/ro\\\/product\\\/cumpara-butabarbital-online\\\/#breadcrumb\",\"itemListElement\":[{\"@type\":\"ListItem\",\"position\":1,\"name\":\"Magazin\",\"item\":\"https:\\\/\\\/medicinasinc.com\\\/ro\\\/magazin\\\/\"},{\"@type\":\"ListItem\",\"position\":2,\"name\":\"Cump\u0103ra\u021bi butabarbital online\"}]},{\"@type\":\"WebSite\",\"@id\":\"https:\\\/\\\/medicinasinc.com\\\/ro\\\/#website\",\"url\":\"https:\\\/\\\/medicinasinc.com\\\/ro\\\/\",\"name\":\"Medicinas Inc\",\"description\":\"Health Medical Clinic\",\"potentialAction\":[{\"@type\":\"SearchAction\",\"target\":{\"@type\":\"EntryPoint\",\"urlTemplate\":\"https:\\\/\\\/medicinasinc.com\\\/ro\\\/?s={search_term_string}\"},\"query-input\":{\"@type\":\"PropertyValueSpecification\",\"valueRequired\":true,\"valueName\":\"search_term_string\"}}],\"inLanguage\":\"en-US\"}]}<\/script>\n<!-- \/ Yoast SEO plugin. -->","yoast_head_json":{"title":"Cump\u0103ra\u021bi butabarbital online - Cele mai bune medicamente globale","robots":{"index":"index","follow":"follow","max-snippet":"max-snippet:-1","max-image-preview":"max-image-preview:large","max-video-preview":"max-video-preview:-1"},"canonical":"https:\/\/medicinasinc.com\/ro\/product\/cumpara-butabarbital-online\/","og_locale":"en_US","og_type":"article","og_title":"Cump\u0103ra\u021bi butabarbital online - Cele mai bune medicamente globale","og_description":"Cum pot ob\u021bine butabarbital de sodiu de la o farmacie online Nembutal? Farmacia online Nembutal este acum disponibil\u0103. Trimite\u021bi detaliile comenzii \u0219i plata pentru Butabarbital Sodium 50 mg comprimate pe site-ul nostru oficial. Odat\u0103 ce o comand\u0103 a fost plasat\u0103, aceasta va fi procesat\u0103 \u00een intervalul de timp specificat. Face\u021bi comanda ast\u0103zi!","og_url":"https:\/\/medicinasinc.com\/ro\/product\/cumpara-butabarbital-online\/","og_site_name":"Medicinas Inc","article_modified_time":"2022-03-22T00:47:46+00:00","og_image":[{"width":600,"height":600,"url":"https:\/\/medicinasinc.com\/ro\/wp-content\/uploads\/sites\/11\/2022\/02\/Buy-Butabarbital.jpg","type":"image\/jpeg"}],"twitter_card":"summary_large_image","twitter_misc":{"Est. reading time":"2 minutes"},"schema":{"@context":"https:\/\/schema.org","@graph":[{"@type":"WebPage","@id":"https:\/\/medicinasinc.com\/ro\/product\/cumpara-butabarbital-online\/","url":"https:\/\/medicinasinc.com\/ro\/product\/cumpara-butabarbital-online\/","name":"Cump\u0103ra\u021bi butabarbital online - Cele mai bune medicamente globale","isPartOf":{"@id":"https:\/\/medicinasinc.com\/ro\/#website"},"primaryImageOfPage":{"@id":"https:\/\/medicinasinc.com\/ro\/product\/cumpara-butabarbital-online\/#primaryimage"},"image":{"@id":"https:\/\/medicinasinc.com\/ro\/product\/cumpara-butabarbital-online\/#primaryimage"},"thumbnailUrl":"https:\/\/medicinasinc.com\/ro\/wp-content\/uploads\/sites\/11\/2022\/02\/Buy-Butabarbital.jpg","datePublished":"2022-02-22T07:05:31+00:00","dateModified":"2022-03-22T00:47:46+00:00","breadcrumb":{"@id":"https:\/\/medicinasinc.com\/ro\/product\/cumpara-butabarbital-online\/#breadcrumb"},"inLanguage":"en-US","potentialAction":[{"@type":"ReadAction","target":["https:\/\/medicinasinc.com\/ro\/product\/cumpara-butabarbital-online\/"]}]},{"@type":"ImageObject","inLanguage":"en-US","@id":"https:\/\/medicinasinc.com\/ro\/product\/cumpara-butabarbital-online\/#primaryimage","url":"https:\/\/medicinasinc.com\/ro\/wp-content\/uploads\/sites\/11\/2022\/02\/Buy-Butabarbital.jpg","contentUrl":"https:\/\/medicinasinc.com\/ro\/wp-content\/uploads\/sites\/11\/2022\/02\/Buy-Butabarbital.jpg","width":600,"height":600},{"@type":"BreadcrumbList","@id":"https:\/\/medicinasinc.com\/ro\/product\/cumpara-butabarbital-online\/#breadcrumb","itemListElement":[{"@type":"ListItem","position":1,"name":"Magazin","item":"https:\/\/medicinasinc.com\/ro\/magazin\/"},{"@type":"ListItem","position":2,"name":"Cump\u0103ra\u021bi butabarbital online"}]},{"@type":"WebSite","@id":"https:\/\/medicinasinc.com\/ro\/#website","url":"https:\/\/medicinasinc.com\/ro\/","name":"Medicinas Inc","description":"Health Medical Clinic","potentialAction":[{"@type":"SearchAction","target":{"@type":"EntryPoint","urlTemplate":"https:\/\/medicinasinc.com\/ro\/?s={search_term_string}"},"query-input":{"@type":"PropertyValueSpecification","valueRequired":true,"valueName":"search_term_string"}}],"inLanguage":"en-US"}]}},"_links":{"self":[{"href":"https:\/\/medicinasinc.com\/ro\/wp-json\/wp\/v2\/product\/5834","targetHints":{"allow":["GET"]}}],"collection":[{"href":"https:\/\/medicinasinc.com\/ro\/wp-json\/wp\/v2\/product"}],"about":[{"href":"https:\/\/medicinasinc.com\/ro\/wp-json\/wp\/v2\/types\/product"}],"replies":[{"embeddable":true,"href":"https:\/\/medicinasinc.com\/ro\/wp-json\/wp\/v2\/comments?post=5834"}],"wp:featuredmedia":[{"embeddable":true,"href":"https:\/\/medicinasinc.com\/ro\/wp-json\/wp\/v2\/media\/5844"}],"wp:attachment":[{"href":"https:\/\/medicinasinc.com\/ro\/wp-json\/wp\/v2\/media?parent=5834"}],"wp:term":[{"taxonomy":"product_brand","embeddable":true,"href":"https:\/\/medicinasinc.com\/ro\/wp-json\/wp\/v2\/product_brand?post=5834"},{"taxonomy":"product_cat","embeddable":true,"href":"https:\/\/medicinasinc.com\/ro\/wp-json\/wp\/v2\/product_cat?post=5834"},{"taxonomy":"product_tag","embeddable":true,"href":"https:\/\/medicinasinc.com\/ro\/wp-json\/wp\/v2\/product_tag?post=5834"}],"curies":[{"name":"wp","href":"https:\/\/api.w.org\/{rel}","templated":true}]}}