{"id":5828,"date":"2022-02-22T06:59:00","date_gmt":"2022-02-22T06:59:00","guid":{"rendered":"https:\/\/medicinasinc.com\/ro\/?post_type=product&#038;p=5828"},"modified":"2022-03-22T00:47:54","modified_gmt":"2022-03-22T00:47:54","slug":"cumpara-butalbital-online","status":"publish","type":"product","link":"https:\/\/medicinasinc.com\/ro\/product\/cumpara-butalbital-online\/","title":{"rendered":"Cump\u0103ra\u021bi Butalbital online"},"content":{"rendered":"<div class=\"mkdf-single-product-content\">\n<div class=\"mkdf-single-product-summary\">\n<div class=\"summary entry-summary\">\n<div class=\"woocommerce-tabs wc-tabs -wrapper\">\n<div id=\"tab-description\" class=\"woocommerce-Tabs-panel woocommerce-Tabs-panel--description panel entry-content wc-tab\" role=\"tabpanel\" aria-labelledby=\"tab-title -description\">\n<div id=\"ftwp-postcontent\">\n<p>F\u0103r\u0103 prescrip\u021bie medical\u0103, cump\u0103ra\u021bi nembutal butalbital de la cea mai bun\u0103 farmacie online<\/p>\n<p>Online Nembutal Pharmacy este o farmacie online de renume, binecunoscut\u0103 pentru profesionalismul \u0219i medicamentele de \u00eenalt\u0103 calitate. Pute\u021bi ob\u021bine f\u0103r\u0103 efort Nembutal Butalbital online f\u0103r\u0103 prescrip\u021bie medical\u0103 de pe acest site. Ne angaj\u0103m s\u0103 oferim un produs de \u00eenalt\u0103 calitate clien\u021bilor din \u00eentreaga lume. Ne ocup\u0103m de nevoile \u0219i nevoile fiec\u0103rui client \u0219i \u00eei r\u0103spundem \u00eentotdeauna la timp.<\/p>\n<p>Ne pute\u021bi contacta rapid prin intermediul platformei de internet \u0219i achizi\u021bion\u0103m medicamentele dorite \u00eentr-o perioad\u0103 scurt\u0103 de timp. Ast\u0103zi, pute\u021bi comanda Butalbital online!<\/p>\n<p>Care sunt beneficiile Nembutal Butalbital?<\/p>\n<p>Butalbital este un medicament eliberat pe baz\u0103 de re\u021bet\u0103 utilizat pentru o perioad\u0103 scurt\u0103 de timp. Acest medicament poate fi utilizat \u00eempreun\u0103 cu alte medicamente, cum ar fi paracetamol (acetaminofen) sau aspirina, pentru a atenua durerea \u0219i durerile de cap. \u00cen plus, a fost aprobat pentru tratarea durerilor de cap tensionale.<\/p>\n<p>Pentru a cump\u0103ra Butalbital online la cel mai bun pre\u021b, \u00eencepe\u021bi prin a-l ad\u0103uga \u00een co\u0219. Dup\u0103 ce a\u021bi finalizat ad\u0103ugarea, pute\u021bi continua cu finalizarea pl\u0103\u021bii. Am inclus o varietate de gateway-uri de plat\u0103. Pute\u021bi s\u0103-l selecta\u021bi pe cel mai potrivit \u0219i s\u0103 finaliza\u021bi procesul de plat\u0103 pentru comanda dumneavoastr\u0103.<\/p>\n<p>De unde pot cump\u0103ra Nembutal Butalbital online la cel mai bun pre\u021b?<\/p>\n<p>Dac\u0103 vi s-a prescris Butalbital, acesta este timpul s\u0103 cump\u0103ra\u021bi Butalbital online de la farmacia noastr\u0103 Nembutal.<\/p>\n<p>Conectarea cu farmacia noastr\u0103 online nu a fost niciodat\u0103 mai u\u0219oar\u0103. Site-ul nostru web este extrem de simplu \u0219i u\u0219or de utilizat, ceea ce \u00eei ajut\u0103 pe consumatorii no\u0219tri s\u0103 se simt\u0103 \u00een largul lor \u00een timp ce \u00ee\u0219i comand\u0103 produsele.<\/p>\n<\/p><\/div><\/div><\/div><\/div><\/div><\/div>\n","protected":false},"excerpt":{"rendered":"<p>Farmacia noastr\u0103 online v\u0103 va primi comanda imediat dup\u0103 plasare. \u00cel vom prioritiza \u0219i \u00eel vom finaliza c\u00e2t mai repede posibil. De obicei, avem nevoie de 5 zile pentru a livra marfa, care acoper\u0103 doar zile lucr\u0103toare. \u00cen decurs de o s\u0103pt\u0103m\u00e2n\u0103, ve\u021bi primi Nembutal Butalbital \u00een cea mai bun\u0103 stare posibil\u0103. Achizi\u021biona\u021bi imediat!<\/p>\n","protected":false},"featured_media":5838,"comment_status":"open","ping_status":"closed","template":"","meta":[],"product_brand":[],"product_cat":[3818],"product_tag":[3972,3973,1051,3974,3976,3977,3984,3979,3980,4004,4002,3983,3981,3840,3982,3975,3928,4005,4006,3987,3988,3998,3978,3986,3845,3985,3934,3999,3847,3989,3990,3991,3992,3993,3936,3995,3996,4000,4001,3865,3994,3997,4003],"class_list":{"0":"post-5828","1":"product","2":"type-product","3":"status-publish","4":"has-post-thumbnail","6":"product_cat-pentobarbital-de-vnzare","7":"product_tag-and-amytal","8":"product_tag-are","9":"product_tag-buy-nembutal","10":"product_tag-buy-nembutal-canada","11":"product_tag-buying-nembutal","12":"product_tag-buying-nembutal-online","13":"product_tag-nembutal-capsule","14":"product_tag-cat-cost-nembutal","15":"product_tag-ct-de-nembutal-este-fatal","16":"product_tag-ce-este-nembutal","17":"product_tag-comanda-nembutal-online","18":"product_tag-cum-se-lua-nembutal-pentru-a-moare","19":"product_tag-cum-se-obine-nembutal","20":"product_tag-cum-se-achizitiona-nembutal","21":"product_tag-cum-se-face-nembutal","22":"product_tag-buy-nembutal-mexic","23":"product_tag-cumpr-nembutal-online","24":"product_tag-unde-pot-cumpra-nembutal","25":"product_tag-unde-se-cumpara-nembutal-in-mexic","26":"product_tag-nembutal-definiie","27":"product_tag-doz-nembutal-letal","28":"product_tag-efecte-secundare-nembutale","29":"product_tag-medicamente-prescrise-pentru-reducerea-insomniei","30":"product_tag-nembutal-moarte","31":"product_tag-nembutal","32":"product_tag-nembutal-china","33":"product_tag-nembutal-cumprare-online","34":"product_tag-nembutal-sodiu","35":"product_tag-nembutal-de-vanzare","36":"product_tag-nembutal-mexic","37":"product_tag-nembutal-mexico-2018","38":"product_tag-nembutal-online","39":"product_tag-nembutal-over-the-counter","40":"product_tag-nembutal-pentobarbital","41":"product_tag-nembutal-powder","42":"product_tag-nembutal-price","43":"product_tag-nembutal-reddit","44":"product_tag-nembutal-suppository","45":"product_tag-obtinerea-nembutal","46":"product_tag-pastile-nembutal-de-vanzare","47":"product_tag-nembutal-pilul","48":"product_tag-nembutal-orar","49":"product_tag-seconal","51":"first","52":"instock","53":"shipping-taxable","54":"purchasable","55":"product-type-variable"},"yoast_head":"<!-- This site is optimized with the Yoast SEO plugin v27.3 - https:\/\/yoast.com\/product\/yoast-seo-wordpress\/ -->\n<title>Cump\u0103ra\u021bi butalbital online - Cele mai bune medicamente globale<\/title>\n<meta name=\"robots\" content=\"index, follow, max-snippet:-1, max-image-preview:large, max-video-preview:-1\" \/>\n<link rel=\"canonical\" href=\"https:\/\/medicinasinc.com\/ro\/product\/cumpara-butalbital-online\/\" \/>\n<meta property=\"og:locale\" content=\"en_US\" \/>\n<meta property=\"og:type\" content=\"article\" \/>\n<meta property=\"og:title\" content=\"Cump\u0103ra\u021bi butalbital online - Cele mai bune medicamente globale\" \/>\n<meta property=\"og:description\" content=\"Farmacia noastr\u0103 online v\u0103 va primi comanda imediat dup\u0103 plasare. \u00cel vom prioritiza \u0219i \u00eel vom finaliza c\u00e2t mai repede posibil. De obicei, avem nevoie de 5 zile pentru a livra marfa, care acoper\u0103 doar zile lucr\u0103toare. \u00cen decurs de o s\u0103pt\u0103m\u00e2n\u0103, ve\u021bi primi Nembutal Butalbital \u00een cea mai bun\u0103 stare posibil\u0103. Achizi\u021biona\u021bi imediat!\" \/>\n<meta property=\"og:url\" content=\"https:\/\/medicinasinc.com\/ro\/product\/cumpara-butalbital-online\/\" \/>\n<meta property=\"og:site_name\" content=\"Medicinas Inc\" \/>\n<meta property=\"article:modified_time\" content=\"2022-03-22T00:47:54+00:00\" \/>\n<meta property=\"og:image\" content=\"https:\/\/medicinasinc.com\/ro\/wp-content\/uploads\/sites\/11\/2022\/02\/Buy-Butalbital-Online.jpg\" \/>\n\t<meta property=\"og:image:width\" content=\"600\" \/>\n\t<meta property=\"og:image:height\" content=\"600\" \/>\n\t<meta property=\"og:image:type\" content=\"image\/jpeg\" \/>\n<meta name=\"twitter:card\" content=\"summary_large_image\" \/>\n<meta name=\"twitter:label1\" content=\"Est. reading time\" \/>\n\t<meta name=\"twitter:data1\" content=\"2 minutes\" \/>\n<script type=\"application\/ld+json\" class=\"yoast-schema-graph\">{\"@context\":\"https:\\\/\\\/schema.org\",\"@graph\":[{\"@type\":\"WebPage\",\"@id\":\"https:\\\/\\\/medicinasinc.com\\\/ro\\\/product\\\/cumpara-butalbital-online\\\/\",\"url\":\"https:\\\/\\\/medicinasinc.com\\\/ro\\\/product\\\/cumpara-butalbital-online\\\/\",\"name\":\"Cump\u0103ra\u021bi butalbital online - Cele mai bune medicamente globale\",\"isPartOf\":{\"@id\":\"https:\\\/\\\/medicinasinc.com\\\/ro\\\/#website\"},\"primaryImageOfPage\":{\"@id\":\"https:\\\/\\\/medicinasinc.com\\\/ro\\\/product\\\/cumpara-butalbital-online\\\/#primaryimage\"},\"image\":{\"@id\":\"https:\\\/\\\/medicinasinc.com\\\/ro\\\/product\\\/cumpara-butalbital-online\\\/#primaryimage\"},\"thumbnailUrl\":\"https:\\\/\\\/medicinasinc.com\\\/ro\\\/wp-content\\\/uploads\\\/sites\\\/11\\\/2022\\\/02\\\/Buy-Butalbital-Online.jpg\",\"datePublished\":\"2022-02-22T06:59:00+00:00\",\"dateModified\":\"2022-03-22T00:47:54+00:00\",\"breadcrumb\":{\"@id\":\"https:\\\/\\\/medicinasinc.com\\\/ro\\\/product\\\/cumpara-butalbital-online\\\/#breadcrumb\"},\"inLanguage\":\"en-US\",\"potentialAction\":[{\"@type\":\"ReadAction\",\"target\":[\"https:\\\/\\\/medicinasinc.com\\\/ro\\\/product\\\/cumpara-butalbital-online\\\/\"]}]},{\"@type\":\"ImageObject\",\"inLanguage\":\"en-US\",\"@id\":\"https:\\\/\\\/medicinasinc.com\\\/ro\\\/product\\\/cumpara-butalbital-online\\\/#primaryimage\",\"url\":\"https:\\\/\\\/medicinasinc.com\\\/ro\\\/wp-content\\\/uploads\\\/sites\\\/11\\\/2022\\\/02\\\/Buy-Butalbital-Online.jpg\",\"contentUrl\":\"https:\\\/\\\/medicinasinc.com\\\/ro\\\/wp-content\\\/uploads\\\/sites\\\/11\\\/2022\\\/02\\\/Buy-Butalbital-Online.jpg\",\"width\":600,\"height\":600},{\"@type\":\"BreadcrumbList\",\"@id\":\"https:\\\/\\\/medicinasinc.com\\\/ro\\\/product\\\/cumpara-butalbital-online\\\/#breadcrumb\",\"itemListElement\":[{\"@type\":\"ListItem\",\"position\":1,\"name\":\"Magazin\",\"item\":\"https:\\\/\\\/medicinasinc.com\\\/ro\\\/magazin\\\/\"},{\"@type\":\"ListItem\",\"position\":2,\"name\":\"Cump\u0103ra\u021bi Butalbital online\"}]},{\"@type\":\"WebSite\",\"@id\":\"https:\\\/\\\/medicinasinc.com\\\/ro\\\/#website\",\"url\":\"https:\\\/\\\/medicinasinc.com\\\/ro\\\/\",\"name\":\"Medicinas Inc\",\"description\":\"Health Medical Clinic\",\"potentialAction\":[{\"@type\":\"SearchAction\",\"target\":{\"@type\":\"EntryPoint\",\"urlTemplate\":\"https:\\\/\\\/medicinasinc.com\\\/ro\\\/?s={search_term_string}\"},\"query-input\":{\"@type\":\"PropertyValueSpecification\",\"valueRequired\":true,\"valueName\":\"search_term_string\"}}],\"inLanguage\":\"en-US\"}]}<\/script>\n<!-- \/ Yoast SEO plugin. -->","yoast_head_json":{"title":"Cump\u0103ra\u021bi butalbital online - Cele mai bune medicamente globale","robots":{"index":"index","follow":"follow","max-snippet":"max-snippet:-1","max-image-preview":"max-image-preview:large","max-video-preview":"max-video-preview:-1"},"canonical":"https:\/\/medicinasinc.com\/ro\/product\/cumpara-butalbital-online\/","og_locale":"en_US","og_type":"article","og_title":"Cump\u0103ra\u021bi butalbital online - Cele mai bune medicamente globale","og_description":"Farmacia noastr\u0103 online v\u0103 va primi comanda imediat dup\u0103 plasare. \u00cel vom prioritiza \u0219i \u00eel vom finaliza c\u00e2t mai repede posibil. De obicei, avem nevoie de 5 zile pentru a livra marfa, care acoper\u0103 doar zile lucr\u0103toare. \u00cen decurs de o s\u0103pt\u0103m\u00e2n\u0103, ve\u021bi primi Nembutal Butalbital \u00een cea mai bun\u0103 stare posibil\u0103. Achizi\u021biona\u021bi imediat!","og_url":"https:\/\/medicinasinc.com\/ro\/product\/cumpara-butalbital-online\/","og_site_name":"Medicinas Inc","article_modified_time":"2022-03-22T00:47:54+00:00","og_image":[{"width":600,"height":600,"url":"https:\/\/medicinasinc.com\/ro\/wp-content\/uploads\/sites\/11\/2022\/02\/Buy-Butalbital-Online.jpg","type":"image\/jpeg"}],"twitter_card":"summary_large_image","twitter_misc":{"Est. reading time":"2 minutes"},"schema":{"@context":"https:\/\/schema.org","@graph":[{"@type":"WebPage","@id":"https:\/\/medicinasinc.com\/ro\/product\/cumpara-butalbital-online\/","url":"https:\/\/medicinasinc.com\/ro\/product\/cumpara-butalbital-online\/","name":"Cump\u0103ra\u021bi butalbital online - Cele mai bune medicamente globale","isPartOf":{"@id":"https:\/\/medicinasinc.com\/ro\/#website"},"primaryImageOfPage":{"@id":"https:\/\/medicinasinc.com\/ro\/product\/cumpara-butalbital-online\/#primaryimage"},"image":{"@id":"https:\/\/medicinasinc.com\/ro\/product\/cumpara-butalbital-online\/#primaryimage"},"thumbnailUrl":"https:\/\/medicinasinc.com\/ro\/wp-content\/uploads\/sites\/11\/2022\/02\/Buy-Butalbital-Online.jpg","datePublished":"2022-02-22T06:59:00+00:00","dateModified":"2022-03-22T00:47:54+00:00","breadcrumb":{"@id":"https:\/\/medicinasinc.com\/ro\/product\/cumpara-butalbital-online\/#breadcrumb"},"inLanguage":"en-US","potentialAction":[{"@type":"ReadAction","target":["https:\/\/medicinasinc.com\/ro\/product\/cumpara-butalbital-online\/"]}]},{"@type":"ImageObject","inLanguage":"en-US","@id":"https:\/\/medicinasinc.com\/ro\/product\/cumpara-butalbital-online\/#primaryimage","url":"https:\/\/medicinasinc.com\/ro\/wp-content\/uploads\/sites\/11\/2022\/02\/Buy-Butalbital-Online.jpg","contentUrl":"https:\/\/medicinasinc.com\/ro\/wp-content\/uploads\/sites\/11\/2022\/02\/Buy-Butalbital-Online.jpg","width":600,"height":600},{"@type":"BreadcrumbList","@id":"https:\/\/medicinasinc.com\/ro\/product\/cumpara-butalbital-online\/#breadcrumb","itemListElement":[{"@type":"ListItem","position":1,"name":"Magazin","item":"https:\/\/medicinasinc.com\/ro\/magazin\/"},{"@type":"ListItem","position":2,"name":"Cump\u0103ra\u021bi Butalbital online"}]},{"@type":"WebSite","@id":"https:\/\/medicinasinc.com\/ro\/#website","url":"https:\/\/medicinasinc.com\/ro\/","name":"Medicinas Inc","description":"Health Medical Clinic","potentialAction":[{"@type":"SearchAction","target":{"@type":"EntryPoint","urlTemplate":"https:\/\/medicinasinc.com\/ro\/?s={search_term_string}"},"query-input":{"@type":"PropertyValueSpecification","valueRequired":true,"valueName":"search_term_string"}}],"inLanguage":"en-US"}]}},"_links":{"self":[{"href":"https:\/\/medicinasinc.com\/ro\/wp-json\/wp\/v2\/product\/5828","targetHints":{"allow":["GET"]}}],"collection":[{"href":"https:\/\/medicinasinc.com\/ro\/wp-json\/wp\/v2\/product"}],"about":[{"href":"https:\/\/medicinasinc.com\/ro\/wp-json\/wp\/v2\/types\/product"}],"replies":[{"embeddable":true,"href":"https:\/\/medicinasinc.com\/ro\/wp-json\/wp\/v2\/comments?post=5828"}],"wp:featuredmedia":[{"embeddable":true,"href":"https:\/\/medicinasinc.com\/ro\/wp-json\/wp\/v2\/media\/5838"}],"wp:attachment":[{"href":"https:\/\/medicinasinc.com\/ro\/wp-json\/wp\/v2\/media?parent=5828"}],"wp:term":[{"taxonomy":"product_brand","embeddable":true,"href":"https:\/\/medicinasinc.com\/ro\/wp-json\/wp\/v2\/product_brand?post=5828"},{"taxonomy":"product_cat","embeddable":true,"href":"https:\/\/medicinasinc.com\/ro\/wp-json\/wp\/v2\/product_cat?post=5828"},{"taxonomy":"product_tag","embeddable":true,"href":"https:\/\/medicinasinc.com\/ro\/wp-json\/wp\/v2\/product_tag?post=5828"}],"curies":[{"name":"wp","href":"https:\/\/api.w.org\/{rel}","templated":true}]}}