{"id":5822,"date":"2022-02-22T06:52:56","date_gmt":"2022-02-22T06:52:56","guid":{"rendered":"https:\/\/medicinasinc.com\/ro\/?post_type=product&#038;p=5822"},"modified":"2022-03-22T00:48:05","modified_gmt":"2022-03-22T00:48:05","slug":"cumpara-nembutal-pentobarbital","status":"publish","type":"product","link":"https:\/\/medicinasinc.com\/ro\/product\/cumpara-nembutal-pentobarbital\/","title":{"rendered":"Cump\u0103ra\u021bi Nembutal Pentobarbital"},"content":{"rendered":"<p>Achizi\u021bionarea online a Nembutal Pentobarbital de la The Best Global Meds<\/p>\n<p>Farmacia online Nembutal este singura surs\u0103 de \u00eencredere pentru achizi\u021bionarea online Nembutal Pentobarbital la cele mai mici costuri posibile.<\/p>\n<p>De \u00eendat\u0103 ce vom primim datele comenzii dvs., vom \u00eencepe procesul de preg\u0103tire, urmat de livrare. Membrii echipei noastre v\u0103 vor \u00eempacheta \u00een siguran\u021b\u0103 medicamentele \u0219i vi le vor livra rapid. Nu v\u0103 pute\u021bi a\u0219tepta la nimic mai pu\u021bin dec\u00e2t cel mai bun din partea noastr\u0103 \u00een ceea ce prive\u0219te calitatea \u0219i actualitatea Nembutal Pentobarbital.<\/p>\n<p>Ce ar trebui s\u0103 cump\u0103ra\u021bi atunci c\u00e2nd cump\u0103ra\u021bi Nembutal Pentobarbital? Care este loca\u021bia potrivit\u0103 pentru a-l cump\u0103ra?<\/p>\n<p>Nembutal Pentobarbital este un medicament eficient pentru convulsii, care este de obicei utilizat \u00eempreun\u0103 cu alte medicamente eliberate pe baz\u0103 de re\u021bet\u0103. Dac\u0103 ave\u021bi o tulburare convulsiv\u0103, acest medicament este perfect pentru dvs. V\u0103 pute\u021bi desf\u0103\u0219ura ziua cu deplin\u0103 vitalitate, f\u0103r\u0103 s\u0103 v\u0103 preocupa\u021bi de episodul convulsivant. Are efect asupra numeroaselor zone ale creierului, rezult\u00e2nd o stare de senin\u0103tate \u00een organism.<\/p>\n<p>Farmacia Online Nembutal Pentobarbital este cel mai bun site pentru a cump\u0103ra Nembutal Pentobarbital online la cel mai mic pre\u021b. Acest medicament este v\u00e2ndut aici \u00een cea mai bun\u0103 stare posibil\u0103 \u0219i cu cea mai mare grij\u0103. Toate medicamentele noastre sunt testate \u00een laborator \u0219i supuse unei baterii de teste. Am colaborat cu cei mai importan\u021bi produc\u0103tori farmaceutici din lume. Dac\u0103 primi\u021bi medicamente de la noi, nu trebuie s\u0103 v\u0103 \u00eengrijora\u021bi de nimic. Vei primi, f\u0103r\u0103 \u00eendoial\u0103, cea mai mare \u00eengrijire posibil\u0103 pentru s\u0103n\u0103tatea ta!<\/p>\n","protected":false},"excerpt":{"rendered":"<p>De ce forme de dozare cu fenobarbital nembutal ave\u021bi nevoie?<\/p>\n<p>Oricine din lume poate cump\u0103ra Nembutal online de la o farmacie online. \u00cen orice moment, de oriunde, lua\u021bi leg\u0103tura cu noi. Orice \u00eentreb\u0103ri sau nel\u0103muriri pe care le au clien\u021bii no\u0219tri vor fi rezolvate cu promptitudine de c\u0103tre unul dintre reprezentan\u021bii no\u0219tri de servicii pentru clien\u021bi. Calitatea medicamentelor dumneavoastr\u0103 sau starea livr\u0103rii dumneavoastr\u0103 nu sunt niciodat\u0103 o problem\u0103 atunci c\u00e2nd lucra\u021bi cu noi. Nembutal Fenobarbital de v\u00e2nzare poate fi achizi\u021bionat prin telefon, e-mail sau mesaj text. Acum este momentul s\u0103 v\u0103 conecta\u021bi!<\/p>\n","protected":false},"featured_media":5832,"comment_status":"open","ping_status":"closed","template":"","meta":[],"product_brand":[],"product_cat":[3818],"product_tag":[],"class_list":{"0":"post-5822","1":"product","2":"type-product","3":"status-publish","4":"has-post-thumbnail","6":"product_cat-pentobarbital-de-vnzare","8":"first","9":"instock","10":"shipping-taxable","11":"purchasable","12":"product-type-variable"},"yoast_head":"<!-- This site is optimized with the Yoast SEO plugin v27.3 - https:\/\/yoast.com\/product\/yoast-seo-wordpress\/ -->\n<title>Cump\u0103ra\u021bi Nembutal Pentobarbital - Cele mai bune medicamente globale<\/title>\n<meta name=\"robots\" content=\"index, follow, max-snippet:-1, max-image-preview:large, max-video-preview:-1\" \/>\n<link rel=\"canonical\" href=\"https:\/\/medicinasinc.com\/ro\/product\/cumpara-nembutal-pentobarbital\/\" \/>\n<meta property=\"og:locale\" content=\"en_US\" \/>\n<meta property=\"og:type\" content=\"article\" \/>\n<meta property=\"og:title\" content=\"Cump\u0103ra\u021bi Nembutal Pentobarbital - Cele mai bune medicamente globale\" \/>\n<meta property=\"og:description\" content=\"De ce forme de dozare cu fenobarbital nembutal ave\u021bi nevoie? Oricine din lume poate cump\u0103ra Nembutal online de la o farmacie online. \u00cen orice moment, de oriunde, lua\u021bi leg\u0103tura cu noi. Orice \u00eentreb\u0103ri sau nel\u0103muriri pe care le au clien\u021bii no\u0219tri vor fi rezolvate cu promptitudine de c\u0103tre unul dintre reprezentan\u021bii no\u0219tri de servicii pentru clien\u021bi. Calitatea medicamentelor dumneavoastr\u0103 sau starea livr\u0103rii dumneavoastr\u0103 nu sunt niciodat\u0103 o problem\u0103 atunci c\u00e2nd lucra\u021bi cu noi. Nembutal Fenobarbital de v\u00e2nzare poate fi achizi\u021bionat prin telefon, e-mail sau mesaj text. Acum este momentul s\u0103 v\u0103 conecta\u021bi!\" \/>\n<meta property=\"og:url\" content=\"https:\/\/medicinasinc.com\/ro\/product\/cumpara-nembutal-pentobarbital\/\" \/>\n<meta property=\"og:site_name\" content=\"Medicinas Inc\" \/>\n<meta property=\"article:modified_time\" content=\"2022-03-22T00:48:05+00:00\" \/>\n<meta property=\"og:image\" content=\"https:\/\/medicinasinc.com\/ro\/wp-content\/uploads\/sites\/11\/2022\/02\/buy-Nembutal-Pentobarbital-1.jpg\" \/>\n\t<meta property=\"og:image:width\" content=\"600\" \/>\n\t<meta property=\"og:image:height\" content=\"600\" \/>\n\t<meta property=\"og:image:type\" content=\"image\/jpeg\" \/>\n<meta name=\"twitter:card\" content=\"summary_large_image\" \/>\n<meta name=\"twitter:label1\" content=\"Est. reading time\" \/>\n\t<meta name=\"twitter:data1\" content=\"2 minutes\" \/>\n<script type=\"application\/ld+json\" class=\"yoast-schema-graph\">{\"@context\":\"https:\\\/\\\/schema.org\",\"@graph\":[{\"@type\":\"WebPage\",\"@id\":\"https:\\\/\\\/medicinasinc.com\\\/ro\\\/product\\\/cumpara-nembutal-pentobarbital\\\/\",\"url\":\"https:\\\/\\\/medicinasinc.com\\\/ro\\\/product\\\/cumpara-nembutal-pentobarbital\\\/\",\"name\":\"Cump\u0103ra\u021bi Nembutal Pentobarbital - Cele mai bune medicamente globale\",\"isPartOf\":{\"@id\":\"https:\\\/\\\/medicinasinc.com\\\/ro\\\/#website\"},\"primaryImageOfPage\":{\"@id\":\"https:\\\/\\\/medicinasinc.com\\\/ro\\\/product\\\/cumpara-nembutal-pentobarbital\\\/#primaryimage\"},\"image\":{\"@id\":\"https:\\\/\\\/medicinasinc.com\\\/ro\\\/product\\\/cumpara-nembutal-pentobarbital\\\/#primaryimage\"},\"thumbnailUrl\":\"https:\\\/\\\/medicinasinc.com\\\/ro\\\/wp-content\\\/uploads\\\/sites\\\/11\\\/2022\\\/02\\\/buy-Nembutal-Pentobarbital-1.jpg\",\"datePublished\":\"2022-02-22T06:52:56+00:00\",\"dateModified\":\"2022-03-22T00:48:05+00:00\",\"breadcrumb\":{\"@id\":\"https:\\\/\\\/medicinasinc.com\\\/ro\\\/product\\\/cumpara-nembutal-pentobarbital\\\/#breadcrumb\"},\"inLanguage\":\"en-US\",\"potentialAction\":[{\"@type\":\"ReadAction\",\"target\":[\"https:\\\/\\\/medicinasinc.com\\\/ro\\\/product\\\/cumpara-nembutal-pentobarbital\\\/\"]}]},{\"@type\":\"ImageObject\",\"inLanguage\":\"en-US\",\"@id\":\"https:\\\/\\\/medicinasinc.com\\\/ro\\\/product\\\/cumpara-nembutal-pentobarbital\\\/#primaryimage\",\"url\":\"https:\\\/\\\/medicinasinc.com\\\/ro\\\/wp-content\\\/uploads\\\/sites\\\/11\\\/2022\\\/02\\\/buy-Nembutal-Pentobarbital-1.jpg\",\"contentUrl\":\"https:\\\/\\\/medicinasinc.com\\\/ro\\\/wp-content\\\/uploads\\\/sites\\\/11\\\/2022\\\/02\\\/buy-Nembutal-Pentobarbital-1.jpg\",\"width\":600,\"height\":600},{\"@type\":\"BreadcrumbList\",\"@id\":\"https:\\\/\\\/medicinasinc.com\\\/ro\\\/product\\\/cumpara-nembutal-pentobarbital\\\/#breadcrumb\",\"itemListElement\":[{\"@type\":\"ListItem\",\"position\":1,\"name\":\"Magazin\",\"item\":\"https:\\\/\\\/medicinasinc.com\\\/ro\\\/magazin\\\/\"},{\"@type\":\"ListItem\",\"position\":2,\"name\":\"Cump\u0103ra\u021bi Nembutal Pentobarbital\"}]},{\"@type\":\"WebSite\",\"@id\":\"https:\\\/\\\/medicinasinc.com\\\/ro\\\/#website\",\"url\":\"https:\\\/\\\/medicinasinc.com\\\/ro\\\/\",\"name\":\"Medicinas Inc\",\"description\":\"Health Medical Clinic\",\"potentialAction\":[{\"@type\":\"SearchAction\",\"target\":{\"@type\":\"EntryPoint\",\"urlTemplate\":\"https:\\\/\\\/medicinasinc.com\\\/ro\\\/?s={search_term_string}\"},\"query-input\":{\"@type\":\"PropertyValueSpecification\",\"valueRequired\":true,\"valueName\":\"search_term_string\"}}],\"inLanguage\":\"en-US\"}]}<\/script>\n<!-- \/ Yoast SEO plugin. -->","yoast_head_json":{"title":"Cump\u0103ra\u021bi Nembutal Pentobarbital - Cele mai bune medicamente globale","robots":{"index":"index","follow":"follow","max-snippet":"max-snippet:-1","max-image-preview":"max-image-preview:large","max-video-preview":"max-video-preview:-1"},"canonical":"https:\/\/medicinasinc.com\/ro\/product\/cumpara-nembutal-pentobarbital\/","og_locale":"en_US","og_type":"article","og_title":"Cump\u0103ra\u021bi Nembutal Pentobarbital - Cele mai bune medicamente globale","og_description":"De ce forme de dozare cu fenobarbital nembutal ave\u021bi nevoie? Oricine din lume poate cump\u0103ra Nembutal online de la o farmacie online. \u00cen orice moment, de oriunde, lua\u021bi leg\u0103tura cu noi. Orice \u00eentreb\u0103ri sau nel\u0103muriri pe care le au clien\u021bii no\u0219tri vor fi rezolvate cu promptitudine de c\u0103tre unul dintre reprezentan\u021bii no\u0219tri de servicii pentru clien\u021bi. Calitatea medicamentelor dumneavoastr\u0103 sau starea livr\u0103rii dumneavoastr\u0103 nu sunt niciodat\u0103 o problem\u0103 atunci c\u00e2nd lucra\u021bi cu noi. Nembutal Fenobarbital de v\u00e2nzare poate fi achizi\u021bionat prin telefon, e-mail sau mesaj text. Acum este momentul s\u0103 v\u0103 conecta\u021bi!","og_url":"https:\/\/medicinasinc.com\/ro\/product\/cumpara-nembutal-pentobarbital\/","og_site_name":"Medicinas Inc","article_modified_time":"2022-03-22T00:48:05+00:00","og_image":[{"width":600,"height":600,"url":"https:\/\/medicinasinc.com\/ro\/wp-content\/uploads\/sites\/11\/2022\/02\/buy-Nembutal-Pentobarbital-1.jpg","type":"image\/jpeg"}],"twitter_card":"summary_large_image","twitter_misc":{"Est. reading time":"2 minutes"},"schema":{"@context":"https:\/\/schema.org","@graph":[{"@type":"WebPage","@id":"https:\/\/medicinasinc.com\/ro\/product\/cumpara-nembutal-pentobarbital\/","url":"https:\/\/medicinasinc.com\/ro\/product\/cumpara-nembutal-pentobarbital\/","name":"Cump\u0103ra\u021bi Nembutal Pentobarbital - Cele mai bune medicamente globale","isPartOf":{"@id":"https:\/\/medicinasinc.com\/ro\/#website"},"primaryImageOfPage":{"@id":"https:\/\/medicinasinc.com\/ro\/product\/cumpara-nembutal-pentobarbital\/#primaryimage"},"image":{"@id":"https:\/\/medicinasinc.com\/ro\/product\/cumpara-nembutal-pentobarbital\/#primaryimage"},"thumbnailUrl":"https:\/\/medicinasinc.com\/ro\/wp-content\/uploads\/sites\/11\/2022\/02\/buy-Nembutal-Pentobarbital-1.jpg","datePublished":"2022-02-22T06:52:56+00:00","dateModified":"2022-03-22T00:48:05+00:00","breadcrumb":{"@id":"https:\/\/medicinasinc.com\/ro\/product\/cumpara-nembutal-pentobarbital\/#breadcrumb"},"inLanguage":"en-US","potentialAction":[{"@type":"ReadAction","target":["https:\/\/medicinasinc.com\/ro\/product\/cumpara-nembutal-pentobarbital\/"]}]},{"@type":"ImageObject","inLanguage":"en-US","@id":"https:\/\/medicinasinc.com\/ro\/product\/cumpara-nembutal-pentobarbital\/#primaryimage","url":"https:\/\/medicinasinc.com\/ro\/wp-content\/uploads\/sites\/11\/2022\/02\/buy-Nembutal-Pentobarbital-1.jpg","contentUrl":"https:\/\/medicinasinc.com\/ro\/wp-content\/uploads\/sites\/11\/2022\/02\/buy-Nembutal-Pentobarbital-1.jpg","width":600,"height":600},{"@type":"BreadcrumbList","@id":"https:\/\/medicinasinc.com\/ro\/product\/cumpara-nembutal-pentobarbital\/#breadcrumb","itemListElement":[{"@type":"ListItem","position":1,"name":"Magazin","item":"https:\/\/medicinasinc.com\/ro\/magazin\/"},{"@type":"ListItem","position":2,"name":"Cump\u0103ra\u021bi Nembutal Pentobarbital"}]},{"@type":"WebSite","@id":"https:\/\/medicinasinc.com\/ro\/#website","url":"https:\/\/medicinasinc.com\/ro\/","name":"Medicinas Inc","description":"Health Medical Clinic","potentialAction":[{"@type":"SearchAction","target":{"@type":"EntryPoint","urlTemplate":"https:\/\/medicinasinc.com\/ro\/?s={search_term_string}"},"query-input":{"@type":"PropertyValueSpecification","valueRequired":true,"valueName":"search_term_string"}}],"inLanguage":"en-US"}]}},"_links":{"self":[{"href":"https:\/\/medicinasinc.com\/ro\/wp-json\/wp\/v2\/product\/5822","targetHints":{"allow":["GET"]}}],"collection":[{"href":"https:\/\/medicinasinc.com\/ro\/wp-json\/wp\/v2\/product"}],"about":[{"href":"https:\/\/medicinasinc.com\/ro\/wp-json\/wp\/v2\/types\/product"}],"replies":[{"embeddable":true,"href":"https:\/\/medicinasinc.com\/ro\/wp-json\/wp\/v2\/comments?post=5822"}],"wp:featuredmedia":[{"embeddable":true,"href":"https:\/\/medicinasinc.com\/ro\/wp-json\/wp\/v2\/media\/5832"}],"wp:attachment":[{"href":"https:\/\/medicinasinc.com\/ro\/wp-json\/wp\/v2\/media?parent=5822"}],"wp:term":[{"taxonomy":"product_brand","embeddable":true,"href":"https:\/\/medicinasinc.com\/ro\/wp-json\/wp\/v2\/product_brand?post=5822"},{"taxonomy":"product_cat","embeddable":true,"href":"https:\/\/medicinasinc.com\/ro\/wp-json\/wp\/v2\/product_cat?post=5822"},{"taxonomy":"product_tag","embeddable":true,"href":"https:\/\/medicinasinc.com\/ro\/wp-json\/wp\/v2\/product_tag?post=5822"}],"curies":[{"name":"wp","href":"https:\/\/api.w.org\/{rel}","templated":true}]}}