{"id":5816,"date":"2022-02-22T06:47:51","date_gmt":"2022-02-22T06:47:51","guid":{"rendered":"https:\/\/medicinasinc.com\/ro\/?post_type=product&#038;p=5816"},"modified":"2022-03-22T00:48:14","modified_gmt":"2022-03-22T00:48:14","slug":"cumpar-nembutal-pastile","status":"publish","type":"product","link":"https:\/\/medicinasinc.com\/ro\/product\/cumpar-nembutal-pastile\/","title":{"rendered":"Cump\u0103ra\u021bi pastile de Nembutal"},"content":{"rendered":"<p>Pasule de Nembutal de v\u00e2nzare de la cea mai bun\u0103 farmacie online la pre\u021buri reduse<\/p>\n<p>Acum pute\u021bi cump\u0103ra tablete de Nembutal de la Best Global Meds \u0219i de a le folosi la maximum poten\u021bialul pentru s\u0103n\u0103tatea dumneavoastr\u0103. Vom lua \u00een considerare comanda dvs. \u0219i ne vom asigura c\u0103 ajunge acolo unde ar trebui s\u0103 ajung\u0103. Dac\u0103 dori\u021bi s\u0103 achizi\u021biona\u021bi pastile Nembutal pentru v\u00e2nzare, contacta\u021bi-ne ast\u0103zi.<\/p>\n<p>Putem furniza tablete Nembutal \u00eentr-o metod\u0103 precis\u0103, datorit\u0103 reputa\u021biei noastre excelente \u00een afaceri. Pentru a ne asigura c\u0103 clien\u021bii no\u0219tri primesc comenzile c\u00e2t mai prompt posibil, utiliz\u0103m un proces de expediere simplu \u0219i rapid. Depunem toate eforturile pentru a ne asigura c\u0103 clien\u021bii no\u0219tri nu trebuie s\u0103 a\u0219tepte produsele lor.<\/p>\n<p>\u00cen calitate de farmacie online profesionist\u0103, nu pierdem nicio secund\u0103 atunci c\u00e2nd vine vorba de a ne asigura c\u0103 comanda dumneavoastr\u0103 ajunge la timp . Pentru a ne asigura c\u0103 nimic nu este trecut cu vederea, un membru al echipei noastre monitorizeaz\u0103 totul 24 de ore pe zi. Ne dorim ca consumatorii no\u0219tri s\u0103 aib\u0103 cea mai mare grij\u0103 posibil\u0103 pentru bun\u0103starea lor.<\/p>\n<p>Care este scopul pastilelor Nembutal?<\/p>\n<p>Cump\u0103rarea pastilelor Nembutal de la un dispensar sau o farmacie local\u0103 nu va primi tu pur \u0219i simplu orice drog vechi. La tratamentul priv\u0103rii de somn, este un narcotic care se folose\u0219te \u00een doze mari. Pacien\u021bii din spitale \u0219i clinici medicale sunt adormi\u021bi folosind pastilele Nembutal de c\u0103tre medici \u0219i chirurgi pentru a continua procesul. Pentru cei care au nevoie de pastile Nembutal, pute\u021bi contacta Online Nembutal Pharmacy, o farmacie de top pe internet. Aici, vei g\u0103si cel mai bun dintre cei mai buni. Lua\u021bi leg\u0103tura cu noi imediat!<\/p>\n","protected":false},"excerpt":{"rendered":"<p>Cum s\u0103 g\u0103sesc cea mai bun\u0103 farmacie online pentru a cump\u0103ra pastile cu nembutal?<\/p>\n<p>Achizi\u021biona\u021bi nembutal [pastile din selec\u021bia noastr\u0103 de pastile \u0219i injec\u021bii cu pentobarbital sodiu, medicamente cu barbiturice \u0219i nembutal de v\u00e2nzare \u00een apropierea mea cu transport sigur.<\/p>\n<p>Dac\u0103 nu sunte\u021bi sigur cum s\u0103 v\u0103 conecta\u021bi cu cea mai bun\u0103 farmacie online pentru a cump\u0103ra tablete Nembutal online, Pentobarbital Global Meds este \u00eentotdeauna disponibil s\u0103 v\u0103 ajute. Suntem aici pentru a v\u0103 ajuta s\u0103 cump\u0103ra\u021bi pastile Nembutal online la cel mai mic pre\u021b posibil. Pute\u021bi plasa comanda aici \u0219i a\u0219tepta\u021bi ca aceasta s\u0103 fie finalizat\u0103 \u00een timp util. Nu vom \u00eent\u00e2rzia livrarea \u00een niciun fel care nu este necesar. Contacta\u021bi-ne imediat!<\/p>\n","protected":false},"featured_media":5826,"comment_status":"open","ping_status":"closed","template":"","meta":[],"product_brand":[],"product_cat":[3818],"product_tag":[3825,3832,3871,3837,3839,3915,3864,3858,3860,3861,3862,3867,3868,3857,3863,3865,3859],"class_list":{"0":"post-5816","1":"product","2":"type-product","3":"status-publish","4":"has-post-thumbnail","6":"product_cat-pentobarbital-de-vnzare","7":"product_tag-buy-nembutal-pills-online","8":"product_tag-can-i-order-nembutal-online","9":"product_tag-comanda-nembutal-pastile","10":"product_tag-cum-pot-comand-pastile-nembutal","11":"product_tag-cum-pot-i-ia-nembutal","12":"product_tag-de-unde-pot-cumpara-pastile-nembutal","13":"product_tag-nembutal-pastile-doza","14":"product_tag-nembutal-pastile-cumpara","15":"product_tag-nembutal-pills-buy-austria","16":"product_tag-nembutal-pills-buy-europe","17":"product_tag-nembutal-pills-buy-online","18":"product_tag-nembutal-pills-overdose","19":"product_tag-nembutal-pills-supplier","20":"product_tag-nembutal-pastile","21":"product_tag-pastile-nembutal-buy-uk","22":"product_tag-pastile-nembutal-de-vanzare","23":"product_tag-nembutal-pilulele-cumpara-australia","25":"first","26":"instock","27":"shipping-taxable","28":"purchasable","29":"product-type-variable"},"yoast_head":"<!-- This site is optimized with the Yoast SEO plugin v27.3 - https:\/\/yoast.com\/product\/yoast-seo-wordpress\/ -->\n<title>Cump\u0103ra\u021bi pastile Nembutal - Cele mai bune medicamente globale<\/title>\n<meta name=\"description\" content=\"Cump\u0103ra\u021bi Nembutal [pastile din pastilele noastre de Pentobarbital Sodium &amp; injec\u021bii, Barbiturice \u0219i Nembutal de v\u00e2nzare l\u00e2ng\u0103 mine cu transport sigur.\" \/>\n<meta name=\"robots\" content=\"index, follow, max-snippet:-1, max-image-preview:large, max-video-preview:-1\" \/>\n<link rel=\"canonical\" href=\"https:\/\/medicinasinc.com\/ro\/product\/cumpar-nembutal-pastile\/\" \/>\n<meta property=\"og:locale\" content=\"en_US\" \/>\n<meta property=\"og:type\" content=\"article\" \/>\n<meta property=\"og:title\" content=\"Cump\u0103ra\u021bi pastile Nembutal - Cele mai bune medicamente globale\" \/>\n<meta property=\"og:description\" content=\"Cump\u0103ra\u021bi Nembutal [pastile din pastilele noastre de Pentobarbital Sodium &amp; injec\u021bii, Barbiturice \u0219i Nembutal de v\u00e2nzare l\u00e2ng\u0103 mine cu transport sigur.\" \/>\n<meta property=\"og:url\" content=\"https:\/\/medicinasinc.com\/ro\/product\/cumpar-nembutal-pastile\/\" \/>\n<meta property=\"og:site_name\" content=\"Medicinas Inc\" \/>\n<meta property=\"article:modified_time\" content=\"2022-03-22T00:48:14+00:00\" \/>\n<meta property=\"og:image\" content=\"https:\/\/medicinasinc.com\/ro\/wp-content\/uploads\/sites\/11\/2022\/02\/Buy-Nembutal-Pills.jpg\" \/>\n\t<meta property=\"og:image:width\" content=\"600\" \/>\n\t<meta property=\"og:image:height\" content=\"600\" \/>\n\t<meta property=\"og:image:type\" content=\"image\/jpeg\" \/>\n<meta name=\"twitter:card\" content=\"summary_large_image\" \/>\n<meta name=\"twitter:label1\" content=\"Est. reading time\" \/>\n\t<meta name=\"twitter:data1\" content=\"2 minutes\" \/>\n<script type=\"application\/ld+json\" class=\"yoast-schema-graph\">{\"@context\":\"https:\\\/\\\/schema.org\",\"@graph\":[{\"@type\":\"WebPage\",\"@id\":\"https:\\\/\\\/medicinasinc.com\\\/ro\\\/product\\\/cumpar-nembutal-pastile\\\/\",\"url\":\"https:\\\/\\\/medicinasinc.com\\\/ro\\\/product\\\/cumpar-nembutal-pastile\\\/\",\"name\":\"Cump\u0103ra\u021bi pastile Nembutal - Cele mai bune medicamente globale\",\"isPartOf\":{\"@id\":\"https:\\\/\\\/medicinasinc.com\\\/ro\\\/#website\"},\"primaryImageOfPage\":{\"@id\":\"https:\\\/\\\/medicinasinc.com\\\/ro\\\/product\\\/cumpar-nembutal-pastile\\\/#primaryimage\"},\"image\":{\"@id\":\"https:\\\/\\\/medicinasinc.com\\\/ro\\\/product\\\/cumpar-nembutal-pastile\\\/#primaryimage\"},\"thumbnailUrl\":\"https:\\\/\\\/medicinasinc.com\\\/ro\\\/wp-content\\\/uploads\\\/sites\\\/11\\\/2022\\\/02\\\/Buy-Nembutal-Pills.jpg\",\"datePublished\":\"2022-02-22T06:47:51+00:00\",\"dateModified\":\"2022-03-22T00:48:14+00:00\",\"description\":\"Cump\u0103ra\u021bi Nembutal [pastile din pastilele noastre de Pentobarbital Sodium &amp; injec\u021bii, Barbiturice \u0219i Nembutal de v\u00e2nzare l\u00e2ng\u0103 mine cu transport sigur.\",\"breadcrumb\":{\"@id\":\"https:\\\/\\\/medicinasinc.com\\\/ro\\\/product\\\/cumpar-nembutal-pastile\\\/#breadcrumb\"},\"inLanguage\":\"en-US\",\"potentialAction\":[{\"@type\":\"ReadAction\",\"target\":[\"https:\\\/\\\/medicinasinc.com\\\/ro\\\/product\\\/cumpar-nembutal-pastile\\\/\"]}]},{\"@type\":\"ImageObject\",\"inLanguage\":\"en-US\",\"@id\":\"https:\\\/\\\/medicinasinc.com\\\/ro\\\/product\\\/cumpar-nembutal-pastile\\\/#primaryimage\",\"url\":\"https:\\\/\\\/medicinasinc.com\\\/ro\\\/wp-content\\\/uploads\\\/sites\\\/11\\\/2022\\\/02\\\/Buy-Nembutal-Pills.jpg\",\"contentUrl\":\"https:\\\/\\\/medicinasinc.com\\\/ro\\\/wp-content\\\/uploads\\\/sites\\\/11\\\/2022\\\/02\\\/Buy-Nembutal-Pills.jpg\",\"width\":600,\"height\":600},{\"@type\":\"BreadcrumbList\",\"@id\":\"https:\\\/\\\/medicinasinc.com\\\/ro\\\/product\\\/cumpar-nembutal-pastile\\\/#breadcrumb\",\"itemListElement\":[{\"@type\":\"ListItem\",\"position\":1,\"name\":\"Magazin\",\"item\":\"https:\\\/\\\/medicinasinc.com\\\/ro\\\/magazin\\\/\"},{\"@type\":\"ListItem\",\"position\":2,\"name\":\"Cump\u0103ra\u021bi pastile de Nembutal\"}]},{\"@type\":\"WebSite\",\"@id\":\"https:\\\/\\\/medicinasinc.com\\\/ro\\\/#website\",\"url\":\"https:\\\/\\\/medicinasinc.com\\\/ro\\\/\",\"name\":\"Medicinas Inc\",\"description\":\"Health Medical Clinic\",\"potentialAction\":[{\"@type\":\"SearchAction\",\"target\":{\"@type\":\"EntryPoint\",\"urlTemplate\":\"https:\\\/\\\/medicinasinc.com\\\/ro\\\/?s={search_term_string}\"},\"query-input\":{\"@type\":\"PropertyValueSpecification\",\"valueRequired\":true,\"valueName\":\"search_term_string\"}}],\"inLanguage\":\"en-US\"}]}<\/script>\n<!-- \/ Yoast SEO plugin. -->","yoast_head_json":{"title":"Cump\u0103ra\u021bi pastile Nembutal - Cele mai bune medicamente globale","description":"Cump\u0103ra\u021bi Nembutal [pastile din pastilele noastre de Pentobarbital Sodium &amp; injec\u021bii, Barbiturice \u0219i Nembutal de v\u00e2nzare l\u00e2ng\u0103 mine cu transport sigur.","robots":{"index":"index","follow":"follow","max-snippet":"max-snippet:-1","max-image-preview":"max-image-preview:large","max-video-preview":"max-video-preview:-1"},"canonical":"https:\/\/medicinasinc.com\/ro\/product\/cumpar-nembutal-pastile\/","og_locale":"en_US","og_type":"article","og_title":"Cump\u0103ra\u021bi pastile Nembutal - Cele mai bune medicamente globale","og_description":"Cump\u0103ra\u021bi Nembutal [pastile din pastilele noastre de Pentobarbital Sodium &amp; injec\u021bii, Barbiturice \u0219i Nembutal de v\u00e2nzare l\u00e2ng\u0103 mine cu transport sigur.","og_url":"https:\/\/medicinasinc.com\/ro\/product\/cumpar-nembutal-pastile\/","og_site_name":"Medicinas Inc","article_modified_time":"2022-03-22T00:48:14+00:00","og_image":[{"width":600,"height":600,"url":"https:\/\/medicinasinc.com\/ro\/wp-content\/uploads\/sites\/11\/2022\/02\/Buy-Nembutal-Pills.jpg","type":"image\/jpeg"}],"twitter_card":"summary_large_image","twitter_misc":{"Est. reading time":"2 minutes"},"schema":{"@context":"https:\/\/schema.org","@graph":[{"@type":"WebPage","@id":"https:\/\/medicinasinc.com\/ro\/product\/cumpar-nembutal-pastile\/","url":"https:\/\/medicinasinc.com\/ro\/product\/cumpar-nembutal-pastile\/","name":"Cump\u0103ra\u021bi pastile Nembutal - Cele mai bune medicamente globale","isPartOf":{"@id":"https:\/\/medicinasinc.com\/ro\/#website"},"primaryImageOfPage":{"@id":"https:\/\/medicinasinc.com\/ro\/product\/cumpar-nembutal-pastile\/#primaryimage"},"image":{"@id":"https:\/\/medicinasinc.com\/ro\/product\/cumpar-nembutal-pastile\/#primaryimage"},"thumbnailUrl":"https:\/\/medicinasinc.com\/ro\/wp-content\/uploads\/sites\/11\/2022\/02\/Buy-Nembutal-Pills.jpg","datePublished":"2022-02-22T06:47:51+00:00","dateModified":"2022-03-22T00:48:14+00:00","description":"Cump\u0103ra\u021bi Nembutal [pastile din pastilele noastre de Pentobarbital Sodium &amp; injec\u021bii, Barbiturice \u0219i Nembutal de v\u00e2nzare l\u00e2ng\u0103 mine cu transport sigur.","breadcrumb":{"@id":"https:\/\/medicinasinc.com\/ro\/product\/cumpar-nembutal-pastile\/#breadcrumb"},"inLanguage":"en-US","potentialAction":[{"@type":"ReadAction","target":["https:\/\/medicinasinc.com\/ro\/product\/cumpar-nembutal-pastile\/"]}]},{"@type":"ImageObject","inLanguage":"en-US","@id":"https:\/\/medicinasinc.com\/ro\/product\/cumpar-nembutal-pastile\/#primaryimage","url":"https:\/\/medicinasinc.com\/ro\/wp-content\/uploads\/sites\/11\/2022\/02\/Buy-Nembutal-Pills.jpg","contentUrl":"https:\/\/medicinasinc.com\/ro\/wp-content\/uploads\/sites\/11\/2022\/02\/Buy-Nembutal-Pills.jpg","width":600,"height":600},{"@type":"BreadcrumbList","@id":"https:\/\/medicinasinc.com\/ro\/product\/cumpar-nembutal-pastile\/#breadcrumb","itemListElement":[{"@type":"ListItem","position":1,"name":"Magazin","item":"https:\/\/medicinasinc.com\/ro\/magazin\/"},{"@type":"ListItem","position":2,"name":"Cump\u0103ra\u021bi pastile de Nembutal"}]},{"@type":"WebSite","@id":"https:\/\/medicinasinc.com\/ro\/#website","url":"https:\/\/medicinasinc.com\/ro\/","name":"Medicinas Inc","description":"Health Medical Clinic","potentialAction":[{"@type":"SearchAction","target":{"@type":"EntryPoint","urlTemplate":"https:\/\/medicinasinc.com\/ro\/?s={search_term_string}"},"query-input":{"@type":"PropertyValueSpecification","valueRequired":true,"valueName":"search_term_string"}}],"inLanguage":"en-US"}]}},"_links":{"self":[{"href":"https:\/\/medicinasinc.com\/ro\/wp-json\/wp\/v2\/product\/5816","targetHints":{"allow":["GET"]}}],"collection":[{"href":"https:\/\/medicinasinc.com\/ro\/wp-json\/wp\/v2\/product"}],"about":[{"href":"https:\/\/medicinasinc.com\/ro\/wp-json\/wp\/v2\/types\/product"}],"replies":[{"embeddable":true,"href":"https:\/\/medicinasinc.com\/ro\/wp-json\/wp\/v2\/comments?post=5816"}],"wp:featuredmedia":[{"embeddable":true,"href":"https:\/\/medicinasinc.com\/ro\/wp-json\/wp\/v2\/media\/5826"}],"wp:attachment":[{"href":"https:\/\/medicinasinc.com\/ro\/wp-json\/wp\/v2\/media?parent=5816"}],"wp:term":[{"taxonomy":"product_brand","embeddable":true,"href":"https:\/\/medicinasinc.com\/ro\/wp-json\/wp\/v2\/product_brand?post=5816"},{"taxonomy":"product_cat","embeddable":true,"href":"https:\/\/medicinasinc.com\/ro\/wp-json\/wp\/v2\/product_cat?post=5816"},{"taxonomy":"product_tag","embeddable":true,"href":"https:\/\/medicinasinc.com\/ro\/wp-json\/wp\/v2\/product_tag?post=5816"}],"curies":[{"name":"wp","href":"https:\/\/api.w.org\/{rel}","templated":true}]}}