{"id":5810,"date":"2022-02-22T06:41:43","date_gmt":"2022-02-22T06:41:43","guid":{"rendered":"https:\/\/medicinasinc.com\/ro\/?post_type=product&#038;p=5810"},"modified":"2022-03-22T00:48:24","modified_gmt":"2022-03-22T00:48:24","slug":"cumpar-nembutal-tablete","status":"publish","type":"product","link":"https:\/\/medicinasinc.com\/ro\/product\/cumpar-nembutal-tablete\/","title":{"rendered":"Cump\u0103ra\u021bi tablete Nembutal"},"content":{"rendered":"<p>Comprimate Nembutal de v\u00e2nzare online la cele mai mici pre\u021buri de la farmacia noastr\u0103 online de renume<\/p>\n<p>Platforma online a f\u0103cut ca oricine s\u0103 achizi\u021bioneze tablete Nembutal simplu \u0219i simplu. Dac\u0103 sunte\u021bi interesat s\u0103 cump\u0103ra\u021bi \u0219i online tablete Nembutal, conecta\u021bi-v\u0103 la Farmacia online Nembutal. Farmacia noastr\u0103 este o loca\u021bie dedicat\u0103, de \u00eencredere \u0219i economic\u0103 pentru a v\u0103 \u00eendeplini cerin\u021bele Nembutal.<\/p>\n<p>Credem \u00een importan\u021ba articolelor de \u00eenalt\u0103 calitate \u0219i ne str\u0103duim s\u0103 le oferim clien\u021bilor no\u0219tri. Vom finaliza prompt solicitarea dvs. de a cump\u0103ra tablete Nembutal online la cel mai bun pre\u021b. Nu v\u0103 vom face s\u0103 a\u0219tepta\u021bi la infinit. Farmacia noastr\u0103 online v\u0103 va trimite produsele cu promptitudine. Sistemul nostru de distribu\u021bie este discret \u0219i sigur. Nu l\u0103s\u0103m loc de eroare. Toate comenzile sunt finalizate cu expertiz\u0103 aici. Achizi\u021biona\u021bi imediat!<\/p>\n<p>Tabletele Nembutal &#8211; Educa\u021bi-v\u0103 despre utiliz\u0103rile sale sigure cu ajutorul echipei noastre de profesioni\u0219ti<\/p>\n<p>Comprimatele Nembutal sunt prescrise pe scar\u0103 larg\u0103 pentru tratamentul insomniei, sed\u0103rii \u0219i tulbur\u0103rilor convulsive. Pentru o perioad\u0103 lung\u0103 de timp, furniz\u0103m tablete Nembutal \u00een \u00eentreaga lume. \u00cen anumite cazuri, chirurgii folosesc acest medicament pentru a seda pacien\u021bii \u00eenainte de a le opera. Efectu\u0103m teste periodice pe aceste tablete pentru a asigura eficacitatea lor.<\/p>\n<p>Includem un ghid de medicamente cu tabletele Nembutal. Acest lucru \u00eei ajut\u0103 pe clien\u021bii no\u0219tri s\u0103 administreze corect medicamentul \u0219i s\u0103 \u00een\u021beleag\u0103 doza adecvat\u0103 \u00een func\u021bie de greutatea, v\u00e2rsta \u0219i starea lor medical\u0103. \u00cen plus, credem c\u0103 tabletele Nembutal sunt cel mai simplu \u0219i mai eficient medicament pentru persoanele care au dificult\u0103\u021bi de somn.<\/p>\n<p>Profesioni\u0219tii no\u0219tri sunt acolo 24 de ore pe zi pentru a v\u0103 ajuta s\u0103 \u00een\u021belege\u021bi tot ceea ce prive\u0219te tabletele Nembutal. Tabletele noastre Nembutal au un pre\u021b rezonabil. Cu toate acestea, nu trebuie s\u0103 v\u0103 face\u021bi griji cu privire la costul acestui produs. Comanda\u021bi-v\u0103 imediat cerin\u021bele!<\/p>\n","protected":false},"excerpt":{"rendered":"<p>Cum v\u0103 putem ajuta s\u0103 cump\u0103ra\u021bi nembutal tablete fenobarbital de v\u00e2nzare online \u00een Marea Britanie, Europa? Farmacia online Nembutal este disponibil\u0103 tuturor oamenilor din \u00eentreaga lume. Ne pute\u021bi contacta oric\u00e2nd \u0219i oriunde.<\/p>\n<p>La farmacia online Nembutal, pute\u021bi cump\u0103ra comprimate Nembutal \u0219i vi se pot livra la adresa specificat\u0103 \u00een c\u00e2teva zile. Tabletele Nembutal trebuie ad\u0103ugate \u00een co\u0219ul de cump\u0103r\u0103turi online pentru a finaliza tranzac\u021bia. Accesa\u021bi sec\u021biunea de plat\u0103 \u0219i pl\u0103ti\u021bi dup\u0103 ce l-a\u021bi ad\u0103ugat. Ve\u021bi putea plasa comanda de \u00eendat\u0103 ce a\u021bi efectuat plata. V\u0103 vom livra comanda imediat ce este primit\u0103 de farmacia noastr\u0103 online. Plasa\u021bi comanda \u00een acest moment!<\/p>\n","protected":false},"featured_media":5820,"comment_status":"open","ping_status":"closed","template":"","meta":[],"product_brand":[],"product_cat":[3818],"product_tag":[],"class_list":{"0":"post-5810","1":"product","2":"type-product","3":"status-publish","4":"has-post-thumbnail","6":"product_cat-pentobarbital-de-vnzare","8":"first","9":"instock","10":"shipping-taxable","11":"purchasable","12":"product-type-variable"},"yoast_head":"<!-- This site is optimized with the Yoast SEO plugin v27.3 - https:\/\/yoast.com\/product\/yoast-seo-wordpress\/ -->\n<title>Cump\u0103ra\u021bi tablete Nembutal - Cele mai bune medicamente globale<\/title>\n<meta name=\"description\" content=\"Cum v\u0103 putem ajuta s\u0103 cump\u0103ra\u021bi nembutal tablete fenobarbital pentru v\u00e2nzare online \u00een Marea Britanie, Europa? Farmacia online Nembutal este disponibil\u0103 tuturor oamenilor din \u00eentreaga lume. Ne po\u021bi contacta oric\u00e2nd \u0219i oriunde.\" \/>\n<meta name=\"robots\" content=\"index, follow, max-snippet:-1, max-image-preview:large, max-video-preview:-1\" \/>\n<link rel=\"canonical\" href=\"https:\/\/medicinasinc.com\/ro\/product\/cumpar-nembutal-tablete\/\" \/>\n<meta property=\"og:locale\" content=\"en_US\" \/>\n<meta property=\"og:type\" content=\"article\" \/>\n<meta property=\"og:title\" content=\"Cump\u0103ra\u021bi tablete Nembutal - Cele mai bune medicamente globale\" \/>\n<meta property=\"og:description\" content=\"Cum v\u0103 putem ajuta s\u0103 cump\u0103ra\u021bi nembutal tablete fenobarbital pentru v\u00e2nzare online \u00een Marea Britanie, Europa? Farmacia online Nembutal este disponibil\u0103 tuturor oamenilor din \u00eentreaga lume. Ne po\u021bi contacta oric\u00e2nd \u0219i oriunde.\" \/>\n<meta property=\"og:url\" content=\"https:\/\/medicinasinc.com\/ro\/product\/cumpar-nembutal-tablete\/\" \/>\n<meta property=\"og:site_name\" content=\"Medicinas Inc\" \/>\n<meta property=\"article:modified_time\" content=\"2022-03-22T00:48:24+00:00\" \/>\n<meta property=\"og:image\" content=\"https:\/\/medicinasinc.com\/ro\/wp-content\/uploads\/sites\/11\/2022\/02\/Buy-Nembutal-Tablets.jpg\" \/>\n\t<meta property=\"og:image:width\" content=\"600\" \/>\n\t<meta property=\"og:image:height\" content=\"600\" \/>\n\t<meta property=\"og:image:type\" content=\"image\/jpeg\" \/>\n<meta name=\"twitter:card\" content=\"summary_large_image\" \/>\n<meta name=\"twitter:label1\" content=\"Est. reading time\" \/>\n\t<meta name=\"twitter:data1\" content=\"2 minutes\" \/>\n<script type=\"application\/ld+json\" class=\"yoast-schema-graph\">{\"@context\":\"https:\\\/\\\/schema.org\",\"@graph\":[{\"@type\":\"WebPage\",\"@id\":\"https:\\\/\\\/medicinasinc.com\\\/ro\\\/product\\\/cumpar-nembutal-tablete\\\/\",\"url\":\"https:\\\/\\\/medicinasinc.com\\\/ro\\\/product\\\/cumpar-nembutal-tablete\\\/\",\"name\":\"Cump\u0103ra\u021bi tablete Nembutal - Cele mai bune medicamente globale\",\"isPartOf\":{\"@id\":\"https:\\\/\\\/medicinasinc.com\\\/ro\\\/#website\"},\"primaryImageOfPage\":{\"@id\":\"https:\\\/\\\/medicinasinc.com\\\/ro\\\/product\\\/cumpar-nembutal-tablete\\\/#primaryimage\"},\"image\":{\"@id\":\"https:\\\/\\\/medicinasinc.com\\\/ro\\\/product\\\/cumpar-nembutal-tablete\\\/#primaryimage\"},\"thumbnailUrl\":\"https:\\\/\\\/medicinasinc.com\\\/ro\\\/wp-content\\\/uploads\\\/sites\\\/11\\\/2022\\\/02\\\/Buy-Nembutal-Tablets.jpg\",\"datePublished\":\"2022-02-22T06:41:43+00:00\",\"dateModified\":\"2022-03-22T00:48:24+00:00\",\"description\":\"Cum v\u0103 putem ajuta s\u0103 cump\u0103ra\u021bi nembutal tablete fenobarbital pentru v\u00e2nzare online \u00een Marea Britanie, Europa? Farmacia online Nembutal este disponibil\u0103 tuturor oamenilor din \u00eentreaga lume. Ne po\u021bi contacta oric\u00e2nd \u0219i oriunde.\",\"breadcrumb\":{\"@id\":\"https:\\\/\\\/medicinasinc.com\\\/ro\\\/product\\\/cumpar-nembutal-tablete\\\/#breadcrumb\"},\"inLanguage\":\"en-US\",\"potentialAction\":[{\"@type\":\"ReadAction\",\"target\":[\"https:\\\/\\\/medicinasinc.com\\\/ro\\\/product\\\/cumpar-nembutal-tablete\\\/\"]}]},{\"@type\":\"ImageObject\",\"inLanguage\":\"en-US\",\"@id\":\"https:\\\/\\\/medicinasinc.com\\\/ro\\\/product\\\/cumpar-nembutal-tablete\\\/#primaryimage\",\"url\":\"https:\\\/\\\/medicinasinc.com\\\/ro\\\/wp-content\\\/uploads\\\/sites\\\/11\\\/2022\\\/02\\\/Buy-Nembutal-Tablets.jpg\",\"contentUrl\":\"https:\\\/\\\/medicinasinc.com\\\/ro\\\/wp-content\\\/uploads\\\/sites\\\/11\\\/2022\\\/02\\\/Buy-Nembutal-Tablets.jpg\",\"width\":600,\"height\":600},{\"@type\":\"BreadcrumbList\",\"@id\":\"https:\\\/\\\/medicinasinc.com\\\/ro\\\/product\\\/cumpar-nembutal-tablete\\\/#breadcrumb\",\"itemListElement\":[{\"@type\":\"ListItem\",\"position\":1,\"name\":\"Magazin\",\"item\":\"https:\\\/\\\/medicinasinc.com\\\/ro\\\/magazin\\\/\"},{\"@type\":\"ListItem\",\"position\":2,\"name\":\"Cump\u0103ra\u021bi tablete Nembutal\"}]},{\"@type\":\"WebSite\",\"@id\":\"https:\\\/\\\/medicinasinc.com\\\/ro\\\/#website\",\"url\":\"https:\\\/\\\/medicinasinc.com\\\/ro\\\/\",\"name\":\"Medicinas Inc\",\"description\":\"Health Medical Clinic\",\"potentialAction\":[{\"@type\":\"SearchAction\",\"target\":{\"@type\":\"EntryPoint\",\"urlTemplate\":\"https:\\\/\\\/medicinasinc.com\\\/ro\\\/?s={search_term_string}\"},\"query-input\":{\"@type\":\"PropertyValueSpecification\",\"valueRequired\":true,\"valueName\":\"search_term_string\"}}],\"inLanguage\":\"en-US\"}]}<\/script>\n<!-- \/ Yoast SEO plugin. -->","yoast_head_json":{"title":"Cump\u0103ra\u021bi tablete Nembutal - Cele mai bune medicamente globale","description":"Cum v\u0103 putem ajuta s\u0103 cump\u0103ra\u021bi nembutal tablete fenobarbital pentru v\u00e2nzare online \u00een Marea Britanie, Europa? Farmacia online Nembutal este disponibil\u0103 tuturor oamenilor din \u00eentreaga lume. Ne po\u021bi contacta oric\u00e2nd \u0219i oriunde.","robots":{"index":"index","follow":"follow","max-snippet":"max-snippet:-1","max-image-preview":"max-image-preview:large","max-video-preview":"max-video-preview:-1"},"canonical":"https:\/\/medicinasinc.com\/ro\/product\/cumpar-nembutal-tablete\/","og_locale":"en_US","og_type":"article","og_title":"Cump\u0103ra\u021bi tablete Nembutal - Cele mai bune medicamente globale","og_description":"Cum v\u0103 putem ajuta s\u0103 cump\u0103ra\u021bi nembutal tablete fenobarbital pentru v\u00e2nzare online \u00een Marea Britanie, Europa? Farmacia online Nembutal este disponibil\u0103 tuturor oamenilor din \u00eentreaga lume. Ne po\u021bi contacta oric\u00e2nd \u0219i oriunde.","og_url":"https:\/\/medicinasinc.com\/ro\/product\/cumpar-nembutal-tablete\/","og_site_name":"Medicinas Inc","article_modified_time":"2022-03-22T00:48:24+00:00","og_image":[{"width":600,"height":600,"url":"https:\/\/medicinasinc.com\/ro\/wp-content\/uploads\/sites\/11\/2022\/02\/Buy-Nembutal-Tablets.jpg","type":"image\/jpeg"}],"twitter_card":"summary_large_image","twitter_misc":{"Est. reading time":"2 minutes"},"schema":{"@context":"https:\/\/schema.org","@graph":[{"@type":"WebPage","@id":"https:\/\/medicinasinc.com\/ro\/product\/cumpar-nembutal-tablete\/","url":"https:\/\/medicinasinc.com\/ro\/product\/cumpar-nembutal-tablete\/","name":"Cump\u0103ra\u021bi tablete Nembutal - Cele mai bune medicamente globale","isPartOf":{"@id":"https:\/\/medicinasinc.com\/ro\/#website"},"primaryImageOfPage":{"@id":"https:\/\/medicinasinc.com\/ro\/product\/cumpar-nembutal-tablete\/#primaryimage"},"image":{"@id":"https:\/\/medicinasinc.com\/ro\/product\/cumpar-nembutal-tablete\/#primaryimage"},"thumbnailUrl":"https:\/\/medicinasinc.com\/ro\/wp-content\/uploads\/sites\/11\/2022\/02\/Buy-Nembutal-Tablets.jpg","datePublished":"2022-02-22T06:41:43+00:00","dateModified":"2022-03-22T00:48:24+00:00","description":"Cum v\u0103 putem ajuta s\u0103 cump\u0103ra\u021bi nembutal tablete fenobarbital pentru v\u00e2nzare online \u00een Marea Britanie, Europa? Farmacia online Nembutal este disponibil\u0103 tuturor oamenilor din \u00eentreaga lume. Ne po\u021bi contacta oric\u00e2nd \u0219i oriunde.","breadcrumb":{"@id":"https:\/\/medicinasinc.com\/ro\/product\/cumpar-nembutal-tablete\/#breadcrumb"},"inLanguage":"en-US","potentialAction":[{"@type":"ReadAction","target":["https:\/\/medicinasinc.com\/ro\/product\/cumpar-nembutal-tablete\/"]}]},{"@type":"ImageObject","inLanguage":"en-US","@id":"https:\/\/medicinasinc.com\/ro\/product\/cumpar-nembutal-tablete\/#primaryimage","url":"https:\/\/medicinasinc.com\/ro\/wp-content\/uploads\/sites\/11\/2022\/02\/Buy-Nembutal-Tablets.jpg","contentUrl":"https:\/\/medicinasinc.com\/ro\/wp-content\/uploads\/sites\/11\/2022\/02\/Buy-Nembutal-Tablets.jpg","width":600,"height":600},{"@type":"BreadcrumbList","@id":"https:\/\/medicinasinc.com\/ro\/product\/cumpar-nembutal-tablete\/#breadcrumb","itemListElement":[{"@type":"ListItem","position":1,"name":"Magazin","item":"https:\/\/medicinasinc.com\/ro\/magazin\/"},{"@type":"ListItem","position":2,"name":"Cump\u0103ra\u021bi tablete Nembutal"}]},{"@type":"WebSite","@id":"https:\/\/medicinasinc.com\/ro\/#website","url":"https:\/\/medicinasinc.com\/ro\/","name":"Medicinas Inc","description":"Health Medical Clinic","potentialAction":[{"@type":"SearchAction","target":{"@type":"EntryPoint","urlTemplate":"https:\/\/medicinasinc.com\/ro\/?s={search_term_string}"},"query-input":{"@type":"PropertyValueSpecification","valueRequired":true,"valueName":"search_term_string"}}],"inLanguage":"en-US"}]}},"_links":{"self":[{"href":"https:\/\/medicinasinc.com\/ro\/wp-json\/wp\/v2\/product\/5810","targetHints":{"allow":["GET"]}}],"collection":[{"href":"https:\/\/medicinasinc.com\/ro\/wp-json\/wp\/v2\/product"}],"about":[{"href":"https:\/\/medicinasinc.com\/ro\/wp-json\/wp\/v2\/types\/product"}],"replies":[{"embeddable":true,"href":"https:\/\/medicinasinc.com\/ro\/wp-json\/wp\/v2\/comments?post=5810"}],"wp:featuredmedia":[{"embeddable":true,"href":"https:\/\/medicinasinc.com\/ro\/wp-json\/wp\/v2\/media\/5820"}],"wp:attachment":[{"href":"https:\/\/medicinasinc.com\/ro\/wp-json\/wp\/v2\/media?parent=5810"}],"wp:term":[{"taxonomy":"product_brand","embeddable":true,"href":"https:\/\/medicinasinc.com\/ro\/wp-json\/wp\/v2\/product_brand?post=5810"},{"taxonomy":"product_cat","embeddable":true,"href":"https:\/\/medicinasinc.com\/ro\/wp-json\/wp\/v2\/product_cat?post=5810"},{"taxonomy":"product_tag","embeddable":true,"href":"https:\/\/medicinasinc.com\/ro\/wp-json\/wp\/v2\/product_tag?post=5810"}],"curies":[{"name":"wp","href":"https:\/\/api.w.org\/{rel}","templated":true}]}}