{"id":5804,"date":"2022-02-22T06:35:00","date_gmt":"2022-02-22T06:35:00","guid":{"rendered":"https:\/\/medicinasinc.com\/ro\/?post_type=product&#038;p=5804"},"modified":"2022-03-22T00:48:33","modified_gmt":"2022-03-22T00:48:33","slug":"cumpara-pentobarbital-sodiu-online","status":"publish","type":"product","link":"https:\/\/medicinasinc.com\/ro\/product\/cumpara-pentobarbital-sodiu-online\/","title":{"rendered":"Cump\u0103ra\u021bi online pentobarbital sodiu"},"content":{"rendered":"<p>Cump\u0103ra\u021bi pentobarbital sodiu online.<\/p>\n<p>O injec\u021bie intravenoas\u0103 sau intramuscular\u0103 cu solu\u021bie de sodiu NEMBUTAL (injec\u021bie cu pentobarbital sodiu) este sigur\u0103 \u0219i u\u0219oar\u0103 folosind aceast\u0103 solu\u021bie steril\u0103. Pentru injectare, fiecare mililitru cuprinde 50 de miligrame de pentobarbital de sodiu dizolvat \u00een propilenglicol 40%, etanol 10% \u0219i ap\u0103. Cu acid clorhidric sau hidroxid de sodiu, pH-ul poate fi adus p\u00e2n\u0103 la 9,5. Poate fi injectat \u00een mu\u0219chiul sau vena pacientului. Achizi\u021bie online de pentobarbital de sodiu pentru eutanasierea animalelor, pentobarbital de sodiu pentru eutanasierea animalelor, grupul pentobarbital de sodiu, pentobarbital de sodiu lichid.<\/p>\n<p>La Best Global Meds, acum pute\u021bi cump\u0103ra pentobarbital de sodiu online. Comanda\u021bi online Pentobarbital Sodium Inject \u0219i primi\u021bi-l la u\u0219\u0103 \u00een intervalul de timp dat. V\u0103 rug\u0103m s\u0103 ne contacta\u021bi imediat! Pentobarbital de sodiu pentru eutanasia animalelor, Pentobarbital lichid de sodiu<\/p>\n<p>Pentobarbital: Ce este \u0219i cum se utilizeaz\u0103?<\/p>\n<p>Utilizarea pe termen scurt a pentobarbitalului, un barbituric, este utilizat pentru a trata insomnia. Pentru a adormi pacien\u021bii pentru o interven\u021bie chirurgical\u0103, pentobarbitalul poate fi folosit \u0219i ca terapie de urgen\u021b\u0103. Achizi\u021bionarea online de pentobarbital de sodiu, de pentobarbital de sodiu pentru eutanasia animalelor \u0219i de pentobarbital de sodiu<\/p>\n<p>Pentobarbitalul poate provoca stop respirator \u00een doze mari, duc\u00e2nd la deces. Unele state \u0219i guvernul federal din Statele Unite \u00eel folosesc pentru execu\u021bia criminalilor, precum \u0219i pentru eutanasierea animalelor. Cump\u0103ra\u021bi pentobarbital sodiu online.<\/p>\n<p>Atunci c\u00e2nd este administrat \u00een cantit\u0103\u021bi letale, pentobarbitalul este letal. Eutanasierea animalelor \u0219i umane poate fi efectuat\u0103 cu acest medicament. \u00cen injec\u021biile comerciale pentru eutanasie la animale, poate fi utilizat singur sau \u00een asociere cu alte medicamente, cum ar fi fenitoina.<\/p>\n<p>Eutanasie cu pentobarbital<\/p>\n<p>Unul dintre barbituricele cele mai frecvent utilizate pentru anestezie \u0219i eutanasie \u00een domeniul veterinar este pentobarbital (Nembutal). Dac\u0103 vrei s\u0103 mori \u00een pace, aceasta este o alegere excelent\u0103 pentru eutanasie sau sinucidere asistat\u0103. Cump\u0103ra\u021bi pentobarbital sodiu online.<\/p>\n<p>\u00cen ce mod se livreaz\u0103 pentobarbital sodiu?<br \/> Pentobarbitalul este un sedativ care poate fi administrat intravenos sau intraperitoneal. Pentobarbitalul poate fi administrat ca bolus (Borkowski et al., 1990) sau CRI atunci c\u00e2nd este utilizat ca anestezic general. Disconfortul prin injectare \u0219i tromboflebita sunt posibile efecte secundare ale propilenglicolului, un ingredient frecvent \u00een tratamentele comerciale. Cump\u0103ra\u021bi pentobarbital sodiu online.<\/p>\n<p>&nbsp;<\/p>\n<p>Cump\u0103ra\u021bi pentobarbital de sodiu \u00een Marea Britanie, ob\u021bine\u021bi pentobarbital sodiu pentru c\u00e2ini, ob\u021bine\u021bi somnifere care con\u021bin pentobarbital sodiu, ob\u021bine\u021bi pentobarbital sodiu nembutal \u0219i ob\u021bine\u021bi pentobarbital sodiu la ghi\u0219eu sunt toate op\u021biunile posibile. Achizi\u021bionarea pentobarbitalului de sodiu \u00een Marea Britanie este, de asemenea, o op\u021biune. Utilizarea medicamentului pentobarbital, cunoscut \u0219i sub denumirea de sare de pentobarbital, este un sedativ utilizat pentru tratarea convulsiilor la c\u00e2ini. Pentobarbital Sodiu Online, Pentobarbital Sodiu Cumparare, Pentobarbital Sodiu China, Pentobarbital Sodiu Moartea, Pentobarbital Sodiu Doza, Pentobarbital Sodiu Injectabil pentru caini, Pentobarbital Sodiu Injectabil pentru oameni, Pentobarbital Sodiu Grup, Pentobarbital Sodiu Injectabil pentru caini, Pentobarbital Sodiu injectabil pentru caini, \/p&gt;<\/p>\n","protected":false},"excerpt":{"rendered":"<p>Nembutal Pentobarbital de v\u00e2nzare online, Europa, la cele mai mari pre\u021buri, poate fi g\u0103sit doar la farmacia online Nembutal.<\/p>\n<p>Pentru uz intravenos sau intramuscular, injec\u021bia de pentobarbital sodic este steril\u0103. Pentru injectare, fiecare mililitru cuprinde 50 de miligrame de pentobarbital de sodiu dizolvat \u00een propilenglicol 40%, etanol 10% \u0219i ap\u0103. Cu acid clorhidric sau hidroxid de sodiu, pH-ul poate fi adus la 9,5.<\/p>\n","protected":false},"featured_media":5814,"comment_status":"open","ping_status":"closed","template":"","meta":[],"product_brand":[],"product_cat":[3818],"product_tag":[],"class_list":{"0":"post-5804","1":"product","2":"type-product","3":"status-publish","4":"has-post-thumbnail","6":"product_cat-pentobarbital-de-vnzare","8":"first","9":"instock","10":"shipping-taxable","11":"purchasable","12":"product-type-variable"},"yoast_head":"<!-- This site is optimized with the Yoast SEO plugin v27.3 - https:\/\/yoast.com\/product\/yoast-seo-wordpress\/ -->\n<title>Cump\u0103ra\u021bi online pentobarbital sodiu - Cele mai bune medicamente globale<\/title>\n<meta name=\"description\" content=\"Farmacia online Nembutal este singura destina\u021bie de \u00eencredere de unde pute\u021bi cump\u0103ra Nembutal Pentobarbital pentru v\u00e2nzare online \u00een Marea Britanie, Europa, la cele mai bune pre\u021buri disponibile.\" \/>\n<meta name=\"robots\" content=\"index, follow, max-snippet:-1, max-image-preview:large, max-video-preview:-1\" \/>\n<link rel=\"canonical\" href=\"https:\/\/medicinasinc.com\/ro\/product\/cumpara-pentobarbital-sodiu-online\/\" \/>\n<meta property=\"og:locale\" content=\"en_US\" \/>\n<meta property=\"og:type\" content=\"article\" \/>\n<meta property=\"og:title\" content=\"Cump\u0103ra\u021bi online pentobarbital sodiu - Cele mai bune medicamente globale\" \/>\n<meta property=\"og:description\" content=\"Farmacia online Nembutal este singura destina\u021bie de \u00eencredere de unde pute\u021bi cump\u0103ra Nembutal Pentobarbital pentru v\u00e2nzare online \u00een Marea Britanie, Europa, la cele mai bune pre\u021buri disponibile.\" \/>\n<meta property=\"og:url\" content=\"https:\/\/medicinasinc.com\/ro\/product\/cumpara-pentobarbital-sodiu-online\/\" \/>\n<meta property=\"og:site_name\" content=\"Medicinas Inc\" \/>\n<meta property=\"article:modified_time\" content=\"2022-03-22T00:48:33+00:00\" \/>\n<meta property=\"og:image\" content=\"https:\/\/medicinasinc.com\/ro\/wp-content\/uploads\/sites\/11\/2022\/02\/buy-Nembutal-Pentobarbital.jpg\" \/>\n\t<meta property=\"og:image:width\" content=\"600\" \/>\n\t<meta property=\"og:image:height\" content=\"600\" \/>\n\t<meta property=\"og:image:type\" content=\"image\/jpeg\" \/>\n<meta name=\"twitter:card\" content=\"summary_large_image\" \/>\n<meta name=\"twitter:label1\" content=\"Est. reading time\" \/>\n\t<meta name=\"twitter:data1\" content=\"3 minutes\" \/>\n<script type=\"application\/ld+json\" class=\"yoast-schema-graph\">{\"@context\":\"https:\\\/\\\/schema.org\",\"@graph\":[{\"@type\":\"WebPage\",\"@id\":\"https:\\\/\\\/medicinasinc.com\\\/ro\\\/product\\\/cumpara-pentobarbital-sodiu-online\\\/\",\"url\":\"https:\\\/\\\/medicinasinc.com\\\/ro\\\/product\\\/cumpara-pentobarbital-sodiu-online\\\/\",\"name\":\"Cump\u0103ra\u021bi online pentobarbital sodiu - Cele mai bune medicamente globale\",\"isPartOf\":{\"@id\":\"https:\\\/\\\/medicinasinc.com\\\/ro\\\/#website\"},\"primaryImageOfPage\":{\"@id\":\"https:\\\/\\\/medicinasinc.com\\\/ro\\\/product\\\/cumpara-pentobarbital-sodiu-online\\\/#primaryimage\"},\"image\":{\"@id\":\"https:\\\/\\\/medicinasinc.com\\\/ro\\\/product\\\/cumpara-pentobarbital-sodiu-online\\\/#primaryimage\"},\"thumbnailUrl\":\"https:\\\/\\\/medicinasinc.com\\\/ro\\\/wp-content\\\/uploads\\\/sites\\\/11\\\/2022\\\/02\\\/buy-Nembutal-Pentobarbital.jpg\",\"datePublished\":\"2022-02-22T06:35:00+00:00\",\"dateModified\":\"2022-03-22T00:48:33+00:00\",\"description\":\"Farmacia online Nembutal este singura destina\u021bie de \u00eencredere de unde pute\u021bi cump\u0103ra Nembutal Pentobarbital pentru v\u00e2nzare online \u00een Marea Britanie, Europa, la cele mai bune pre\u021buri disponibile.\",\"breadcrumb\":{\"@id\":\"https:\\\/\\\/medicinasinc.com\\\/ro\\\/product\\\/cumpara-pentobarbital-sodiu-online\\\/#breadcrumb\"},\"inLanguage\":\"en-US\",\"potentialAction\":[{\"@type\":\"ReadAction\",\"target\":[\"https:\\\/\\\/medicinasinc.com\\\/ro\\\/product\\\/cumpara-pentobarbital-sodiu-online\\\/\"]}]},{\"@type\":\"ImageObject\",\"inLanguage\":\"en-US\",\"@id\":\"https:\\\/\\\/medicinasinc.com\\\/ro\\\/product\\\/cumpara-pentobarbital-sodiu-online\\\/#primaryimage\",\"url\":\"https:\\\/\\\/medicinasinc.com\\\/ro\\\/wp-content\\\/uploads\\\/sites\\\/11\\\/2022\\\/02\\\/buy-Nembutal-Pentobarbital.jpg\",\"contentUrl\":\"https:\\\/\\\/medicinasinc.com\\\/ro\\\/wp-content\\\/uploads\\\/sites\\\/11\\\/2022\\\/02\\\/buy-Nembutal-Pentobarbital.jpg\",\"width\":600,\"height\":600,\"caption\":\"Buy Nembutal Online\"},{\"@type\":\"BreadcrumbList\",\"@id\":\"https:\\\/\\\/medicinasinc.com\\\/ro\\\/product\\\/cumpara-pentobarbital-sodiu-online\\\/#breadcrumb\",\"itemListElement\":[{\"@type\":\"ListItem\",\"position\":1,\"name\":\"Magazin\",\"item\":\"https:\\\/\\\/medicinasinc.com\\\/ro\\\/magazin\\\/\"},{\"@type\":\"ListItem\",\"position\":2,\"name\":\"Cump\u0103ra\u021bi online pentobarbital sodiu\"}]},{\"@type\":\"WebSite\",\"@id\":\"https:\\\/\\\/medicinasinc.com\\\/ro\\\/#website\",\"url\":\"https:\\\/\\\/medicinasinc.com\\\/ro\\\/\",\"name\":\"Medicinas Inc\",\"description\":\"Health Medical Clinic\",\"potentialAction\":[{\"@type\":\"SearchAction\",\"target\":{\"@type\":\"EntryPoint\",\"urlTemplate\":\"https:\\\/\\\/medicinasinc.com\\\/ro\\\/?s={search_term_string}\"},\"query-input\":{\"@type\":\"PropertyValueSpecification\",\"valueRequired\":true,\"valueName\":\"search_term_string\"}}],\"inLanguage\":\"en-US\"}]}<\/script>\n<!-- \/ Yoast SEO plugin. -->","yoast_head_json":{"title":"Cump\u0103ra\u021bi online pentobarbital sodiu - Cele mai bune medicamente globale","description":"Farmacia online Nembutal este singura destina\u021bie de \u00eencredere de unde pute\u021bi cump\u0103ra Nembutal Pentobarbital pentru v\u00e2nzare online \u00een Marea Britanie, Europa, la cele mai bune pre\u021buri disponibile.","robots":{"index":"index","follow":"follow","max-snippet":"max-snippet:-1","max-image-preview":"max-image-preview:large","max-video-preview":"max-video-preview:-1"},"canonical":"https:\/\/medicinasinc.com\/ro\/product\/cumpara-pentobarbital-sodiu-online\/","og_locale":"en_US","og_type":"article","og_title":"Cump\u0103ra\u021bi online pentobarbital sodiu - Cele mai bune medicamente globale","og_description":"Farmacia online Nembutal este singura destina\u021bie de \u00eencredere de unde pute\u021bi cump\u0103ra Nembutal Pentobarbital pentru v\u00e2nzare online \u00een Marea Britanie, Europa, la cele mai bune pre\u021buri disponibile.","og_url":"https:\/\/medicinasinc.com\/ro\/product\/cumpara-pentobarbital-sodiu-online\/","og_site_name":"Medicinas Inc","article_modified_time":"2022-03-22T00:48:33+00:00","og_image":[{"width":600,"height":600,"url":"https:\/\/medicinasinc.com\/ro\/wp-content\/uploads\/sites\/11\/2022\/02\/buy-Nembutal-Pentobarbital.jpg","type":"image\/jpeg"}],"twitter_card":"summary_large_image","twitter_misc":{"Est. reading time":"3 minutes"},"schema":{"@context":"https:\/\/schema.org","@graph":[{"@type":"WebPage","@id":"https:\/\/medicinasinc.com\/ro\/product\/cumpara-pentobarbital-sodiu-online\/","url":"https:\/\/medicinasinc.com\/ro\/product\/cumpara-pentobarbital-sodiu-online\/","name":"Cump\u0103ra\u021bi online pentobarbital sodiu - Cele mai bune medicamente globale","isPartOf":{"@id":"https:\/\/medicinasinc.com\/ro\/#website"},"primaryImageOfPage":{"@id":"https:\/\/medicinasinc.com\/ro\/product\/cumpara-pentobarbital-sodiu-online\/#primaryimage"},"image":{"@id":"https:\/\/medicinasinc.com\/ro\/product\/cumpara-pentobarbital-sodiu-online\/#primaryimage"},"thumbnailUrl":"https:\/\/medicinasinc.com\/ro\/wp-content\/uploads\/sites\/11\/2022\/02\/buy-Nembutal-Pentobarbital.jpg","datePublished":"2022-02-22T06:35:00+00:00","dateModified":"2022-03-22T00:48:33+00:00","description":"Farmacia online Nembutal este singura destina\u021bie de \u00eencredere de unde pute\u021bi cump\u0103ra Nembutal Pentobarbital pentru v\u00e2nzare online \u00een Marea Britanie, Europa, la cele mai bune pre\u021buri disponibile.","breadcrumb":{"@id":"https:\/\/medicinasinc.com\/ro\/product\/cumpara-pentobarbital-sodiu-online\/#breadcrumb"},"inLanguage":"en-US","potentialAction":[{"@type":"ReadAction","target":["https:\/\/medicinasinc.com\/ro\/product\/cumpara-pentobarbital-sodiu-online\/"]}]},{"@type":"ImageObject","inLanguage":"en-US","@id":"https:\/\/medicinasinc.com\/ro\/product\/cumpara-pentobarbital-sodiu-online\/#primaryimage","url":"https:\/\/medicinasinc.com\/ro\/wp-content\/uploads\/sites\/11\/2022\/02\/buy-Nembutal-Pentobarbital.jpg","contentUrl":"https:\/\/medicinasinc.com\/ro\/wp-content\/uploads\/sites\/11\/2022\/02\/buy-Nembutal-Pentobarbital.jpg","width":600,"height":600,"caption":"Buy Nembutal Online"},{"@type":"BreadcrumbList","@id":"https:\/\/medicinasinc.com\/ro\/product\/cumpara-pentobarbital-sodiu-online\/#breadcrumb","itemListElement":[{"@type":"ListItem","position":1,"name":"Magazin","item":"https:\/\/medicinasinc.com\/ro\/magazin\/"},{"@type":"ListItem","position":2,"name":"Cump\u0103ra\u021bi online pentobarbital sodiu"}]},{"@type":"WebSite","@id":"https:\/\/medicinasinc.com\/ro\/#website","url":"https:\/\/medicinasinc.com\/ro\/","name":"Medicinas Inc","description":"Health Medical Clinic","potentialAction":[{"@type":"SearchAction","target":{"@type":"EntryPoint","urlTemplate":"https:\/\/medicinasinc.com\/ro\/?s={search_term_string}"},"query-input":{"@type":"PropertyValueSpecification","valueRequired":true,"valueName":"search_term_string"}}],"inLanguage":"en-US"}]}},"_links":{"self":[{"href":"https:\/\/medicinasinc.com\/ro\/wp-json\/wp\/v2\/product\/5804","targetHints":{"allow":["GET"]}}],"collection":[{"href":"https:\/\/medicinasinc.com\/ro\/wp-json\/wp\/v2\/product"}],"about":[{"href":"https:\/\/medicinasinc.com\/ro\/wp-json\/wp\/v2\/types\/product"}],"replies":[{"embeddable":true,"href":"https:\/\/medicinasinc.com\/ro\/wp-json\/wp\/v2\/comments?post=5804"}],"wp:featuredmedia":[{"embeddable":true,"href":"https:\/\/medicinasinc.com\/ro\/wp-json\/wp\/v2\/media\/5814"}],"wp:attachment":[{"href":"https:\/\/medicinasinc.com\/ro\/wp-json\/wp\/v2\/media?parent=5804"}],"wp:term":[{"taxonomy":"product_brand","embeddable":true,"href":"https:\/\/medicinasinc.com\/ro\/wp-json\/wp\/v2\/product_brand?post=5804"},{"taxonomy":"product_cat","embeddable":true,"href":"https:\/\/medicinasinc.com\/ro\/wp-json\/wp\/v2\/product_cat?post=5804"},{"taxonomy":"product_tag","embeddable":true,"href":"https:\/\/medicinasinc.com\/ro\/wp-json\/wp\/v2\/product_tag?post=5804"}],"curies":[{"name":"wp","href":"https:\/\/api.w.org\/{rel}","templated":true}]}}