{"id":5798,"date":"2022-02-22T06:27:38","date_gmt":"2022-02-22T06:27:38","guid":{"rendered":"https:\/\/medicinasinc.com\/ro\/?post_type=product&#038;p=5798"},"modified":"2022-03-22T00:48:45","modified_gmt":"2022-03-22T00:48:45","slug":"buy-phenobarbital-phenobarbital-luminal","status":"publish","type":"product","link":"https:\/\/medicinasinc.com\/ro\/product\/buy-phenobarbital-phenobarbital-luminal\/","title":{"rendered":"Cump\u0103ra\u021bi Fenobarbital (Fenobarbital) \/ Luminal"},"content":{"rendered":"<p>Achizi\u021biona\u021bi online Phenobarbital Luminal Fenobarbital Luminal de la o farmacie de renume la cel mai bun pre\u021b<\/p>\n<p>Folosirea unei farmacii online precum Nembutal Pharmacy este o modalitate convenabil\u0103 pentru consumatori de a-\u0219i ob\u021bine re\u021betele \u0219i medicamentele. Fenobarbital Luminal online poate fi achizi\u021bionat de pe site-ul nostru oric\u00e2nd, a\u0219a c\u0103 nu rata\u021bi. Aici, pute\u021bi cump\u0103ra acest medicament la un pre\u021b rezonabil.<\/p>\n<p>Cu farmacia noastr\u0103 online, pute\u021bi fi sigur c\u0103 ve\u021bi primi \u00eentotdeauna medicamente de \u00eenalt\u0103 calitate. Clien\u021bii se pot a\u0219tepta ca re\u021betele lor s\u0103 ajung\u0103 la timp la aceast\u0103 farmacie. Nu toler\u0103m nici un fel de lent \u00een munca noastr\u0103 \u0219i \u00eendeplinim fiecare sarcin\u0103 rapid. Lua\u021bi leg\u0103tura cu noi imediat pentru a comanda Phenobarbital Luminal online la cel mai bun pre\u021b \u0219i a primi livrarea rapid\u0103 dac\u0103 sunte\u021bi \u00een c\u0103utarea unei farmacii online ca a noastr\u0103!<\/p>\n<p>Luminal Fenobarbital: Ce putem face pentru a ne asigura c\u0103 \u00eel utiliza\u021bi \u00cen siguran\u021b\u0103?<\/p>\n<p>Fenobarbital Luminal este un medicament bine stabilit pentru tratamentul crizelor epileptice. De asemenea, pute\u021bi lua acest medicament pentru a trata anxietatea, insomnia \u0219i alte afec\u021biuni. \u00cenainte de a lua acest medicament, trebuie s\u0103 v\u0103 consulta\u021bi cu medicul dumneavoastr\u0103. Fenobarbital Luminal trebuie \u00eenceput numai dup\u0103 o discu\u021bie am\u0103nun\u021bit\u0103 cu medicul dumneavoastr\u0103.<\/p>\n<p>La fiecare comand\u0103, farmacia noastr\u0103 online ofer\u0103 un ghid detaliat de medicamente. Din acest motiv, pute\u021bi urma \u00een siguran\u021b\u0103 instruc\u021biunile medicamentului \u0219i \u00eel pute\u021bi utiliza. Suntem aici pentru a v\u0103 face c\u00e2t mai simplu posibil s\u0103 comanda\u021bi Phenobarbital Luminal online. Profita\u021bi de beneficiile acestui medicament, contact\u00e2ndu-ne imediat. Suntem aici pentru a v\u0103 ajuta tot timpul.<\/p>\n","protected":false},"excerpt":{"rendered":"<p>Ce farmacie online ofer\u0103 cel mai ieftin Fenobarbital Luminal?<\/p>\n<p>Farmacia noastr\u0103 online vinde \u00een prezent pastile cu Fenobarbital Luminal. Fenobarbital Luminal pentru comenzile de v\u00e2nzare sunt procesate c\u00e2t mai repede posibil. Pur \u0219i simplu contacta\u021bi-ne ast\u0103zi \u0219i v\u0103 vom trimite medicamentele c\u00e2t mai cur\u00e2nd posibil. Acum este momentul s\u0103 v\u0103 conecta\u021bi!<\/p>\n","protected":false},"featured_media":5808,"comment_status":"open","ping_status":"closed","template":"","meta":[],"product_brand":[],"product_cat":[3818],"product_tag":[3970,3971,3956,3960,3962,3961,3955,3966,3967,3969,3964,3968,3958,3963,3959,3957,3965],"class_list":{"0":"post-5798","1":"product","2":"type-product","3":"status-publish","4":"has-post-thumbnail","6":"product_cat-pentobarbital-de-vnzare","7":"product_tag-ce-este-fenobarbital","8":"product_tag-ce-este-po-in-termeni-medicali","9":"product_tag-costul-fenobarbital-pentru-cini","10":"product_tag-fenobarbital-dozare","11":"product_tag-fenobarbital-pentru-caini-doza","12":"product_tag-fenobarbital-doze","13":"product_tag-barbiturice-efect-secundar","14":"product_tag-efecte-secundare-ale-fenobarbitalului","15":"product_tag-fenobarbital-efecte-secundare-caini","16":"product_tag-la-ce-este-folosit-fenobarba","17":"product_tag-la-nivel-de-fenobarbital","18":"product_tag-nivel-de-fenobarbiton","19":"product_tag-phenobarbital-brand-name","20":"product_tag-phenobarbital-for-dogs-side-effects","21":"product_tag-substan-controlat-de-fenobarbital","22":"product_tag-supradozaj-cu-fenobarb","23":"product_tag-fenobarbital-suprdozaj","25":"first","26":"instock","27":"shipping-taxable","28":"purchasable","29":"product-type-variable"},"yoast_head":"<!-- This site is optimized with the Yoast SEO plugin v27.3 - https:\/\/yoast.com\/product\/yoast-seo-wordpress\/ -->\n<title>Cump\u0103ra\u021bi fenobarbital (fenobarbital) \/ Luminal - Cele mai bune medicamente globale<\/title>\n<meta name=\"description\" content=\"Acum pute\u021bi face achizi\u021bia de comprimate Fenobarbital Luminal de la Farmacia online Nembutal. Comanda dumneavoastr\u0103 c\u0103tre Phenobarbital Luminal de v\u00e2nzare va fi finalizat\u0103 \u00een cel mai scurt timp posibil. Tot ce trebuie s\u0103 face\u021bi este s\u0103 ne da\u021bi un telefon, un mesaj sau un e-mail ast\u0103zi \u0219i s\u0103 primi\u021bi medicamentele \u00een cur\u00e2nd. Conecta\u021bi-v\u0103 acum!\" \/>\n<meta name=\"robots\" content=\"index, follow, max-snippet:-1, max-image-preview:large, max-video-preview:-1\" \/>\n<link rel=\"canonical\" href=\"https:\/\/medicinasinc.com\/ro\/product\/buy-phenobarbital-phenobarbital-luminal\/\" \/>\n<meta property=\"og:locale\" content=\"en_US\" \/>\n<meta property=\"og:type\" content=\"article\" \/>\n<meta property=\"og:title\" content=\"Cump\u0103ra\u021bi fenobarbital (fenobarbital) \/ Luminal - Cele mai bune medicamente globale\" \/>\n<meta property=\"og:description\" content=\"Acum pute\u021bi face achizi\u021bia de comprimate Fenobarbital Luminal de la Farmacia online Nembutal. Comanda dumneavoastr\u0103 c\u0103tre Phenobarbital Luminal de v\u00e2nzare va fi finalizat\u0103 \u00een cel mai scurt timp posibil. Tot ce trebuie s\u0103 face\u021bi este s\u0103 ne da\u021bi un telefon, un mesaj sau un e-mail ast\u0103zi \u0219i s\u0103 primi\u021bi medicamentele \u00een cur\u00e2nd. Conecta\u021bi-v\u0103 acum!\" \/>\n<meta property=\"og:url\" content=\"https:\/\/medicinasinc.com\/ro\/product\/buy-phenobarbital-phenobarbital-luminal\/\" \/>\n<meta property=\"og:site_name\" content=\"Medicinas Inc\" \/>\n<meta property=\"article:modified_time\" content=\"2022-03-22T00:48:45+00:00\" \/>\n<meta property=\"og:image\" content=\"https:\/\/medicinasinc.com\/ro\/wp-content\/uploads\/sites\/11\/2022\/02\/Buy-Phenobarbital-Tablets.jpg\" \/>\n\t<meta property=\"og:image:width\" content=\"600\" \/>\n\t<meta property=\"og:image:height\" content=\"600\" \/>\n\t<meta property=\"og:image:type\" content=\"image\/jpeg\" \/>\n<meta name=\"twitter:card\" content=\"summary_large_image\" \/>\n<meta name=\"twitter:label1\" content=\"Est. reading time\" \/>\n\t<meta name=\"twitter:data1\" content=\"2 minutes\" \/>\n<script type=\"application\/ld+json\" class=\"yoast-schema-graph\">{\"@context\":\"https:\\\/\\\/schema.org\",\"@graph\":[{\"@type\":\"WebPage\",\"@id\":\"https:\\\/\\\/medicinasinc.com\\\/ro\\\/product\\\/buy-phenobarbital-phenobarbital-luminal\\\/\",\"url\":\"https:\\\/\\\/medicinasinc.com\\\/ro\\\/product\\\/buy-phenobarbital-phenobarbital-luminal\\\/\",\"name\":\"Cump\u0103ra\u021bi fenobarbital (fenobarbital) \\\/ Luminal - Cele mai bune medicamente globale\",\"isPartOf\":{\"@id\":\"https:\\\/\\\/medicinasinc.com\\\/ro\\\/#website\"},\"primaryImageOfPage\":{\"@id\":\"https:\\\/\\\/medicinasinc.com\\\/ro\\\/product\\\/buy-phenobarbital-phenobarbital-luminal\\\/#primaryimage\"},\"image\":{\"@id\":\"https:\\\/\\\/medicinasinc.com\\\/ro\\\/product\\\/buy-phenobarbital-phenobarbital-luminal\\\/#primaryimage\"},\"thumbnailUrl\":\"https:\\\/\\\/medicinasinc.com\\\/ro\\\/wp-content\\\/uploads\\\/sites\\\/11\\\/2022\\\/02\\\/Buy-Phenobarbital-Tablets.jpg\",\"datePublished\":\"2022-02-22T06:27:38+00:00\",\"dateModified\":\"2022-03-22T00:48:45+00:00\",\"description\":\"Acum pute\u021bi face achizi\u021bia de comprimate Fenobarbital Luminal de la Farmacia online Nembutal. Comanda dumneavoastr\u0103 c\u0103tre Phenobarbital Luminal de v\u00e2nzare va fi finalizat\u0103 \u00een cel mai scurt timp posibil. Tot ce trebuie s\u0103 face\u021bi este s\u0103 ne da\u021bi un telefon, un mesaj sau un e-mail ast\u0103zi \u0219i s\u0103 primi\u021bi medicamentele \u00een cur\u00e2nd. Conecta\u021bi-v\u0103 acum!\",\"breadcrumb\":{\"@id\":\"https:\\\/\\\/medicinasinc.com\\\/ro\\\/product\\\/buy-phenobarbital-phenobarbital-luminal\\\/#breadcrumb\"},\"inLanguage\":\"en-US\",\"potentialAction\":[{\"@type\":\"ReadAction\",\"target\":[\"https:\\\/\\\/medicinasinc.com\\\/ro\\\/product\\\/buy-phenobarbital-phenobarbital-luminal\\\/\"]}]},{\"@type\":\"ImageObject\",\"inLanguage\":\"en-US\",\"@id\":\"https:\\\/\\\/medicinasinc.com\\\/ro\\\/product\\\/buy-phenobarbital-phenobarbital-luminal\\\/#primaryimage\",\"url\":\"https:\\\/\\\/medicinasinc.com\\\/ro\\\/wp-content\\\/uploads\\\/sites\\\/11\\\/2022\\\/02\\\/Buy-Phenobarbital-Tablets.jpg\",\"contentUrl\":\"https:\\\/\\\/medicinasinc.com\\\/ro\\\/wp-content\\\/uploads\\\/sites\\\/11\\\/2022\\\/02\\\/Buy-Phenobarbital-Tablets.jpg\",\"width\":600,\"height\":600},{\"@type\":\"BreadcrumbList\",\"@id\":\"https:\\\/\\\/medicinasinc.com\\\/ro\\\/product\\\/buy-phenobarbital-phenobarbital-luminal\\\/#breadcrumb\",\"itemListElement\":[{\"@type\":\"ListItem\",\"position\":1,\"name\":\"Magazin\",\"item\":\"https:\\\/\\\/medicinasinc.com\\\/ro\\\/magazin\\\/\"},{\"@type\":\"ListItem\",\"position\":2,\"name\":\"Cump\u0103ra\u021bi Fenobarbital (Fenobarbital) \\\/ Luminal\"}]},{\"@type\":\"WebSite\",\"@id\":\"https:\\\/\\\/medicinasinc.com\\\/ro\\\/#website\",\"url\":\"https:\\\/\\\/medicinasinc.com\\\/ro\\\/\",\"name\":\"Medicinas Inc\",\"description\":\"Health Medical Clinic\",\"potentialAction\":[{\"@type\":\"SearchAction\",\"target\":{\"@type\":\"EntryPoint\",\"urlTemplate\":\"https:\\\/\\\/medicinasinc.com\\\/ro\\\/?s={search_term_string}\"},\"query-input\":{\"@type\":\"PropertyValueSpecification\",\"valueRequired\":true,\"valueName\":\"search_term_string\"}}],\"inLanguage\":\"en-US\"}]}<\/script>\n<!-- \/ Yoast SEO plugin. -->","yoast_head_json":{"title":"Cump\u0103ra\u021bi fenobarbital (fenobarbital) \/ Luminal - Cele mai bune medicamente globale","description":"Acum pute\u021bi face achizi\u021bia de comprimate Fenobarbital Luminal de la Farmacia online Nembutal. Comanda dumneavoastr\u0103 c\u0103tre Phenobarbital Luminal de v\u00e2nzare va fi finalizat\u0103 \u00een cel mai scurt timp posibil. Tot ce trebuie s\u0103 face\u021bi este s\u0103 ne da\u021bi un telefon, un mesaj sau un e-mail ast\u0103zi \u0219i s\u0103 primi\u021bi medicamentele \u00een cur\u00e2nd. Conecta\u021bi-v\u0103 acum!","robots":{"index":"index","follow":"follow","max-snippet":"max-snippet:-1","max-image-preview":"max-image-preview:large","max-video-preview":"max-video-preview:-1"},"canonical":"https:\/\/medicinasinc.com\/ro\/product\/buy-phenobarbital-phenobarbital-luminal\/","og_locale":"en_US","og_type":"article","og_title":"Cump\u0103ra\u021bi fenobarbital (fenobarbital) \/ Luminal - Cele mai bune medicamente globale","og_description":"Acum pute\u021bi face achizi\u021bia de comprimate Fenobarbital Luminal de la Farmacia online Nembutal. Comanda dumneavoastr\u0103 c\u0103tre Phenobarbital Luminal de v\u00e2nzare va fi finalizat\u0103 \u00een cel mai scurt timp posibil. Tot ce trebuie s\u0103 face\u021bi este s\u0103 ne da\u021bi un telefon, un mesaj sau un e-mail ast\u0103zi \u0219i s\u0103 primi\u021bi medicamentele \u00een cur\u00e2nd. Conecta\u021bi-v\u0103 acum!","og_url":"https:\/\/medicinasinc.com\/ro\/product\/buy-phenobarbital-phenobarbital-luminal\/","og_site_name":"Medicinas Inc","article_modified_time":"2022-03-22T00:48:45+00:00","og_image":[{"width":600,"height":600,"url":"https:\/\/medicinasinc.com\/ro\/wp-content\/uploads\/sites\/11\/2022\/02\/Buy-Phenobarbital-Tablets.jpg","type":"image\/jpeg"}],"twitter_card":"summary_large_image","twitter_misc":{"Est. reading time":"2 minutes"},"schema":{"@context":"https:\/\/schema.org","@graph":[{"@type":"WebPage","@id":"https:\/\/medicinasinc.com\/ro\/product\/buy-phenobarbital-phenobarbital-luminal\/","url":"https:\/\/medicinasinc.com\/ro\/product\/buy-phenobarbital-phenobarbital-luminal\/","name":"Cump\u0103ra\u021bi fenobarbital (fenobarbital) \/ Luminal - Cele mai bune medicamente globale","isPartOf":{"@id":"https:\/\/medicinasinc.com\/ro\/#website"},"primaryImageOfPage":{"@id":"https:\/\/medicinasinc.com\/ro\/product\/buy-phenobarbital-phenobarbital-luminal\/#primaryimage"},"image":{"@id":"https:\/\/medicinasinc.com\/ro\/product\/buy-phenobarbital-phenobarbital-luminal\/#primaryimage"},"thumbnailUrl":"https:\/\/medicinasinc.com\/ro\/wp-content\/uploads\/sites\/11\/2022\/02\/Buy-Phenobarbital-Tablets.jpg","datePublished":"2022-02-22T06:27:38+00:00","dateModified":"2022-03-22T00:48:45+00:00","description":"Acum pute\u021bi face achizi\u021bia de comprimate Fenobarbital Luminal de la Farmacia online Nembutal. Comanda dumneavoastr\u0103 c\u0103tre Phenobarbital Luminal de v\u00e2nzare va fi finalizat\u0103 \u00een cel mai scurt timp posibil. Tot ce trebuie s\u0103 face\u021bi este s\u0103 ne da\u021bi un telefon, un mesaj sau un e-mail ast\u0103zi \u0219i s\u0103 primi\u021bi medicamentele \u00een cur\u00e2nd. Conecta\u021bi-v\u0103 acum!","breadcrumb":{"@id":"https:\/\/medicinasinc.com\/ro\/product\/buy-phenobarbital-phenobarbital-luminal\/#breadcrumb"},"inLanguage":"en-US","potentialAction":[{"@type":"ReadAction","target":["https:\/\/medicinasinc.com\/ro\/product\/buy-phenobarbital-phenobarbital-luminal\/"]}]},{"@type":"ImageObject","inLanguage":"en-US","@id":"https:\/\/medicinasinc.com\/ro\/product\/buy-phenobarbital-phenobarbital-luminal\/#primaryimage","url":"https:\/\/medicinasinc.com\/ro\/wp-content\/uploads\/sites\/11\/2022\/02\/Buy-Phenobarbital-Tablets.jpg","contentUrl":"https:\/\/medicinasinc.com\/ro\/wp-content\/uploads\/sites\/11\/2022\/02\/Buy-Phenobarbital-Tablets.jpg","width":600,"height":600},{"@type":"BreadcrumbList","@id":"https:\/\/medicinasinc.com\/ro\/product\/buy-phenobarbital-phenobarbital-luminal\/#breadcrumb","itemListElement":[{"@type":"ListItem","position":1,"name":"Magazin","item":"https:\/\/medicinasinc.com\/ro\/magazin\/"},{"@type":"ListItem","position":2,"name":"Cump\u0103ra\u021bi Fenobarbital (Fenobarbital) \/ Luminal"}]},{"@type":"WebSite","@id":"https:\/\/medicinasinc.com\/ro\/#website","url":"https:\/\/medicinasinc.com\/ro\/","name":"Medicinas Inc","description":"Health Medical Clinic","potentialAction":[{"@type":"SearchAction","target":{"@type":"EntryPoint","urlTemplate":"https:\/\/medicinasinc.com\/ro\/?s={search_term_string}"},"query-input":{"@type":"PropertyValueSpecification","valueRequired":true,"valueName":"search_term_string"}}],"inLanguage":"en-US"}]}},"_links":{"self":[{"href":"https:\/\/medicinasinc.com\/ro\/wp-json\/wp\/v2\/product\/5798","targetHints":{"allow":["GET"]}}],"collection":[{"href":"https:\/\/medicinasinc.com\/ro\/wp-json\/wp\/v2\/product"}],"about":[{"href":"https:\/\/medicinasinc.com\/ro\/wp-json\/wp\/v2\/types\/product"}],"replies":[{"embeddable":true,"href":"https:\/\/medicinasinc.com\/ro\/wp-json\/wp\/v2\/comments?post=5798"}],"wp:featuredmedia":[{"embeddable":true,"href":"https:\/\/medicinasinc.com\/ro\/wp-json\/wp\/v2\/media\/5808"}],"wp:attachment":[{"href":"https:\/\/medicinasinc.com\/ro\/wp-json\/wp\/v2\/media?parent=5798"}],"wp:term":[{"taxonomy":"product_brand","embeddable":true,"href":"https:\/\/medicinasinc.com\/ro\/wp-json\/wp\/v2\/product_brand?post=5798"},{"taxonomy":"product_cat","embeddable":true,"href":"https:\/\/medicinasinc.com\/ro\/wp-json\/wp\/v2\/product_cat?post=5798"},{"taxonomy":"product_tag","embeddable":true,"href":"https:\/\/medicinasinc.com\/ro\/wp-json\/wp\/v2\/product_tag?post=5798"}],"curies":[{"name":"wp","href":"https:\/\/api.w.org\/{rel}","templated":true}]}}