{"id":5792,"date":"2022-02-22T06:20:38","date_gmt":"2022-02-22T06:20:38","guid":{"rendered":"https:\/\/medicinasinc.com\/ro\/?post_type=product&#038;p=5792"},"modified":"2022-03-22T00:48:53","modified_gmt":"2022-03-22T00:48:53","slug":"cumpara-seconal-sodiu","status":"publish","type":"product","link":"https:\/\/medicinasinc.com\/ro\/product\/cumpara-seconal-sodiu\/","title":{"rendered":"Cump\u0103ra\u021bi Seconal Sodium"},"content":{"rendered":"<p>Comanda\u021bi Seconal Sodium online de la cea mai bun\u0103 farmacie. \u2013<\/p>\n<p>Acum este posibil s\u0103 cump\u0103ra\u021bi Nembutal online cu Seconal Sodium la cele mai mici costuri. La farmacia noastr\u0103 online, pute\u021bi comanda Seconal Sodium \u0219i \u00eel pute\u021bi livra la u\u0219a dumneavoastr\u0103 \u00een c\u00e2teva zile. Pentru a primi livrarea prompt\u0103 a Seconal Sodium, pur \u0219i simplu plasa\u021bi o comand\u0103 la noi \u0219i unul dintre membrii echipei noastre o va preg\u0103ti \u0219i \u00eempacheta pentru dvs. Deoarece suntem \u00een aceast\u0103 afacere de at\u00e2t de mult timp, ne-am construit o reputa\u021bie solid\u0103 ca o farmacie de \u00eencredere. \u00cen ceea ce prive\u0219te achizi\u021bionarea de medicamente de cea mai bun\u0103 calitate, v\u0103 pute\u021bi baza pe noi pentru a le livra la timp.<\/p>\n<p>Care sunt beneficiile Seconal Sodium? De ce ar trebui s\u0103-l cump\u0103ra\u021bi de la noi?<\/p>\n<p>\u00cenainte de operare, Seconal Sodium este folosit pentru a v\u0103 ajuta s\u0103 v\u0103 relaxa\u021bi. Apar\u021bine clasei de medicamente cunoscute sub numele de hipnotice barbiturice, care includ Seconal. Te calmeaz\u0103 influen\u021b\u00e2nd anumite sec\u021biuni ale creierului t\u0103u. Seniorii ar trebui s\u0103 discute despre beneficiile \u0219i pericolele acestui medicament, precum \u0219i despre cele ale medicamentelor mai puternice, dar posibil mai sigure, cu medicul sau specialistul \u00een medicamente. \u00cenainte de a \u00eencepe s\u0103 lua\u021bi Seconal Sodium \u0219i de fiecare dat\u0103 c\u00e2nd primi\u021bi o re\u00eenc\u0103rcare, citi\u021bi Ghidul de medicamente oferit de farmacia noastr\u0103 online. Consulta\u021bi-v\u0103 medicul sau un specialist \u00een medicamente dac\u0103 ave\u021bi \u00eentreb\u0103ri. \u00cenainte de opera\u021bie, urma\u021bi instruc\u021biunile medicului dumneavoastr\u0103 \u0219i lua\u021bi aceast\u0103 re\u021bet\u0103 pe gur\u0103 cu un pahar cu ap\u0103 pe stomacul gol.<\/p>\n<p>O afec\u021biune pentru care se folose\u0219te exclusiv Seconal Sodium este cea care este enumerat\u0103 mai jos:<\/p>\n<p>injec\u021bii anestezice suplimentare<br \/> agent induc\u0103tor de anestezie suplimentar<\/p>\n<p>Farmacia noastr\u0103 online Nembutal vinde \u0219i livreaz\u0103 Seconal Sodium Secobarbital \u00een loca\u021bia dorit\u0103 c\u00e2t mai repede posibil. Cel mai bun mod \u00een care v\u0103 putem servi este s\u0103 ne permite\u021bi s\u0103 facem acest lucru. Este sigur s\u0103 v\u0103 pune\u021bi \u00eencrederea \u00een farmacia noastr\u0103 online Nembutal. Suntem \u00een mod constant aici pentru a ajuta clien\u021bii no\u0219tri importan\u021bi s\u0103-\u0219i ating\u0103 obiectivele \u0219i s\u0103-\u0219i \u00eendeplineasc\u0103 criteriile. V\u0103 rug\u0103m s\u0103 ne contacta\u021bi c\u00e2t mai cur\u00e2nd posibil!<\/p>\n","protected":false},"excerpt":{"rendered":"<p>Lua\u021bi leg\u0103tura cu o farmacie online nembutal pentru asisten\u021b\u0103<\/p>\n<p>Cump\u0103ra\u021bi Seconal Sodium pentru v\u00e2nzare \u00een Marea Britanie, Europa \u0219i restul lumii la cel mai bun pre\u021b posibil comand\u00e2nd online. Farmacia noastr\u0103 online Seconal Sodium ofer\u0103 o mare varietate de vitamine \u0219i produse farmaceutice de \u00eenalt\u0103 calitate. Pentru a plasa o comand\u0103, accesa\u021bi site-ul web.<\/p>\n<p>Oricine din lume poate cump\u0103ra Nembutal online de la o farmacie online. \u00cen orice moment, de oriunde, lua\u021bi leg\u0103tura cu noi. Orice \u00eentreb\u0103ri sau nel\u0103muriri pe care le au clien\u021bii no\u0219tri vor fi rezolvate cu promptitudine de c\u0103tre unul dintre reprezentan\u021bii no\u0219tri de servicii pentru clien\u021bi. \u00cencepem s\u0103 v\u0103 ambal\u0103m produsul imediat ce primim datele comenzii dvs. de la dvs. Ne asigur\u0103m c\u0103 to\u021bi clien\u021bii no\u0219tri&#8217; medicamentele ajung \u00een ambalaje sigure \u0219i adecvate \u0219i c\u0103 niciunul dintre ele nu a fost modificat. Calitatea medicamentelor dumneavoastr\u0103 sau starea livr\u0103rii dumneavoastr\u0103 nu sunt niciodat\u0103 o problem\u0103 atunci c\u00e2nd lucra\u021bi cu noi. Suntem aici s\u0103 ne asum\u0103m \u00eentreaga responsabilitate pentru tot. De aici, nu te po\u021bi a\u0219tepta dec\u00e2t la ce este mai bun pentru bun\u0103starea ta. Ne pute\u021bi contacta prin telefon, e-mail sau text. Cump\u0103ra\u021bi Seconal Sodium Secobarbital 100 mg de la farmacia online Nembutal ast\u0103zi \u0219i primi\u021bi-l \u00eentr-un timp scurt.<\/p>\n","protected":false},"featured_media":5802,"comment_status":"open","ping_status":"closed","template":"","meta":[],"product_brand":[],"product_cat":[59,3818],"product_tag":[3878,3820,3821,3822,3826,3827,3828,3829,3830,3831,3834,3835,3819,3950,3907,3842,3948,3841,3840,3824,3879,3823,3952,3904,3916,3918,3919,3922,3925,3926,3954,3923,3927,3913,3882,3869,3843,3885,3844,3881,3845,3949,3866,3894,3874,3906,3875,3893,3891,3883,3909,3908,3884,3876,3886,3892,3880,3902,3887,3889,3896,3890,3899,3900,3901,3911,3951,3897,3910,3895,3898,3953,3888,3903,3920,3921],"class_list":{"0":"post-5792","1":"product","2":"type-product","3":"status-publish","4":"has-post-thumbnail","6":"product_cat-necategorizat","7":"product_cat-pentobarbital-de-vnzare","8":"product_tag-pentobarbital-sodiu-anestezie","9":"product_tag-buy-cheap-nembutal-liquid-online","10":"product_tag-buy-cheap-nembutal-online","11":"product_tag-buy-nembutal-here","12":"product_tag-buy-nembutal-sodium-online","13":"product_tag-buy-pentobarbital-sodium","14":"product_tag-buy-pentobarbital-sodium-2021","15":"product_tag-buy-pentobarbital-sodium-pentobarbital-sodium-salt","16":"product_tag-buy-sodium-pentobarbital-uk","17":"product_tag-can-i-buy-pentobarbital","18":"product_tag-can-you-buy-pentobarbital-sodium-over-the-counter","19":"product_tag-can-you-buy-sodium-pentobarbital","20":"product_tag-cel-mai-bun-medicament-pentru-supradoz-de-sinucidere","21":"product_tag-comanda-nembutal-lichid-online","22":"product_tag-sodiu-pentobarbital-cost","23":"product_tag-cum-se-comand-nembutal-prin-pot","24":"product_tag-cum-se-cumpr-nembutal-lichid-online","25":"product_tag-cum-se-cumpr-nembutal-online","26":"product_tag-cum-se-achizitiona-nembutal","27":"product_tag-cumpara-nembutal-pentobarbital-sodiu","28":"product_tag-pentobarbital-sodiu-cumprare","29":"product_tag-cumpara-nembutal-lichid-online","30":"product_tag-cumprare-nembutal-lichid-online","31":"product_tag-cumprare-nembutal-online","32":"product_tag-de-unde-pot-cumpara-nembutal-pentobarbital-de-sodiu","33":"product_tag-de-unde-pot-cumpara-pentobarbital-sodiu","34":"product_tag-de-unde-pot-cumpra-pentobarbital-sodiu-somnifere","35":"product_tag-de-unde-poi-cumpra-pentobarbital-sodiu","36":"product_tag-de-unde-s-cumpr-pentobarbital-de-sodiu","37":"product_tag-de-unde-se-cumpr-pentobarbital-sodiu-pentru-cini","38":"product_tag-unde-s-cumprm-nembutal-lichid-online","39":"product_tag-unde-s-cumprm-nembutal-ieftin-online","40":"product_tag-de-unde-se-obine-pentobarbital-sodiu","41":"product_tag-doresc-a-cumpara-nembutal","42":"product_tag-pentobarbital-sodiu-dozare","43":"product_tag-nembutal-sinucidere-doza","44":"product_tag-este-uor-de-cumprare-nembutal-online","45":"product_tag-grupa-pentobarbital-sodiu","46":"product_tag-letal-injection-cumprare-online","47":"product_tag-pentobarbital-sodiu-moarte","48":"product_tag-nembutal","49":"product_tag-nembutal-lichid-de-vanzare","50":"product_tag-nembutal-pilulele-online","51":"product_tag-pentobarbital-pastile-de-sodiu","52":"product_tag-pentobarbital","53":"product_tag-sodiu-pentobarbital-nembutal","54":"product_tag-pentobarbital-de-sodiu-doza-letale","55":"product_tag-pentobarbital-sodiu-fr-prescripie-medical","56":"product_tag-pentobarbital-sodiu-nz","57":"product_tag-pentobarbital-sodiu-pentru-cini","58":"product_tag-sodiu-pentobarbital-pentru-eutanasie","59":"product_tag-sodiu-pentobarbital-pentru-eutanasie-animale","60":"product_tag-pentobarbital-sodiu-pentru-om","61":"product_tag-pentobarbital-pentru-eutanasie","62":"product_tag-pentobarbital-sodiu-injectabil-pentru-caini","63":"product_tag-pentobarbital-sodiu-oral","64":"product_tag-pentobarbital-sodiu-china","65":"product_tag-pentobarbital-sodiu-de-de-a-cumprare","66":"product_tag-pentobarbital-sodiu-injectabil-pentru-om","67":"product_tag-pentobarbital-sodiu-injectare-usp","68":"product_tag-pentobarbital-sodiu-prescriptie-medicala","69":"product_tag-pentobarbital-sodium-liquid","70":"product_tag-pentobarbital-sodium-sleeping-pills","71":"product_tag-pentobarbital-sodium-sleeping-pills-over-the-counter","72":"product_tag-pentobarbital-sodium-tablets","73":"product_tag-perioada-de-valabilitate-a-pentobarbitalului-de-sodiu","74":"product_tag-phenobarbital-sodium-intravenous","75":"product_tag-pentobarbital-sodiu-pret","76":"product_tag-sodiu-pentobarbital-productori","77":"product_tag-pentobarbital-pulbere-de-sodiu","78":"product_tag-pentobarbital-sare-de-sodiu","79":"product_tag-sodiu","80":"product_tag-pentobarbital-soluie-injectabil-de-sodiu","81":"product_tag-pentobarbital-utilizare","82":"product_tag-where-can-i-buy-sodium-pentobarbital","83":"product_tag-where-can-i-purchase-nembutal","85":"first","86":"instock","87":"shipping-taxable","88":"purchasable","89":"product-type-variable"},"yoast_head":"<!-- This site is optimized with the Yoast SEO plugin v27.3 - https:\/\/yoast.com\/product\/yoast-seo-wordpress\/ -->\n<title>Cump\u0103ra\u021bi Seconal Sodium - Cele mai bune medicamente globale<\/title>\n<meta name=\"description\" content=\"Cump\u0103ra\u021bi Seconal Sodium de v\u00e2nzare \u00een Marea Britanie, Europa 100 mg online la cel mai bun pre\u021b. O selec\u021bie uria\u0219\u0103 de suplimente \u0219i medicamente de \u00eenalt\u0103 calitate la farmacia noastr\u0103 online Seconal Sodium. Comand\u0103 online.\" \/>\n<meta name=\"robots\" content=\"index, follow, max-snippet:-1, max-image-preview:large, max-video-preview:-1\" \/>\n<link rel=\"canonical\" href=\"https:\/\/medicinasinc.com\/ro\/product\/cumpara-seconal-sodiu\/\" \/>\n<meta property=\"og:locale\" content=\"en_US\" \/>\n<meta property=\"og:type\" content=\"article\" \/>\n<meta property=\"og:title\" content=\"Cump\u0103ra\u021bi Seconal Sodium - Cele mai bune medicamente globale\" \/>\n<meta property=\"og:description\" content=\"Cump\u0103ra\u021bi Seconal Sodium de v\u00e2nzare \u00een Marea Britanie, Europa 100 mg online la cel mai bun pre\u021b. O selec\u021bie uria\u0219\u0103 de suplimente \u0219i medicamente de \u00eenalt\u0103 calitate la farmacia noastr\u0103 online Seconal Sodium. Comand\u0103 online.\" \/>\n<meta property=\"og:url\" content=\"https:\/\/medicinasinc.com\/ro\/product\/cumpara-seconal-sodiu\/\" \/>\n<meta property=\"og:site_name\" content=\"Medicinas Inc\" \/>\n<meta property=\"article:modified_time\" content=\"2022-03-22T00:48:53+00:00\" \/>\n<meta property=\"og:image\" content=\"https:\/\/medicinasinc.com\/ro\/wp-content\/uploads\/sites\/11\/2022\/02\/Buy-Seconal-Sodium.jpg\" \/>\n\t<meta property=\"og:image:width\" content=\"600\" \/>\n\t<meta property=\"og:image:height\" content=\"600\" \/>\n\t<meta property=\"og:image:type\" content=\"image\/jpeg\" \/>\n<meta name=\"twitter:card\" content=\"summary_large_image\" \/>\n<meta name=\"twitter:label1\" content=\"Est. reading time\" \/>\n\t<meta name=\"twitter:data1\" content=\"2 minutes\" \/>\n<script type=\"application\/ld+json\" class=\"yoast-schema-graph\">{\"@context\":\"https:\\\/\\\/schema.org\",\"@graph\":[{\"@type\":\"WebPage\",\"@id\":\"https:\\\/\\\/medicinasinc.com\\\/ro\\\/product\\\/cumpara-seconal-sodiu\\\/\",\"url\":\"https:\\\/\\\/medicinasinc.com\\\/ro\\\/product\\\/cumpara-seconal-sodiu\\\/\",\"name\":\"Cump\u0103ra\u021bi Seconal Sodium - Cele mai bune medicamente globale\",\"isPartOf\":{\"@id\":\"https:\\\/\\\/medicinasinc.com\\\/ro\\\/#website\"},\"primaryImageOfPage\":{\"@id\":\"https:\\\/\\\/medicinasinc.com\\\/ro\\\/product\\\/cumpara-seconal-sodiu\\\/#primaryimage\"},\"image\":{\"@id\":\"https:\\\/\\\/medicinasinc.com\\\/ro\\\/product\\\/cumpara-seconal-sodiu\\\/#primaryimage\"},\"thumbnailUrl\":\"https:\\\/\\\/medicinasinc.com\\\/ro\\\/wp-content\\\/uploads\\\/sites\\\/11\\\/2022\\\/02\\\/Buy-Seconal-Sodium.jpg\",\"datePublished\":\"2022-02-22T06:20:38+00:00\",\"dateModified\":\"2022-03-22T00:48:53+00:00\",\"description\":\"Cump\u0103ra\u021bi Seconal Sodium de v\u00e2nzare \u00een Marea Britanie, Europa 100 mg online la cel mai bun pre\u021b. O selec\u021bie uria\u0219\u0103 de suplimente \u0219i medicamente de \u00eenalt\u0103 calitate la farmacia noastr\u0103 online Seconal Sodium. Comand\u0103 online.\",\"breadcrumb\":{\"@id\":\"https:\\\/\\\/medicinasinc.com\\\/ro\\\/product\\\/cumpara-seconal-sodiu\\\/#breadcrumb\"},\"inLanguage\":\"en-US\",\"potentialAction\":[{\"@type\":\"ReadAction\",\"target\":[\"https:\\\/\\\/medicinasinc.com\\\/ro\\\/product\\\/cumpara-seconal-sodiu\\\/\"]}]},{\"@type\":\"ImageObject\",\"inLanguage\":\"en-US\",\"@id\":\"https:\\\/\\\/medicinasinc.com\\\/ro\\\/product\\\/cumpara-seconal-sodiu\\\/#primaryimage\",\"url\":\"https:\\\/\\\/medicinasinc.com\\\/ro\\\/wp-content\\\/uploads\\\/sites\\\/11\\\/2022\\\/02\\\/Buy-Seconal-Sodium.jpg\",\"contentUrl\":\"https:\\\/\\\/medicinasinc.com\\\/ro\\\/wp-content\\\/uploads\\\/sites\\\/11\\\/2022\\\/02\\\/Buy-Seconal-Sodium.jpg\",\"width\":600,\"height\":600},{\"@type\":\"BreadcrumbList\",\"@id\":\"https:\\\/\\\/medicinasinc.com\\\/ro\\\/product\\\/cumpara-seconal-sodiu\\\/#breadcrumb\",\"itemListElement\":[{\"@type\":\"ListItem\",\"position\":1,\"name\":\"Magazin\",\"item\":\"https:\\\/\\\/medicinasinc.com\\\/ro\\\/magazin\\\/\"},{\"@type\":\"ListItem\",\"position\":2,\"name\":\"Cump\u0103ra\u021bi Seconal Sodium\"}]},{\"@type\":\"WebSite\",\"@id\":\"https:\\\/\\\/medicinasinc.com\\\/ro\\\/#website\",\"url\":\"https:\\\/\\\/medicinasinc.com\\\/ro\\\/\",\"name\":\"Medicinas Inc\",\"description\":\"Health Medical Clinic\",\"potentialAction\":[{\"@type\":\"SearchAction\",\"target\":{\"@type\":\"EntryPoint\",\"urlTemplate\":\"https:\\\/\\\/medicinasinc.com\\\/ro\\\/?s={search_term_string}\"},\"query-input\":{\"@type\":\"PropertyValueSpecification\",\"valueRequired\":true,\"valueName\":\"search_term_string\"}}],\"inLanguage\":\"en-US\"}]}<\/script>\n<!-- \/ Yoast SEO plugin. -->","yoast_head_json":{"title":"Cump\u0103ra\u021bi Seconal Sodium - Cele mai bune medicamente globale","description":"Cump\u0103ra\u021bi Seconal Sodium de v\u00e2nzare \u00een Marea Britanie, Europa 100 mg online la cel mai bun pre\u021b. O selec\u021bie uria\u0219\u0103 de suplimente \u0219i medicamente de \u00eenalt\u0103 calitate la farmacia noastr\u0103 online Seconal Sodium. Comand\u0103 online.","robots":{"index":"index","follow":"follow","max-snippet":"max-snippet:-1","max-image-preview":"max-image-preview:large","max-video-preview":"max-video-preview:-1"},"canonical":"https:\/\/medicinasinc.com\/ro\/product\/cumpara-seconal-sodiu\/","og_locale":"en_US","og_type":"article","og_title":"Cump\u0103ra\u021bi Seconal Sodium - Cele mai bune medicamente globale","og_description":"Cump\u0103ra\u021bi Seconal Sodium de v\u00e2nzare \u00een Marea Britanie, Europa 100 mg online la cel mai bun pre\u021b. O selec\u021bie uria\u0219\u0103 de suplimente \u0219i medicamente de \u00eenalt\u0103 calitate la farmacia noastr\u0103 online Seconal Sodium. Comand\u0103 online.","og_url":"https:\/\/medicinasinc.com\/ro\/product\/cumpara-seconal-sodiu\/","og_site_name":"Medicinas Inc","article_modified_time":"2022-03-22T00:48:53+00:00","og_image":[{"width":600,"height":600,"url":"https:\/\/medicinasinc.com\/ro\/wp-content\/uploads\/sites\/11\/2022\/02\/Buy-Seconal-Sodium.jpg","type":"image\/jpeg"}],"twitter_card":"summary_large_image","twitter_misc":{"Est. reading time":"2 minutes"},"schema":{"@context":"https:\/\/schema.org","@graph":[{"@type":"WebPage","@id":"https:\/\/medicinasinc.com\/ro\/product\/cumpara-seconal-sodiu\/","url":"https:\/\/medicinasinc.com\/ro\/product\/cumpara-seconal-sodiu\/","name":"Cump\u0103ra\u021bi Seconal Sodium - Cele mai bune medicamente globale","isPartOf":{"@id":"https:\/\/medicinasinc.com\/ro\/#website"},"primaryImageOfPage":{"@id":"https:\/\/medicinasinc.com\/ro\/product\/cumpara-seconal-sodiu\/#primaryimage"},"image":{"@id":"https:\/\/medicinasinc.com\/ro\/product\/cumpara-seconal-sodiu\/#primaryimage"},"thumbnailUrl":"https:\/\/medicinasinc.com\/ro\/wp-content\/uploads\/sites\/11\/2022\/02\/Buy-Seconal-Sodium.jpg","datePublished":"2022-02-22T06:20:38+00:00","dateModified":"2022-03-22T00:48:53+00:00","description":"Cump\u0103ra\u021bi Seconal Sodium de v\u00e2nzare \u00een Marea Britanie, Europa 100 mg online la cel mai bun pre\u021b. O selec\u021bie uria\u0219\u0103 de suplimente \u0219i medicamente de \u00eenalt\u0103 calitate la farmacia noastr\u0103 online Seconal Sodium. Comand\u0103 online.","breadcrumb":{"@id":"https:\/\/medicinasinc.com\/ro\/product\/cumpara-seconal-sodiu\/#breadcrumb"},"inLanguage":"en-US","potentialAction":[{"@type":"ReadAction","target":["https:\/\/medicinasinc.com\/ro\/product\/cumpara-seconal-sodiu\/"]}]},{"@type":"ImageObject","inLanguage":"en-US","@id":"https:\/\/medicinasinc.com\/ro\/product\/cumpara-seconal-sodiu\/#primaryimage","url":"https:\/\/medicinasinc.com\/ro\/wp-content\/uploads\/sites\/11\/2022\/02\/Buy-Seconal-Sodium.jpg","contentUrl":"https:\/\/medicinasinc.com\/ro\/wp-content\/uploads\/sites\/11\/2022\/02\/Buy-Seconal-Sodium.jpg","width":600,"height":600},{"@type":"BreadcrumbList","@id":"https:\/\/medicinasinc.com\/ro\/product\/cumpara-seconal-sodiu\/#breadcrumb","itemListElement":[{"@type":"ListItem","position":1,"name":"Magazin","item":"https:\/\/medicinasinc.com\/ro\/magazin\/"},{"@type":"ListItem","position":2,"name":"Cump\u0103ra\u021bi Seconal Sodium"}]},{"@type":"WebSite","@id":"https:\/\/medicinasinc.com\/ro\/#website","url":"https:\/\/medicinasinc.com\/ro\/","name":"Medicinas Inc","description":"Health Medical Clinic","potentialAction":[{"@type":"SearchAction","target":{"@type":"EntryPoint","urlTemplate":"https:\/\/medicinasinc.com\/ro\/?s={search_term_string}"},"query-input":{"@type":"PropertyValueSpecification","valueRequired":true,"valueName":"search_term_string"}}],"inLanguage":"en-US"}]}},"_links":{"self":[{"href":"https:\/\/medicinasinc.com\/ro\/wp-json\/wp\/v2\/product\/5792","targetHints":{"allow":["GET"]}}],"collection":[{"href":"https:\/\/medicinasinc.com\/ro\/wp-json\/wp\/v2\/product"}],"about":[{"href":"https:\/\/medicinasinc.com\/ro\/wp-json\/wp\/v2\/types\/product"}],"replies":[{"embeddable":true,"href":"https:\/\/medicinasinc.com\/ro\/wp-json\/wp\/v2\/comments?post=5792"}],"wp:featuredmedia":[{"embeddable":true,"href":"https:\/\/medicinasinc.com\/ro\/wp-json\/wp\/v2\/media\/5802"}],"wp:attachment":[{"href":"https:\/\/medicinasinc.com\/ro\/wp-json\/wp\/v2\/media?parent=5792"}],"wp:term":[{"taxonomy":"product_brand","embeddable":true,"href":"https:\/\/medicinasinc.com\/ro\/wp-json\/wp\/v2\/product_brand?post=5792"},{"taxonomy":"product_cat","embeddable":true,"href":"https:\/\/medicinasinc.com\/ro\/wp-json\/wp\/v2\/product_cat?post=5792"},{"taxonomy":"product_tag","embeddable":true,"href":"https:\/\/medicinasinc.com\/ro\/wp-json\/wp\/v2\/product_tag?post=5792"}],"curies":[{"name":"wp","href":"https:\/\/api.w.org\/{rel}","templated":true}]}}