{"id":5785,"date":"2022-02-22T06:12:06","date_gmt":"2022-02-22T06:12:06","guid":{"rendered":"https:\/\/medicinasinc.com\/ro\/?post_type=product&#038;p=5785"},"modified":"2022-03-22T00:49:02","modified_gmt":"2022-03-22T00:49:02","slug":"cumpara-nembutal-pentobarbital-sodiu","status":"publish","type":"product","link":"https:\/\/medicinasinc.com\/ro\/product\/cumpara-nembutal-pentobarbital-sodiu\/","title":{"rendered":"Cump\u0103ra\u021bi Nembutal Pentobarbital Sodium"},"content":{"rendered":"<p>Best Global Med ofer\u0103 cel mai bun pre\u021b \u0219i calitate pentru Nembutal Pentobarbital Sodium spre v\u00e2nzare. Trimite\u021bi o solicitare online pe site-ul nostru web.<\/p>\n<p>Exist\u0103 mai multe motive pentru care oamenii aleg Nembutal Pentobarbital pentru utilizare oral\u0103, dar unul dintre cele mai comune este forma lichid\u0103.<\/p>\n<p>O form\u0103 lichid\u0103. de Nembutal Fenobarbital (cunoscut \u0219i ca Nembutal) este un medicament barbituric. De\u0219i a fost utilizat pe scar\u0103 larg\u0103 ca ajutor pentru somn \u00een anii 1940 \u0219i 1950, hipnotizantul a fost folosit \u0219i ca form\u0103 de medicament anti-anxietate (de exemplu narcotic). Supradozajul cu Nembutal este mult mai letal dec\u00e2t este cu somniferele de ast\u0103zi. Este unul dintre cele mai bune medicamente pentru sinucidere asistat\u0103 pentru c\u0103 este solid \u0219i lini\u0219tit. Nembutal este folosit de organiza\u021biile de exterminare deliberat\u0103 din Statele Unite (Oregon Death With Dignity Act), Elve\u021bia (Dignitas) \u0219i \u021a\u0103rile de Jos..<\/p>\n<p>Nembutal a fost scos de pe pia\u021b\u0103 pentru c\u0103 era at\u00e2t de u\u0219or s\u0103 supradozezi cu el. (fie accidental sau planificat), astfel a fost \u00eenlocuit cu medicamente pentru dormit mai sigure. Pentru anul 1998, Nembutal a fost eliminat de pe lista de medicamente recomandate de guvernul australian. Nembutal, pe de alt\u0103 parte, este \u00eenc\u0103 folosit de medici veterinari pentru a pune cap\u0103t vie\u021bii animalelor mai mari. Mul\u021bi oameni au reu\u0219it s\u0103 ob\u021bin\u0103 Nembutal veterinar pentru a-\u0219i pune cap\u0103t vie\u021bii. Marilyn Monroe, legendara actri\u021b\u0103 \u0219i c\u00e2nt\u0103rea\u021b\u0103 american\u0103, se pare c\u0103 s-a sinucis cu o doz\u0103 letal\u0103 de Nembutal.<\/p>\n<p>C\u00e2nd Dr. John S. Lundy a \u00eenceput s\u0103 foloseasc\u0103 pentru prima dat\u0103 ecua\u021bia s\u0103rii de sodiu &#8211; Na (sodiu) + etil + metil + butil + al\u2014\u00een 1930, i s-a dat numele de marc\u0103 \u201eNembutal\u201d (postfix normal pentru barbiturice). \u00cen Danemarca, Lundbeck de\u021bine marca comercial\u0103 \u0219i produce Nembutal.<\/p>\n<p>Barbituricele cu ac\u021biune scurt\u0103 includ fenobarbital (engleza SUA) \u0219i pentobarbitona (engleza britanic\u0103). C\u00e2nd vine vorba de fenobarbital, acesta se prezint\u0103 \u00eentr-o varietate de forme, inclusiv coroziv liber \u0219i s\u0103ruri ale diferi\u021bilor constituen\u021bi, cum ar fi sodiu \u0219i calciu. \u00cen ap\u0103 \u0219i etanol, corozivul liber este doar u\u0219or solubil. Nembutal este unul dintre denumirile de marc\u0103 ale medicamentului.<\/p>\n<p>Formula chimic\u0103 pentru C11H18N2O3 este urm\u0103toarea:<\/p>\n<p>Ficatul este implicat \u00een procesele metabolice.<\/p>\n<p>Timp de \u00eenjum\u0103t\u0103\u021bire. de compu\u0219i organici: 15\u201348 ore. Pudr\u0103 lichid\u0103, pastile<\/p>\n","protected":false},"excerpt":{"rendered":"<p>Cump\u0103ra\u021bi Nembutal Pentobarbital Sodium online din magazinul nostru Bestglobalmeds.com \u0219i primi\u021bi-l imediat la u\u0219\u0103! Ve\u021bi g\u0103si cel mai bun loc pentru a cump\u0103ra Nembutal online chiar aici!<\/p>\n<p>Pute\u021bi cump\u0103ra Nembutal online de la Best Global Meds, care v\u0103 livreaz\u0103 la u\u0219a dumneavoastr\u0103. Nembutal f\u0103r\u0103 prescrip\u021bie medical\u0103 este disponibil aici la cele mai mici costuri.<\/p>\n<p>Din moment ce supradozele de Nembutal erau at\u00e2t de frecvente, medicamentul a fost retras de pe pia\u021b\u0103 \u0219i \u00eenlocuit cu ajutoare pentru dormit mai sigure. Australienii nu au mai avut voie s\u0103 recomande Nembutal ca op\u021biune de tratament \u00een 1998. \u00cen orice caz, veteranii continu\u0103 s\u0103 ia Nembutal.<\/p>\n","protected":false},"featured_media":5796,"comment_status":"open","ping_status":"closed","template":"","meta":[],"product_brand":[],"product_cat":[3818],"product_tag":[3878,3820,3821,3822,3826,3827,3828,3829,3830,3831,3834,3835,3819,3950,3907,3842,3948,3841,3840,3824,3879,3823,3952,3904,3916,3918,3919,3922,3925,3926,3954,3923,3927,3913,3882,3869,3843,3885,3844,3881,3845,3949,3866,3894,3874,3906,3875,3893,3891,3883,3909,3908,3884,3876,3886,3892,3880,3902,3887,3889,3896,3890,3899,3900,3901,3911,3951,3897,3910,3895,3898,3953,3888,3903,3920,3921],"class_list":{"0":"post-5785","1":"product","2":"type-product","3":"status-publish","4":"has-post-thumbnail","6":"product_cat-pentobarbital-de-vnzare","7":"product_tag-pentobarbital-sodiu-anestezie","8":"product_tag-buy-cheap-nembutal-liquid-online","9":"product_tag-buy-cheap-nembutal-online","10":"product_tag-buy-nembutal-here","11":"product_tag-buy-nembutal-sodium-online","12":"product_tag-buy-pentobarbital-sodium","13":"product_tag-buy-pentobarbital-sodium-2021","14":"product_tag-buy-pentobarbital-sodium-pentobarbital-sodium-salt","15":"product_tag-buy-sodium-pentobarbital-uk","16":"product_tag-can-i-buy-pentobarbital","17":"product_tag-can-you-buy-pentobarbital-sodium-over-the-counter","18":"product_tag-can-you-buy-sodium-pentobarbital","19":"product_tag-cel-mai-bun-medicament-pentru-supradoz-de-sinucidere","20":"product_tag-comanda-nembutal-lichid-online","21":"product_tag-sodiu-pentobarbital-cost","22":"product_tag-cum-se-comand-nembutal-prin-pot","23":"product_tag-cum-se-cumpr-nembutal-lichid-online","24":"product_tag-cum-se-cumpr-nembutal-online","25":"product_tag-cum-se-achizitiona-nembutal","26":"product_tag-cumpara-nembutal-pentobarbital-sodiu","27":"product_tag-pentobarbital-sodiu-cumprare","28":"product_tag-cumpara-nembutal-lichid-online","29":"product_tag-cumprare-nembutal-lichid-online","30":"product_tag-cumprare-nembutal-online","31":"product_tag-de-unde-pot-cumpara-nembutal-pentobarbital-de-sodiu","32":"product_tag-de-unde-pot-cumpara-pentobarbital-sodiu","33":"product_tag-de-unde-pot-cumpra-pentobarbital-sodiu-somnifere","34":"product_tag-de-unde-poi-cumpra-pentobarbital-sodiu","35":"product_tag-de-unde-s-cumpr-pentobarbital-de-sodiu","36":"product_tag-de-unde-se-cumpr-pentobarbital-sodiu-pentru-cini","37":"product_tag-unde-s-cumprm-nembutal-lichid-online","38":"product_tag-unde-s-cumprm-nembutal-ieftin-online","39":"product_tag-de-unde-se-obine-pentobarbital-sodiu","40":"product_tag-doresc-a-cumpara-nembutal","41":"product_tag-pentobarbital-sodiu-dozare","42":"product_tag-nembutal-sinucidere-doza","43":"product_tag-este-uor-de-cumprare-nembutal-online","44":"product_tag-grupa-pentobarbital-sodiu","45":"product_tag-letal-injection-cumprare-online","46":"product_tag-pentobarbital-sodiu-moarte","47":"product_tag-nembutal","48":"product_tag-nembutal-lichid-de-vanzare","49":"product_tag-nembutal-pilulele-online","50":"product_tag-pentobarbital-pastile-de-sodiu","51":"product_tag-pentobarbital","52":"product_tag-sodiu-pentobarbital-nembutal","53":"product_tag-pentobarbital-de-sodiu-doza-letale","54":"product_tag-pentobarbital-sodiu-fr-prescripie-medical","55":"product_tag-pentobarbital-sodiu-nz","56":"product_tag-pentobarbital-sodiu-pentru-cini","57":"product_tag-sodiu-pentobarbital-pentru-eutanasie","58":"product_tag-sodiu-pentobarbital-pentru-eutanasie-animale","59":"product_tag-pentobarbital-sodiu-pentru-om","60":"product_tag-pentobarbital-pentru-eutanasie","61":"product_tag-pentobarbital-sodiu-injectabil-pentru-caini","62":"product_tag-pentobarbital-sodiu-oral","63":"product_tag-pentobarbital-sodiu-china","64":"product_tag-pentobarbital-sodiu-de-de-a-cumprare","65":"product_tag-pentobarbital-sodiu-injectabil-pentru-om","66":"product_tag-pentobarbital-sodiu-injectare-usp","67":"product_tag-pentobarbital-sodiu-prescriptie-medicala","68":"product_tag-pentobarbital-sodium-liquid","69":"product_tag-pentobarbital-sodium-sleeping-pills","70":"product_tag-pentobarbital-sodium-sleeping-pills-over-the-counter","71":"product_tag-pentobarbital-sodium-tablets","72":"product_tag-perioada-de-valabilitate-a-pentobarbitalului-de-sodiu","73":"product_tag-phenobarbital-sodium-intravenous","74":"product_tag-pentobarbital-sodiu-pret","75":"product_tag-sodiu-pentobarbital-productori","76":"product_tag-pentobarbital-pulbere-de-sodiu","77":"product_tag-pentobarbital-sare-de-sodiu","78":"product_tag-sodiu","79":"product_tag-pentobarbital-soluie-injectabil-de-sodiu","80":"product_tag-pentobarbital-utilizare","81":"product_tag-where-can-i-buy-sodium-pentobarbital","82":"product_tag-where-can-i-purchase-nembutal","84":"first","85":"instock","86":"shipping-taxable","87":"purchasable","88":"product-type-variable"},"yoast_head":"<!-- This site is optimized with the Yoast SEO plugin v27.3 - https:\/\/yoast.com\/product\/yoast-seo-wordpress\/ -->\n<title>Cump\u0103ra\u021bi Nembutal Pentobarbital Sodium - Cele mai bune medicamente globale<\/title>\n<meta name=\"description\" content=\"Cump\u0103ra\u021bi Nembutal Pentobarbital Sodium Marea Britanie, Europa, Asia, China \u00een magazinul nostru online Bestglobalmeds.com cu livrare rapid\u0103 \u00een \u00eentreaga lume! Cel mai bun Nembutal pentru comand\u0103 \u00eel g\u0103si\u021bi aici!\" \/>\n<meta name=\"robots\" content=\"index, follow, max-snippet:-1, max-image-preview:large, max-video-preview:-1\" \/>\n<link rel=\"canonical\" href=\"https:\/\/medicinasinc.com\/ro\/product\/cumpara-nembutal-pentobarbital-sodiu\/\" \/>\n<meta property=\"og:locale\" content=\"en_US\" \/>\n<meta property=\"og:type\" content=\"article\" \/>\n<meta property=\"og:title\" content=\"Cump\u0103ra\u021bi Nembutal Pentobarbital Sodium - Cele mai bune medicamente globale\" \/>\n<meta property=\"og:description\" content=\"Cump\u0103ra\u021bi Nembutal Pentobarbital Sodium Marea Britanie, Europa, Asia, China \u00een magazinul nostru online Bestglobalmeds.com cu livrare rapid\u0103 \u00een \u00eentreaga lume! Cel mai bun Nembutal pentru comand\u0103 \u00eel g\u0103si\u021bi aici!\" \/>\n<meta property=\"og:url\" content=\"https:\/\/medicinasinc.com\/ro\/product\/cumpara-nembutal-pentobarbital-sodiu\/\" \/>\n<meta property=\"og:site_name\" content=\"Medicinas Inc\" \/>\n<meta property=\"article:modified_time\" content=\"2022-03-22T00:49:02+00:00\" \/>\n<meta property=\"og:image\" content=\"https:\/\/medicinasinc.com\/ro\/wp-content\/uploads\/sites\/11\/2022\/02\/Buy-Pentobarbital-Sodium-1.jpg\" \/>\n\t<meta property=\"og:image:width\" content=\"356\" \/>\n\t<meta property=\"og:image:height\" content=\"540\" \/>\n\t<meta property=\"og:image:type\" content=\"image\/jpeg\" \/>\n<meta name=\"twitter:card\" content=\"summary_large_image\" \/>\n<meta name=\"twitter:label1\" content=\"Est. reading time\" \/>\n\t<meta name=\"twitter:data1\" content=\"2 minutes\" \/>\n<script type=\"application\/ld+json\" class=\"yoast-schema-graph\">{\"@context\":\"https:\\\/\\\/schema.org\",\"@graph\":[{\"@type\":\"WebPage\",\"@id\":\"https:\\\/\\\/medicinasinc.com\\\/ro\\\/product\\\/cumpara-nembutal-pentobarbital-sodiu\\\/\",\"url\":\"https:\\\/\\\/medicinasinc.com\\\/ro\\\/product\\\/cumpara-nembutal-pentobarbital-sodiu\\\/\",\"name\":\"Cump\u0103ra\u021bi Nembutal Pentobarbital Sodium - Cele mai bune medicamente globale\",\"isPartOf\":{\"@id\":\"https:\\\/\\\/medicinasinc.com\\\/ro\\\/#website\"},\"primaryImageOfPage\":{\"@id\":\"https:\\\/\\\/medicinasinc.com\\\/ro\\\/product\\\/cumpara-nembutal-pentobarbital-sodiu\\\/#primaryimage\"},\"image\":{\"@id\":\"https:\\\/\\\/medicinasinc.com\\\/ro\\\/product\\\/cumpara-nembutal-pentobarbital-sodiu\\\/#primaryimage\"},\"thumbnailUrl\":\"https:\\\/\\\/medicinasinc.com\\\/ro\\\/wp-content\\\/uploads\\\/sites\\\/11\\\/2022\\\/02\\\/Buy-Pentobarbital-Sodium-1.jpg\",\"datePublished\":\"2022-02-22T06:12:06+00:00\",\"dateModified\":\"2022-03-22T00:49:02+00:00\",\"description\":\"Cump\u0103ra\u021bi Nembutal Pentobarbital Sodium Marea Britanie, Europa, Asia, China \u00een magazinul nostru online Bestglobalmeds.com cu livrare rapid\u0103 \u00een \u00eentreaga lume! Cel mai bun Nembutal pentru comand\u0103 \u00eel g\u0103si\u021bi aici!\",\"breadcrumb\":{\"@id\":\"https:\\\/\\\/medicinasinc.com\\\/ro\\\/product\\\/cumpara-nembutal-pentobarbital-sodiu\\\/#breadcrumb\"},\"inLanguage\":\"en-US\",\"potentialAction\":[{\"@type\":\"ReadAction\",\"target\":[\"https:\\\/\\\/medicinasinc.com\\\/ro\\\/product\\\/cumpara-nembutal-pentobarbital-sodiu\\\/\"]}]},{\"@type\":\"ImageObject\",\"inLanguage\":\"en-US\",\"@id\":\"https:\\\/\\\/medicinasinc.com\\\/ro\\\/product\\\/cumpara-nembutal-pentobarbital-sodiu\\\/#primaryimage\",\"url\":\"https:\\\/\\\/medicinasinc.com\\\/ro\\\/wp-content\\\/uploads\\\/sites\\\/11\\\/2022\\\/02\\\/Buy-Pentobarbital-Sodium-1.jpg\",\"contentUrl\":\"https:\\\/\\\/medicinasinc.com\\\/ro\\\/wp-content\\\/uploads\\\/sites\\\/11\\\/2022\\\/02\\\/Buy-Pentobarbital-Sodium-1.jpg\",\"width\":356,\"height\":540},{\"@type\":\"BreadcrumbList\",\"@id\":\"https:\\\/\\\/medicinasinc.com\\\/ro\\\/product\\\/cumpara-nembutal-pentobarbital-sodiu\\\/#breadcrumb\",\"itemListElement\":[{\"@type\":\"ListItem\",\"position\":1,\"name\":\"Magazin\",\"item\":\"https:\\\/\\\/medicinasinc.com\\\/ro\\\/magazin\\\/\"},{\"@type\":\"ListItem\",\"position\":2,\"name\":\"Cump\u0103ra\u021bi Nembutal Pentobarbital Sodium\"}]},{\"@type\":\"WebSite\",\"@id\":\"https:\\\/\\\/medicinasinc.com\\\/ro\\\/#website\",\"url\":\"https:\\\/\\\/medicinasinc.com\\\/ro\\\/\",\"name\":\"Medicinas Inc\",\"description\":\"Health Medical Clinic\",\"potentialAction\":[{\"@type\":\"SearchAction\",\"target\":{\"@type\":\"EntryPoint\",\"urlTemplate\":\"https:\\\/\\\/medicinasinc.com\\\/ro\\\/?s={search_term_string}\"},\"query-input\":{\"@type\":\"PropertyValueSpecification\",\"valueRequired\":true,\"valueName\":\"search_term_string\"}}],\"inLanguage\":\"en-US\"}]}<\/script>\n<!-- \/ Yoast SEO plugin. -->","yoast_head_json":{"title":"Cump\u0103ra\u021bi Nembutal Pentobarbital Sodium - Cele mai bune medicamente globale","description":"Cump\u0103ra\u021bi Nembutal Pentobarbital Sodium Marea Britanie, Europa, Asia, China \u00een magazinul nostru online Bestglobalmeds.com cu livrare rapid\u0103 \u00een \u00eentreaga lume! Cel mai bun Nembutal pentru comand\u0103 \u00eel g\u0103si\u021bi aici!","robots":{"index":"index","follow":"follow","max-snippet":"max-snippet:-1","max-image-preview":"max-image-preview:large","max-video-preview":"max-video-preview:-1"},"canonical":"https:\/\/medicinasinc.com\/ro\/product\/cumpara-nembutal-pentobarbital-sodiu\/","og_locale":"en_US","og_type":"article","og_title":"Cump\u0103ra\u021bi Nembutal Pentobarbital Sodium - Cele mai bune medicamente globale","og_description":"Cump\u0103ra\u021bi Nembutal Pentobarbital Sodium Marea Britanie, Europa, Asia, China \u00een magazinul nostru online Bestglobalmeds.com cu livrare rapid\u0103 \u00een \u00eentreaga lume! Cel mai bun Nembutal pentru comand\u0103 \u00eel g\u0103si\u021bi aici!","og_url":"https:\/\/medicinasinc.com\/ro\/product\/cumpara-nembutal-pentobarbital-sodiu\/","og_site_name":"Medicinas Inc","article_modified_time":"2022-03-22T00:49:02+00:00","og_image":[{"width":356,"height":540,"url":"https:\/\/medicinasinc.com\/ro\/wp-content\/uploads\/sites\/11\/2022\/02\/Buy-Pentobarbital-Sodium-1.jpg","type":"image\/jpeg"}],"twitter_card":"summary_large_image","twitter_misc":{"Est. reading time":"2 minutes"},"schema":{"@context":"https:\/\/schema.org","@graph":[{"@type":"WebPage","@id":"https:\/\/medicinasinc.com\/ro\/product\/cumpara-nembutal-pentobarbital-sodiu\/","url":"https:\/\/medicinasinc.com\/ro\/product\/cumpara-nembutal-pentobarbital-sodiu\/","name":"Cump\u0103ra\u021bi Nembutal Pentobarbital Sodium - Cele mai bune medicamente globale","isPartOf":{"@id":"https:\/\/medicinasinc.com\/ro\/#website"},"primaryImageOfPage":{"@id":"https:\/\/medicinasinc.com\/ro\/product\/cumpara-nembutal-pentobarbital-sodiu\/#primaryimage"},"image":{"@id":"https:\/\/medicinasinc.com\/ro\/product\/cumpara-nembutal-pentobarbital-sodiu\/#primaryimage"},"thumbnailUrl":"https:\/\/medicinasinc.com\/ro\/wp-content\/uploads\/sites\/11\/2022\/02\/Buy-Pentobarbital-Sodium-1.jpg","datePublished":"2022-02-22T06:12:06+00:00","dateModified":"2022-03-22T00:49:02+00:00","description":"Cump\u0103ra\u021bi Nembutal Pentobarbital Sodium Marea Britanie, Europa, Asia, China \u00een magazinul nostru online Bestglobalmeds.com cu livrare rapid\u0103 \u00een \u00eentreaga lume! Cel mai bun Nembutal pentru comand\u0103 \u00eel g\u0103si\u021bi aici!","breadcrumb":{"@id":"https:\/\/medicinasinc.com\/ro\/product\/cumpara-nembutal-pentobarbital-sodiu\/#breadcrumb"},"inLanguage":"en-US","potentialAction":[{"@type":"ReadAction","target":["https:\/\/medicinasinc.com\/ro\/product\/cumpara-nembutal-pentobarbital-sodiu\/"]}]},{"@type":"ImageObject","inLanguage":"en-US","@id":"https:\/\/medicinasinc.com\/ro\/product\/cumpara-nembutal-pentobarbital-sodiu\/#primaryimage","url":"https:\/\/medicinasinc.com\/ro\/wp-content\/uploads\/sites\/11\/2022\/02\/Buy-Pentobarbital-Sodium-1.jpg","contentUrl":"https:\/\/medicinasinc.com\/ro\/wp-content\/uploads\/sites\/11\/2022\/02\/Buy-Pentobarbital-Sodium-1.jpg","width":356,"height":540},{"@type":"BreadcrumbList","@id":"https:\/\/medicinasinc.com\/ro\/product\/cumpara-nembutal-pentobarbital-sodiu\/#breadcrumb","itemListElement":[{"@type":"ListItem","position":1,"name":"Magazin","item":"https:\/\/medicinasinc.com\/ro\/magazin\/"},{"@type":"ListItem","position":2,"name":"Cump\u0103ra\u021bi Nembutal Pentobarbital Sodium"}]},{"@type":"WebSite","@id":"https:\/\/medicinasinc.com\/ro\/#website","url":"https:\/\/medicinasinc.com\/ro\/","name":"Medicinas Inc","description":"Health Medical Clinic","potentialAction":[{"@type":"SearchAction","target":{"@type":"EntryPoint","urlTemplate":"https:\/\/medicinasinc.com\/ro\/?s={search_term_string}"},"query-input":{"@type":"PropertyValueSpecification","valueRequired":true,"valueName":"search_term_string"}}],"inLanguage":"en-US"}]}},"_links":{"self":[{"href":"https:\/\/medicinasinc.com\/ro\/wp-json\/wp\/v2\/product\/5785","targetHints":{"allow":["GET"]}}],"collection":[{"href":"https:\/\/medicinasinc.com\/ro\/wp-json\/wp\/v2\/product"}],"about":[{"href":"https:\/\/medicinasinc.com\/ro\/wp-json\/wp\/v2\/types\/product"}],"replies":[{"embeddable":true,"href":"https:\/\/medicinasinc.com\/ro\/wp-json\/wp\/v2\/comments?post=5785"}],"wp:featuredmedia":[{"embeddable":true,"href":"https:\/\/medicinasinc.com\/ro\/wp-json\/wp\/v2\/media\/5796"}],"wp:attachment":[{"href":"https:\/\/medicinasinc.com\/ro\/wp-json\/wp\/v2\/media?parent=5785"}],"wp:term":[{"taxonomy":"product_brand","embeddable":true,"href":"https:\/\/medicinasinc.com\/ro\/wp-json\/wp\/v2\/product_brand?post=5785"},{"taxonomy":"product_cat","embeddable":true,"href":"https:\/\/medicinasinc.com\/ro\/wp-json\/wp\/v2\/product_cat?post=5785"},{"taxonomy":"product_tag","embeddable":true,"href":"https:\/\/medicinasinc.com\/ro\/wp-json\/wp\/v2\/product_tag?post=5785"}],"curies":[{"name":"wp","href":"https:\/\/api.w.org\/{rel}","templated":true}]}}