{"id":5781,"date":"2022-02-22T06:07:08","date_gmt":"2022-02-22T06:07:08","guid":{"rendered":"https:\/\/medicinasinc.com\/ro\/?post_type=product&#038;p=5781"},"modified":"2022-03-22T00:49:11","modified_gmt":"2022-03-22T00:49:11","slug":"cumpara-nembutal-pulbere","status":"publish","type":"product","link":"https:\/\/medicinasinc.com\/ro\/product\/cumpara-nembutal-pulbere\/","title":{"rendered":"Cump\u0103ra\u021bi pulbere de nembutal"},"content":{"rendered":"<p>Pudra de Nembutal de la cei mai buni furnizori la cele mai mici pre\u021buri<\/p>\n<p>Pe pia\u021ba online, pute\u021bi g\u0103si medicamente \u0219i medicamente de \u00eenalt\u0103 calitate la farmacia online Nembutal. Pentru a ob\u021bine Nembutal Powder de la cei mai buni furnizori de Nembutal Powder, ar trebui s\u0103 veni\u021bi la farmacia noastr\u0103. Lua\u021bi leg\u0103tura cu noi ast\u0103zi \u0219i v\u0103 vom termina treaba imediat. Medicamentul dumneavoastr\u0103 va fi livrat la adresa specificat\u0103 de dvs. Pentru cea mai bun\u0103 ofert\u0103 cu pudra de Nembutal, plasa\u021bi comanda imediat!<\/p>\n<p>Folosind pudra de Nembutal, ce v\u0103 pute\u021bi a\u0219tepta s\u0103 c\u00e2\u0219tiga\u021bi?<\/p>\n<p>Pudra de Nembutal este cunoscut\u0103 pentru c\u0103 ajut\u0103 persoanele insomniace \u0219i pe cei care g\u0103sesc este greu s\u0103 dormi. \u00cen multe circumstan\u021be, este utilizat ca un medicament anti-anxietate. Farmacia noastr\u0103 online este cel mai bun loc pentru a achizi\u021biona Nembutal Powder dac\u0103 ave\u021bi acelea\u0219i obiective \u00een minte.<\/p>\n<p>Ce magazin online vinde cea mai bun\u0103 Nembutal Powder?<\/p>\n<p>Orice motiv pentru a comanda Nembutal Powder , v\u0103 pute\u021bi baza \u00eentotdeauna pe Online Nembutal Pharmacy pentru a face treaba corect pentru dvs.<\/p>\n<p>\u00cen\u021belegem nevoile \u0219i a\u0219tept\u0103rile clien\u021bilor no\u0219tri datorit\u0103 anilor no\u0219tri de experien\u021b\u0103. Nu avem niciodat\u0103 acces la sau stoc\u0103m niciuna dintre cardurile dvs. de credit sau informa\u021biile personale. Toate informa\u021biile sunt p\u0103strate private. Aceasta \u00eenseamn\u0103 c\u0103 pute\u021bi cump\u0103ra pulbere de Nembutal online de la noi la cel mai bun pre\u021b.<\/p>\n<p>F\u0103c\u00e2nd o achizi\u021bie de la farmacia noastr\u0103 online, v\u0103 va pune cu un pas \u00eenaintea concuren\u021bei. De-a lungul timpului, am c\u00e2\u0219tigat o mul\u021bime de poten\u021biali consumatori. Dac\u0103 sunte\u021bi \u00een c\u0103utarea celor mai buni, nu ezita\u021bi s\u0103 ne contacta\u021bi \u00een orice moment.<\/p>\n","protected":false},"excerpt":{"rendered":"<p>Exist\u0103 o serie de farmacii online care v\u00e2nd spre v\u00e2nzare Nembutal Powder pentobarbital sodium, inclusiv bestglobalmeds.com. Ve\u021bi g\u0103si cel mai bun loc pentru a cump\u0103ra Nembutal online chiar aici! Acum este posibil s\u0103 ob\u021bine\u021bi o farmacie Nembutal online din confortul propriei case. Nembutal Powder de v\u00e2nzare la cele mai mici costuri posibile poate fi g\u0103sit aici.<\/p>\n<p>Best Global Meds ofer\u0103 Nembutal Powder de v\u00e2nzare online la pre\u021buri accesibile. Pastilele, tabletele \u0219i capsulele Nembutal de cea mai bun\u0103 calitate pot fi achizi\u021bionate la cele mai mari costuri. Nu ezita\u021bi s\u0103 ne contacta\u021bi imediat!<\/p>\n","protected":false},"featured_media":5791,"comment_status":"open","ping_status":"closed","template":"","meta":[],"product_brand":[],"product_cat":[3818],"product_tag":[3929,3832,3945,3942,3943,3930,3839,3931,3928,3944,3946,3947,3938,3845,3933,3935,3932,3934,3936,3941,3939,3937,3940],"class_list":{"0":"post-5781","1":"product","2":"type-product","3":"status-publish","4":"has-post-thumbnail","6":"product_cat-pentobarbital-de-vnzare","7":"product_tag-buy-nembutal-powder-online","8":"product_tag-can-i-order-nembutal-online","9":"product_tag-cel-mai-bun-loc-pentru-a-cumpra-nembutal-pulbere-online","10":"product_tag-comanda-nembutal-pulbere","11":"product_tag-comanda-nembutal-pulbere-online","12":"product_tag-cum-pot-comand-nembutal-pulbere","13":"product_tag-cum-pot-i-ia-nembutal","14":"product_tag-cum-se-cumpr-nembutal-pulbere-online","15":"product_tag-cumpr-nembutal-online","16":"product_tag-cumprare-nembutal-pulbere-online","17":"product_tag-de-unde-pot-cumpara-nembutal-pulbere","18":"product_tag-unde-s-cumprm-nembutal-pulbere-online","19":"product_tag-nembutal-pulbere-doza","20":"product_tag-nembutal","21":"product_tag-nembutal-buy-austria","22":"product_tag-nembutal-buy-uk","23":"product_tag-nembutal-buy-australia","24":"product_tag-nembutal-cumprare-online","25":"product_tag-nembutal-powder","26":"product_tag-nembutal-powder-supplier","27":"product_tag-nembutal-pulbere-de-vanzare","28":"product_tag-nembutal-pulbere-cumpara","29":"product_tag-nembutal-pulbere-suprdozaj","31":"first","32":"instock","33":"shipping-taxable","34":"purchasable","35":"product-type-variable"},"yoast_head":"<!-- This site is optimized with the Yoast SEO plugin v27.3 - https:\/\/yoast.com\/product\/yoast-seo-wordpress\/ -->\n<title>Cump\u0103ra\u021bi Nembutal Powder - Pentobarbital sodium - Cele mai bune medicamente globale<\/title>\n<meta name=\"description\" content=\"Cump\u0103ra\u021bi pulbere de nembutal pentobarbital sodiu de v\u00e2nzare \u00een Marea Britanie, Emiratele Arabe Unite, Europa, China \u00een magazinul nostru online bestglobalmeds.com cu livrare rapid\u0103 \u00een \u00eentreaga lume! Cel mai bun Nembutal pentru comand\u0103 \u00eel g\u0103si\u021bi aici!\" \/>\n<meta name=\"robots\" content=\"index, follow, max-snippet:-1, max-image-preview:large, max-video-preview:-1\" \/>\n<link rel=\"canonical\" href=\"https:\/\/medicinasinc.com\/ro\/product\/cumpara-nembutal-pulbere\/\" \/>\n<meta property=\"og:locale\" content=\"en_US\" \/>\n<meta property=\"og:type\" content=\"article\" \/>\n<meta property=\"og:title\" content=\"Cump\u0103ra\u021bi Nembutal Powder - Pentobarbital sodium - Cele mai bune medicamente globale\" \/>\n<meta property=\"og:description\" content=\"Cump\u0103ra\u021bi pulbere de nembutal pentobarbital sodiu de v\u00e2nzare \u00een Marea Britanie, Emiratele Arabe Unite, Europa, China \u00een magazinul nostru online bestglobalmeds.com cu livrare rapid\u0103 \u00een \u00eentreaga lume! Cel mai bun Nembutal pentru comand\u0103 \u00eel g\u0103si\u021bi aici!\" \/>\n<meta property=\"og:url\" content=\"https:\/\/medicinasinc.com\/ro\/product\/cumpara-nembutal-pulbere\/\" \/>\n<meta property=\"og:site_name\" content=\"Medicinas Inc\" \/>\n<meta property=\"article:modified_time\" content=\"2022-03-22T00:49:11+00:00\" \/>\n<meta property=\"og:image\" content=\"https:\/\/medicinasinc.com\/ro\/wp-content\/uploads\/sites\/11\/2022\/02\/Buy-Nembutal-Powder-2.jpg\" \/>\n\t<meta property=\"og:image:width\" content=\"600\" \/>\n\t<meta property=\"og:image:height\" content=\"600\" \/>\n\t<meta property=\"og:image:type\" content=\"image\/jpeg\" \/>\n<meta name=\"twitter:card\" content=\"summary_large_image\" \/>\n<meta name=\"twitter:label1\" content=\"Est. reading time\" \/>\n\t<meta name=\"twitter:data1\" content=\"2 minutes\" \/>\n<script type=\"application\/ld+json\" class=\"yoast-schema-graph\">{\"@context\":\"https:\\\/\\\/schema.org\",\"@graph\":[{\"@type\":\"WebPage\",\"@id\":\"https:\\\/\\\/medicinasinc.com\\\/ro\\\/product\\\/cumpara-nembutal-pulbere\\\/\",\"url\":\"https:\\\/\\\/medicinasinc.com\\\/ro\\\/product\\\/cumpara-nembutal-pulbere\\\/\",\"name\":\"Cump\u0103ra\u021bi Nembutal Powder - Pentobarbital sodium - Cele mai bune medicamente globale\",\"isPartOf\":{\"@id\":\"https:\\\/\\\/medicinasinc.com\\\/ro\\\/#website\"},\"primaryImageOfPage\":{\"@id\":\"https:\\\/\\\/medicinasinc.com\\\/ro\\\/product\\\/cumpara-nembutal-pulbere\\\/#primaryimage\"},\"image\":{\"@id\":\"https:\\\/\\\/medicinasinc.com\\\/ro\\\/product\\\/cumpara-nembutal-pulbere\\\/#primaryimage\"},\"thumbnailUrl\":\"https:\\\/\\\/medicinasinc.com\\\/ro\\\/wp-content\\\/uploads\\\/sites\\\/11\\\/2022\\\/02\\\/Buy-Nembutal-Powder-2.jpg\",\"datePublished\":\"2022-02-22T06:07:08+00:00\",\"dateModified\":\"2022-03-22T00:49:11+00:00\",\"description\":\"Cump\u0103ra\u021bi pulbere de nembutal pentobarbital sodiu de v\u00e2nzare \u00een Marea Britanie, Emiratele Arabe Unite, Europa, China \u00een magazinul nostru online bestglobalmeds.com cu livrare rapid\u0103 \u00een \u00eentreaga lume! Cel mai bun Nembutal pentru comand\u0103 \u00eel g\u0103si\u021bi aici!\",\"breadcrumb\":{\"@id\":\"https:\\\/\\\/medicinasinc.com\\\/ro\\\/product\\\/cumpara-nembutal-pulbere\\\/#breadcrumb\"},\"inLanguage\":\"en-US\",\"potentialAction\":[{\"@type\":\"ReadAction\",\"target\":[\"https:\\\/\\\/medicinasinc.com\\\/ro\\\/product\\\/cumpara-nembutal-pulbere\\\/\"]}]},{\"@type\":\"ImageObject\",\"inLanguage\":\"en-US\",\"@id\":\"https:\\\/\\\/medicinasinc.com\\\/ro\\\/product\\\/cumpara-nembutal-pulbere\\\/#primaryimage\",\"url\":\"https:\\\/\\\/medicinasinc.com\\\/ro\\\/wp-content\\\/uploads\\\/sites\\\/11\\\/2022\\\/02\\\/Buy-Nembutal-Powder-2.jpg\",\"contentUrl\":\"https:\\\/\\\/medicinasinc.com\\\/ro\\\/wp-content\\\/uploads\\\/sites\\\/11\\\/2022\\\/02\\\/Buy-Nembutal-Powder-2.jpg\",\"width\":600,\"height\":600},{\"@type\":\"BreadcrumbList\",\"@id\":\"https:\\\/\\\/medicinasinc.com\\\/ro\\\/product\\\/cumpara-nembutal-pulbere\\\/#breadcrumb\",\"itemListElement\":[{\"@type\":\"ListItem\",\"position\":1,\"name\":\"Magazin\",\"item\":\"https:\\\/\\\/medicinasinc.com\\\/ro\\\/magazin\\\/\"},{\"@type\":\"ListItem\",\"position\":2,\"name\":\"Cump\u0103ra\u021bi pulbere de nembutal\"}]},{\"@type\":\"WebSite\",\"@id\":\"https:\\\/\\\/medicinasinc.com\\\/ro\\\/#website\",\"url\":\"https:\\\/\\\/medicinasinc.com\\\/ro\\\/\",\"name\":\"Medicinas Inc\",\"description\":\"Health Medical Clinic\",\"potentialAction\":[{\"@type\":\"SearchAction\",\"target\":{\"@type\":\"EntryPoint\",\"urlTemplate\":\"https:\\\/\\\/medicinasinc.com\\\/ro\\\/?s={search_term_string}\"},\"query-input\":{\"@type\":\"PropertyValueSpecification\",\"valueRequired\":true,\"valueName\":\"search_term_string\"}}],\"inLanguage\":\"en-US\"}]}<\/script>\n<!-- \/ Yoast SEO plugin. -->","yoast_head_json":{"title":"Cump\u0103ra\u021bi Nembutal Powder - Pentobarbital sodium - Cele mai bune medicamente globale","description":"Cump\u0103ra\u021bi pulbere de nembutal pentobarbital sodiu de v\u00e2nzare \u00een Marea Britanie, Emiratele Arabe Unite, Europa, China \u00een magazinul nostru online bestglobalmeds.com cu livrare rapid\u0103 \u00een \u00eentreaga lume! Cel mai bun Nembutal pentru comand\u0103 \u00eel g\u0103si\u021bi aici!","robots":{"index":"index","follow":"follow","max-snippet":"max-snippet:-1","max-image-preview":"max-image-preview:large","max-video-preview":"max-video-preview:-1"},"canonical":"https:\/\/medicinasinc.com\/ro\/product\/cumpara-nembutal-pulbere\/","og_locale":"en_US","og_type":"article","og_title":"Cump\u0103ra\u021bi Nembutal Powder - Pentobarbital sodium - Cele mai bune medicamente globale","og_description":"Cump\u0103ra\u021bi pulbere de nembutal pentobarbital sodiu de v\u00e2nzare \u00een Marea Britanie, Emiratele Arabe Unite, Europa, China \u00een magazinul nostru online bestglobalmeds.com cu livrare rapid\u0103 \u00een \u00eentreaga lume! Cel mai bun Nembutal pentru comand\u0103 \u00eel g\u0103si\u021bi aici!","og_url":"https:\/\/medicinasinc.com\/ro\/product\/cumpara-nembutal-pulbere\/","og_site_name":"Medicinas Inc","article_modified_time":"2022-03-22T00:49:11+00:00","og_image":[{"width":600,"height":600,"url":"https:\/\/medicinasinc.com\/ro\/wp-content\/uploads\/sites\/11\/2022\/02\/Buy-Nembutal-Powder-2.jpg","type":"image\/jpeg"}],"twitter_card":"summary_large_image","twitter_misc":{"Est. reading time":"2 minutes"},"schema":{"@context":"https:\/\/schema.org","@graph":[{"@type":"WebPage","@id":"https:\/\/medicinasinc.com\/ro\/product\/cumpara-nembutal-pulbere\/","url":"https:\/\/medicinasinc.com\/ro\/product\/cumpara-nembutal-pulbere\/","name":"Cump\u0103ra\u021bi Nembutal Powder - Pentobarbital sodium - Cele mai bune medicamente globale","isPartOf":{"@id":"https:\/\/medicinasinc.com\/ro\/#website"},"primaryImageOfPage":{"@id":"https:\/\/medicinasinc.com\/ro\/product\/cumpara-nembutal-pulbere\/#primaryimage"},"image":{"@id":"https:\/\/medicinasinc.com\/ro\/product\/cumpara-nembutal-pulbere\/#primaryimage"},"thumbnailUrl":"https:\/\/medicinasinc.com\/ro\/wp-content\/uploads\/sites\/11\/2022\/02\/Buy-Nembutal-Powder-2.jpg","datePublished":"2022-02-22T06:07:08+00:00","dateModified":"2022-03-22T00:49:11+00:00","description":"Cump\u0103ra\u021bi pulbere de nembutal pentobarbital sodiu de v\u00e2nzare \u00een Marea Britanie, Emiratele Arabe Unite, Europa, China \u00een magazinul nostru online bestglobalmeds.com cu livrare rapid\u0103 \u00een \u00eentreaga lume! Cel mai bun Nembutal pentru comand\u0103 \u00eel g\u0103si\u021bi aici!","breadcrumb":{"@id":"https:\/\/medicinasinc.com\/ro\/product\/cumpara-nembutal-pulbere\/#breadcrumb"},"inLanguage":"en-US","potentialAction":[{"@type":"ReadAction","target":["https:\/\/medicinasinc.com\/ro\/product\/cumpara-nembutal-pulbere\/"]}]},{"@type":"ImageObject","inLanguage":"en-US","@id":"https:\/\/medicinasinc.com\/ro\/product\/cumpara-nembutal-pulbere\/#primaryimage","url":"https:\/\/medicinasinc.com\/ro\/wp-content\/uploads\/sites\/11\/2022\/02\/Buy-Nembutal-Powder-2.jpg","contentUrl":"https:\/\/medicinasinc.com\/ro\/wp-content\/uploads\/sites\/11\/2022\/02\/Buy-Nembutal-Powder-2.jpg","width":600,"height":600},{"@type":"BreadcrumbList","@id":"https:\/\/medicinasinc.com\/ro\/product\/cumpara-nembutal-pulbere\/#breadcrumb","itemListElement":[{"@type":"ListItem","position":1,"name":"Magazin","item":"https:\/\/medicinasinc.com\/ro\/magazin\/"},{"@type":"ListItem","position":2,"name":"Cump\u0103ra\u021bi pulbere de nembutal"}]},{"@type":"WebSite","@id":"https:\/\/medicinasinc.com\/ro\/#website","url":"https:\/\/medicinasinc.com\/ro\/","name":"Medicinas Inc","description":"Health Medical Clinic","potentialAction":[{"@type":"SearchAction","target":{"@type":"EntryPoint","urlTemplate":"https:\/\/medicinasinc.com\/ro\/?s={search_term_string}"},"query-input":{"@type":"PropertyValueSpecification","valueRequired":true,"valueName":"search_term_string"}}],"inLanguage":"en-US"}]}},"_links":{"self":[{"href":"https:\/\/medicinasinc.com\/ro\/wp-json\/wp\/v2\/product\/5781","targetHints":{"allow":["GET"]}}],"collection":[{"href":"https:\/\/medicinasinc.com\/ro\/wp-json\/wp\/v2\/product"}],"about":[{"href":"https:\/\/medicinasinc.com\/ro\/wp-json\/wp\/v2\/types\/product"}],"replies":[{"embeddable":true,"href":"https:\/\/medicinasinc.com\/ro\/wp-json\/wp\/v2\/comments?post=5781"}],"wp:featuredmedia":[{"embeddable":true,"href":"https:\/\/medicinasinc.com\/ro\/wp-json\/wp\/v2\/media\/5791"}],"wp:attachment":[{"href":"https:\/\/medicinasinc.com\/ro\/wp-json\/wp\/v2\/media?parent=5781"}],"wp:term":[{"taxonomy":"product_brand","embeddable":true,"href":"https:\/\/medicinasinc.com\/ro\/wp-json\/wp\/v2\/product_brand?post=5781"},{"taxonomy":"product_cat","embeddable":true,"href":"https:\/\/medicinasinc.com\/ro\/wp-json\/wp\/v2\/product_cat?post=5781"},{"taxonomy":"product_tag","embeddable":true,"href":"https:\/\/medicinasinc.com\/ro\/wp-json\/wp\/v2\/product_tag?post=5781"}],"curies":[{"name":"wp","href":"https:\/\/api.w.org\/{rel}","templated":true}]}}