{"id":5777,"date":"2022-02-22T05:58:59","date_gmt":"2022-02-22T05:58:59","guid":{"rendered":"https:\/\/medicinasinc.com\/ro\/?post_type=product&#038;p=5777"},"modified":"2022-03-22T00:49:24","modified_gmt":"2022-03-22T00:49:24","slug":"cumpara-nembutal-capsule","status":"publish","type":"product","link":"https:\/\/medicinasinc.com\/ro\/product\/cumpara-nembutal-capsule\/","title":{"rendered":"Cump\u0103ra\u021bi capsule de Nembutal"},"content":{"rendered":"<p>G\u0103si\u021bi cei mai buni furnizori \u0219i distribuitori de capsule Nembutal la farmacia noastr\u0103 online Nembutal<\/p>\n<p>\u00cencerca\u021bi s\u0103 g\u0103si\u021bi o farmacie online de renume unde pute\u021bi ob\u021bine cea mai bun\u0103 ofert\u0103 pentru capsulele Nembutal? Da? Atunci acesta este locul ideal pentru tine. Cunoscut\u0103 sub numele de farmacie online Nembutal, suntem o farmacie online bine-cunoscut\u0103. Am adunat o mul\u021bime de clien\u021bi devota\u021bi datorit\u0103 reputa\u021biei noastre ca unul dintre cei mai importan\u021bi dealeri \u0219i furnizori online de Nembutal Capsule.<\/p>\n<p>Nu v\u0103 face\u021bi griji dac\u0103 este prima dat\u0103 c\u00e2nd cump\u0103ra\u021bi Nembutal Capsule de la farmacia noastr\u0103 online . Nu te po\u021bi a\u0219tepta dec\u00e2t la ce este mai bun aici. Suntem mereu aici pentru a v\u0103 ajuta s\u0103 g\u0103si\u021bi capsulele Nembutal de care ave\u021bi nevoie \u0219i s\u0103 vi le aducem c\u00e2t mai repede posibil. \u00cen conformitate cu normele din industrie, \u00eendeplinim sau dep\u0103\u0219im a\u0219tept\u0103rile clien\u021bilor no\u0219tri. Capsulele Nembutal din farmacia noastr\u0103 online sunt de cea mai \u00eenalt\u0103 calitate, iar aceasta include \u0219i ambalarea \u0219i transportul. Contacta\u021bi-ne ast\u0103zi dac\u0103 sunte\u021bi interesat s\u0103 ob\u021bine\u021bi capsule Nembutal \u0219i v\u0103 vom satisface nevoile \u00een timp util.<\/p>\n<p>De ce s\u0103 cump\u0103ra\u021bi capsule Nembutal de la o farmacie online Nembutal este cea mai bun\u0103 alegere?<\/p>\n<p> Compania noastr\u0103 este cea mai bun\u0103 op\u021biune dac\u0103 dori\u021bi capsule Nembutal \u00eentr-o manier\u0103 precis\u0103, cu un serviciu de livrare rapid \u0219i de calitate verificat\u0103. Capsulele Nembutal de cea mai bun\u0103 calitate sunt disponibile la pre\u021buri ieftine de la farmacia online Nembutal. Deoarece nu folosim intermediari, suntem capabili s\u0103 facem totul \u00een mi\u0219care f\u0103r\u0103 probleme. Serviciul pentru clien\u021bi este o prioritate pentru noi \u0219i ne asigur\u0103m c\u0103 comenzile sunt livrate la timp.<\/p>\n<p>Am primit feedback \u0219i evalu\u0103ri excelente de la consumatorii no\u0219tri, deoarece lucr\u0103m \u00een acest domeniu de mult timp. Capsulele Nembutal sunt trimise clien\u021bilor \u00eentr-o manier\u0103 sigur\u0103 de c\u0103tre echipa noastr\u0103. Includem un set de instruc\u021biuni cu fiecare articol pe care \u00eel achizi\u021biona\u021bi de la noi. Aceste instruc\u021biuni v\u0103 vor ar\u0103ta cum s\u0103 lua\u021bi \u00een siguran\u021b\u0103 re\u021beta de Nembutal Capsule.<\/p>\n<p>Pute\u021bi \u00eentotdeauna s\u0103 v\u0103 baza\u021bi pe serviciile noastre de top. Farmacia noastr\u0103 online v\u0103 poate ajuta s\u0103 afla\u021bi mai multe despre medicamentul Nembutal Capsule. Capsulele de Nembutal erau greu de ob\u021binut \u00een trecut. Cu toate acestea, pe m\u0103sur\u0103 ce timpul a trecut, farmacia noastr\u0103 online a reu\u0219it s\u0103 ofere produse Nembutal online. Le pute\u021bi ob\u021bine oric\u00e2nd dori\u021bi.<\/p>\n","protected":false},"excerpt":{"rendered":"<p>Comandarea capsulelor Nembutal online: Care sunt pa\u0219ii de urmat?<\/p>\n<p>Pute\u021bi trimite cererea dvs. de cump\u0103rare online a capsulelor Nembutal la cel mai bun pre\u021b pe site-ul nostru oficial \u0219i o pute\u021bi finaliza \u00eentr-un interval scurt de timp. . Suntem responsabili cu onorarea comenzii dvs. Pute\u021bi cump\u0103ra Nembutal Capsule de la noi chiar acum dac\u0103 ne contacta\u021bi ast\u0103zi!<\/p>\n<p>\u00cen magazinul nostru online BestGlobalMedicines.com pute\u021bi ob\u021bine Nembutal Capsule, pilule Europe \u0219i Pentobarbital de v\u00e2nzare \u00een Regatul Unit cu livrare rapid\u0103 \u00een \u00eentreaga lume! Ve\u021bi g\u0103si cel mai bun loc pentru a cump\u0103ra Nembutal online chiar aici!<\/p>\n","protected":false},"featured_media":5786,"comment_status":"open","ping_status":"closed","template":"","meta":[],"product_brand":[],"product_cat":[3818],"product_tag":[3878,3820,3821,3822,3825,3826,3827,3828,3829,3830,3831,3832,3833,3834,3835,3846,3912,3819,3870,3871,3873,3872,3907,3837,3838,3839,3842,3841,3840,3824,3879,3823,3904,3905,3914,3916,3915,3917,3918,3919,3922,3925,3926,3923,3924,3927,3913,3853,3864,3882,3869,3843,3855,3885,3836,3844,3881,3845,3847,3848,3849,3850,3851,3852,3858,3856,3860,3861,3862,3867,3868,3857,3863,3866,3894,3865,3859,3874,3906,3875,3893,3891,3883,3909,3908,3884,3877,3876,3886,3892,3880,3902,3887,3889,3896,3890,3899,3900,3901,3911,3897,3910,3895,3898,3888,3854,3903,3920,3921],"class_list":{"0":"post-5777","1":"product","2":"type-product","3":"status-publish","4":"has-post-thumbnail","6":"product_cat-pentobarbital-de-vnzare","7":"product_tag-pentobarbital-sodiu-anestezie","8":"product_tag-buy-cheap-nembutal-liquid-online","9":"product_tag-buy-cheap-nembutal-online","10":"product_tag-buy-nembutal-here","11":"product_tag-buy-nembutal-pills-online","12":"product_tag-buy-nembutal-sodium-online","13":"product_tag-buy-pentobarbital-sodium","14":"product_tag-buy-pentobarbital-sodium-2021","15":"product_tag-buy-pentobarbital-sodium-pentobarbital-sodium-salt","16":"product_tag-buy-sodium-pentobarbital-uk","17":"product_tag-can-i-buy-pentobarbital","18":"product_tag-can-i-order-nembutal-online","19":"product_tag-can-i-order-pentobarbital-online","20":"product_tag-can-you-buy-pentobarbital-sodium-over-the-counter","21":"product_tag-can-you-buy-sodium-pentobarbital","22":"product_tag-nembutal-capsula","23":"product_tag-cel-mai-bun-loc-pentru-a-cumpara-pastile-de-nembutal-online","24":"product_tag-cel-mai-bun-medicament-pentru-supradoz-de-sinucidere","25":"product_tag-ordine-nembutal-lichid","26":"product_tag-comanda-nembutal-pastile","27":"product_tag-ordin-pentobarbital-sodiu","28":"product_tag-comanda-nembutal-pastile-online","29":"product_tag-sodiu-pentobarbital-cost","30":"product_tag-cum-pot-comand-pastile-nembutal","31":"product_tag-cum-pot-comand-pentobarbital-sodiu","32":"product_tag-cum-pot-i-ia-nembutal","33":"product_tag-cum-se-comand-nembutal-prin-pot","34":"product_tag-cum-se-cumpr-nembutal-online","35":"product_tag-cum-se-achizitiona-nembutal","36":"product_tag-cumpara-nembutal-pentobarbital-sodiu","37":"product_tag-pentobarbital-sodiu-cumprare","38":"product_tag-cumpara-nembutal-lichid-online","39":"product_tag-cumprare-nembutal-online","40":"product_tag-cumpr-nembutal-pastile-online","41":"product_tag-unde-pot-cumpra-nembutal-lichid","42":"product_tag-de-unde-pot-cumpara-nembutal-pentobarbital-de-sodiu","43":"product_tag-de-unde-pot-cumpara-pastile-nembutal","44":"product_tag-unde-pot-cumpara-pentobarbital","45":"product_tag-de-unde-pot-cumpara-pentobarbital-sodiu","46":"product_tag-de-unde-pot-cumpra-pentobarbital-sodiu-somnifere","47":"product_tag-de-unde-poi-cumpra-pentobarbital-sodiu","48":"product_tag-de-unde-s-cumpr-pentobarbital-de-sodiu","49":"product_tag-de-unde-se-cumpr-pentobarbital-sodiu-pentru-cini","50":"product_tag-unde-s-cumprm-nembutal-ieftin-online","51":"product_tag-unde-s-cumprm-nembutal-pastile-online","52":"product_tag-de-unde-se-obine-pentobarbital-sodiu","53":"product_tag-doresc-a-cumpara-nembutal","54":"product_tag-nembutal-lichid-doza","55":"product_tag-nembutal-pastile-doza","56":"product_tag-pentobarbital-sodiu-dozare","57":"product_tag-nembutal-sinucidere-doza","58":"product_tag-este-uor-de-cumprare-nembutal-online","59":"product_tag-nembutal-furnizor-lichid","60":"product_tag-grupa-pentobarbital-sodiu","61":"product_tag-how-can-i-order-nembutal-liquid","62":"product_tag-letal-injection-cumprare-online","63":"product_tag-pentobarbital-sodiu-moarte","64":"product_tag-nembutal","65":"product_tag-nembutal-de-vanzare","66":"product_tag-nembutal-lichid-cumprare","67":"product_tag-nembutal-lichid-buy-australia","68":"product_tag-nembutal-lichid-buy-austria","69":"product_tag-nembutal-lichid-buy-europe","70":"product_tag-nembutal-lichid-buy-uk","71":"product_tag-nembutal-pastile-cumpara","72":"product_tag-nembutal-pentobarbital-sodiu-cumprare","73":"product_tag-nembutal-pills-buy-austria","74":"product_tag-nembutal-pills-buy-europe","75":"product_tag-nembutal-pills-buy-online","76":"product_tag-nembutal-pills-overdose","77":"product_tag-nembutal-pills-supplier","78":"product_tag-nembutal-pastile","79":"product_tag-pastile-nembutal-buy-uk","80":"product_tag-nembutal-pilulele-online","81":"product_tag-pentobarbital-pastile-de-sodiu","82":"product_tag-pastile-nembutal-de-vanzare","83":"product_tag-nembutal-pilulele-cumpara-australia","84":"product_tag-pentobarbital","85":"product_tag-sodiu-pentobarbital-nembutal","86":"product_tag-pentobarbital-de-sodiu-doza-letale","87":"product_tag-pentobarbital-sodiu-fr-prescripie-medical","88":"product_tag-pentobarbital-sodiu-nz","89":"product_tag-pentobarbital-sodiu-pentru-cini","90":"product_tag-sodiu-pentobarbital-pentru-eutanasie","91":"product_tag-sodiu-pentobarbital-pentru-eutanasie-animale","92":"product_tag-pentobarbital-sodiu-pentru-om","93":"product_tag-pentobarbital-lng-me","94":"product_tag-pentobarbital-pentru-eutanasie","95":"product_tag-pentobarbital-sodiu-injectabil-pentru-caini","96":"product_tag-pentobarbital-sodiu-oral","97":"product_tag-pentobarbital-sodiu-china","98":"product_tag-pentobarbital-sodiu-de-de-a-cumprare","99":"product_tag-pentobarbital-sodiu-injectabil-pentru-om","100":"product_tag-pentobarbital-sodiu-injectare-usp","101":"product_tag-pentobarbital-sodiu-prescriptie-medicala","102":"product_tag-pentobarbital-sodium-liquid","103":"product_tag-pentobarbital-sodium-sleeping-pills","104":"product_tag-pentobarbital-sodium-sleeping-pills-over-the-counter","105":"product_tag-pentobarbital-sodium-tablets","106":"product_tag-perioada-de-valabilitate-a-pentobarbitalului-de-sodiu","107":"product_tag-pentobarbital-sodiu-pret","108":"product_tag-sodiu-pentobarbital-productori","109":"product_tag-pentobarbital-pulbere-de-sodiu","110":"product_tag-pentobarbital-sare-de-sodiu","111":"product_tag-pentobarbital-soluie-injectabil-de-sodiu","112":"product_tag-nembutal-lichid-suprdozaj","113":"product_tag-pentobarbital-utilizare","114":"product_tag-where-can-i-buy-sodium-pentobarbital","115":"product_tag-where-can-i-purchase-nembutal","117":"first","118":"instock","119":"shipping-taxable","120":"purchasable","121":"product-type-variable"},"yoast_head":"<!-- This site is optimized with the Yoast SEO plugin v27.3 - https:\/\/yoast.com\/product\/yoast-seo-wordpress\/ -->\n<title>Cump\u0103ra\u021bi capsule Nembutal - Comanda\u021bi capsule Nembutal - Cele mai bune medicamente globale<\/title>\n<meta name=\"description\" content=\"Cump\u0103ra\u021bi\/comanda\u021bi capsule Nembutal, pastile de v\u00e2nzare Marea Britanie, Europa, China, Japonia, Israel de la o farmacie online de renume f\u0103r\u0103 prescrip\u021bie medical\u0103 \u0219i livrare discret\u0103 garantat\u0103.\" \/>\n<meta name=\"robots\" content=\"index, follow, max-snippet:-1, max-image-preview:large, max-video-preview:-1\" \/>\n<link rel=\"canonical\" href=\"https:\/\/medicinasinc.com\/ro\/product\/cumpara-nembutal-capsule\/\" \/>\n<meta property=\"og:locale\" content=\"en_US\" \/>\n<meta property=\"og:type\" content=\"article\" \/>\n<meta property=\"og:title\" content=\"Cump\u0103ra\u021bi capsule Nembutal - Comanda\u021bi capsule Nembutal - Cele mai bune medicamente globale\" \/>\n<meta property=\"og:description\" content=\"Cump\u0103ra\u021bi\/comanda\u021bi capsule Nembutal, pastile de v\u00e2nzare Marea Britanie, Europa, China, Japonia, Israel de la o farmacie online de renume f\u0103r\u0103 prescrip\u021bie medical\u0103 \u0219i livrare discret\u0103 garantat\u0103.\" \/>\n<meta property=\"og:url\" content=\"https:\/\/medicinasinc.com\/ro\/product\/cumpara-nembutal-capsule\/\" \/>\n<meta property=\"og:site_name\" content=\"Medicinas Inc\" \/>\n<meta property=\"article:modified_time\" content=\"2022-03-22T00:49:24+00:00\" \/>\n<meta property=\"og:image\" content=\"https:\/\/medicinasinc.com\/ro\/wp-content\/uploads\/sites\/11\/2022\/02\/Buy-Nembutal-Capsules.jpg\" \/>\n\t<meta property=\"og:image:width\" content=\"600\" \/>\n\t<meta property=\"og:image:height\" content=\"600\" \/>\n\t<meta property=\"og:image:type\" content=\"image\/jpeg\" \/>\n<meta name=\"twitter:card\" content=\"summary_large_image\" \/>\n<meta name=\"twitter:label1\" content=\"Est. reading time\" \/>\n\t<meta name=\"twitter:data1\" content=\"2 minutes\" \/>\n<script type=\"application\/ld+json\" class=\"yoast-schema-graph\">{\"@context\":\"https:\\\/\\\/schema.org\",\"@graph\":[{\"@type\":\"WebPage\",\"@id\":\"https:\\\/\\\/medicinasinc.com\\\/ro\\\/product\\\/cumpara-nembutal-capsule\\\/\",\"url\":\"https:\\\/\\\/medicinasinc.com\\\/ro\\\/product\\\/cumpara-nembutal-capsule\\\/\",\"name\":\"Cump\u0103ra\u021bi capsule Nembutal - Comanda\u021bi capsule Nembutal - Cele mai bune medicamente globale\",\"isPartOf\":{\"@id\":\"https:\\\/\\\/medicinasinc.com\\\/ro\\\/#website\"},\"primaryImageOfPage\":{\"@id\":\"https:\\\/\\\/medicinasinc.com\\\/ro\\\/product\\\/cumpara-nembutal-capsule\\\/#primaryimage\"},\"image\":{\"@id\":\"https:\\\/\\\/medicinasinc.com\\\/ro\\\/product\\\/cumpara-nembutal-capsule\\\/#primaryimage\"},\"thumbnailUrl\":\"https:\\\/\\\/medicinasinc.com\\\/ro\\\/wp-content\\\/uploads\\\/sites\\\/11\\\/2022\\\/02\\\/Buy-Nembutal-Capsules.jpg\",\"datePublished\":\"2022-02-22T05:58:59+00:00\",\"dateModified\":\"2022-03-22T00:49:24+00:00\",\"description\":\"Cump\u0103ra\u021bi\\\/comanda\u021bi capsule Nembutal, pastile de v\u00e2nzare Marea Britanie, Europa, China, Japonia, Israel de la o farmacie online de renume f\u0103r\u0103 prescrip\u021bie medical\u0103 \u0219i livrare discret\u0103 garantat\u0103.\",\"breadcrumb\":{\"@id\":\"https:\\\/\\\/medicinasinc.com\\\/ro\\\/product\\\/cumpara-nembutal-capsule\\\/#breadcrumb\"},\"inLanguage\":\"en-US\",\"potentialAction\":[{\"@type\":\"ReadAction\",\"target\":[\"https:\\\/\\\/medicinasinc.com\\\/ro\\\/product\\\/cumpara-nembutal-capsule\\\/\"]}]},{\"@type\":\"ImageObject\",\"inLanguage\":\"en-US\",\"@id\":\"https:\\\/\\\/medicinasinc.com\\\/ro\\\/product\\\/cumpara-nembutal-capsule\\\/#primaryimage\",\"url\":\"https:\\\/\\\/medicinasinc.com\\\/ro\\\/wp-content\\\/uploads\\\/sites\\\/11\\\/2022\\\/02\\\/Buy-Nembutal-Capsules.jpg\",\"contentUrl\":\"https:\\\/\\\/medicinasinc.com\\\/ro\\\/wp-content\\\/uploads\\\/sites\\\/11\\\/2022\\\/02\\\/Buy-Nembutal-Capsules.jpg\",\"width\":600,\"height\":600},{\"@type\":\"BreadcrumbList\",\"@id\":\"https:\\\/\\\/medicinasinc.com\\\/ro\\\/product\\\/cumpara-nembutal-capsule\\\/#breadcrumb\",\"itemListElement\":[{\"@type\":\"ListItem\",\"position\":1,\"name\":\"Magazin\",\"item\":\"https:\\\/\\\/medicinasinc.com\\\/ro\\\/magazin\\\/\"},{\"@type\":\"ListItem\",\"position\":2,\"name\":\"Cump\u0103ra\u021bi capsule de Nembutal\"}]},{\"@type\":\"WebSite\",\"@id\":\"https:\\\/\\\/medicinasinc.com\\\/ro\\\/#website\",\"url\":\"https:\\\/\\\/medicinasinc.com\\\/ro\\\/\",\"name\":\"Medicinas Inc\",\"description\":\"Health Medical Clinic\",\"potentialAction\":[{\"@type\":\"SearchAction\",\"target\":{\"@type\":\"EntryPoint\",\"urlTemplate\":\"https:\\\/\\\/medicinasinc.com\\\/ro\\\/?s={search_term_string}\"},\"query-input\":{\"@type\":\"PropertyValueSpecification\",\"valueRequired\":true,\"valueName\":\"search_term_string\"}}],\"inLanguage\":\"en-US\"}]}<\/script>\n<!-- \/ Yoast SEO plugin. -->","yoast_head_json":{"title":"Cump\u0103ra\u021bi capsule Nembutal - Comanda\u021bi capsule Nembutal - Cele mai bune medicamente globale","description":"Cump\u0103ra\u021bi\/comanda\u021bi capsule Nembutal, pastile de v\u00e2nzare Marea Britanie, Europa, China, Japonia, Israel de la o farmacie online de renume f\u0103r\u0103 prescrip\u021bie medical\u0103 \u0219i livrare discret\u0103 garantat\u0103.","robots":{"index":"index","follow":"follow","max-snippet":"max-snippet:-1","max-image-preview":"max-image-preview:large","max-video-preview":"max-video-preview:-1"},"canonical":"https:\/\/medicinasinc.com\/ro\/product\/cumpara-nembutal-capsule\/","og_locale":"en_US","og_type":"article","og_title":"Cump\u0103ra\u021bi capsule Nembutal - Comanda\u021bi capsule Nembutal - Cele mai bune medicamente globale","og_description":"Cump\u0103ra\u021bi\/comanda\u021bi capsule Nembutal, pastile de v\u00e2nzare Marea Britanie, Europa, China, Japonia, Israel de la o farmacie online de renume f\u0103r\u0103 prescrip\u021bie medical\u0103 \u0219i livrare discret\u0103 garantat\u0103.","og_url":"https:\/\/medicinasinc.com\/ro\/product\/cumpara-nembutal-capsule\/","og_site_name":"Medicinas Inc","article_modified_time":"2022-03-22T00:49:24+00:00","og_image":[{"width":600,"height":600,"url":"https:\/\/medicinasinc.com\/ro\/wp-content\/uploads\/sites\/11\/2022\/02\/Buy-Nembutal-Capsules.jpg","type":"image\/jpeg"}],"twitter_card":"summary_large_image","twitter_misc":{"Est. reading time":"2 minutes"},"schema":{"@context":"https:\/\/schema.org","@graph":[{"@type":"WebPage","@id":"https:\/\/medicinasinc.com\/ro\/product\/cumpara-nembutal-capsule\/","url":"https:\/\/medicinasinc.com\/ro\/product\/cumpara-nembutal-capsule\/","name":"Cump\u0103ra\u021bi capsule Nembutal - Comanda\u021bi capsule Nembutal - Cele mai bune medicamente globale","isPartOf":{"@id":"https:\/\/medicinasinc.com\/ro\/#website"},"primaryImageOfPage":{"@id":"https:\/\/medicinasinc.com\/ro\/product\/cumpara-nembutal-capsule\/#primaryimage"},"image":{"@id":"https:\/\/medicinasinc.com\/ro\/product\/cumpara-nembutal-capsule\/#primaryimage"},"thumbnailUrl":"https:\/\/medicinasinc.com\/ro\/wp-content\/uploads\/sites\/11\/2022\/02\/Buy-Nembutal-Capsules.jpg","datePublished":"2022-02-22T05:58:59+00:00","dateModified":"2022-03-22T00:49:24+00:00","description":"Cump\u0103ra\u021bi\/comanda\u021bi capsule Nembutal, pastile de v\u00e2nzare Marea Britanie, Europa, China, Japonia, Israel de la o farmacie online de renume f\u0103r\u0103 prescrip\u021bie medical\u0103 \u0219i livrare discret\u0103 garantat\u0103.","breadcrumb":{"@id":"https:\/\/medicinasinc.com\/ro\/product\/cumpara-nembutal-capsule\/#breadcrumb"},"inLanguage":"en-US","potentialAction":[{"@type":"ReadAction","target":["https:\/\/medicinasinc.com\/ro\/product\/cumpara-nembutal-capsule\/"]}]},{"@type":"ImageObject","inLanguage":"en-US","@id":"https:\/\/medicinasinc.com\/ro\/product\/cumpara-nembutal-capsule\/#primaryimage","url":"https:\/\/medicinasinc.com\/ro\/wp-content\/uploads\/sites\/11\/2022\/02\/Buy-Nembutal-Capsules.jpg","contentUrl":"https:\/\/medicinasinc.com\/ro\/wp-content\/uploads\/sites\/11\/2022\/02\/Buy-Nembutal-Capsules.jpg","width":600,"height":600},{"@type":"BreadcrumbList","@id":"https:\/\/medicinasinc.com\/ro\/product\/cumpara-nembutal-capsule\/#breadcrumb","itemListElement":[{"@type":"ListItem","position":1,"name":"Magazin","item":"https:\/\/medicinasinc.com\/ro\/magazin\/"},{"@type":"ListItem","position":2,"name":"Cump\u0103ra\u021bi capsule de Nembutal"}]},{"@type":"WebSite","@id":"https:\/\/medicinasinc.com\/ro\/#website","url":"https:\/\/medicinasinc.com\/ro\/","name":"Medicinas Inc","description":"Health Medical Clinic","potentialAction":[{"@type":"SearchAction","target":{"@type":"EntryPoint","urlTemplate":"https:\/\/medicinasinc.com\/ro\/?s={search_term_string}"},"query-input":{"@type":"PropertyValueSpecification","valueRequired":true,"valueName":"search_term_string"}}],"inLanguage":"en-US"}]}},"_links":{"self":[{"href":"https:\/\/medicinasinc.com\/ro\/wp-json\/wp\/v2\/product\/5777","targetHints":{"allow":["GET"]}}],"collection":[{"href":"https:\/\/medicinasinc.com\/ro\/wp-json\/wp\/v2\/product"}],"about":[{"href":"https:\/\/medicinasinc.com\/ro\/wp-json\/wp\/v2\/types\/product"}],"replies":[{"embeddable":true,"href":"https:\/\/medicinasinc.com\/ro\/wp-json\/wp\/v2\/comments?post=5777"}],"wp:featuredmedia":[{"embeddable":true,"href":"https:\/\/medicinasinc.com\/ro\/wp-json\/wp\/v2\/media\/5786"}],"wp:attachment":[{"href":"https:\/\/medicinasinc.com\/ro\/wp-json\/wp\/v2\/media?parent=5777"}],"wp:term":[{"taxonomy":"product_brand","embeddable":true,"href":"https:\/\/medicinasinc.com\/ro\/wp-json\/wp\/v2\/product_brand?post=5777"},{"taxonomy":"product_cat","embeddable":true,"href":"https:\/\/medicinasinc.com\/ro\/wp-json\/wp\/v2\/product_cat?post=5777"},{"taxonomy":"product_tag","embeddable":true,"href":"https:\/\/medicinasinc.com\/ro\/wp-json\/wp\/v2\/product_tag?post=5777"}],"curies":[{"name":"wp","href":"https:\/\/api.w.org\/{rel}","templated":true}]}}