{"id":5739,"date":"2022-02-22T05:15:21","date_gmt":"2022-02-22T05:15:21","guid":{"rendered":"https:\/\/medicinasinc.com\/ro\/?post_type=product&#038;p=5739"},"modified":"2022-03-22T00:49:34","modified_gmt":"2022-03-22T00:49:34","slug":"cumpara-pirazolam-0-5-mg-pelete","status":"publish","type":"product","link":"https:\/\/medicinasinc.com\/ro\/product\/cumpara-pirazolam-0-5-mg-pelete\/","title":{"rendered":"Cump\u0103ra\u021bi granule de Pyrazolam 0,5 mg"},"content":{"rendered":"<p>Pyrazolam 0,5 mg pelete de v\u00e2nzare \u00een Regatul Unit, Europa, Australia \u0219i Uniunea European\u0103. Pre\u021bul pirazolamului, livrarea peste noapte a pirazolamului \u0219i de unde s\u0103 cump\u0103ra\u021bi pirazolam de calitate.<\/p>\n<p>Bitcoin poate fi folosit pentru a cump\u0103ra online pelete de pirazolam de 1 mg. C16H12BrN5 este structura molecular\u0103 a acestei pelete de presare. Pirazolamul poate fi dificil de g\u0103sit.<\/p>\n<p>Clasa de medicamente cu benzodiazepine include pirazolamul, un depresiv nou-nou\u021b. Relaxarea, dezinhibarea \u0219i euforia sunt doar c\u00e2teva dintre efectele secundare pozitive raportate de oameni. Cump\u0103ra\u021bi \u0219i comanda\u021bi pe internet pelete ieftine de pirazolam 2022.<\/p>\n<p>Benzodiazepinele precum pirazolam \u0219i diazepamul au mai pu\u021bin\u0103 euforie \u0219i sunt mai sedative, a\u0219a c\u0103 nu sunt utilizate \u00een mod obi\u0219nuit \u00een scopuri recreative.<\/p>\n<p> Produse farmaceutice Comand\u0103 online pelete de pirazolam ieftine 2022<\/p>\n<p>Exist\u0103 multe efecte diferite care pot fi produse prin administrarea de benzo, deoarece se leag\u0103 de receptorul benzodiazepinelor \u0219i sporesc eficacitatea acidului gamma-aminobutiric \u0219i efectele asupra receptorilor s\u0103i.<\/p>\n<p>Efectele sedative sau calmante ale Pyazolamului asupra sistemului nervos pot fi atribuite modul\u0103rii acestui site, care este cel mai prolific set de receptori inhibitori din creier.<\/p>\n<p>Achizi\u021bionarea Pyrazolam de la un furnizor de renume v\u0103 asigur\u0103 c\u0103 ve\u021bi primi\u021bi comanda la timp pentru anul 2021.<\/p>\n<p>\u00cen locul receptorilor de benzodiazepin\u0103, efectele anticonvulsivante ale benzodiazepinelor se pot datora leg\u0103rii acestora de canalele de sodiu dependente de tensiune.<\/p>\n<p>Efecte asupra Corpul<br \/> Ame\u021beli<br \/> pierdere de func\u021bia motorie<br \/> Relaxarea mu\u0219chilor<br \/> Depresia sistemului respirator<br \/> Pyazolamul este mai pu\u021bin sedativ dec\u00e2t alte benzodiazepine, cu excep\u021bia cazului \u00een care este administrat \u00een doze mari, motiv pentru care este adesea prescris pentru tratarea insomniei.<br \/> Efecte asupra min\u021bii<\/p>\n<p>Efectele cognitive ale pirazolamului pot fi \u00eemp\u0103r\u021bite \u00een mai multe componente care cresc \u00een intensitate pe m\u0103sur\u0103 ce doza este crescut\u0103.<\/p>\n<p>Achizi\u021bionarea pirazolamului de la un furnizor de renume v\u0103 asigur\u0103 c\u0103 ve\u021bi primi comand\u0103 la timp pentru anul 2021.<\/p>\n<p>Mul\u021bi oameni descriu efectul general al pirazolamului asupra min\u021bii ca o sedare u\u0219oar\u0103, dar cu o reducere puternic\u0103 corespunz\u0103toare a anxiet\u0103\u021bii. Are un num\u0103r mare de efecte cognitive care sunt asociate \u00een mod obi\u0219nuit cu depresia.<\/p>\n<p>\u00cen general, cele mai vizibile efecte cognitive includ:<\/p>\n<p>Amnezia<br \/> Suprimarea anxiet\u0103\u021bii<br \/> \u00cencetinirea min\u021bii<br \/> Suprimarea analizei datelor<br \/> Dezinhibarea<br \/> Reluarea repetat\u0103 a propriilor gre\u0219eli<br \/> Sobrietate-am\u0103gire: \u00een ciuda dovezilor evidente contrare, cum ar fi deficien\u021ba cognitiv\u0103 sever\u0103 \u0219i un incapacitatea de a comunica pe deplin cu ceilal\u021bi, credin\u021ba fals\u0103 c\u0103 cineva este complet treaz persist\u0103 \u00een individ.<br \/> M\u0103rirea viselor<br \/> Contraste uimitoare<br \/> Comanda\u021bi Pyrazolam Pellets 2021, Cump\u0103ra\u021bi Pyrazolam Online pentru Ieftin 2021<\/p>\n<p>Nu este neobi\u0219nuit ca persoanele care iau benzodiazepine s\u0103 experimenteze reac\u021bii adverse neobi\u0219nuite, cum ar fi cre\u0219terea frecven\u021bei convulsiilor, agresivitate, iritabilitate \u0219i idei suicidare.<\/p>\n<p>Consumatori de droguri recreative, persoane cu boli mintale, copii, iar pacien\u021bii cu regimuri cu doze mari au mai multe \u0219anse de a experimenta Aceste efecte paradoxale.<\/p>\n<p>Poten\u021bial de dependen\u021b\u0103 \u0219i toleran\u021b\u0103<\/p>\n<p>Pirazolamul are un nivel ridicat de dependen\u021b\u0103 fizic\u0103 \u0219i psihic\u0103.<br \/> Toleran\u021ba la efectele sedative-hipnotice se va dezvolta \u00een c\u00e2teva minute. zile de utilizare regulat\u0103 a medicamentului.<\/p>\n<p>Toleran\u021ba revine la normal \u00een 7 p\u00e2n\u0103 la 14 zile de la \u00eencetare. Este posibil, totu\u0219i, ca, \u00een func\u021bie de c\u00e2t de mult \u0219i c\u00e2t de mult \u00eel utiliza\u021bi, s\u0103 dureze mult mai mult.<\/p>\n<p>Dup\u0103 c\u00e2teva s\u0103pt\u0103m\u00e2ni sau mai mult de dozare constant\u0103, pot ap\u0103rea simptome de sevraj sau de revenire, necesit\u00e2nd o reducerea treptat\u0103 a dozei.<\/p>\n<p>Interac\u021biuni care ar putea fi d\u0103un\u0103toare. Cump\u0103ra\u021bi Pyrazolam Online, Comanda\u021bi Pyrazolam Pellets 2022<\/p>\n<p>Multe medicamente sunt sigure singure, dar atunci c\u00e2nd sunt combinate cu alte substan\u021be, pot fi periculoase \u0219i chiar pune via\u021ba \u00een pericol. C\u00e2teva dintre cele mai periculoase combina\u021bii sunt enumerate mai jos, dar aceasta este de nu \u00eenseamn\u0103 o list\u0103 exhaustiv\u0103.<\/p>\n<p>Cu toate acestea, chiar \u0219i \u00een doze mici, anumite combina\u021bii pot cre\u0219te riscul de deces. \u00cenainte de a consuma un amestec de dou\u0103 sau mai multe substan\u021be, ar trebui efectuate cercet\u0103ri independente pentru a se asigura c\u0103 este sigur.<\/p>\n<p>Combinarea unui deprimant cu un alt deprimant poate duce la depresie respiratorie periculoas\u0103 sau chiar fatal\u0103. La doze mari, relaxarea muscular\u0103, sedarea \u0219i amnezia pe care le provoac\u0103 fiecare dintre aceste medicamente pot fi amplificate p\u00e2n\u0103 la pierderea nea\u0219teptat\u0103 a con\u0219tien\u021bei.<\/p>\n<p>Ca urmare a acestei combina\u021bii, riscul de v\u0103rs\u0103turi \u0219i deces. prin sufocare \u00een timpul incon\u0219tien\u021bei este crescut\u0103. Persoanele care se confrunt\u0103 cu acest lucru ar trebui s\u0103 \u00eencerce s\u0103 doarm\u0103 \u00een pozi\u021bia de recuperare sau s\u0103 cear\u0103 unui prieten s\u0103 le mute \u00een ea.<\/p>\n<p>Benzodiazepinele \u0219i stimulentele nu trebuie combinate din cauza riscului de intoxica\u021bie excesiv\u0103. Efectul sedativ al benzodiazepinelor este diminuat de stimulente, care este principala considera\u021bie pentru majoritatea oamenilor atunci c\u00e2nd \u00ee\u0219i evalueaz\u0103 nivelul de intoxica\u021bie.<\/p>\n","protected":false},"excerpt":{"rendered":"<p>\u00cen Marea Britanie, Europa, Australia \u0219i UE, granule de Pyrazolam 0,5 mg sunt disponibile pentru cump\u0103rare. Cump\u0103ra\u021bi Pyrazolam Online, Pyrazolam Transport peste noapte, Costul Pyrazolam.<\/p>\n<p>Cump\u0103ra\u021bi 1 mg Pyrazolam Pelete cu Bitcoin de la o farmacie online. C16H12BrN5 este structura molecular\u0103 a acestei pelete de presa chimic\u0103. pirazolam poate fi greu de g\u0103sit.<\/p>\n<p>Pyrazolam 0,5 mg granule sunt disponibile pentru cump\u0103rare online. Conform teoriei, se a\u0219teapt\u0103 ca Pyrazolam s\u0103 provoace mai pu\u021bin\u0103 ataxie \u0219i sedare dec\u00e2t al\u021bi agen\u021bi. Deoarece nu are metaboli\u021bi activi, pirazolamul are un timp de \u00eenjum\u0103t\u0103\u021bire mai lung (\u00een medie 6 ore) \u0219i un efect mai liniar dec\u00e2t majoritatea celorlalte benzodiazepine.<\/p>\n","protected":false},"featured_media":5751,"comment_status":"open","ping_status":"closed","template":"","meta":[],"product_brand":[],"product_cat":[2014],"product_tag":[3797,3800,3801,3802,3803,3804,3805,3806,3807,3799,3817,3814,3812,3808,3798,3810,3815,3809,3816,3811,3813],"class_list":{"0":"post-5739","1":"product","2":"type-product","3":"status-publish","4":"has-post-thumbnail","6":"product_cat-cumprare-cercetare-chimice","7":"product_tag-best-place-to-order-pyrazolam-0-5-mg-pallets","8":"product_tag-buy-pyrazolam-0-5-mg-pellets","9":"product_tag-buy-pyrazolam-europe","10":"product_tag-buy-pyrazolam-near-me","11":"product_tag-buy-pyrazolam-online","12":"product_tag-comanda-pirazolam","13":"product_tag-comanda-pirazolam-0-5-paleti","14":"product_tag-comanda-pirazolam-uk","15":"product_tag-cumprare-pirazolam","16":"product_tag-cumpr-pirazolam-0-5-mg","17":"product_tag-de-unde-s-cumpr-pirazolam-0-5-mg","18":"product_tag-pirazolam-furnizor","19":"product_tag-pirazolam-pret","20":"product_tag-pirazolam-0-5-mg-de-vnzare","21":"product_tag-pirazolam-de-cea-mai-bun-calitate","22":"product_tag-pyrazolam-effect","23":"product_tag-pyrazolam-wholesale","24":"product_tag-pirazolam-0-5-mg-review","25":"product_tag-unde-pot-i-fin-pirazolam-palei","26":"product_tag-pirazolam-de-vanzare","27":"product_tag-pirazolam-vanzare","29":"first","30":"instock","31":"shipping-taxable","32":"purchasable","33":"product-type-variable","34":"has-default-attributes"},"yoast_head":"<!-- This site is optimized with the Yoast SEO plugin v27.3 - https:\/\/yoast.com\/product\/yoast-seo-wordpress\/ -->\n<title>Cump\u0103ra\u021bi granule Pyrazolam 0,5 mg - Pyrazolam 0,5 mg - Best Global Meds<\/title>\n<meta name=\"description\" content=\"Cump\u0103ra\u021bi pelete Pyrazolam 0,5 mg de v\u00e2nzare \u00een Marea Britanie, Europa, AU, UE, Comanda\u021bi pelete Pyrazolam ieftine\u00a02022, De unde\u00a0cump\u0103ra\u021bi\u00a0Pyrazolam\u00a0de \u00eenalt\u0103 calitate Livrare peste noapte,\u00a0Pre\u021b\u00a0Pyrazolam.\" \/>\n<meta name=\"robots\" content=\"index, follow, max-snippet:-1, max-image-preview:large, max-video-preview:-1\" \/>\n<link rel=\"canonical\" href=\"https:\/\/medicinasinc.com\/ro\/product\/cumpara-pirazolam-0-5-mg-pelete\/\" \/>\n<meta property=\"og:locale\" content=\"en_US\" \/>\n<meta property=\"og:type\" content=\"article\" \/>\n<meta property=\"og:title\" content=\"Cump\u0103ra\u021bi granule Pyrazolam 0,5 mg - Pyrazolam 0,5 mg - Best Global Meds\" \/>\n<meta property=\"og:description\" content=\"Cump\u0103ra\u021bi pelete Pyrazolam 0,5 mg de v\u00e2nzare \u00een Marea Britanie, Europa, AU, UE, Comanda\u021bi pelete Pyrazolam ieftine\u00a02022, De unde\u00a0cump\u0103ra\u021bi\u00a0Pyrazolam\u00a0de \u00eenalt\u0103 calitate Livrare peste noapte,\u00a0Pre\u021b\u00a0Pyrazolam.\" \/>\n<meta property=\"og:url\" content=\"https:\/\/medicinasinc.com\/ro\/product\/cumpara-pirazolam-0-5-mg-pelete\/\" \/>\n<meta property=\"og:site_name\" content=\"Medicinas Inc\" \/>\n<meta property=\"article:modified_time\" content=\"2022-03-22T00:49:34+00:00\" \/>\n<meta property=\"og:image\" content=\"https:\/\/medicinasinc.com\/ro\/wp-content\/uploads\/sites\/11\/2022\/02\/buy-pyrazolam-0-5-mg-pellets-online.jpg\" \/>\n\t<meta property=\"og:image:width\" content=\"600\" \/>\n\t<meta property=\"og:image:height\" content=\"600\" \/>\n\t<meta property=\"og:image:type\" content=\"image\/jpeg\" \/>\n<meta name=\"twitter:card\" content=\"summary_large_image\" \/>\n<meta name=\"twitter:label1\" content=\"Est. reading time\" \/>\n\t<meta name=\"twitter:data1\" content=\"4 minutes\" \/>\n<script type=\"application\/ld+json\" class=\"yoast-schema-graph\">{\"@context\":\"https:\\\/\\\/schema.org\",\"@graph\":[{\"@type\":\"WebPage\",\"@id\":\"https:\\\/\\\/medicinasinc.com\\\/ro\\\/product\\\/cumpara-pirazolam-0-5-mg-pelete\\\/\",\"url\":\"https:\\\/\\\/medicinasinc.com\\\/ro\\\/product\\\/cumpara-pirazolam-0-5-mg-pelete\\\/\",\"name\":\"Cump\u0103ra\u021bi granule Pyrazolam 0,5 mg - Pyrazolam 0,5 mg - Best Global Meds\",\"isPartOf\":{\"@id\":\"https:\\\/\\\/medicinasinc.com\\\/ro\\\/#website\"},\"primaryImageOfPage\":{\"@id\":\"https:\\\/\\\/medicinasinc.com\\\/ro\\\/product\\\/cumpara-pirazolam-0-5-mg-pelete\\\/#primaryimage\"},\"image\":{\"@id\":\"https:\\\/\\\/medicinasinc.com\\\/ro\\\/product\\\/cumpara-pirazolam-0-5-mg-pelete\\\/#primaryimage\"},\"thumbnailUrl\":\"https:\\\/\\\/medicinasinc.com\\\/ro\\\/wp-content\\\/uploads\\\/sites\\\/11\\\/2022\\\/02\\\/buy-pyrazolam-0-5-mg-pellets-online.jpg\",\"datePublished\":\"2022-02-22T05:15:21+00:00\",\"dateModified\":\"2022-03-22T00:49:34+00:00\",\"description\":\"Cump\u0103ra\u021bi pelete Pyrazolam 0,5 mg de v\u00e2nzare \u00een Marea Britanie, Europa, AU, UE, Comanda\u021bi pelete Pyrazolam ieftine\u00a02022, De unde\u00a0cump\u0103ra\u021bi\u00a0Pyrazolam\u00a0de \u00eenalt\u0103 calitate Livrare peste noapte,\u00a0Pre\u021b\u00a0Pyrazolam.\",\"breadcrumb\":{\"@id\":\"https:\\\/\\\/medicinasinc.com\\\/ro\\\/product\\\/cumpara-pirazolam-0-5-mg-pelete\\\/#breadcrumb\"},\"inLanguage\":\"en-US\",\"potentialAction\":[{\"@type\":\"ReadAction\",\"target\":[\"https:\\\/\\\/medicinasinc.com\\\/ro\\\/product\\\/cumpara-pirazolam-0-5-mg-pelete\\\/\"]}]},{\"@type\":\"ImageObject\",\"inLanguage\":\"en-US\",\"@id\":\"https:\\\/\\\/medicinasinc.com\\\/ro\\\/product\\\/cumpara-pirazolam-0-5-mg-pelete\\\/#primaryimage\",\"url\":\"https:\\\/\\\/medicinasinc.com\\\/ro\\\/wp-content\\\/uploads\\\/sites\\\/11\\\/2022\\\/02\\\/buy-pyrazolam-0-5-mg-pellets-online.jpg\",\"contentUrl\":\"https:\\\/\\\/medicinasinc.com\\\/ro\\\/wp-content\\\/uploads\\\/sites\\\/11\\\/2022\\\/02\\\/buy-pyrazolam-0-5-mg-pellets-online.jpg\",\"width\":600,\"height\":600},{\"@type\":\"BreadcrumbList\",\"@id\":\"https:\\\/\\\/medicinasinc.com\\\/ro\\\/product\\\/cumpara-pirazolam-0-5-mg-pelete\\\/#breadcrumb\",\"itemListElement\":[{\"@type\":\"ListItem\",\"position\":1,\"name\":\"Magazin\",\"item\":\"https:\\\/\\\/medicinasinc.com\\\/ro\\\/magazin\\\/\"},{\"@type\":\"ListItem\",\"position\":2,\"name\":\"Cump\u0103ra\u021bi granule de Pyrazolam 0,5 mg\"}]},{\"@type\":\"WebSite\",\"@id\":\"https:\\\/\\\/medicinasinc.com\\\/ro\\\/#website\",\"url\":\"https:\\\/\\\/medicinasinc.com\\\/ro\\\/\",\"name\":\"Medicinas Inc\",\"description\":\"Health Medical Clinic\",\"potentialAction\":[{\"@type\":\"SearchAction\",\"target\":{\"@type\":\"EntryPoint\",\"urlTemplate\":\"https:\\\/\\\/medicinasinc.com\\\/ro\\\/?s={search_term_string}\"},\"query-input\":{\"@type\":\"PropertyValueSpecification\",\"valueRequired\":true,\"valueName\":\"search_term_string\"}}],\"inLanguage\":\"en-US\"}]}<\/script>\n<!-- \/ Yoast SEO plugin. -->","yoast_head_json":{"title":"Cump\u0103ra\u021bi granule Pyrazolam 0,5 mg - Pyrazolam 0,5 mg - Best Global Meds","description":"Cump\u0103ra\u021bi pelete Pyrazolam 0,5 mg de v\u00e2nzare \u00een Marea Britanie, Europa, AU, UE, Comanda\u021bi pelete Pyrazolam ieftine\u00a02022, De unde\u00a0cump\u0103ra\u021bi\u00a0Pyrazolam\u00a0de \u00eenalt\u0103 calitate Livrare peste noapte,\u00a0Pre\u021b\u00a0Pyrazolam.","robots":{"index":"index","follow":"follow","max-snippet":"max-snippet:-1","max-image-preview":"max-image-preview:large","max-video-preview":"max-video-preview:-1"},"canonical":"https:\/\/medicinasinc.com\/ro\/product\/cumpara-pirazolam-0-5-mg-pelete\/","og_locale":"en_US","og_type":"article","og_title":"Cump\u0103ra\u021bi granule Pyrazolam 0,5 mg - Pyrazolam 0,5 mg - Best Global Meds","og_description":"Cump\u0103ra\u021bi pelete Pyrazolam 0,5 mg de v\u00e2nzare \u00een Marea Britanie, Europa, AU, UE, Comanda\u021bi pelete Pyrazolam ieftine\u00a02022, De unde\u00a0cump\u0103ra\u021bi\u00a0Pyrazolam\u00a0de \u00eenalt\u0103 calitate Livrare peste noapte,\u00a0Pre\u021b\u00a0Pyrazolam.","og_url":"https:\/\/medicinasinc.com\/ro\/product\/cumpara-pirazolam-0-5-mg-pelete\/","og_site_name":"Medicinas Inc","article_modified_time":"2022-03-22T00:49:34+00:00","og_image":[{"width":600,"height":600,"url":"https:\/\/medicinasinc.com\/ro\/wp-content\/uploads\/sites\/11\/2022\/02\/buy-pyrazolam-0-5-mg-pellets-online.jpg","type":"image\/jpeg"}],"twitter_card":"summary_large_image","twitter_misc":{"Est. reading time":"4 minutes"},"schema":{"@context":"https:\/\/schema.org","@graph":[{"@type":"WebPage","@id":"https:\/\/medicinasinc.com\/ro\/product\/cumpara-pirazolam-0-5-mg-pelete\/","url":"https:\/\/medicinasinc.com\/ro\/product\/cumpara-pirazolam-0-5-mg-pelete\/","name":"Cump\u0103ra\u021bi granule Pyrazolam 0,5 mg - Pyrazolam 0,5 mg - Best Global Meds","isPartOf":{"@id":"https:\/\/medicinasinc.com\/ro\/#website"},"primaryImageOfPage":{"@id":"https:\/\/medicinasinc.com\/ro\/product\/cumpara-pirazolam-0-5-mg-pelete\/#primaryimage"},"image":{"@id":"https:\/\/medicinasinc.com\/ro\/product\/cumpara-pirazolam-0-5-mg-pelete\/#primaryimage"},"thumbnailUrl":"https:\/\/medicinasinc.com\/ro\/wp-content\/uploads\/sites\/11\/2022\/02\/buy-pyrazolam-0-5-mg-pellets-online.jpg","datePublished":"2022-02-22T05:15:21+00:00","dateModified":"2022-03-22T00:49:34+00:00","description":"Cump\u0103ra\u021bi pelete Pyrazolam 0,5 mg de v\u00e2nzare \u00een Marea Britanie, Europa, AU, UE, Comanda\u021bi pelete Pyrazolam ieftine\u00a02022, De unde\u00a0cump\u0103ra\u021bi\u00a0Pyrazolam\u00a0de \u00eenalt\u0103 calitate Livrare peste noapte,\u00a0Pre\u021b\u00a0Pyrazolam.","breadcrumb":{"@id":"https:\/\/medicinasinc.com\/ro\/product\/cumpara-pirazolam-0-5-mg-pelete\/#breadcrumb"},"inLanguage":"en-US","potentialAction":[{"@type":"ReadAction","target":["https:\/\/medicinasinc.com\/ro\/product\/cumpara-pirazolam-0-5-mg-pelete\/"]}]},{"@type":"ImageObject","inLanguage":"en-US","@id":"https:\/\/medicinasinc.com\/ro\/product\/cumpara-pirazolam-0-5-mg-pelete\/#primaryimage","url":"https:\/\/medicinasinc.com\/ro\/wp-content\/uploads\/sites\/11\/2022\/02\/buy-pyrazolam-0-5-mg-pellets-online.jpg","contentUrl":"https:\/\/medicinasinc.com\/ro\/wp-content\/uploads\/sites\/11\/2022\/02\/buy-pyrazolam-0-5-mg-pellets-online.jpg","width":600,"height":600},{"@type":"BreadcrumbList","@id":"https:\/\/medicinasinc.com\/ro\/product\/cumpara-pirazolam-0-5-mg-pelete\/#breadcrumb","itemListElement":[{"@type":"ListItem","position":1,"name":"Magazin","item":"https:\/\/medicinasinc.com\/ro\/magazin\/"},{"@type":"ListItem","position":2,"name":"Cump\u0103ra\u021bi granule de Pyrazolam 0,5 mg"}]},{"@type":"WebSite","@id":"https:\/\/medicinasinc.com\/ro\/#website","url":"https:\/\/medicinasinc.com\/ro\/","name":"Medicinas Inc","description":"Health Medical Clinic","potentialAction":[{"@type":"SearchAction","target":{"@type":"EntryPoint","urlTemplate":"https:\/\/medicinasinc.com\/ro\/?s={search_term_string}"},"query-input":{"@type":"PropertyValueSpecification","valueRequired":true,"valueName":"search_term_string"}}],"inLanguage":"en-US"}]}},"_links":{"self":[{"href":"https:\/\/medicinasinc.com\/ro\/wp-json\/wp\/v2\/product\/5739","targetHints":{"allow":["GET"]}}],"collection":[{"href":"https:\/\/medicinasinc.com\/ro\/wp-json\/wp\/v2\/product"}],"about":[{"href":"https:\/\/medicinasinc.com\/ro\/wp-json\/wp\/v2\/types\/product"}],"replies":[{"embeddable":true,"href":"https:\/\/medicinasinc.com\/ro\/wp-json\/wp\/v2\/comments?post=5739"}],"wp:featuredmedia":[{"embeddable":true,"href":"https:\/\/medicinasinc.com\/ro\/wp-json\/wp\/v2\/media\/5751"}],"wp:attachment":[{"href":"https:\/\/medicinasinc.com\/ro\/wp-json\/wp\/v2\/media?parent=5739"}],"wp:term":[{"taxonomy":"product_brand","embeddable":true,"href":"https:\/\/medicinasinc.com\/ro\/wp-json\/wp\/v2\/product_brand?post=5739"},{"taxonomy":"product_cat","embeddable":true,"href":"https:\/\/medicinasinc.com\/ro\/wp-json\/wp\/v2\/product_cat?post=5739"},{"taxonomy":"product_tag","embeddable":true,"href":"https:\/\/medicinasinc.com\/ro\/wp-json\/wp\/v2\/product_tag?post=5739"}],"curies":[{"name":"wp","href":"https:\/\/api.w.org\/{rel}","templated":true}]}}