{"id":5735,"date":"2022-02-22T05:09:43","date_gmt":"2022-02-22T05:09:43","guid":{"rendered":"https:\/\/medicinasinc.com\/ro\/?post_type=product&#038;p=5735"},"modified":"2022-03-22T00:49:42","modified_gmt":"2022-03-22T00:49:42","slug":"buy-al-lad-pudre","status":"publish","type":"product","link":"https:\/\/medicinasinc.com\/ro\/product\/buy-al-lad-pudre\/","title":{"rendered":"Cump\u0103ra\u021bi pudr\u0103 de al-lad"},"content":{"rendered":"<p>Achizi\u021biona\u021bi pudr\u0103 de al-lad \u00een Marea Britanie, Europa, Australia \u0219i UE \u0219i ob\u021bine\u021bi-o p\u00e2n\u0103 \u00een 2022 la un pre\u021b ieftin. V\u00e2nz\u0103ri de pulbere Al-Lad, de unde s\u0103 cump\u0103ra\u021bi pulbere Al-Lad livrare peste noapte.<\/p>\n<p>Pudr\u0103 AL-LAD. Angrosist \u0219i furnizor de materii prime farmaceutice pure de 99%, produse chimice de cercetare \u0219i medicamente generice, inclusiv AL-LAD Powder. Ambalaj care este at\u00e2t sigur, c\u00e2t \u0219i discret, precum \u0219i transportul care a fost urm\u0103rit.<\/p>\n<p>Un analog al dietilamidei acidului lisergic cunoscut sub numele de AL-LAD sau 6-alil-6-nor-LSD este o substan\u021b\u0103 chimic\u0103 compus (LSD). Un medicament psihoactiv asem\u0103n\u0103tor LSD-ului din clasa lisergamidei, este administrat pentru a produce acelea\u0219i efecte psihedelice.<\/p>\n<p>Informa\u021bii care sunt rapide \u0219i murdare<\/p>\n<p>AL-LAD este numele produsului.<br \/> 6-6-nor-6-alil-6-nor, AL-LAD<br \/> -LSD<br \/> Num\u0103r CAS: 65527-61-9<br \/> C22H27N3O este formula molecular\u0103<br \/> Uniunea Interna\u021bional\u0103 de Chimie Pur\u0103 \u0219i Aplicat\u0103 (6aR,9R)<br \/> -N,N-dietil-7-prop<br \/> -2-enil-6,6a,8,9<br \/> -tetrahidro- 4H-indolo[4,3-fg]<br \/> chinolin-9-carboxamid\u0103<br \/> Greutatea molecular\u0103 este de 349,5 g\/mol.<br \/> 99,5% f\u0103r\u0103 impurit\u0103\u021bi<br \/> Alb sau aproape alb pulbere cristalin\u0103 \u00een aspect<\/p>\n<p>Furnizor de pulbere AL-LAD<\/p>\n<p>Pe pia\u021ba materiilor prime farmaceutice, suntem cunoscu\u021bi pentru gama larg\u0103 de produse pe care o oferim \u0219i pentru furnizarea de pic\u0103turi fiabile. servicii de expediere pentru medicamente generice de cel mai \u00eenalt calibru. Scopul distribuitorului angro de pulbere AL-LAD este de a oferi clien\u021bilor produse de \u00eenalt\u0103 calitate la pre\u021buri competitive.<\/p>\n","protected":false},"excerpt":{"rendered":"<div class=\"woocommerce-product-details__short-description\">\n<p>Cump\u0103ra\u021bi pudr\u0103 al-lad de v\u00e2nzare \u00een Marea Britanie, Europa, AU, UE, comanda\u021bi pudr\u0103 al-lad ieftin\u0103 2022, de unde s\u0103 cump\u0103ra\u021bi al-lad de \u00eenalt\u0103 calitate pulbere Livrare peste noapte, v\u00e2nz\u0103ri de pulbere al-lad.<\/p>\n<p>Cump\u0103ra\u021bi AL-LAD Powder Europe de la un furnizor de \u00eencredere de substan\u021be chimice de cercetare. AL-LAD Powder este v\u00e2ndut de un angrosist care livreaz\u0103 din UE.<\/p>\n<p>Oamenii care doresc s\u0103 cumpere AL-LAD Powder o pot ob\u021bine la cele mai bune pre\u021buri. Are lisergamide de \u00eenalt\u0103 calitate \u0219i al\u021bi compu\u0219i. Cele mai mici pre\u021buri. Exist\u0103 o reducere. Livrarea \u00een \u00eentreaga lume este rapid\u0103.<\/p>\n<p>Cump\u0103ra\u021bi online Al-lad Powder. Dietilamida acidului 6-alil-6-nor-lisergic, cunoscut\u0103 \u0219i sub numele de Aladdin, este un medicament halucinogen semi-sintetic care poate face oamenii s\u0103 \u00eennebuneasc\u0103.<\/p>\n<table class=\"table\" style=\"height: 249px\" width=\"455\">\n<tbody>\n<tr>\n<th><\/th>\n<td><\/td>\n<\/tr>\n<tr>\n<th>Cantitate minim\u0103 pentru comand\u0103:<\/th>\n<td>20 g<\/td>\n<\/tr>\n<tr>\n<th>Abilitatea de aprovizionare:<\/th>\n<td>100 kg\/lun\u0103<\/td>\n<\/tr>\n<tr>\n<th>Port:<\/th>\n<td> Var\u0219ovia, \u021a\u0103rile de Jos<\/td>\n<\/tr>\n<tr>\n<th>Condi\u021bii de plat\u0103:<\/th>\n<td>Transfer bancar, Bitcoin, WU\/MG, altele<\/td>\n<\/tr>\n<tr>\n<th>Detalii de ambalare:<\/th>\n<td>Conform cererii clientului<\/td>\n<\/tr>\n<tr>\n<th>Detalii de livrare:<\/th>\n<td>Livrare rapid\u0103, DPD, Pharma Courier EU<\/td>\n<\/tr>\n<\/tbody>\n<\/table><\/div>\n","protected":false},"featured_media":5747,"comment_status":"open","ping_status":"closed","template":"","meta":[],"product_brand":[],"product_cat":[2014],"product_tag":[3758,3759,3760,3761,3762,3763,3764,3767,3768,3773,3774,3775,3776,3771,3766,3765,3777,3772,3778,3780,3782,3783,3784,3785,3786,3791,3788,3792,3787,3796,3794,3795,3781,3793,3769,3770,3779,3790,3789,3757],"class_list":{"0":"post-5735","1":"product","2":"type-product","3":"status-publish","4":"has-post-thumbnail","6":"product_cat-cumprare-cercetare-chimice","7":"product_tag-al-flac-furnizor","8":"product_tag-al-flac-cumpr","9":"product_tag-al-lad-dozaj","10":"product_tag-al-lad-drog","11":"product_tag-al-lad-effects","12":"product_tag-al-lad-erowid","13":"product_tag-al-lad-experience","14":"product_tag-al-lad-powder-effect","15":"product_tag-al-lad-powder-europe","16":"product_tag-al-lad-powder-reviews","17":"product_tag-al-lad-powder-sale","18":"product_tag-al-lad-powder-sales","19":"product_tag-al-lad-powder-supplier","20":"product_tag-al-lad-pudre-preturi","21":"product_tag-al-lad-pudra-china","22":"product_tag-al-flac-pudr-cumpr","23":"product_tag-al-lad-pudra-en-gros","24":"product_tag-al-lad-powder-review","25":"product_tag-al-lad-reddit","26":"product_tag-al-flac-vnztor","27":"product_tag-best-quality-al-lad-powder","28":"product_tag-buy-al-lad-canada","29":"product_tag-buy-al-lad-powder","30":"product_tag-buy-al-lad-uk","31":"product_tag-buy-al-lad-online","32":"product_tag-pulbere-al-flac-comand","33":"product_tag-buy-al-lad-powder-europe","34":"product_tag-buy-al-lad-pudre","35":"product_tag-buy-al-lad-powder-australia","36":"product_tag-unde-a-comanda-al-lad-pulbere","37":"product_tag-unde-sa-cumpara-al-flat","38":"product_tag-de-unde-s-cumprm-al-lad-pulbere","39":"product_tag-deja-las-legalitate","40":"product_tag-prob-al-lad-pulbere","41":"product_tag-al-flac-pulbere-de-vnzare","42":"product_tag-al-lad-pudra-de-vanzare-online","43":"product_tag-al-lad-trip-report","44":"product_tag-easychems-review","45":"product_tag-easy-chems-review","46":"product_tag-al-flac-securitate","48":"first","49":"instock","50":"shipping-taxable","51":"purchasable","52":"product-type-variable","53":"has-default-attributes"},"yoast_head":"<!-- This site is optimized with the Yoast SEO plugin v27.3 - https:\/\/yoast.com\/product\/yoast-seo-wordpress\/ -->\n<title>Cump\u0103ra\u021bi pudr\u0103 al-lad - pudr\u0103 Al-lad de v\u00e2nzare - Best Global Meds<\/title>\n<meta name=\"description\" content=\"Cump\u0103ra\u021bi pulbere al-lad de v\u00e2nzare \u00een Marea Britanie, Europa, AU, UE, comanda\u021bi pulbere al-lad ieftin\u0103 2022, de unde s\u0103 cump\u0103ra\u021bi pulbere al-lad de \u00eenalt\u0103 calitate Livrare peste noapte, v\u00e2nz\u0103ri de pulbere al-lad.\" \/>\n<meta name=\"robots\" content=\"index, follow, max-snippet:-1, max-image-preview:large, max-video-preview:-1\" \/>\n<link rel=\"canonical\" href=\"https:\/\/medicinasinc.com\/ro\/product\/buy-al-lad-pudre\/\" \/>\n<meta property=\"og:locale\" content=\"en_US\" \/>\n<meta property=\"og:type\" content=\"article\" \/>\n<meta property=\"og:title\" content=\"Cump\u0103ra\u021bi pudr\u0103 al-lad - pudr\u0103 Al-lad de v\u00e2nzare - Best Global Meds\" \/>\n<meta property=\"og:description\" content=\"Cump\u0103ra\u021bi pulbere al-lad de v\u00e2nzare \u00een Marea Britanie, Europa, AU, UE, comanda\u021bi pulbere al-lad ieftin\u0103 2022, de unde s\u0103 cump\u0103ra\u021bi pulbere al-lad de \u00eenalt\u0103 calitate Livrare peste noapte, v\u00e2nz\u0103ri de pulbere al-lad.\" \/>\n<meta property=\"og:url\" content=\"https:\/\/medicinasinc.com\/ro\/product\/buy-al-lad-pudre\/\" \/>\n<meta property=\"og:site_name\" content=\"Medicinas Inc\" \/>\n<meta property=\"article:modified_time\" content=\"2022-03-22T00:49:42+00:00\" \/>\n<meta property=\"og:image\" content=\"https:\/\/medicinasinc.com\/ro\/wp-content\/uploads\/sites\/11\/2022\/02\/Buy-al-lad-powder.jpg\" \/>\n\t<meta property=\"og:image:width\" content=\"931\" \/>\n\t<meta property=\"og:image:height\" content=\"799\" \/>\n\t<meta property=\"og:image:type\" content=\"image\/jpeg\" \/>\n<meta name=\"twitter:card\" content=\"summary_large_image\" \/>\n<meta name=\"twitter:label1\" content=\"Est. reading time\" \/>\n\t<meta name=\"twitter:data1\" content=\"1 minute\" \/>\n<script type=\"application\/ld+json\" class=\"yoast-schema-graph\">{\"@context\":\"https:\\\/\\\/schema.org\",\"@graph\":[{\"@type\":\"WebPage\",\"@id\":\"https:\\\/\\\/medicinasinc.com\\\/ro\\\/product\\\/buy-al-lad-pudre\\\/\",\"url\":\"https:\\\/\\\/medicinasinc.com\\\/ro\\\/product\\\/buy-al-lad-pudre\\\/\",\"name\":\"Cump\u0103ra\u021bi pudr\u0103 al-lad - pudr\u0103 Al-lad de v\u00e2nzare - Best Global Meds\",\"isPartOf\":{\"@id\":\"https:\\\/\\\/medicinasinc.com\\\/ro\\\/#website\"},\"primaryImageOfPage\":{\"@id\":\"https:\\\/\\\/medicinasinc.com\\\/ro\\\/product\\\/buy-al-lad-pudre\\\/#primaryimage\"},\"image\":{\"@id\":\"https:\\\/\\\/medicinasinc.com\\\/ro\\\/product\\\/buy-al-lad-pudre\\\/#primaryimage\"},\"thumbnailUrl\":\"https:\\\/\\\/medicinasinc.com\\\/ro\\\/wp-content\\\/uploads\\\/sites\\\/11\\\/2022\\\/02\\\/Buy-al-lad-powder.jpg\",\"datePublished\":\"2022-02-22T05:09:43+00:00\",\"dateModified\":\"2022-03-22T00:49:42+00:00\",\"description\":\"Cump\u0103ra\u021bi pulbere al-lad de v\u00e2nzare \u00een Marea Britanie, Europa, AU, UE, comanda\u021bi pulbere al-lad ieftin\u0103 2022, de unde s\u0103 cump\u0103ra\u021bi pulbere al-lad de \u00eenalt\u0103 calitate Livrare peste noapte, v\u00e2nz\u0103ri de pulbere al-lad.\",\"breadcrumb\":{\"@id\":\"https:\\\/\\\/medicinasinc.com\\\/ro\\\/product\\\/buy-al-lad-pudre\\\/#breadcrumb\"},\"inLanguage\":\"en-US\",\"potentialAction\":[{\"@type\":\"ReadAction\",\"target\":[\"https:\\\/\\\/medicinasinc.com\\\/ro\\\/product\\\/buy-al-lad-pudre\\\/\"]}]},{\"@type\":\"ImageObject\",\"inLanguage\":\"en-US\",\"@id\":\"https:\\\/\\\/medicinasinc.com\\\/ro\\\/product\\\/buy-al-lad-pudre\\\/#primaryimage\",\"url\":\"https:\\\/\\\/medicinasinc.com\\\/ro\\\/wp-content\\\/uploads\\\/sites\\\/11\\\/2022\\\/02\\\/Buy-al-lad-powder.jpg\",\"contentUrl\":\"https:\\\/\\\/medicinasinc.com\\\/ro\\\/wp-content\\\/uploads\\\/sites\\\/11\\\/2022\\\/02\\\/Buy-al-lad-powder.jpg\",\"width\":931,\"height\":799},{\"@type\":\"BreadcrumbList\",\"@id\":\"https:\\\/\\\/medicinasinc.com\\\/ro\\\/product\\\/buy-al-lad-pudre\\\/#breadcrumb\",\"itemListElement\":[{\"@type\":\"ListItem\",\"position\":1,\"name\":\"Magazin\",\"item\":\"https:\\\/\\\/medicinasinc.com\\\/ro\\\/magazin\\\/\"},{\"@type\":\"ListItem\",\"position\":2,\"name\":\"Cump\u0103ra\u021bi pudr\u0103 de al-lad\"}]},{\"@type\":\"WebSite\",\"@id\":\"https:\\\/\\\/medicinasinc.com\\\/ro\\\/#website\",\"url\":\"https:\\\/\\\/medicinasinc.com\\\/ro\\\/\",\"name\":\"Medicinas Inc\",\"description\":\"Health Medical Clinic\",\"potentialAction\":[{\"@type\":\"SearchAction\",\"target\":{\"@type\":\"EntryPoint\",\"urlTemplate\":\"https:\\\/\\\/medicinasinc.com\\\/ro\\\/?s={search_term_string}\"},\"query-input\":{\"@type\":\"PropertyValueSpecification\",\"valueRequired\":true,\"valueName\":\"search_term_string\"}}],\"inLanguage\":\"en-US\"}]}<\/script>\n<!-- \/ Yoast SEO plugin. -->","yoast_head_json":{"title":"Cump\u0103ra\u021bi pudr\u0103 al-lad - pudr\u0103 Al-lad de v\u00e2nzare - Best Global Meds","description":"Cump\u0103ra\u021bi pulbere al-lad de v\u00e2nzare \u00een Marea Britanie, Europa, AU, UE, comanda\u021bi pulbere al-lad ieftin\u0103 2022, de unde s\u0103 cump\u0103ra\u021bi pulbere al-lad de \u00eenalt\u0103 calitate Livrare peste noapte, v\u00e2nz\u0103ri de pulbere al-lad.","robots":{"index":"index","follow":"follow","max-snippet":"max-snippet:-1","max-image-preview":"max-image-preview:large","max-video-preview":"max-video-preview:-1"},"canonical":"https:\/\/medicinasinc.com\/ro\/product\/buy-al-lad-pudre\/","og_locale":"en_US","og_type":"article","og_title":"Cump\u0103ra\u021bi pudr\u0103 al-lad - pudr\u0103 Al-lad de v\u00e2nzare - Best Global Meds","og_description":"Cump\u0103ra\u021bi pulbere al-lad de v\u00e2nzare \u00een Marea Britanie, Europa, AU, UE, comanda\u021bi pulbere al-lad ieftin\u0103 2022, de unde s\u0103 cump\u0103ra\u021bi pulbere al-lad de \u00eenalt\u0103 calitate Livrare peste noapte, v\u00e2nz\u0103ri de pulbere al-lad.","og_url":"https:\/\/medicinasinc.com\/ro\/product\/buy-al-lad-pudre\/","og_site_name":"Medicinas Inc","article_modified_time":"2022-03-22T00:49:42+00:00","og_image":[{"width":931,"height":799,"url":"https:\/\/medicinasinc.com\/ro\/wp-content\/uploads\/sites\/11\/2022\/02\/Buy-al-lad-powder.jpg","type":"image\/jpeg"}],"twitter_card":"summary_large_image","twitter_misc":{"Est. reading time":"1 minute"},"schema":{"@context":"https:\/\/schema.org","@graph":[{"@type":"WebPage","@id":"https:\/\/medicinasinc.com\/ro\/product\/buy-al-lad-pudre\/","url":"https:\/\/medicinasinc.com\/ro\/product\/buy-al-lad-pudre\/","name":"Cump\u0103ra\u021bi pudr\u0103 al-lad - pudr\u0103 Al-lad de v\u00e2nzare - Best Global Meds","isPartOf":{"@id":"https:\/\/medicinasinc.com\/ro\/#website"},"primaryImageOfPage":{"@id":"https:\/\/medicinasinc.com\/ro\/product\/buy-al-lad-pudre\/#primaryimage"},"image":{"@id":"https:\/\/medicinasinc.com\/ro\/product\/buy-al-lad-pudre\/#primaryimage"},"thumbnailUrl":"https:\/\/medicinasinc.com\/ro\/wp-content\/uploads\/sites\/11\/2022\/02\/Buy-al-lad-powder.jpg","datePublished":"2022-02-22T05:09:43+00:00","dateModified":"2022-03-22T00:49:42+00:00","description":"Cump\u0103ra\u021bi pulbere al-lad de v\u00e2nzare \u00een Marea Britanie, Europa, AU, UE, comanda\u021bi pulbere al-lad ieftin\u0103 2022, de unde s\u0103 cump\u0103ra\u021bi pulbere al-lad de \u00eenalt\u0103 calitate Livrare peste noapte, v\u00e2nz\u0103ri de pulbere al-lad.","breadcrumb":{"@id":"https:\/\/medicinasinc.com\/ro\/product\/buy-al-lad-pudre\/#breadcrumb"},"inLanguage":"en-US","potentialAction":[{"@type":"ReadAction","target":["https:\/\/medicinasinc.com\/ro\/product\/buy-al-lad-pudre\/"]}]},{"@type":"ImageObject","inLanguage":"en-US","@id":"https:\/\/medicinasinc.com\/ro\/product\/buy-al-lad-pudre\/#primaryimage","url":"https:\/\/medicinasinc.com\/ro\/wp-content\/uploads\/sites\/11\/2022\/02\/Buy-al-lad-powder.jpg","contentUrl":"https:\/\/medicinasinc.com\/ro\/wp-content\/uploads\/sites\/11\/2022\/02\/Buy-al-lad-powder.jpg","width":931,"height":799},{"@type":"BreadcrumbList","@id":"https:\/\/medicinasinc.com\/ro\/product\/buy-al-lad-pudre\/#breadcrumb","itemListElement":[{"@type":"ListItem","position":1,"name":"Magazin","item":"https:\/\/medicinasinc.com\/ro\/magazin\/"},{"@type":"ListItem","position":2,"name":"Cump\u0103ra\u021bi pudr\u0103 de al-lad"}]},{"@type":"WebSite","@id":"https:\/\/medicinasinc.com\/ro\/#website","url":"https:\/\/medicinasinc.com\/ro\/","name":"Medicinas Inc","description":"Health Medical Clinic","potentialAction":[{"@type":"SearchAction","target":{"@type":"EntryPoint","urlTemplate":"https:\/\/medicinasinc.com\/ro\/?s={search_term_string}"},"query-input":{"@type":"PropertyValueSpecification","valueRequired":true,"valueName":"search_term_string"}}],"inLanguage":"en-US"}]}},"_links":{"self":[{"href":"https:\/\/medicinasinc.com\/ro\/wp-json\/wp\/v2\/product\/5735","targetHints":{"allow":["GET"]}}],"collection":[{"href":"https:\/\/medicinasinc.com\/ro\/wp-json\/wp\/v2\/product"}],"about":[{"href":"https:\/\/medicinasinc.com\/ro\/wp-json\/wp\/v2\/types\/product"}],"replies":[{"embeddable":true,"href":"https:\/\/medicinasinc.com\/ro\/wp-json\/wp\/v2\/comments?post=5735"}],"wp:featuredmedia":[{"embeddable":true,"href":"https:\/\/medicinasinc.com\/ro\/wp-json\/wp\/v2\/media\/5747"}],"wp:attachment":[{"href":"https:\/\/medicinasinc.com\/ro\/wp-json\/wp\/v2\/media?parent=5735"}],"wp:term":[{"taxonomy":"product_brand","embeddable":true,"href":"https:\/\/medicinasinc.com\/ro\/wp-json\/wp\/v2\/product_brand?post=5735"},{"taxonomy":"product_cat","embeddable":true,"href":"https:\/\/medicinasinc.com\/ro\/wp-json\/wp\/v2\/product_cat?post=5735"},{"taxonomy":"product_tag","embeddable":true,"href":"https:\/\/medicinasinc.com\/ro\/wp-json\/wp\/v2\/product_tag?post=5735"}],"curies":[{"name":"wp","href":"https:\/\/api.w.org\/{rel}","templated":true}]}}