{"id":5731,"date":"2022-02-22T05:03:24","date_gmt":"2022-02-22T05:03:24","guid":{"rendered":"https:\/\/medicinasinc.com\/ro\/?post_type=product&#038;p=5731"},"modified":"2022-03-22T00:49:51","modified_gmt":"2022-03-22T00:49:51","slug":"cumpara-sextacy-pudra","status":"publish","type":"product","link":"https:\/\/medicinasinc.com\/ro\/product\/cumpara-sextacy-pudra\/","title":{"rendered":"Cump\u0103ra\u021bi Pudr\u0103 Sextacy"},"content":{"rendered":"<p>Asigura\u021bi-v\u0103 c\u0103 cump\u0103ra\u021bi Sextacy Powder.<\/p>\n<p>Cump\u0103ra\u021bi online Sextacy Powder \u00een vrac \u0219i cump\u0103ra\u021bi-o \u00een cantit\u0103\u021bi mari.<\/p>\n<p>Sextacy Powder este un produs de marc\u0103 nou \u0219i interesant pe care \u00eel pute\u021bi cump\u0103r\u0103.<br \/> Dac\u0103 vrei s\u0103 folose\u0219ti Sextacy, trebuie s\u0103-l cumperi sub form\u0103 de pudr\u0103. Ingredientul principal este a-PVP.<\/p>\n<p>For\u021ba este de 5\/5. Sextacy Cea mai bun\u0103 pudr\u0103 care este legal\u0103 de utilizat.<br \/> Este timpul s\u0103 v\u0103 pune\u021bi ritmul \u00een laborator cu acest produs nou \u0219i grozav.<\/p>\n<p>Pute\u021bi cump\u0103ra Pudr\u0103 Sextacy pur\u0103 online.<\/p>\n<div class=\"product-next-previous\">\n<div class=\"product-prev\"><\/div><\/div>\n","protected":false},"excerpt":{"rendered":"<p>Pure Quality Sextacy Powder de v\u00e2nzare \u00een Europa, Marea Britanie \u0219i Australia poate fi cump\u0103rat\u0103 de pe internet. Dac\u0103 vrei s\u0103 folose\u0219ti Sextacy, trebuie s\u0103-l cumperi sub form\u0103 de pudr\u0103. Ingredientul principal este a-PVP.<\/p>\n<p>Cump\u0103ra\u021bi Sextacy Legal High Powder de pe internet. Pute\u021bi face acest lucru<\/p>\n<p>Cump\u0103ra\u021bi multe deodat\u0103 Sextacy este un produs de marc\u0103 nou \u0219i interesant pe care \u00eel pute\u021bi cump\u0103ra. Sextacy este un PVP \u0219i asta este.<\/p>\n<p>Exist\u0103 o mul\u021bime de site-uri web de unde po\u021bi cump\u0103ra o mul\u021bime de s\u0103ruri de baie pentru mul\u021bi bani.<\/p>\n<p>Online, tu pot cump\u0103ra s\u0103ruri de baie sextacy de la Global Medicine. Preturile de vanzare pentru sare de baie sextacy pot fi aflate citind acest text<\/p>\n","protected":false},"featured_media":5742,"comment_status":"open","ping_status":"closed","template":"","meta":[],"product_brand":[],"product_cat":[2014],"product_tag":[3732,3735,3745,3736,3545,3734,3733,3737,3756,3739,3754,3753,3748,3744,3738,3731,3741,3742,3755,3740,3747,3749,3746,3743,3751,3750,3752],"class_list":{"0":"post-5731","1":"product","2":"type-product","3":"status-publish","4":"has-post-thumbnail","6":"product_cat-cumprare-cercetare-chimice","7":"product_tag-best-sextacy-powder-online","8":"product_tag-buy-sextacy-powder-online","9":"product_tag-sextacy-pulbere-comand-prin-coresponden","10":"product_tag-ordin-sextacy-pulbere","11":"product_tag-cumprare-metoxetamin","12":"product_tag-buy-sextacy-powder-europe","13":"product_tag-cumpr-sextacy-pudr","14":"product_tag-cumprare-sextacy-pulbere","15":"product_tag-de-unde-se-cumpr-pudr-sextacy","16":"product_tag-sextacy-efect-pulbere","17":"product_tag-sextacy-pudra-furnizor","18":"product_tag-sextacy-pudra-transportare","19":"product_tag-sextacy-pulbere-ordine","20":"product_tag-sextacy-powder-mail","21":"product_tag-sextacy-pudr-cumprare","22":"product_tag-pudr-sextacy-de-cea-mai-bun-calitate","23":"product_tag-sextacy-pudr-de-vnzare","24":"product_tag-sextacy-pudra-de-vanzare-online","25":"product_tag-sextacy-pudra-en-gros","26":"product_tag-sextacy-powder-europe","27":"product_tag-sextacy-powder-online","28":"product_tag-sextacy-pudr-peste-noapte","29":"product_tag-sextacy-pudr-lng-me","30":"product_tag-sextacy-powder-google","31":"product_tag-sextacy-pudra-recenzii","32":"product_tag-sextacy-powder-purchase","33":"product_tag-sextacy-pudra-vnzare","35":"first","36":"instock","37":"shipping-taxable","38":"purchasable","39":"product-type-variable","40":"has-default-attributes"},"yoast_head":"<!-- This site is optimized with the Yoast SEO plugin v27.3 - https:\/\/yoast.com\/product\/yoast-seo-wordpress\/ -->\n<title>Cump\u0103ra\u021bi Sextacy Powder - V\u00e2nz\u0103ri Sextacy Powder - Cele mai bune medicamente globale<\/title>\n<meta name=\"description\" content=\"Cump\u0103ra\u021bi Pure Sextacy Powder de v\u00e2nzare \u00een Europa, Marea Britanie, AU online. Ingredientul activ din Sextacy este a-PVP \u0219i acest produs vine doar sub form\u0103 de pudr\u0103! Comanda\u021bi pudr\u0103 de sextacy\" \/>\n<meta name=\"robots\" content=\"index, follow, max-snippet:-1, max-image-preview:large, max-video-preview:-1\" \/>\n<link rel=\"canonical\" href=\"https:\/\/medicinasinc.com\/ro\/product\/cumpara-sextacy-pudra\/\" \/>\n<meta property=\"og:locale\" content=\"en_US\" \/>\n<meta property=\"og:type\" content=\"article\" \/>\n<meta property=\"og:title\" content=\"Cump\u0103ra\u021bi Sextacy Powder - V\u00e2nz\u0103ri Sextacy Powder - Cele mai bune medicamente globale\" \/>\n<meta property=\"og:description\" content=\"Cump\u0103ra\u021bi Pure Sextacy Powder de v\u00e2nzare \u00een Europa, Marea Britanie, AU online. Ingredientul activ din Sextacy este a-PVP \u0219i acest produs vine doar sub form\u0103 de pudr\u0103! Comanda\u021bi pudr\u0103 de sextacy\" \/>\n<meta property=\"og:url\" content=\"https:\/\/medicinasinc.com\/ro\/product\/cumpara-sextacy-pudra\/\" \/>\n<meta property=\"og:site_name\" content=\"Medicinas Inc\" \/>\n<meta property=\"article:modified_time\" content=\"2022-03-22T00:49:51+00:00\" \/>\n<meta property=\"og:image\" content=\"https:\/\/medicinasinc.com\/ro\/wp-content\/uploads\/sites\/11\/2022\/02\/Buy-Sextacy-Powder.jpg\" \/>\n\t<meta property=\"og:image:width\" content=\"300\" \/>\n\t<meta property=\"og:image:height\" content=\"300\" \/>\n\t<meta property=\"og:image:type\" content=\"image\/jpeg\" \/>\n<meta name=\"twitter:card\" content=\"summary_large_image\" \/>\n<meta name=\"twitter:label1\" content=\"Est. reading time\" \/>\n\t<meta name=\"twitter:data1\" content=\"1 minute\" \/>\n<script type=\"application\/ld+json\" class=\"yoast-schema-graph\">{\"@context\":\"https:\\\/\\\/schema.org\",\"@graph\":[{\"@type\":\"WebPage\",\"@id\":\"https:\\\/\\\/medicinasinc.com\\\/ro\\\/product\\\/cumpara-sextacy-pudra\\\/\",\"url\":\"https:\\\/\\\/medicinasinc.com\\\/ro\\\/product\\\/cumpara-sextacy-pudra\\\/\",\"name\":\"Cump\u0103ra\u021bi Sextacy Powder - V\u00e2nz\u0103ri Sextacy Powder - Cele mai bune medicamente globale\",\"isPartOf\":{\"@id\":\"https:\\\/\\\/medicinasinc.com\\\/ro\\\/#website\"},\"primaryImageOfPage\":{\"@id\":\"https:\\\/\\\/medicinasinc.com\\\/ro\\\/product\\\/cumpara-sextacy-pudra\\\/#primaryimage\"},\"image\":{\"@id\":\"https:\\\/\\\/medicinasinc.com\\\/ro\\\/product\\\/cumpara-sextacy-pudra\\\/#primaryimage\"},\"thumbnailUrl\":\"https:\\\/\\\/medicinasinc.com\\\/ro\\\/wp-content\\\/uploads\\\/sites\\\/11\\\/2022\\\/02\\\/Buy-Sextacy-Powder.jpg\",\"datePublished\":\"2022-02-22T05:03:24+00:00\",\"dateModified\":\"2022-03-22T00:49:51+00:00\",\"description\":\"Cump\u0103ra\u021bi Pure Sextacy Powder de v\u00e2nzare \u00een Europa, Marea Britanie, AU online. Ingredientul activ din Sextacy este a-PVP \u0219i acest produs vine doar sub form\u0103 de pudr\u0103! Comanda\u021bi pudr\u0103 de sextacy\",\"breadcrumb\":{\"@id\":\"https:\\\/\\\/medicinasinc.com\\\/ro\\\/product\\\/cumpara-sextacy-pudra\\\/#breadcrumb\"},\"inLanguage\":\"en-US\",\"potentialAction\":[{\"@type\":\"ReadAction\",\"target\":[\"https:\\\/\\\/medicinasinc.com\\\/ro\\\/product\\\/cumpara-sextacy-pudra\\\/\"]}]},{\"@type\":\"ImageObject\",\"inLanguage\":\"en-US\",\"@id\":\"https:\\\/\\\/medicinasinc.com\\\/ro\\\/product\\\/cumpara-sextacy-pudra\\\/#primaryimage\",\"url\":\"https:\\\/\\\/medicinasinc.com\\\/ro\\\/wp-content\\\/uploads\\\/sites\\\/11\\\/2022\\\/02\\\/Buy-Sextacy-Powder.jpg\",\"contentUrl\":\"https:\\\/\\\/medicinasinc.com\\\/ro\\\/wp-content\\\/uploads\\\/sites\\\/11\\\/2022\\\/02\\\/Buy-Sextacy-Powder.jpg\",\"width\":300,\"height\":300},{\"@type\":\"BreadcrumbList\",\"@id\":\"https:\\\/\\\/medicinasinc.com\\\/ro\\\/product\\\/cumpara-sextacy-pudra\\\/#breadcrumb\",\"itemListElement\":[{\"@type\":\"ListItem\",\"position\":1,\"name\":\"Magazin\",\"item\":\"https:\\\/\\\/medicinasinc.com\\\/ro\\\/magazin\\\/\"},{\"@type\":\"ListItem\",\"position\":2,\"name\":\"Cump\u0103ra\u021bi Pudr\u0103 Sextacy\"}]},{\"@type\":\"WebSite\",\"@id\":\"https:\\\/\\\/medicinasinc.com\\\/ro\\\/#website\",\"url\":\"https:\\\/\\\/medicinasinc.com\\\/ro\\\/\",\"name\":\"Medicinas Inc\",\"description\":\"Health Medical Clinic\",\"potentialAction\":[{\"@type\":\"SearchAction\",\"target\":{\"@type\":\"EntryPoint\",\"urlTemplate\":\"https:\\\/\\\/medicinasinc.com\\\/ro\\\/?s={search_term_string}\"},\"query-input\":{\"@type\":\"PropertyValueSpecification\",\"valueRequired\":true,\"valueName\":\"search_term_string\"}}],\"inLanguage\":\"en-US\"}]}<\/script>\n<!-- \/ Yoast SEO plugin. -->","yoast_head_json":{"title":"Cump\u0103ra\u021bi Sextacy Powder - V\u00e2nz\u0103ri Sextacy Powder - Cele mai bune medicamente globale","description":"Cump\u0103ra\u021bi Pure Sextacy Powder de v\u00e2nzare \u00een Europa, Marea Britanie, AU online. Ingredientul activ din Sextacy este a-PVP \u0219i acest produs vine doar sub form\u0103 de pudr\u0103! Comanda\u021bi pudr\u0103 de sextacy","robots":{"index":"index","follow":"follow","max-snippet":"max-snippet:-1","max-image-preview":"max-image-preview:large","max-video-preview":"max-video-preview:-1"},"canonical":"https:\/\/medicinasinc.com\/ro\/product\/cumpara-sextacy-pudra\/","og_locale":"en_US","og_type":"article","og_title":"Cump\u0103ra\u021bi Sextacy Powder - V\u00e2nz\u0103ri Sextacy Powder - Cele mai bune medicamente globale","og_description":"Cump\u0103ra\u021bi Pure Sextacy Powder de v\u00e2nzare \u00een Europa, Marea Britanie, AU online. Ingredientul activ din Sextacy este a-PVP \u0219i acest produs vine doar sub form\u0103 de pudr\u0103! Comanda\u021bi pudr\u0103 de sextacy","og_url":"https:\/\/medicinasinc.com\/ro\/product\/cumpara-sextacy-pudra\/","og_site_name":"Medicinas Inc","article_modified_time":"2022-03-22T00:49:51+00:00","og_image":[{"width":300,"height":300,"url":"https:\/\/medicinasinc.com\/ro\/wp-content\/uploads\/sites\/11\/2022\/02\/Buy-Sextacy-Powder.jpg","type":"image\/jpeg"}],"twitter_card":"summary_large_image","twitter_misc":{"Est. reading time":"1 minute"},"schema":{"@context":"https:\/\/schema.org","@graph":[{"@type":"WebPage","@id":"https:\/\/medicinasinc.com\/ro\/product\/cumpara-sextacy-pudra\/","url":"https:\/\/medicinasinc.com\/ro\/product\/cumpara-sextacy-pudra\/","name":"Cump\u0103ra\u021bi Sextacy Powder - V\u00e2nz\u0103ri Sextacy Powder - Cele mai bune medicamente globale","isPartOf":{"@id":"https:\/\/medicinasinc.com\/ro\/#website"},"primaryImageOfPage":{"@id":"https:\/\/medicinasinc.com\/ro\/product\/cumpara-sextacy-pudra\/#primaryimage"},"image":{"@id":"https:\/\/medicinasinc.com\/ro\/product\/cumpara-sextacy-pudra\/#primaryimage"},"thumbnailUrl":"https:\/\/medicinasinc.com\/ro\/wp-content\/uploads\/sites\/11\/2022\/02\/Buy-Sextacy-Powder.jpg","datePublished":"2022-02-22T05:03:24+00:00","dateModified":"2022-03-22T00:49:51+00:00","description":"Cump\u0103ra\u021bi Pure Sextacy Powder de v\u00e2nzare \u00een Europa, Marea Britanie, AU online. Ingredientul activ din Sextacy este a-PVP \u0219i acest produs vine doar sub form\u0103 de pudr\u0103! Comanda\u021bi pudr\u0103 de sextacy","breadcrumb":{"@id":"https:\/\/medicinasinc.com\/ro\/product\/cumpara-sextacy-pudra\/#breadcrumb"},"inLanguage":"en-US","potentialAction":[{"@type":"ReadAction","target":["https:\/\/medicinasinc.com\/ro\/product\/cumpara-sextacy-pudra\/"]}]},{"@type":"ImageObject","inLanguage":"en-US","@id":"https:\/\/medicinasinc.com\/ro\/product\/cumpara-sextacy-pudra\/#primaryimage","url":"https:\/\/medicinasinc.com\/ro\/wp-content\/uploads\/sites\/11\/2022\/02\/Buy-Sextacy-Powder.jpg","contentUrl":"https:\/\/medicinasinc.com\/ro\/wp-content\/uploads\/sites\/11\/2022\/02\/Buy-Sextacy-Powder.jpg","width":300,"height":300},{"@type":"BreadcrumbList","@id":"https:\/\/medicinasinc.com\/ro\/product\/cumpara-sextacy-pudra\/#breadcrumb","itemListElement":[{"@type":"ListItem","position":1,"name":"Magazin","item":"https:\/\/medicinasinc.com\/ro\/magazin\/"},{"@type":"ListItem","position":2,"name":"Cump\u0103ra\u021bi Pudr\u0103 Sextacy"}]},{"@type":"WebSite","@id":"https:\/\/medicinasinc.com\/ro\/#website","url":"https:\/\/medicinasinc.com\/ro\/","name":"Medicinas Inc","description":"Health Medical Clinic","potentialAction":[{"@type":"SearchAction","target":{"@type":"EntryPoint","urlTemplate":"https:\/\/medicinasinc.com\/ro\/?s={search_term_string}"},"query-input":{"@type":"PropertyValueSpecification","valueRequired":true,"valueName":"search_term_string"}}],"inLanguage":"en-US"}]}},"_links":{"self":[{"href":"https:\/\/medicinasinc.com\/ro\/wp-json\/wp\/v2\/product\/5731","targetHints":{"allow":["GET"]}}],"collection":[{"href":"https:\/\/medicinasinc.com\/ro\/wp-json\/wp\/v2\/product"}],"about":[{"href":"https:\/\/medicinasinc.com\/ro\/wp-json\/wp\/v2\/types\/product"}],"replies":[{"embeddable":true,"href":"https:\/\/medicinasinc.com\/ro\/wp-json\/wp\/v2\/comments?post=5731"}],"wp:featuredmedia":[{"embeddable":true,"href":"https:\/\/medicinasinc.com\/ro\/wp-json\/wp\/v2\/media\/5742"}],"wp:attachment":[{"href":"https:\/\/medicinasinc.com\/ro\/wp-json\/wp\/v2\/media?parent=5731"}],"wp:term":[{"taxonomy":"product_brand","embeddable":true,"href":"https:\/\/medicinasinc.com\/ro\/wp-json\/wp\/v2\/product_brand?post=5731"},{"taxonomy":"product_cat","embeddable":true,"href":"https:\/\/medicinasinc.com\/ro\/wp-json\/wp\/v2\/product_cat?post=5731"},{"taxonomy":"product_tag","embeddable":true,"href":"https:\/\/medicinasinc.com\/ro\/wp-json\/wp\/v2\/product_tag?post=5731"}],"curies":[{"name":"wp","href":"https:\/\/api.w.org\/{rel}","templated":true}]}}