{"id":5730,"date":"2022-02-22T05:01:35","date_gmt":"2022-02-22T05:01:35","guid":{"rendered":"https:\/\/medicinasinc.com\/ro\/?post_type=product&#038;p=5730"},"modified":"2022-03-22T00:50:06","modified_gmt":"2022-03-22T00:50:06","slug":"cumpara-pura-mdma-pudra","status":"publish","type":"product","link":"https:\/\/medicinasinc.com\/ro\/product\/cumpara-pura-mdma-pudra\/","title":{"rendered":"Cump\u0103ra\u021bi pudr\u0103 de mdma pur\u0103"},"content":{"rendered":"<p>Cump\u0103ra\u021bi MDMA sub form\u0103 de pulbere<\/p>\n<p>Pudr\u0103 de MDMA, cristale de MDMA \u0219i ecstasy<\/p>\n<p>Cu propriet\u0103\u021bile sale stimulante \u0219i halucinogene \u00een egal\u0103 m\u0103sur\u0103, cristalele de pudr\u0103 de MDMA sunt una dintre cele mai populare pentru agrement. substan\u021be de pe pia\u021b\u0103 ast\u0103zi.<\/p>\n<p>1,2 De obicei,<\/p>\n<p>Pudra de MDMA poate fi achizi\u021bionat\u0103 online.<\/p>\n<p>Pudra de MDMA de v\u00e2nzare \u00een cea mai pur\u0103 form\u0103, online. <\/p>\n<p>Vindem online doar pulbere MDMA (Ecstasy\/Molly) de cea mai \u00eenalt\u0103 calitate la.<\/p>\n<p>Pudra MDMA pur\u0103 este disponibil\u0103 pentru cump\u0103rare online.<\/p>\n<p>Cel mai ieftin loc pentru a cump\u0103ra Ecstasy\/Molly Powder<\/p>\n<p>Pudrele de MDMA au avantaje sau dezavantaje \u00een compara\u021bie cu pastilele?<\/p>\n<p>Cristale sau pulbere de MDMA zdrobite sunt o alt\u0103 modalitate de a ob\u021bine substan\u021ba.<\/p>\n<p> MDMA administrat pe cale oral\u0103 (prescurtarea de la 3,4-metilendioximetanfetamina), a c\u0103rui denumire chimic\u0103 este 3,4-metilendioximetanfetamina, are un timp de \u00eenjum\u0103t\u0103\u021bire de 3 p\u00e2n\u0103 la 6 ore. Una p\u00e2n\u0103 la dou\u0103 comprimate de MDMA, fiecare con\u021bin\u00e2nd 60 p\u00e2n\u0103 la 120 de miligrame de MDMA, este cea mai frecvent raportat\u0103 doz\u0103. 1 Pe m\u0103sur\u0103 ce efectele primei doze \u00eencep s\u0103 dispar\u0103, nu este neobi\u0219nuit ca utilizatorii s\u0103 ia o a doua doz\u0103 de medicament.<\/p>\n","protected":false},"excerpt":{"rendered":"<p>Cump\u0103ra\u021bi pudr\u0103 Mdma de calitate pentru v\u00e2nzare \u00een Marea Britanie, Europa, AU \u00een magazinul nostru online Bestglobalmeds.com, cu livrare rapid\u0103 \u00een toat\u0103 lumea! Cea mai bun\u0103 pudr\u0103 de Mdma pentru comand\u0103 o ve\u021bi g\u0103si aici!<\/p>\n<ul>\n<li>Cump\u0103ra\u021bi pudr\u0103 de MDMA pur\u0103 online<\/li>\n<li>Pudr\u0103 de MDMA pur\u0103 online<\/li>\n<li>Pudr\u0103 de Ecstasy\/Molly de v\u00e2nzare <\/li>\n<li>\u00a0cump\u0103ra\u021bi Ecstasy\/Molly Powder online<\/li>\n<\/ul>\n","protected":false},"featured_media":5740,"comment_status":"open","ping_status":"closed","template":"","meta":[],"product_brand":[],"product_cat":[2014],"product_tag":[3609,3701,3702,3647,3703,3704,3727,3723,3724,3714,3708,3705,3706,3726,3725,3707,3730,3728,3729,3710,3711,3715,3716,3717,3721,3722,3713,3718,3709,3659,3662,3712,3719,3720],"class_list":{"0":"post-5730","1":"product","2":"type-product","3":"status-publish","4":"has-post-thumbnail","6":"product_cat-cumprare-cercetare-chimice","7":"product_tag-mdma-pulbere-cumprare","8":"product_tag-best-mdma-powder","9":"product_tag-best-quality-mdma-powder","10":"product_tag-buy-mdma-powder","11":"product_tag-buy-mdma-powder-crystal-online","12":"product_tag-buy-mdma-powder-eu","13":"product_tag-cel-mai-bun-loc-de-a-cumprare-mdma-powder-crystal-online","14":"product_tag-comanda-mdma-pulbere","15":"product_tag-comanda-mdma-powder-crystal-online","16":"product_tag-mdma-pulbere-comand-pot","17":"product_tag-cum-se-cumpr-mdma-powder-crystal-online","18":"product_tag-buy-mdma-powder-europe","19":"product_tag-cumpr-mdma-pudr-lng-me","20":"product_tag-cumprare-mdma-powder-crystal-online","21":"product_tag-cumprare-mdma-pulbere","22":"product_tag-cumpara-mdma-pudra-online","23":"product_tag-unde-a-comanda-mdma-pudra","24":"product_tag-de-unde-s-cumprm-mdma-pudr","25":"product_tag-unde-s-cumprm-mdma-powder-crystal-online","26":"product_tag-mdma-powder-effect","27":"product_tag-mdma-powder-europe","28":"product_tag-mdma-powder-near-me","29":"product_tag-mdma-powder-online","30":"product_tag-mdma-powder-over-night","31":"product_tag-mdma-powder-reviews","32":"product_tag-mdma-powder-shipping","33":"product_tag-mdma-powder-google","34":"product_tag-mdma-pudra-pret","35":"product_tag-mdma-pulbere-cristal-de-vanzare","36":"product_tag-mdma-pulbere","37":"product_tag-pudr-c4-83-mdma-de-v-c3-a2nzare","38":"product_tag-mdma-pudra-de-vanzare-online","39":"product_tag-mdma-pulbere-reddit","40":"product_tag-mdma-pulbere-review","42":"first","43":"instock","44":"shipping-taxable","45":"purchasable","46":"product-type-variable","47":"has-default-attributes"},"yoast_head":"<!-- This site is optimized with the Yoast SEO plugin v27.3 - https:\/\/yoast.com\/product\/yoast-seo-wordpress\/ -->\n<title>Cump\u0103ra\u021bi pudr\u0103 mdma pur\u0103 - pudr\u0103 mdma de v\u00e2nzare - Best Global Meds<\/title>\n<meta name=\"description\" content=\"Cump\u0103ra\u021bi pudr\u0103 Mdma de calitate pentru v\u00e2nzare \u00een Marea Britanie, Europa, AU \u00een magazinul nostru online Bestglobalmeds.com cu livrare rapid\u0103 \u00een toat\u0103 lumea! Cea mai bun\u0103 Pudr\u0103 Mdma pentru comand\u0103 o vei g\u0103si aici!\" \/>\n<meta name=\"robots\" content=\"index, follow, max-snippet:-1, max-image-preview:large, max-video-preview:-1\" \/>\n<link rel=\"canonical\" href=\"https:\/\/medicinasinc.com\/ro\/product\/cumpara-pura-mdma-pudra\/\" \/>\n<meta property=\"og:locale\" content=\"en_US\" \/>\n<meta property=\"og:type\" content=\"article\" \/>\n<meta property=\"og:title\" content=\"Cump\u0103ra\u021bi pudr\u0103 mdma pur\u0103 - pudr\u0103 mdma de v\u00e2nzare - Best Global Meds\" \/>\n<meta property=\"og:description\" content=\"Cump\u0103ra\u021bi pudr\u0103 Mdma de calitate pentru v\u00e2nzare \u00een Marea Britanie, Europa, AU \u00een magazinul nostru online Bestglobalmeds.com cu livrare rapid\u0103 \u00een toat\u0103 lumea! Cea mai bun\u0103 Pudr\u0103 Mdma pentru comand\u0103 o vei g\u0103si aici!\" \/>\n<meta property=\"og:url\" content=\"https:\/\/medicinasinc.com\/ro\/product\/cumpara-pura-mdma-pudra\/\" \/>\n<meta property=\"og:site_name\" content=\"Medicinas Inc\" \/>\n<meta property=\"article:modified_time\" content=\"2022-03-22T00:50:06+00:00\" \/>\n<meta property=\"og:image\" content=\"https:\/\/medicinasinc.com\/ro\/wp-content\/uploads\/sites\/11\/2022\/02\/Buy-pure-mdma-powder.jpg\" \/>\n\t<meta property=\"og:image:width\" content=\"1500\" \/>\n\t<meta property=\"og:image:height\" content=\"1496\" \/>\n\t<meta property=\"og:image:type\" content=\"image\/jpeg\" \/>\n<meta name=\"twitter:card\" content=\"summary_large_image\" \/>\n<meta name=\"twitter:label1\" content=\"Est. reading time\" \/>\n\t<meta name=\"twitter:data1\" content=\"1 minute\" \/>\n<script type=\"application\/ld+json\" class=\"yoast-schema-graph\">{\"@context\":\"https:\\\/\\\/schema.org\",\"@graph\":[{\"@type\":\"WebPage\",\"@id\":\"https:\\\/\\\/medicinasinc.com\\\/ro\\\/product\\\/cumpara-pura-mdma-pudra\\\/\",\"url\":\"https:\\\/\\\/medicinasinc.com\\\/ro\\\/product\\\/cumpara-pura-mdma-pudra\\\/\",\"name\":\"Cump\u0103ra\u021bi pudr\u0103 mdma pur\u0103 - pudr\u0103 mdma de v\u00e2nzare - Best Global Meds\",\"isPartOf\":{\"@id\":\"https:\\\/\\\/medicinasinc.com\\\/ro\\\/#website\"},\"primaryImageOfPage\":{\"@id\":\"https:\\\/\\\/medicinasinc.com\\\/ro\\\/product\\\/cumpara-pura-mdma-pudra\\\/#primaryimage\"},\"image\":{\"@id\":\"https:\\\/\\\/medicinasinc.com\\\/ro\\\/product\\\/cumpara-pura-mdma-pudra\\\/#primaryimage\"},\"thumbnailUrl\":\"https:\\\/\\\/medicinasinc.com\\\/ro\\\/wp-content\\\/uploads\\\/sites\\\/11\\\/2022\\\/02\\\/Buy-pure-mdma-powder.jpg\",\"datePublished\":\"2022-02-22T05:01:35+00:00\",\"dateModified\":\"2022-03-22T00:50:06+00:00\",\"description\":\"Cump\u0103ra\u021bi pudr\u0103 Mdma de calitate pentru v\u00e2nzare \u00een Marea Britanie, Europa, AU \u00een magazinul nostru online Bestglobalmeds.com cu livrare rapid\u0103 \u00een toat\u0103 lumea! Cea mai bun\u0103 Pudr\u0103 Mdma pentru comand\u0103 o vei g\u0103si aici!\",\"breadcrumb\":{\"@id\":\"https:\\\/\\\/medicinasinc.com\\\/ro\\\/product\\\/cumpara-pura-mdma-pudra\\\/#breadcrumb\"},\"inLanguage\":\"en-US\",\"potentialAction\":[{\"@type\":\"ReadAction\",\"target\":[\"https:\\\/\\\/medicinasinc.com\\\/ro\\\/product\\\/cumpara-pura-mdma-pudra\\\/\"]}]},{\"@type\":\"ImageObject\",\"inLanguage\":\"en-US\",\"@id\":\"https:\\\/\\\/medicinasinc.com\\\/ro\\\/product\\\/cumpara-pura-mdma-pudra\\\/#primaryimage\",\"url\":\"https:\\\/\\\/medicinasinc.com\\\/ro\\\/wp-content\\\/uploads\\\/sites\\\/11\\\/2022\\\/02\\\/Buy-pure-mdma-powder.jpg\",\"contentUrl\":\"https:\\\/\\\/medicinasinc.com\\\/ro\\\/wp-content\\\/uploads\\\/sites\\\/11\\\/2022\\\/02\\\/Buy-pure-mdma-powder.jpg\",\"width\":1500,\"height\":1496},{\"@type\":\"BreadcrumbList\",\"@id\":\"https:\\\/\\\/medicinasinc.com\\\/ro\\\/product\\\/cumpara-pura-mdma-pudra\\\/#breadcrumb\",\"itemListElement\":[{\"@type\":\"ListItem\",\"position\":1,\"name\":\"Magazin\",\"item\":\"https:\\\/\\\/medicinasinc.com\\\/ro\\\/magazin\\\/\"},{\"@type\":\"ListItem\",\"position\":2,\"name\":\"Cump\u0103ra\u021bi pudr\u0103 de mdma pur\u0103\"}]},{\"@type\":\"WebSite\",\"@id\":\"https:\\\/\\\/medicinasinc.com\\\/ro\\\/#website\",\"url\":\"https:\\\/\\\/medicinasinc.com\\\/ro\\\/\",\"name\":\"Medicinas Inc\",\"description\":\"Health Medical Clinic\",\"potentialAction\":[{\"@type\":\"SearchAction\",\"target\":{\"@type\":\"EntryPoint\",\"urlTemplate\":\"https:\\\/\\\/medicinasinc.com\\\/ro\\\/?s={search_term_string}\"},\"query-input\":{\"@type\":\"PropertyValueSpecification\",\"valueRequired\":true,\"valueName\":\"search_term_string\"}}],\"inLanguage\":\"en-US\"}]}<\/script>\n<!-- \/ Yoast SEO plugin. -->","yoast_head_json":{"title":"Cump\u0103ra\u021bi pudr\u0103 mdma pur\u0103 - pudr\u0103 mdma de v\u00e2nzare - Best Global Meds","description":"Cump\u0103ra\u021bi pudr\u0103 Mdma de calitate pentru v\u00e2nzare \u00een Marea Britanie, Europa, AU \u00een magazinul nostru online Bestglobalmeds.com cu livrare rapid\u0103 \u00een toat\u0103 lumea! Cea mai bun\u0103 Pudr\u0103 Mdma pentru comand\u0103 o vei g\u0103si aici!","robots":{"index":"index","follow":"follow","max-snippet":"max-snippet:-1","max-image-preview":"max-image-preview:large","max-video-preview":"max-video-preview:-1"},"canonical":"https:\/\/medicinasinc.com\/ro\/product\/cumpara-pura-mdma-pudra\/","og_locale":"en_US","og_type":"article","og_title":"Cump\u0103ra\u021bi pudr\u0103 mdma pur\u0103 - pudr\u0103 mdma de v\u00e2nzare - Best Global Meds","og_description":"Cump\u0103ra\u021bi pudr\u0103 Mdma de calitate pentru v\u00e2nzare \u00een Marea Britanie, Europa, AU \u00een magazinul nostru online Bestglobalmeds.com cu livrare rapid\u0103 \u00een toat\u0103 lumea! Cea mai bun\u0103 Pudr\u0103 Mdma pentru comand\u0103 o vei g\u0103si aici!","og_url":"https:\/\/medicinasinc.com\/ro\/product\/cumpara-pura-mdma-pudra\/","og_site_name":"Medicinas Inc","article_modified_time":"2022-03-22T00:50:06+00:00","og_image":[{"width":1500,"height":1496,"url":"https:\/\/medicinasinc.com\/ro\/wp-content\/uploads\/sites\/11\/2022\/02\/Buy-pure-mdma-powder.jpg","type":"image\/jpeg"}],"twitter_card":"summary_large_image","twitter_misc":{"Est. reading time":"1 minute"},"schema":{"@context":"https:\/\/schema.org","@graph":[{"@type":"WebPage","@id":"https:\/\/medicinasinc.com\/ro\/product\/cumpara-pura-mdma-pudra\/","url":"https:\/\/medicinasinc.com\/ro\/product\/cumpara-pura-mdma-pudra\/","name":"Cump\u0103ra\u021bi pudr\u0103 mdma pur\u0103 - pudr\u0103 mdma de v\u00e2nzare - Best Global Meds","isPartOf":{"@id":"https:\/\/medicinasinc.com\/ro\/#website"},"primaryImageOfPage":{"@id":"https:\/\/medicinasinc.com\/ro\/product\/cumpara-pura-mdma-pudra\/#primaryimage"},"image":{"@id":"https:\/\/medicinasinc.com\/ro\/product\/cumpara-pura-mdma-pudra\/#primaryimage"},"thumbnailUrl":"https:\/\/medicinasinc.com\/ro\/wp-content\/uploads\/sites\/11\/2022\/02\/Buy-pure-mdma-powder.jpg","datePublished":"2022-02-22T05:01:35+00:00","dateModified":"2022-03-22T00:50:06+00:00","description":"Cump\u0103ra\u021bi pudr\u0103 Mdma de calitate pentru v\u00e2nzare \u00een Marea Britanie, Europa, AU \u00een magazinul nostru online Bestglobalmeds.com cu livrare rapid\u0103 \u00een toat\u0103 lumea! Cea mai bun\u0103 Pudr\u0103 Mdma pentru comand\u0103 o vei g\u0103si aici!","breadcrumb":{"@id":"https:\/\/medicinasinc.com\/ro\/product\/cumpara-pura-mdma-pudra\/#breadcrumb"},"inLanguage":"en-US","potentialAction":[{"@type":"ReadAction","target":["https:\/\/medicinasinc.com\/ro\/product\/cumpara-pura-mdma-pudra\/"]}]},{"@type":"ImageObject","inLanguage":"en-US","@id":"https:\/\/medicinasinc.com\/ro\/product\/cumpara-pura-mdma-pudra\/#primaryimage","url":"https:\/\/medicinasinc.com\/ro\/wp-content\/uploads\/sites\/11\/2022\/02\/Buy-pure-mdma-powder.jpg","contentUrl":"https:\/\/medicinasinc.com\/ro\/wp-content\/uploads\/sites\/11\/2022\/02\/Buy-pure-mdma-powder.jpg","width":1500,"height":1496},{"@type":"BreadcrumbList","@id":"https:\/\/medicinasinc.com\/ro\/product\/cumpara-pura-mdma-pudra\/#breadcrumb","itemListElement":[{"@type":"ListItem","position":1,"name":"Magazin","item":"https:\/\/medicinasinc.com\/ro\/magazin\/"},{"@type":"ListItem","position":2,"name":"Cump\u0103ra\u021bi pudr\u0103 de mdma pur\u0103"}]},{"@type":"WebSite","@id":"https:\/\/medicinasinc.com\/ro\/#website","url":"https:\/\/medicinasinc.com\/ro\/","name":"Medicinas Inc","description":"Health Medical Clinic","potentialAction":[{"@type":"SearchAction","target":{"@type":"EntryPoint","urlTemplate":"https:\/\/medicinasinc.com\/ro\/?s={search_term_string}"},"query-input":{"@type":"PropertyValueSpecification","valueRequired":true,"valueName":"search_term_string"}}],"inLanguage":"en-US"}]}},"_links":{"self":[{"href":"https:\/\/medicinasinc.com\/ro\/wp-json\/wp\/v2\/product\/5730","targetHints":{"allow":["GET"]}}],"collection":[{"href":"https:\/\/medicinasinc.com\/ro\/wp-json\/wp\/v2\/product"}],"about":[{"href":"https:\/\/medicinasinc.com\/ro\/wp-json\/wp\/v2\/types\/product"}],"replies":[{"embeddable":true,"href":"https:\/\/medicinasinc.com\/ro\/wp-json\/wp\/v2\/comments?post=5730"}],"wp:featuredmedia":[{"embeddable":true,"href":"https:\/\/medicinasinc.com\/ro\/wp-json\/wp\/v2\/media\/5740"}],"wp:attachment":[{"href":"https:\/\/medicinasinc.com\/ro\/wp-json\/wp\/v2\/media?parent=5730"}],"wp:term":[{"taxonomy":"product_brand","embeddable":true,"href":"https:\/\/medicinasinc.com\/ro\/wp-json\/wp\/v2\/product_brand?post=5730"},{"taxonomy":"product_cat","embeddable":true,"href":"https:\/\/medicinasinc.com\/ro\/wp-json\/wp\/v2\/product_cat?post=5730"},{"taxonomy":"product_tag","embeddable":true,"href":"https:\/\/medicinasinc.com\/ro\/wp-json\/wp\/v2\/product_tag?post=5730"}],"curies":[{"name":"wp","href":"https:\/\/api.w.org\/{rel}","templated":true}]}}