{"id":5729,"date":"2022-02-22T04:59:37","date_gmt":"2022-02-22T04:59:37","guid":{"rendered":"https:\/\/medicinasinc.com\/ro\/?post_type=product&#038;p=5729"},"modified":"2022-03-22T00:50:14","modified_gmt":"2022-03-22T00:50:14","slug":"cumpara-hidrocodona-pulbere","status":"publish","type":"product","link":"https:\/\/medicinasinc.com\/ro\/product\/cumpara-hidrocodona-pulbere\/","title":{"rendered":"Cump\u0103ra\u021bi pudr\u0103 de hidrocodon\u0103"},"content":{"rendered":"<p>Pentru a cump\u0103ra Hydrocodone Powder online, face\u021bi clic aici.<br \/> Online, pute\u021bi cump\u0103ra Hydrocodone Powder \u00een vrac la un pre\u021b bun la pre\u021buri en gros. Hidrocodona, care este v\u00e2ndut\u0103 sub numele de marc\u0103 Hysingla \u0219i alte denumiri, este un opioid care poate fi utilizat pentru a trata durerea care dureaz\u0103 mult timp dac\u0103 alte tratamente nu func\u021bioneaz\u0103. Ca inhibitor de tuse, este folosit \u0219i de persoanele cu v\u00e2rsta peste 18 ani. Oamenii \u00eel m\u0103n\u00e2nc\u0103. Acetaminofenul \u0219i hidrocodona sunt de obicei v\u00e2ndute \u00eempreun\u0103. Ibuprofenul \u0219i hidrocodona sunt de obicei v\u00e2ndute \u00eempreun\u0103. \u00cen sine, vine \u00eentr-o form\u0103 cu ac\u021biune prelungit\u0103 pe care o pute\u021bi cump\u0103ra.<\/p>\n<p>Exist\u0103 dou\u0103 tipuri de sare sau pulbere de hidrocodon\u0103:<\/p>\n<p>Hidrocodona este un opioid semisintetic care provine din planta de codein\u0103. Hidrocodona poate fi administrat\u0103 pe cale oral\u0103 pentru a calma durerea \u0219i pentru a opri tusea, adesea cu paracetamol sau ibuprofen. Exist\u0103 o mul\u021bime de re\u021bete pentru hidrocodon\u0103 \u00een Statele Unite.<\/p>\n","protected":false},"excerpt":{"rendered":"<p>Pudr\u0103 de hidrocodon\u0103 de v\u00e2nzare \u00een Europa, Regatul Unit \u0219i Australia. Codeina este folosit\u0103 pentru a face pulbere de hidrocodon\u0103, un opioid semi-sintetic. Cele mai ieftine tarife la Hydrocodone Powder.<\/p>\n<p>Cump\u0103ra\u021bi Hydrocodone Powder Online dintr-o surs\u0103 de \u00eencredere.<\/p>\n<p>Este un opioid semisintetic derivat din codein\u0103. Pulbere de hidrocodon\u0103<\/p>\n","protected":false},"featured_media":5738,"comment_status":"open","ping_status":"closed","template":"","meta":[],"product_brand":[],"product_cat":[2014],"product_tag":[3695,3671,3672,3673,3698,3691,3670,3700,3699,3675,3679,3676,3680,3681,3682,3687,3688,3689,3692,3693,3690,3674,3683,3678,3696,3684,3677,3697,3685,3694,3686],"class_list":{"0":"post-5729","1":"product","2":"type-product","3":"status-publish","4":"has-post-thumbnail","6":"product_cat-cumprare-cercetare-chimice","7":"product_tag-amestecarea-kratom-i-hidrocodon","8":"product_tag-buy-hydrocodone-online-usa","9":"product_tag-buy-hydrocodone-online-without-rx","10":"product_tag-buy-hydrocodone-powder","11":"product_tag-ce-se-ntmpl-cnd-pufi-hidrocodon","12":"product_tag-combinaie-de-kratom-i-hidrocodon","13":"product_tag-cumpr-hidrocodon-acetaminofen","14":"product_tag-de-unde-s-cumpr-pastile-hidrocodon","15":"product_tag-din-ce-este-compus-hidrocodona","16":"product_tag-does-hydrocodone-cause-constipation","17":"product_tag-hidrocodon-efect-pulbere","18":"product_tag-hidrocodon-hcl","19":"product_tag-hydrocodone-powder-for-compounding","20":"product_tag-hydrocodone-powder-for-sale","21":"product_tag-hydrocodone-powder-order","22":"product_tag-hydrocodone-powder-uses","23":"product_tag-hydrocodone-vs-kratom","24":"product_tag-hydrocodone-vs-vicodin","25":"product_tag-kratom-bali-comparativ-cu-hidrocodon","26":"product_tag-kratom-comparativ-cu-norco","27":"product_tag-kratom-i-hidrocodon","28":"product_tag-poate-hidrocodona-te-ucide","29":"product_tag-hidrocodona-pulbere-pret","30":"product_tag-hidrocodon-pulbere-cumprare","31":"product_tag-pudr-pur-hidrocodon-de-vnzare","32":"product_tag-hidrocodon-pulbere-reddit","33":"product_tag-hidrocodon-pulbere","34":"product_tag-crud-hidrocodon-pulbere","35":"product_tag-hidrocodon-pulbere-review","36":"product_tag-kratom-vs-hidrocodon-tria","37":"product_tag-hidrocodon-pulbere-vnzare","39":"first","40":"instock","41":"shipping-taxable","42":"purchasable","43":"product-type-variable","44":"has-default-attributes"},"yoast_head":"<!-- This site is optimized with the Yoast SEO plugin v27.3 - https:\/\/yoast.com\/product\/yoast-seo-wordpress\/ -->\n<title>Cump\u0103ra\u021bi pudr\u0103 de hidrocodon\u0103 - pudr\u0103 de hidrocodon\u0103 - cele mai bune medicamente globale<\/title>\n<meta name=\"description\" content=\"Cump\u0103ra\u021bi pudr\u0103 de hidrocodon\u0103 de calitate pentru v\u00e2nzare \u00een Europa, Marea Britanie, AU online. Pulberea de hidrocodon\u0103 este un opioid semisintetic derivat din codein\u0103. Comanda Hydrocodone Pudr\u0103 la cele mai bune pre\u021buri\" \/>\n<meta name=\"robots\" content=\"index, follow, max-snippet:-1, max-image-preview:large, max-video-preview:-1\" \/>\n<link rel=\"canonical\" href=\"https:\/\/medicinasinc.com\/ro\/product\/cumpara-hidrocodona-pulbere\/\" \/>\n<meta property=\"og:locale\" content=\"en_US\" \/>\n<meta property=\"og:type\" content=\"article\" \/>\n<meta property=\"og:title\" content=\"Cump\u0103ra\u021bi pudr\u0103 de hidrocodon\u0103 - pudr\u0103 de hidrocodon\u0103 - cele mai bune medicamente globale\" \/>\n<meta property=\"og:description\" content=\"Cump\u0103ra\u021bi pudr\u0103 de hidrocodon\u0103 de calitate pentru v\u00e2nzare \u00een Europa, Marea Britanie, AU online. Pulberea de hidrocodon\u0103 este un opioid semisintetic derivat din codein\u0103. Comanda Hydrocodone Pudr\u0103 la cele mai bune pre\u021buri\" \/>\n<meta property=\"og:url\" content=\"https:\/\/medicinasinc.com\/ro\/product\/cumpara-hidrocodona-pulbere\/\" \/>\n<meta property=\"og:site_name\" content=\"Medicinas Inc\" \/>\n<meta property=\"article:modified_time\" content=\"2022-03-22T00:50:14+00:00\" \/>\n<meta property=\"og:image\" content=\"https:\/\/medicinasinc.com\/ro\/wp-content\/uploads\/sites\/11\/2022\/02\/Buy-Hydrocodone-Powder.jpg\" \/>\n\t<meta property=\"og:image:width\" content=\"650\" \/>\n\t<meta property=\"og:image:height\" content=\"390\" \/>\n\t<meta property=\"og:image:type\" content=\"image\/jpeg\" \/>\n<meta name=\"twitter:card\" content=\"summary_large_image\" \/>\n<meta name=\"twitter:label1\" content=\"Est. reading time\" \/>\n\t<meta name=\"twitter:data1\" content=\"1 minute\" \/>\n<script type=\"application\/ld+json\" class=\"yoast-schema-graph\">{\"@context\":\"https:\\\/\\\/schema.org\",\"@graph\":[{\"@type\":\"WebPage\",\"@id\":\"https:\\\/\\\/medicinasinc.com\\\/ro\\\/product\\\/cumpara-hidrocodona-pulbere\\\/\",\"url\":\"https:\\\/\\\/medicinasinc.com\\\/ro\\\/product\\\/cumpara-hidrocodona-pulbere\\\/\",\"name\":\"Cump\u0103ra\u021bi pudr\u0103 de hidrocodon\u0103 - pudr\u0103 de hidrocodon\u0103 - cele mai bune medicamente globale\",\"isPartOf\":{\"@id\":\"https:\\\/\\\/medicinasinc.com\\\/ro\\\/#website\"},\"primaryImageOfPage\":{\"@id\":\"https:\\\/\\\/medicinasinc.com\\\/ro\\\/product\\\/cumpara-hidrocodona-pulbere\\\/#primaryimage\"},\"image\":{\"@id\":\"https:\\\/\\\/medicinasinc.com\\\/ro\\\/product\\\/cumpara-hidrocodona-pulbere\\\/#primaryimage\"},\"thumbnailUrl\":\"https:\\\/\\\/medicinasinc.com\\\/ro\\\/wp-content\\\/uploads\\\/sites\\\/11\\\/2022\\\/02\\\/Buy-Hydrocodone-Powder.jpg\",\"datePublished\":\"2022-02-22T04:59:37+00:00\",\"dateModified\":\"2022-03-22T00:50:14+00:00\",\"description\":\"Cump\u0103ra\u021bi pudr\u0103 de hidrocodon\u0103 de calitate pentru v\u00e2nzare \u00een Europa, Marea Britanie, AU online. Pulberea de hidrocodon\u0103 este un opioid semisintetic derivat din codein\u0103. Comanda Hydrocodone Pudr\u0103 la cele mai bune pre\u021buri\",\"breadcrumb\":{\"@id\":\"https:\\\/\\\/medicinasinc.com\\\/ro\\\/product\\\/cumpara-hidrocodona-pulbere\\\/#breadcrumb\"},\"inLanguage\":\"en-US\",\"potentialAction\":[{\"@type\":\"ReadAction\",\"target\":[\"https:\\\/\\\/medicinasinc.com\\\/ro\\\/product\\\/cumpara-hidrocodona-pulbere\\\/\"]}]},{\"@type\":\"ImageObject\",\"inLanguage\":\"en-US\",\"@id\":\"https:\\\/\\\/medicinasinc.com\\\/ro\\\/product\\\/cumpara-hidrocodona-pulbere\\\/#primaryimage\",\"url\":\"https:\\\/\\\/medicinasinc.com\\\/ro\\\/wp-content\\\/uploads\\\/sites\\\/11\\\/2022\\\/02\\\/Buy-Hydrocodone-Powder.jpg\",\"contentUrl\":\"https:\\\/\\\/medicinasinc.com\\\/ro\\\/wp-content\\\/uploads\\\/sites\\\/11\\\/2022\\\/02\\\/Buy-Hydrocodone-Powder.jpg\",\"width\":650,\"height\":390},{\"@type\":\"BreadcrumbList\",\"@id\":\"https:\\\/\\\/medicinasinc.com\\\/ro\\\/product\\\/cumpara-hidrocodona-pulbere\\\/#breadcrumb\",\"itemListElement\":[{\"@type\":\"ListItem\",\"position\":1,\"name\":\"Magazin\",\"item\":\"https:\\\/\\\/medicinasinc.com\\\/ro\\\/magazin\\\/\"},{\"@type\":\"ListItem\",\"position\":2,\"name\":\"Cump\u0103ra\u021bi pudr\u0103 de hidrocodon\u0103\"}]},{\"@type\":\"WebSite\",\"@id\":\"https:\\\/\\\/medicinasinc.com\\\/ro\\\/#website\",\"url\":\"https:\\\/\\\/medicinasinc.com\\\/ro\\\/\",\"name\":\"Medicinas Inc\",\"description\":\"Health Medical Clinic\",\"potentialAction\":[{\"@type\":\"SearchAction\",\"target\":{\"@type\":\"EntryPoint\",\"urlTemplate\":\"https:\\\/\\\/medicinasinc.com\\\/ro\\\/?s={search_term_string}\"},\"query-input\":{\"@type\":\"PropertyValueSpecification\",\"valueRequired\":true,\"valueName\":\"search_term_string\"}}],\"inLanguage\":\"en-US\"}]}<\/script>\n<!-- \/ Yoast SEO plugin. -->","yoast_head_json":{"title":"Cump\u0103ra\u021bi pudr\u0103 de hidrocodon\u0103 - pudr\u0103 de hidrocodon\u0103 - cele mai bune medicamente globale","description":"Cump\u0103ra\u021bi pudr\u0103 de hidrocodon\u0103 de calitate pentru v\u00e2nzare \u00een Europa, Marea Britanie, AU online. Pulberea de hidrocodon\u0103 este un opioid semisintetic derivat din codein\u0103. Comanda Hydrocodone Pudr\u0103 la cele mai bune pre\u021buri","robots":{"index":"index","follow":"follow","max-snippet":"max-snippet:-1","max-image-preview":"max-image-preview:large","max-video-preview":"max-video-preview:-1"},"canonical":"https:\/\/medicinasinc.com\/ro\/product\/cumpara-hidrocodona-pulbere\/","og_locale":"en_US","og_type":"article","og_title":"Cump\u0103ra\u021bi pudr\u0103 de hidrocodon\u0103 - pudr\u0103 de hidrocodon\u0103 - cele mai bune medicamente globale","og_description":"Cump\u0103ra\u021bi pudr\u0103 de hidrocodon\u0103 de calitate pentru v\u00e2nzare \u00een Europa, Marea Britanie, AU online. Pulberea de hidrocodon\u0103 este un opioid semisintetic derivat din codein\u0103. Comanda Hydrocodone Pudr\u0103 la cele mai bune pre\u021buri","og_url":"https:\/\/medicinasinc.com\/ro\/product\/cumpara-hidrocodona-pulbere\/","og_site_name":"Medicinas Inc","article_modified_time":"2022-03-22T00:50:14+00:00","og_image":[{"width":650,"height":390,"url":"https:\/\/medicinasinc.com\/ro\/wp-content\/uploads\/sites\/11\/2022\/02\/Buy-Hydrocodone-Powder.jpg","type":"image\/jpeg"}],"twitter_card":"summary_large_image","twitter_misc":{"Est. reading time":"1 minute"},"schema":{"@context":"https:\/\/schema.org","@graph":[{"@type":"WebPage","@id":"https:\/\/medicinasinc.com\/ro\/product\/cumpara-hidrocodona-pulbere\/","url":"https:\/\/medicinasinc.com\/ro\/product\/cumpara-hidrocodona-pulbere\/","name":"Cump\u0103ra\u021bi pudr\u0103 de hidrocodon\u0103 - pudr\u0103 de hidrocodon\u0103 - cele mai bune medicamente globale","isPartOf":{"@id":"https:\/\/medicinasinc.com\/ro\/#website"},"primaryImageOfPage":{"@id":"https:\/\/medicinasinc.com\/ro\/product\/cumpara-hidrocodona-pulbere\/#primaryimage"},"image":{"@id":"https:\/\/medicinasinc.com\/ro\/product\/cumpara-hidrocodona-pulbere\/#primaryimage"},"thumbnailUrl":"https:\/\/medicinasinc.com\/ro\/wp-content\/uploads\/sites\/11\/2022\/02\/Buy-Hydrocodone-Powder.jpg","datePublished":"2022-02-22T04:59:37+00:00","dateModified":"2022-03-22T00:50:14+00:00","description":"Cump\u0103ra\u021bi pudr\u0103 de hidrocodon\u0103 de calitate pentru v\u00e2nzare \u00een Europa, Marea Britanie, AU online. Pulberea de hidrocodon\u0103 este un opioid semisintetic derivat din codein\u0103. Comanda Hydrocodone Pudr\u0103 la cele mai bune pre\u021buri","breadcrumb":{"@id":"https:\/\/medicinasinc.com\/ro\/product\/cumpara-hidrocodona-pulbere\/#breadcrumb"},"inLanguage":"en-US","potentialAction":[{"@type":"ReadAction","target":["https:\/\/medicinasinc.com\/ro\/product\/cumpara-hidrocodona-pulbere\/"]}]},{"@type":"ImageObject","inLanguage":"en-US","@id":"https:\/\/medicinasinc.com\/ro\/product\/cumpara-hidrocodona-pulbere\/#primaryimage","url":"https:\/\/medicinasinc.com\/ro\/wp-content\/uploads\/sites\/11\/2022\/02\/Buy-Hydrocodone-Powder.jpg","contentUrl":"https:\/\/medicinasinc.com\/ro\/wp-content\/uploads\/sites\/11\/2022\/02\/Buy-Hydrocodone-Powder.jpg","width":650,"height":390},{"@type":"BreadcrumbList","@id":"https:\/\/medicinasinc.com\/ro\/product\/cumpara-hidrocodona-pulbere\/#breadcrumb","itemListElement":[{"@type":"ListItem","position":1,"name":"Magazin","item":"https:\/\/medicinasinc.com\/ro\/magazin\/"},{"@type":"ListItem","position":2,"name":"Cump\u0103ra\u021bi pudr\u0103 de hidrocodon\u0103"}]},{"@type":"WebSite","@id":"https:\/\/medicinasinc.com\/ro\/#website","url":"https:\/\/medicinasinc.com\/ro\/","name":"Medicinas Inc","description":"Health Medical Clinic","potentialAction":[{"@type":"SearchAction","target":{"@type":"EntryPoint","urlTemplate":"https:\/\/medicinasinc.com\/ro\/?s={search_term_string}"},"query-input":{"@type":"PropertyValueSpecification","valueRequired":true,"valueName":"search_term_string"}}],"inLanguage":"en-US"}]}},"_links":{"self":[{"href":"https:\/\/medicinasinc.com\/ro\/wp-json\/wp\/v2\/product\/5729","targetHints":{"allow":["GET"]}}],"collection":[{"href":"https:\/\/medicinasinc.com\/ro\/wp-json\/wp\/v2\/product"}],"about":[{"href":"https:\/\/medicinasinc.com\/ro\/wp-json\/wp\/v2\/types\/product"}],"replies":[{"embeddable":true,"href":"https:\/\/medicinasinc.com\/ro\/wp-json\/wp\/v2\/comments?post=5729"}],"wp:featuredmedia":[{"embeddable":true,"href":"https:\/\/medicinasinc.com\/ro\/wp-json\/wp\/v2\/media\/5738"}],"wp:attachment":[{"href":"https:\/\/medicinasinc.com\/ro\/wp-json\/wp\/v2\/media?parent=5729"}],"wp:term":[{"taxonomy":"product_brand","embeddable":true,"href":"https:\/\/medicinasinc.com\/ro\/wp-json\/wp\/v2\/product_brand?post=5729"},{"taxonomy":"product_cat","embeddable":true,"href":"https:\/\/medicinasinc.com\/ro\/wp-json\/wp\/v2\/product_cat?post=5729"},{"taxonomy":"product_tag","embeddable":true,"href":"https:\/\/medicinasinc.com\/ro\/wp-json\/wp\/v2\/product_tag?post=5729"}],"curies":[{"name":"wp","href":"https:\/\/api.w.org\/{rel}","templated":true}]}}