{"id":5710,"date":"2022-02-22T04:39:11","date_gmt":"2022-02-22T04:39:11","guid":{"rendered":"https:\/\/medicinasinc.com\/ro\/?post_type=product&#038;p=5710"},"modified":"2022-03-22T00:50:25","modified_gmt":"2022-03-22T00:50:25","slug":"cumpara-mdma-cristale","status":"publish","type":"product","link":"https:\/\/medicinasinc.com\/ro\/product\/cumpara-mdma-cristale\/","title":{"rendered":"Cump\u0103ra\u021bi cristale mdma"},"content":{"rendered":"<p>UNDE SE COMAND\u0102 MDMA POWDER \u0218I CRYSTAL ONLINE<\/p>\n<p>CRYSTAL MDMA este disponibil pentru achizi\u021bie de pe internet. Cump\u0103rarea online a pudrei de MDMA este simpl\u0103 \u0219i convenabil\u0103. 3,4-Metilendioximfetamina, denumit\u0103 mai frecvent extaz, este un stimulent \u0219i este folosit \u00een general pentru distrac\u021bie. Pentru a ob\u021bine rezultatele dorite, efectele includ sentimente modificate \u0219i un plus de energie, empatie \u0219i pl\u0103cere. MDMA poate fi achizi\u021bionat chiar aici, pe site-ul nostru. La \u00eenceput, MDMA a fost folosit mai ales de cei care frecventau cluburile de noapte \u0219i petrecerile de dans toat\u0103 noaptea (cunoscute sub denumirea de \u201erave\u201d), dar de atunci drogul s-a r\u0103sp\u00e2ndit la un public mai larg \u0219i acum este denumit Ecstasy sau Molly.<\/p>\n<p>Este un drog sintetic care afecteaz\u0103 starea de spirit \u0219i percep\u021bia, 3,4-metilendioxi-metanfetamina (MDMA) (con\u0219tientizarea obiectelor \u0219i condi\u021biilor din jur). Ca stimulent \u0219i halucinogen, produce senza\u021bii de energie sporit\u0103, pl\u0103cere \u0219i c\u0103ldur\u0103 emo\u021bional\u0103, precum \u0219i experien\u021b\u0103 senzorial\u0103 confuz\u0103.<\/p>\n<p>Cum este MDMA CYSTAL | Pulbere folosit\u0103 de utilizatorii s\u0103i?<\/p>\n<p>MDMA este folosit\u0103 \u00een mod obi\u0219nuit sub form\u0103 de pastil\u0103 sau capsule, de\u0219i poate fi ingerat\u0103 \u0219i sub form\u0103 de lichid sau pudr\u0103 sub form\u0103 de pulbere. Este obi\u0219nuit s\u0103 se numeasc\u0103 acest MDMA pulbere (MDMA CRYSTAL) Molly, un termen de argou pentru pretinsa form\u0103 de pulbere cristalin\u0103 \u201epur\u0103\u201d a medicamentului. MDMA poate fi combinat cu alte substan\u021be, cum ar fi alcoolul sau marijuana, de c\u0103tre unele persoane.<\/p>\n<p>Care sunt efectele MDMA asupra creierului?<\/p>\n<p>Trei molecule ale creierului sunt activate de MDMA: <\/p>\n<p>Cre\u0219terea energiei \u0219i a activit\u0103\u021bii sunt dou\u0103 dintre efectele dopaminei, care func\u021bioneaz\u0103 ca o recompens\u0103 \u00een sistemul de recompens\u0103 al creierului.<br \/> Cei cu probleme cardiovasculare sau vasculare sunt mai vulnerabili la efectele norepinefrinei, care cre\u0219te ritmul cardiac \u0219i tensiunea arterial\u0103.<br \/> Exist\u0103 multe func\u021bii pe care serotonina le influen\u021beaz\u0103, cum ar fi starea de spirit, foamea \u0219i somnul. De asemenea, are un efect asupra excita\u021biei sexuale \u0219i a \u00eencrederii, provoc\u00e2nd eliberarea de hormoni. Persoanele care iau MDMA raporteaz\u0103 sentimente de conexiune emo\u021bional\u0103, stare de spirit \u00eembun\u0103t\u0103\u021bit\u0103 \u0219i empatie ca urmare a efectelor medicamentului de eliberare a serotoninei. Cump\u0103ra\u021bi pastile Molly de la o farmacie online de renume.<\/p>\n<p>&nbsp;<\/p>\n<p>\u00cen ceea ce prive\u0219te alte efecte negative asupra s\u0103n\u0103t\u0103\u021bii:<\/p>\n<p>dureri de stomac \u0219i crampe<br \/> str\u00e2ngerea din\u021bilor mi-a cauzat o cea\u021b\u0103 \u00een viziune<br \/> frisoare, transpira\u021bie<\/p>\n","protected":false},"excerpt":{"rendered":"<p>Cump\u0103ra\u021bi cristale de mdma de v\u00e2nzare \u00een Marea Britanie \u0219i Europa de la noi. Oamenii care cump\u0103r\u0103 de la noi pot fi siguri c\u0103 vor primi ceea ce pl\u0103tesc. Acum, cump\u0103ra\u021bi 3,4-metil enedioxy metamfetamina.<\/p>\n<p>Exist\u0103 cristale Ecstasy\/Molly de v\u00e2nzare (pute\u021bi cump\u0103ra online cristale Ecstasy\/Molly). Exist\u0103 multe locuri de unde pute\u021bi cump\u0103ra cristale MDMA online. De asemenea, pute\u021bi cump\u0103ra cristale de Methylone online.<\/p>\n","protected":false},"featured_media":5720,"comment_status":"open","ping_status":"closed","template":"","meta":[],"product_brand":[],"product_cat":[2014],"product_tag":[3644,3647,3666,3663,3649,3650,3660,3654,3648,3646,3645,3664,501,3658,506,3667,3668,3669,3653,3665,3651,3652,3656,3657,3661,539,3655,3659,3662],"class_list":{"0":"post-5710","1":"product","2":"type-product","3":"status-publish","4":"has-post-thumbnail","6":"product_cat-cumprare-cercetare-chimice","7":"product_tag-buy-mdma-crystal","8":"product_tag-buy-mdma-powder","9":"product_tag-cel-mai-bun-loc-de-cumprare-mdma-crystal-online","10":"product_tag-comanda-mdma-crystal-online","11":"product_tag-comand-prin-coresponden-mdma","12":"product_tag-comand-prin-coresponden-mdma-crystal","13":"product_tag-mdma-pulbere-cristale","14":"product_tag-mdma-cristale-de-vanzare","15":"product_tag-cum-s-cumprm-mdma-crystal-online","16":"product_tag-cumpr-mdma-cristale","17":"product_tag-cumpr-mdma-crystal-online","18":"product_tag-cumprare-mdma-crystal-online","19":"product_tag-buy-mdma-online","20":"product_tag-mdma-online-buy","21":"product_tag-buy-pure-mdma-online","22":"product_tag-unde-pot-cumpra-mdma","23":"product_tag-unde-s-cumprm-mdma-crystal-online","24":"product_tag-unde-sa-obine-mdma-usa","25":"product_tag-mdma-cristale-efect","26":"product_tag-tags-buy-ecstasy-usa","27":"product_tag-mdma-crystal-de-vanzare","28":"product_tag-mdma-crystal-de-vanzare-online","29":"product_tag-mdma-crystals-reddit","30":"product_tag-mdma-for-sale-usa","31":"product_tag-mdma-powder-crystals-online","32":"product_tag-order-mdma-online","33":"product_tag-mdma-cristale-preturi","34":"product_tag-mdma-pulbere","35":"product_tag-pudr-c4-83-mdma-de-v-c3-a2nzare","37":"first","38":"instock","39":"shipping-taxable","40":"purchasable","41":"product-type-variable","42":"has-default-attributes"},"yoast_head":"<!-- This site is optimized with the Yoast SEO plugin v27.3 - https:\/\/yoast.com\/product\/yoast-seo-wordpress\/ -->\n<title>Cump\u0103ra\u021bi cristale Mdma - Cristale Mdma de v\u00e2nzare - Best Global Meds<\/title>\n<meta name=\"description\" content=\"Cump\u0103ra\u021bi cristale mdma de v\u00e2nzare \u00een Marea Britanie, Europa. oferim cea mai fiabil\u0103 tranzac\u021bie \u0219i vindem la pre\u021buri foarte accesibile. Comanda\u021bi 3,4-metilendioxi metamfetamina acum\" \/>\n<meta name=\"robots\" content=\"index, follow, max-snippet:-1, max-image-preview:large, max-video-preview:-1\" \/>\n<link rel=\"canonical\" href=\"https:\/\/medicinasinc.com\/ro\/product\/cumpara-mdma-cristale\/\" \/>\n<meta property=\"og:locale\" content=\"en_US\" \/>\n<meta property=\"og:type\" content=\"article\" \/>\n<meta property=\"og:title\" content=\"Cump\u0103ra\u021bi cristale Mdma - Cristale Mdma de v\u00e2nzare - Best Global Meds\" \/>\n<meta property=\"og:description\" content=\"Cump\u0103ra\u021bi cristale mdma de v\u00e2nzare \u00een Marea Britanie, Europa. oferim cea mai fiabil\u0103 tranzac\u021bie \u0219i vindem la pre\u021buri foarte accesibile. Comanda\u021bi 3,4-metilendioxi metamfetamina acum\" \/>\n<meta property=\"og:url\" content=\"https:\/\/medicinasinc.com\/ro\/product\/cumpara-mdma-cristale\/\" \/>\n<meta property=\"og:site_name\" content=\"Medicinas Inc\" \/>\n<meta property=\"article:modified_time\" content=\"2022-03-22T00:50:25+00:00\" \/>\n<meta property=\"og:image\" content=\"https:\/\/medicinasinc.com\/ro\/wp-content\/uploads\/sites\/11\/2022\/02\/Buy-mdma-crystals.jpg\" \/>\n\t<meta property=\"og:image:width\" content=\"600\" \/>\n\t<meta property=\"og:image:height\" content=\"600\" \/>\n\t<meta property=\"og:image:type\" content=\"image\/jpeg\" \/>\n<meta name=\"twitter:card\" content=\"summary_large_image\" \/>\n<meta name=\"twitter:label1\" content=\"Est. reading time\" \/>\n\t<meta name=\"twitter:data1\" content=\"2 minutes\" \/>\n<script type=\"application\/ld+json\" class=\"yoast-schema-graph\">{\"@context\":\"https:\\\/\\\/schema.org\",\"@graph\":[{\"@type\":\"WebPage\",\"@id\":\"https:\\\/\\\/medicinasinc.com\\\/ro\\\/product\\\/cumpara-mdma-cristale\\\/\",\"url\":\"https:\\\/\\\/medicinasinc.com\\\/ro\\\/product\\\/cumpara-mdma-cristale\\\/\",\"name\":\"Cump\u0103ra\u021bi cristale Mdma - Cristale Mdma de v\u00e2nzare - Best Global Meds\",\"isPartOf\":{\"@id\":\"https:\\\/\\\/medicinasinc.com\\\/ro\\\/#website\"},\"primaryImageOfPage\":{\"@id\":\"https:\\\/\\\/medicinasinc.com\\\/ro\\\/product\\\/cumpara-mdma-cristale\\\/#primaryimage\"},\"image\":{\"@id\":\"https:\\\/\\\/medicinasinc.com\\\/ro\\\/product\\\/cumpara-mdma-cristale\\\/#primaryimage\"},\"thumbnailUrl\":\"https:\\\/\\\/medicinasinc.com\\\/ro\\\/wp-content\\\/uploads\\\/sites\\\/11\\\/2022\\\/02\\\/Buy-mdma-crystals.jpg\",\"datePublished\":\"2022-02-22T04:39:11+00:00\",\"dateModified\":\"2022-03-22T00:50:25+00:00\",\"description\":\"Cump\u0103ra\u021bi cristale mdma de v\u00e2nzare \u00een Marea Britanie, Europa. oferim cea mai fiabil\u0103 tranzac\u021bie \u0219i vindem la pre\u021buri foarte accesibile. Comanda\u021bi 3,4-metilendioxi metamfetamina acum\",\"breadcrumb\":{\"@id\":\"https:\\\/\\\/medicinasinc.com\\\/ro\\\/product\\\/cumpara-mdma-cristale\\\/#breadcrumb\"},\"inLanguage\":\"en-US\",\"potentialAction\":[{\"@type\":\"ReadAction\",\"target\":[\"https:\\\/\\\/medicinasinc.com\\\/ro\\\/product\\\/cumpara-mdma-cristale\\\/\"]}]},{\"@type\":\"ImageObject\",\"inLanguage\":\"en-US\",\"@id\":\"https:\\\/\\\/medicinasinc.com\\\/ro\\\/product\\\/cumpara-mdma-cristale\\\/#primaryimage\",\"url\":\"https:\\\/\\\/medicinasinc.com\\\/ro\\\/wp-content\\\/uploads\\\/sites\\\/11\\\/2022\\\/02\\\/Buy-mdma-crystals.jpg\",\"contentUrl\":\"https:\\\/\\\/medicinasinc.com\\\/ro\\\/wp-content\\\/uploads\\\/sites\\\/11\\\/2022\\\/02\\\/Buy-mdma-crystals.jpg\",\"width\":600,\"height\":600},{\"@type\":\"BreadcrumbList\",\"@id\":\"https:\\\/\\\/medicinasinc.com\\\/ro\\\/product\\\/cumpara-mdma-cristale\\\/#breadcrumb\",\"itemListElement\":[{\"@type\":\"ListItem\",\"position\":1,\"name\":\"Magazin\",\"item\":\"https:\\\/\\\/medicinasinc.com\\\/ro\\\/magazin\\\/\"},{\"@type\":\"ListItem\",\"position\":2,\"name\":\"Cump\u0103ra\u021bi cristale mdma\"}]},{\"@type\":\"WebSite\",\"@id\":\"https:\\\/\\\/medicinasinc.com\\\/ro\\\/#website\",\"url\":\"https:\\\/\\\/medicinasinc.com\\\/ro\\\/\",\"name\":\"Medicinas Inc\",\"description\":\"Health Medical Clinic\",\"potentialAction\":[{\"@type\":\"SearchAction\",\"target\":{\"@type\":\"EntryPoint\",\"urlTemplate\":\"https:\\\/\\\/medicinasinc.com\\\/ro\\\/?s={search_term_string}\"},\"query-input\":{\"@type\":\"PropertyValueSpecification\",\"valueRequired\":true,\"valueName\":\"search_term_string\"}}],\"inLanguage\":\"en-US\"}]}<\/script>\n<!-- \/ Yoast SEO plugin. -->","yoast_head_json":{"title":"Cump\u0103ra\u021bi cristale Mdma - Cristale Mdma de v\u00e2nzare - Best Global Meds","description":"Cump\u0103ra\u021bi cristale mdma de v\u00e2nzare \u00een Marea Britanie, Europa. oferim cea mai fiabil\u0103 tranzac\u021bie \u0219i vindem la pre\u021buri foarte accesibile. Comanda\u021bi 3,4-metilendioxi metamfetamina acum","robots":{"index":"index","follow":"follow","max-snippet":"max-snippet:-1","max-image-preview":"max-image-preview:large","max-video-preview":"max-video-preview:-1"},"canonical":"https:\/\/medicinasinc.com\/ro\/product\/cumpara-mdma-cristale\/","og_locale":"en_US","og_type":"article","og_title":"Cump\u0103ra\u021bi cristale Mdma - Cristale Mdma de v\u00e2nzare - Best Global Meds","og_description":"Cump\u0103ra\u021bi cristale mdma de v\u00e2nzare \u00een Marea Britanie, Europa. oferim cea mai fiabil\u0103 tranzac\u021bie \u0219i vindem la pre\u021buri foarte accesibile. Comanda\u021bi 3,4-metilendioxi metamfetamina acum","og_url":"https:\/\/medicinasinc.com\/ro\/product\/cumpara-mdma-cristale\/","og_site_name":"Medicinas Inc","article_modified_time":"2022-03-22T00:50:25+00:00","og_image":[{"width":600,"height":600,"url":"https:\/\/medicinasinc.com\/ro\/wp-content\/uploads\/sites\/11\/2022\/02\/Buy-mdma-crystals.jpg","type":"image\/jpeg"}],"twitter_card":"summary_large_image","twitter_misc":{"Est. reading time":"2 minutes"},"schema":{"@context":"https:\/\/schema.org","@graph":[{"@type":"WebPage","@id":"https:\/\/medicinasinc.com\/ro\/product\/cumpara-mdma-cristale\/","url":"https:\/\/medicinasinc.com\/ro\/product\/cumpara-mdma-cristale\/","name":"Cump\u0103ra\u021bi cristale Mdma - Cristale Mdma de v\u00e2nzare - Best Global Meds","isPartOf":{"@id":"https:\/\/medicinasinc.com\/ro\/#website"},"primaryImageOfPage":{"@id":"https:\/\/medicinasinc.com\/ro\/product\/cumpara-mdma-cristale\/#primaryimage"},"image":{"@id":"https:\/\/medicinasinc.com\/ro\/product\/cumpara-mdma-cristale\/#primaryimage"},"thumbnailUrl":"https:\/\/medicinasinc.com\/ro\/wp-content\/uploads\/sites\/11\/2022\/02\/Buy-mdma-crystals.jpg","datePublished":"2022-02-22T04:39:11+00:00","dateModified":"2022-03-22T00:50:25+00:00","description":"Cump\u0103ra\u021bi cristale mdma de v\u00e2nzare \u00een Marea Britanie, Europa. oferim cea mai fiabil\u0103 tranzac\u021bie \u0219i vindem la pre\u021buri foarte accesibile. Comanda\u021bi 3,4-metilendioxi metamfetamina acum","breadcrumb":{"@id":"https:\/\/medicinasinc.com\/ro\/product\/cumpara-mdma-cristale\/#breadcrumb"},"inLanguage":"en-US","potentialAction":[{"@type":"ReadAction","target":["https:\/\/medicinasinc.com\/ro\/product\/cumpara-mdma-cristale\/"]}]},{"@type":"ImageObject","inLanguage":"en-US","@id":"https:\/\/medicinasinc.com\/ro\/product\/cumpara-mdma-cristale\/#primaryimage","url":"https:\/\/medicinasinc.com\/ro\/wp-content\/uploads\/sites\/11\/2022\/02\/Buy-mdma-crystals.jpg","contentUrl":"https:\/\/medicinasinc.com\/ro\/wp-content\/uploads\/sites\/11\/2022\/02\/Buy-mdma-crystals.jpg","width":600,"height":600},{"@type":"BreadcrumbList","@id":"https:\/\/medicinasinc.com\/ro\/product\/cumpara-mdma-cristale\/#breadcrumb","itemListElement":[{"@type":"ListItem","position":1,"name":"Magazin","item":"https:\/\/medicinasinc.com\/ro\/magazin\/"},{"@type":"ListItem","position":2,"name":"Cump\u0103ra\u021bi cristale mdma"}]},{"@type":"WebSite","@id":"https:\/\/medicinasinc.com\/ro\/#website","url":"https:\/\/medicinasinc.com\/ro\/","name":"Medicinas Inc","description":"Health Medical Clinic","potentialAction":[{"@type":"SearchAction","target":{"@type":"EntryPoint","urlTemplate":"https:\/\/medicinasinc.com\/ro\/?s={search_term_string}"},"query-input":{"@type":"PropertyValueSpecification","valueRequired":true,"valueName":"search_term_string"}}],"inLanguage":"en-US"}]}},"_links":{"self":[{"href":"https:\/\/medicinasinc.com\/ro\/wp-json\/wp\/v2\/product\/5710","targetHints":{"allow":["GET"]}}],"collection":[{"href":"https:\/\/medicinasinc.com\/ro\/wp-json\/wp\/v2\/product"}],"about":[{"href":"https:\/\/medicinasinc.com\/ro\/wp-json\/wp\/v2\/types\/product"}],"replies":[{"embeddable":true,"href":"https:\/\/medicinasinc.com\/ro\/wp-json\/wp\/v2\/comments?post=5710"}],"wp:featuredmedia":[{"embeddable":true,"href":"https:\/\/medicinasinc.com\/ro\/wp-json\/wp\/v2\/media\/5720"}],"wp:attachment":[{"href":"https:\/\/medicinasinc.com\/ro\/wp-json\/wp\/v2\/media?parent=5710"}],"wp:term":[{"taxonomy":"product_brand","embeddable":true,"href":"https:\/\/medicinasinc.com\/ro\/wp-json\/wp\/v2\/product_brand?post=5710"},{"taxonomy":"product_cat","embeddable":true,"href":"https:\/\/medicinasinc.com\/ro\/wp-json\/wp\/v2\/product_cat?post=5710"},{"taxonomy":"product_tag","embeddable":true,"href":"https:\/\/medicinasinc.com\/ro\/wp-json\/wp\/v2\/product_tag?post=5710"}],"curies":[{"name":"wp","href":"https:\/\/api.w.org\/{rel}","templated":true}]}}