{"id":5703,"date":"2022-02-22T04:29:46","date_gmt":"2022-02-22T04:29:46","guid":{"rendered":"https:\/\/medicinasinc.com\/ro\/?post_type=product&#038;p=5703"},"modified":"2022-03-22T00:50:36","modified_gmt":"2022-03-22T00:50:36","slug":"buy-dimetiltriptamina-dmt","status":"publish","type":"product","link":"https:\/\/medicinasinc.com\/ro\/product\/buy-dimetiltriptamina-dmt\/","title":{"rendered":"Cump\u0103ra\u021bi Dimetiltriptamina DMT"},"content":{"rendered":"<p>Exist\u0103 o mul\u021bime de locuri pentru a cump\u0103ra DMT Powder online.<\/p>\n<p>DMT exist\u0103 de mult timp. Medicamentul a fost folosit mult de-a lungul anilor pentru o mul\u021bime de lucruri diferite, p\u00e2n\u0103 c\u00e2nd a fost v\u0103zut de guvern ca un medicament care ar putea fi periculos dac\u0103 este luat la extrem. Este posibil s\u0103 nu pute\u021bi cump\u0103ra pulbere DMT online dac\u0103 nu \u0219ti\u021bi cum s\u0103 o face\u021bi. \u00cen cele din urm\u0103, munca voastr\u0103 a dat roade \u0219i ave\u021bi rezultatele pe care le dori\u021bi. Bestglobalmeds este un site web de unde pute\u021bi cump\u0103ra DMT online la un pre\u021b avantajos. Are DMT pur \u0219i de \u00eenalt\u0103 calitate.<\/p>\n<p>Un r\u0103spuns la \u00eentrebarea \u201eCe este pulberea de DMT?\u201d<\/p>\n<p>DMT (N, N-dimetiltriptamina) este o triptamina psihedelic\u0103 natural\u0103 care poate se g\u0103sesc la plante, animale \u0219i oameni. Face parte din grupul de droguri psihedelice (substan\u021be care te fac mai con\u0219tient). Amestecuri de DMT f\u0103cute de Changa sunt, de asemenea, f\u0103cute astfel. Ele pot fi transformate sub form\u0103 de pulbere sau pot fi transformate \u00eentr-o form\u0103 de pulbere.<\/p>\n<p>Este o substan\u021b\u0103 natural\u0103 care poate fi g\u0103sit\u0103 \u00een cantit\u0103\u021bi mici \u00een creierul uman, unde func\u021bia sa este necunoscut\u0103. DMT este cunoscut pentru puterea sa. Dac\u0103 \u00eel fumezi, c\u0103l\u0103toria psihedelice pe care o face dureaz\u0103 doar 5 p\u00e2n\u0103 la 30 de minute, dar efectul pe care \u00eel are este puternic \u0219i de lung\u0103 durat\u0103. Sim\u021bind c\u0103 el sau ea a fost trimis \u00eentr-un loc complet diferit, cu sunete \u0219i imagini care te duc cu g\u00e2ndul la lucruri kal\u0435d\u043e\u0441\u043e\u0440ice,<\/p>\n<p>Berii de ayahuasca, care sunt f\u0103cute cu scoar\u021b\u0103 de copac care con\u021bine DMT \u0219i alte plante care con\u021bin o substan\u021b\u0103 chimic\u0103 numit\u0103 IMAO (inhibitor de monoaminoxidaz\u0103, pentru cei cu adev\u0103rat bolnavi). IMAO face ca DMT s\u0103 dureze mult mai mult \u00een corpurile noastre \u0219i prelunge\u0219te experien\u021ba psihiatric\u0103 ore \u00een \u0219ir. DMT a fost folosit de mult timp \u00een medicamentele tradi\u021bionale.<\/p>\n<p>\u00cen ultimii c\u00e2\u021biva ani, aceast\u0103 b\u0103utur\u0103 a devenit mai popular\u0103 datorit\u0103 propriet\u0103\u021bilor sale vindec\u0103toare, inclusiv ca tratament pentru abuzul de substan\u021be. \u00cen compara\u021bie cu \u201epatriarhul aspru\u201d al lui Sbog\u00e1ne, \u201ematriarha iubitoare\u201d a vindec\u0103rii cu Ayahuasca a fost numit\u0103 \u201ematriarhul iubitor\u201d. \u00cei ajut\u0103 pe oameni s\u0103 distrug\u0103 mecanismele de ap\u0103rare pe care le-au creat \u0219i care \u00eei \u00eempiedic\u0103 s\u0103 se conecteze cu al\u021bii.<\/p>\n<p>\u0218ti\u021bi cum arat\u0103 DMT?<br \/> Descrie\u021bi cum arat\u0103 DMT.<br \/> C\u00c2ND este pur, arat\u0103 ca o pulbere alb\u0103 cristalizat\u0103 sau altceva.<br \/> De asemenea, c\u00e2nd nu este pur, arat\u0103 ca o pulbere sau lichid galben, portocaliu sau roz. Acest lucru este mai comun, dar nu este singurul mod de a privi.<br \/> Un amestec de plante maro\/ro\u0219u, atunci c\u00e2nd este amestecat cu ierburi, face o b\u0103utur\u0103 numit\u0103 ayahuasca Lichior brun\/ro\u0219u atunci c\u00e2nd face parte dintr-o ayahuasca bea.<br \/> DMT are gust \u0219i miros ca ce.<\/p>\n<p>N, N-dimetiltriptamina are un miros \u0219i un gust foarte puternic pe care mul\u021bi oameni, inclusiv clien\u021bii no\u0219tri, le-au asem\u0103nat cu plasticul ars \u0219i cu pantofii noi.<\/p>\n<p>Cum se utilizeaz\u0103 DMT?<\/p>\n<p>C\u00e2nd cump\u0103ra\u021bi DMT online, re\u021bine\u021bi c\u0103 poate fi folosit \u00een trei moduri principale: plesnit, schimbat \u0219i \u00eenf\u0103\u0219at.<\/p>\n<p>DMT-ul este afumat.<\/p>\n<p>Oamenii amestec\u0103 uneori DMT cu ierburi, cum ar fi ayahuasca, pentru a face o b\u0103utur\u0103 numit\u0103 ch\u00e1ng\u0430. Acest lucru se datoreaz\u0103 faptului c\u0103 DMT este periculos \u0219i poate fi periculos pentru fumat. Fiecare lot de changa este diferit \u00een func\u021bie de ierburile folosite, astfel \u00eenc\u00e2t puterea fiec\u0103rui lot variaz\u0103.<\/p>\n<p>Oamenii sunt be\u021bi cu DMT<\/p>\n<p>Ch\u00e1cruna este o plant\u0103 din America de Sud care are DMT \u00een aceasta. Uneori, este amestecat cu planta de ay\u0430huas\u0441\u0430 pentru a face berea \u0219amanic\u0103, \u0430y\u0430huas\u0441\u0430.<\/p>\n<p>Darea DMT cuiva<\/p>\n<p>DMT poate fi preg\u0103tit pentru a fi injectat, iar acest lucru poate fi foarte periculos , de asemenea.<\/p>\n<p>Sforit de DMT<\/p>\n<p>Pentru a ob\u021bine DMT, \u00eel pute\u021bi zdrobi \u00een pulbere \u0219i \u00eel pute\u021bi sforni.<\/p>\n<p>D\u043e\u0455\u0430g\u0435<\/p>\n<p>DMT: a fumat 15-60 mg (doar \u00eentr-o pip\u0103 de sticl\u0103), a adulmecat 20-50 mg \u0219i a b\u0103ut \u00eentre 30 \u0219i 150 mg.<\/p>\n<p>Changa: Totul depinde de c\u00e2t de mult DMT este \u00een cot\u0103.<\/p>\n<p>At\u00e2ta timp c\u00e2t exist\u0103 suficient DMT \u00een amestec.<\/p>\n<p>Ce se va \u00eent\u00e2mpla dac\u0103 lua\u021bi DMT?<br \/> Cum v\u0103 sim\u021bi\u021bi despre asta?<\/p>\n<p> DMT este cunoscut pentru c\u0103 le ofer\u0103 oamenilor care \u00eel iau un \u201etrp\u201d foarte intens, care este numele dat experien\u021bei de a lua psihedelice.<\/p>\n<p>C\u00e2nd lua\u021bi DMT, lumea arat\u0103 foarte diferit. Culorile, sunetele, obiectele \u0219i chiar timpul pot totul par foarte diferit. Unii oameni au experien\u021be \u00een afara corpului \u00een timp ce iau DMT.<\/p>\n<p>Te poate face s\u0103:<\/p>\n<p>vede\u021bi \u0219i auzi\u021bi lucruri care nu exist\u0103 (halu\u0441n\u0430t\u0435), ceea ce ar putea fi un lucru bun sau experien\u021b\u0103 proast\u0103. Sim\u021bi\u021bi c\u0103 timpul \u0219i mi\u0219carea accelereaz\u0103 sau \u00eencetinesc. Aceasta se nume\u0219te \u201evizual\u201d.<br \/> Cum se comport\u0103 oamenii?<\/p>\n<p>Oamenii pot ac\u021biona \u00een moduri la care nu se a\u0219teapt\u0103 atunci c\u00e2nd sunt mari cu DMT, la fel ca \u00een cazul oric\u0103rui drog halucinogen.<\/p>\n<p>Mai mul\u021bi utilizatori spun c\u0103 simt c\u0103 trec printr-o experien\u021b\u0103 aproape de moarte \u0219i, ca urmare, devin foarte t\u0103cu\u021bi \u0219i privesc \u00een interior.<\/p>\n<p>Unii oameni spun c\u0103 pot nu v\u0103 mi\u0219ca\u021bi \u00een timp ce sunt pe DMT.<\/p>\n<p>C\u00e2nd \u00eencepe s\u0103 aib\u0103 efect DMT asupra dvs.?<\/p>\n<p>Totul depinde de c\u00e2t a\u021bi luat, c\u00e2t de mare e\u0219ti , dac\u0103 a\u021bi m\u00e2ncat \u0219i ce alte medicamente a\u021bi luat.<\/p>\n<p>Acest cuv\u00e2nt este cunoscut \u0219i sub denumirea de \u201ek\u0441k\u201d.<\/p>\n<p>Atunci c\u00e2nd este fumat, DMT apare foarte repede. Efectul poate dura mult timp s\u0103 apar\u0103 atunci c\u00e2nd face parte dintr-o ceremonie de ayahuasca.<\/p>\n<p>C\u00e2t a durat?<\/p>\n<p>Po\u021bi fi foarte entuziasmat c\u00e2nd mergi la un DMT c\u0103l\u0103torie, dar dureaz\u0103 \u0219i foarte repede, uneori doar c\u00e2teva minute. Ca parte a unei ceremonii de ayahuasca, o c\u0103l\u0103torie DMT poate dura c\u00e2teva ore, dar poate fi \u0219i foarte scurt\u0103.<\/p>\n<p>Din aceste motive, DMT a fost cunoscut sub numele de \u201ec\u0103l\u0103toria bun\u0435s\u201d \u00een anii 1960 \u00een Statele Unite. Un utilizator putea ob\u021bine toat\u0103 profunzimea \u0219i gama de experien\u021b\u0103 cu acest medicament, care a fost mai rapid\u0103 dec\u00e2t cu alte medicamente, cum ar fi LSD-ul sau ciupercile magice.<\/p>\n<p>DMT are ce?<br \/> A\u0219a este s\u0103n\u0103tatea fizic\u0103 func\u021bioneaz\u0103:<\/p>\n<p>Mul\u021bi oameni din America de Sud beau sau m\u0103n\u00e2nc\u0103 b\u0103uturi sau alimente care au DMT ca parte a modului lor de via\u021b\u0103. Cel mai cunoscut exemplu sunt ceremoniile de ayahuasca.<\/p>\n<p>Exist\u0103 oameni care cred c\u0103 DMT este un medicament spiritual care este, de asemenea, sigur, dar este totu\u0219i un halucinogen chimic.<\/p>\n<p>Poate:<\/p>\n<p>Este timpul s\u0103 v\u0103 verifica\u021bi tensiunea arterial\u0103.<br \/> dac\u0103 ave\u021bi o boal\u0103 cardiac\u0103 preexistent\u0103, cre\u0219terea ritmului cardiac ar putea s\u0103 v\u0103 \u00eemboln\u0103veasc\u0103 \u0219i s\u0103 v\u0103 fac\u0103 s\u0103 dori\u021bi s\u0103 pleca\u021bi. Acest lucru se datoreaz\u0103 faptului c\u0103 corpul t\u0103u prime\u0219te mult\u0103 otrav\u0103.<\/p>\n<p>Dac\u0103 iei DMT, acesta poate avea o mul\u021bime de efecte diferite \u0219i, uneori, foarte \u00eensp\u0103im\u00e2nt\u0103toare. Este posibil ca aceste efecte s\u0103 nu fie nici m\u0103car \u00een capul unei persoane.<\/p>\n<p>Poate fi foarte confuz \u0219i \u00eenfrico\u0219\u0103tor dac\u0103 o persoan\u0103 intr\u0103.<\/p>\n<p>Te poate ajuta: dac\u0103 iei un medicament precum DMT .<\/p>\n<p>Flashback-urile apar atunci c\u00e2nd o parte a unei c\u0103l\u0103torii este retr\u0103it\u0103 dup\u0103 cea ini\u021bial\u0103.<br \/> Urm\u0103ri\u021bi \u00eendeaproape pe cineva care a avut probleme de s\u0103n\u0103tate mintal\u0103 \u00een trecut. Ar putea cauza probleme cuiva care nu \u0219tia c\u0103 risc\u0103 s\u0103 aib\u0103 probleme de s\u0103n\u0103tate mintal\u0103.<br \/> Dac\u0103 c\u0103l\u0103toria merge prost, utilizatorul s-ar putea r\u0103ni. Deci, dac\u0103 sunte\u021bi \u00eentr-o dispozi\u021bie proast\u0103 sau anxioas\u0103, este posibil s\u0103 nu dori\u021bi s\u0103 lua\u021bi DMT.<br \/> Duce la efecte nepl\u0103cute \u0219i emo\u021bionale care ar putea dura c\u00e2teva zile dup\u0103 administrarea medicamentului. Aceste efecte pot fi nepl\u0103cute sau emo\u021bionale.<\/p>\n<div class=\"product-next-previous\">\n<div class=\"product-prev\"><\/div><\/div>\n","protected":false},"excerpt":{"rendered":"<p>Cump\u0103ra\u021bi Dimethyltryptamine DMT pentru v\u00e2nzare \u00een Marea Britanie, Europa, AU. oferim cea mai fiabil\u0103 tranzac\u021bie \u0219i vindem la pre\u021buri foarte accesibile. Comanda\u021bi DMT acum la cele mai bune pre\u021buri. Dimetiltriptamina noastr\u0103 este una dintre cele mai bune de la cel mai de \u00eencredere furnizor, contacta\u021bi acum pentru a comanda DMT de dimetiltriptamin\u0103 de calitate pur\u0103 de v\u00e2nzare<\/p>\n<p><em>Dmt<\/em>\u00a0este un puternic medicament halucinogen g\u0103sit \u00een mai multe plante care poate fie afumat, pufnit sau amestecat cu ayahuasca. Comanda\u00a0<em>DMT<\/em>\u00a0online.<\/p>\n","protected":false},"featured_media":5713,"comment_status":"open","ping_status":"closed","template":"","meta":[],"product_brand":[],"product_cat":[703,2014],"product_tag":[3615,3616,3620,3621,3622,3643,3641,3295,3640,3619,3617,3633,3618,3625,3630,3631,3632,3624,3628,3635,3642,3637,3638,3626,3623,3634,3627,3629,3636,3639],"class_list":{"0":"post-5703","1":"product","2":"type-product","3":"status-publish","4":"has-post-thumbnail","6":"product_cat-cumpr-medicamente-psihedelice","7":"product_cat-cumprare-cercetare-chimice","8":"product_tag-best-place-to-buy-dimethyltryptamine","9":"product_tag-buy-dimethyltryptamine","10":"product_tag-bu-psycheclic-drug","11":"product_tag-bu-pur-dmthltrtmn-dmt-onln","12":"product_tag-bu-hl-drug-nln","13":"product_tag-ce-este-dmt-pulbere","14":"product_tag-comanda-dmt","15":"product_tag-dmt-order","16":"product_tag-ordin-dimetiltriptamina","17":"product_tag-acesta-este--dmt","18":"product_tag-buy-dmt","19":"product_tag-dmt-buy","20":"product_tag-buy-pure-dmt","21":"product_tag-dimethyltryptamine-buy","22":"product_tag-dimethyltryptamine-purchase","23":"product_tag-dimethyltryptamine-reddit","24":"product_tag-dimethyltryptamine-review","25":"product_tag-dimetiltriptamina","26":"product_tag-dimetiltriptamina-de-vnzare","27":"product_tag-dmt-de-vanzare","28":"product_tag-pure-dmt-de-vanzare","29":"product_tag-dmt-review","30":"product_tag-dmt-sale","31":"product_tag-dimetiltriptamina-doza-pentru-femei-insarcinate","32":"product_tag-ieftin-psihiclic-drog","33":"product_tag-efect-dmt","34":"product_tag-efect-de-dimetiltriptamin","35":"product_tag-ordinul-dimetiltriptaminei","36":"product_tag-dmt-reddit","37":"product_tag-dmt-sales","39":"first","40":"instock","41":"shipping-taxable","42":"purchasable","43":"product-type-variable","44":"has-default-attributes"},"yoast_head":"<!-- This site is optimized with the Yoast SEO plugin v27.3 - https:\/\/yoast.com\/product\/yoast-seo-wordpress\/ -->\n<title>Cump\u0103ra\u021bi Dimethyltryptamine DMT - Dmt De v\u00e2nzare - Cele mai bune medicamente globale<\/title>\n<meta name=\"description\" content=\"Cump\u0103ra\u021bi Dimetiltriptamina DMT de v\u00e2nzare \u00een Marea Britanie, Europa, AU. oferim cea mai fiabil\u0103 tranzac\u021bie \u0219i vindem la pre\u021buri foarte accesibile. Comanda\u021bi DMT acum la cele mai bune pre\u021buri\" \/>\n<meta name=\"robots\" content=\"index, follow, max-snippet:-1, max-image-preview:large, max-video-preview:-1\" \/>\n<link rel=\"canonical\" href=\"https:\/\/medicinasinc.com\/ro\/product\/buy-dimetiltriptamina-dmt\/\" \/>\n<meta property=\"og:locale\" content=\"en_US\" \/>\n<meta property=\"og:type\" content=\"article\" \/>\n<meta property=\"og:title\" content=\"Cump\u0103ra\u021bi Dimethyltryptamine DMT - Dmt De v\u00e2nzare - Cele mai bune medicamente globale\" \/>\n<meta property=\"og:description\" content=\"Cump\u0103ra\u021bi Dimetiltriptamina DMT de v\u00e2nzare \u00een Marea Britanie, Europa, AU. oferim cea mai fiabil\u0103 tranzac\u021bie \u0219i vindem la pre\u021buri foarte accesibile. Comanda\u021bi DMT acum la cele mai bune pre\u021buri\" \/>\n<meta property=\"og:url\" content=\"https:\/\/medicinasinc.com\/ro\/product\/buy-dimetiltriptamina-dmt\/\" \/>\n<meta property=\"og:site_name\" content=\"Medicinas Inc\" \/>\n<meta property=\"article:modified_time\" content=\"2022-03-22T00:50:36+00:00\" \/>\n<meta property=\"og:image\" content=\"https:\/\/medicinasinc.com\/ro\/wp-content\/uploads\/sites\/11\/2022\/02\/DMT-for-Sale.jpg\" \/>\n\t<meta property=\"og:image:width\" content=\"500\" \/>\n\t<meta property=\"og:image:height\" content=\"500\" \/>\n\t<meta property=\"og:image:type\" content=\"image\/jpeg\" \/>\n<meta name=\"twitter:card\" content=\"summary_large_image\" \/>\n<meta name=\"twitter:label1\" content=\"Est. reading time\" \/>\n\t<meta name=\"twitter:data1\" content=\"6 minutes\" \/>\n<script type=\"application\/ld+json\" class=\"yoast-schema-graph\">{\"@context\":\"https:\\\/\\\/schema.org\",\"@graph\":[{\"@type\":\"WebPage\",\"@id\":\"https:\\\/\\\/medicinasinc.com\\\/ro\\\/product\\\/buy-dimetiltriptamina-dmt\\\/\",\"url\":\"https:\\\/\\\/medicinasinc.com\\\/ro\\\/product\\\/buy-dimetiltriptamina-dmt\\\/\",\"name\":\"Cump\u0103ra\u021bi Dimethyltryptamine DMT - Dmt De v\u00e2nzare - Cele mai bune medicamente globale\",\"isPartOf\":{\"@id\":\"https:\\\/\\\/medicinasinc.com\\\/ro\\\/#website\"},\"primaryImageOfPage\":{\"@id\":\"https:\\\/\\\/medicinasinc.com\\\/ro\\\/product\\\/buy-dimetiltriptamina-dmt\\\/#primaryimage\"},\"image\":{\"@id\":\"https:\\\/\\\/medicinasinc.com\\\/ro\\\/product\\\/buy-dimetiltriptamina-dmt\\\/#primaryimage\"},\"thumbnailUrl\":\"https:\\\/\\\/medicinasinc.com\\\/ro\\\/wp-content\\\/uploads\\\/sites\\\/11\\\/2022\\\/02\\\/DMT-for-Sale.jpg\",\"datePublished\":\"2022-02-22T04:29:46+00:00\",\"dateModified\":\"2022-03-22T00:50:36+00:00\",\"description\":\"Cump\u0103ra\u021bi Dimetiltriptamina DMT de v\u00e2nzare \u00een Marea Britanie, Europa, AU. oferim cea mai fiabil\u0103 tranzac\u021bie \u0219i vindem la pre\u021buri foarte accesibile. Comanda\u021bi DMT acum la cele mai bune pre\u021buri\",\"breadcrumb\":{\"@id\":\"https:\\\/\\\/medicinasinc.com\\\/ro\\\/product\\\/buy-dimetiltriptamina-dmt\\\/#breadcrumb\"},\"inLanguage\":\"en-US\",\"potentialAction\":[{\"@type\":\"ReadAction\",\"target\":[\"https:\\\/\\\/medicinasinc.com\\\/ro\\\/product\\\/buy-dimetiltriptamina-dmt\\\/\"]}]},{\"@type\":\"ImageObject\",\"inLanguage\":\"en-US\",\"@id\":\"https:\\\/\\\/medicinasinc.com\\\/ro\\\/product\\\/buy-dimetiltriptamina-dmt\\\/#primaryimage\",\"url\":\"https:\\\/\\\/medicinasinc.com\\\/ro\\\/wp-content\\\/uploads\\\/sites\\\/11\\\/2022\\\/02\\\/DMT-for-Sale.jpg\",\"contentUrl\":\"https:\\\/\\\/medicinasinc.com\\\/ro\\\/wp-content\\\/uploads\\\/sites\\\/11\\\/2022\\\/02\\\/DMT-for-Sale.jpg\",\"width\":500,\"height\":500},{\"@type\":\"BreadcrumbList\",\"@id\":\"https:\\\/\\\/medicinasinc.com\\\/ro\\\/product\\\/buy-dimetiltriptamina-dmt\\\/#breadcrumb\",\"itemListElement\":[{\"@type\":\"ListItem\",\"position\":1,\"name\":\"Magazin\",\"item\":\"https:\\\/\\\/medicinasinc.com\\\/ro\\\/magazin\\\/\"},{\"@type\":\"ListItem\",\"position\":2,\"name\":\"Cump\u0103ra\u021bi Dimetiltriptamina DMT\"}]},{\"@type\":\"WebSite\",\"@id\":\"https:\\\/\\\/medicinasinc.com\\\/ro\\\/#website\",\"url\":\"https:\\\/\\\/medicinasinc.com\\\/ro\\\/\",\"name\":\"Medicinas Inc\",\"description\":\"Health Medical Clinic\",\"potentialAction\":[{\"@type\":\"SearchAction\",\"target\":{\"@type\":\"EntryPoint\",\"urlTemplate\":\"https:\\\/\\\/medicinasinc.com\\\/ro\\\/?s={search_term_string}\"},\"query-input\":{\"@type\":\"PropertyValueSpecification\",\"valueRequired\":true,\"valueName\":\"search_term_string\"}}],\"inLanguage\":\"en-US\"}]}<\/script>\n<!-- \/ Yoast SEO plugin. -->","yoast_head_json":{"title":"Cump\u0103ra\u021bi Dimethyltryptamine DMT - Dmt De v\u00e2nzare - Cele mai bune medicamente globale","description":"Cump\u0103ra\u021bi Dimetiltriptamina DMT de v\u00e2nzare \u00een Marea Britanie, Europa, AU. oferim cea mai fiabil\u0103 tranzac\u021bie \u0219i vindem la pre\u021buri foarte accesibile. Comanda\u021bi DMT acum la cele mai bune pre\u021buri","robots":{"index":"index","follow":"follow","max-snippet":"max-snippet:-1","max-image-preview":"max-image-preview:large","max-video-preview":"max-video-preview:-1"},"canonical":"https:\/\/medicinasinc.com\/ro\/product\/buy-dimetiltriptamina-dmt\/","og_locale":"en_US","og_type":"article","og_title":"Cump\u0103ra\u021bi Dimethyltryptamine DMT - Dmt De v\u00e2nzare - Cele mai bune medicamente globale","og_description":"Cump\u0103ra\u021bi Dimetiltriptamina DMT de v\u00e2nzare \u00een Marea Britanie, Europa, AU. oferim cea mai fiabil\u0103 tranzac\u021bie \u0219i vindem la pre\u021buri foarte accesibile. Comanda\u021bi DMT acum la cele mai bune pre\u021buri","og_url":"https:\/\/medicinasinc.com\/ro\/product\/buy-dimetiltriptamina-dmt\/","og_site_name":"Medicinas Inc","article_modified_time":"2022-03-22T00:50:36+00:00","og_image":[{"width":500,"height":500,"url":"https:\/\/medicinasinc.com\/ro\/wp-content\/uploads\/sites\/11\/2022\/02\/DMT-for-Sale.jpg","type":"image\/jpeg"}],"twitter_card":"summary_large_image","twitter_misc":{"Est. reading time":"6 minutes"},"schema":{"@context":"https:\/\/schema.org","@graph":[{"@type":"WebPage","@id":"https:\/\/medicinasinc.com\/ro\/product\/buy-dimetiltriptamina-dmt\/","url":"https:\/\/medicinasinc.com\/ro\/product\/buy-dimetiltriptamina-dmt\/","name":"Cump\u0103ra\u021bi Dimethyltryptamine DMT - Dmt De v\u00e2nzare - Cele mai bune medicamente globale","isPartOf":{"@id":"https:\/\/medicinasinc.com\/ro\/#website"},"primaryImageOfPage":{"@id":"https:\/\/medicinasinc.com\/ro\/product\/buy-dimetiltriptamina-dmt\/#primaryimage"},"image":{"@id":"https:\/\/medicinasinc.com\/ro\/product\/buy-dimetiltriptamina-dmt\/#primaryimage"},"thumbnailUrl":"https:\/\/medicinasinc.com\/ro\/wp-content\/uploads\/sites\/11\/2022\/02\/DMT-for-Sale.jpg","datePublished":"2022-02-22T04:29:46+00:00","dateModified":"2022-03-22T00:50:36+00:00","description":"Cump\u0103ra\u021bi Dimetiltriptamina DMT de v\u00e2nzare \u00een Marea Britanie, Europa, AU. oferim cea mai fiabil\u0103 tranzac\u021bie \u0219i vindem la pre\u021buri foarte accesibile. Comanda\u021bi DMT acum la cele mai bune pre\u021buri","breadcrumb":{"@id":"https:\/\/medicinasinc.com\/ro\/product\/buy-dimetiltriptamina-dmt\/#breadcrumb"},"inLanguage":"en-US","potentialAction":[{"@type":"ReadAction","target":["https:\/\/medicinasinc.com\/ro\/product\/buy-dimetiltriptamina-dmt\/"]}]},{"@type":"ImageObject","inLanguage":"en-US","@id":"https:\/\/medicinasinc.com\/ro\/product\/buy-dimetiltriptamina-dmt\/#primaryimage","url":"https:\/\/medicinasinc.com\/ro\/wp-content\/uploads\/sites\/11\/2022\/02\/DMT-for-Sale.jpg","contentUrl":"https:\/\/medicinasinc.com\/ro\/wp-content\/uploads\/sites\/11\/2022\/02\/DMT-for-Sale.jpg","width":500,"height":500},{"@type":"BreadcrumbList","@id":"https:\/\/medicinasinc.com\/ro\/product\/buy-dimetiltriptamina-dmt\/#breadcrumb","itemListElement":[{"@type":"ListItem","position":1,"name":"Magazin","item":"https:\/\/medicinasinc.com\/ro\/magazin\/"},{"@type":"ListItem","position":2,"name":"Cump\u0103ra\u021bi Dimetiltriptamina DMT"}]},{"@type":"WebSite","@id":"https:\/\/medicinasinc.com\/ro\/#website","url":"https:\/\/medicinasinc.com\/ro\/","name":"Medicinas Inc","description":"Health Medical Clinic","potentialAction":[{"@type":"SearchAction","target":{"@type":"EntryPoint","urlTemplate":"https:\/\/medicinasinc.com\/ro\/?s={search_term_string}"},"query-input":{"@type":"PropertyValueSpecification","valueRequired":true,"valueName":"search_term_string"}}],"inLanguage":"en-US"}]}},"_links":{"self":[{"href":"https:\/\/medicinasinc.com\/ro\/wp-json\/wp\/v2\/product\/5703","targetHints":{"allow":["GET"]}}],"collection":[{"href":"https:\/\/medicinasinc.com\/ro\/wp-json\/wp\/v2\/product"}],"about":[{"href":"https:\/\/medicinasinc.com\/ro\/wp-json\/wp\/v2\/types\/product"}],"replies":[{"embeddable":true,"href":"https:\/\/medicinasinc.com\/ro\/wp-json\/wp\/v2\/comments?post=5703"}],"wp:featuredmedia":[{"embeddable":true,"href":"https:\/\/medicinasinc.com\/ro\/wp-json\/wp\/v2\/media\/5713"}],"wp:attachment":[{"href":"https:\/\/medicinasinc.com\/ro\/wp-json\/wp\/v2\/media?parent=5703"}],"wp:term":[{"taxonomy":"product_brand","embeddable":true,"href":"https:\/\/medicinasinc.com\/ro\/wp-json\/wp\/v2\/product_brand?post=5703"},{"taxonomy":"product_cat","embeddable":true,"href":"https:\/\/medicinasinc.com\/ro\/wp-json\/wp\/v2\/product_cat?post=5703"},{"taxonomy":"product_tag","embeddable":true,"href":"https:\/\/medicinasinc.com\/ro\/wp-json\/wp\/v2\/product_tag?post=5703"}],"curies":[{"name":"wp","href":"https:\/\/api.w.org\/{rel}","templated":true}]}}