{"id":5696,"date":"2022-02-22T04:23:00","date_gmt":"2022-02-22T04:23:00","guid":{"rendered":"https:\/\/medicinasinc.com\/ro\/?post_type=product&#038;p=5696"},"modified":"2022-03-22T00:50:50","modified_gmt":"2022-03-22T00:50:50","slug":"cumpar-efenidina-pulbere","status":"publish","type":"product","link":"https:\/\/medicinasinc.com\/ro\/product\/cumpar-efenidina-pulbere\/","title":{"rendered":"Cump\u0103ra\u021bi pulbere de efenidin\u0103"},"content":{"rendered":"<p>Pudr\u0103 de efenidin\u0103: Cump\u0103ra\u021bi efenidin\u0103 \u00een Marea Britanie, Europa, Asia, SUA, Australia, China \u0219i restul lumii de la pudr\u0103 de efenidin\u0103.<\/p>\n<p>Efenidin\u0103 european\u0103 de v\u00e2nzare, furnizor de efenidin\u0103, pt. v\u00e2nzare. Angrosi\u015ftii de efenidin\u0103 o pot trimite \u00een Europa.<\/p>\n<p>Efenidina, cunoscut\u0103 \u015fi sub denumirea de NEDPA \u015fi EPE, este un anestezic disociativ care face parte din clasa de medicamente diariletilamine. Din punct de vedere fizic, efenidina este similar\u0103 cu diariletilaminele precum difenidina \u0219i metoxfenidina, care sunt numite \u0219i efenidin\u0103. Sedarea, halucina\u021biile, anestezia \u0219i st\u0103rile \u00een afara corpului, numite \u201eanestezie disociativ\u0103\u201d, sunt c\u00e2teva dintre efectele secundare.<\/p>\n<p>Informa\u021bii detaliate despre acest articol:<\/p>\n<p>olandez\u0103, lituanian\u0103 , \u0219i american<br \/> Numele s\u0103u este Ephenidine Powder.<br \/> EPE este denumirea IUPAC pentru N-Etil-1,2-difeniletilamin\u0103.<br \/> Num\u0103r CAS: 60951-19-1<br \/> C16H19N este MF.<br \/> Mai mult de 99,5 la sut\u0103<br \/> Iat\u0103 cum arat\u0103:<br \/> Pung\u0103 din folie de aluminiu sau pung\u0103 de plastic: Cum se \u00eempacheteaz\u0103:<\/p>\n<p>Condi\u021bii de plat\u0103:<\/p>\n<p>Suma minim\u0103 a comenzii: \u00centreba\u021bi despre condi\u021biile de plat\u0103: Bitcoin, Money Gram, Transfer bancar \u0219i a\u0219a mai departe.<\/p>\n<p>Reguli de livrare \u0219i livrare:<\/p>\n<p>1. Vom trimite bunurile \u00een 1 zi dup\u0103 ce pl\u0103ti\u021bi.<br \/> 2: Vom trimite bunurile prin UPS, DHL, TNT sau FEDEX. Vom alege cel mai bun curier pentru fiecare \u021bar\u0103 \u0219i vom g\u0103si cea mai sigur\u0103 modalitate de a v\u0103 trimite m\u0103rfurile.<br \/> Este nevoie de aproximativ trei p\u00e2n\u0103 la cinci zile pentru a primi coresponden\u021ba de la EMS. DHL, UPS \u0219i FedEx dureaz\u0103 4-5 zile.<br \/> 4. V\u0103mile \u00een \u021b\u0103ri precum Rusia, Australia \u0219i Canada sunt foarte stricte, dar ne putem asigura c\u0103 livr\u0103m 100% din timp.<br \/> 5. De regul\u0103, ar trebui s\u0103 primi\u021bi m\u0103rfurile \u00een 4-5 zile. Dac\u0103 m\u0103rfurile s-au pierdut sau nu au ajuns din alte motive, le vom trimite din nou.<\/p>\n<p>Pre\u021b: v\u0103 rug\u0103m s\u0103 \u00eentreba\u021bi.<\/p>\n<p>Not\u0103:<\/p>\n<p> Avem o mul\u021bime de clien\u021bi obi\u0219nui\u021bi \u00een toat\u0103 lumea \u0219i sper\u0103m s\u0103 lucr\u0103m cu tine pentru o lung\u0103 perioad\u0103 de timp. Pentru mai multe informa\u021bii, v\u0103 rug\u0103m s\u0103 nu ezita\u021bi s\u0103 ne contacta\u021bi. Vom face tot posibilul pentru a v\u0103 satisface nevoile. Mul\u021bumesc!<\/p>\n","protected":false},"excerpt":{"rendered":"<div class=\"woocommerce-product-details__short-description\">\n<p>Bestglobalmeds.com are pudr\u0103 de efenidin\u0103 de \u00eenalt\u0103 puritate de v\u00e2nzare \u00een Marea Britanie, Europa \u0219i Australia \u0219i vi-l putem livra oriunde \u00een lume. Aici pute\u021bi cump\u0103ra cea mai bun\u0103 pudr\u0103 de efenidin\u0103 la comand\u0103.<\/p>\n<p>Cump\u0103ra\u021bi online pudr\u0103 de efenidin\u0103 \u0219i ob\u021bine\u021bi-o la un pre\u021b bun. Un medicament numit Efedrina este un anestezic disociativ. De asemenea, blocheaz\u0103 receptorul NMDA, ceea ce face mai pu\u021bin probabil ca medicamentul s\u0103 func\u021bioneze.<\/p>\n<p>Cump\u0103ra\u021bi pudr\u0103 de efenidin\u0103 pur\u0103, de \u00eenalt\u0103 calitate online, cu Bitcoin \u2013 Pute\u021bi face acest lucru.<\/p>\n<p>Cump\u0103ra\u021bi pentru medicamente legale online, cump\u0103ra\u021bi produse chimice de cercetare, pulberi farmaceutice brute \u0219i multe altele dintr-un magazin.<\/p>\n<p>Pudr\u0103 de efenidin\u0103, intermediari farmaceutici \u0219i pulberi brute sunt v\u00e2ndute de aceast\u0103 companie.<\/p>\n<p>Exist\u0103 Pastile de efenidin\u0103 de v\u00e2nzare. Furnizor\u00a0China\u00a0de\u00a0efenidin\u0103. Exportator de efenidin\u0103 cu ridicata<\/p>\n<p><em>Cump\u0103ra\u021bi pulbere de efenidin\u0103<\/em> cu ridicata online, \u00een vrac acum. Efenidina este un anestezic disociativ \u0219i ac\u021bioneaz\u0103 ca un antagonist pentru NMDA.<\/p>\n<p>&nbsp;<\/p>\n<\/p><\/div>\n","protected":false},"featured_media":5707,"comment_status":"open","ping_status":"closed","template":"","meta":[],"product_brand":[],"product_cat":[2014],"product_tag":[3609,3591,3593,3594,3614,3612,3611,3592,3595,3596,3597,3603,3599,3602,3600,3601,3606,3607,3610,3605,3608,3604,3613,3598],"class_list":{"0":"post-5696","1":"product","2":"type-product","3":"status-publish","4":"has-post-thumbnail","6":"product_cat-cumprare-cercetare-chimice","7":"product_tag-mdma-pulbere-cumprare","8":"product_tag-anestezic","9":"product_tag-buy-ephenidine-powder-europe","10":"product_tag-buy-ephenidine-powder-online","11":"product_tag-ce-este-efenidina-pulbere","12":"product_tag-comanda-ephenidine-pudra-online","13":"product_tag-comanda-efenidina-pulbere","14":"product_tag-cumpr-efenidin-pulbere","15":"product_tag-diariletilamin","16":"product_tag-disociativ","17":"product_tag-dissociative-anesthetic","18":"product_tag-efenidina-efect-pulbere","19":"product_tag-efenidin","20":"product_tag-efenidin-pulbere-china","21":"product_tag-ephenidine-powder-bulk","22":"product_tag-ephenidine-powder-buy","23":"product_tag-ephenidine-powder-reddit","24":"product_tag-ephenidine-powder-supplier","25":"product_tag-nedpa","26":"product_tag-efenidina-pulbere-ordine","27":"product_tag-efenidin-pulbere-comer-cu-ridicata","28":"product_tag-pulbere-efenidin-de-vnzare","29":"product_tag-pur-efenidin-pulbere","30":"product_tag-termen","32":"first","33":"instock","34":"featured","35":"shipping-taxable","36":"purchasable","37":"product-type-variable","38":"has-default-attributes"},"yoast_head":"<!-- This site is optimized with the Yoast SEO plugin v27.3 - https:\/\/yoast.com\/product\/yoast-seo-wordpress\/ -->\n<title>Cump\u0103ra\u021bi Ephenidine Powder - Ephenidine Powder Online - Cele mai bune medicamente globale<\/title>\n<meta name=\"description\" content=\"Cump\u0103ra\u021bi pulbere de efenidin\u0103 de \u00eenalt\u0103 puritate pentru v\u00e2nzare \u00een Marea Britanie, Europa, AU \u00een magazinul nostru online Bestglobalmeds.com cu livrare rapid\u0103 \u00een \u00eentreaga lume! Cea mai bun\u0103 pulbere de efenidin\u0103 pentru comand\u0103 o vei g\u0103si aici!\" \/>\n<meta name=\"robots\" content=\"index, follow, max-snippet:-1, max-image-preview:large, max-video-preview:-1\" \/>\n<link rel=\"canonical\" href=\"https:\/\/medicinasinc.com\/ro\/product\/cumpar-efenidina-pulbere\/\" \/>\n<meta property=\"og:locale\" content=\"en_US\" \/>\n<meta property=\"og:type\" content=\"article\" \/>\n<meta property=\"og:title\" content=\"Cump\u0103ra\u021bi Ephenidine Powder - Ephenidine Powder Online - Cele mai bune medicamente globale\" \/>\n<meta property=\"og:description\" content=\"Cump\u0103ra\u021bi pulbere de efenidin\u0103 de \u00eenalt\u0103 puritate pentru v\u00e2nzare \u00een Marea Britanie, Europa, AU \u00een magazinul nostru online Bestglobalmeds.com cu livrare rapid\u0103 \u00een \u00eentreaga lume! Cea mai bun\u0103 pulbere de efenidin\u0103 pentru comand\u0103 o vei g\u0103si aici!\" \/>\n<meta property=\"og:url\" content=\"https:\/\/medicinasinc.com\/ro\/product\/cumpar-efenidina-pulbere\/\" \/>\n<meta property=\"og:site_name\" content=\"Medicinas Inc\" \/>\n<meta property=\"article:modified_time\" content=\"2022-03-22T00:50:50+00:00\" \/>\n<meta property=\"og:image\" content=\"https:\/\/medicinasinc.com\/ro\/wp-content\/uploads\/sites\/11\/2022\/02\/Buy-Ephenidine-Powder-1.jpg\" \/>\n\t<meta property=\"og:image:width\" content=\"1080\" \/>\n\t<meta property=\"og:image:height\" content=\"1166\" \/>\n\t<meta property=\"og:image:type\" content=\"image\/jpeg\" \/>\n<meta name=\"twitter:card\" content=\"summary_large_image\" \/>\n<meta name=\"twitter:label1\" content=\"Est. reading time\" \/>\n\t<meta name=\"twitter:data1\" content=\"2 minutes\" \/>\n<script type=\"application\/ld+json\" class=\"yoast-schema-graph\">{\"@context\":\"https:\\\/\\\/schema.org\",\"@graph\":[{\"@type\":\"WebPage\",\"@id\":\"https:\\\/\\\/medicinasinc.com\\\/ro\\\/product\\\/cumpar-efenidina-pulbere\\\/\",\"url\":\"https:\\\/\\\/medicinasinc.com\\\/ro\\\/product\\\/cumpar-efenidina-pulbere\\\/\",\"name\":\"Cump\u0103ra\u021bi Ephenidine Powder - Ephenidine Powder Online - Cele mai bune medicamente globale\",\"isPartOf\":{\"@id\":\"https:\\\/\\\/medicinasinc.com\\\/ro\\\/#website\"},\"primaryImageOfPage\":{\"@id\":\"https:\\\/\\\/medicinasinc.com\\\/ro\\\/product\\\/cumpar-efenidina-pulbere\\\/#primaryimage\"},\"image\":{\"@id\":\"https:\\\/\\\/medicinasinc.com\\\/ro\\\/product\\\/cumpar-efenidina-pulbere\\\/#primaryimage\"},\"thumbnailUrl\":\"https:\\\/\\\/medicinasinc.com\\\/ro\\\/wp-content\\\/uploads\\\/sites\\\/11\\\/2022\\\/02\\\/Buy-Ephenidine-Powder-1.jpg\",\"datePublished\":\"2022-02-22T04:23:00+00:00\",\"dateModified\":\"2022-03-22T00:50:50+00:00\",\"description\":\"Cump\u0103ra\u021bi pulbere de efenidin\u0103 de \u00eenalt\u0103 puritate pentru v\u00e2nzare \u00een Marea Britanie, Europa, AU \u00een magazinul nostru online Bestglobalmeds.com cu livrare rapid\u0103 \u00een \u00eentreaga lume! Cea mai bun\u0103 pulbere de efenidin\u0103 pentru comand\u0103 o vei g\u0103si aici!\",\"breadcrumb\":{\"@id\":\"https:\\\/\\\/medicinasinc.com\\\/ro\\\/product\\\/cumpar-efenidina-pulbere\\\/#breadcrumb\"},\"inLanguage\":\"en-US\",\"potentialAction\":[{\"@type\":\"ReadAction\",\"target\":[\"https:\\\/\\\/medicinasinc.com\\\/ro\\\/product\\\/cumpar-efenidina-pulbere\\\/\"]}]},{\"@type\":\"ImageObject\",\"inLanguage\":\"en-US\",\"@id\":\"https:\\\/\\\/medicinasinc.com\\\/ro\\\/product\\\/cumpar-efenidina-pulbere\\\/#primaryimage\",\"url\":\"https:\\\/\\\/medicinasinc.com\\\/ro\\\/wp-content\\\/uploads\\\/sites\\\/11\\\/2022\\\/02\\\/Buy-Ephenidine-Powder-1.jpg\",\"contentUrl\":\"https:\\\/\\\/medicinasinc.com\\\/ro\\\/wp-content\\\/uploads\\\/sites\\\/11\\\/2022\\\/02\\\/Buy-Ephenidine-Powder-1.jpg\",\"width\":1080,\"height\":1166},{\"@type\":\"BreadcrumbList\",\"@id\":\"https:\\\/\\\/medicinasinc.com\\\/ro\\\/product\\\/cumpar-efenidina-pulbere\\\/#breadcrumb\",\"itemListElement\":[{\"@type\":\"ListItem\",\"position\":1,\"name\":\"Magazin\",\"item\":\"https:\\\/\\\/medicinasinc.com\\\/ro\\\/magazin\\\/\"},{\"@type\":\"ListItem\",\"position\":2,\"name\":\"Cump\u0103ra\u021bi pulbere de efenidin\u0103\"}]},{\"@type\":\"WebSite\",\"@id\":\"https:\\\/\\\/medicinasinc.com\\\/ro\\\/#website\",\"url\":\"https:\\\/\\\/medicinasinc.com\\\/ro\\\/\",\"name\":\"Medicinas Inc\",\"description\":\"Health Medical Clinic\",\"potentialAction\":[{\"@type\":\"SearchAction\",\"target\":{\"@type\":\"EntryPoint\",\"urlTemplate\":\"https:\\\/\\\/medicinasinc.com\\\/ro\\\/?s={search_term_string}\"},\"query-input\":{\"@type\":\"PropertyValueSpecification\",\"valueRequired\":true,\"valueName\":\"search_term_string\"}}],\"inLanguage\":\"en-US\"}]}<\/script>\n<!-- \/ Yoast SEO plugin. -->","yoast_head_json":{"title":"Cump\u0103ra\u021bi Ephenidine Powder - Ephenidine Powder Online - Cele mai bune medicamente globale","description":"Cump\u0103ra\u021bi pulbere de efenidin\u0103 de \u00eenalt\u0103 puritate pentru v\u00e2nzare \u00een Marea Britanie, Europa, AU \u00een magazinul nostru online Bestglobalmeds.com cu livrare rapid\u0103 \u00een \u00eentreaga lume! Cea mai bun\u0103 pulbere de efenidin\u0103 pentru comand\u0103 o vei g\u0103si aici!","robots":{"index":"index","follow":"follow","max-snippet":"max-snippet:-1","max-image-preview":"max-image-preview:large","max-video-preview":"max-video-preview:-1"},"canonical":"https:\/\/medicinasinc.com\/ro\/product\/cumpar-efenidina-pulbere\/","og_locale":"en_US","og_type":"article","og_title":"Cump\u0103ra\u021bi Ephenidine Powder - Ephenidine Powder Online - Cele mai bune medicamente globale","og_description":"Cump\u0103ra\u021bi pulbere de efenidin\u0103 de \u00eenalt\u0103 puritate pentru v\u00e2nzare \u00een Marea Britanie, Europa, AU \u00een magazinul nostru online Bestglobalmeds.com cu livrare rapid\u0103 \u00een \u00eentreaga lume! Cea mai bun\u0103 pulbere de efenidin\u0103 pentru comand\u0103 o vei g\u0103si aici!","og_url":"https:\/\/medicinasinc.com\/ro\/product\/cumpar-efenidina-pulbere\/","og_site_name":"Medicinas Inc","article_modified_time":"2022-03-22T00:50:50+00:00","og_image":[{"width":1080,"height":1166,"url":"https:\/\/medicinasinc.com\/ro\/wp-content\/uploads\/sites\/11\/2022\/02\/Buy-Ephenidine-Powder-1.jpg","type":"image\/jpeg"}],"twitter_card":"summary_large_image","twitter_misc":{"Est. reading time":"2 minutes"},"schema":{"@context":"https:\/\/schema.org","@graph":[{"@type":"WebPage","@id":"https:\/\/medicinasinc.com\/ro\/product\/cumpar-efenidina-pulbere\/","url":"https:\/\/medicinasinc.com\/ro\/product\/cumpar-efenidina-pulbere\/","name":"Cump\u0103ra\u021bi Ephenidine Powder - Ephenidine Powder Online - Cele mai bune medicamente globale","isPartOf":{"@id":"https:\/\/medicinasinc.com\/ro\/#website"},"primaryImageOfPage":{"@id":"https:\/\/medicinasinc.com\/ro\/product\/cumpar-efenidina-pulbere\/#primaryimage"},"image":{"@id":"https:\/\/medicinasinc.com\/ro\/product\/cumpar-efenidina-pulbere\/#primaryimage"},"thumbnailUrl":"https:\/\/medicinasinc.com\/ro\/wp-content\/uploads\/sites\/11\/2022\/02\/Buy-Ephenidine-Powder-1.jpg","datePublished":"2022-02-22T04:23:00+00:00","dateModified":"2022-03-22T00:50:50+00:00","description":"Cump\u0103ra\u021bi pulbere de efenidin\u0103 de \u00eenalt\u0103 puritate pentru v\u00e2nzare \u00een Marea Britanie, Europa, AU \u00een magazinul nostru online Bestglobalmeds.com cu livrare rapid\u0103 \u00een \u00eentreaga lume! Cea mai bun\u0103 pulbere de efenidin\u0103 pentru comand\u0103 o vei g\u0103si aici!","breadcrumb":{"@id":"https:\/\/medicinasinc.com\/ro\/product\/cumpar-efenidina-pulbere\/#breadcrumb"},"inLanguage":"en-US","potentialAction":[{"@type":"ReadAction","target":["https:\/\/medicinasinc.com\/ro\/product\/cumpar-efenidina-pulbere\/"]}]},{"@type":"ImageObject","inLanguage":"en-US","@id":"https:\/\/medicinasinc.com\/ro\/product\/cumpar-efenidina-pulbere\/#primaryimage","url":"https:\/\/medicinasinc.com\/ro\/wp-content\/uploads\/sites\/11\/2022\/02\/Buy-Ephenidine-Powder-1.jpg","contentUrl":"https:\/\/medicinasinc.com\/ro\/wp-content\/uploads\/sites\/11\/2022\/02\/Buy-Ephenidine-Powder-1.jpg","width":1080,"height":1166},{"@type":"BreadcrumbList","@id":"https:\/\/medicinasinc.com\/ro\/product\/cumpar-efenidina-pulbere\/#breadcrumb","itemListElement":[{"@type":"ListItem","position":1,"name":"Magazin","item":"https:\/\/medicinasinc.com\/ro\/magazin\/"},{"@type":"ListItem","position":2,"name":"Cump\u0103ra\u021bi pulbere de efenidin\u0103"}]},{"@type":"WebSite","@id":"https:\/\/medicinasinc.com\/ro\/#website","url":"https:\/\/medicinasinc.com\/ro\/","name":"Medicinas Inc","description":"Health Medical Clinic","potentialAction":[{"@type":"SearchAction","target":{"@type":"EntryPoint","urlTemplate":"https:\/\/medicinasinc.com\/ro\/?s={search_term_string}"},"query-input":{"@type":"PropertyValueSpecification","valueRequired":true,"valueName":"search_term_string"}}],"inLanguage":"en-US"}]}},"_links":{"self":[{"href":"https:\/\/medicinasinc.com\/ro\/wp-json\/wp\/v2\/product\/5696","targetHints":{"allow":["GET"]}}],"collection":[{"href":"https:\/\/medicinasinc.com\/ro\/wp-json\/wp\/v2\/product"}],"about":[{"href":"https:\/\/medicinasinc.com\/ro\/wp-json\/wp\/v2\/types\/product"}],"replies":[{"embeddable":true,"href":"https:\/\/medicinasinc.com\/ro\/wp-json\/wp\/v2\/comments?post=5696"}],"wp:featuredmedia":[{"embeddable":true,"href":"https:\/\/medicinasinc.com\/ro\/wp-json\/wp\/v2\/media\/5707"}],"wp:attachment":[{"href":"https:\/\/medicinasinc.com\/ro\/wp-json\/wp\/v2\/media?parent=5696"}],"wp:term":[{"taxonomy":"product_brand","embeddable":true,"href":"https:\/\/medicinasinc.com\/ro\/wp-json\/wp\/v2\/product_brand?post=5696"},{"taxonomy":"product_cat","embeddable":true,"href":"https:\/\/medicinasinc.com\/ro\/wp-json\/wp\/v2\/product_cat?post=5696"},{"taxonomy":"product_tag","embeddable":true,"href":"https:\/\/medicinasinc.com\/ro\/wp-json\/wp\/v2\/product_tag?post=5696"}],"curies":[{"name":"wp","href":"https:\/\/api.w.org\/{rel}","templated":true}]}}