{"id":5686,"date":"2022-02-22T04:12:43","date_gmt":"2022-02-22T04:12:43","guid":{"rendered":"https:\/\/medicinasinc.com\/ro\/?post_type=product&#038;p=5686"},"modified":"2022-03-22T00:50:59","modified_gmt":"2022-03-22T00:50:59","slug":"cumpara-ald-52-pudra","status":"publish","type":"product","link":"https:\/\/medicinasinc.com\/ro\/product\/cumpara-ald-52-pudra\/","title":{"rendered":"Cump\u0103ra\u021bi pulbere ALD-52"},"content":{"rendered":"<p><a href=\"https:\/\/www.bestglobalmeds.com\/product\/research-chemicals\/buy-ald-52-powder\/\"><strong>ALD-52 Powder<\/strong><\/a>. Angrosist \u0219i furnizor de Pure\u00a0<em>ALD-52 Powder<\/em>\u00a0la cel mai mic pre\u021b \u0219i diverse materii prime farmaceutice cu puritate &gt;99%, produse chimice de cercetare \u0219i medicamente generice. Ambalare sigur\u0103 \u0219i discret\u0103, cu expediere urm\u0103rit\u0103.<\/p>\n<p>ALD-52, cunoscut \u0219i ca 1-acetil-LSD, este un analog chimic al dietilamidei acidului lisergic (LSD). Este o substan\u021b\u0103 psihedelic\u0103 din clasa lisergamidei care produce efecte psihedelice asem\u0103n\u0103toare LSD-ului atunci c\u00e2nd este administrat\u0103.<\/p>\n<p class=\"h2_style\">Detalii rapide<\/p>\n<p>Numele produsului: <a href=\"https:\/\/www.bestglobalmeds.com\/product\/research-chemicals\/buy-ald-52-powder\/\">ALD-52<\/a><br \/> Sinonime: ALD-52, 1-acetil-LSD, 1A-LSD , 1A-LAD<br \/> Nr. CAS: 3270-02-8<br \/> Formula molecular\u0103: C22H27N3O2<br \/> IUPAC: (6aR,9R)-4-Acetil-N,N-dietil-7-metil -4,6,6a,7,8,9-hexahidroindolo[4,3-fg]chinolin-9-carboxamid\u0103<br \/> Greutate molecular\u0103: 365,477 g\/mol<br \/> Puritate: 99,6%<br \/> Aspect : pulbere cristalin\u0103 alb\u0103 \/ pulbere aproape alb\u0103<\/p>\n<h2>Furnizor de pulbere ALD-52<\/h2>\n<p>Unul dintre cei mai importan\u021bi furnizori de materii prime farmaceutice din Europa, suntem cunoscu\u021bi pentru sortimentul excep\u021bional de produse \u0219i pentru servicii drop-shipping de medicamente generice de calitate. Fiind un angrosist de pulbere ALD-52, ne str\u0103duim s\u0103 oferim produse de \u00eenalt\u0103 calitate \u0219i rentabile pe pia\u021b\u0103.<\/p>\n<div class=\"product-next-previous\">\n<div class=\"product-prev\"><\/div>\n<\/div><\/div>\n","protected":false},"excerpt":{"rendered":"<p>Cel mai bun loc pentru a cump\u0103ra pulbere ALD-52 este din Marea Britanie. De asemenea, \u00eel pute\u021bi cump\u0103ra din Europa, Australia \u0219i UE la un pre\u021b ieftin. Cump\u0103ra\u021bi ALD-52 Powder 2022, ALD-52 Powder Livrare peste noapte, ALD-52 Powder Pret.<\/p>\n<p>Una dintre companiile care produce \u0219i vinde ALD-52.<\/p>\n<p>magazin online: cump\u0103ra\u021bi ALD-52 online, ALD-52 de v\u00e2nzare, furnizor ALD-52, pulbere ALD-52, cump\u0103ra\u021bi-l acum<\/p>\n<p>ALD-52\u00a0reddit. Livrarea este gratuit\u0103.<\/p>\n<p>Pute\u021bi cump\u0103ra pulbere pur\u0103 cu 10 mg de ALD-52 pentru v\u00e2nzare online.<\/p>\n<p>&nbsp;<\/p>\n<p><strong>25%<\/strong>\u00a0dezactivat pentru\u00a0<strong>40 mg\u00a0<\/strong>\u0219i peste. Cod promo\u021bional: bhobos2018z<\/p>\n<table class=\"table\">\n<tbody>\n<tr>\n<th><span style=\"font-weight: 400\">Cantitate minim\u0103 pentru comand\u0103:<\/span><\/th>\n<td>10 g<\/td>\n<\/tr>\n<tr>\n<th><span style=\"font-weight: 400\">Capacitate de aprovizionare:<\/span><\/th>\n<td>100 kg\/lun\u0103<\/td>\n<\/tr>\n<tr>\n<th><span style=\"font-weight: 400\">Port:<\/span><\/th>\n<td>Var\u0219ovia, \u021a\u0103rile de Jos<\/td>\n<\/tr>\n<tr>\n<th><span style=\"font-weight: 400\">Condi\u021bii de plat\u0103:<\/span><\/th>\n<td>Transfer bancar, Bitcoin, WU\/MG, altele<\/td>\n<\/tr>\n<tr>\n<th><span style=\"font-weight: 400\">Detalii de ambalare:<\/span><\/th>\n<td>Dup\u0103 cererea clientului<\/td>\n<\/tr>\n<tr>\n<th><span style=\"font-weight: 400\">Detalii de livrare:<\/span><\/th>\n<td>DPD, Transport Express, Pharma Courier EU<\/td>\n<\/tr>\n<\/tbody>\n<\/table>\n","protected":false},"featured_media":5699,"comment_status":"open","ping_status":"closed","template":"","meta":[],"product_brand":[],"product_cat":[2014],"product_tag":[3575,3579,3577,3578,3580,3582,3585,3586,3590,3583,3587,3584,3574,3581,3588,3576,3589],"class_list":{"0":"post-5686","1":"product","2":"type-product","3":"status-publish","4":"has-post-thumbnail","6":"product_cat-cumprare-cercetare-chimice","7":"product_tag-ald-52-de-vanzare","8":"product_tag-ald-52-comand-pulbere","9":"product_tag-ald-52-powder-effect","10":"product_tag-ald-52-powder-for-sale","11":"product_tag-ald-52-pulbere-reddit","12":"product_tag-ald-52-pulbere-en-gros","13":"product_tag-buy-ald-52-powder","14":"product_tag-buy-ald-52-powder-online","15":"product_tag-ce-este-ald-52-pulbere","16":"product_tag-cel-mai-bun-loc-la-comand-ald-52","17":"product_tag-comanda-ald-52-pulbere","18":"product_tag-cumpara-ald-52","19":"product_tag-ald-52-doza","20":"product_tag-ald-52-furnizor-pulbere","21":"product_tag-pur-ald-52-pulbere","22":"product_tag-ald-52-pulbere","23":"product_tag-pure-ald-52-powder-google","25":"first","26":"instock","27":"shipping-taxable","28":"purchasable","29":"product-type-simple"},"yoast_head":"<!-- This site is optimized with the Yoast SEO plugin v27.3 - https:\/\/yoast.com\/product\/yoast-seo-wordpress\/ -->\n<title>Cump\u0103ra\u021bi pulbere ALD-52 - Pulbere ALD-52 online - Cele mai bune medicamente globale<\/title>\n<meta name=\"description\" content=\"Cump\u0103ra\u021bi Cump\u0103ra\u021bi pulbere ALD-52 de v\u00e2nzare \u00een Regatul Unit, Europa, AU, UE, comanda\u021bi ieftin Cump\u0103ra\u021bi pulbere ALD-52 2022, de unde s\u0103 cump\u0103ra\u021bi pulbere de \u00eenalt\u0103 calitate Cump\u0103ra\u021bi pulbere ALD-52 cu livrare peste noapte, pre\u021bul pulberei ALD-52.\" \/>\n<meta name=\"robots\" content=\"index, follow, max-snippet:-1, max-image-preview:large, max-video-preview:-1\" \/>\n<link rel=\"canonical\" href=\"https:\/\/medicinasinc.com\/ro\/product\/cumpara-ald-52-pudra\/\" \/>\n<meta property=\"og:locale\" content=\"en_US\" \/>\n<meta property=\"og:type\" content=\"article\" \/>\n<meta property=\"og:title\" content=\"Cump\u0103ra\u021bi pulbere ALD-52 - Pulbere ALD-52 online - Cele mai bune medicamente globale\" \/>\n<meta property=\"og:description\" content=\"Cump\u0103ra\u021bi Cump\u0103ra\u021bi pulbere ALD-52 de v\u00e2nzare \u00een Regatul Unit, Europa, AU, UE, comanda\u021bi ieftin Cump\u0103ra\u021bi pulbere ALD-52 2022, de unde s\u0103 cump\u0103ra\u021bi pulbere de \u00eenalt\u0103 calitate Cump\u0103ra\u021bi pulbere ALD-52 cu livrare peste noapte, pre\u021bul pulberei ALD-52.\" \/>\n<meta property=\"og:url\" content=\"https:\/\/medicinasinc.com\/ro\/product\/cumpara-ald-52-pudra\/\" \/>\n<meta property=\"og:site_name\" content=\"Medicinas Inc\" \/>\n<meta property=\"article:modified_time\" content=\"2022-03-22T00:50:59+00:00\" \/>\n<meta property=\"og:image\" content=\"https:\/\/medicinasinc.com\/ro\/wp-content\/uploads\/sites\/11\/2022\/02\/Buy-ALD-52-Powder.jpg\" \/>\n\t<meta property=\"og:image:width\" content=\"1080\" \/>\n\t<meta property=\"og:image:height\" content=\"995\" \/>\n\t<meta property=\"og:image:type\" content=\"image\/jpeg\" \/>\n<meta name=\"twitter:card\" content=\"summary_large_image\" \/>\n<meta name=\"twitter:label1\" content=\"Est. reading time\" \/>\n\t<meta name=\"twitter:data1\" content=\"1 minute\" \/>\n<script type=\"application\/ld+json\" class=\"yoast-schema-graph\">{\"@context\":\"https:\\\/\\\/schema.org\",\"@graph\":[{\"@type\":\"WebPage\",\"@id\":\"https:\\\/\\\/medicinasinc.com\\\/ro\\\/product\\\/cumpara-ald-52-pudra\\\/\",\"url\":\"https:\\\/\\\/medicinasinc.com\\\/ro\\\/product\\\/cumpara-ald-52-pudra\\\/\",\"name\":\"Cump\u0103ra\u021bi pulbere ALD-52 - Pulbere ALD-52 online - Cele mai bune medicamente globale\",\"isPartOf\":{\"@id\":\"https:\\\/\\\/medicinasinc.com\\\/ro\\\/#website\"},\"primaryImageOfPage\":{\"@id\":\"https:\\\/\\\/medicinasinc.com\\\/ro\\\/product\\\/cumpara-ald-52-pudra\\\/#primaryimage\"},\"image\":{\"@id\":\"https:\\\/\\\/medicinasinc.com\\\/ro\\\/product\\\/cumpara-ald-52-pudra\\\/#primaryimage\"},\"thumbnailUrl\":\"https:\\\/\\\/medicinasinc.com\\\/ro\\\/wp-content\\\/uploads\\\/sites\\\/11\\\/2022\\\/02\\\/Buy-ALD-52-Powder.jpg\",\"datePublished\":\"2022-02-22T04:12:43+00:00\",\"dateModified\":\"2022-03-22T00:50:59+00:00\",\"description\":\"Cump\u0103ra\u021bi Cump\u0103ra\u021bi pulbere ALD-52 de v\u00e2nzare \u00een Regatul Unit, Europa, AU, UE, comanda\u021bi ieftin Cump\u0103ra\u021bi pulbere ALD-52 2022, de unde s\u0103 cump\u0103ra\u021bi pulbere de \u00eenalt\u0103 calitate Cump\u0103ra\u021bi pulbere ALD-52 cu livrare peste noapte, pre\u021bul pulberei ALD-52.\",\"breadcrumb\":{\"@id\":\"https:\\\/\\\/medicinasinc.com\\\/ro\\\/product\\\/cumpara-ald-52-pudra\\\/#breadcrumb\"},\"inLanguage\":\"en-US\",\"potentialAction\":[{\"@type\":\"ReadAction\",\"target\":[\"https:\\\/\\\/medicinasinc.com\\\/ro\\\/product\\\/cumpara-ald-52-pudra\\\/\"]}]},{\"@type\":\"ImageObject\",\"inLanguage\":\"en-US\",\"@id\":\"https:\\\/\\\/medicinasinc.com\\\/ro\\\/product\\\/cumpara-ald-52-pudra\\\/#primaryimage\",\"url\":\"https:\\\/\\\/medicinasinc.com\\\/ro\\\/wp-content\\\/uploads\\\/sites\\\/11\\\/2022\\\/02\\\/Buy-ALD-52-Powder.jpg\",\"contentUrl\":\"https:\\\/\\\/medicinasinc.com\\\/ro\\\/wp-content\\\/uploads\\\/sites\\\/11\\\/2022\\\/02\\\/Buy-ALD-52-Powder.jpg\",\"width\":1080,\"height\":995},{\"@type\":\"BreadcrumbList\",\"@id\":\"https:\\\/\\\/medicinasinc.com\\\/ro\\\/product\\\/cumpara-ald-52-pudra\\\/#breadcrumb\",\"itemListElement\":[{\"@type\":\"ListItem\",\"position\":1,\"name\":\"Magazin\",\"item\":\"https:\\\/\\\/medicinasinc.com\\\/ro\\\/magazin\\\/\"},{\"@type\":\"ListItem\",\"position\":2,\"name\":\"Cump\u0103ra\u021bi pulbere ALD-52\"}]},{\"@type\":\"WebSite\",\"@id\":\"https:\\\/\\\/medicinasinc.com\\\/ro\\\/#website\",\"url\":\"https:\\\/\\\/medicinasinc.com\\\/ro\\\/\",\"name\":\"Medicinas Inc\",\"description\":\"Health Medical Clinic\",\"potentialAction\":[{\"@type\":\"SearchAction\",\"target\":{\"@type\":\"EntryPoint\",\"urlTemplate\":\"https:\\\/\\\/medicinasinc.com\\\/ro\\\/?s={search_term_string}\"},\"query-input\":{\"@type\":\"PropertyValueSpecification\",\"valueRequired\":true,\"valueName\":\"search_term_string\"}}],\"inLanguage\":\"en-US\"}]}<\/script>\n<!-- \/ Yoast SEO plugin. -->","yoast_head_json":{"title":"Cump\u0103ra\u021bi pulbere ALD-52 - Pulbere ALD-52 online - Cele mai bune medicamente globale","description":"Cump\u0103ra\u021bi Cump\u0103ra\u021bi pulbere ALD-52 de v\u00e2nzare \u00een Regatul Unit, Europa, AU, UE, comanda\u021bi ieftin Cump\u0103ra\u021bi pulbere ALD-52 2022, de unde s\u0103 cump\u0103ra\u021bi pulbere de \u00eenalt\u0103 calitate Cump\u0103ra\u021bi pulbere ALD-52 cu livrare peste noapte, pre\u021bul pulberei ALD-52.","robots":{"index":"index","follow":"follow","max-snippet":"max-snippet:-1","max-image-preview":"max-image-preview:large","max-video-preview":"max-video-preview:-1"},"canonical":"https:\/\/medicinasinc.com\/ro\/product\/cumpara-ald-52-pudra\/","og_locale":"en_US","og_type":"article","og_title":"Cump\u0103ra\u021bi pulbere ALD-52 - Pulbere ALD-52 online - Cele mai bune medicamente globale","og_description":"Cump\u0103ra\u021bi Cump\u0103ra\u021bi pulbere ALD-52 de v\u00e2nzare \u00een Regatul Unit, Europa, AU, UE, comanda\u021bi ieftin Cump\u0103ra\u021bi pulbere ALD-52 2022, de unde s\u0103 cump\u0103ra\u021bi pulbere de \u00eenalt\u0103 calitate Cump\u0103ra\u021bi pulbere ALD-52 cu livrare peste noapte, pre\u021bul pulberei ALD-52.","og_url":"https:\/\/medicinasinc.com\/ro\/product\/cumpara-ald-52-pudra\/","og_site_name":"Medicinas Inc","article_modified_time":"2022-03-22T00:50:59+00:00","og_image":[{"width":1080,"height":995,"url":"https:\/\/medicinasinc.com\/ro\/wp-content\/uploads\/sites\/11\/2022\/02\/Buy-ALD-52-Powder.jpg","type":"image\/jpeg"}],"twitter_card":"summary_large_image","twitter_misc":{"Est. reading time":"1 minute"},"schema":{"@context":"https:\/\/schema.org","@graph":[{"@type":"WebPage","@id":"https:\/\/medicinasinc.com\/ro\/product\/cumpara-ald-52-pudra\/","url":"https:\/\/medicinasinc.com\/ro\/product\/cumpara-ald-52-pudra\/","name":"Cump\u0103ra\u021bi pulbere ALD-52 - Pulbere ALD-52 online - Cele mai bune medicamente globale","isPartOf":{"@id":"https:\/\/medicinasinc.com\/ro\/#website"},"primaryImageOfPage":{"@id":"https:\/\/medicinasinc.com\/ro\/product\/cumpara-ald-52-pudra\/#primaryimage"},"image":{"@id":"https:\/\/medicinasinc.com\/ro\/product\/cumpara-ald-52-pudra\/#primaryimage"},"thumbnailUrl":"https:\/\/medicinasinc.com\/ro\/wp-content\/uploads\/sites\/11\/2022\/02\/Buy-ALD-52-Powder.jpg","datePublished":"2022-02-22T04:12:43+00:00","dateModified":"2022-03-22T00:50:59+00:00","description":"Cump\u0103ra\u021bi Cump\u0103ra\u021bi pulbere ALD-52 de v\u00e2nzare \u00een Regatul Unit, Europa, AU, UE, comanda\u021bi ieftin Cump\u0103ra\u021bi pulbere ALD-52 2022, de unde s\u0103 cump\u0103ra\u021bi pulbere de \u00eenalt\u0103 calitate Cump\u0103ra\u021bi pulbere ALD-52 cu livrare peste noapte, pre\u021bul pulberei ALD-52.","breadcrumb":{"@id":"https:\/\/medicinasinc.com\/ro\/product\/cumpara-ald-52-pudra\/#breadcrumb"},"inLanguage":"en-US","potentialAction":[{"@type":"ReadAction","target":["https:\/\/medicinasinc.com\/ro\/product\/cumpara-ald-52-pudra\/"]}]},{"@type":"ImageObject","inLanguage":"en-US","@id":"https:\/\/medicinasinc.com\/ro\/product\/cumpara-ald-52-pudra\/#primaryimage","url":"https:\/\/medicinasinc.com\/ro\/wp-content\/uploads\/sites\/11\/2022\/02\/Buy-ALD-52-Powder.jpg","contentUrl":"https:\/\/medicinasinc.com\/ro\/wp-content\/uploads\/sites\/11\/2022\/02\/Buy-ALD-52-Powder.jpg","width":1080,"height":995},{"@type":"BreadcrumbList","@id":"https:\/\/medicinasinc.com\/ro\/product\/cumpara-ald-52-pudra\/#breadcrumb","itemListElement":[{"@type":"ListItem","position":1,"name":"Magazin","item":"https:\/\/medicinasinc.com\/ro\/magazin\/"},{"@type":"ListItem","position":2,"name":"Cump\u0103ra\u021bi pulbere ALD-52"}]},{"@type":"WebSite","@id":"https:\/\/medicinasinc.com\/ro\/#website","url":"https:\/\/medicinasinc.com\/ro\/","name":"Medicinas Inc","description":"Health Medical Clinic","potentialAction":[{"@type":"SearchAction","target":{"@type":"EntryPoint","urlTemplate":"https:\/\/medicinasinc.com\/ro\/?s={search_term_string}"},"query-input":{"@type":"PropertyValueSpecification","valueRequired":true,"valueName":"search_term_string"}}],"inLanguage":"en-US"}]}},"_links":{"self":[{"href":"https:\/\/medicinasinc.com\/ro\/wp-json\/wp\/v2\/product\/5686","targetHints":{"allow":["GET"]}}],"collection":[{"href":"https:\/\/medicinasinc.com\/ro\/wp-json\/wp\/v2\/product"}],"about":[{"href":"https:\/\/medicinasinc.com\/ro\/wp-json\/wp\/v2\/types\/product"}],"replies":[{"embeddable":true,"href":"https:\/\/medicinasinc.com\/ro\/wp-json\/wp\/v2\/comments?post=5686"}],"wp:featuredmedia":[{"embeddable":true,"href":"https:\/\/medicinasinc.com\/ro\/wp-json\/wp\/v2\/media\/5699"}],"wp:attachment":[{"href":"https:\/\/medicinasinc.com\/ro\/wp-json\/wp\/v2\/media?parent=5686"}],"wp:term":[{"taxonomy":"product_brand","embeddable":true,"href":"https:\/\/medicinasinc.com\/ro\/wp-json\/wp\/v2\/product_brand?post=5686"},{"taxonomy":"product_cat","embeddable":true,"href":"https:\/\/medicinasinc.com\/ro\/wp-json\/wp\/v2\/product_cat?post=5686"},{"taxonomy":"product_tag","embeddable":true,"href":"https:\/\/medicinasinc.com\/ro\/wp-json\/wp\/v2\/product_tag?post=5686"}],"curies":[{"name":"wp","href":"https:\/\/api.w.org\/{rel}","templated":true}]}}