{"id":5685,"date":"2022-02-22T04:11:15","date_gmt":"2022-02-22T04:11:15","guid":{"rendered":"https:\/\/medicinasinc.com\/ro\/?post_type=product&#038;p=5685"},"modified":"2022-03-22T00:51:08","modified_gmt":"2022-03-22T00:51:08","slug":"cumpara-pomeaza-l-sare-de-baie","status":"publish","type":"product","link":"https:\/\/medicinasinc.com\/ro\/product\/cumpara-pomeaza-l-sare-de-baie\/","title":{"rendered":"Cump\u0103ra\u021bi sare de baie Pump It"},"content":{"rendered":"<p>Este o idee bun\u0103 s\u0103 cump\u0103ra\u021bi s\u0103ruri de baie Pump-It Powder<\/p>\n<p>Cump\u0103ra\u021bi s\u0103ruri de baie Pump-It Powder de la o surs\u0103 de \u00eencredere. Vindem cele mai bune produse de baie, cum ar fi s\u0103rurile de baie. S\u0103rurile de baie \u00ee\u021bi vor oferi o baie neted\u0103, senzual\u0103, care te va l\u0103sa s\u0103 te sim\u021bi curat dup\u0103 ce le vei folosi. Cu toate acestea, clien\u021bii no\u0219tri pot fi siguri c\u0103 vor ob\u021bine cele mai bune produse de pe pia\u021b\u0103. Cu toate acestea, vindem \u0219i cump\u0103r\u0103m \u0219i alte s\u0103ruri de baie concentrate la pre\u021buri bune.<\/p>\n<p>S\u0103rurile noastre de baie au un miros puternic.<\/p>\n<p>S\u0103rurile de baie Pump-It Powder sunt menite s\u0103 v\u0103 fac\u0103 experien\u021ba de baie chiar mai incitant\u0103, energic\u0103 \u0219i euforic\u0103. O cantitate mic\u0103 este tot ceea ce este nevoie pentru a face o mare diferen\u021b\u0103. Po\u021bi, totu\u0219i, s\u0103 adaugi doar o cantitate mic\u0103 la o baie fierbinte pentru a \u00eenmuia apa \u00een mod natural, ceea ce te va face s\u0103 te sim\u021bi foarte plin de energie \u0219i fericit dup\u0103. Cu toate acestea, este folosit pentru a ar\u0103ta ca izvoarele termale naturale ale m\u0103rii grece\u0219ti. Folosi\u021bi Pump-It Powder la \u00eenceput, deoarece prea mult\u0103 ap\u0103 v\u0103 va murdara \u0219i v\u0103 va face nefericit. Cu toate acestea, dac\u0103 utiliza\u021bi Pump-It Powder corect, v\u0103 poate ajuta s\u0103 ajunge\u021bi \u00een locurile pe care le credea\u021bi imposibile.<\/p>\n<p>Articole \u00eenrudite:<br \/> Pute\u021bi vedea c\u00e2teva dintre s\u0103rurile noastre de baie originale \u00een lista de mai jos .<br \/> Sunt 500 mg de s\u0103ruri de baie concentrate de la Rave On.<br \/> Eight Ballz Bath Salts au 500 mg.<br \/> S\u0103rurile de baie premium de la Hollywood au 1 gram.<br \/> 500 mg de DIAMOND DUST<br \/> O lingur\u0103 are 500 mg de pulbere.<br \/> Black Diamond Novelty Powder este f\u0103cut\u0103 din Black Diamond.<br \/> Este 500 mg de Pump-it Powder de la Eight Ballz.<br \/> 500 mg de White Rush Bath S\u0103ruri<br \/> S\u0103rurile de baie Ivory Wave Ultra con\u021bin 500mg.<br \/> Sare de baie Ivory Wave 500mg<br \/> \u00cen acest caz, 500mg de s\u0103ruri de baie Lady Bubbles sunt \u00een pachet.<br \/> Cloud 9 S\u0103ruri de baie au 500 mg.<br \/> Exist\u0103 500 mg de Heavenly Soak Euphoric \u2013 Novelty Powder \u00een aceast\u0103 sticl\u0103.<br \/> Este vorba de 500 mg de Heavenly Soak \u2013 Energy \u2013 Fun Powder.<br \/> 500 mg de Sky \u2013 Fun Pulbere<br \/> Exist\u0103 500 mg de pulbere nout\u0103 der in Molly&#8217;s Blend \u2013<\/p>\n<p>&nbsp;<\/p>\n<p>S\u0103ruri de baie Vanilla Sky 500 mg, S\u0103ruri de baie concentrate Fizz 500 mg, S\u0103ruri de baie de re\u00eenc\u0103rcare boliviane Ivory Wave 500 mg, S\u0103ruri de baie concentrate White Girl 500 mg, Traquility concentrate S\u0103ruri de baie 500 mg, s\u0103ruri de baie cu rating X 500 mg<br \/> Ivory Smooth 500 mg s\u0103ruri de baie<br \/> 50 mg de s\u0103ruri de baie Blue Wave<br \/> Blue Silk este 500 mg de sare de baie.<br \/> \u00cen acest caz, 500 mg de S-au folosit s\u0103ruri de baie boliviane.<br \/> S\u0103ruri de baie de la G Pheonix<\/p>\n<p>&nbsp;<\/p>\n<p>\u00cen acest caz, s\u0103ruri de baie concentrate White Girl 500 mg este ceea ce ave\u021bi nevoie.<br \/> 500 mg de s\u0103ruri de baie White Lady<br \/> S\u0103rurile de baie concentrate Bliss au 500 mg de sare \u00een fiecare pung\u0103.<br \/> S\u0103rurile de baie Snow Leopard au 500 mg din ele \u00een fiecare pung\u0103.<br \/> 500 mg de s\u0103ruri de baie suplimentare de la Lunar Val. 500mg de sare de baie concentrat\u0103 de la White Horse.<br \/> 500mg de s\u0103ruri de baie revigorante<br \/> 500mg de sare de baie Cloud 10<br \/> Blue Magic: 500mg s\u0103ruri de baie<br \/> Sarea de baie cu numele Scarface are 500mg din ea.<br \/> Mul\u021bi mai mul\u021bi oameni, de asemenea.<\/p>\n","protected":false},"excerpt":{"rendered":"<p>\u00cen magazinul nostru online Bestglobalmeds.com, pute\u021bi cump\u0103ra Pump It Bath Salt pentru v\u00e2nzare \u00een Marea Britanie, Europa \u0219i Australia, iar noi o vom trimite imediat. Pute\u021bi cump\u0103ra cea mai bun\u0103 sare de baie Pump It de aici!<\/p>\n<p>Este sigur s\u0103 cump\u0103ra\u021bi sare de baie Pump It Up de la Global medicinas Bath Salts. Vindem s\u0103ruri de baie concentrate K2 la pre\u021buri mici pe internet.<\/p>\n<p>La cel mai bun pre\u021b, pute\u021bi cump\u0103ra Pump It Bath Salt online dintr-un magazin. Promitem livrare sigur\u0103 \u0219i sigur\u0103 \u00een toat\u0103 lumea.<\/p>\n<p>De unde dori\u021bi s\u0103 cump\u0103ra\u021bi &#8220;S\u0103ruri de baie Pump-It Powder&#8221;? Best Global Meds v\u0103 ofer\u0103 \u0219ansa de a cump\u0103ra s\u0103ruri de baie amped pentru v\u00e2nzare online.<\/p>\n","protected":false},"featured_media":5697,"comment_status":"open","ping_status":"closed","template":"","meta":[],"product_brand":[],"product_cat":[2014],"product_tag":[3566,3567,3565,3569,3570,3573,3571,3572,3568],"class_list":{"0":"post-5685","1":"product","2":"type-product","3":"status-publish","4":"has-post-thumbnail","6":"product_cat-cumprare-cercetare-chimice","7":"product_tag-buy-pump-it-powder-bath-salts","8":"product_tag-comanda-pompa-l-sare-de-baie","9":"product_tag-cumpara-pomeaza-l-sare-de-baie","10":"product_tag-pump-it-bath-sare-efect","11":"product_tag-pump-it-bath-salt-for-sale","12":"product_tag-pump-it-bath-salt-reddit","13":"product_tag-pump-it-bath-sare-order","14":"product_tag-pump-it-bath-sare-pwder","15":"product_tag-pump-it-bath-sare-buy","17":"first","18":"instock","19":"featured","20":"shipping-taxable","21":"purchasable","22":"product-type-variable","23":"has-default-attributes"},"yoast_head":"<!-- This site is optimized with the Yoast SEO plugin v27.3 - https:\/\/yoast.com\/product\/yoast-seo-wordpress\/ -->\n<title>Cump\u0103ra\u021bi Pump It Bath Salt - Pump It Bath Salt - Cele mai bune medicamente globale<\/title>\n<meta name=\"description\" content=\"Cump\u0103ra\u021bi Pump It Bath Sat de v\u00e2nzare \u00een Marea Britanie, Europa, AU \u00een magazinul nostru online Bestglobalmeds, cu livrare rapid\u0103 \u00een \u00eentreaga lume! Cea mai bun\u0103 sare de baie Pump It pentru comand\u0103 o vei g\u0103si aici!\" \/>\n<meta name=\"robots\" content=\"index, follow, max-snippet:-1, max-image-preview:large, max-video-preview:-1\" \/>\n<link rel=\"canonical\" href=\"https:\/\/medicinasinc.com\/ro\/product\/cumpara-pomeaza-l-sare-de-baie\/\" \/>\n<meta property=\"og:locale\" content=\"en_US\" \/>\n<meta property=\"og:type\" content=\"article\" \/>\n<meta property=\"og:title\" content=\"Cump\u0103ra\u021bi Pump It Bath Salt - Pump It Bath Salt - Cele mai bune medicamente globale\" \/>\n<meta property=\"og:description\" content=\"Cump\u0103ra\u021bi Pump It Bath Sat de v\u00e2nzare \u00een Marea Britanie, Europa, AU \u00een magazinul nostru online Bestglobalmeds, cu livrare rapid\u0103 \u00een \u00eentreaga lume! Cea mai bun\u0103 sare de baie Pump It pentru comand\u0103 o vei g\u0103si aici!\" \/>\n<meta property=\"og:url\" content=\"https:\/\/medicinasinc.com\/ro\/product\/cumpara-pomeaza-l-sare-de-baie\/\" \/>\n<meta property=\"og:site_name\" content=\"Medicinas Inc\" \/>\n<meta property=\"article:modified_time\" content=\"2022-03-22T00:51:08+00:00\" \/>\n<meta property=\"og:image\" content=\"https:\/\/medicinasinc.com\/ro\/wp-content\/uploads\/sites\/11\/2022\/02\/Buy-Pump-It-Bath-Salt.jpg\" \/>\n\t<meta property=\"og:image:width\" content=\"600\" \/>\n\t<meta property=\"og:image:height\" content=\"600\" \/>\n\t<meta property=\"og:image:type\" content=\"image\/jpeg\" \/>\n<meta name=\"twitter:card\" content=\"summary_large_image\" \/>\n<meta name=\"twitter:label1\" content=\"Est. reading time\" \/>\n\t<meta name=\"twitter:data1\" content=\"3 minutes\" \/>\n<script type=\"application\/ld+json\" class=\"yoast-schema-graph\">{\"@context\":\"https:\\\/\\\/schema.org\",\"@graph\":[{\"@type\":\"WebPage\",\"@id\":\"https:\\\/\\\/medicinasinc.com\\\/ro\\\/product\\\/cumpara-pomeaza-l-sare-de-baie\\\/\",\"url\":\"https:\\\/\\\/medicinasinc.com\\\/ro\\\/product\\\/cumpara-pomeaza-l-sare-de-baie\\\/\",\"name\":\"Cump\u0103ra\u021bi Pump It Bath Salt - Pump It Bath Salt - Cele mai bune medicamente globale\",\"isPartOf\":{\"@id\":\"https:\\\/\\\/medicinasinc.com\\\/ro\\\/#website\"},\"primaryImageOfPage\":{\"@id\":\"https:\\\/\\\/medicinasinc.com\\\/ro\\\/product\\\/cumpara-pomeaza-l-sare-de-baie\\\/#primaryimage\"},\"image\":{\"@id\":\"https:\\\/\\\/medicinasinc.com\\\/ro\\\/product\\\/cumpara-pomeaza-l-sare-de-baie\\\/#primaryimage\"},\"thumbnailUrl\":\"https:\\\/\\\/medicinasinc.com\\\/ro\\\/wp-content\\\/uploads\\\/sites\\\/11\\\/2022\\\/02\\\/Buy-Pump-It-Bath-Salt.jpg\",\"datePublished\":\"2022-02-22T04:11:15+00:00\",\"dateModified\":\"2022-03-22T00:51:08+00:00\",\"description\":\"Cump\u0103ra\u021bi Pump It Bath Sat de v\u00e2nzare \u00een Marea Britanie, Europa, AU \u00een magazinul nostru online Bestglobalmeds, cu livrare rapid\u0103 \u00een \u00eentreaga lume! Cea mai bun\u0103 sare de baie Pump It pentru comand\u0103 o vei g\u0103si aici!\",\"breadcrumb\":{\"@id\":\"https:\\\/\\\/medicinasinc.com\\\/ro\\\/product\\\/cumpara-pomeaza-l-sare-de-baie\\\/#breadcrumb\"},\"inLanguage\":\"en-US\",\"potentialAction\":[{\"@type\":\"ReadAction\",\"target\":[\"https:\\\/\\\/medicinasinc.com\\\/ro\\\/product\\\/cumpara-pomeaza-l-sare-de-baie\\\/\"]}]},{\"@type\":\"ImageObject\",\"inLanguage\":\"en-US\",\"@id\":\"https:\\\/\\\/medicinasinc.com\\\/ro\\\/product\\\/cumpara-pomeaza-l-sare-de-baie\\\/#primaryimage\",\"url\":\"https:\\\/\\\/medicinasinc.com\\\/ro\\\/wp-content\\\/uploads\\\/sites\\\/11\\\/2022\\\/02\\\/Buy-Pump-It-Bath-Salt.jpg\",\"contentUrl\":\"https:\\\/\\\/medicinasinc.com\\\/ro\\\/wp-content\\\/uploads\\\/sites\\\/11\\\/2022\\\/02\\\/Buy-Pump-It-Bath-Salt.jpg\",\"width\":600,\"height\":600},{\"@type\":\"BreadcrumbList\",\"@id\":\"https:\\\/\\\/medicinasinc.com\\\/ro\\\/product\\\/cumpara-pomeaza-l-sare-de-baie\\\/#breadcrumb\",\"itemListElement\":[{\"@type\":\"ListItem\",\"position\":1,\"name\":\"Magazin\",\"item\":\"https:\\\/\\\/medicinasinc.com\\\/ro\\\/magazin\\\/\"},{\"@type\":\"ListItem\",\"position\":2,\"name\":\"Cump\u0103ra\u021bi sare de baie Pump It\"}]},{\"@type\":\"WebSite\",\"@id\":\"https:\\\/\\\/medicinasinc.com\\\/ro\\\/#website\",\"url\":\"https:\\\/\\\/medicinasinc.com\\\/ro\\\/\",\"name\":\"Medicinas Inc\",\"description\":\"Health Medical Clinic\",\"potentialAction\":[{\"@type\":\"SearchAction\",\"target\":{\"@type\":\"EntryPoint\",\"urlTemplate\":\"https:\\\/\\\/medicinasinc.com\\\/ro\\\/?s={search_term_string}\"},\"query-input\":{\"@type\":\"PropertyValueSpecification\",\"valueRequired\":true,\"valueName\":\"search_term_string\"}}],\"inLanguage\":\"en-US\"}]}<\/script>\n<!-- \/ Yoast SEO plugin. -->","yoast_head_json":{"title":"Cump\u0103ra\u021bi Pump It Bath Salt - Pump It Bath Salt - Cele mai bune medicamente globale","description":"Cump\u0103ra\u021bi Pump It Bath Sat de v\u00e2nzare \u00een Marea Britanie, Europa, AU \u00een magazinul nostru online Bestglobalmeds, cu livrare rapid\u0103 \u00een \u00eentreaga lume! Cea mai bun\u0103 sare de baie Pump It pentru comand\u0103 o vei g\u0103si aici!","robots":{"index":"index","follow":"follow","max-snippet":"max-snippet:-1","max-image-preview":"max-image-preview:large","max-video-preview":"max-video-preview:-1"},"canonical":"https:\/\/medicinasinc.com\/ro\/product\/cumpara-pomeaza-l-sare-de-baie\/","og_locale":"en_US","og_type":"article","og_title":"Cump\u0103ra\u021bi Pump It Bath Salt - Pump It Bath Salt - Cele mai bune medicamente globale","og_description":"Cump\u0103ra\u021bi Pump It Bath Sat de v\u00e2nzare \u00een Marea Britanie, Europa, AU \u00een magazinul nostru online Bestglobalmeds, cu livrare rapid\u0103 \u00een \u00eentreaga lume! Cea mai bun\u0103 sare de baie Pump It pentru comand\u0103 o vei g\u0103si aici!","og_url":"https:\/\/medicinasinc.com\/ro\/product\/cumpara-pomeaza-l-sare-de-baie\/","og_site_name":"Medicinas Inc","article_modified_time":"2022-03-22T00:51:08+00:00","og_image":[{"width":600,"height":600,"url":"https:\/\/medicinasinc.com\/ro\/wp-content\/uploads\/sites\/11\/2022\/02\/Buy-Pump-It-Bath-Salt.jpg","type":"image\/jpeg"}],"twitter_card":"summary_large_image","twitter_misc":{"Est. reading time":"3 minutes"},"schema":{"@context":"https:\/\/schema.org","@graph":[{"@type":"WebPage","@id":"https:\/\/medicinasinc.com\/ro\/product\/cumpara-pomeaza-l-sare-de-baie\/","url":"https:\/\/medicinasinc.com\/ro\/product\/cumpara-pomeaza-l-sare-de-baie\/","name":"Cump\u0103ra\u021bi Pump It Bath Salt - Pump It Bath Salt - Cele mai bune medicamente globale","isPartOf":{"@id":"https:\/\/medicinasinc.com\/ro\/#website"},"primaryImageOfPage":{"@id":"https:\/\/medicinasinc.com\/ro\/product\/cumpara-pomeaza-l-sare-de-baie\/#primaryimage"},"image":{"@id":"https:\/\/medicinasinc.com\/ro\/product\/cumpara-pomeaza-l-sare-de-baie\/#primaryimage"},"thumbnailUrl":"https:\/\/medicinasinc.com\/ro\/wp-content\/uploads\/sites\/11\/2022\/02\/Buy-Pump-It-Bath-Salt.jpg","datePublished":"2022-02-22T04:11:15+00:00","dateModified":"2022-03-22T00:51:08+00:00","description":"Cump\u0103ra\u021bi Pump It Bath Sat de v\u00e2nzare \u00een Marea Britanie, Europa, AU \u00een magazinul nostru online Bestglobalmeds, cu livrare rapid\u0103 \u00een \u00eentreaga lume! Cea mai bun\u0103 sare de baie Pump It pentru comand\u0103 o vei g\u0103si aici!","breadcrumb":{"@id":"https:\/\/medicinasinc.com\/ro\/product\/cumpara-pomeaza-l-sare-de-baie\/#breadcrumb"},"inLanguage":"en-US","potentialAction":[{"@type":"ReadAction","target":["https:\/\/medicinasinc.com\/ro\/product\/cumpara-pomeaza-l-sare-de-baie\/"]}]},{"@type":"ImageObject","inLanguage":"en-US","@id":"https:\/\/medicinasinc.com\/ro\/product\/cumpara-pomeaza-l-sare-de-baie\/#primaryimage","url":"https:\/\/medicinasinc.com\/ro\/wp-content\/uploads\/sites\/11\/2022\/02\/Buy-Pump-It-Bath-Salt.jpg","contentUrl":"https:\/\/medicinasinc.com\/ro\/wp-content\/uploads\/sites\/11\/2022\/02\/Buy-Pump-It-Bath-Salt.jpg","width":600,"height":600},{"@type":"BreadcrumbList","@id":"https:\/\/medicinasinc.com\/ro\/product\/cumpara-pomeaza-l-sare-de-baie\/#breadcrumb","itemListElement":[{"@type":"ListItem","position":1,"name":"Magazin","item":"https:\/\/medicinasinc.com\/ro\/magazin\/"},{"@type":"ListItem","position":2,"name":"Cump\u0103ra\u021bi sare de baie Pump It"}]},{"@type":"WebSite","@id":"https:\/\/medicinasinc.com\/ro\/#website","url":"https:\/\/medicinasinc.com\/ro\/","name":"Medicinas Inc","description":"Health Medical Clinic","potentialAction":[{"@type":"SearchAction","target":{"@type":"EntryPoint","urlTemplate":"https:\/\/medicinasinc.com\/ro\/?s={search_term_string}"},"query-input":{"@type":"PropertyValueSpecification","valueRequired":true,"valueName":"search_term_string"}}],"inLanguage":"en-US"}]}},"_links":{"self":[{"href":"https:\/\/medicinasinc.com\/ro\/wp-json\/wp\/v2\/product\/5685","targetHints":{"allow":["GET"]}}],"collection":[{"href":"https:\/\/medicinasinc.com\/ro\/wp-json\/wp\/v2\/product"}],"about":[{"href":"https:\/\/medicinasinc.com\/ro\/wp-json\/wp\/v2\/types\/product"}],"replies":[{"embeddable":true,"href":"https:\/\/medicinasinc.com\/ro\/wp-json\/wp\/v2\/comments?post=5685"}],"wp:featuredmedia":[{"embeddable":true,"href":"https:\/\/medicinasinc.com\/ro\/wp-json\/wp\/v2\/media\/5697"}],"wp:attachment":[{"href":"https:\/\/medicinasinc.com\/ro\/wp-json\/wp\/v2\/media?parent=5685"}],"wp:term":[{"taxonomy":"product_brand","embeddable":true,"href":"https:\/\/medicinasinc.com\/ro\/wp-json\/wp\/v2\/product_brand?post=5685"},{"taxonomy":"product_cat","embeddable":true,"href":"https:\/\/medicinasinc.com\/ro\/wp-json\/wp\/v2\/product_cat?post=5685"},{"taxonomy":"product_tag","embeddable":true,"href":"https:\/\/medicinasinc.com\/ro\/wp-json\/wp\/v2\/product_tag?post=5685"}],"curies":[{"name":"wp","href":"https:\/\/api.w.org\/{rel}","templated":true}]}}