{"id":5684,"date":"2022-02-22T04:10:18","date_gmt":"2022-02-22T04:10:18","guid":{"rendered":"https:\/\/medicinasinc.com\/ro\/?post_type=product&#038;p=5684"},"modified":"2022-03-22T00:51:17","modified_gmt":"2022-03-22T00:51:17","slug":"cumpara-mmb-2201-pulbere","status":"publish","type":"product","link":"https:\/\/medicinasinc.com\/ro\/product\/cumpara-mmb-2201-pulbere\/","title":{"rendered":"Cump\u0103ra\u021bi pulbere MMB-2201"},"content":{"rendered":"<p>Medamentul MDMB-2201 este un produs chimic de cercetare de top pe care \u00eel pute\u021bi ob\u021bine online la un pre\u021b rezonabil. Furnizor de \u00eencredere bestglobalmed.com ofer\u0103 5F-MDMB-2201 la un pre\u021b redus. Ca medicament de design \u0219i ca ingredient activ \u00een amestecurile sintetizate de canabis, MMB-2201 este un canabinoid sintetic puternic pe baz\u0103 de indol-3-carboxamid\u0103.<\/p>\n<p>Canabinoid sintetic pe baz\u0103 de indol-3-carboxamid\u0103 MMB-2201 ( cunoscut \u0219i sub denumirea de 5F-MMB-PICA, 5F-AMB-PICA \u0219i I-AMB) a fost promovat ca un medicament de design \u0219i un ingredient \u00een amestecurile sintetice de canabis. Raportat pentru prima dat\u0103 \u00een Rusia \u0219i Belarus \u00een ianuarie 2014, de atunci a fost v\u00e2ndut \u00een multe alte \u021b\u0103ri. Omologul de baz\u0103 al indolului 5F-AMB este acest compus. compu\u0219ii sintetici de canabis cu o grupare N-1-metoxicarbonil care con\u021bine un miez de indol-3-carboxamid\u0103 sau un miez de indazol-3-carboxamid\u0103, precum \u0219i un substituent izopropil sau t-butil, s-au dovedit a fi semnificativ mai d\u0103un\u0103tori dec\u00e2t canabinoizii sintetici mai vechi. compu\u0219i<\/p>\n<p>Canabinoidul sintetic 5F-MDMB-2201 este extrem de asem\u0103n\u0103tor cu MMB-2201 (familia indazolului). At\u00e2t la receptorii CB1, c\u00e2t \u0219i la CB2, 5F-MDMB-2201 exercit\u0103 un efect semnificativ (agonism).<\/p>\n<p>Denumire metabolic\u0103: 2-metil-1H-indol-3-carboxamido-dimetilbutanat de metil<\/p>\n<p>Ca medicament de design \u0219i ingredient activ \u00een amestecurile de canabis sintetic, MMB-2201 este un canabinoid sintetic pe baz\u0103 de indol-3-carboxamid\u0103.<\/p>\n<p>889493-21-2 Num\u0103r CAS<\/p>\n<p>C21H29FN2O3 este formula chimic\u0103.<\/p>\n<p>Puritatea minim\u0103 de 99,7 la sut\u0103<\/p>\n<p>376,49 este greutatea molecular\u0103<\/p>\n<p>Aspect de cristale\/pulbere<\/p>\n<p> Canabinoidul sintetic pe baz\u0103 de indol-3-carboxamid\u0103 MMB-2201 (cunoscut \u0219i ca 5F-MMB-PICA, 5F-AMB-PICA \u0219i I-AMB) este un medicament de design \u0219i un ingredient activ \u00een amestecurile sintetice de canabis. De\u0219i a fost raportat ini\u021bial \u00een Rusia \u0219i Belarus \u00een ianuarie a acestui an, ulterior a fost pus \u00een v\u00e2nzare \u00eentr-un num\u0103r de alte na\u021biuni. Omologul de baz\u0103 al 5F-indol AMB se g\u0103se\u0219te \u00een acest compus. S-a descoperit c\u0103 compu\u0219ii sintetici mai noi de canabis cu un miez de indol-3-carboxamid\u0103 sau indazol-3-carboxamid\u0103 \u0219i o grupare N-1-metoxicarbonil legat\u0103 de un substituent izopropil sau t-butil sunt mult mai d\u0103un\u0103tori dec\u00e2t compu\u0219ii canabinoizi sintetici mai vechi. &#8211;<\/p>\n<p>Canabinoidul sintetic 5F-MDMB-2201 este extrem de similar cu MMB-2201 (familia indazolului). At\u00e2t receptorii CB1, c\u00e2t \u0219i CB2 sunt foarte antagoni\u0219ti fa\u021b\u0103 de 5F-MDMB-2201.<\/p>\n<p>Denumire metabolic\u0103: 2-metil-1H-indol-3-carboxamido-dimetilbutanat de metil.<\/p>\n<p>Ca un medicament de designer \u0219i ingredient activ \u00een amestecurile sintetice de canabis, MMB-2201 este un canabinoid sintetic pe baz\u0103 de indol-3-carboxamid\u0103.<\/p>\n<p>889493-21-2 Num\u0103r CAS<\/p>\n<p>C21H29FN2O3 este formula chimic\u0103 .<\/p>\n<p>Puritatea minim\u0103 de 99,7 la sut\u0103<\/p>\n<p>376,49 este greutatea molecular\u0103<\/p>\n<p>Cristale \u0219i pulbere<\/p>\n","protected":false},"excerpt":{"rendered":"<p>Cump\u0103ra\u021bi pulbere MMB-2201 de v\u00e2nzare \u00een Marea Britanie, Europa, AU. oferim cea mai fiabil\u0103 tranzac\u021bie \u0219i vindem la pre\u021buri foarte accesibile. Comanda acum MMB-2201 Powder la cele mai bune pre\u021buri<\/p>\n<p>Cump\u0103r\u0103 online MMB-2201 Powder Pure Online. Pudra MMB-2201 este, de asemenea: 5F-MMB-PICA, 5F-AMB-PICA sau I-AMB.<\/p>\n<p>5CAKB48 MMB022,\u00a0<em>MPHP2201<\/em>\u00a0puritate ridicat\u0103 \u0219i\u00a0<em>pulbere galben\u0103<\/em>\u00a0online &#8230; <em>Mmbfub<\/em>,\u00a0<em>Mphp2201<\/em>, 5f-mdmb-<em>2201<\/em>, 5feapb\/5feapb, Mmb022, 4-cdc, Fub144,\u00a0<em>Fub2201<\/em>&gt;.<\/p>\n<p><em>Cump\u0103ra\u021bi<\/em>\u00a05F MDMB online &#8211; Pute\u021bi comanda 5F-MDMB-<em>2201 pudr\u0103<\/em>\u00a0la pre\u021b ieftin de la &#8230; 5F MDMB\u00a0<em>2201<\/em>\u00a0Crystals este cunoscut \u0219i ca 5F-<em>MMB<\/em>-PICA, 5F-AMB-PICA \u0219i I-AMB.<\/p>\n<p>&nbsp;<\/p>\n","protected":false},"featured_media":5695,"comment_status":"open","ping_status":"closed","template":"","meta":[],"product_brand":[],"product_cat":[2596],"product_tag":[2600,2601,2602,2603,2604,2608,2609,2610,2611,2605,2606,2607,2612,2613,2616,2615,2614,2619,2620,2621,2626,2628,2627,2622,2631,3564,3563,2625,2629],"class_list":{"0":"post-5684","1":"product","2":"type-product","3":"status-publish","4":"has-post-thumbnail","6":"product_cat-canabinoizi-de-vnzare","7":"product_tag-5f-mdmb-2201","8":"product_tag-5f-mdmb-2201-canabinoizi","9":"product_tag-5f-mdmb-2201-canabinoizi-de-vanzare","10":"product_tag-5f-mdmb-2201-de-vanzare","11":"product_tag-5f-mdmb-2201-de-vanzare-online","12":"product_tag-5f-mdmb-2201-powder-dosage","13":"product_tag-5f-mdmb-2201-powder-for-sale","14":"product_tag-5f-mdmb-2201-powder-review","15":"product_tag-5f-mdmb-2201-powder-supplier","16":"product_tag-5f-mdmb-2201-pulbere","17":"product_tag-5f-mdmb-2201-pulbere-australia","18":"product_tag-5f-mdmb-2201-pulbere-canada","19":"product_tag-5f-mdmb-2201-powder-uk","20":"product_tag-5f-mdmb-2201-powder-usa","21":"product_tag-5f-mdmb-2201-review","22":"product_tag-5f-mdmb-2201-reddit","23":"product_tag-5f-mdmb-2201-vanzator-pulbere","24":"product_tag-buy-5f-mdmb-2201","25":"product_tag-buy-5f-mdmb-2201-cannabinoids","26":"product_tag-buy-5f-mdmb-2201-online","27":"product_tag-comanda-5f-mdmb-2201","28":"product_tag-comanda-5f-mdmb-2201-pulbere","29":"product_tag-comanda-5f-mdmb-2201-online","30":"product_tag-cumpara-5f-mdmb-2201-powder-online","31":"product_tag-unde-se-cumpr-5f-mdmb-2201","32":"product_tag-elimina-term-5f-mdmb-2201-5f-mdmb-2201-pulbere-de-vanzare","33":"product_tag-eliminare-termen-5f-mdmb-2201-5f-mdmb-2201-efect","34":"product_tag-mail-5f-mdmb-2201","35":"product_tag-pur-5f-mdmb-2201-pulbere","37":"first","38":"instock","39":"shipping-taxable","40":"purchasable","41":"product-type-variable","42":"has-default-attributes"},"yoast_head":"<!-- This site is optimized with the Yoast SEO plugin v27.3 - https:\/\/yoast.com\/product\/yoast-seo-wordpress\/ -->\n<title>Cump\u0103ra\u021bi pulbere MMB-2201 - MMB-2201 de v\u00e2nzare - Cele mai bune medicamente globale<\/title>\n<meta name=\"description\" content=\"Cump\u0103ra\u021bi pulbere MMB-2201 de v\u00e2nzare \u00een Marea Britanie, Europa, AU. oferim cea mai fiabil\u0103 tranzac\u021bie \u0219i vindem la pre\u021buri foarte accesibile. Comanda acum Pudra MMB-2201 la cele mai bune preturi\" \/>\n<meta name=\"robots\" content=\"index, follow, max-snippet:-1, max-image-preview:large, max-video-preview:-1\" \/>\n<link rel=\"canonical\" href=\"https:\/\/medicinasinc.com\/ro\/product\/cumpara-mmb-2201-pulbere\/\" \/>\n<meta property=\"og:locale\" content=\"en_US\" \/>\n<meta property=\"og:type\" content=\"article\" \/>\n<meta property=\"og:title\" content=\"Cump\u0103ra\u021bi pulbere MMB-2201 - MMB-2201 de v\u00e2nzare - Cele mai bune medicamente globale\" \/>\n<meta property=\"og:description\" content=\"Cump\u0103ra\u021bi pulbere MMB-2201 de v\u00e2nzare \u00een Marea Britanie, Europa, AU. oferim cea mai fiabil\u0103 tranzac\u021bie \u0219i vindem la pre\u021buri foarte accesibile. Comanda acum Pudra MMB-2201 la cele mai bune preturi\" \/>\n<meta property=\"og:url\" content=\"https:\/\/medicinasinc.com\/ro\/product\/cumpara-mmb-2201-pulbere\/\" \/>\n<meta property=\"og:site_name\" content=\"Medicinas Inc\" \/>\n<meta property=\"article:modified_time\" content=\"2022-03-22T00:51:17+00:00\" \/>\n<meta property=\"og:image\" content=\"https:\/\/medicinasinc.com\/ro\/wp-content\/uploads\/sites\/11\/2022\/02\/Buy-MMB-2201-Powder.jpg\" \/>\n\t<meta property=\"og:image:width\" content=\"600\" \/>\n\t<meta property=\"og:image:height\" content=\"600\" \/>\n\t<meta property=\"og:image:type\" content=\"image\/jpeg\" \/>\n<meta name=\"twitter:card\" content=\"summary_large_image\" \/>\n<meta name=\"twitter:label1\" content=\"Est. reading time\" \/>\n\t<meta name=\"twitter:data1\" content=\"2 minutes\" \/>\n<script type=\"application\/ld+json\" class=\"yoast-schema-graph\">{\"@context\":\"https:\\\/\\\/schema.org\",\"@graph\":[{\"@type\":\"WebPage\",\"@id\":\"https:\\\/\\\/medicinasinc.com\\\/ro\\\/product\\\/cumpara-mmb-2201-pulbere\\\/\",\"url\":\"https:\\\/\\\/medicinasinc.com\\\/ro\\\/product\\\/cumpara-mmb-2201-pulbere\\\/\",\"name\":\"Cump\u0103ra\u021bi pulbere MMB-2201 - MMB-2201 de v\u00e2nzare - Cele mai bune medicamente globale\",\"isPartOf\":{\"@id\":\"https:\\\/\\\/medicinasinc.com\\\/ro\\\/#website\"},\"primaryImageOfPage\":{\"@id\":\"https:\\\/\\\/medicinasinc.com\\\/ro\\\/product\\\/cumpara-mmb-2201-pulbere\\\/#primaryimage\"},\"image\":{\"@id\":\"https:\\\/\\\/medicinasinc.com\\\/ro\\\/product\\\/cumpara-mmb-2201-pulbere\\\/#primaryimage\"},\"thumbnailUrl\":\"https:\\\/\\\/medicinasinc.com\\\/ro\\\/wp-content\\\/uploads\\\/sites\\\/11\\\/2022\\\/02\\\/Buy-MMB-2201-Powder.jpg\",\"datePublished\":\"2022-02-22T04:10:18+00:00\",\"dateModified\":\"2022-03-22T00:51:17+00:00\",\"description\":\"Cump\u0103ra\u021bi pulbere MMB-2201 de v\u00e2nzare \u00een Marea Britanie, Europa, AU. oferim cea mai fiabil\u0103 tranzac\u021bie \u0219i vindem la pre\u021buri foarte accesibile. Comanda acum Pudra MMB-2201 la cele mai bune preturi\",\"breadcrumb\":{\"@id\":\"https:\\\/\\\/medicinasinc.com\\\/ro\\\/product\\\/cumpara-mmb-2201-pulbere\\\/#breadcrumb\"},\"inLanguage\":\"en-US\",\"potentialAction\":[{\"@type\":\"ReadAction\",\"target\":[\"https:\\\/\\\/medicinasinc.com\\\/ro\\\/product\\\/cumpara-mmb-2201-pulbere\\\/\"]}]},{\"@type\":\"ImageObject\",\"inLanguage\":\"en-US\",\"@id\":\"https:\\\/\\\/medicinasinc.com\\\/ro\\\/product\\\/cumpara-mmb-2201-pulbere\\\/#primaryimage\",\"url\":\"https:\\\/\\\/medicinasinc.com\\\/ro\\\/wp-content\\\/uploads\\\/sites\\\/11\\\/2022\\\/02\\\/Buy-MMB-2201-Powder.jpg\",\"contentUrl\":\"https:\\\/\\\/medicinasinc.com\\\/ro\\\/wp-content\\\/uploads\\\/sites\\\/11\\\/2022\\\/02\\\/Buy-MMB-2201-Powder.jpg\",\"width\":600,\"height\":600},{\"@type\":\"BreadcrumbList\",\"@id\":\"https:\\\/\\\/medicinasinc.com\\\/ro\\\/product\\\/cumpara-mmb-2201-pulbere\\\/#breadcrumb\",\"itemListElement\":[{\"@type\":\"ListItem\",\"position\":1,\"name\":\"Magazin\",\"item\":\"https:\\\/\\\/medicinasinc.com\\\/ro\\\/magazin\\\/\"},{\"@type\":\"ListItem\",\"position\":2,\"name\":\"Cump\u0103ra\u021bi pulbere MMB-2201\"}]},{\"@type\":\"WebSite\",\"@id\":\"https:\\\/\\\/medicinasinc.com\\\/ro\\\/#website\",\"url\":\"https:\\\/\\\/medicinasinc.com\\\/ro\\\/\",\"name\":\"Medicinas Inc\",\"description\":\"Health Medical Clinic\",\"potentialAction\":[{\"@type\":\"SearchAction\",\"target\":{\"@type\":\"EntryPoint\",\"urlTemplate\":\"https:\\\/\\\/medicinasinc.com\\\/ro\\\/?s={search_term_string}\"},\"query-input\":{\"@type\":\"PropertyValueSpecification\",\"valueRequired\":true,\"valueName\":\"search_term_string\"}}],\"inLanguage\":\"en-US\"}]}<\/script>\n<!-- \/ Yoast SEO plugin. -->","yoast_head_json":{"title":"Cump\u0103ra\u021bi pulbere MMB-2201 - MMB-2201 de v\u00e2nzare - Cele mai bune medicamente globale","description":"Cump\u0103ra\u021bi pulbere MMB-2201 de v\u00e2nzare \u00een Marea Britanie, Europa, AU. oferim cea mai fiabil\u0103 tranzac\u021bie \u0219i vindem la pre\u021buri foarte accesibile. Comanda acum Pudra MMB-2201 la cele mai bune preturi","robots":{"index":"index","follow":"follow","max-snippet":"max-snippet:-1","max-image-preview":"max-image-preview:large","max-video-preview":"max-video-preview:-1"},"canonical":"https:\/\/medicinasinc.com\/ro\/product\/cumpara-mmb-2201-pulbere\/","og_locale":"en_US","og_type":"article","og_title":"Cump\u0103ra\u021bi pulbere MMB-2201 - MMB-2201 de v\u00e2nzare - Cele mai bune medicamente globale","og_description":"Cump\u0103ra\u021bi pulbere MMB-2201 de v\u00e2nzare \u00een Marea Britanie, Europa, AU. oferim cea mai fiabil\u0103 tranzac\u021bie \u0219i vindem la pre\u021buri foarte accesibile. Comanda acum Pudra MMB-2201 la cele mai bune preturi","og_url":"https:\/\/medicinasinc.com\/ro\/product\/cumpara-mmb-2201-pulbere\/","og_site_name":"Medicinas Inc","article_modified_time":"2022-03-22T00:51:17+00:00","og_image":[{"width":600,"height":600,"url":"https:\/\/medicinasinc.com\/ro\/wp-content\/uploads\/sites\/11\/2022\/02\/Buy-MMB-2201-Powder.jpg","type":"image\/jpeg"}],"twitter_card":"summary_large_image","twitter_misc":{"Est. reading time":"2 minutes"},"schema":{"@context":"https:\/\/schema.org","@graph":[{"@type":"WebPage","@id":"https:\/\/medicinasinc.com\/ro\/product\/cumpara-mmb-2201-pulbere\/","url":"https:\/\/medicinasinc.com\/ro\/product\/cumpara-mmb-2201-pulbere\/","name":"Cump\u0103ra\u021bi pulbere MMB-2201 - MMB-2201 de v\u00e2nzare - Cele mai bune medicamente globale","isPartOf":{"@id":"https:\/\/medicinasinc.com\/ro\/#website"},"primaryImageOfPage":{"@id":"https:\/\/medicinasinc.com\/ro\/product\/cumpara-mmb-2201-pulbere\/#primaryimage"},"image":{"@id":"https:\/\/medicinasinc.com\/ro\/product\/cumpara-mmb-2201-pulbere\/#primaryimage"},"thumbnailUrl":"https:\/\/medicinasinc.com\/ro\/wp-content\/uploads\/sites\/11\/2022\/02\/Buy-MMB-2201-Powder.jpg","datePublished":"2022-02-22T04:10:18+00:00","dateModified":"2022-03-22T00:51:17+00:00","description":"Cump\u0103ra\u021bi pulbere MMB-2201 de v\u00e2nzare \u00een Marea Britanie, Europa, AU. oferim cea mai fiabil\u0103 tranzac\u021bie \u0219i vindem la pre\u021buri foarte accesibile. Comanda acum Pudra MMB-2201 la cele mai bune preturi","breadcrumb":{"@id":"https:\/\/medicinasinc.com\/ro\/product\/cumpara-mmb-2201-pulbere\/#breadcrumb"},"inLanguage":"en-US","potentialAction":[{"@type":"ReadAction","target":["https:\/\/medicinasinc.com\/ro\/product\/cumpara-mmb-2201-pulbere\/"]}]},{"@type":"ImageObject","inLanguage":"en-US","@id":"https:\/\/medicinasinc.com\/ro\/product\/cumpara-mmb-2201-pulbere\/#primaryimage","url":"https:\/\/medicinasinc.com\/ro\/wp-content\/uploads\/sites\/11\/2022\/02\/Buy-MMB-2201-Powder.jpg","contentUrl":"https:\/\/medicinasinc.com\/ro\/wp-content\/uploads\/sites\/11\/2022\/02\/Buy-MMB-2201-Powder.jpg","width":600,"height":600},{"@type":"BreadcrumbList","@id":"https:\/\/medicinasinc.com\/ro\/product\/cumpara-mmb-2201-pulbere\/#breadcrumb","itemListElement":[{"@type":"ListItem","position":1,"name":"Magazin","item":"https:\/\/medicinasinc.com\/ro\/magazin\/"},{"@type":"ListItem","position":2,"name":"Cump\u0103ra\u021bi pulbere MMB-2201"}]},{"@type":"WebSite","@id":"https:\/\/medicinasinc.com\/ro\/#website","url":"https:\/\/medicinasinc.com\/ro\/","name":"Medicinas Inc","description":"Health Medical Clinic","potentialAction":[{"@type":"SearchAction","target":{"@type":"EntryPoint","urlTemplate":"https:\/\/medicinasinc.com\/ro\/?s={search_term_string}"},"query-input":{"@type":"PropertyValueSpecification","valueRequired":true,"valueName":"search_term_string"}}],"inLanguage":"en-US"}]}},"_links":{"self":[{"href":"https:\/\/medicinasinc.com\/ro\/wp-json\/wp\/v2\/product\/5684","targetHints":{"allow":["GET"]}}],"collection":[{"href":"https:\/\/medicinasinc.com\/ro\/wp-json\/wp\/v2\/product"}],"about":[{"href":"https:\/\/medicinasinc.com\/ro\/wp-json\/wp\/v2\/types\/product"}],"replies":[{"embeddable":true,"href":"https:\/\/medicinasinc.com\/ro\/wp-json\/wp\/v2\/comments?post=5684"}],"wp:featuredmedia":[{"embeddable":true,"href":"https:\/\/medicinasinc.com\/ro\/wp-json\/wp\/v2\/media\/5695"}],"wp:attachment":[{"href":"https:\/\/medicinasinc.com\/ro\/wp-json\/wp\/v2\/media?parent=5684"}],"wp:term":[{"taxonomy":"product_brand","embeddable":true,"href":"https:\/\/medicinasinc.com\/ro\/wp-json\/wp\/v2\/product_brand?post=5684"},{"taxonomy":"product_cat","embeddable":true,"href":"https:\/\/medicinasinc.com\/ro\/wp-json\/wp\/v2\/product_cat?post=5684"},{"taxonomy":"product_tag","embeddable":true,"href":"https:\/\/medicinasinc.com\/ro\/wp-json\/wp\/v2\/product_tag?post=5684"}],"curies":[{"name":"wp","href":"https:\/\/api.w.org\/{rel}","templated":true}]}}