{"id":5682,"date":"2022-02-22T04:07:27","date_gmt":"2022-02-22T04:07:27","guid":{"rendered":"https:\/\/medicinasinc.com\/ro\/?post_type=product&#038;p=5682"},"modified":"2022-03-22T00:51:29","modified_gmt":"2022-03-22T00:51:29","slug":"cumpara-fara-taur-sare-de-baie","status":"publish","type":"product","link":"https:\/\/medicinasinc.com\/ro\/product\/cumpara-fara-taur-sare-de-baie\/","title":{"rendered":"Cump\u0103ra\u021bi sare de baie f\u0103r\u0103 taur"},"content":{"rendered":"<p>Face\u021bi stocuri de s\u0103ruri de baie pentru calmarea stresului<\/p>\n<p>S\u0103rurile de baie care nu con\u021bin taur sunt la v\u00e2nzare. Pentru a v\u0103 asigura c\u0103 ave\u021bi o baie relaxant\u0103 \u0219i senzual\u0103, v\u0103 oferim produse de baie de \u00eenalt\u0103 calitate, cum ar fi s\u0103rurile de baie. C\u00e2nd cump\u0103ra\u021bi s\u0103ruri de baie online de la noi, pute\u021bi fi sigur c\u0103 ob\u021bine\u021bi cel mai bun produs posibil. Alte concentrate de sare de baie sunt disponibile spre v\u00e2nzare la costuri rezonabile prin intermediul opera\u021biunilor noastre de v\u00e2nzare cu ridicata \u0219i cu am\u0103nuntul.<\/p>\n<p>Totul este despre produsele noastre<\/p>\n<p>O \u00eembibare cu s\u0103ruri de baie f\u0103r\u0103 tauri v\u0103 va l\u0103sa s\u0103 v\u0103 sim\u021bi\u021bi revigorat , energic \u0219i euforic. Un pic modest este tot ceea ce este necesar pentru a avea un impact semnificativ. Ca alternativ\u0103, pune o cantitate mic\u0103 \u00een baia ta fierbinte \u0219i te vei sim\u021bi \u00eentinerit\u0103 \u0219i extaziat\u0103. \u00cen ciuda acestui fapt, mul\u021bi oameni \u00eel folosesc pentru a imita izvoarele termale autentice g\u0103site de-a lungul coastei grece\u0219ti. Re\u021bine\u021bi: produsul nostru este o sare de baie puternic\u0103 pentru medita\u021bie. La \u00eenceput, utiliza\u021bi doar o cantitate mic\u0103 pentru a evita ca apa din baie s\u0103 fie prea tulbure. Cu toate acestea, dac\u0103 sunt folosite corect, No Bull Bath Salts v\u0103 poate ajuta s\u0103 cuceri\u021bi \u00een\u0103l\u021bimi de netrecut anterior.<\/p>\n<p>ALTE LUCRURI DE \u00ceNCERCAT<br \/> Ivory Wave Recharge Bath Salts 500 mg, White Girl 500 mg S\u0103ruri de baie concentrate, Tranquility Concentrated Bath S\u0103rurile de baie 500 mg \u0219i s\u0103rurile de baie cu rating X 500 mg sunt unele dintre s\u0103rurile de baie pe care le avem.<br \/> S\u0103ruri de baie concentrate de filde\u0219 500 mg<br \/> S\u0103ruri de baie 50 mg Blue Wave<br \/> Sare de baie pur\u0103 &#8211; m\u0103tase albastr\u0103, 500 mg <br \/> 500 mg de s\u0103ruri de baie boliviane<br \/> Rave On Bath Salt Tranquility 500 mg de s\u0103ruri de baie concentrate de la G Pheonix.<br \/> 500 de miligrame de s\u0103ruri de baie Eight Ballz.<br \/> S\u0102RURI DE TOALEE, 1 GRA, HOLLYWOOD<br \/> Praf de diamant \u2013 500 de miligrame<br \/> 500 de miligrame de Drone V Fun Powder<br \/> Pudr\u0103 de noutate Black Diamond de la Black Diamond<br \/> Pudr\u0103 de noutate pump-it 500mg Eight Ballz<br \/> 500mg de alb S\u0103ruri de baie Rush.<br \/> 400 g S\u0103ruri de baie pure Ivory Wave Ultra<br \/> S\u0103ruri ale valului 500 mg Ivory<br \/> 500 mg de sare de baie Lady Bubbles.<br \/> 50 0mg de Cloud 9 S\u0103ruri de baie<br \/> Pudr\u0103 500mg Heavenly Soak &#8211; Euforic &#8211; Noutate<br \/> Energy &#8211; Novelty Powder 500mg de la Heavenly Soak<br \/> The Sky &#8211; Novelty Powder \u2013 500 mg<br \/> Novelty Powder, 500mg Amestecul lui Molly<\/p>\n","protected":false},"excerpt":{"rendered":"<p>Sare de baie concentrat\u0103 de calitate superioar\u0103.<\/p>\n<p>100% legal\u0103 la nivel mondial<\/p>\n<p><em>Cump\u0103ra\u021bi<\/em>\u00a0S\u0103ruri de baie White Girl\u00a0<em>S\u0103ruri de baie<\/em>\u00a0de la furnizorul aprobat . Puritate de calitate superioar\u0103, pre\u021buri corecte, livrare rapid\u0103 garantat\u0103, politic\u0103 de rambursare\/return, servicii excelente pentru clien\u021bi.<\/p>\n<p>Pl\u0103ti\u021bi \u00een exces pentru\u00a0<em>nu<\/em>&#8211;<em>s\u0103ruri de baie de taur<\/em>\u00a0online? <em>Nu cump\u0103ra\u021bi<\/em>&#8211;<em>s\u0103ruri de baie de taur<\/em> online la Best Global Meds. Afla\u021bi <em>afla\u021bi<\/em>\u00a0despre\u00a0<em>nu<\/em>&#8211;<em>s\u0103rurile de baie de tauri<\/em>\u00a0pentru pre\u021burile de v\u00e2nzare.<\/p>\n<p><em>Cumpara\u021bi f\u0103r\u0103 taur Sare de baie<\/em>\u00a0Online la cel mai bun pre\u021b. Garant\u0103m transport \u00een toat\u0103 lumea \u00een siguran\u021b\u0103 \u0219i securizat.<\/p>\n","protected":false},"featured_media":5693,"comment_status":"open","ping_status":"closed","template":"","meta":[],"product_brand":[],"product_cat":[2014],"product_tag":[3549,3550,3561,3548,3562,3557,3554,3552,3555,3556,3553,3558,3551,3559,3560],"class_list":{"0":"post-5682","1":"product","2":"type-product","3":"status-publish","4":"has-post-thumbnail","6":"product_cat-cumprare-cercetare-chimice","7":"product_tag-buy-no-bull-powder-cleaner-1000mg-bath-salt-online","8":"product_tag-buy-no-bull-bath-salts-online","9":"product_tag-comanda-fara-taur-saruri-de-baie-online","10":"product_tag-cumpr-fr-taur-sare-de-baie","11":"product_tag-unde-s-cumprai-fr-sruri-de-baie","12":"product_tag-fara-bull-pudra-curatator-1000mg-sare-de-baie","13":"product_tag-fara-taur-baie-sare-comanda","14":"product_tag-fr-efect-de-sare-de-baie-de-taur","15":"product_tag-fara-taur-sare-de-baie-reddit","16":"product_tag-nu-taur-baie-sare-vanzari","17":"product_tag-no-bull-bath-salt-google","18":"product_tag-curatator-fara-bull-pudra-1000mg-sare-de-baie-online","19":"product_tag-fara-taur-sare-de-baie-cumpara","20":"product_tag-fr-sruri-de-baie-de-taur","21":"product_tag-fr-taur-sruri-de-baie-de-vnzare","23":"first","24":"instock","25":"shipping-taxable","26":"purchasable","27":"product-type-variable","28":"has-default-attributes"},"yoast_head":"<!-- This site is optimized with the Yoast SEO plugin v27.3 - https:\/\/yoast.com\/product\/yoast-seo-wordpress\/ -->\n<title>Cump\u0103ra\u021bi sare de baie f\u0103r\u0103 taur - sare de baie f\u0103r\u0103 taur online - cele mai bune medicamente globale<\/title>\n<meta name=\"description\" content=\"Cump\u0103ra\u021bi sare de baie f\u0103r\u0103 taur de v\u00e2nzare \u00een Marea Britanie, Europa, AU. oferim cea mai fiabil\u0103 tranzac\u021bie \u0219i vindem la pre\u021buri foarte accesibile. Comanda acum Sare de baie No Bull la cele mai bune preturi\" \/>\n<meta name=\"robots\" content=\"index, follow, max-snippet:-1, max-image-preview:large, max-video-preview:-1\" \/>\n<link rel=\"canonical\" href=\"https:\/\/medicinasinc.com\/ro\/product\/cumpara-fara-taur-sare-de-baie\/\" \/>\n<meta property=\"og:locale\" content=\"en_US\" \/>\n<meta property=\"og:type\" content=\"article\" \/>\n<meta property=\"og:title\" content=\"Cump\u0103ra\u021bi sare de baie f\u0103r\u0103 taur - sare de baie f\u0103r\u0103 taur online - cele mai bune medicamente globale\" \/>\n<meta property=\"og:description\" content=\"Cump\u0103ra\u021bi sare de baie f\u0103r\u0103 taur de v\u00e2nzare \u00een Marea Britanie, Europa, AU. oferim cea mai fiabil\u0103 tranzac\u021bie \u0219i vindem la pre\u021buri foarte accesibile. Comanda acum Sare de baie No Bull la cele mai bune preturi\" \/>\n<meta property=\"og:url\" content=\"https:\/\/medicinasinc.com\/ro\/product\/cumpara-fara-taur-sare-de-baie\/\" \/>\n<meta property=\"og:site_name\" content=\"Medicinas Inc\" \/>\n<meta property=\"article:modified_time\" content=\"2022-03-22T00:51:29+00:00\" \/>\n<meta property=\"og:image\" content=\"https:\/\/medicinasinc.com\/ro\/wp-content\/uploads\/sites\/11\/2022\/02\/Buy-No-Bull-Bath-Salt.jpg\" \/>\n\t<meta property=\"og:image:width\" content=\"600\" \/>\n\t<meta property=\"og:image:height\" content=\"600\" \/>\n\t<meta property=\"og:image:type\" content=\"image\/jpeg\" \/>\n<meta name=\"twitter:card\" content=\"summary_large_image\" \/>\n<meta name=\"twitter:label1\" content=\"Est. reading time\" \/>\n\t<meta name=\"twitter:data1\" content=\"2 minutes\" \/>\n<script type=\"application\/ld+json\" class=\"yoast-schema-graph\">{\"@context\":\"https:\\\/\\\/schema.org\",\"@graph\":[{\"@type\":\"WebPage\",\"@id\":\"https:\\\/\\\/medicinasinc.com\\\/ro\\\/product\\\/cumpara-fara-taur-sare-de-baie\\\/\",\"url\":\"https:\\\/\\\/medicinasinc.com\\\/ro\\\/product\\\/cumpara-fara-taur-sare-de-baie\\\/\",\"name\":\"Cump\u0103ra\u021bi sare de baie f\u0103r\u0103 taur - sare de baie f\u0103r\u0103 taur online - cele mai bune medicamente globale\",\"isPartOf\":{\"@id\":\"https:\\\/\\\/medicinasinc.com\\\/ro\\\/#website\"},\"primaryImageOfPage\":{\"@id\":\"https:\\\/\\\/medicinasinc.com\\\/ro\\\/product\\\/cumpara-fara-taur-sare-de-baie\\\/#primaryimage\"},\"image\":{\"@id\":\"https:\\\/\\\/medicinasinc.com\\\/ro\\\/product\\\/cumpara-fara-taur-sare-de-baie\\\/#primaryimage\"},\"thumbnailUrl\":\"https:\\\/\\\/medicinasinc.com\\\/ro\\\/wp-content\\\/uploads\\\/sites\\\/11\\\/2022\\\/02\\\/Buy-No-Bull-Bath-Salt.jpg\",\"datePublished\":\"2022-02-22T04:07:27+00:00\",\"dateModified\":\"2022-03-22T00:51:29+00:00\",\"description\":\"Cump\u0103ra\u021bi sare de baie f\u0103r\u0103 taur de v\u00e2nzare \u00een Marea Britanie, Europa, AU. oferim cea mai fiabil\u0103 tranzac\u021bie \u0219i vindem la pre\u021buri foarte accesibile. Comanda acum Sare de baie No Bull la cele mai bune preturi\",\"breadcrumb\":{\"@id\":\"https:\\\/\\\/medicinasinc.com\\\/ro\\\/product\\\/cumpara-fara-taur-sare-de-baie\\\/#breadcrumb\"},\"inLanguage\":\"en-US\",\"potentialAction\":[{\"@type\":\"ReadAction\",\"target\":[\"https:\\\/\\\/medicinasinc.com\\\/ro\\\/product\\\/cumpara-fara-taur-sare-de-baie\\\/\"]}]},{\"@type\":\"ImageObject\",\"inLanguage\":\"en-US\",\"@id\":\"https:\\\/\\\/medicinasinc.com\\\/ro\\\/product\\\/cumpara-fara-taur-sare-de-baie\\\/#primaryimage\",\"url\":\"https:\\\/\\\/medicinasinc.com\\\/ro\\\/wp-content\\\/uploads\\\/sites\\\/11\\\/2022\\\/02\\\/Buy-No-Bull-Bath-Salt.jpg\",\"contentUrl\":\"https:\\\/\\\/medicinasinc.com\\\/ro\\\/wp-content\\\/uploads\\\/sites\\\/11\\\/2022\\\/02\\\/Buy-No-Bull-Bath-Salt.jpg\",\"width\":600,\"height\":600},{\"@type\":\"BreadcrumbList\",\"@id\":\"https:\\\/\\\/medicinasinc.com\\\/ro\\\/product\\\/cumpara-fara-taur-sare-de-baie\\\/#breadcrumb\",\"itemListElement\":[{\"@type\":\"ListItem\",\"position\":1,\"name\":\"Magazin\",\"item\":\"https:\\\/\\\/medicinasinc.com\\\/ro\\\/magazin\\\/\"},{\"@type\":\"ListItem\",\"position\":2,\"name\":\"Cump\u0103ra\u021bi sare de baie f\u0103r\u0103 taur\"}]},{\"@type\":\"WebSite\",\"@id\":\"https:\\\/\\\/medicinasinc.com\\\/ro\\\/#website\",\"url\":\"https:\\\/\\\/medicinasinc.com\\\/ro\\\/\",\"name\":\"Medicinas Inc\",\"description\":\"Health Medical Clinic\",\"potentialAction\":[{\"@type\":\"SearchAction\",\"target\":{\"@type\":\"EntryPoint\",\"urlTemplate\":\"https:\\\/\\\/medicinasinc.com\\\/ro\\\/?s={search_term_string}\"},\"query-input\":{\"@type\":\"PropertyValueSpecification\",\"valueRequired\":true,\"valueName\":\"search_term_string\"}}],\"inLanguage\":\"en-US\"}]}<\/script>\n<!-- \/ Yoast SEO plugin. -->","yoast_head_json":{"title":"Cump\u0103ra\u021bi sare de baie f\u0103r\u0103 taur - sare de baie f\u0103r\u0103 taur online - cele mai bune medicamente globale","description":"Cump\u0103ra\u021bi sare de baie f\u0103r\u0103 taur de v\u00e2nzare \u00een Marea Britanie, Europa, AU. oferim cea mai fiabil\u0103 tranzac\u021bie \u0219i vindem la pre\u021buri foarte accesibile. Comanda acum Sare de baie No Bull la cele mai bune preturi","robots":{"index":"index","follow":"follow","max-snippet":"max-snippet:-1","max-image-preview":"max-image-preview:large","max-video-preview":"max-video-preview:-1"},"canonical":"https:\/\/medicinasinc.com\/ro\/product\/cumpara-fara-taur-sare-de-baie\/","og_locale":"en_US","og_type":"article","og_title":"Cump\u0103ra\u021bi sare de baie f\u0103r\u0103 taur - sare de baie f\u0103r\u0103 taur online - cele mai bune medicamente globale","og_description":"Cump\u0103ra\u021bi sare de baie f\u0103r\u0103 taur de v\u00e2nzare \u00een Marea Britanie, Europa, AU. oferim cea mai fiabil\u0103 tranzac\u021bie \u0219i vindem la pre\u021buri foarte accesibile. Comanda acum Sare de baie No Bull la cele mai bune preturi","og_url":"https:\/\/medicinasinc.com\/ro\/product\/cumpara-fara-taur-sare-de-baie\/","og_site_name":"Medicinas Inc","article_modified_time":"2022-03-22T00:51:29+00:00","og_image":[{"width":600,"height":600,"url":"https:\/\/medicinasinc.com\/ro\/wp-content\/uploads\/sites\/11\/2022\/02\/Buy-No-Bull-Bath-Salt.jpg","type":"image\/jpeg"}],"twitter_card":"summary_large_image","twitter_misc":{"Est. reading time":"2 minutes"},"schema":{"@context":"https:\/\/schema.org","@graph":[{"@type":"WebPage","@id":"https:\/\/medicinasinc.com\/ro\/product\/cumpara-fara-taur-sare-de-baie\/","url":"https:\/\/medicinasinc.com\/ro\/product\/cumpara-fara-taur-sare-de-baie\/","name":"Cump\u0103ra\u021bi sare de baie f\u0103r\u0103 taur - sare de baie f\u0103r\u0103 taur online - cele mai bune medicamente globale","isPartOf":{"@id":"https:\/\/medicinasinc.com\/ro\/#website"},"primaryImageOfPage":{"@id":"https:\/\/medicinasinc.com\/ro\/product\/cumpara-fara-taur-sare-de-baie\/#primaryimage"},"image":{"@id":"https:\/\/medicinasinc.com\/ro\/product\/cumpara-fara-taur-sare-de-baie\/#primaryimage"},"thumbnailUrl":"https:\/\/medicinasinc.com\/ro\/wp-content\/uploads\/sites\/11\/2022\/02\/Buy-No-Bull-Bath-Salt.jpg","datePublished":"2022-02-22T04:07:27+00:00","dateModified":"2022-03-22T00:51:29+00:00","description":"Cump\u0103ra\u021bi sare de baie f\u0103r\u0103 taur de v\u00e2nzare \u00een Marea Britanie, Europa, AU. oferim cea mai fiabil\u0103 tranzac\u021bie \u0219i vindem la pre\u021buri foarte accesibile. Comanda acum Sare de baie No Bull la cele mai bune preturi","breadcrumb":{"@id":"https:\/\/medicinasinc.com\/ro\/product\/cumpara-fara-taur-sare-de-baie\/#breadcrumb"},"inLanguage":"en-US","potentialAction":[{"@type":"ReadAction","target":["https:\/\/medicinasinc.com\/ro\/product\/cumpara-fara-taur-sare-de-baie\/"]}]},{"@type":"ImageObject","inLanguage":"en-US","@id":"https:\/\/medicinasinc.com\/ro\/product\/cumpara-fara-taur-sare-de-baie\/#primaryimage","url":"https:\/\/medicinasinc.com\/ro\/wp-content\/uploads\/sites\/11\/2022\/02\/Buy-No-Bull-Bath-Salt.jpg","contentUrl":"https:\/\/medicinasinc.com\/ro\/wp-content\/uploads\/sites\/11\/2022\/02\/Buy-No-Bull-Bath-Salt.jpg","width":600,"height":600},{"@type":"BreadcrumbList","@id":"https:\/\/medicinasinc.com\/ro\/product\/cumpara-fara-taur-sare-de-baie\/#breadcrumb","itemListElement":[{"@type":"ListItem","position":1,"name":"Magazin","item":"https:\/\/medicinasinc.com\/ro\/magazin\/"},{"@type":"ListItem","position":2,"name":"Cump\u0103ra\u021bi sare de baie f\u0103r\u0103 taur"}]},{"@type":"WebSite","@id":"https:\/\/medicinasinc.com\/ro\/#website","url":"https:\/\/medicinasinc.com\/ro\/","name":"Medicinas Inc","description":"Health Medical Clinic","potentialAction":[{"@type":"SearchAction","target":{"@type":"EntryPoint","urlTemplate":"https:\/\/medicinasinc.com\/ro\/?s={search_term_string}"},"query-input":{"@type":"PropertyValueSpecification","valueRequired":true,"valueName":"search_term_string"}}],"inLanguage":"en-US"}]}},"_links":{"self":[{"href":"https:\/\/medicinasinc.com\/ro\/wp-json\/wp\/v2\/product\/5682","targetHints":{"allow":["GET"]}}],"collection":[{"href":"https:\/\/medicinasinc.com\/ro\/wp-json\/wp\/v2\/product"}],"about":[{"href":"https:\/\/medicinasinc.com\/ro\/wp-json\/wp\/v2\/types\/product"}],"replies":[{"embeddable":true,"href":"https:\/\/medicinasinc.com\/ro\/wp-json\/wp\/v2\/comments?post=5682"}],"wp:featuredmedia":[{"embeddable":true,"href":"https:\/\/medicinasinc.com\/ro\/wp-json\/wp\/v2\/media\/5693"}],"wp:attachment":[{"href":"https:\/\/medicinasinc.com\/ro\/wp-json\/wp\/v2\/media?parent=5682"}],"wp:term":[{"taxonomy":"product_brand","embeddable":true,"href":"https:\/\/medicinasinc.com\/ro\/wp-json\/wp\/v2\/product_brand?post=5682"},{"taxonomy":"product_cat","embeddable":true,"href":"https:\/\/medicinasinc.com\/ro\/wp-json\/wp\/v2\/product_cat?post=5682"},{"taxonomy":"product_tag","embeddable":true,"href":"https:\/\/medicinasinc.com\/ro\/wp-json\/wp\/v2\/product_tag?post=5682"}],"curies":[{"name":"wp","href":"https:\/\/api.w.org\/{rel}","templated":true}]}}