{"id":5677,"date":"2022-02-22T04:00:21","date_gmt":"2022-02-22T04:00:21","guid":{"rendered":"https:\/\/medicinasinc.com\/ro\/?post_type=product&#038;p=5677"},"modified":"2022-03-22T00:51:37","modified_gmt":"2022-03-22T00:51:37","slug":"cumpar-metoxetamina","status":"publish","type":"product","link":"https:\/\/medicinasinc.com\/ro\/product\/cumpar-metoxetamina\/","title":{"rendered":"Cump\u0103ra\u021bi metoxetamina"},"content":{"rendered":"<p>Metoxetamin\u0103 MXE de v\u00e2nzare pe internet<\/p>\n<p>\u0218ti\u021bi ce este?<\/p>\n<p>Halucinogenul disociativ Methoxetamine MXE Online, prescurtat ca MXE, a fost v\u00e2ndut ca medicament de design. Disociative precum ketamina \u0219i fenciclidina (PCP), care erau destinate utiliz\u0103rii medicale ca anestezice, au fost create pentru pia\u021ba farmaceutic\u0103. Este posibil s\u0103 cump\u0103ra\u021bi metoxetamina online sau de la v\u00e2nz\u0103torii locali. De v\u00e2nzare este pudr\u0103 de Metoxetamina MXE, care poate fi achizi\u021bionat\u0103 la un pre\u021b mic sau achizi\u021bionat\u0103 \u00een vrac la un cost mai mare.<\/p>\n<p>Metoxetamina (MXE), un halucinogen \u0219i anestezic care func\u021bioneaz\u0103 ca antagonist asupra receptorului NMDA. , este legat de medicamentul veterinar ketamina. Se pretinde c\u0103 efectele metoxetaminei sunt mai puternice \u0219i de lung\u0103 durat\u0103 dec\u00e2t cele ale ketaminei, ceea ce o face o op\u021biune ideal\u0103 pentru studen\u021bii care efectueaz\u0103 cercet\u0103ri \u00een aceast\u0103 substan\u021b\u0103. Metoxetamina este disponibil\u0103 de la BAC numai \u00een scopuri de cercetare. MXE Metoxetamina online f\u0103r\u0103 prescrip\u021bie medical\u0103<\/p>\n<p>Metoxetamina este un medicament popular \u0219i multe persoane caut\u0103 modalit\u0103\u021bi de a pune m\u00e2na pe el f\u0103r\u0103 a p\u0103r\u0103si casele lor. Drept urmare, necesit\u0103 op\u021biuni de plat\u0103 \u0219i livrare c\u00e2t mai simple posibil. Cu toate acestea, ei sunt preocupa\u021bi \u00een principal s\u0103 r\u0103m\u00e2n\u0103 nedetecta\u021bi. Cu toate acestea, pute\u021bi cump\u0103ra metoxetamina \u00een mod anonim \u0219i \u00een siguran\u021b\u0103 aici, trimi\u021b\u00e2nd bani cu cardul de credit. Trimiterea de bani folosind Western Union sau Money Gram este o modalitate simpl\u0103 de a realiza acest lucru. S-ar putea, totu\u0219i, s\u0103 dorim s\u0103 ne uit\u0103m la discre\u021bie. Drept urmare, credem c\u0103 Bitcoin este mijlocul ideal de plat\u0103. Continua\u021bi \u0219i plasa\u021bi comanda acum, apoi trimite\u021bi-ne o confirmare dup\u0103 ce a\u021bi terminat.<\/p>\n<p>Metoxetamina MXE de v\u00e2nzare pe internet<\/p>\n<p>\u00cen calitate de furnizor reputat de produse chimice \u0219i farmaceutice pentru cercetare, magazinul nostru de produse chimice a fost expediat \u00een aproape fiecare \u021bar\u0103 din lume. Pentru confortul clien\u021bilor no\u0219tri, lu\u0103m, de asemenea, bitcoin \u0219i carduri cadou. Mai jos sunt enumerate c\u00e2teva dintre cele mai populare articole ale noastre.<\/p>\n<p>Pudra MXE de pe pia\u021b\u0103 de v\u00e2nzare<br \/> Cump\u0103ra\u021bi 25 I-NBOMe online.<br \/> Cristale A-PVP pot fi achizi\u021bionate<br \/> Actavis promethazine cu codein\u0103 32 oz este disponibil pentru cump\u0103rare.<br \/> AB-PINACA poate fi achizi\u021bionat online.<br \/> Adderall online f\u0103r\u0103 prescrip\u021bie medical\u0103<br \/> Cump\u0103ra\u021bi AK-B48<br \/> Cump\u0103ra\u021bi amfetamina pudr\u0103.<br \/> Cristale de butilon\u0103 de v\u00e2nzare<\/p>\n","protected":false},"excerpt":{"rendered":"<p>Cump\u0103ra\u021bi Methoxetamine MXE pentru v\u00e2nzare \u00een Marea Britanie, Europa, AU. oferim cea mai fiabil\u0103 tranzac\u021bie \u0219i vindem la pre\u021buri foarte accesibile. Comanda\u021bi Methoxetamine MXE acum la cele mai bune pre\u021buri<\/p>\n<p>Oamenii pot cump\u0103ra Methoxetamine MXE pentru v\u00e2nzare \u00een Marea Britanie. Oamenii care cump\u0103r\u0103 de la noi pot fi siguri c\u0103 vor primi ceea ce pl\u0103tesc. Methoxetamine MXE poate fi cump\u0103rat acum la cele mai bune pre\u021buri.<\/p>\n<p>Cump\u0103ra\u021bi metoxetamin\u0103 online, comanda\u021bi cel mai bun MXE 99% pur peste noapte \u0219i afla\u021bi de unde pute\u021bi cump\u0103ra metoxetamina cu un card de credit. Pre\u021bul MXE.<\/p>\n<p>Metoxetamina este un medicament care este utilizat pentru a trata durerea. Un halucinogen numit Methoxetamine MXE, sau pe scurt MXE, a fost v\u00e2ndut ca \u201emedicament de design\u201d.<\/p>\n","protected":false},"featured_media":5687,"comment_status":"open","ping_status":"closed","template":"","meta":[],"product_brand":[],"product_cat":[2014],"product_tag":[3283,3526,3527,3528,3532,3524,3544,3545,3525,3529,3531,3530,3546,3547,3533,3534,3535,3537,3536,3540,3538,3539,3542,3541,3543],"class_list":{"0":"post-5677","1":"product","2":"type-product","3":"status-publish","4":"has-post-thumbnail","6":"product_cat-cumprare-cercetare-chimice","7":"product_tag-best-place-to-buy-mxe","8":"product_tag-buy-methoxetamine-mxe-online","9":"product_tag-buy-methoxetamine-online","10":"product_tag-buy-mxe-1g","11":"product_tag-buy-research-chemicals-methoxetamine","12":"product_tag-cel-mai-bun-mxe-vnztor","13":"product_tag-comanda-metoxetamina-online","14":"product_tag-cumprare-metoxetamin","15":"product_tag-cump-c4-83r-metoxetamina","16":"product_tag-buy-mxe-online","17":"product_tag-cumpara-mxe-stat-uni","18":"product_tag-buy-mxe-cercetare-chimic","19":"product_tag-unde-pot-cumpra-mxe","20":"product_tag-unde-a-cumpra-mxe-online","21":"product_tag-methoxetamine-for-sale","22":"product_tag-metoxetamina-online","23":"product_tag-mxe","24":"product_tag-mxe-buy-online","25":"product_tag-mxe-buy","26":"product_tag-mxe-de-vanzare","27":"product_tag-mxe-medicament-de-vanzare","28":"product_tag-mxe-drog-info","29":"product_tag-mxe-methoxetamine-erowid","30":"product_tag-mxe-metoxetamina","31":"product_tag-mxe-vnztor","33":"first","34":"instock","35":"shipping-taxable","36":"purchasable","37":"product-type-variable","38":"has-default-attributes"},"yoast_head":"<!-- This site is optimized with the Yoast SEO plugin v27.3 - https:\/\/yoast.com\/product\/yoast-seo-wordpress\/ -->\n<title>Cump\u0103ra\u021bi Metoxetamina - Metoxetamina - Cele mai bune medicamente globale<\/title>\n<meta name=\"description\" content=\"Cump\u0103ra\u021bi Metoxetamina MXE de v\u00e2nzare \u00een Marea Britanie, Europa, AU. oferim cea mai fiabil\u0103 tranzac\u021bie \u0219i vindem la pre\u021buri foarte accesibile. Comanda\u021bi Metoxetamina MXE acum la cele mai bune pre\u021buri\" \/>\n<meta name=\"robots\" content=\"index, follow, max-snippet:-1, max-image-preview:large, max-video-preview:-1\" \/>\n<link rel=\"canonical\" href=\"https:\/\/medicinasinc.com\/ro\/product\/cumpar-metoxetamina\/\" \/>\n<meta property=\"og:locale\" content=\"en_US\" \/>\n<meta property=\"og:type\" content=\"article\" \/>\n<meta property=\"og:title\" content=\"Cump\u0103ra\u021bi Metoxetamina - Metoxetamina - Cele mai bune medicamente globale\" \/>\n<meta property=\"og:description\" content=\"Cump\u0103ra\u021bi Metoxetamina MXE de v\u00e2nzare \u00een Marea Britanie, Europa, AU. oferim cea mai fiabil\u0103 tranzac\u021bie \u0219i vindem la pre\u021buri foarte accesibile. Comanda\u021bi Metoxetamina MXE acum la cele mai bune pre\u021buri\" \/>\n<meta property=\"og:url\" content=\"https:\/\/medicinasinc.com\/ro\/product\/cumpar-metoxetamina\/\" \/>\n<meta property=\"og:site_name\" content=\"Medicinas Inc\" \/>\n<meta property=\"article:modified_time\" content=\"2022-03-22T00:51:37+00:00\" \/>\n<meta property=\"og:image\" content=\"https:\/\/medicinasinc.com\/ro\/wp-content\/uploads\/sites\/11\/2022\/02\/Buy-Methoxetamine.webp\" \/>\n\t<meta property=\"og:image:width\" content=\"750\" \/>\n\t<meta property=\"og:image:height\" content=\"461\" \/>\n\t<meta property=\"og:image:type\" content=\"image\/webp\" \/>\n<meta name=\"twitter:card\" content=\"summary_large_image\" \/>\n<meta name=\"twitter:label1\" content=\"Est. reading time\" \/>\n\t<meta name=\"twitter:data1\" content=\"2 minutes\" \/>\n<script type=\"application\/ld+json\" class=\"yoast-schema-graph\">{\"@context\":\"https:\\\/\\\/schema.org\",\"@graph\":[{\"@type\":\"WebPage\",\"@id\":\"https:\\\/\\\/medicinasinc.com\\\/ro\\\/product\\\/cumpar-metoxetamina\\\/\",\"url\":\"https:\\\/\\\/medicinasinc.com\\\/ro\\\/product\\\/cumpar-metoxetamina\\\/\",\"name\":\"Cump\u0103ra\u021bi Metoxetamina - Metoxetamina - Cele mai bune medicamente globale\",\"isPartOf\":{\"@id\":\"https:\\\/\\\/medicinasinc.com\\\/ro\\\/#website\"},\"primaryImageOfPage\":{\"@id\":\"https:\\\/\\\/medicinasinc.com\\\/ro\\\/product\\\/cumpar-metoxetamina\\\/#primaryimage\"},\"image\":{\"@id\":\"https:\\\/\\\/medicinasinc.com\\\/ro\\\/product\\\/cumpar-metoxetamina\\\/#primaryimage\"},\"thumbnailUrl\":\"https:\\\/\\\/medicinasinc.com\\\/ro\\\/wp-content\\\/uploads\\\/sites\\\/11\\\/2022\\\/02\\\/Buy-Methoxetamine.webp\",\"datePublished\":\"2022-02-22T04:00:21+00:00\",\"dateModified\":\"2022-03-22T00:51:37+00:00\",\"description\":\"Cump\u0103ra\u021bi Metoxetamina MXE de v\u00e2nzare \u00een Marea Britanie, Europa, AU. oferim cea mai fiabil\u0103 tranzac\u021bie \u0219i vindem la pre\u021buri foarte accesibile. Comanda\u021bi Metoxetamina MXE acum la cele mai bune pre\u021buri\",\"breadcrumb\":{\"@id\":\"https:\\\/\\\/medicinasinc.com\\\/ro\\\/product\\\/cumpar-metoxetamina\\\/#breadcrumb\"},\"inLanguage\":\"en-US\",\"potentialAction\":[{\"@type\":\"ReadAction\",\"target\":[\"https:\\\/\\\/medicinasinc.com\\\/ro\\\/product\\\/cumpar-metoxetamina\\\/\"]}]},{\"@type\":\"ImageObject\",\"inLanguage\":\"en-US\",\"@id\":\"https:\\\/\\\/medicinasinc.com\\\/ro\\\/product\\\/cumpar-metoxetamina\\\/#primaryimage\",\"url\":\"https:\\\/\\\/medicinasinc.com\\\/ro\\\/wp-content\\\/uploads\\\/sites\\\/11\\\/2022\\\/02\\\/Buy-Methoxetamine.webp\",\"contentUrl\":\"https:\\\/\\\/medicinasinc.com\\\/ro\\\/wp-content\\\/uploads\\\/sites\\\/11\\\/2022\\\/02\\\/Buy-Methoxetamine.webp\",\"width\":750,\"height\":461},{\"@type\":\"BreadcrumbList\",\"@id\":\"https:\\\/\\\/medicinasinc.com\\\/ro\\\/product\\\/cumpar-metoxetamina\\\/#breadcrumb\",\"itemListElement\":[{\"@type\":\"ListItem\",\"position\":1,\"name\":\"Magazin\",\"item\":\"https:\\\/\\\/medicinasinc.com\\\/ro\\\/magazin\\\/\"},{\"@type\":\"ListItem\",\"position\":2,\"name\":\"Cump\u0103ra\u021bi metoxetamina\"}]},{\"@type\":\"WebSite\",\"@id\":\"https:\\\/\\\/medicinasinc.com\\\/ro\\\/#website\",\"url\":\"https:\\\/\\\/medicinasinc.com\\\/ro\\\/\",\"name\":\"Medicinas Inc\",\"description\":\"Health Medical Clinic\",\"potentialAction\":[{\"@type\":\"SearchAction\",\"target\":{\"@type\":\"EntryPoint\",\"urlTemplate\":\"https:\\\/\\\/medicinasinc.com\\\/ro\\\/?s={search_term_string}\"},\"query-input\":{\"@type\":\"PropertyValueSpecification\",\"valueRequired\":true,\"valueName\":\"search_term_string\"}}],\"inLanguage\":\"en-US\"}]}<\/script>\n<!-- \/ Yoast SEO plugin. -->","yoast_head_json":{"title":"Cump\u0103ra\u021bi Metoxetamina - Metoxetamina - Cele mai bune medicamente globale","description":"Cump\u0103ra\u021bi Metoxetamina MXE de v\u00e2nzare \u00een Marea Britanie, Europa, AU. oferim cea mai fiabil\u0103 tranzac\u021bie \u0219i vindem la pre\u021buri foarte accesibile. Comanda\u021bi Metoxetamina MXE acum la cele mai bune pre\u021buri","robots":{"index":"index","follow":"follow","max-snippet":"max-snippet:-1","max-image-preview":"max-image-preview:large","max-video-preview":"max-video-preview:-1"},"canonical":"https:\/\/medicinasinc.com\/ro\/product\/cumpar-metoxetamina\/","og_locale":"en_US","og_type":"article","og_title":"Cump\u0103ra\u021bi Metoxetamina - Metoxetamina - Cele mai bune medicamente globale","og_description":"Cump\u0103ra\u021bi Metoxetamina MXE de v\u00e2nzare \u00een Marea Britanie, Europa, AU. oferim cea mai fiabil\u0103 tranzac\u021bie \u0219i vindem la pre\u021buri foarte accesibile. Comanda\u021bi Metoxetamina MXE acum la cele mai bune pre\u021buri","og_url":"https:\/\/medicinasinc.com\/ro\/product\/cumpar-metoxetamina\/","og_site_name":"Medicinas Inc","article_modified_time":"2022-03-22T00:51:37+00:00","og_image":[{"width":750,"height":461,"url":"https:\/\/medicinasinc.com\/ro\/wp-content\/uploads\/sites\/11\/2022\/02\/Buy-Methoxetamine.webp","type":"image\/webp"}],"twitter_card":"summary_large_image","twitter_misc":{"Est. reading time":"2 minutes"},"schema":{"@context":"https:\/\/schema.org","@graph":[{"@type":"WebPage","@id":"https:\/\/medicinasinc.com\/ro\/product\/cumpar-metoxetamina\/","url":"https:\/\/medicinasinc.com\/ro\/product\/cumpar-metoxetamina\/","name":"Cump\u0103ra\u021bi Metoxetamina - Metoxetamina - Cele mai bune medicamente globale","isPartOf":{"@id":"https:\/\/medicinasinc.com\/ro\/#website"},"primaryImageOfPage":{"@id":"https:\/\/medicinasinc.com\/ro\/product\/cumpar-metoxetamina\/#primaryimage"},"image":{"@id":"https:\/\/medicinasinc.com\/ro\/product\/cumpar-metoxetamina\/#primaryimage"},"thumbnailUrl":"https:\/\/medicinasinc.com\/ro\/wp-content\/uploads\/sites\/11\/2022\/02\/Buy-Methoxetamine.webp","datePublished":"2022-02-22T04:00:21+00:00","dateModified":"2022-03-22T00:51:37+00:00","description":"Cump\u0103ra\u021bi Metoxetamina MXE de v\u00e2nzare \u00een Marea Britanie, Europa, AU. oferim cea mai fiabil\u0103 tranzac\u021bie \u0219i vindem la pre\u021buri foarte accesibile. Comanda\u021bi Metoxetamina MXE acum la cele mai bune pre\u021buri","breadcrumb":{"@id":"https:\/\/medicinasinc.com\/ro\/product\/cumpar-metoxetamina\/#breadcrumb"},"inLanguage":"en-US","potentialAction":[{"@type":"ReadAction","target":["https:\/\/medicinasinc.com\/ro\/product\/cumpar-metoxetamina\/"]}]},{"@type":"ImageObject","inLanguage":"en-US","@id":"https:\/\/medicinasinc.com\/ro\/product\/cumpar-metoxetamina\/#primaryimage","url":"https:\/\/medicinasinc.com\/ro\/wp-content\/uploads\/sites\/11\/2022\/02\/Buy-Methoxetamine.webp","contentUrl":"https:\/\/medicinasinc.com\/ro\/wp-content\/uploads\/sites\/11\/2022\/02\/Buy-Methoxetamine.webp","width":750,"height":461},{"@type":"BreadcrumbList","@id":"https:\/\/medicinasinc.com\/ro\/product\/cumpar-metoxetamina\/#breadcrumb","itemListElement":[{"@type":"ListItem","position":1,"name":"Magazin","item":"https:\/\/medicinasinc.com\/ro\/magazin\/"},{"@type":"ListItem","position":2,"name":"Cump\u0103ra\u021bi metoxetamina"}]},{"@type":"WebSite","@id":"https:\/\/medicinasinc.com\/ro\/#website","url":"https:\/\/medicinasinc.com\/ro\/","name":"Medicinas Inc","description":"Health Medical Clinic","potentialAction":[{"@type":"SearchAction","target":{"@type":"EntryPoint","urlTemplate":"https:\/\/medicinasinc.com\/ro\/?s={search_term_string}"},"query-input":{"@type":"PropertyValueSpecification","valueRequired":true,"valueName":"search_term_string"}}],"inLanguage":"en-US"}]}},"_links":{"self":[{"href":"https:\/\/medicinasinc.com\/ro\/wp-json\/wp\/v2\/product\/5677","targetHints":{"allow":["GET"]}}],"collection":[{"href":"https:\/\/medicinasinc.com\/ro\/wp-json\/wp\/v2\/product"}],"about":[{"href":"https:\/\/medicinasinc.com\/ro\/wp-json\/wp\/v2\/types\/product"}],"replies":[{"embeddable":true,"href":"https:\/\/medicinasinc.com\/ro\/wp-json\/wp\/v2\/comments?post=5677"}],"wp:featuredmedia":[{"embeddable":true,"href":"https:\/\/medicinasinc.com\/ro\/wp-json\/wp\/v2\/media\/5687"}],"wp:attachment":[{"href":"https:\/\/medicinasinc.com\/ro\/wp-json\/wp\/v2\/media?parent=5677"}],"wp:term":[{"taxonomy":"product_brand","embeddable":true,"href":"https:\/\/medicinasinc.com\/ro\/wp-json\/wp\/v2\/product_brand?post=5677"},{"taxonomy":"product_cat","embeddable":true,"href":"https:\/\/medicinasinc.com\/ro\/wp-json\/wp\/v2\/product_cat?post=5677"},{"taxonomy":"product_tag","embeddable":true,"href":"https:\/\/medicinasinc.com\/ro\/wp-json\/wp\/v2\/product_tag?post=5677"}],"curies":[{"name":"wp","href":"https:\/\/api.w.org\/{rel}","templated":true}]}}