{"id":5673,"date":"2022-02-22T03:54:58","date_gmt":"2022-02-22T03:54:58","guid":{"rendered":"https:\/\/medicinasinc.com\/ro\/?post_type=product&#038;p=5673"},"modified":"2022-03-22T00:51:46","modified_gmt":"2022-03-22T00:51:46","slug":"cumpara-aprox-2mg-pastile-xanax","status":"publish","type":"product","link":"https:\/\/medicinasinc.com\/ro\/product\/cumpara-aprox-2mg-pastile-xanax\/","title":{"rendered":"Cump\u0103ra\u021bi pastile de Alprox 2mg (Xanax)"},"content":{"rendered":"<p>Oamenii care doresc s\u0103 cumpere online ieftin 2 mg XANAX ar trebui s\u0103 le caute. Comanda\u021bi XANAX 2mg de la Global Home Med la un pre\u021b mic \u0219i primi\u021bi-l chiar la u\u0219\u0103!<\/p>\n<p>Alprazolam poate fi cump\u0103rat \u00een Marea Britanie, a\u0219a c\u0103 pute\u021bi face asta. O marc\u0103 de Xanax numit\u0103 Alprazolam are 2 mg din drog \u00een el. Este mai puternic \u00een Marea Britanie s\u0103 lua\u021bi comprimatul de 2 mg din acest bun medicament pentru anxietate.<\/p>\n<p>Oamenii care doresc s\u0103 cumpere Xanax \u00eel pot cump\u0103ra online. Batoane Xanax de v\u00e2nzare \u2013 Cump\u0103ra\u021bi xanax 2mg online \u2013 cump\u0103ra\u021bi xanax 1mg online \u2013<\/p>\n<p>Xanax v\u0103 poate face s\u0103 v\u0103 sim\u021bi\u021bi somnoros \u0219i calm, f\u0103c\u00e2ndu-v\u0103 s\u0103 v\u0103 sim\u021bi\u021bi relaxat \u0219i \u00een largul dvs.<\/p>\n<p>Cump\u0103ra\u021bi Xanax 2Mg \u00een Regatul Unit. Comanda\u021bi Xanax peste noapte \u00eentr-un mod care are sens. Fussy Wilburn \u00ee\u0219i detoneaz\u0103 oferta de sublimare Reddit Buying Xanax Online.<\/p>\n<p>Oamenii pot cump\u0103ra Xanax ieftin f\u0103r\u0103 avizul medicului. C\u00e2nd cump\u0103ra\u021bi zoloft online, \u00eel pute\u021bi g\u0103si la cele mai bune farmacii online. De asemenea, pute\u021bi cump\u0103ra xanax \u0219i fentermin\u0103 ieftine online. \u00cen aceast\u0103 imagine, pute\u021bi vedea batoane generice de Xanax 2mg, care arat\u0103 ca un lucru real.<\/p>\n<p>Pentru a trata tulbur\u0103rile de panic\u0103 \u0219i anxietatea, cump\u0103ra\u021bi Xanax 2mg Alprazolam 0,5mg, 1mg sau 2mg Tablet este utilizat. Oamenii c\u0103rora le este fric\u0103 \u0219i stresa\u021bi pot fi foarte fric\u0103 \u0219i stresa\u021bi. Cel mai bine este s\u0103 \u00eencepe\u021bi cu o cantitate mic\u0103 \u0219i apoi s\u0103 cre\u0219te\u021bi treptat cantitatea. Nu \u00eenceta\u021bi imediat s\u0103 lua\u021bi acest medicament, deoarece poate provoca simptome de sevraj, cum ar fi convulsii, comportament agresiv, vedere \u00eence\u021bo\u0219at\u0103 \u0219i multe altele, cum ar fi atunci c\u00e2nd \u00eenceta\u021bi s\u0103 \u00eel lua\u021bi.<\/p>\n<p>Lua\u021bi comprimatul de Alprazolam 0,5 MG cu sau f\u0103r\u0103 m\u00e2ncare, dar nu m\u00e2nca nimic \u00eenainte de a o lua. Nu lua\u021bi mai mult dec\u00e2t v-a spus medicul. Dac\u0103 ave\u021bi reac\u021bii adverse rele, consulta\u021bi-v\u0103 medicul. Asigura\u021bi-v\u0103 c\u0103 discuta\u021bi cu medicul dumneavoastr\u0103 \u00eenainte de a \u00eenceta s\u0103 lua\u021bi medicamentul, deoarece v\u0103 poate face s\u0103 v\u0103 sim\u021bi\u021bi r\u0103u.<\/p>\n<p>Modul \u00een care func\u021bioneaz\u0103<br \/> Acest medicament se leag\u0103 de canalele de clorur\u0103 \u0219i permite circula\u021bia ionilor de clorur\u0103. in. Acest lucru face ca membrana neuronului s\u0103 devin\u0103 mai stabil\u0103 \u0219i mai hiperpolarizat\u0103, ceea ce \u00eempiedic\u0103 celula s\u0103 devin\u0103 mai excitat\u0103.<\/p>\n","protected":false},"excerpt":{"rendered":"<p>Cump\u0103ra\u021bi pastile Alprox xanax 2mg de v\u00e2nzare \u00een Marea Britanie, Europa. cump\u0103ra\u021bi Alprox online, cump\u0103ra\u021bi xanax online, cump\u0103ra\u021bi online alprox, cump\u0103ra\u021bi xanax, Alprox 2mg, de unde pot cump\u0103ra alprox online.<\/p>\n<p>Online, pute\u021bi cump\u0103ra pastile Alprox 2mg de v\u00e2nzare la un pre\u021b mic (Xanax). \u00cen acest caz, pute\u021bi ob\u021bine Alprox online. De asemenea, \u00eel pute\u021bi ob\u021bine online, cump\u0103ra Alprox online, cump\u0103ra\u021bi xanax online \u0219i afla\u021bi de unde \u00eel pute\u021bi ob\u021bine.<\/p>\n<p>Pute\u021bi cump\u0103ra Alprazolam Xanax 2 mg comprimate de la magazinul nostru global de medicamente \u0219i le pute\u021bi livra rapid \u00een orice \u021bar\u0103 din lume! Aici, ve\u021bi g\u0103si cel mai bun Alprazolam 2 MG Tablet pe care \u00eel pute\u021bi cump\u0103ra.<\/p>\n<p>Cump\u0103ra\u021bi Xanax 2 MG Tablet este utilizat pentru a trata tulbur\u0103rile de panic\u0103 \u0219i anxietatea, cum ar fi frica extrem\u0103 brusc\u0103 \u0219i stresul cauzat de stres. Cel mai bine este s\u0103 \u00eencepe\u021bi cu o cantitate mic\u0103 \u0219i apoi s\u0103 cre\u0219te\u021bi treptat cantitatea. Nu \u00eenceta\u021bi imediat s\u0103 lua\u021bi acest medicament, deoarece poate provoca simptome de sevraj, cum ar fi convulsii, comportament agresiv, vedere \u00eence\u021bo\u0219at\u0103 \u0219i multe altele, dac\u0103 \u00eenceta\u021bi s\u0103 \u00eel lua\u021bi prea repede.<\/p>\n","protected":false},"featured_media":5683,"comment_status":"open","ping_status":"closed","template":"","meta":[],"product_brand":[],"product_cat":[1117],"product_tag":[1143,3506,1192,3502,1188,3521,3507,1182,3503,3505,1189,1168,3504,3508,1194,3509,3519,3511,3512,3510,3515,3513,3517,3514,3516,3518,3520,3522,3523],"class_list":{"0":"post-5673","1":"product","2":"type-product","3":"status-publish","4":"has-post-thumbnail","6":"product_cat-cumparati-pastile-pentru-durere-somn-sex","7":"product_tag-alprazolam-de-vnzare","8":"product_tag-buy-xanax-online","9":"product_tag-cel-mai-bun-loc-pentru-a-cumpra-alprazolam-online","10":"product_tag-best-shop-xanax-2-mg-uk","11":"product_tag-comanda-alprazolam-online","12":"product_tag-xanax-2mg-comanda","13":"product_tag-comanda-xanax-2-mg-uk","14":"product_tag-cum-se-cumpr-alprazolam-online","15":"product_tag-cumpr-xanax-2-mg","16":"product_tag-cumpr-xanax-2mg","17":"product_tag-cumprare-alprazolam-online","18":"product_tag-cumpara-alprazolam-online","19":"product_tag-cumpr-xanax-2-mg-uk","20":"product_tag-de-unde-s-cumpr-xanax-2-mg-uk","21":"product_tag-de-unde-s-cumprm-alprazolam-online","22":"product_tag-xanax-2-mg-efect","23":"product_tag-xanax-2mg-efect","24":"product_tag-xanax-2-mg-de-vnzare","25":"product_tag-xanax-2-mg-de-vnzare-uk","26":"product_tag-xanax-2-mg-europa","27":"product_tag-xanax-2-mg-femeie-nsarcinata","28":"product_tag-xanax-2-mg-google","29":"product_tag-xanax-2-mg-uk","30":"product_tag-xanax-2-mg-online-uk","31":"product_tag-xanax-2-mg-reddit","32":"product_tag-xanax-2mg-cumprare","33":"product_tag-xanax-2mg-de-vnzare","34":"product_tag-xanax-2mg-reddit","35":"product_tag-xanax-bar-de-vanzare","37":"first","38":"instock","39":"shipping-taxable","40":"purchasable","41":"product-type-variable","42":"has-default-attributes"},"yoast_head":"<!-- This site is optimized with the Yoast SEO plugin v27.3 - https:\/\/yoast.com\/product\/yoast-seo-wordpress\/ -->\n<title>Cump\u0103ra\u021bi pastile Alprox 2mg (Xanax) - Xanax 2 mg - Cele mai bune medicamente globale<\/title>\n<meta name=\"description\" content=\"Cump\u0103ra\u021bi pastile Alprox xanax 2mg de v\u00e2nzare \u00een Marea Britanie, Europa. cump\u0103ra\u021bi Alprox online, cump\u0103ra\u021bi xanax online, cump\u0103ra\u021bi online alprox, cump\u0103ra\u021bi xanax, comanda\u021bi Alprox 2mg, de unde pot cump\u0103ra alprox online.\" \/>\n<meta name=\"robots\" content=\"index, follow, max-snippet:-1, max-image-preview:large, max-video-preview:-1\" \/>\n<link rel=\"canonical\" href=\"https:\/\/medicinasinc.com\/ro\/product\/cumpara-aprox-2mg-pastile-xanax\/\" \/>\n<meta property=\"og:locale\" content=\"en_US\" \/>\n<meta property=\"og:type\" content=\"article\" \/>\n<meta property=\"og:title\" content=\"Cump\u0103ra\u021bi pastile Alprox 2mg (Xanax) - Xanax 2 mg - Cele mai bune medicamente globale\" \/>\n<meta property=\"og:description\" content=\"Cump\u0103ra\u021bi pastile Alprox xanax 2mg de v\u00e2nzare \u00een Marea Britanie, Europa. cump\u0103ra\u021bi Alprox online, cump\u0103ra\u021bi xanax online, cump\u0103ra\u021bi online alprox, cump\u0103ra\u021bi xanax, comanda\u021bi Alprox 2mg, de unde pot cump\u0103ra alprox online.\" \/>\n<meta property=\"og:url\" content=\"https:\/\/medicinasinc.com\/ro\/product\/cumpara-aprox-2mg-pastile-xanax\/\" \/>\n<meta property=\"og:site_name\" content=\"Medicinas Inc\" \/>\n<meta property=\"article:modified_time\" content=\"2022-03-22T00:51:46+00:00\" \/>\n<meta property=\"og:image\" content=\"https:\/\/medicinasinc.com\/ro\/wp-content\/uploads\/sites\/11\/2022\/02\/Buy-xanax-2-mg.jpg\" \/>\n\t<meta property=\"og:image:width\" content=\"400\" \/>\n\t<meta property=\"og:image:height\" content=\"350\" \/>\n\t<meta property=\"og:image:type\" content=\"image\/jpeg\" \/>\n<meta name=\"twitter:card\" content=\"summary_large_image\" \/>\n<meta name=\"twitter:label1\" content=\"Est. reading time\" \/>\n\t<meta name=\"twitter:data1\" content=\"2 minutes\" \/>\n<script type=\"application\/ld+json\" class=\"yoast-schema-graph\">{\"@context\":\"https:\\\/\\\/schema.org\",\"@graph\":[{\"@type\":\"WebPage\",\"@id\":\"https:\\\/\\\/medicinasinc.com\\\/ro\\\/product\\\/cumpara-aprox-2mg-pastile-xanax\\\/\",\"url\":\"https:\\\/\\\/medicinasinc.com\\\/ro\\\/product\\\/cumpara-aprox-2mg-pastile-xanax\\\/\",\"name\":\"Cump\u0103ra\u021bi pastile Alprox 2mg (Xanax) - Xanax 2 mg - Cele mai bune medicamente globale\",\"isPartOf\":{\"@id\":\"https:\\\/\\\/medicinasinc.com\\\/ro\\\/#website\"},\"primaryImageOfPage\":{\"@id\":\"https:\\\/\\\/medicinasinc.com\\\/ro\\\/product\\\/cumpara-aprox-2mg-pastile-xanax\\\/#primaryimage\"},\"image\":{\"@id\":\"https:\\\/\\\/medicinasinc.com\\\/ro\\\/product\\\/cumpara-aprox-2mg-pastile-xanax\\\/#primaryimage\"},\"thumbnailUrl\":\"https:\\\/\\\/medicinasinc.com\\\/ro\\\/wp-content\\\/uploads\\\/sites\\\/11\\\/2022\\\/02\\\/Buy-xanax-2-mg.jpg\",\"datePublished\":\"2022-02-22T03:54:58+00:00\",\"dateModified\":\"2022-03-22T00:51:46+00:00\",\"description\":\"Cump\u0103ra\u021bi pastile Alprox xanax 2mg de v\u00e2nzare \u00een Marea Britanie, Europa. cump\u0103ra\u021bi Alprox online, cump\u0103ra\u021bi xanax online, cump\u0103ra\u021bi online alprox, cump\u0103ra\u021bi xanax, comanda\u021bi Alprox 2mg, de unde pot cump\u0103ra alprox online.\",\"breadcrumb\":{\"@id\":\"https:\\\/\\\/medicinasinc.com\\\/ro\\\/product\\\/cumpara-aprox-2mg-pastile-xanax\\\/#breadcrumb\"},\"inLanguage\":\"en-US\",\"potentialAction\":[{\"@type\":\"ReadAction\",\"target\":[\"https:\\\/\\\/medicinasinc.com\\\/ro\\\/product\\\/cumpara-aprox-2mg-pastile-xanax\\\/\"]}]},{\"@type\":\"ImageObject\",\"inLanguage\":\"en-US\",\"@id\":\"https:\\\/\\\/medicinasinc.com\\\/ro\\\/product\\\/cumpara-aprox-2mg-pastile-xanax\\\/#primaryimage\",\"url\":\"https:\\\/\\\/medicinasinc.com\\\/ro\\\/wp-content\\\/uploads\\\/sites\\\/11\\\/2022\\\/02\\\/Buy-xanax-2-mg.jpg\",\"contentUrl\":\"https:\\\/\\\/medicinasinc.com\\\/ro\\\/wp-content\\\/uploads\\\/sites\\\/11\\\/2022\\\/02\\\/Buy-xanax-2-mg.jpg\",\"width\":400,\"height\":350},{\"@type\":\"BreadcrumbList\",\"@id\":\"https:\\\/\\\/medicinasinc.com\\\/ro\\\/product\\\/cumpara-aprox-2mg-pastile-xanax\\\/#breadcrumb\",\"itemListElement\":[{\"@type\":\"ListItem\",\"position\":1,\"name\":\"Magazin\",\"item\":\"https:\\\/\\\/medicinasinc.com\\\/ro\\\/magazin\\\/\"},{\"@type\":\"ListItem\",\"position\":2,\"name\":\"Cump\u0103ra\u021bi pastile de Alprox 2mg (Xanax)\"}]},{\"@type\":\"WebSite\",\"@id\":\"https:\\\/\\\/medicinasinc.com\\\/ro\\\/#website\",\"url\":\"https:\\\/\\\/medicinasinc.com\\\/ro\\\/\",\"name\":\"Medicinas Inc\",\"description\":\"Health Medical Clinic\",\"potentialAction\":[{\"@type\":\"SearchAction\",\"target\":{\"@type\":\"EntryPoint\",\"urlTemplate\":\"https:\\\/\\\/medicinasinc.com\\\/ro\\\/?s={search_term_string}\"},\"query-input\":{\"@type\":\"PropertyValueSpecification\",\"valueRequired\":true,\"valueName\":\"search_term_string\"}}],\"inLanguage\":\"en-US\"}]}<\/script>\n<!-- \/ Yoast SEO plugin. -->","yoast_head_json":{"title":"Cump\u0103ra\u021bi pastile Alprox 2mg (Xanax) - Xanax 2 mg - Cele mai bune medicamente globale","description":"Cump\u0103ra\u021bi pastile Alprox xanax 2mg de v\u00e2nzare \u00een Marea Britanie, Europa. cump\u0103ra\u021bi Alprox online, cump\u0103ra\u021bi xanax online, cump\u0103ra\u021bi online alprox, cump\u0103ra\u021bi xanax, comanda\u021bi Alprox 2mg, de unde pot cump\u0103ra alprox online.","robots":{"index":"index","follow":"follow","max-snippet":"max-snippet:-1","max-image-preview":"max-image-preview:large","max-video-preview":"max-video-preview:-1"},"canonical":"https:\/\/medicinasinc.com\/ro\/product\/cumpara-aprox-2mg-pastile-xanax\/","og_locale":"en_US","og_type":"article","og_title":"Cump\u0103ra\u021bi pastile Alprox 2mg (Xanax) - Xanax 2 mg - Cele mai bune medicamente globale","og_description":"Cump\u0103ra\u021bi pastile Alprox xanax 2mg de v\u00e2nzare \u00een Marea Britanie, Europa. cump\u0103ra\u021bi Alprox online, cump\u0103ra\u021bi xanax online, cump\u0103ra\u021bi online alprox, cump\u0103ra\u021bi xanax, comanda\u021bi Alprox 2mg, de unde pot cump\u0103ra alprox online.","og_url":"https:\/\/medicinasinc.com\/ro\/product\/cumpara-aprox-2mg-pastile-xanax\/","og_site_name":"Medicinas Inc","article_modified_time":"2022-03-22T00:51:46+00:00","og_image":[{"width":400,"height":350,"url":"https:\/\/medicinasinc.com\/ro\/wp-content\/uploads\/sites\/11\/2022\/02\/Buy-xanax-2-mg.jpg","type":"image\/jpeg"}],"twitter_card":"summary_large_image","twitter_misc":{"Est. reading time":"2 minutes"},"schema":{"@context":"https:\/\/schema.org","@graph":[{"@type":"WebPage","@id":"https:\/\/medicinasinc.com\/ro\/product\/cumpara-aprox-2mg-pastile-xanax\/","url":"https:\/\/medicinasinc.com\/ro\/product\/cumpara-aprox-2mg-pastile-xanax\/","name":"Cump\u0103ra\u021bi pastile Alprox 2mg (Xanax) - Xanax 2 mg - Cele mai bune medicamente globale","isPartOf":{"@id":"https:\/\/medicinasinc.com\/ro\/#website"},"primaryImageOfPage":{"@id":"https:\/\/medicinasinc.com\/ro\/product\/cumpara-aprox-2mg-pastile-xanax\/#primaryimage"},"image":{"@id":"https:\/\/medicinasinc.com\/ro\/product\/cumpara-aprox-2mg-pastile-xanax\/#primaryimage"},"thumbnailUrl":"https:\/\/medicinasinc.com\/ro\/wp-content\/uploads\/sites\/11\/2022\/02\/Buy-xanax-2-mg.jpg","datePublished":"2022-02-22T03:54:58+00:00","dateModified":"2022-03-22T00:51:46+00:00","description":"Cump\u0103ra\u021bi pastile Alprox xanax 2mg de v\u00e2nzare \u00een Marea Britanie, Europa. cump\u0103ra\u021bi Alprox online, cump\u0103ra\u021bi xanax online, cump\u0103ra\u021bi online alprox, cump\u0103ra\u021bi xanax, comanda\u021bi Alprox 2mg, de unde pot cump\u0103ra alprox online.","breadcrumb":{"@id":"https:\/\/medicinasinc.com\/ro\/product\/cumpara-aprox-2mg-pastile-xanax\/#breadcrumb"},"inLanguage":"en-US","potentialAction":[{"@type":"ReadAction","target":["https:\/\/medicinasinc.com\/ro\/product\/cumpara-aprox-2mg-pastile-xanax\/"]}]},{"@type":"ImageObject","inLanguage":"en-US","@id":"https:\/\/medicinasinc.com\/ro\/product\/cumpara-aprox-2mg-pastile-xanax\/#primaryimage","url":"https:\/\/medicinasinc.com\/ro\/wp-content\/uploads\/sites\/11\/2022\/02\/Buy-xanax-2-mg.jpg","contentUrl":"https:\/\/medicinasinc.com\/ro\/wp-content\/uploads\/sites\/11\/2022\/02\/Buy-xanax-2-mg.jpg","width":400,"height":350},{"@type":"BreadcrumbList","@id":"https:\/\/medicinasinc.com\/ro\/product\/cumpara-aprox-2mg-pastile-xanax\/#breadcrumb","itemListElement":[{"@type":"ListItem","position":1,"name":"Magazin","item":"https:\/\/medicinasinc.com\/ro\/magazin\/"},{"@type":"ListItem","position":2,"name":"Cump\u0103ra\u021bi pastile de Alprox 2mg (Xanax)"}]},{"@type":"WebSite","@id":"https:\/\/medicinasinc.com\/ro\/#website","url":"https:\/\/medicinasinc.com\/ro\/","name":"Medicinas Inc","description":"Health Medical Clinic","potentialAction":[{"@type":"SearchAction","target":{"@type":"EntryPoint","urlTemplate":"https:\/\/medicinasinc.com\/ro\/?s={search_term_string}"},"query-input":{"@type":"PropertyValueSpecification","valueRequired":true,"valueName":"search_term_string"}}],"inLanguage":"en-US"}]}},"_links":{"self":[{"href":"https:\/\/medicinasinc.com\/ro\/wp-json\/wp\/v2\/product\/5673","targetHints":{"allow":["GET"]}}],"collection":[{"href":"https:\/\/medicinasinc.com\/ro\/wp-json\/wp\/v2\/product"}],"about":[{"href":"https:\/\/medicinasinc.com\/ro\/wp-json\/wp\/v2\/types\/product"}],"replies":[{"embeddable":true,"href":"https:\/\/medicinasinc.com\/ro\/wp-json\/wp\/v2\/comments?post=5673"}],"wp:featuredmedia":[{"embeddable":true,"href":"https:\/\/medicinasinc.com\/ro\/wp-json\/wp\/v2\/media\/5683"}],"wp:attachment":[{"href":"https:\/\/medicinasinc.com\/ro\/wp-json\/wp\/v2\/media?parent=5673"}],"wp:term":[{"taxonomy":"product_brand","embeddable":true,"href":"https:\/\/medicinasinc.com\/ro\/wp-json\/wp\/v2\/product_brand?post=5673"},{"taxonomy":"product_cat","embeddable":true,"href":"https:\/\/medicinasinc.com\/ro\/wp-json\/wp\/v2\/product_cat?post=5673"},{"taxonomy":"product_tag","embeddable":true,"href":"https:\/\/medicinasinc.com\/ro\/wp-json\/wp\/v2\/product_tag?post=5673"}],"curies":[{"name":"wp","href":"https:\/\/api.w.org\/{rel}","templated":true}]}}