{"id":5667,"date":"2022-02-22T03:49:11","date_gmt":"2022-02-22T03:49:11","guid":{"rendered":"https:\/\/medicinasinc.com\/ro\/?post_type=product&#038;p=5667"},"modified":"2022-03-22T00:51:55","modified_gmt":"2022-03-22T00:51:55","slug":"cumpara-roca-pe-sare-de-baie","status":"publish","type":"product","link":"https:\/\/medicinasinc.com\/ro\/product\/cumpara-roca-pe-sare-de-baie\/","title":{"rendered":"Cump\u0103ra\u021bi sare de baie Rock On"},"content":{"rendered":"<p><strong>\u00cen acest caz, pute\u021bi cump\u0103ra Rock On Bath Salt de pe web.<\/strong><\/p>\n<p>Cump\u0103ra\u021bi Rock On Bath Salt de v\u00e2nzare \u00een Regatul Unit, Europa \u0219i AU pentru un pre\u021b bun Pre\u021b. Oamenii care cump\u0103r\u0103 de la noi pot fi siguri c\u0103 vor primi ceea ce pl\u0103tesc. Aceast\u0103 sare de baie Rock On este acum la cele mai bune pre\u021buri.<\/p>\n","protected":false},"excerpt":{"rendered":"<div class=\"woocommerce-product-details__short-description\">\n<p><strong>Pre\u021bul produsului este ca pe 10 grame<\/strong><\/p>\n<p>Cump\u0103ra\u021bi sare de baie Rock On de v\u00e2nzare \u00een Marea Britanie, Europa, AU. oferim cea mai fiabil\u0103 tranzac\u021bie \u0219i vindem la pre\u021buri foarte accesibile. Rock On Bath Salt acum la cele mai bune pre\u021buri<\/p>\n<\/p><\/div>\n","protected":false},"featured_media":5676,"comment_status":"open","ping_status":"closed","template":"","meta":[],"product_brand":[],"product_cat":[2014],"product_tag":[3488,3433,3437,3438,3439,3440,3441,3443,3097,3444,3445,3446,3451,3452,3456,3458,3467,3469,3479,3496,3494,3471,3483,3484,3486,3487,3485,3457,3449,3447,3453,3454,3501,3450,3448,3466,3455,3499,3497,3498,3473,3475,3478,3165,3434,3482,3481,3468,3474,3472,3480,3083,3489,3095,3436,3470,3477,3442,3495,3435,3476],"class_list":{"0":"post-5667","1":"product","2":"type-product","3":"status-publish","4":"has-post-thumbnail","6":"product_cat-cumprare-cercetare-chimice","7":"product_tag-cumprare-sruri-de-baie-online","8":"product_tag-bath-salts-drug","9":"product_tag-bath-salts-for-sale-online-with-credit-card","10":"product_tag-bath-salts-online-store","11":"product_tag-bath-salts-sales-online","12":"product_tag-bathsalts","13":"product_tag-best-bath-salts","14":"product_tag-buy-amped-novelty-powder-500mg","15":"product_tag-buy-bath-salts","16":"product_tag-buy-bath-salts-cod","17":"product_tag-buy-bath-salts-drug-online","18":"product_tag-buy-bath-salts-online","19":"product_tag-buy-bath-salts-with-paypal-online","20":"product_tag-buy-cheap-bath-salts-order-bath-salts-drug-online","21":"product_tag-buy-k2-bath-salts-online","22":"product_tag-buy-pump-it-bath-salt-1000mg","23":"product_tag-buy-synthetic-bath-salts-online","24":"product_tag-can-you-still-buy-bath-salts","25":"product_tag-caut-a-cumpara-sare-de-baie-sonline","26":"product_tag-ce-a-face-sruri-de-baie","27":"product_tag-cel-mai-sigur-magazin-online-pentru-a-cumprare-sruri-de-baie","28":"product_tag-nor-9-sare-de-baie","29":"product_tag-comanda-saruri-de-baie-medicament-online","30":"product_tag-comanda-saruri-de-baie-online","31":"product_tag-comanda-saruri-de-baie-online-cod","32":"product_tag-comanda-sare-de-baie-online-cu-card-de-credit","33":"product_tag-comand-sruri-de-baie-online-sruri-de-baie-en-gros","34":"product_tag-cumpr-mefedron-sruri-de-baie-online-cu-card-de-credit","35":"product_tag-cumpr-sruri-de-baie-online-cu-card-de-credit","36":"product_tag-cumpara-saruri-de-baie-online-legal","37":"product_tag-cumpr-opt-ballz-sruri-de-baie-online","38":"product_tag-cumpara-sare-de-baie-val-de-fildes-1000mg","39":"product_tag-cumpr-on-line-roca-pe-sare-de-baie","40":"product_tag-cumpara-sare-de-baie-online-cu-carti-de-credit","41":"product_tag-cumpr-sruri-de-baie-online-de-unde-pot-cumpra-sruri-de-baie-online","42":"product_tag-cumpr-sextacy-sruri-de-baie-online","43":"product_tag-cumpara-ivory-wave-de-vanzare-online","44":"product_tag-unde-pot-comand-mdpv-sruri-de-baie-online","45":"product_tag-unde-pot-cumpra-sruri-de-baie-online","46":"product_tag-unde-pot-obine-sruri-de-baie","47":"product_tag-discreti-dealeri-sare-de-baie-online","48":"product_tag-find-legit-bath-salts-suppliers-online","49":"product_tag-legit-furnizori-sruri-de-baie-online","50":"product_tag-mdpv-bath-salts-for-sale","51":"product_tag-sruri-de-baie-medicament-de-vnzare-online","52":"product_tag-mefedron","53":"product_tag-mephedrone-bath-salts-where-to-buy","54":"product_tag-poti-cumpara-saruri-de-baie-in-magazine","55":"product_tag-opt-ballz-sare-de-baie-de-vanzare-online","56":"product_tag-sruri-de-baie-concentrate","57":"product_tag-mefedron-sruri-de-baie-de-vnzare","58":"product_tag-sruri-de-baie-unde-filde","59":"product_tag-saruri-de-baie-de-calitate-medicament-de-vanzare-online","60":"product_tag-sruri-de-baie-de-vnzare","61":"product_tag-sruri-de-baie-de-vnzare-online","62":"product_tag-ieftine-sruri-de-baie","63":"product_tag-saruri-de-baie-legale-de-vanzare-online","64":"product_tag-sruri-de-baie-on-line-de-cea-mai-bun-calitate","65":"product_tag-sruri-de-baie-vanilie-cer-de-vanzare","66":"product_tag-sruri-de-baie-vnzare-medicamente-online","67":"product_tag-val-de-filde","69":"first","70":"instock","71":"shipping-taxable","72":"purchasable","73":"product-type-variable"},"yoast_head":"<!-- This site is optimized with the Yoast SEO plugin v27.2 - https:\/\/yoast.com\/product\/yoast-seo-wordpress\/ -->\n<title>Cump\u0103ra\u021bi sare de baie Rock On Online - Sare de baie Rock On - Cele mai bune medicamente globale<\/title>\n<meta name=\"description\" content=\"Cump\u0103ra\u021bi sare de baie Rock On de v\u00e2nzare \u00een Marea Britanie, Europa, AU. oferim cea mai fiabil\u0103 tranzac\u021bie \u0219i vindem la pre\u021buri foarte accesibile. Rock On Bath Salt acum la cele mai bune pre\u021buri\" \/>\n<meta name=\"robots\" content=\"index, follow, max-snippet:-1, max-image-preview:large, max-video-preview:-1\" \/>\n<link rel=\"canonical\" href=\"https:\/\/medicinasinc.com\/ro\/product\/cumpara-roca-pe-sare-de-baie\/\" \/>\n<meta property=\"og:locale\" content=\"en_US\" \/>\n<meta property=\"og:type\" content=\"article\" \/>\n<meta property=\"og:title\" content=\"Cump\u0103ra\u021bi sare de baie Rock On Online - Sare de baie Rock On - Cele mai bune medicamente globale\" \/>\n<meta property=\"og:description\" content=\"Cump\u0103ra\u021bi sare de baie Rock On de v\u00e2nzare \u00een Marea Britanie, Europa, AU. oferim cea mai fiabil\u0103 tranzac\u021bie \u0219i vindem la pre\u021buri foarte accesibile. Rock On Bath Salt acum la cele mai bune pre\u021buri\" \/>\n<meta property=\"og:url\" content=\"https:\/\/medicinasinc.com\/ro\/product\/cumpara-roca-pe-sare-de-baie\/\" \/>\n<meta property=\"og:site_name\" content=\"Medicinas Inc\" \/>\n<meta property=\"article:modified_time\" content=\"2022-03-22T00:51:55+00:00\" \/>\n<meta property=\"og:image\" content=\"https:\/\/medicinasinc.com\/ro\/wp-content\/uploads\/sites\/11\/2022\/02\/Buy-Rock-On-Bath-Salt.jpeg\" \/>\n\t<meta property=\"og:image:width\" content=\"640\" \/>\n\t<meta property=\"og:image:height\" content=\"428\" \/>\n\t<meta property=\"og:image:type\" content=\"image\/jpeg\" \/>\n<meta name=\"twitter:card\" content=\"summary_large_image\" \/>\n<meta name=\"twitter:label1\" content=\"Est. reading time\" \/>\n\t<meta name=\"twitter:data1\" content=\"1 minute\" \/>\n<script type=\"application\/ld+json\" class=\"yoast-schema-graph\">{\"@context\":\"https:\/\/schema.org\",\"@graph\":[{\"@type\":\"WebPage\",\"@id\":\"https:\/\/medicinasinc.com\/ro\/product\/cumpara-roca-pe-sare-de-baie\/\",\"url\":\"https:\/\/medicinasinc.com\/ro\/product\/cumpara-roca-pe-sare-de-baie\/\",\"name\":\"Cump\u0103ra\u021bi sare de baie Rock On Online - Sare de baie Rock On - Cele mai bune medicamente globale\",\"isPartOf\":{\"@id\":\"https:\/\/medicinasinc.com\/ro\/#website\"},\"primaryImageOfPage\":{\"@id\":\"https:\/\/medicinasinc.com\/ro\/product\/cumpara-roca-pe-sare-de-baie\/#primaryimage\"},\"image\":{\"@id\":\"https:\/\/medicinasinc.com\/ro\/product\/cumpara-roca-pe-sare-de-baie\/#primaryimage\"},\"thumbnailUrl\":\"https:\/\/medicinasinc.com\/ro\/wp-content\/uploads\/sites\/11\/2022\/02\/Buy-Rock-On-Bath-Salt.jpeg\",\"datePublished\":\"2022-02-22T03:49:11+00:00\",\"dateModified\":\"2022-03-22T00:51:55+00:00\",\"description\":\"Cump\u0103ra\u021bi sare de baie Rock On de v\u00e2nzare \u00een Marea Britanie, Europa, AU. oferim cea mai fiabil\u0103 tranzac\u021bie \u0219i vindem la pre\u021buri foarte accesibile. Rock On Bath Salt acum la cele mai bune pre\u021buri\",\"breadcrumb\":{\"@id\":\"https:\/\/medicinasinc.com\/ro\/product\/cumpara-roca-pe-sare-de-baie\/#breadcrumb\"},\"inLanguage\":\"en-US\",\"potentialAction\":[{\"@type\":\"ReadAction\",\"target\":[\"https:\/\/medicinasinc.com\/ro\/product\/cumpara-roca-pe-sare-de-baie\/\"]}]},{\"@type\":\"ImageObject\",\"inLanguage\":\"en-US\",\"@id\":\"https:\/\/medicinasinc.com\/ro\/product\/cumpara-roca-pe-sare-de-baie\/#primaryimage\",\"url\":\"https:\/\/medicinasinc.com\/ro\/wp-content\/uploads\/sites\/11\/2022\/02\/Buy-Rock-On-Bath-Salt.jpeg\",\"contentUrl\":\"https:\/\/medicinasinc.com\/ro\/wp-content\/uploads\/sites\/11\/2022\/02\/Buy-Rock-On-Bath-Salt.jpeg\",\"width\":640,\"height\":428},{\"@type\":\"BreadcrumbList\",\"@id\":\"https:\/\/medicinasinc.com\/ro\/product\/cumpara-roca-pe-sare-de-baie\/#breadcrumb\",\"itemListElement\":[{\"@type\":\"ListItem\",\"position\":1,\"name\":\"Magazin\",\"item\":\"https:\/\/medicinasinc.com\/ro\/magazin\/\"},{\"@type\":\"ListItem\",\"position\":2,\"name\":\"Cump\u0103ra\u021bi sare de baie Rock On\"}]},{\"@type\":\"WebSite\",\"@id\":\"https:\/\/medicinasinc.com\/ro\/#website\",\"url\":\"https:\/\/medicinasinc.com\/ro\/\",\"name\":\"Medicinas Inc\",\"description\":\"Health Medical Clinic\",\"potentialAction\":[{\"@type\":\"SearchAction\",\"target\":{\"@type\":\"EntryPoint\",\"urlTemplate\":\"https:\/\/medicinasinc.com\/ro\/?s={search_term_string}\"},\"query-input\":{\"@type\":\"PropertyValueSpecification\",\"valueRequired\":true,\"valueName\":\"search_term_string\"}}],\"inLanguage\":\"en-US\"}]}<\/script>\n<!-- \/ Yoast SEO plugin. -->","yoast_head_json":{"title":"Cump\u0103ra\u021bi sare de baie Rock On Online - Sare de baie Rock On - Cele mai bune medicamente globale","description":"Cump\u0103ra\u021bi sare de baie Rock On de v\u00e2nzare \u00een Marea Britanie, Europa, AU. oferim cea mai fiabil\u0103 tranzac\u021bie \u0219i vindem la pre\u021buri foarte accesibile. Rock On Bath Salt acum la cele mai bune pre\u021buri","robots":{"index":"index","follow":"follow","max-snippet":"max-snippet:-1","max-image-preview":"max-image-preview:large","max-video-preview":"max-video-preview:-1"},"canonical":"https:\/\/medicinasinc.com\/ro\/product\/cumpara-roca-pe-sare-de-baie\/","og_locale":"en_US","og_type":"article","og_title":"Cump\u0103ra\u021bi sare de baie Rock On Online - Sare de baie Rock On - Cele mai bune medicamente globale","og_description":"Cump\u0103ra\u021bi sare de baie Rock On de v\u00e2nzare \u00een Marea Britanie, Europa, AU. oferim cea mai fiabil\u0103 tranzac\u021bie \u0219i vindem la pre\u021buri foarte accesibile. Rock On Bath Salt acum la cele mai bune pre\u021buri","og_url":"https:\/\/medicinasinc.com\/ro\/product\/cumpara-roca-pe-sare-de-baie\/","og_site_name":"Medicinas Inc","article_modified_time":"2022-03-22T00:51:55+00:00","og_image":[{"width":640,"height":428,"url":"https:\/\/medicinasinc.com\/ro\/wp-content\/uploads\/sites\/11\/2022\/02\/Buy-Rock-On-Bath-Salt.jpeg","type":"image\/jpeg"}],"twitter_card":"summary_large_image","twitter_misc":{"Est. reading time":"1 minute"},"schema":{"@context":"https:\/\/schema.org","@graph":[{"@type":"WebPage","@id":"https:\/\/medicinasinc.com\/ro\/product\/cumpara-roca-pe-sare-de-baie\/","url":"https:\/\/medicinasinc.com\/ro\/product\/cumpara-roca-pe-sare-de-baie\/","name":"Cump\u0103ra\u021bi sare de baie Rock On Online - Sare de baie Rock On - Cele mai bune medicamente globale","isPartOf":{"@id":"https:\/\/medicinasinc.com\/ro\/#website"},"primaryImageOfPage":{"@id":"https:\/\/medicinasinc.com\/ro\/product\/cumpara-roca-pe-sare-de-baie\/#primaryimage"},"image":{"@id":"https:\/\/medicinasinc.com\/ro\/product\/cumpara-roca-pe-sare-de-baie\/#primaryimage"},"thumbnailUrl":"https:\/\/medicinasinc.com\/ro\/wp-content\/uploads\/sites\/11\/2022\/02\/Buy-Rock-On-Bath-Salt.jpeg","datePublished":"2022-02-22T03:49:11+00:00","dateModified":"2022-03-22T00:51:55+00:00","description":"Cump\u0103ra\u021bi sare de baie Rock On de v\u00e2nzare \u00een Marea Britanie, Europa, AU. oferim cea mai fiabil\u0103 tranzac\u021bie \u0219i vindem la pre\u021buri foarte accesibile. Rock On Bath Salt acum la cele mai bune pre\u021buri","breadcrumb":{"@id":"https:\/\/medicinasinc.com\/ro\/product\/cumpara-roca-pe-sare-de-baie\/#breadcrumb"},"inLanguage":"en-US","potentialAction":[{"@type":"ReadAction","target":["https:\/\/medicinasinc.com\/ro\/product\/cumpara-roca-pe-sare-de-baie\/"]}]},{"@type":"ImageObject","inLanguage":"en-US","@id":"https:\/\/medicinasinc.com\/ro\/product\/cumpara-roca-pe-sare-de-baie\/#primaryimage","url":"https:\/\/medicinasinc.com\/ro\/wp-content\/uploads\/sites\/11\/2022\/02\/Buy-Rock-On-Bath-Salt.jpeg","contentUrl":"https:\/\/medicinasinc.com\/ro\/wp-content\/uploads\/sites\/11\/2022\/02\/Buy-Rock-On-Bath-Salt.jpeg","width":640,"height":428},{"@type":"BreadcrumbList","@id":"https:\/\/medicinasinc.com\/ro\/product\/cumpara-roca-pe-sare-de-baie\/#breadcrumb","itemListElement":[{"@type":"ListItem","position":1,"name":"Magazin","item":"https:\/\/medicinasinc.com\/ro\/magazin\/"},{"@type":"ListItem","position":2,"name":"Cump\u0103ra\u021bi sare de baie Rock On"}]},{"@type":"WebSite","@id":"https:\/\/medicinasinc.com\/ro\/#website","url":"https:\/\/medicinasinc.com\/ro\/","name":"Medicinas Inc","description":"Health Medical Clinic","potentialAction":[{"@type":"SearchAction","target":{"@type":"EntryPoint","urlTemplate":"https:\/\/medicinasinc.com\/ro\/?s={search_term_string}"},"query-input":{"@type":"PropertyValueSpecification","valueRequired":true,"valueName":"search_term_string"}}],"inLanguage":"en-US"}]}},"_links":{"self":[{"href":"https:\/\/medicinasinc.com\/ro\/wp-json\/wp\/v2\/product\/5667","targetHints":{"allow":["GET"]}}],"collection":[{"href":"https:\/\/medicinasinc.com\/ro\/wp-json\/wp\/v2\/product"}],"about":[{"href":"https:\/\/medicinasinc.com\/ro\/wp-json\/wp\/v2\/types\/product"}],"replies":[{"embeddable":true,"href":"https:\/\/medicinasinc.com\/ro\/wp-json\/wp\/v2\/comments?post=5667"}],"wp:featuredmedia":[{"embeddable":true,"href":"https:\/\/medicinasinc.com\/ro\/wp-json\/wp\/v2\/media\/5676"}],"wp:attachment":[{"href":"https:\/\/medicinasinc.com\/ro\/wp-json\/wp\/v2\/media?parent=5667"}],"wp:term":[{"taxonomy":"product_brand","embeddable":true,"href":"https:\/\/medicinasinc.com\/ro\/wp-json\/wp\/v2\/product_brand?post=5667"},{"taxonomy":"product_cat","embeddable":true,"href":"https:\/\/medicinasinc.com\/ro\/wp-json\/wp\/v2\/product_cat?post=5667"},{"taxonomy":"product_tag","embeddable":true,"href":"https:\/\/medicinasinc.com\/ro\/wp-json\/wp\/v2\/product_tag?post=5667"}],"curies":[{"name":"wp","href":"https:\/\/api.w.org\/{rel}","templated":true}]}}