{"id":5652,"date":"2022-02-22T03:24:25","date_gmt":"2022-02-22T03:24:25","guid":{"rendered":"https:\/\/medicinasinc.com\/ro\/?post_type=product&#038;p=5652"},"modified":"2022-03-22T00:52:17","modified_gmt":"2022-03-22T00:52:17","slug":"buy-quicksilver-sare-de-baie","status":"publish","type":"product","link":"https:\/\/medicinasinc.com\/ro\/product\/buy-quicksilver-sare-de-baie\/","title":{"rendered":"Cump\u0103ra\u021bi sare de baie Quicksilver"},"content":{"rendered":"<p><strong>Pute\u021bi cump\u0103ra sare de baie Quick Silver de pe internet.<\/strong><\/p>\n<p>\u00cen Marea Britanie, Europa \u0219i Australia, pute\u021bi cump\u0103ra sare de baie Quicksilver la mul\u021bi bani. Oamenii care cump\u0103r\u0103 de la noi pot fi siguri c\u0103 vor primi ceea ce pl\u0103tesc. Acum este cel mai bun moment pentru a cump\u0103ra sare de baie Quicksilver la cele mai bune pre\u021buri.<\/p>\n<div class=\"product-next-previous\">\n<div class=\"product-prev\"><\/div><\/div>\n","protected":false},"excerpt":{"rendered":"<div class=\"woocommerce-product-details__short-description\">\n<p>Sare de baie concentrat\u0103 de la cele mai bune m\u0103rci. metilaminopropan: Metiopropamina este 1-tiofen-2-il 2-metilaminopropan.<\/p>\n<p>La cel mai bun pre\u021b, po\u021bi cump\u0103ra online sare de baie QuickSilver. Promitem livrare sigur\u0103 \u0219i securizat\u0103 \u00een toat\u0103 lumea.<\/p>\n<p>Cump\u0103ra\u021bi online 1000 mg de sare de baie QuickSilver. Sare de baie concentrata de la cele mai bune marci. 1-(tiofen-2-il)-2-metilaminopropanul se nume\u0219te metiopropamin\u0103.<\/p>\n<\/p><\/div>\n","protected":false},"featured_media":5662,"comment_status":"open","ping_status":"closed","template":"","meta":[],"product_brand":[],"product_cat":[2014],"product_tag":[3488,3432,3433,3437,3438,3439,3440,3441,3443,3097,3444,3445,3446,3451,3452,3456,3458,3462,3463,3464,3467,3469,3479,3496,3494,3471,3483,3484,3486,3487,3485,3457,3449,3447,3465,3460,3453,3459,3454,3450,3448,3461,3466,3455,3499,3497,3498,3473,3475,3478,3165,3434,3482,3481,3468,3493,3474,3472,3480,3083,3489,3095,3436,3470,3477,3442,3490,3491,3492,3495,3435,3476],"class_list":{"0":"post-5652","1":"product","2":"type-product","3":"status-publish","4":"has-post-thumbnail","6":"product_cat-cumprare-cercetare-chimice","7":"product_tag-cumprare-sruri-de-baie-online","8":"product_tag-bath-salts","9":"product_tag-bath-salts-drug","10":"product_tag-bath-salts-for-sale-online-with-credit-card","11":"product_tag-bath-salts-online-store","12":"product_tag-bath-salts-sales-online","13":"product_tag-bathsalts","14":"product_tag-best-bath-salts","15":"product_tag-buy-amped-novelty-powder-500mg","16":"product_tag-buy-bath-salts","17":"product_tag-buy-bath-salts-cod","18":"product_tag-buy-bath-salts-drug-online","19":"product_tag-buy-bath-salts-online","20":"product_tag-buy-bath-salts-with-paypal-online","21":"product_tag-buy-cheap-bath-salts-order-bath-salts-drug-online","22":"product_tag-buy-k2-bath-salts-online","23":"product_tag-buy-pump-it-bath-salt-1000mg","24":"product_tag-buy-quick-silver-bath-salts-canada","25":"product_tag-buy-quick-silver-bath-salts-online","26":"product_tag-buy-quick-silver-bath-salts-usa","27":"product_tag-buy-synthetic-bath-salts-online","28":"product_tag-can-you-still-buy-bath-salts","29":"product_tag-caut-a-cumpara-sare-de-baie-sonline","30":"product_tag-ce-a-face-sruri-de-baie","31":"product_tag-cel-mai-sigur-magazin-online-pentru-a-cumprare-sruri-de-baie","32":"product_tag-nor-9-sare-de-baie","33":"product_tag-comanda-saruri-de-baie-medicament-online","34":"product_tag-comanda-saruri-de-baie-online","35":"product_tag-comanda-saruri-de-baie-online-cod","36":"product_tag-comanda-sare-de-baie-online-cu-card-de-credit","37":"product_tag-comand-sruri-de-baie-online-sruri-de-baie-en-gros","38":"product_tag-cumpr-mefedron-sruri-de-baie-online-cu-card-de-credit","39":"product_tag-cumpr-sruri-de-baie-online-cu-card-de-credit","40":"product_tag-cumpara-saruri-de-baie-online-legal","41":"product_tag-cumprare-cercetare-chimice-comanda","42":"product_tag-cumpara-rapid-sare-de-baie-argint-online","43":"product_tag-cumpr-opt-ballz-sruri-de-baie-online","44":"product_tag-cumpr-rapid-argint","45":"product_tag-cumpara-sare-de-baie-val-de-fildes-1000mg","46":"product_tag-cumpara-sare-de-baie-online-cu-carti-de-credit","47":"product_tag-cumpr-sruri-de-baie-online-de-unde-pot-cumpra-sruri-de-baie-online","48":"product_tag-cumpr-sruri-de-baie-quick-silver-australia","49":"product_tag-cumpr-sextacy-sruri-de-baie-online","50":"product_tag-cumpara-ivory-wave-de-vanzare-online","51":"product_tag-unde-pot-comand-mdpv-sruri-de-baie-online","52":"product_tag-unde-pot-cumpra-sruri-de-baie-online","53":"product_tag-unde-pot-obine-sruri-de-baie","54":"product_tag-discreti-dealeri-sare-de-baie-online","55":"product_tag-find-legit-bath-salts-suppliers-online","56":"product_tag-legit-furnizori-sruri-de-baie-online","57":"product_tag-mdpv-bath-salts-for-sale","58":"product_tag-sruri-de-baie-medicament-de-vnzare-online","59":"product_tag-mefedron","60":"product_tag-mephedrone-bath-salts-where-to-buy","61":"product_tag-poti-cumpara-saruri-de-baie-in-magazine","62":"product_tag-quick-silver-bath-salts-vendor-research-chemicals","63":"product_tag-opt-ballz-sare-de-baie-de-vanzare-online","64":"product_tag-sruri-de-baie-concentrate","65":"product_tag-mefedron-sruri-de-baie-de-vnzare","66":"product_tag-sruri-de-baie-unde-filde","67":"product_tag-saruri-de-baie-de-calitate-medicament-de-vanzare-online","68":"product_tag-sruri-de-baie-de-vnzare","69":"product_tag-sruri-de-baie-de-vnzare-online","70":"product_tag-ieftine-sruri-de-baie","71":"product_tag-saruri-de-baie-legale-de-vanzare-online","72":"product_tag-sruri-de-baie-on-line-de-cea-mai-bun-calitate","73":"product_tag-sruri-de-baie-argint-rapid","74":"product_tag-sruri-de-baie-quick-silver-de-vanzare","75":"product_tag-rapid-argint-sruri-de-baie-online","76":"product_tag-sruri-de-baie-vanilie-cer-de-vanzare","77":"product_tag-sruri-de-baie-vnzare-medicamente-online","78":"product_tag-val-de-filde","80":"first","81":"instock","82":"shipping-taxable","83":"purchasable","84":"product-type-variable","85":"has-default-attributes"},"yoast_head":"<!-- This site is optimized with the Yoast SEO plugin v27.3 - https:\/\/yoast.com\/product\/yoast-seo-wordpress\/ -->\n<title>Cump\u0103ra\u021bi sare de baie Quick Silver - Sare de baie Quick Silver - Cele mai bune medicamente globale<\/title>\n<meta name=\"description\" content=\"Cump\u0103ra\u021bi sare de baie Quicksilver de v\u00e2nzare \u00een Marea Britanie, Europa, AU. oferim cea mai fiabil\u0103 tranzac\u021bie \u0219i vindem la pre\u021buri foarte accesibile. Comanda acum Sare de baie Quicksilver la cele mai bune preturi\" \/>\n<meta name=\"robots\" content=\"index, follow, max-snippet:-1, max-image-preview:large, max-video-preview:-1\" \/>\n<link rel=\"canonical\" href=\"https:\/\/medicinasinc.com\/ro\/product\/buy-quicksilver-sare-de-baie\/\" \/>\n<meta property=\"og:locale\" content=\"en_US\" \/>\n<meta property=\"og:type\" content=\"article\" \/>\n<meta property=\"og:title\" content=\"Cump\u0103ra\u021bi sare de baie Quick Silver - Sare de baie Quick Silver - Cele mai bune medicamente globale\" \/>\n<meta property=\"og:description\" content=\"Cump\u0103ra\u021bi sare de baie Quicksilver de v\u00e2nzare \u00een Marea Britanie, Europa, AU. oferim cea mai fiabil\u0103 tranzac\u021bie \u0219i vindem la pre\u021buri foarte accesibile. Comanda acum Sare de baie Quicksilver la cele mai bune preturi\" \/>\n<meta property=\"og:url\" content=\"https:\/\/medicinasinc.com\/ro\/product\/buy-quicksilver-sare-de-baie\/\" \/>\n<meta property=\"og:site_name\" content=\"Medicinas Inc\" \/>\n<meta property=\"article:modified_time\" content=\"2022-03-22T00:52:17+00:00\" \/>\n<meta property=\"og:image\" content=\"https:\/\/medicinasinc.com\/ro\/wp-content\/uploads\/sites\/11\/2022\/02\/Buy-Quicksilver-Bath-Salt.jpg\" \/>\n\t<meta property=\"og:image:width\" content=\"600\" \/>\n\t<meta property=\"og:image:height\" content=\"599\" \/>\n\t<meta property=\"og:image:type\" content=\"image\/jpeg\" \/>\n<meta name=\"twitter:card\" content=\"summary_large_image\" \/>\n<meta name=\"twitter:label1\" content=\"Est. reading time\" \/>\n\t<meta name=\"twitter:data1\" content=\"1 minute\" \/>\n<script type=\"application\/ld+json\" class=\"yoast-schema-graph\">{\"@context\":\"https:\\\/\\\/schema.org\",\"@graph\":[{\"@type\":\"WebPage\",\"@id\":\"https:\\\/\\\/medicinasinc.com\\\/ro\\\/product\\\/buy-quicksilver-sare-de-baie\\\/\",\"url\":\"https:\\\/\\\/medicinasinc.com\\\/ro\\\/product\\\/buy-quicksilver-sare-de-baie\\\/\",\"name\":\"Cump\u0103ra\u021bi sare de baie Quick Silver - Sare de baie Quick Silver - Cele mai bune medicamente globale\",\"isPartOf\":{\"@id\":\"https:\\\/\\\/medicinasinc.com\\\/ro\\\/#website\"},\"primaryImageOfPage\":{\"@id\":\"https:\\\/\\\/medicinasinc.com\\\/ro\\\/product\\\/buy-quicksilver-sare-de-baie\\\/#primaryimage\"},\"image\":{\"@id\":\"https:\\\/\\\/medicinasinc.com\\\/ro\\\/product\\\/buy-quicksilver-sare-de-baie\\\/#primaryimage\"},\"thumbnailUrl\":\"https:\\\/\\\/medicinasinc.com\\\/ro\\\/wp-content\\\/uploads\\\/sites\\\/11\\\/2022\\\/02\\\/Buy-Quicksilver-Bath-Salt.jpg\",\"datePublished\":\"2022-02-22T03:24:25+00:00\",\"dateModified\":\"2022-03-22T00:52:17+00:00\",\"description\":\"Cump\u0103ra\u021bi sare de baie Quicksilver de v\u00e2nzare \u00een Marea Britanie, Europa, AU. oferim cea mai fiabil\u0103 tranzac\u021bie \u0219i vindem la pre\u021buri foarte accesibile. Comanda acum Sare de baie Quicksilver la cele mai bune preturi\",\"breadcrumb\":{\"@id\":\"https:\\\/\\\/medicinasinc.com\\\/ro\\\/product\\\/buy-quicksilver-sare-de-baie\\\/#breadcrumb\"},\"inLanguage\":\"en-US\",\"potentialAction\":[{\"@type\":\"ReadAction\",\"target\":[\"https:\\\/\\\/medicinasinc.com\\\/ro\\\/product\\\/buy-quicksilver-sare-de-baie\\\/\"]}]},{\"@type\":\"ImageObject\",\"inLanguage\":\"en-US\",\"@id\":\"https:\\\/\\\/medicinasinc.com\\\/ro\\\/product\\\/buy-quicksilver-sare-de-baie\\\/#primaryimage\",\"url\":\"https:\\\/\\\/medicinasinc.com\\\/ro\\\/wp-content\\\/uploads\\\/sites\\\/11\\\/2022\\\/02\\\/Buy-Quicksilver-Bath-Salt.jpg\",\"contentUrl\":\"https:\\\/\\\/medicinasinc.com\\\/ro\\\/wp-content\\\/uploads\\\/sites\\\/11\\\/2022\\\/02\\\/Buy-Quicksilver-Bath-Salt.jpg\",\"width\":600,\"height\":599},{\"@type\":\"BreadcrumbList\",\"@id\":\"https:\\\/\\\/medicinasinc.com\\\/ro\\\/product\\\/buy-quicksilver-sare-de-baie\\\/#breadcrumb\",\"itemListElement\":[{\"@type\":\"ListItem\",\"position\":1,\"name\":\"Magazin\",\"item\":\"https:\\\/\\\/medicinasinc.com\\\/ro\\\/magazin\\\/\"},{\"@type\":\"ListItem\",\"position\":2,\"name\":\"Cump\u0103ra\u021bi sare de baie Quicksilver\"}]},{\"@type\":\"WebSite\",\"@id\":\"https:\\\/\\\/medicinasinc.com\\\/ro\\\/#website\",\"url\":\"https:\\\/\\\/medicinasinc.com\\\/ro\\\/\",\"name\":\"Medicinas Inc\",\"description\":\"Health Medical Clinic\",\"potentialAction\":[{\"@type\":\"SearchAction\",\"target\":{\"@type\":\"EntryPoint\",\"urlTemplate\":\"https:\\\/\\\/medicinasinc.com\\\/ro\\\/?s={search_term_string}\"},\"query-input\":{\"@type\":\"PropertyValueSpecification\",\"valueRequired\":true,\"valueName\":\"search_term_string\"}}],\"inLanguage\":\"en-US\"}]}<\/script>\n<!-- \/ Yoast SEO plugin. -->","yoast_head_json":{"title":"Cump\u0103ra\u021bi sare de baie Quick Silver - Sare de baie Quick Silver - Cele mai bune medicamente globale","description":"Cump\u0103ra\u021bi sare de baie Quicksilver de v\u00e2nzare \u00een Marea Britanie, Europa, AU. oferim cea mai fiabil\u0103 tranzac\u021bie \u0219i vindem la pre\u021buri foarte accesibile. Comanda acum Sare de baie Quicksilver la cele mai bune preturi","robots":{"index":"index","follow":"follow","max-snippet":"max-snippet:-1","max-image-preview":"max-image-preview:large","max-video-preview":"max-video-preview:-1"},"canonical":"https:\/\/medicinasinc.com\/ro\/product\/buy-quicksilver-sare-de-baie\/","og_locale":"en_US","og_type":"article","og_title":"Cump\u0103ra\u021bi sare de baie Quick Silver - Sare de baie Quick Silver - Cele mai bune medicamente globale","og_description":"Cump\u0103ra\u021bi sare de baie Quicksilver de v\u00e2nzare \u00een Marea Britanie, Europa, AU. oferim cea mai fiabil\u0103 tranzac\u021bie \u0219i vindem la pre\u021buri foarte accesibile. Comanda acum Sare de baie Quicksilver la cele mai bune preturi","og_url":"https:\/\/medicinasinc.com\/ro\/product\/buy-quicksilver-sare-de-baie\/","og_site_name":"Medicinas Inc","article_modified_time":"2022-03-22T00:52:17+00:00","og_image":[{"width":600,"height":599,"url":"https:\/\/medicinasinc.com\/ro\/wp-content\/uploads\/sites\/11\/2022\/02\/Buy-Quicksilver-Bath-Salt.jpg","type":"image\/jpeg"}],"twitter_card":"summary_large_image","twitter_misc":{"Est. reading time":"1 minute"},"schema":{"@context":"https:\/\/schema.org","@graph":[{"@type":"WebPage","@id":"https:\/\/medicinasinc.com\/ro\/product\/buy-quicksilver-sare-de-baie\/","url":"https:\/\/medicinasinc.com\/ro\/product\/buy-quicksilver-sare-de-baie\/","name":"Cump\u0103ra\u021bi sare de baie Quick Silver - Sare de baie Quick Silver - Cele mai bune medicamente globale","isPartOf":{"@id":"https:\/\/medicinasinc.com\/ro\/#website"},"primaryImageOfPage":{"@id":"https:\/\/medicinasinc.com\/ro\/product\/buy-quicksilver-sare-de-baie\/#primaryimage"},"image":{"@id":"https:\/\/medicinasinc.com\/ro\/product\/buy-quicksilver-sare-de-baie\/#primaryimage"},"thumbnailUrl":"https:\/\/medicinasinc.com\/ro\/wp-content\/uploads\/sites\/11\/2022\/02\/Buy-Quicksilver-Bath-Salt.jpg","datePublished":"2022-02-22T03:24:25+00:00","dateModified":"2022-03-22T00:52:17+00:00","description":"Cump\u0103ra\u021bi sare de baie Quicksilver de v\u00e2nzare \u00een Marea Britanie, Europa, AU. oferim cea mai fiabil\u0103 tranzac\u021bie \u0219i vindem la pre\u021buri foarte accesibile. Comanda acum Sare de baie Quicksilver la cele mai bune preturi","breadcrumb":{"@id":"https:\/\/medicinasinc.com\/ro\/product\/buy-quicksilver-sare-de-baie\/#breadcrumb"},"inLanguage":"en-US","potentialAction":[{"@type":"ReadAction","target":["https:\/\/medicinasinc.com\/ro\/product\/buy-quicksilver-sare-de-baie\/"]}]},{"@type":"ImageObject","inLanguage":"en-US","@id":"https:\/\/medicinasinc.com\/ro\/product\/buy-quicksilver-sare-de-baie\/#primaryimage","url":"https:\/\/medicinasinc.com\/ro\/wp-content\/uploads\/sites\/11\/2022\/02\/Buy-Quicksilver-Bath-Salt.jpg","contentUrl":"https:\/\/medicinasinc.com\/ro\/wp-content\/uploads\/sites\/11\/2022\/02\/Buy-Quicksilver-Bath-Salt.jpg","width":600,"height":599},{"@type":"BreadcrumbList","@id":"https:\/\/medicinasinc.com\/ro\/product\/buy-quicksilver-sare-de-baie\/#breadcrumb","itemListElement":[{"@type":"ListItem","position":1,"name":"Magazin","item":"https:\/\/medicinasinc.com\/ro\/magazin\/"},{"@type":"ListItem","position":2,"name":"Cump\u0103ra\u021bi sare de baie Quicksilver"}]},{"@type":"WebSite","@id":"https:\/\/medicinasinc.com\/ro\/#website","url":"https:\/\/medicinasinc.com\/ro\/","name":"Medicinas Inc","description":"Health Medical Clinic","potentialAction":[{"@type":"SearchAction","target":{"@type":"EntryPoint","urlTemplate":"https:\/\/medicinasinc.com\/ro\/?s={search_term_string}"},"query-input":{"@type":"PropertyValueSpecification","valueRequired":true,"valueName":"search_term_string"}}],"inLanguage":"en-US"}]}},"_links":{"self":[{"href":"https:\/\/medicinasinc.com\/ro\/wp-json\/wp\/v2\/product\/5652","targetHints":{"allow":["GET"]}}],"collection":[{"href":"https:\/\/medicinasinc.com\/ro\/wp-json\/wp\/v2\/product"}],"about":[{"href":"https:\/\/medicinasinc.com\/ro\/wp-json\/wp\/v2\/types\/product"}],"replies":[{"embeddable":true,"href":"https:\/\/medicinasinc.com\/ro\/wp-json\/wp\/v2\/comments?post=5652"}],"wp:featuredmedia":[{"embeddable":true,"href":"https:\/\/medicinasinc.com\/ro\/wp-json\/wp\/v2\/media\/5662"}],"wp:attachment":[{"href":"https:\/\/medicinasinc.com\/ro\/wp-json\/wp\/v2\/media?parent=5652"}],"wp:term":[{"taxonomy":"product_brand","embeddable":true,"href":"https:\/\/medicinasinc.com\/ro\/wp-json\/wp\/v2\/product_brand?post=5652"},{"taxonomy":"product_cat","embeddable":true,"href":"https:\/\/medicinasinc.com\/ro\/wp-json\/wp\/v2\/product_cat?post=5652"},{"taxonomy":"product_tag","embeddable":true,"href":"https:\/\/medicinasinc.com\/ro\/wp-json\/wp\/v2\/product_tag?post=5652"}],"curies":[{"name":"wp","href":"https:\/\/api.w.org\/{rel}","templated":true}]}}