{"id":5651,"date":"2022-02-22T03:22:57","date_gmt":"2022-02-22T03:22:57","guid":{"rendered":"https:\/\/medicinasinc.com\/ro\/?post_type=product&#038;p=5651"},"modified":"2022-03-22T00:52:27","modified_gmt":"2022-03-22T00:52:27","slug":"cumpar-oxicodona-pulbere","status":"publish","type":"product","link":"https:\/\/medicinasinc.com\/ro\/product\/cumpar-oxicodona-pulbere\/","title":{"rendered":"Cump\u0103ra\u021bi pudr\u0103 de oxicodon\u0103"},"content":{"rendered":"<p>Pute\u021bi cump\u0103ra pulbere de oxicodon\u0103 de \u00eenalt\u0103 calitate de pe un site web ca acesta:<br \/> Pudra de oxicodon\u0103 de v\u00e2nzare v\u0103 poate ajuta s\u0103 v\u0103 opri\u021bi durerea \u0219i s\u0103 v\u0103 \u00eembun\u0103t\u0103\u021bi\u021bi.<\/p>\n<p>Oxicodona face parte dintr-un grup de medicamente numite analgezice narcotice. Este folosit pentru a trata durerea cronic\u0103 care este foarte grav\u0103 atunci c\u00e2nd alte tratamente nu func\u021bioneaz\u0103 suficient de bine. Formele de prescrip\u021bie ale acestui medicament sunt menite s\u0103 ajute persoanele care au artrit\u0103, cancer sau alte probleme fizice pe tot parcursul zilei. Modul \u00een care func\u021bioneaz\u0103 este similar cu cel al altor opiacee. Se leag\u0103 de receptorii din creier \u0219i schimb\u0103 modul \u00een care creierul r\u0103spunde la durere.<\/p>\n<p>Pudra de oxicodon\u0103 de v\u00e2nzare este un ingredient puternic \u00eentr-o varietate de analgezice care vin \u00een diferite forme \u0219i dimensiuni. De obicei se administreaz\u0103 \u00eempreun\u0103 cu ibuprofen \u0219i aspirin\u0103, dar poate fi administrat \u0219i singur.<\/p>\n<p>Pudra de oxicodon\u0103 poate fi cump\u0103rat\u0103 online de la cel mai cunoscut magazin din Statele Unite.<\/p>\n<p>Bestgoalmeds. com\u00a0Shop este o companie bazat\u0103 pe valoare care vinde cele mai bune medicamente de mai bine de 15 ani. La magazinul nostru, pute\u021bi cump\u0103ra pulbere de oxicodon\u0103 care a fost verificat\u0103 pentru calitate \u00eentr-un laborator autorizat. Din SUA p\u00e2n\u0103 \u00een Asia, servim clien\u021bi din \u00eentreaga lume. Este u\u0219or s\u0103 cump\u0103ra\u021bi produsele noastre pentru c\u0103 sunt legale \u0219i nu trebuie s\u0103 v\u0103 face\u021bi griji pentru nimic. C\u00e2nd vine vorba de noi, p\u0103str\u0103m totul privat pentru c\u0103 pre\u021buim confiden\u021bialitatea ta. V\u0103 rug\u0103m s\u0103 ne contacta\u021bi dac\u0103 ave\u021bi \u00eentreb\u0103ri sau nel\u0103muriri!<\/p>\n","protected":false},"excerpt":{"rendered":"<div class=\"woocommerce-product-details__short-description\">\n<p>Cump\u0103ra\u021bi pudr\u0103 de oxicodon\u0103 \u00een Marea Britanie \u0219i Europa la Bestglobalmeds.com, de unde o pute\u021bi ob\u021bine rapid din toat\u0103 lumea. Aici pute\u021bi cump\u0103ra cea mai bun\u0103 pulbere de oxicodon\u0103 pe care o pute\u021bi g\u0103si.<\/p>\n<p>Pute\u021bi cump\u0103ra online pulbere de oxicodon\u0103 de \u00eenalt\u0103 calitate pentru durere moderat\u0103 p\u00e2n\u0103 la sever\u0103, atunci c\u00e2nd trebuie s\u0103 nu ave\u021bi durere toat\u0103 ziua \u0219i noaptea pentru o lung\u0103 perioad\u0103 de timp. timp.<\/p>\n<p>Pute\u021bi cump\u0103ra pulbere de oxicodon\u0103 de pe internet la cel mai bun pre\u021b. USpharma Shop este o farmacie online binecunoscut\u0103 care vinde medicamente legale. Comand\u0103 online \u0219i economise\u0219te timp \u0219i bani.<\/p>\n<p>Oxicodona (vrac) este 100% pudr\u0103. Oxicodon\u0103 este denumirea generic\u0103 (vrac). Vezi cuponul gratuit. \u00cen aceast\u0103 sec\u021biune, ve\u021bi \u00eenv\u0103\u021ba cum s\u0103 utiliza\u021bi, ce face, ce poate face \u0219i cum s\u0103 \u00eel evita\u021bi.<\/p>\n<p>Unul dintre numero\u0219ii alcaloizi din macul persan se nume\u0219te tebain\u0103, iar pulberea de oxicodon\u0103 este realizat din acest alcaloid. Pulberea de oxicodon\u0103 este o pulbere cristalin\u0103 alb\u0103, inodor\u0103, care este f\u0103cut\u0103 din acest alcaloid. Clorhidratul de oxicodon\u0103 se dizolv\u0103 \u00een ap\u0103 (1 g \u00een 6 p\u00e2n\u0103 la 7 ml) \u0219i este pu\u021bin solubil \u00een alcool, dar nu foarte mult (coeficientul de parti\u021bie al apei cu octanol este de 0,7).<\/p>\n<p>Clorhidratul de oxicodon\u0103 este format din 4 clorhidrat de 5a-epoxi-14-hidroxi-3-metoxi-17-metilmorfinan-6-on\u0103, care este denumirea chimic\u0103.<\/p>\n<p>Un analgezic opioid semisintetic numit pulbere de oxicodon\u0103 este utilizat pentru tratarea moderat\u0103 p\u00e2n\u0103 la dureri severe. Pulberea de oxicodon\u0103 este de obicei utilizat\u0103 pentru a trata durerea moderat\u0103 p\u00e2n\u0103 la sever\u0103. C\u00e2nd Oxicodona a fost produs\u0103 \u00een Germania \u00een 1917, a fost unul dintr-un grup de opioide semisintetice care au fost produse pentru a \u00eembun\u0103t\u0103\u021bi opioidele existente.<\/p>\n<\/p><\/div>\n","protected":false},"featured_media":5660,"comment_status":"open","ping_status":"closed","template":"","meta":[],"product_brand":[],"product_cat":[2014],"product_tag":[3416,3415,3427,3425,3417,3431,3419,3422,3423,3424,3429,3430,3421,3428,3418,3420,3426],"class_list":{"0":"post-5651","1":"product","2":"type-product","3":"status-publish","4":"has-post-thumbnail","6":"product_cat-cumprare-cercetare-chimice","7":"product_tag-buy-oxycodone-powder","8":"product_tag-cel-mai-bun-loc-de-cumprare-pudr-de-oxicodon","9":"product_tag-ordinul-oxicodon-pulbere","10":"product_tag-oxicodon-pulbere-comand-pot","11":"product_tag-comanda-oxicodon-pulbere","12":"product_tag-de-unde-s-cumpr-pudr-de-oxicodon","13":"product_tag-oxicodon-efect-pulbere","14":"product_tag-oxycodone-powder-for-sale-uk","15":"product_tag-oxycodone-powder-germany","16":"product_tag-oxycodone-powder-mail","17":"product_tag-oxycodone-powder-reddit","18":"product_tag-oxycodone-powder-sale","19":"product_tag-pulbere-oxicodon-de-vnzare","20":"product_tag-comand-oxicodon-pulbere-uk","21":"product_tag-oxicodon-pulbere-cumprare","22":"product_tag-oxicodon-pulbere-europa","23":"product_tag-oxicodon-pulbere-online","25":"first","26":"instock","27":"shipping-taxable","28":"purchasable","29":"product-type-variable","30":"has-default-attributes"},"yoast_head":"<!-- This site is optimized with the Yoast SEO plugin v27.3 - https:\/\/yoast.com\/product\/yoast-seo-wordpress\/ -->\n<title>Cump\u0103ra\u021bi pudr\u0103 de oxicodon\u0103 - pudr\u0103 de oxicodon\u0103 - Best Global Meds<\/title>\n<meta name=\"description\" content=\"Cump\u0103ra\u021bi pudr\u0103 de oxicodon\u0103 Marea Britanie, Europa \u00een magazinul nostru online Bestglobalmeds.com cu livrare rapid\u0103 \u00een toat\u0103 lumea! Cea mai bun\u0103 pulbere de oxicodon\u0103 pentru comand\u0103 o vei g\u0103si aici!\" \/>\n<meta name=\"robots\" content=\"index, follow, max-snippet:-1, max-image-preview:large, max-video-preview:-1\" \/>\n<link rel=\"canonical\" href=\"https:\/\/medicinasinc.com\/ro\/product\/cumpar-oxicodona-pulbere\/\" \/>\n<meta property=\"og:locale\" content=\"en_US\" \/>\n<meta property=\"og:type\" content=\"article\" \/>\n<meta property=\"og:title\" content=\"Cump\u0103ra\u021bi pudr\u0103 de oxicodon\u0103 - pudr\u0103 de oxicodon\u0103 - Best Global Meds\" \/>\n<meta property=\"og:description\" content=\"Cump\u0103ra\u021bi pudr\u0103 de oxicodon\u0103 Marea Britanie, Europa \u00een magazinul nostru online Bestglobalmeds.com cu livrare rapid\u0103 \u00een toat\u0103 lumea! Cea mai bun\u0103 pulbere de oxicodon\u0103 pentru comand\u0103 o vei g\u0103si aici!\" \/>\n<meta property=\"og:url\" content=\"https:\/\/medicinasinc.com\/ro\/product\/cumpar-oxicodona-pulbere\/\" \/>\n<meta property=\"og:site_name\" content=\"Medicinas Inc\" \/>\n<meta property=\"article:modified_time\" content=\"2022-03-22T00:52:27+00:00\" \/>\n<meta property=\"og:image\" content=\"https:\/\/medicinasinc.com\/ro\/wp-content\/uploads\/sites\/11\/2022\/02\/Buy-oxycodone-powder.jpeg\" \/>\n\t<meta property=\"og:image:width\" content=\"510\" \/>\n\t<meta property=\"og:image:height\" content=\"389\" \/>\n\t<meta property=\"og:image:type\" content=\"image\/jpeg\" \/>\n<meta name=\"twitter:card\" content=\"summary_large_image\" \/>\n<meta name=\"twitter:label1\" content=\"Est. reading time\" \/>\n\t<meta name=\"twitter:data1\" content=\"2 minutes\" \/>\n<script type=\"application\/ld+json\" class=\"yoast-schema-graph\">{\"@context\":\"https:\\\/\\\/schema.org\",\"@graph\":[{\"@type\":\"WebPage\",\"@id\":\"https:\\\/\\\/medicinasinc.com\\\/ro\\\/product\\\/cumpar-oxicodona-pulbere\\\/\",\"url\":\"https:\\\/\\\/medicinasinc.com\\\/ro\\\/product\\\/cumpar-oxicodona-pulbere\\\/\",\"name\":\"Cump\u0103ra\u021bi pudr\u0103 de oxicodon\u0103 - pudr\u0103 de oxicodon\u0103 - Best Global Meds\",\"isPartOf\":{\"@id\":\"https:\\\/\\\/medicinasinc.com\\\/ro\\\/#website\"},\"primaryImageOfPage\":{\"@id\":\"https:\\\/\\\/medicinasinc.com\\\/ro\\\/product\\\/cumpar-oxicodona-pulbere\\\/#primaryimage\"},\"image\":{\"@id\":\"https:\\\/\\\/medicinasinc.com\\\/ro\\\/product\\\/cumpar-oxicodona-pulbere\\\/#primaryimage\"},\"thumbnailUrl\":\"https:\\\/\\\/medicinasinc.com\\\/ro\\\/wp-content\\\/uploads\\\/sites\\\/11\\\/2022\\\/02\\\/Buy-oxycodone-powder.jpeg\",\"datePublished\":\"2022-02-22T03:22:57+00:00\",\"dateModified\":\"2022-03-22T00:52:27+00:00\",\"description\":\"Cump\u0103ra\u021bi pudr\u0103 de oxicodon\u0103 Marea Britanie, Europa \u00een magazinul nostru online Bestglobalmeds.com cu livrare rapid\u0103 \u00een toat\u0103 lumea! Cea mai bun\u0103 pulbere de oxicodon\u0103 pentru comand\u0103 o vei g\u0103si aici!\",\"breadcrumb\":{\"@id\":\"https:\\\/\\\/medicinasinc.com\\\/ro\\\/product\\\/cumpar-oxicodona-pulbere\\\/#breadcrumb\"},\"inLanguage\":\"en-US\",\"potentialAction\":[{\"@type\":\"ReadAction\",\"target\":[\"https:\\\/\\\/medicinasinc.com\\\/ro\\\/product\\\/cumpar-oxicodona-pulbere\\\/\"]}]},{\"@type\":\"ImageObject\",\"inLanguage\":\"en-US\",\"@id\":\"https:\\\/\\\/medicinasinc.com\\\/ro\\\/product\\\/cumpar-oxicodona-pulbere\\\/#primaryimage\",\"url\":\"https:\\\/\\\/medicinasinc.com\\\/ro\\\/wp-content\\\/uploads\\\/sites\\\/11\\\/2022\\\/02\\\/Buy-oxycodone-powder.jpeg\",\"contentUrl\":\"https:\\\/\\\/medicinasinc.com\\\/ro\\\/wp-content\\\/uploads\\\/sites\\\/11\\\/2022\\\/02\\\/Buy-oxycodone-powder.jpeg\",\"width\":510,\"height\":389},{\"@type\":\"BreadcrumbList\",\"@id\":\"https:\\\/\\\/medicinasinc.com\\\/ro\\\/product\\\/cumpar-oxicodona-pulbere\\\/#breadcrumb\",\"itemListElement\":[{\"@type\":\"ListItem\",\"position\":1,\"name\":\"Magazin\",\"item\":\"https:\\\/\\\/medicinasinc.com\\\/ro\\\/magazin\\\/\"},{\"@type\":\"ListItem\",\"position\":2,\"name\":\"Cump\u0103ra\u021bi pudr\u0103 de oxicodon\u0103\"}]},{\"@type\":\"WebSite\",\"@id\":\"https:\\\/\\\/medicinasinc.com\\\/ro\\\/#website\",\"url\":\"https:\\\/\\\/medicinasinc.com\\\/ro\\\/\",\"name\":\"Medicinas Inc\",\"description\":\"Health Medical Clinic\",\"potentialAction\":[{\"@type\":\"SearchAction\",\"target\":{\"@type\":\"EntryPoint\",\"urlTemplate\":\"https:\\\/\\\/medicinasinc.com\\\/ro\\\/?s={search_term_string}\"},\"query-input\":{\"@type\":\"PropertyValueSpecification\",\"valueRequired\":true,\"valueName\":\"search_term_string\"}}],\"inLanguage\":\"en-US\"}]}<\/script>\n<!-- \/ Yoast SEO plugin. -->","yoast_head_json":{"title":"Cump\u0103ra\u021bi pudr\u0103 de oxicodon\u0103 - pudr\u0103 de oxicodon\u0103 - Best Global Meds","description":"Cump\u0103ra\u021bi pudr\u0103 de oxicodon\u0103 Marea Britanie, Europa \u00een magazinul nostru online Bestglobalmeds.com cu livrare rapid\u0103 \u00een toat\u0103 lumea! Cea mai bun\u0103 pulbere de oxicodon\u0103 pentru comand\u0103 o vei g\u0103si aici!","robots":{"index":"index","follow":"follow","max-snippet":"max-snippet:-1","max-image-preview":"max-image-preview:large","max-video-preview":"max-video-preview:-1"},"canonical":"https:\/\/medicinasinc.com\/ro\/product\/cumpar-oxicodona-pulbere\/","og_locale":"en_US","og_type":"article","og_title":"Cump\u0103ra\u021bi pudr\u0103 de oxicodon\u0103 - pudr\u0103 de oxicodon\u0103 - Best Global Meds","og_description":"Cump\u0103ra\u021bi pudr\u0103 de oxicodon\u0103 Marea Britanie, Europa \u00een magazinul nostru online Bestglobalmeds.com cu livrare rapid\u0103 \u00een toat\u0103 lumea! Cea mai bun\u0103 pulbere de oxicodon\u0103 pentru comand\u0103 o vei g\u0103si aici!","og_url":"https:\/\/medicinasinc.com\/ro\/product\/cumpar-oxicodona-pulbere\/","og_site_name":"Medicinas Inc","article_modified_time":"2022-03-22T00:52:27+00:00","og_image":[{"width":510,"height":389,"url":"https:\/\/medicinasinc.com\/ro\/wp-content\/uploads\/sites\/11\/2022\/02\/Buy-oxycodone-powder.jpeg","type":"image\/jpeg"}],"twitter_card":"summary_large_image","twitter_misc":{"Est. reading time":"2 minutes"},"schema":{"@context":"https:\/\/schema.org","@graph":[{"@type":"WebPage","@id":"https:\/\/medicinasinc.com\/ro\/product\/cumpar-oxicodona-pulbere\/","url":"https:\/\/medicinasinc.com\/ro\/product\/cumpar-oxicodona-pulbere\/","name":"Cump\u0103ra\u021bi pudr\u0103 de oxicodon\u0103 - pudr\u0103 de oxicodon\u0103 - Best Global Meds","isPartOf":{"@id":"https:\/\/medicinasinc.com\/ro\/#website"},"primaryImageOfPage":{"@id":"https:\/\/medicinasinc.com\/ro\/product\/cumpar-oxicodona-pulbere\/#primaryimage"},"image":{"@id":"https:\/\/medicinasinc.com\/ro\/product\/cumpar-oxicodona-pulbere\/#primaryimage"},"thumbnailUrl":"https:\/\/medicinasinc.com\/ro\/wp-content\/uploads\/sites\/11\/2022\/02\/Buy-oxycodone-powder.jpeg","datePublished":"2022-02-22T03:22:57+00:00","dateModified":"2022-03-22T00:52:27+00:00","description":"Cump\u0103ra\u021bi pudr\u0103 de oxicodon\u0103 Marea Britanie, Europa \u00een magazinul nostru online Bestglobalmeds.com cu livrare rapid\u0103 \u00een toat\u0103 lumea! Cea mai bun\u0103 pulbere de oxicodon\u0103 pentru comand\u0103 o vei g\u0103si aici!","breadcrumb":{"@id":"https:\/\/medicinasinc.com\/ro\/product\/cumpar-oxicodona-pulbere\/#breadcrumb"},"inLanguage":"en-US","potentialAction":[{"@type":"ReadAction","target":["https:\/\/medicinasinc.com\/ro\/product\/cumpar-oxicodona-pulbere\/"]}]},{"@type":"ImageObject","inLanguage":"en-US","@id":"https:\/\/medicinasinc.com\/ro\/product\/cumpar-oxicodona-pulbere\/#primaryimage","url":"https:\/\/medicinasinc.com\/ro\/wp-content\/uploads\/sites\/11\/2022\/02\/Buy-oxycodone-powder.jpeg","contentUrl":"https:\/\/medicinasinc.com\/ro\/wp-content\/uploads\/sites\/11\/2022\/02\/Buy-oxycodone-powder.jpeg","width":510,"height":389},{"@type":"BreadcrumbList","@id":"https:\/\/medicinasinc.com\/ro\/product\/cumpar-oxicodona-pulbere\/#breadcrumb","itemListElement":[{"@type":"ListItem","position":1,"name":"Magazin","item":"https:\/\/medicinasinc.com\/ro\/magazin\/"},{"@type":"ListItem","position":2,"name":"Cump\u0103ra\u021bi pudr\u0103 de oxicodon\u0103"}]},{"@type":"WebSite","@id":"https:\/\/medicinasinc.com\/ro\/#website","url":"https:\/\/medicinasinc.com\/ro\/","name":"Medicinas Inc","description":"Health Medical Clinic","potentialAction":[{"@type":"SearchAction","target":{"@type":"EntryPoint","urlTemplate":"https:\/\/medicinasinc.com\/ro\/?s={search_term_string}"},"query-input":{"@type":"PropertyValueSpecification","valueRequired":true,"valueName":"search_term_string"}}],"inLanguage":"en-US"}]}},"_links":{"self":[{"href":"https:\/\/medicinasinc.com\/ro\/wp-json\/wp\/v2\/product\/5651","targetHints":{"allow":["GET"]}}],"collection":[{"href":"https:\/\/medicinasinc.com\/ro\/wp-json\/wp\/v2\/product"}],"about":[{"href":"https:\/\/medicinasinc.com\/ro\/wp-json\/wp\/v2\/types\/product"}],"replies":[{"embeddable":true,"href":"https:\/\/medicinasinc.com\/ro\/wp-json\/wp\/v2\/comments?post=5651"}],"wp:featuredmedia":[{"embeddable":true,"href":"https:\/\/medicinasinc.com\/ro\/wp-json\/wp\/v2\/media\/5660"}],"wp:attachment":[{"href":"https:\/\/medicinasinc.com\/ro\/wp-json\/wp\/v2\/media?parent=5651"}],"wp:term":[{"taxonomy":"product_brand","embeddable":true,"href":"https:\/\/medicinasinc.com\/ro\/wp-json\/wp\/v2\/product_brand?post=5651"},{"taxonomy":"product_cat","embeddable":true,"href":"https:\/\/medicinasinc.com\/ro\/wp-json\/wp\/v2\/product_cat?post=5651"},{"taxonomy":"product_tag","embeddable":true,"href":"https:\/\/medicinasinc.com\/ro\/wp-json\/wp\/v2\/product_tag?post=5651"}],"curies":[{"name":"wp","href":"https:\/\/api.w.org\/{rel}","templated":true}]}}