{"id":5638,"date":"2022-02-22T03:11:29","date_gmt":"2022-02-22T03:11:29","guid":{"rendered":"https:\/\/medicinasinc.com\/ro\/?post_type=product&#038;p=5638"},"modified":"2022-03-22T00:52:36","modified_gmt":"2022-03-22T00:52:36","slug":"cumpara-sextacy-sare-de-baie","status":"publish","type":"product","link":"https:\/\/medicinasinc.com\/ro\/product\/cumpara-sextacy-sare-de-baie\/","title":{"rendered":"Cump\u0103ra\u021bi Sare de baie Sextacy"},"content":{"rendered":"<p>Cump\u0103ra\u021bi sare de baie Sextacy dintr-un magazin online ca acesta:<br \/> Cump\u0103ra\u021bi sare de baie Sextacy pentru a le folosi \u00een baie.<\/p>\n<p>Aceasta este o sare de baie concentrat\u0103. Totu\u0219i, po\u021bi s\u0103 te relaxezi \u0219i s\u0103 la\u0219i pe Sextacy s\u0103-\u021bi ia mintea de la lucruri pentru pu\u021bin timp. Face\u021bi o baie fierbinte \u0219i ad\u0103uga\u021bi con\u021binutul. Acest lucru va \u00eenmuia apa \u00een mod natural, ceea ce v\u0103 va face s\u0103 v\u0103 sim\u021bi\u021bi foarte calm \u0219i lini\u0219tit.<\/p>\n<p>Este foarte important s\u0103 \u00eencepe\u021bi cu o cantitate foarte mic\u0103 de sare de baie Sextacy pentru a vedea cum reac\u021bioneaz\u0103 corpul dumneavoastr\u0103. Deoarece Sextacy Ultimate este at\u00e2t de puternic, poate fi necesar s\u0103 \u00eel folosi\u021bi mai mult \u00een baie pentru a ob\u021bine relaxarea deplin\u0103 pe care o dori\u021bi.<\/p>\n<p>Sextacy este o mare problem\u0103.<\/p>\n<p>\u00cen testul MP , iat\u0103 ce s-a \u00eent\u00e2mplat:<\/p>\n<p>Dac\u0103 Ivory Wave nu este suficient pentru dvs., aceasta este versiunea mai puternic\u0103 a unui produs grozav \u0219i de ultim\u0103 genera\u021bie. Este foarte asem\u0103n\u0103tor cu Ivory Wave, dar are c\u00e2teva ingrediente suplimentare care \u00eel fac \u0219i mai bun. Cu toate acestea, te face foarte, foarte excitat \u0219i te face s\u0103 te sim\u021bi ca \u0219i cum ai fi \u00eentr-un vis \u00een mijlocul b\u0103ii. Va fi foarte puternic \u0219i ar trebui s\u0103 fii atent c\u00e2nd \u00eel folose\u0219ti. V\u0103 va face baia foarte rapid\u0103. \u00cencepe cu foarte pu\u021bin. Timp de 6 p\u00e2n\u0103 la 9 ore, vine \u00een aproximativ 10 minute \u0219i dureaz\u0103 at\u00e2t de mult. Cu toate acestea, sarea de baie Sextacy este foarte asem\u0103n\u0103toare cu Ivory Ultra, dar \u00eenc\u0103 are propria sa atingere magic\u0103 LOL. Cu toate acestea, acesta este un produs grozav, a\u0219a c\u0103 l-a\u0219 recomanda cu pruden\u021b\u0103 \u0219i l-a\u0219 continua s\u0103 vin\u0103! Un must-have!<\/p>\n<p>Bicarbonat de sodiu, clorur\u0103 de sodiu, sare de mare ad\u00e2ncime, minerale \u0219i alte oligoelemente naturale sunt c\u00e2teva dintre ingrediente.<\/p>\n<p>Legalitate: acest produs este legal \u00een fiecare \u021bar\u0103 pentru c\u0103 este f\u0103cut\u0103 cu ierburi.<\/p>\n<p>\u00cen acest caz, s\u0103rurile de baie concentrate White Girl 500 mg este ceea ce ave\u021bi nevoie.<br \/> 500 mg s\u0103ruri de baie White Lady<br \/> S\u0103rurile de baie concentrate Bliss au 500mg de sare \u00een fiecare pung\u0103.<br \/> S\u0103rurile de baie Snow Leopard au c\u00e2te 500mg din ele \u00een fiecare pung\u0103.<br \/> 500mg de s\u0103ruri de baie suplimentare de la Lunar Wave. 500mg de sare de baie concentrat\u0103 de la White Horse.<br \/> 500mg de s\u0103ruri de baie revigorante<br \/> 500mg de sare de baie Cloud 10<br \/> Blue Magic: 500mg s\u0103ruri de baie<br \/> Sarea de baie cu numele Scarface are 500mg din ea.<br \/> Mul\u021bi mai mul\u021bi oameni, de asemenea.<\/p>\n","protected":false},"excerpt":{"rendered":"<div class=\"woocommerce-product-details__short-description\">\n<p>Este u\u0219or s\u0103 cump\u0103ra\u021bi Sextacy Bath Salt online din magazinul nostru Bestglobalmeds.com \u0219i s\u0103 o primi\u021bi rapid acas\u0103 \u00een Europa \u0219i Marea Britanie. Cel mai bun loc pentru a cump\u0103ra sare de baie sextacy este aici!<\/p>\n<p>Cump\u0103ra\u021bi 50 de pachete de sare de baie sextacy concentrat\u0103 de pe internet. Sextacy concentrat: 10 pachete de 10 Cump\u0103ra\u021bi sextacy concentrat 20 de pachete de sare de baie de pe internet.<\/p>\n<p>Exist\u0103 o mul\u021bime de site-uri web de unde pute\u021bi cump\u0103ra o mul\u021bime de s\u0103ruri de baie pentru mul\u021bi bani.<\/p>\n<p>Online, pute\u021bi cump\u0103ra s\u0103ruri de baie sextacy de la Global Medicine. Pre\u021burile de v\u00e2nzare pentru sare de baie sextacy pot fi aflate citind acest text<\/p>\n<\/p><\/div>\n","protected":false},"featured_media":5650,"comment_status":"open","ping_status":"closed","template":"","meta":[],"product_brand":[],"product_cat":[2014],"product_tag":[3397,3398,3396,3400,3410,3399,3406,3413,3401,3412,3402,3405,3408,3414,3407,3411,3404,3409,3403],"class_list":{"0":"post-5638","1":"product","2":"type-product","3":"status-publish","4":"has-post-thumbnail","6":"product_cat-cumprare-cercetare-chimice","7":"product_tag-best-sextacy-bath-salt","8":"product_tag-buy-sextacy-bath-salt","9":"product_tag-cel-mai-bun-loc-de-cumprare-sextacy-sare-de-baie","10":"product_tag-ordin-sextacie-sare-de-baie","11":"product_tag-sextacy-baie-sare-ordine","12":"product_tag-cumpr-sextacy-sruri-de-baie-uk","13":"product_tag-sextacy-baie-sare-efect","14":"product_tag-sextacy-furnizor-sare-de-baie","15":"product_tag-revand-sextacy-sare-de-baie","16":"product_tag-sextacy-sare-de-baie-vnzare","17":"product_tag-sextacy-sare-de-baie","18":"product_tag-sextacy-bath-sare-china","19":"product_tag-sextacy-sare-de-baie-de-vanzare","20":"product_tag-sextacy-sare-de-baie-en-gros","21":"product_tag-sextacy-sare-de-baie-europe","22":"product_tag-sextacy-bath-salt-reddit","23":"product_tag-sextacy-bath-salt-buy","24":"product_tag-sextacy-sare-de-baie-online","25":"product_tag-sextacy-sare-de-baie-alibaba","27":"first","28":"instock","29":"shipping-taxable","30":"purchasable","31":"product-type-variable"},"yoast_head":"<!-- This site is optimized with the Yoast SEO plugin v27.3 - https:\/\/yoast.com\/product\/yoast-seo-wordpress\/ -->\n<title>Cump\u0103ra\u021bi Sextacy Bath Salt - Sextacy Bath Salt - Cele mai bune medicamente globale<\/title>\n<meta name=\"description\" content=\"Cump\u0103ra\u021bi sare de baie Sextacy de v\u00e2nzare Marea Britanie, Europa \u00een magazinul nostru online Bestglobalmeds.com cu livrare rapid\u0103 \u00een toat\u0103 lumea! Cea mai bun\u0103 sare de baie Sextacy pentru comand\u0103 o ve\u021bi g\u0103si!\" \/>\n<meta name=\"robots\" content=\"index, follow, max-snippet:-1, max-image-preview:large, max-video-preview:-1\" \/>\n<link rel=\"canonical\" href=\"https:\/\/medicinasinc.com\/ro\/product\/cumpara-sextacy-sare-de-baie\/\" \/>\n<meta property=\"og:locale\" content=\"en_US\" \/>\n<meta property=\"og:type\" content=\"article\" \/>\n<meta property=\"og:title\" content=\"Cump\u0103ra\u021bi Sextacy Bath Salt - Sextacy Bath Salt - Cele mai bune medicamente globale\" \/>\n<meta property=\"og:description\" content=\"Cump\u0103ra\u021bi sare de baie Sextacy de v\u00e2nzare Marea Britanie, Europa \u00een magazinul nostru online Bestglobalmeds.com cu livrare rapid\u0103 \u00een toat\u0103 lumea! Cea mai bun\u0103 sare de baie Sextacy pentru comand\u0103 o ve\u021bi g\u0103si!\" \/>\n<meta property=\"og:url\" content=\"https:\/\/medicinasinc.com\/ro\/product\/cumpara-sextacy-sare-de-baie\/\" \/>\n<meta property=\"og:site_name\" content=\"Medicinas Inc\" \/>\n<meta property=\"article:modified_time\" content=\"2022-03-22T00:52:36+00:00\" \/>\n<meta property=\"og:image\" content=\"https:\/\/medicinasinc.com\/ro\/wp-content\/uploads\/sites\/11\/2022\/02\/Buy-Sextacy-Bath-Salt.jpg\" \/>\n\t<meta property=\"og:image:width\" content=\"600\" \/>\n\t<meta property=\"og:image:height\" content=\"600\" \/>\n\t<meta property=\"og:image:type\" content=\"image\/jpeg\" \/>\n<meta name=\"twitter:card\" content=\"summary_large_image\" \/>\n<meta name=\"twitter:label1\" content=\"Est. reading time\" \/>\n\t<meta name=\"twitter:data1\" content=\"2 minutes\" \/>\n<script type=\"application\/ld+json\" class=\"yoast-schema-graph\">{\"@context\":\"https:\\\/\\\/schema.org\",\"@graph\":[{\"@type\":\"WebPage\",\"@id\":\"https:\\\/\\\/medicinasinc.com\\\/ro\\\/product\\\/cumpara-sextacy-sare-de-baie\\\/\",\"url\":\"https:\\\/\\\/medicinasinc.com\\\/ro\\\/product\\\/cumpara-sextacy-sare-de-baie\\\/\",\"name\":\"Cump\u0103ra\u021bi Sextacy Bath Salt - Sextacy Bath Salt - Cele mai bune medicamente globale\",\"isPartOf\":{\"@id\":\"https:\\\/\\\/medicinasinc.com\\\/ro\\\/#website\"},\"primaryImageOfPage\":{\"@id\":\"https:\\\/\\\/medicinasinc.com\\\/ro\\\/product\\\/cumpara-sextacy-sare-de-baie\\\/#primaryimage\"},\"image\":{\"@id\":\"https:\\\/\\\/medicinasinc.com\\\/ro\\\/product\\\/cumpara-sextacy-sare-de-baie\\\/#primaryimage\"},\"thumbnailUrl\":\"https:\\\/\\\/medicinasinc.com\\\/ro\\\/wp-content\\\/uploads\\\/sites\\\/11\\\/2022\\\/02\\\/Buy-Sextacy-Bath-Salt.jpg\",\"datePublished\":\"2022-02-22T03:11:29+00:00\",\"dateModified\":\"2022-03-22T00:52:36+00:00\",\"description\":\"Cump\u0103ra\u021bi sare de baie Sextacy de v\u00e2nzare Marea Britanie, Europa \u00een magazinul nostru online Bestglobalmeds.com cu livrare rapid\u0103 \u00een toat\u0103 lumea! Cea mai bun\u0103 sare de baie Sextacy pentru comand\u0103 o ve\u021bi g\u0103si!\",\"breadcrumb\":{\"@id\":\"https:\\\/\\\/medicinasinc.com\\\/ro\\\/product\\\/cumpara-sextacy-sare-de-baie\\\/#breadcrumb\"},\"inLanguage\":\"en-US\",\"potentialAction\":[{\"@type\":\"ReadAction\",\"target\":[\"https:\\\/\\\/medicinasinc.com\\\/ro\\\/product\\\/cumpara-sextacy-sare-de-baie\\\/\"]}]},{\"@type\":\"ImageObject\",\"inLanguage\":\"en-US\",\"@id\":\"https:\\\/\\\/medicinasinc.com\\\/ro\\\/product\\\/cumpara-sextacy-sare-de-baie\\\/#primaryimage\",\"url\":\"https:\\\/\\\/medicinasinc.com\\\/ro\\\/wp-content\\\/uploads\\\/sites\\\/11\\\/2022\\\/02\\\/Buy-Sextacy-Bath-Salt.jpg\",\"contentUrl\":\"https:\\\/\\\/medicinasinc.com\\\/ro\\\/wp-content\\\/uploads\\\/sites\\\/11\\\/2022\\\/02\\\/Buy-Sextacy-Bath-Salt.jpg\",\"width\":600,\"height\":600},{\"@type\":\"BreadcrumbList\",\"@id\":\"https:\\\/\\\/medicinasinc.com\\\/ro\\\/product\\\/cumpara-sextacy-sare-de-baie\\\/#breadcrumb\",\"itemListElement\":[{\"@type\":\"ListItem\",\"position\":1,\"name\":\"Magazin\",\"item\":\"https:\\\/\\\/medicinasinc.com\\\/ro\\\/magazin\\\/\"},{\"@type\":\"ListItem\",\"position\":2,\"name\":\"Cump\u0103ra\u021bi Sare de baie Sextacy\"}]},{\"@type\":\"WebSite\",\"@id\":\"https:\\\/\\\/medicinasinc.com\\\/ro\\\/#website\",\"url\":\"https:\\\/\\\/medicinasinc.com\\\/ro\\\/\",\"name\":\"Medicinas Inc\",\"description\":\"Health Medical Clinic\",\"potentialAction\":[{\"@type\":\"SearchAction\",\"target\":{\"@type\":\"EntryPoint\",\"urlTemplate\":\"https:\\\/\\\/medicinasinc.com\\\/ro\\\/?s={search_term_string}\"},\"query-input\":{\"@type\":\"PropertyValueSpecification\",\"valueRequired\":true,\"valueName\":\"search_term_string\"}}],\"inLanguage\":\"en-US\"}]}<\/script>\n<!-- \/ Yoast SEO plugin. -->","yoast_head_json":{"title":"Cump\u0103ra\u021bi Sextacy Bath Salt - Sextacy Bath Salt - Cele mai bune medicamente globale","description":"Cump\u0103ra\u021bi sare de baie Sextacy de v\u00e2nzare Marea Britanie, Europa \u00een magazinul nostru online Bestglobalmeds.com cu livrare rapid\u0103 \u00een toat\u0103 lumea! Cea mai bun\u0103 sare de baie Sextacy pentru comand\u0103 o ve\u021bi g\u0103si!","robots":{"index":"index","follow":"follow","max-snippet":"max-snippet:-1","max-image-preview":"max-image-preview:large","max-video-preview":"max-video-preview:-1"},"canonical":"https:\/\/medicinasinc.com\/ro\/product\/cumpara-sextacy-sare-de-baie\/","og_locale":"en_US","og_type":"article","og_title":"Cump\u0103ra\u021bi Sextacy Bath Salt - Sextacy Bath Salt - Cele mai bune medicamente globale","og_description":"Cump\u0103ra\u021bi sare de baie Sextacy de v\u00e2nzare Marea Britanie, Europa \u00een magazinul nostru online Bestglobalmeds.com cu livrare rapid\u0103 \u00een toat\u0103 lumea! Cea mai bun\u0103 sare de baie Sextacy pentru comand\u0103 o ve\u021bi g\u0103si!","og_url":"https:\/\/medicinasinc.com\/ro\/product\/cumpara-sextacy-sare-de-baie\/","og_site_name":"Medicinas Inc","article_modified_time":"2022-03-22T00:52:36+00:00","og_image":[{"width":600,"height":600,"url":"https:\/\/medicinasinc.com\/ro\/wp-content\/uploads\/sites\/11\/2022\/02\/Buy-Sextacy-Bath-Salt.jpg","type":"image\/jpeg"}],"twitter_card":"summary_large_image","twitter_misc":{"Est. reading time":"2 minutes"},"schema":{"@context":"https:\/\/schema.org","@graph":[{"@type":"WebPage","@id":"https:\/\/medicinasinc.com\/ro\/product\/cumpara-sextacy-sare-de-baie\/","url":"https:\/\/medicinasinc.com\/ro\/product\/cumpara-sextacy-sare-de-baie\/","name":"Cump\u0103ra\u021bi Sextacy Bath Salt - Sextacy Bath Salt - Cele mai bune medicamente globale","isPartOf":{"@id":"https:\/\/medicinasinc.com\/ro\/#website"},"primaryImageOfPage":{"@id":"https:\/\/medicinasinc.com\/ro\/product\/cumpara-sextacy-sare-de-baie\/#primaryimage"},"image":{"@id":"https:\/\/medicinasinc.com\/ro\/product\/cumpara-sextacy-sare-de-baie\/#primaryimage"},"thumbnailUrl":"https:\/\/medicinasinc.com\/ro\/wp-content\/uploads\/sites\/11\/2022\/02\/Buy-Sextacy-Bath-Salt.jpg","datePublished":"2022-02-22T03:11:29+00:00","dateModified":"2022-03-22T00:52:36+00:00","description":"Cump\u0103ra\u021bi sare de baie Sextacy de v\u00e2nzare Marea Britanie, Europa \u00een magazinul nostru online Bestglobalmeds.com cu livrare rapid\u0103 \u00een toat\u0103 lumea! Cea mai bun\u0103 sare de baie Sextacy pentru comand\u0103 o ve\u021bi g\u0103si!","breadcrumb":{"@id":"https:\/\/medicinasinc.com\/ro\/product\/cumpara-sextacy-sare-de-baie\/#breadcrumb"},"inLanguage":"en-US","potentialAction":[{"@type":"ReadAction","target":["https:\/\/medicinasinc.com\/ro\/product\/cumpara-sextacy-sare-de-baie\/"]}]},{"@type":"ImageObject","inLanguage":"en-US","@id":"https:\/\/medicinasinc.com\/ro\/product\/cumpara-sextacy-sare-de-baie\/#primaryimage","url":"https:\/\/medicinasinc.com\/ro\/wp-content\/uploads\/sites\/11\/2022\/02\/Buy-Sextacy-Bath-Salt.jpg","contentUrl":"https:\/\/medicinasinc.com\/ro\/wp-content\/uploads\/sites\/11\/2022\/02\/Buy-Sextacy-Bath-Salt.jpg","width":600,"height":600},{"@type":"BreadcrumbList","@id":"https:\/\/medicinasinc.com\/ro\/product\/cumpara-sextacy-sare-de-baie\/#breadcrumb","itemListElement":[{"@type":"ListItem","position":1,"name":"Magazin","item":"https:\/\/medicinasinc.com\/ro\/magazin\/"},{"@type":"ListItem","position":2,"name":"Cump\u0103ra\u021bi Sare de baie Sextacy"}]},{"@type":"WebSite","@id":"https:\/\/medicinasinc.com\/ro\/#website","url":"https:\/\/medicinasinc.com\/ro\/","name":"Medicinas Inc","description":"Health Medical Clinic","potentialAction":[{"@type":"SearchAction","target":{"@type":"EntryPoint","urlTemplate":"https:\/\/medicinasinc.com\/ro\/?s={search_term_string}"},"query-input":{"@type":"PropertyValueSpecification","valueRequired":true,"valueName":"search_term_string"}}],"inLanguage":"en-US"}]}},"_links":{"self":[{"href":"https:\/\/medicinasinc.com\/ro\/wp-json\/wp\/v2\/product\/5638","targetHints":{"allow":["GET"]}}],"collection":[{"href":"https:\/\/medicinasinc.com\/ro\/wp-json\/wp\/v2\/product"}],"about":[{"href":"https:\/\/medicinasinc.com\/ro\/wp-json\/wp\/v2\/types\/product"}],"replies":[{"embeddable":true,"href":"https:\/\/medicinasinc.com\/ro\/wp-json\/wp\/v2\/comments?post=5638"}],"wp:featuredmedia":[{"embeddable":true,"href":"https:\/\/medicinasinc.com\/ro\/wp-json\/wp\/v2\/media\/5650"}],"wp:attachment":[{"href":"https:\/\/medicinasinc.com\/ro\/wp-json\/wp\/v2\/media?parent=5638"}],"wp:term":[{"taxonomy":"product_brand","embeddable":true,"href":"https:\/\/medicinasinc.com\/ro\/wp-json\/wp\/v2\/product_brand?post=5638"},{"taxonomy":"product_cat","embeddable":true,"href":"https:\/\/medicinasinc.com\/ro\/wp-json\/wp\/v2\/product_cat?post=5638"},{"taxonomy":"product_tag","embeddable":true,"href":"https:\/\/medicinasinc.com\/ro\/wp-json\/wp\/v2\/product_tag?post=5638"}],"curies":[{"name":"wp","href":"https:\/\/api.w.org\/{rel}","templated":true}]}}