{"id":5637,"date":"2022-02-22T03:10:06","date_gmt":"2022-02-22T03:10:06","guid":{"rendered":"https:\/\/medicinasinc.com\/ro\/?post_type=product&#038;p=5637"},"modified":"2022-03-22T00:52:49","modified_gmt":"2022-03-22T00:52:49","slug":"cumpara-sclipire-sare-de-baie","status":"publish","type":"product","link":"https:\/\/medicinasinc.com\/ro\/product\/cumpara-sclipire-sare-de-baie\/","title":{"rendered":"Cump\u0103ra\u021bi Sare de baie Sparkle"},"content":{"rendered":"<p>Detalii despre produs<\/p>\n<p>Atunci c\u00e2nd folosi\u021bi S\u0102RURILE DE BAIE SCUMANTE, v\u0103 pute\u021bi face timpul \u00een cad\u0103 mai pl\u0103cut. Acest aditiv premium pentru baie are s\u0103ruri de la mare moart\u0103 \u0219i s\u0103ruri Epsom care ajut\u0103 organismul s\u0103 scape de toxine. Laptele praf de cocos, proteinele din ov\u0103z \u0219i argila caolin\u0103 \u00eenmoaie \u0219i hr\u0103nesc pielea. Uleiurile de eucalipt, ienup\u0103r \u0219i lev\u0103n\u021bic\u0103 \u00eei ajut\u0103 pe oameni s\u0103 se relaxeze, s\u0103 doarm\u0103 mai bine \u0219i s\u0103 beneficieze de aromoterapie.<\/p>\n<p>S\u0102RURILE DE BAI SCUMANTE vin \u00eentr-o caraf\u0103 de sticl\u0103 de 10 oz, f\u0103cut\u0103 la comand\u0103, care este \u00eenvelit\u0103 \u00een iarb\u0103 de mare. Interiorul capacului este folosit pentru m\u0103surarea s\u0103rurilor.<\/p>\n<p>PUS\u021aA DE REUMPLARE ZERO WASTE este realizat\u0103 din h\u00e2rtie care poate fi compostat\u0103 acas\u0103. Este r\u0103spunsul nostru la pungile de sare de baie din plastic de unic\u0103 folosin\u021b\u0103 pe care le f\u0103ceam \u00eenainte. Dac\u0103 o pung\u0103 are certificarea OK HOME din Austria, \u00eenseamn\u0103 c\u0103 se va descompune complet \u00een gr\u0103mada de compost din gr\u0103din\u0103. Punga ZERO WASTE REFILL are 10 oz de sare \u00een ea.<\/p>\n<p>Cum se folose\u0219te<\/p>\n<p>Toarn\u0103 2-3 p\u00e2n\u0103 la trei capace \u00eentr-o can\u0103 de ap\u0103 cald\u0103 cu capacul pe interior. scopul. V\u0103 pute\u021bi da seama c\u00e2nd este timpul s\u0103 v\u0103 intra\u021bi \u00een corpul prin bulele bl\u00e2nde \u0219i pu\u021bin\u0103 sclipire.<\/p>\n<p>Dup\u0103 o baie, nu este nevoie s\u0103 v\u0103 cl\u0103ti\u021bi. \u00ce\u021bi po\u021bi bate corpul cu un prosop. Continua\u021bi cu ulei de corp pentru a men\u021bine umiditatea.<\/p>\n<p>Ingrediente<\/p>\n<p>Sulfat de magneziu, extract de Cocos Nucifera, argil\u0103 de caolin, pudr\u0103 de mica \u0219i sodiu sunt c\u00e2teva dintre ingredientele din Maris Sal. , care este cunoscut\u0103 \u0219i sub denumirea de Sare de la Marea Moart\u0103 sau Sare de mare.<\/p>\n<p>Proteina hidratat\u0103 de ov\u0103z (proteina de ov\u0103z) \u0219i bicarbonat<\/p>\n<p>PUDR\u0102: Argint coloidal, extract de fructe de Vaccinium angustifolium (extract de afine), Coco-Glucozid, ulei de frunze de Eucalyptus globulus, ulei de flori de Lavandula angustifolia, ulei de lemn de Juniperus communis \u0219i ulei de flori de Lavandula angustifolia (ulei esen\u021bial de ienup\u0103r)<\/p>\n<div class=\"product-next-previous\">\n<div class=\" product-prev\"><\/div><\/div>\n","protected":false},"excerpt":{"rendered":"<p>Pute\u021bi cump\u0103ra sare de baie str\u0103lucitoare pentru v\u00e2nzare \u00een Regatul Unit, UE \u0219i Australia. Oamenii care cump\u0103r\u0103 de la noi pot fi siguri c\u0103 vor primi ceea ce pl\u0103tesc. La cele mai bune pre\u021buri, cump\u0103ra\u021bi acum Sparkle Bath Salt!<\/p>\n<p>Asigura\u021bi-v\u0103 c\u0103 cump\u0103ra\u021bi JENAM LIVE LOVE SPARKLE BATH SALT CUP la cel mai bun pre\u021b online, at\u00e2t \u00een \u200b\u200b\u021a\u0103rile de Jos, c\u00e2t \u0219i \u00een SUA. Cump\u0103ra\u021bi ceva de la Best Global Meds acum. Au pre\u021buri grozave!<\/p>\n<p>Sare de baie concentrat\u0103 de la cele mai bune m\u0103rci. Un must-have pentru orice observator al stelelor. Te vei sim\u021bi la fel de str\u0103lucitor ca stelele.<\/p>\n","protected":false},"featured_media":5648,"comment_status":"open","ping_status":"closed","template":"","meta":[],"product_brand":[],"product_cat":[610,2014],"product_tag":[3383,3388,3380,3381,3382,3395,3394,3385,3384,3392,3386,3389,3391,3393,3387,3390],"class_list":{"0":"post-5637","1":"product","2":"type-product","3":"status-publish","4":"has-post-thumbnail","6":"product_cat-cumparati-hasis-hasis","7":"product_cat-cumprare-cercetare-chimice","8":"product_tag-comanda-sclipire-sare-de-baie","9":"product_tag-scnteie-baie-sare-ordine","10":"product_tag-cumpara-sclipire-sare-de-baie","11":"product_tag-buy-sparkle-sare-de-baie-europe","12":"product_tag-buy-sparkle-sare-de-baie-uk","13":"product_tag-unde-a-comanda-sare-de-baie","14":"product_tag-de-unde-sare-de-baie-sclipitoare-de-cumprare","15":"product_tag-sclipire-baie-efect-sare","16":"product_tag-sclipire-sare-de-baie-cumprare","17":"product_tag-scnteie-sare-de-baie-vnzare","18":"product_tag-sclipire-sare-de-baie-germania","19":"product_tag-sclipire-sare-de-baie-polonia","20":"product_tag-scnteie-sare-de-baie-reddit","21":"product_tag-sclipire-sare-de-baie-suedia","22":"product_tag-sparkle-sare-de-baie-online","23":"product_tag-sparkle-bath-salt-purchase","25":"first","26":"instock","27":"shipping-taxable","28":"purchasable","29":"product-type-variable","30":"has-default-attributes"},"yoast_head":"<!-- This site is optimized with the Yoast SEO plugin v27.3 - https:\/\/yoast.com\/product\/yoast-seo-wordpress\/ -->\n<title>Cump\u0103ra\u021bi Sparkle Bath Salt - Sparkle Bath Salt - Cele mai bune medicamente globale<\/title>\n<meta name=\"description\" content=\"Cump\u0103ra\u021bi sare de baie Sparkle de v\u00e2nzare \u00een Marea Britanie, Europa, AU. oferim cea mai fiabil\u0103 tranzac\u021bie \u0219i vindem la pre\u021buri foarte accesibile. Comanda acum Sare de baie Sparkle la cele mai bune preturi\" \/>\n<meta name=\"robots\" content=\"index, follow, max-snippet:-1, max-image-preview:large, max-video-preview:-1\" \/>\n<link rel=\"canonical\" href=\"https:\/\/medicinasinc.com\/ro\/product\/cumpara-sclipire-sare-de-baie\/\" \/>\n<meta property=\"og:locale\" content=\"en_US\" \/>\n<meta property=\"og:type\" content=\"article\" \/>\n<meta property=\"og:title\" content=\"Cump\u0103ra\u021bi Sparkle Bath Salt - Sparkle Bath Salt - Cele mai bune medicamente globale\" \/>\n<meta property=\"og:description\" content=\"Cump\u0103ra\u021bi sare de baie Sparkle de v\u00e2nzare \u00een Marea Britanie, Europa, AU. oferim cea mai fiabil\u0103 tranzac\u021bie \u0219i vindem la pre\u021buri foarte accesibile. Comanda acum Sare de baie Sparkle la cele mai bune preturi\" \/>\n<meta property=\"og:url\" content=\"https:\/\/medicinasinc.com\/ro\/product\/cumpara-sclipire-sare-de-baie\/\" \/>\n<meta property=\"og:site_name\" content=\"Medicinas Inc\" \/>\n<meta property=\"article:modified_time\" content=\"2022-03-22T00:52:49+00:00\" \/>\n<meta property=\"og:image\" content=\"https:\/\/medicinasinc.com\/ro\/wp-content\/uploads\/sites\/11\/2022\/02\/Buy-Sparkle-Bath-Salt.jpg\" \/>\n\t<meta property=\"og:image:width\" content=\"750\" \/>\n\t<meta property=\"og:image:height\" content=\"750\" \/>\n\t<meta property=\"og:image:type\" content=\"image\/jpeg\" \/>\n<meta name=\"twitter:card\" content=\"summary_large_image\" \/>\n<meta name=\"twitter:label1\" content=\"Est. reading time\" \/>\n\t<meta name=\"twitter:data1\" content=\"2 minutes\" \/>\n<script type=\"application\/ld+json\" class=\"yoast-schema-graph\">{\"@context\":\"https:\\\/\\\/schema.org\",\"@graph\":[{\"@type\":\"WebPage\",\"@id\":\"https:\\\/\\\/medicinasinc.com\\\/ro\\\/product\\\/cumpara-sclipire-sare-de-baie\\\/\",\"url\":\"https:\\\/\\\/medicinasinc.com\\\/ro\\\/product\\\/cumpara-sclipire-sare-de-baie\\\/\",\"name\":\"Cump\u0103ra\u021bi Sparkle Bath Salt - Sparkle Bath Salt - Cele mai bune medicamente globale\",\"isPartOf\":{\"@id\":\"https:\\\/\\\/medicinasinc.com\\\/ro\\\/#website\"},\"primaryImageOfPage\":{\"@id\":\"https:\\\/\\\/medicinasinc.com\\\/ro\\\/product\\\/cumpara-sclipire-sare-de-baie\\\/#primaryimage\"},\"image\":{\"@id\":\"https:\\\/\\\/medicinasinc.com\\\/ro\\\/product\\\/cumpara-sclipire-sare-de-baie\\\/#primaryimage\"},\"thumbnailUrl\":\"https:\\\/\\\/medicinasinc.com\\\/ro\\\/wp-content\\\/uploads\\\/sites\\\/11\\\/2022\\\/02\\\/Buy-Sparkle-Bath-Salt.jpg\",\"datePublished\":\"2022-02-22T03:10:06+00:00\",\"dateModified\":\"2022-03-22T00:52:49+00:00\",\"description\":\"Cump\u0103ra\u021bi sare de baie Sparkle de v\u00e2nzare \u00een Marea Britanie, Europa, AU. oferim cea mai fiabil\u0103 tranzac\u021bie \u0219i vindem la pre\u021buri foarte accesibile. Comanda acum Sare de baie Sparkle la cele mai bune preturi\",\"breadcrumb\":{\"@id\":\"https:\\\/\\\/medicinasinc.com\\\/ro\\\/product\\\/cumpara-sclipire-sare-de-baie\\\/#breadcrumb\"},\"inLanguage\":\"en-US\",\"potentialAction\":[{\"@type\":\"ReadAction\",\"target\":[\"https:\\\/\\\/medicinasinc.com\\\/ro\\\/product\\\/cumpara-sclipire-sare-de-baie\\\/\"]}]},{\"@type\":\"ImageObject\",\"inLanguage\":\"en-US\",\"@id\":\"https:\\\/\\\/medicinasinc.com\\\/ro\\\/product\\\/cumpara-sclipire-sare-de-baie\\\/#primaryimage\",\"url\":\"https:\\\/\\\/medicinasinc.com\\\/ro\\\/wp-content\\\/uploads\\\/sites\\\/11\\\/2022\\\/02\\\/Buy-Sparkle-Bath-Salt.jpg\",\"contentUrl\":\"https:\\\/\\\/medicinasinc.com\\\/ro\\\/wp-content\\\/uploads\\\/sites\\\/11\\\/2022\\\/02\\\/Buy-Sparkle-Bath-Salt.jpg\",\"width\":750,\"height\":750},{\"@type\":\"BreadcrumbList\",\"@id\":\"https:\\\/\\\/medicinasinc.com\\\/ro\\\/product\\\/cumpara-sclipire-sare-de-baie\\\/#breadcrumb\",\"itemListElement\":[{\"@type\":\"ListItem\",\"position\":1,\"name\":\"Magazin\",\"item\":\"https:\\\/\\\/medicinasinc.com\\\/ro\\\/magazin\\\/\"},{\"@type\":\"ListItem\",\"position\":2,\"name\":\"Cump\u0103ra\u021bi Sare de baie Sparkle\"}]},{\"@type\":\"WebSite\",\"@id\":\"https:\\\/\\\/medicinasinc.com\\\/ro\\\/#website\",\"url\":\"https:\\\/\\\/medicinasinc.com\\\/ro\\\/\",\"name\":\"Medicinas Inc\",\"description\":\"Health Medical Clinic\",\"potentialAction\":[{\"@type\":\"SearchAction\",\"target\":{\"@type\":\"EntryPoint\",\"urlTemplate\":\"https:\\\/\\\/medicinasinc.com\\\/ro\\\/?s={search_term_string}\"},\"query-input\":{\"@type\":\"PropertyValueSpecification\",\"valueRequired\":true,\"valueName\":\"search_term_string\"}}],\"inLanguage\":\"en-US\"}]}<\/script>\n<!-- \/ Yoast SEO plugin. -->","yoast_head_json":{"title":"Cump\u0103ra\u021bi Sparkle Bath Salt - Sparkle Bath Salt - Cele mai bune medicamente globale","description":"Cump\u0103ra\u021bi sare de baie Sparkle de v\u00e2nzare \u00een Marea Britanie, Europa, AU. oferim cea mai fiabil\u0103 tranzac\u021bie \u0219i vindem la pre\u021buri foarte accesibile. Comanda acum Sare de baie Sparkle la cele mai bune preturi","robots":{"index":"index","follow":"follow","max-snippet":"max-snippet:-1","max-image-preview":"max-image-preview:large","max-video-preview":"max-video-preview:-1"},"canonical":"https:\/\/medicinasinc.com\/ro\/product\/cumpara-sclipire-sare-de-baie\/","og_locale":"en_US","og_type":"article","og_title":"Cump\u0103ra\u021bi Sparkle Bath Salt - Sparkle Bath Salt - Cele mai bune medicamente globale","og_description":"Cump\u0103ra\u021bi sare de baie Sparkle de v\u00e2nzare \u00een Marea Britanie, Europa, AU. oferim cea mai fiabil\u0103 tranzac\u021bie \u0219i vindem la pre\u021buri foarte accesibile. Comanda acum Sare de baie Sparkle la cele mai bune preturi","og_url":"https:\/\/medicinasinc.com\/ro\/product\/cumpara-sclipire-sare-de-baie\/","og_site_name":"Medicinas Inc","article_modified_time":"2022-03-22T00:52:49+00:00","og_image":[{"width":750,"height":750,"url":"https:\/\/medicinasinc.com\/ro\/wp-content\/uploads\/sites\/11\/2022\/02\/Buy-Sparkle-Bath-Salt.jpg","type":"image\/jpeg"}],"twitter_card":"summary_large_image","twitter_misc":{"Est. reading time":"2 minutes"},"schema":{"@context":"https:\/\/schema.org","@graph":[{"@type":"WebPage","@id":"https:\/\/medicinasinc.com\/ro\/product\/cumpara-sclipire-sare-de-baie\/","url":"https:\/\/medicinasinc.com\/ro\/product\/cumpara-sclipire-sare-de-baie\/","name":"Cump\u0103ra\u021bi Sparkle Bath Salt - Sparkle Bath Salt - Cele mai bune medicamente globale","isPartOf":{"@id":"https:\/\/medicinasinc.com\/ro\/#website"},"primaryImageOfPage":{"@id":"https:\/\/medicinasinc.com\/ro\/product\/cumpara-sclipire-sare-de-baie\/#primaryimage"},"image":{"@id":"https:\/\/medicinasinc.com\/ro\/product\/cumpara-sclipire-sare-de-baie\/#primaryimage"},"thumbnailUrl":"https:\/\/medicinasinc.com\/ro\/wp-content\/uploads\/sites\/11\/2022\/02\/Buy-Sparkle-Bath-Salt.jpg","datePublished":"2022-02-22T03:10:06+00:00","dateModified":"2022-03-22T00:52:49+00:00","description":"Cump\u0103ra\u021bi sare de baie Sparkle de v\u00e2nzare \u00een Marea Britanie, Europa, AU. oferim cea mai fiabil\u0103 tranzac\u021bie \u0219i vindem la pre\u021buri foarte accesibile. Comanda acum Sare de baie Sparkle la cele mai bune preturi","breadcrumb":{"@id":"https:\/\/medicinasinc.com\/ro\/product\/cumpara-sclipire-sare-de-baie\/#breadcrumb"},"inLanguage":"en-US","potentialAction":[{"@type":"ReadAction","target":["https:\/\/medicinasinc.com\/ro\/product\/cumpara-sclipire-sare-de-baie\/"]}]},{"@type":"ImageObject","inLanguage":"en-US","@id":"https:\/\/medicinasinc.com\/ro\/product\/cumpara-sclipire-sare-de-baie\/#primaryimage","url":"https:\/\/medicinasinc.com\/ro\/wp-content\/uploads\/sites\/11\/2022\/02\/Buy-Sparkle-Bath-Salt.jpg","contentUrl":"https:\/\/medicinasinc.com\/ro\/wp-content\/uploads\/sites\/11\/2022\/02\/Buy-Sparkle-Bath-Salt.jpg","width":750,"height":750},{"@type":"BreadcrumbList","@id":"https:\/\/medicinasinc.com\/ro\/product\/cumpara-sclipire-sare-de-baie\/#breadcrumb","itemListElement":[{"@type":"ListItem","position":1,"name":"Magazin","item":"https:\/\/medicinasinc.com\/ro\/magazin\/"},{"@type":"ListItem","position":2,"name":"Cump\u0103ra\u021bi Sare de baie Sparkle"}]},{"@type":"WebSite","@id":"https:\/\/medicinasinc.com\/ro\/#website","url":"https:\/\/medicinasinc.com\/ro\/","name":"Medicinas Inc","description":"Health Medical Clinic","potentialAction":[{"@type":"SearchAction","target":{"@type":"EntryPoint","urlTemplate":"https:\/\/medicinasinc.com\/ro\/?s={search_term_string}"},"query-input":{"@type":"PropertyValueSpecification","valueRequired":true,"valueName":"search_term_string"}}],"inLanguage":"en-US"}]}},"_links":{"self":[{"href":"https:\/\/medicinasinc.com\/ro\/wp-json\/wp\/v2\/product\/5637","targetHints":{"allow":["GET"]}}],"collection":[{"href":"https:\/\/medicinasinc.com\/ro\/wp-json\/wp\/v2\/product"}],"about":[{"href":"https:\/\/medicinasinc.com\/ro\/wp-json\/wp\/v2\/types\/product"}],"replies":[{"embeddable":true,"href":"https:\/\/medicinasinc.com\/ro\/wp-json\/wp\/v2\/comments?post=5637"}],"wp:featuredmedia":[{"embeddable":true,"href":"https:\/\/medicinasinc.com\/ro\/wp-json\/wp\/v2\/media\/5648"}],"wp:attachment":[{"href":"https:\/\/medicinasinc.com\/ro\/wp-json\/wp\/v2\/media?parent=5637"}],"wp:term":[{"taxonomy":"product_brand","embeddable":true,"href":"https:\/\/medicinasinc.com\/ro\/wp-json\/wp\/v2\/product_brand?post=5637"},{"taxonomy":"product_cat","embeddable":true,"href":"https:\/\/medicinasinc.com\/ro\/wp-json\/wp\/v2\/product_cat?post=5637"},{"taxonomy":"product_tag","embeddable":true,"href":"https:\/\/medicinasinc.com\/ro\/wp-json\/wp\/v2\/product_tag?post=5637"}],"curies":[{"name":"wp","href":"https:\/\/api.w.org\/{rel}","templated":true}]}}