{"id":5636,"date":"2022-02-22T03:08:33","date_gmt":"2022-02-22T03:08:33","guid":{"rendered":"https:\/\/medicinasinc.com\/ro\/?post_type=product&#038;p=5636"},"modified":"2022-03-22T00:52:57","modified_gmt":"2022-03-22T00:52:57","slug":"cumpara-sintacaina-pulbere","status":"publish","type":"product","link":"https:\/\/medicinasinc.com\/ro\/product\/cumpara-sintacaina-pulbere\/","title":{"rendered":"Cump\u0103ra\u021bi pulbere de sintacain\u0103"},"content":{"rendered":"<p>CUMP\u0102R\u0102 PULBER\u0102 DE SINTHACAIN\u0102 PENTRU A UTILIZA<br \/> Pudra de sintacain\u0103 este o substan\u021b\u0103 chimic\u0103 de cercetare care este v\u00e2ndut\u0103 de un angrosist.<br \/> C\u00e2nd efectua\u021bi check-out, pute\u021bi alege s\u0103 pl\u0103ti\u021bi prin transfer bancar sau cu bitcoins.<br \/> V\u0103 rug\u0103m s\u0103 re\u021bine\u021bi c\u0103 sunte\u021bi acoperit numai dac\u0103 pachetul dvs. este pierdut. Dac\u0103 utiliza\u021bi un serviciu Tracked Insured \u0219i pachetul dvs. este pierdut, vi-l vom trimite \u00eenapoi gratuit.<br \/> V\u0103 rug\u0103m s\u0103 verifica\u021bi cu legile din \u021bara dvs. privind importul de substan\u021be chimice.<br \/> Comenzi pentru bitcoini care sunt plasate de luni p\u00e2n\u0103 vineri p\u00e2n\u0103 la ora 15:30 vor fi expediate \u00een aceea\u0219i zi \u00een care sunt plasate.<\/p>\n<p>C\u00e2nd Synthacaine a fost folosit\u0103 pentru prima dat\u0103 \u00een cercetare, avea o reputa\u021bie proast\u0103. Acest lucru se datoreaz\u0103 \u00een mare parte faptului c\u0103 multe companii vindeau mostre de calitate sc\u0103zut\u0103. Totu\u0219i, nu aici la Highstore.net!<\/p>\n<p>Colabor\u0103m cu un laborator bun pentru a ne asigura c\u0103 toat\u0103 sintacaina pe care o producem este pur\u0103 \u00een propor\u021bie de cel pu\u021bin 98%. Nu oferim re\u021beta exact\u0103 pentru acest produs, deoarece este un amestec secret.<\/p>\n<p>Exist\u0103 o bun\u0103 reputa\u021bie pentru sintacaina Gr8 Research Chems. Suntem bucuro\u0219i s\u0103 spunem c\u0103 stocul nostru provine din aceea\u0219i surs\u0103.<\/p>\n<p>\u00cenc\u0103 nu \u0219tim multe despre aceast\u0103 substan\u021b\u0103 chimic\u0103, dar p\u00e2n\u0103 acum, testele arat\u0103 c\u0103 poate face oamenii s\u0103 se simt\u0103 ferici\u021bi foarte repede .<\/p>\n<p>Poate fi, de asemenea, un stimulent, a\u0219a c\u0103 este important ca cercet\u0103torii s\u0103 ia m\u0103suri pentru a se \u021bine departe de el \u0219i s\u0103 testeze doar dou\u0103 loturi dintr-o dat\u0103.<\/p>\n<p>Sustan\u021bele chimice pe care le vindem nu sunt aprobate pentru niciun tip de cercetare in vivo (adic\u0103 nu pe oameni sau animale) sau studii clinice, a\u0219a c\u0103 dac\u0103 sunt ingerate accidental, ar trebui s\u0103 ob\u021bine\u021bi imediat ajutor medical. Acest lucru este valabil pentru toate substan\u021bele chimice pe care le vindem. V\u0103 rug\u0103m s\u0103 urma\u021bi regulile standard de siguran\u021b\u0103 de laborator, cum ar fi purtarea unei protec\u021bii adecvate pentru piele, ochi \u0219i \u00eembr\u0103c\u0103minte.<\/p>\n<p>Dac\u0103 o m\u00e2nca\u021bi, ar trebui s\u0103 ob\u021bine\u021bi imediat asisten\u021b\u0103 medical\u0103.<\/p>\n<p>Oamenii pot cump\u0103ra acest produs \u00een cantit\u0103\u021bi de 500 mg \u0219i 1 gram. \u00cel pot cump\u0103ra \u0219i \u00een cantit\u0103\u021bi de 500 mg \u0219i 2 grame.<\/p>\n<p>Trebuie s\u0103 aib\u0103 peste 18 ani \u0219i s\u0103 nu fie consumat de oameni.<\/p>\n","protected":false},"excerpt":{"rendered":"<div class=\"woocommerce-product-details__short-description\">\n<p>Pute\u021bi cump\u0103ra Synthacaine Powder din magazinul nostru online Best Global Meds din Marea Britanie, Europa, Asia, China \u0219i o pute\u021bi livra rapid \u00een toat\u0103 lumea! Aici ve\u021bi g\u0103si cea mai bun\u0103 sintacain\u0103 de cump\u0103rat.<\/p>\n<p>Pulbere de sintacain\u0103: Cump\u0103ra\u021bi pulbere de sintacain\u0103, angrosist chimic de cercetare pentru pulbere de sintacain\u0103. C\u00e2nd face\u021bi check-out, pute\u021bi alege s\u0103 pl\u0103ti\u021bi prin transfer bancar sau cu bitcoins.<\/p>\n<p>Synthacaine pentru a cump\u0103ra online Synthacaine poate fi cump\u0103rat de la magazinele de produse chimice online. Le pute\u021bi g\u0103si. Magazinele online de produse chimice sunt cel mai bun loc pentru a cump\u0103ra substan\u021be chimice de cercetare, deoarece le pute\u021bi cump\u0103ra acolo.<\/p>\n<p>Ce este Synthacaine? Unde pot s\u0103-l cump\u0103r? Best Global Meds este unul dintre cele mai bune locuri pentru a cump\u0103ra Synthacaine online. De v\u00e2nzare: avem Synthacaine de \u00eenalt\u0103 calitate de v\u00e2nzare.<\/p>\n<p>Cump\u0103ra\u021bi pulbere de Synthacaine la un pre\u021b mic online.<\/p>\n<p>Synthacaine este 99,8% pur\u0103. Sintacaina este folosit\u0103 \u00een cercetare. La 100 mg, este foarte puternic.<\/p>\n<\/p><\/div>\n","protected":false},"featured_media":5646,"comment_status":"open","ping_status":"closed","template":"","meta":[],"product_brand":[],"product_cat":[2014],"product_tag":[3361,3362,3367,3364,3374,3363,3360,3359,3379,3371,3365,3368,3369,3372,3373,3375,3366,3378,3376,3370,3377],"class_list":{"0":"post-5636","1":"product","2":"type-product","3":"status-publish","4":"has-post-thumbnail","6":"product_cat-cumprare-cercetare-chimice","7":"product_tag-buy-synthacaine-powder","8":"product_tag-buy-synthacaine-powder-uk","9":"product_tag-cercetare-chimice-online","10":"product_tag-cercetare-chim-sintacaina-pulbere","11":"product_tag-comand-pulbere-de-sintacain","12":"product_tag-comanda-sintacaina-pulbere-europa","13":"product_tag-cumprai-cercetare-chimic-sintacain-pulbere-online","14":"product_tag-cumpara-cercetare-chimica-sintacaina-pulbere","15":"product_tag-de-unde-s-cumpr-pudr-de-sintacain","16":"product_tag-sintacaina-efect-de-pulbere","17":"product_tag-pulbere-sintacain-de-cercetare-chimic-nou-eliberare","18":"product_tag-sintacain-pulbere","19":"product_tag-sintacaina-pudra-cumpara","20":"product_tag-pulbere-sintacain-de-vnzare","21":"product_tag-synthacaine-pudra-online","22":"product_tag-sintacaina-pulbere-reddit","23":"product_tag-cercetare-chimic-sintacaina-pulbere","24":"product_tag-sintacaina-pulbere-en-gros","25":"product_tag-sintacain-pulbere-cercetare-chimic","26":"product_tag-synthacaine-powder-china","27":"product_tag-sintacaina-pulbere-vanzare","29":"first","30":"instock","31":"shipping-taxable","32":"purchasable","33":"product-type-variable","34":"has-default-attributes"},"yoast_head":"<!-- This site is optimized with the Yoast SEO plugin v27.3 - https:\/\/yoast.com\/product\/yoast-seo-wordpress\/ -->\n<title>Cump\u0103ra\u021bi Synthacaine Powder - Synthacaine Powder - Cele mai bune medicamente globale<\/title>\n<meta name=\"description\" content=\"Cump\u0103ra\u021bi Synthacaine Powder Marea Britanie, Europa, Asia, China \u00een magazinul nostru online Best Global Meds cu livrare rapid\u0103 \u00een toat\u0103 lumea! Cea mai bun\u0103 sintacain\u0103 pentru comand\u0103 o vei g\u0103si aici!\" \/>\n<meta name=\"robots\" content=\"index, follow, max-snippet:-1, max-image-preview:large, max-video-preview:-1\" \/>\n<link rel=\"canonical\" href=\"https:\/\/medicinasinc.com\/ro\/product\/cumpara-sintacaina-pulbere\/\" \/>\n<meta property=\"og:locale\" content=\"en_US\" \/>\n<meta property=\"og:type\" content=\"article\" \/>\n<meta property=\"og:title\" content=\"Cump\u0103ra\u021bi Synthacaine Powder - Synthacaine Powder - Cele mai bune medicamente globale\" \/>\n<meta property=\"og:description\" content=\"Cump\u0103ra\u021bi Synthacaine Powder Marea Britanie, Europa, Asia, China \u00een magazinul nostru online Best Global Meds cu livrare rapid\u0103 \u00een toat\u0103 lumea! Cea mai bun\u0103 sintacain\u0103 pentru comand\u0103 o vei g\u0103si aici!\" \/>\n<meta property=\"og:url\" content=\"https:\/\/medicinasinc.com\/ro\/product\/cumpara-sintacaina-pulbere\/\" \/>\n<meta property=\"og:site_name\" content=\"Medicinas Inc\" \/>\n<meta property=\"article:modified_time\" content=\"2022-03-22T00:52:57+00:00\" \/>\n<meta property=\"og:image\" content=\"https:\/\/medicinasinc.com\/ro\/wp-content\/uploads\/sites\/11\/2022\/02\/Buy-Synthacaine-Powder.jpg\" \/>\n\t<meta property=\"og:image:width\" content=\"600\" \/>\n\t<meta property=\"og:image:height\" content=\"600\" \/>\n\t<meta property=\"og:image:type\" content=\"image\/jpeg\" \/>\n<meta name=\"twitter:card\" content=\"summary_large_image\" \/>\n<meta name=\"twitter:label1\" content=\"Est. reading time\" \/>\n\t<meta name=\"twitter:data1\" content=\"2 minutes\" \/>\n<script type=\"application\/ld+json\" class=\"yoast-schema-graph\">{\"@context\":\"https:\\\/\\\/schema.org\",\"@graph\":[{\"@type\":\"WebPage\",\"@id\":\"https:\\\/\\\/medicinasinc.com\\\/ro\\\/product\\\/cumpara-sintacaina-pulbere\\\/\",\"url\":\"https:\\\/\\\/medicinasinc.com\\\/ro\\\/product\\\/cumpara-sintacaina-pulbere\\\/\",\"name\":\"Cump\u0103ra\u021bi Synthacaine Powder - Synthacaine Powder - Cele mai bune medicamente globale\",\"isPartOf\":{\"@id\":\"https:\\\/\\\/medicinasinc.com\\\/ro\\\/#website\"},\"primaryImageOfPage\":{\"@id\":\"https:\\\/\\\/medicinasinc.com\\\/ro\\\/product\\\/cumpara-sintacaina-pulbere\\\/#primaryimage\"},\"image\":{\"@id\":\"https:\\\/\\\/medicinasinc.com\\\/ro\\\/product\\\/cumpara-sintacaina-pulbere\\\/#primaryimage\"},\"thumbnailUrl\":\"https:\\\/\\\/medicinasinc.com\\\/ro\\\/wp-content\\\/uploads\\\/sites\\\/11\\\/2022\\\/02\\\/Buy-Synthacaine-Powder.jpg\",\"datePublished\":\"2022-02-22T03:08:33+00:00\",\"dateModified\":\"2022-03-22T00:52:57+00:00\",\"description\":\"Cump\u0103ra\u021bi Synthacaine Powder Marea Britanie, Europa, Asia, China \u00een magazinul nostru online Best Global Meds cu livrare rapid\u0103 \u00een toat\u0103 lumea! Cea mai bun\u0103 sintacain\u0103 pentru comand\u0103 o vei g\u0103si aici!\",\"breadcrumb\":{\"@id\":\"https:\\\/\\\/medicinasinc.com\\\/ro\\\/product\\\/cumpara-sintacaina-pulbere\\\/#breadcrumb\"},\"inLanguage\":\"en-US\",\"potentialAction\":[{\"@type\":\"ReadAction\",\"target\":[\"https:\\\/\\\/medicinasinc.com\\\/ro\\\/product\\\/cumpara-sintacaina-pulbere\\\/\"]}]},{\"@type\":\"ImageObject\",\"inLanguage\":\"en-US\",\"@id\":\"https:\\\/\\\/medicinasinc.com\\\/ro\\\/product\\\/cumpara-sintacaina-pulbere\\\/#primaryimage\",\"url\":\"https:\\\/\\\/medicinasinc.com\\\/ro\\\/wp-content\\\/uploads\\\/sites\\\/11\\\/2022\\\/02\\\/Buy-Synthacaine-Powder.jpg\",\"contentUrl\":\"https:\\\/\\\/medicinasinc.com\\\/ro\\\/wp-content\\\/uploads\\\/sites\\\/11\\\/2022\\\/02\\\/Buy-Synthacaine-Powder.jpg\",\"width\":600,\"height\":600},{\"@type\":\"BreadcrumbList\",\"@id\":\"https:\\\/\\\/medicinasinc.com\\\/ro\\\/product\\\/cumpara-sintacaina-pulbere\\\/#breadcrumb\",\"itemListElement\":[{\"@type\":\"ListItem\",\"position\":1,\"name\":\"Magazin\",\"item\":\"https:\\\/\\\/medicinasinc.com\\\/ro\\\/magazin\\\/\"},{\"@type\":\"ListItem\",\"position\":2,\"name\":\"Cump\u0103ra\u021bi pulbere de sintacain\u0103\"}]},{\"@type\":\"WebSite\",\"@id\":\"https:\\\/\\\/medicinasinc.com\\\/ro\\\/#website\",\"url\":\"https:\\\/\\\/medicinasinc.com\\\/ro\\\/\",\"name\":\"Medicinas Inc\",\"description\":\"Health Medical Clinic\",\"potentialAction\":[{\"@type\":\"SearchAction\",\"target\":{\"@type\":\"EntryPoint\",\"urlTemplate\":\"https:\\\/\\\/medicinasinc.com\\\/ro\\\/?s={search_term_string}\"},\"query-input\":{\"@type\":\"PropertyValueSpecification\",\"valueRequired\":true,\"valueName\":\"search_term_string\"}}],\"inLanguage\":\"en-US\"}]}<\/script>\n<!-- \/ Yoast SEO plugin. -->","yoast_head_json":{"title":"Cump\u0103ra\u021bi Synthacaine Powder - Synthacaine Powder - Cele mai bune medicamente globale","description":"Cump\u0103ra\u021bi Synthacaine Powder Marea Britanie, Europa, Asia, China \u00een magazinul nostru online Best Global Meds cu livrare rapid\u0103 \u00een toat\u0103 lumea! Cea mai bun\u0103 sintacain\u0103 pentru comand\u0103 o vei g\u0103si aici!","robots":{"index":"index","follow":"follow","max-snippet":"max-snippet:-1","max-image-preview":"max-image-preview:large","max-video-preview":"max-video-preview:-1"},"canonical":"https:\/\/medicinasinc.com\/ro\/product\/cumpara-sintacaina-pulbere\/","og_locale":"en_US","og_type":"article","og_title":"Cump\u0103ra\u021bi Synthacaine Powder - Synthacaine Powder - Cele mai bune medicamente globale","og_description":"Cump\u0103ra\u021bi Synthacaine Powder Marea Britanie, Europa, Asia, China \u00een magazinul nostru online Best Global Meds cu livrare rapid\u0103 \u00een toat\u0103 lumea! Cea mai bun\u0103 sintacain\u0103 pentru comand\u0103 o vei g\u0103si aici!","og_url":"https:\/\/medicinasinc.com\/ro\/product\/cumpara-sintacaina-pulbere\/","og_site_name":"Medicinas Inc","article_modified_time":"2022-03-22T00:52:57+00:00","og_image":[{"width":600,"height":600,"url":"https:\/\/medicinasinc.com\/ro\/wp-content\/uploads\/sites\/11\/2022\/02\/Buy-Synthacaine-Powder.jpg","type":"image\/jpeg"}],"twitter_card":"summary_large_image","twitter_misc":{"Est. reading time":"2 minutes"},"schema":{"@context":"https:\/\/schema.org","@graph":[{"@type":"WebPage","@id":"https:\/\/medicinasinc.com\/ro\/product\/cumpara-sintacaina-pulbere\/","url":"https:\/\/medicinasinc.com\/ro\/product\/cumpara-sintacaina-pulbere\/","name":"Cump\u0103ra\u021bi Synthacaine Powder - Synthacaine Powder - Cele mai bune medicamente globale","isPartOf":{"@id":"https:\/\/medicinasinc.com\/ro\/#website"},"primaryImageOfPage":{"@id":"https:\/\/medicinasinc.com\/ro\/product\/cumpara-sintacaina-pulbere\/#primaryimage"},"image":{"@id":"https:\/\/medicinasinc.com\/ro\/product\/cumpara-sintacaina-pulbere\/#primaryimage"},"thumbnailUrl":"https:\/\/medicinasinc.com\/ro\/wp-content\/uploads\/sites\/11\/2022\/02\/Buy-Synthacaine-Powder.jpg","datePublished":"2022-02-22T03:08:33+00:00","dateModified":"2022-03-22T00:52:57+00:00","description":"Cump\u0103ra\u021bi Synthacaine Powder Marea Britanie, Europa, Asia, China \u00een magazinul nostru online Best Global Meds cu livrare rapid\u0103 \u00een toat\u0103 lumea! Cea mai bun\u0103 sintacain\u0103 pentru comand\u0103 o vei g\u0103si aici!","breadcrumb":{"@id":"https:\/\/medicinasinc.com\/ro\/product\/cumpara-sintacaina-pulbere\/#breadcrumb"},"inLanguage":"en-US","potentialAction":[{"@type":"ReadAction","target":["https:\/\/medicinasinc.com\/ro\/product\/cumpara-sintacaina-pulbere\/"]}]},{"@type":"ImageObject","inLanguage":"en-US","@id":"https:\/\/medicinasinc.com\/ro\/product\/cumpara-sintacaina-pulbere\/#primaryimage","url":"https:\/\/medicinasinc.com\/ro\/wp-content\/uploads\/sites\/11\/2022\/02\/Buy-Synthacaine-Powder.jpg","contentUrl":"https:\/\/medicinasinc.com\/ro\/wp-content\/uploads\/sites\/11\/2022\/02\/Buy-Synthacaine-Powder.jpg","width":600,"height":600},{"@type":"BreadcrumbList","@id":"https:\/\/medicinasinc.com\/ro\/product\/cumpara-sintacaina-pulbere\/#breadcrumb","itemListElement":[{"@type":"ListItem","position":1,"name":"Magazin","item":"https:\/\/medicinasinc.com\/ro\/magazin\/"},{"@type":"ListItem","position":2,"name":"Cump\u0103ra\u021bi pulbere de sintacain\u0103"}]},{"@type":"WebSite","@id":"https:\/\/medicinasinc.com\/ro\/#website","url":"https:\/\/medicinasinc.com\/ro\/","name":"Medicinas Inc","description":"Health Medical Clinic","potentialAction":[{"@type":"SearchAction","target":{"@type":"EntryPoint","urlTemplate":"https:\/\/medicinasinc.com\/ro\/?s={search_term_string}"},"query-input":{"@type":"PropertyValueSpecification","valueRequired":true,"valueName":"search_term_string"}}],"inLanguage":"en-US"}]}},"_links":{"self":[{"href":"https:\/\/medicinasinc.com\/ro\/wp-json\/wp\/v2\/product\/5636","targetHints":{"allow":["GET"]}}],"collection":[{"href":"https:\/\/medicinasinc.com\/ro\/wp-json\/wp\/v2\/product"}],"about":[{"href":"https:\/\/medicinasinc.com\/ro\/wp-json\/wp\/v2\/types\/product"}],"replies":[{"embeddable":true,"href":"https:\/\/medicinasinc.com\/ro\/wp-json\/wp\/v2\/comments?post=5636"}],"wp:featuredmedia":[{"embeddable":true,"href":"https:\/\/medicinasinc.com\/ro\/wp-json\/wp\/v2\/media\/5646"}],"wp:attachment":[{"href":"https:\/\/medicinasinc.com\/ro\/wp-json\/wp\/v2\/media?parent=5636"}],"wp:term":[{"taxonomy":"product_brand","embeddable":true,"href":"https:\/\/medicinasinc.com\/ro\/wp-json\/wp\/v2\/product_brand?post=5636"},{"taxonomy":"product_cat","embeddable":true,"href":"https:\/\/medicinasinc.com\/ro\/wp-json\/wp\/v2\/product_cat?post=5636"},{"taxonomy":"product_tag","embeddable":true,"href":"https:\/\/medicinasinc.com\/ro\/wp-json\/wp\/v2\/product_tag?post=5636"}],"curies":[{"name":"wp","href":"https:\/\/api.w.org\/{rel}","templated":true}]}}