{"id":5635,"date":"2022-02-22T03:07:02","date_gmt":"2022-02-22T03:07:02","guid":{"rendered":"https:\/\/medicinasinc.com\/ro\/?post_type=product&#038;p=5635"},"modified":"2022-03-22T00:53:05","modified_gmt":"2022-03-22T00:53:05","slug":"cumpara-linistea-sare-de-baie","status":"publish","type":"product","link":"https:\/\/medicinasinc.com\/ro\/product\/cumpara-linistea-sare-de-baie\/","title":{"rendered":"Cump\u0103ra\u021bi Sare de baie Tranquility"},"content":{"rendered":"<p>Cump\u0103ra\u021bi online s\u0103ruri de baie Tranquility: cum s\u0103 le cump\u0103ra\u021bi?<\/p>\n<p>Best Best Global Meds vinde s\u0103ruri de baie de \u00eenalt\u0103 calitate, care v\u0103 vor oferi o baie neted\u0103, senzual\u0103, care v\u0103 va l\u0103sa s\u0103 v\u0103 sim\u021bi\u021bi curat.<\/p>\n<p>C\u00e2nd \u201ecump\u0103ra\u021bi online s\u0103ruri de baie pentru lini\u0219te\u201d de la noi, pute\u021bi fi sigur c\u0103 sunt cele mai bune pe care le pute\u021bi ob\u021bine. Vindem \u0219i cump\u0103r\u0103m alte s\u0103ruri de baie concentrate la pre\u021buri bune.<\/p>\n<p>S\u0103rurile noastre de baie au un miros puternic.<\/p>\n<p>C\u0103uta\u021bi un loc pentru a cump\u0103ra s\u0103ruri de baie pentru lini\u0219te de pe web? Chemicals Lab \u00ee\u021bi ofer\u0103 \u0219ansa de a cump\u0103ra online s\u0103ruri de baie pentru lini\u0219te, f\u0103r\u0103 a fi nevoit s\u0103 te confrun\u021bi cu probleme sau nepl\u0103ceri. Lucr\u0103m non-stop pentru a ne asigura c\u0103 economisi\u021bi bani de fiecare dat\u0103 c\u00e2nd cump\u0103ra\u021bi s\u0103ruri de baie pentru lini\u0219te din farmacia noastr\u0103 online. C\u00e2nd cump\u0103ra\u021bi ceva de la Chemicals Lab, vrem s\u0103 pl\u0103ti\u021bi mai pu\u021bin \u0219i s\u0103 ob\u021bine\u021bi mai mult.<\/p>\n<div class=\"product-next-previous\">\n<div class=\"product-prev\"><\/div><\/div>\n","protected":false},"excerpt":{"rendered":"<p>Pe site-ul nostru bestglobalmeds, pute\u021bi cump\u0103ra Sare de baie Tranquility din Marea Britanie, Europa, Asia \u0219i China \u0219i o pute\u021bi livra rapid \u00een toat\u0103 lumea! Aici pute\u021bi cump\u0103ra cea mai bun\u0103 sare de baie Tranquility la comand\u0103.<\/p>\n<p>Sarea de baie Tranquility poate fi cump\u0103rat\u0103 online de la un furnizor de renume. Vindem cele mai bune produse pentru baie, cum ar fi s\u0103rurile de baie.<\/p>\n<p>Cump\u0103ra\u021bi online s\u0103ruri de baie Tranquility ACUM! Avem cele mai bune produse pentru baie, cum ar fi s\u0103rurile de baie, pentru a v\u0103 oferi.<\/p>\n","protected":false},"featured_media":5644,"comment_status":"open","ping_status":"closed","template":"","meta":[],"product_brand":[],"product_cat":[2014],"product_tag":[3345,3346,3348,3347,3354,3344,3358,3356,3349,3351,3353,3352,3357,3350,3355],"class_list":{"0":"post-5635","1":"product","2":"type-product","3":"status-publish","4":"has-post-thumbnail","6":"product_cat-cumprare-cercetare-chimice","7":"product_tag-buy-tranquility-bath-salts-online","8":"product_tag-buy-tranquility-bath-salts-uk","9":"product_tag-comanda-linistea-saruri-de-baie-online","10":"product_tag-ordine-linite-sruri-de-baie","11":"product_tag-linite-sruri-de-baie-detailist","12":"product_tag-cumpr-linite-sruri-de-baie","13":"product_tag-unde-s-cumprm-linite-sruri-de-baie","14":"product_tag-linite-furnizor-sruri-de-baie","15":"product_tag-linite-sruri-de-baie","16":"product_tag-linite-sruri-de-baie-online","17":"product_tag-linite-sruri-de-baie-reddit","18":"product_tag-tranquility-bath-salts-order-europe","19":"product_tag-tranquility-bath-salts-wholesale","20":"product_tag-liniste-saruri-de-baie-de-vanzare","21":"product_tag-linite-sruri-de-baie-vnzare","23":"first","24":"instock","25":"shipping-taxable","26":"purchasable","27":"product-type-variable"},"yoast_head":"<!-- This site is optimized with the Yoast SEO plugin v27.3 - https:\/\/yoast.com\/product\/yoast-seo-wordpress\/ -->\n<title>Cump\u0103ra\u021bi Sare de baie Tranquility - Sare de baie Tranquility - Cele mai bune medicamente globale<\/title>\n<meta name=\"description\" content=\"Cump\u0103ra\u021bi Sare de baie Tranquility Marea Britanie, Europa, Asia, China \u00een cel mai bun magazin online globalmeds, cu livrare rapid\u0103 \u00een toat\u0103 lumea! Cea mai bun\u0103 sare de baie Tranquility pentru comand\u0103 o vei g\u0103si aici!\" \/>\n<meta name=\"robots\" content=\"index, follow, max-snippet:-1, max-image-preview:large, max-video-preview:-1\" \/>\n<link rel=\"canonical\" href=\"https:\/\/medicinasinc.com\/ro\/product\/cumpara-linistea-sare-de-baie\/\" \/>\n<meta property=\"og:locale\" content=\"en_US\" \/>\n<meta property=\"og:type\" content=\"article\" \/>\n<meta property=\"og:title\" content=\"Cump\u0103ra\u021bi Sare de baie Tranquility - Sare de baie Tranquility - Cele mai bune medicamente globale\" \/>\n<meta property=\"og:description\" content=\"Cump\u0103ra\u021bi Sare de baie Tranquility Marea Britanie, Europa, Asia, China \u00een cel mai bun magazin online globalmeds, cu livrare rapid\u0103 \u00een toat\u0103 lumea! Cea mai bun\u0103 sare de baie Tranquility pentru comand\u0103 o vei g\u0103si aici!\" \/>\n<meta property=\"og:url\" content=\"https:\/\/medicinasinc.com\/ro\/product\/cumpara-linistea-sare-de-baie\/\" \/>\n<meta property=\"og:site_name\" content=\"Medicinas Inc\" \/>\n<meta property=\"article:modified_time\" content=\"2022-03-22T00:53:05+00:00\" \/>\n<meta property=\"og:image\" content=\"https:\/\/medicinasinc.com\/ro\/wp-content\/uploads\/sites\/11\/2022\/02\/Buy-Tranquility-Bath-Salt.jpg\" \/>\n\t<meta property=\"og:image:width\" content=\"236\" \/>\n\t<meta property=\"og:image:height\" content=\"225\" \/>\n\t<meta property=\"og:image:type\" content=\"image\/jpeg\" \/>\n<meta name=\"twitter:card\" content=\"summary_large_image\" \/>\n<meta name=\"twitter:label1\" content=\"Est. reading time\" \/>\n\t<meta name=\"twitter:data1\" content=\"1 minute\" \/>\n<script type=\"application\/ld+json\" class=\"yoast-schema-graph\">{\"@context\":\"https:\\\/\\\/schema.org\",\"@graph\":[{\"@type\":\"WebPage\",\"@id\":\"https:\\\/\\\/medicinasinc.com\\\/ro\\\/product\\\/cumpara-linistea-sare-de-baie\\\/\",\"url\":\"https:\\\/\\\/medicinasinc.com\\\/ro\\\/product\\\/cumpara-linistea-sare-de-baie\\\/\",\"name\":\"Cump\u0103ra\u021bi Sare de baie Tranquility - Sare de baie Tranquility - Cele mai bune medicamente globale\",\"isPartOf\":{\"@id\":\"https:\\\/\\\/medicinasinc.com\\\/ro\\\/#website\"},\"primaryImageOfPage\":{\"@id\":\"https:\\\/\\\/medicinasinc.com\\\/ro\\\/product\\\/cumpara-linistea-sare-de-baie\\\/#primaryimage\"},\"image\":{\"@id\":\"https:\\\/\\\/medicinasinc.com\\\/ro\\\/product\\\/cumpara-linistea-sare-de-baie\\\/#primaryimage\"},\"thumbnailUrl\":\"https:\\\/\\\/medicinasinc.com\\\/ro\\\/wp-content\\\/uploads\\\/sites\\\/11\\\/2022\\\/02\\\/Buy-Tranquility-Bath-Salt.jpg\",\"datePublished\":\"2022-02-22T03:07:02+00:00\",\"dateModified\":\"2022-03-22T00:53:05+00:00\",\"description\":\"Cump\u0103ra\u021bi Sare de baie Tranquility Marea Britanie, Europa, Asia, China \u00een cel mai bun magazin online globalmeds, cu livrare rapid\u0103 \u00een toat\u0103 lumea! Cea mai bun\u0103 sare de baie Tranquility pentru comand\u0103 o vei g\u0103si aici!\",\"breadcrumb\":{\"@id\":\"https:\\\/\\\/medicinasinc.com\\\/ro\\\/product\\\/cumpara-linistea-sare-de-baie\\\/#breadcrumb\"},\"inLanguage\":\"en-US\",\"potentialAction\":[{\"@type\":\"ReadAction\",\"target\":[\"https:\\\/\\\/medicinasinc.com\\\/ro\\\/product\\\/cumpara-linistea-sare-de-baie\\\/\"]}]},{\"@type\":\"ImageObject\",\"inLanguage\":\"en-US\",\"@id\":\"https:\\\/\\\/medicinasinc.com\\\/ro\\\/product\\\/cumpara-linistea-sare-de-baie\\\/#primaryimage\",\"url\":\"https:\\\/\\\/medicinasinc.com\\\/ro\\\/wp-content\\\/uploads\\\/sites\\\/11\\\/2022\\\/02\\\/Buy-Tranquility-Bath-Salt.jpg\",\"contentUrl\":\"https:\\\/\\\/medicinasinc.com\\\/ro\\\/wp-content\\\/uploads\\\/sites\\\/11\\\/2022\\\/02\\\/Buy-Tranquility-Bath-Salt.jpg\",\"width\":236,\"height\":225},{\"@type\":\"BreadcrumbList\",\"@id\":\"https:\\\/\\\/medicinasinc.com\\\/ro\\\/product\\\/cumpara-linistea-sare-de-baie\\\/#breadcrumb\",\"itemListElement\":[{\"@type\":\"ListItem\",\"position\":1,\"name\":\"Magazin\",\"item\":\"https:\\\/\\\/medicinasinc.com\\\/ro\\\/magazin\\\/\"},{\"@type\":\"ListItem\",\"position\":2,\"name\":\"Cump\u0103ra\u021bi Sare de baie Tranquility\"}]},{\"@type\":\"WebSite\",\"@id\":\"https:\\\/\\\/medicinasinc.com\\\/ro\\\/#website\",\"url\":\"https:\\\/\\\/medicinasinc.com\\\/ro\\\/\",\"name\":\"Medicinas Inc\",\"description\":\"Health Medical Clinic\",\"potentialAction\":[{\"@type\":\"SearchAction\",\"target\":{\"@type\":\"EntryPoint\",\"urlTemplate\":\"https:\\\/\\\/medicinasinc.com\\\/ro\\\/?s={search_term_string}\"},\"query-input\":{\"@type\":\"PropertyValueSpecification\",\"valueRequired\":true,\"valueName\":\"search_term_string\"}}],\"inLanguage\":\"en-US\"}]}<\/script>\n<!-- \/ Yoast SEO plugin. -->","yoast_head_json":{"title":"Cump\u0103ra\u021bi Sare de baie Tranquility - Sare de baie Tranquility - Cele mai bune medicamente globale","description":"Cump\u0103ra\u021bi Sare de baie Tranquility Marea Britanie, Europa, Asia, China \u00een cel mai bun magazin online globalmeds, cu livrare rapid\u0103 \u00een toat\u0103 lumea! Cea mai bun\u0103 sare de baie Tranquility pentru comand\u0103 o vei g\u0103si aici!","robots":{"index":"index","follow":"follow","max-snippet":"max-snippet:-1","max-image-preview":"max-image-preview:large","max-video-preview":"max-video-preview:-1"},"canonical":"https:\/\/medicinasinc.com\/ro\/product\/cumpara-linistea-sare-de-baie\/","og_locale":"en_US","og_type":"article","og_title":"Cump\u0103ra\u021bi Sare de baie Tranquility - Sare de baie Tranquility - Cele mai bune medicamente globale","og_description":"Cump\u0103ra\u021bi Sare de baie Tranquility Marea Britanie, Europa, Asia, China \u00een cel mai bun magazin online globalmeds, cu livrare rapid\u0103 \u00een toat\u0103 lumea! Cea mai bun\u0103 sare de baie Tranquility pentru comand\u0103 o vei g\u0103si aici!","og_url":"https:\/\/medicinasinc.com\/ro\/product\/cumpara-linistea-sare-de-baie\/","og_site_name":"Medicinas Inc","article_modified_time":"2022-03-22T00:53:05+00:00","og_image":[{"width":236,"height":225,"url":"https:\/\/medicinasinc.com\/ro\/wp-content\/uploads\/sites\/11\/2022\/02\/Buy-Tranquility-Bath-Salt.jpg","type":"image\/jpeg"}],"twitter_card":"summary_large_image","twitter_misc":{"Est. reading time":"1 minute"},"schema":{"@context":"https:\/\/schema.org","@graph":[{"@type":"WebPage","@id":"https:\/\/medicinasinc.com\/ro\/product\/cumpara-linistea-sare-de-baie\/","url":"https:\/\/medicinasinc.com\/ro\/product\/cumpara-linistea-sare-de-baie\/","name":"Cump\u0103ra\u021bi Sare de baie Tranquility - Sare de baie Tranquility - Cele mai bune medicamente globale","isPartOf":{"@id":"https:\/\/medicinasinc.com\/ro\/#website"},"primaryImageOfPage":{"@id":"https:\/\/medicinasinc.com\/ro\/product\/cumpara-linistea-sare-de-baie\/#primaryimage"},"image":{"@id":"https:\/\/medicinasinc.com\/ro\/product\/cumpara-linistea-sare-de-baie\/#primaryimage"},"thumbnailUrl":"https:\/\/medicinasinc.com\/ro\/wp-content\/uploads\/sites\/11\/2022\/02\/Buy-Tranquility-Bath-Salt.jpg","datePublished":"2022-02-22T03:07:02+00:00","dateModified":"2022-03-22T00:53:05+00:00","description":"Cump\u0103ra\u021bi Sare de baie Tranquility Marea Britanie, Europa, Asia, China \u00een cel mai bun magazin online globalmeds, cu livrare rapid\u0103 \u00een toat\u0103 lumea! Cea mai bun\u0103 sare de baie Tranquility pentru comand\u0103 o vei g\u0103si aici!","breadcrumb":{"@id":"https:\/\/medicinasinc.com\/ro\/product\/cumpara-linistea-sare-de-baie\/#breadcrumb"},"inLanguage":"en-US","potentialAction":[{"@type":"ReadAction","target":["https:\/\/medicinasinc.com\/ro\/product\/cumpara-linistea-sare-de-baie\/"]}]},{"@type":"ImageObject","inLanguage":"en-US","@id":"https:\/\/medicinasinc.com\/ro\/product\/cumpara-linistea-sare-de-baie\/#primaryimage","url":"https:\/\/medicinasinc.com\/ro\/wp-content\/uploads\/sites\/11\/2022\/02\/Buy-Tranquility-Bath-Salt.jpg","contentUrl":"https:\/\/medicinasinc.com\/ro\/wp-content\/uploads\/sites\/11\/2022\/02\/Buy-Tranquility-Bath-Salt.jpg","width":236,"height":225},{"@type":"BreadcrumbList","@id":"https:\/\/medicinasinc.com\/ro\/product\/cumpara-linistea-sare-de-baie\/#breadcrumb","itemListElement":[{"@type":"ListItem","position":1,"name":"Magazin","item":"https:\/\/medicinasinc.com\/ro\/magazin\/"},{"@type":"ListItem","position":2,"name":"Cump\u0103ra\u021bi Sare de baie Tranquility"}]},{"@type":"WebSite","@id":"https:\/\/medicinasinc.com\/ro\/#website","url":"https:\/\/medicinasinc.com\/ro\/","name":"Medicinas Inc","description":"Health Medical Clinic","potentialAction":[{"@type":"SearchAction","target":{"@type":"EntryPoint","urlTemplate":"https:\/\/medicinasinc.com\/ro\/?s={search_term_string}"},"query-input":{"@type":"PropertyValueSpecification","valueRequired":true,"valueName":"search_term_string"}}],"inLanguage":"en-US"}]}},"_links":{"self":[{"href":"https:\/\/medicinasinc.com\/ro\/wp-json\/wp\/v2\/product\/5635","targetHints":{"allow":["GET"]}}],"collection":[{"href":"https:\/\/medicinasinc.com\/ro\/wp-json\/wp\/v2\/product"}],"about":[{"href":"https:\/\/medicinasinc.com\/ro\/wp-json\/wp\/v2\/types\/product"}],"replies":[{"embeddable":true,"href":"https:\/\/medicinasinc.com\/ro\/wp-json\/wp\/v2\/comments?post=5635"}],"wp:featuredmedia":[{"embeddable":true,"href":"https:\/\/medicinasinc.com\/ro\/wp-json\/wp\/v2\/media\/5644"}],"wp:attachment":[{"href":"https:\/\/medicinasinc.com\/ro\/wp-json\/wp\/v2\/media?parent=5635"}],"wp:term":[{"taxonomy":"product_brand","embeddable":true,"href":"https:\/\/medicinasinc.com\/ro\/wp-json\/wp\/v2\/product_brand?post=5635"},{"taxonomy":"product_cat","embeddable":true,"href":"https:\/\/medicinasinc.com\/ro\/wp-json\/wp\/v2\/product_cat?post=5635"},{"taxonomy":"product_tag","embeddable":true,"href":"https:\/\/medicinasinc.com\/ro\/wp-json\/wp\/v2\/product_tag?post=5635"}],"curies":[{"name":"wp","href":"https:\/\/api.w.org\/{rel}","templated":true}]}}