{"id":5617,"date":"2022-02-22T02:48:56","date_gmt":"2022-02-22T02:48:56","guid":{"rendered":"https:\/\/medicinasinc.com\/ro\/?post_type=product&#038;p=5617"},"modified":"2022-03-22T00:53:14","modified_gmt":"2022-03-22T00:53:14","slug":"buy-u-47700-pudra","status":"publish","type":"product","link":"https:\/\/medicinasinc.com\/ro\/product\/buy-u-47700-pudra\/","title":{"rendered":"Cump\u0103ra\u021bi pulbere U-47700"},"content":{"rendered":"<p>Online, pute\u021bi cump\u0103ra pulbere U-47700 la un pre\u021b foarte mic.<\/p>\n<p>Cump\u0103ra\u021bi U-47700 de la bestglobalmeds.com.<br \/> Un analgezic numit U-47700 face parte din opioid familie. A fost f\u0103cut pentru prima dat\u0103 de Upjohn \u00een urm\u0103 cu aproximativ 40 de ani. A fost f\u0103cut din AH-7921, care este un opioid similar. U-47700 a fost important \u00een dezvoltarea acestei clase de opioide, dar nu a fost testat pe oameni sau animale.<\/p>\n<p>Farmacologie: U-47700 este foarte bun \u00een \u021bintirea receptorului -opioid. Se crede c\u0103 este de 7 p\u00e2n\u0103 la 8 ori mai puternic dec\u00e2t doza de morfin\u0103 pe doz\u0103. Se crede c\u0103 este un agonist kappa puternic, ceea ce \u00eenseamn\u0103 c\u0103 nu ar trebui s\u0103 provoace o mul\u021bime de disforie sau alte probleme.<\/p>\n<p>Oameni care produc acelea\u0219i tipuri de substan\u021be chimice<\/p>\n<p>U-50488<br \/> AH-7921<br \/> U-69,593<br \/> Suedia a interzis U-47700 din ianuarie 2016, dar nicio alt\u0103 \u021bar\u0103 major\u0103 nu a f\u0103cut acela\u0219i lucru.<\/p>\n<p>U-47700, ca majoritatea opioidele \u0219i deriva\u021bii acestora, nu este sigur pentru oameni s\u0103 m\u0103n\u00e2nce. Este v\u00e2ndut numai chimi\u0219tilor de cercetare \u0219i persoanelor care lucreaz\u0103 \u00een laboratoare.<\/p>\n","protected":false},"excerpt":{"rendered":"<div class=\"woocommerce-product-details__short-description\">\n<p>Este u\u0219or s\u0103 cump\u0103ra\u021bi Pudra U-47700 online din magazinul nostru bestglobalmeds.com \u0219i s\u0103 o livra\u021bi rapid \u00een orice \u021bar\u0103 din lume! Cea mai bun\u0103 pudr\u0103 U-47700 pe care o pute\u021bi cump\u0103ra este aici!<\/p>\n<p>Cump\u0103ra\u021bi pudra u-47700 online. Aceast\u0103 pulbere maro este foarte pur\u0103. 99,8% din timp, este natural.<\/p>\n<p>Online, pute\u021bi cump\u0103ra 1 oz de pudr\u0103 U-47700 ieftin. O doz\u0103 tipic\u0103 este de c\u00e2teva miligrame. Vezi \u00een ce te bagi.<\/p>\n<div class=\"char\">SPECIFICA\u021aII<\/div>\n<div class=\"specification\">\n<div class=\"sprow\"><span class=\"spname \">Nume produs:<\/span><span class=\"sptext\">U-47700<\/span><\/div>\n<div class=\"sprow\"><span class=\"spname\">Nume IUPAC:<\/span><span class=\"sptext\">trans-3,4-dicloro-N-(2-(dimetilamino)ciclohexil)-N-metilbenzamid\u0103<\/span><\/div>\n<div class=\"sprow\"><span class=\"spname\">Alte nume:<\/span><span class=\"sptext\">Roz, Pinky, U-47700<\/span><\/div>\n<div class=\"sprow\"><span class=\"spname\">Num\u0103r CAS:<\/span><span class=\"sptext\">121348-98-9<\/span><\/div>\n<div class=\"sprow\"><span class=\"spname\">Formula molecular\u0103:<\/span><span class=\"sptext\">C16H22Cl2N2O<\/span><\/div>\n<div class=\"sprow\"><span class=\"spname\">Masa molar\u0103:<\/span><span class=\"sptext\"> 329,265 g\/mol<\/span><\/div>\n<div class=\"sprow\"><span class=\"spname\">Efect:<\/span><span class=\"sptext\">sedativ<\/span><\/div>\n<div class=\"sprow\"><span class=\"spname\">Puritatea substan\u021bei:<\/span><span class=\"sptext\"> 99,9%<\/span><\/div>\n<div class=\"sprow\"><span class=\"spname\">Propriet\u0103\u021bi fizice:<\/span><span class=\"sptext\">Pudr\u0103 cristalin\u0103<\/span><\/div>\n<\/p><\/div>\n<\/p><\/div>\n","protected":false},"featured_media":5629,"comment_status":"open","ping_status":"closed","template":"","meta":[],"product_brand":[],"product_cat":[2014],"product_tag":[3323,3322,3326,3324,3325,3342,3343,3330,3331,3336,3337,3338,3339,3328,3329,3332,3333,3334,3335,3340,3341,3327],"class_list":{"0":"post-5617","1":"product","2":"type-product","3":"status-publish","4":"has-post-thumbnail","6":"product_cat-cumprare-cercetare-chimice","7":"product_tag-buy-u-47700-powder","8":"product_tag-cel-mai-bun-loc-de-cumprare-u-47700-pulbere","9":"product_tag-comanda-u-47700-pulbere","10":"product_tag-buy-u-47700-powder-europe","11":"product_tag-buy-u-47700-powder-uk","12":"product_tag-de-unde-s-cumpr-u-47700-pulbere","13":"product_tag-en-gros-u-47700-pulbere","14":"product_tag-u-47700-powder-effect","15":"product_tag-u-47700-powder-europe","16":"product_tag-u-47700-powder-lithuania","17":"product_tag-u-47700-powder-near-me","18":"product_tag-u-47700-powder-online","19":"product_tag-u-47700-powder-order","20":"product_tag-u-47700-pudra-cumpara","21":"product_tag-u-47700-pudre-buy-uk","22":"product_tag-u-47700-pulbere-de-vanzare","23":"product_tag-u-47700-pudra-de-vanzare-online","24":"product_tag-u-47700-pulbere-germania","25":"product_tag-u-47700-powder-google","26":"product_tag-u-47700-pulbere-reddit","27":"product_tag-u-47700-pulbere-vanzare","28":"product_tag-retail-u-47700-pulbere","30":"first","31":"instock","32":"shipping-taxable","33":"purchasable","34":"product-type-variable","35":"has-default-attributes"},"yoast_head":"<!-- This site is optimized with the Yoast SEO plugin v27.3 - https:\/\/yoast.com\/product\/yoast-seo-wordpress\/ -->\n<title>Cump\u0103ra\u021bi U-47700 Powder - U-47700 Powder Online - Cele mai bune medicamente globale<\/title>\n<meta name=\"description\" content=\"Cump\u0103ra\u021bi U-47700 Powder Marea Britanie, Europa, Asia, China \u00een magazinul nostru online bestglobalmeds.com cu livrare rapid\u0103 \u00een toat\u0103 lumea! Cea mai bun\u0103 pulbere U-47700 pentru comand\u0103 o vei g\u0103si aici!\" \/>\n<meta name=\"robots\" content=\"index, follow, max-snippet:-1, max-image-preview:large, max-video-preview:-1\" \/>\n<link rel=\"canonical\" href=\"https:\/\/medicinasinc.com\/ro\/product\/buy-u-47700-pudra\/\" \/>\n<meta property=\"og:locale\" content=\"en_US\" \/>\n<meta property=\"og:type\" content=\"article\" \/>\n<meta property=\"og:title\" content=\"Cump\u0103ra\u021bi U-47700 Powder - U-47700 Powder Online - Cele mai bune medicamente globale\" \/>\n<meta property=\"og:description\" content=\"Cump\u0103ra\u021bi U-47700 Powder Marea Britanie, Europa, Asia, China \u00een magazinul nostru online bestglobalmeds.com cu livrare rapid\u0103 \u00een toat\u0103 lumea! Cea mai bun\u0103 pulbere U-47700 pentru comand\u0103 o vei g\u0103si aici!\" \/>\n<meta property=\"og:url\" content=\"https:\/\/medicinasinc.com\/ro\/product\/buy-u-47700-pudra\/\" \/>\n<meta property=\"og:site_name\" content=\"Medicinas Inc\" \/>\n<meta property=\"article:modified_time\" content=\"2022-03-22T00:53:14+00:00\" \/>\n<meta property=\"og:image\" content=\"https:\/\/medicinasinc.com\/ro\/wp-content\/uploads\/sites\/11\/2022\/02\/Buy-U-47700-POWDER.jpg\" \/>\n\t<meta property=\"og:image:width\" content=\"600\" \/>\n\t<meta property=\"og:image:height\" content=\"600\" \/>\n\t<meta property=\"og:image:type\" content=\"image\/jpeg\" \/>\n<meta name=\"twitter:card\" content=\"summary_large_image\" \/>\n<meta name=\"twitter:label1\" content=\"Est. reading time\" \/>\n\t<meta name=\"twitter:data1\" content=\"1 minute\" \/>\n<script type=\"application\/ld+json\" class=\"yoast-schema-graph\">{\"@context\":\"https:\\\/\\\/schema.org\",\"@graph\":[{\"@type\":\"WebPage\",\"@id\":\"https:\\\/\\\/medicinasinc.com\\\/ro\\\/product\\\/buy-u-47700-pudra\\\/\",\"url\":\"https:\\\/\\\/medicinasinc.com\\\/ro\\\/product\\\/buy-u-47700-pudra\\\/\",\"name\":\"Cump\u0103ra\u021bi U-47700 Powder - U-47700 Powder Online - Cele mai bune medicamente globale\",\"isPartOf\":{\"@id\":\"https:\\\/\\\/medicinasinc.com\\\/ro\\\/#website\"},\"primaryImageOfPage\":{\"@id\":\"https:\\\/\\\/medicinasinc.com\\\/ro\\\/product\\\/buy-u-47700-pudra\\\/#primaryimage\"},\"image\":{\"@id\":\"https:\\\/\\\/medicinasinc.com\\\/ro\\\/product\\\/buy-u-47700-pudra\\\/#primaryimage\"},\"thumbnailUrl\":\"https:\\\/\\\/medicinasinc.com\\\/ro\\\/wp-content\\\/uploads\\\/sites\\\/11\\\/2022\\\/02\\\/Buy-U-47700-POWDER.jpg\",\"datePublished\":\"2022-02-22T02:48:56+00:00\",\"dateModified\":\"2022-03-22T00:53:14+00:00\",\"description\":\"Cump\u0103ra\u021bi U-47700 Powder Marea Britanie, Europa, Asia, China \u00een magazinul nostru online bestglobalmeds.com cu livrare rapid\u0103 \u00een toat\u0103 lumea! Cea mai bun\u0103 pulbere U-47700 pentru comand\u0103 o vei g\u0103si aici!\",\"breadcrumb\":{\"@id\":\"https:\\\/\\\/medicinasinc.com\\\/ro\\\/product\\\/buy-u-47700-pudra\\\/#breadcrumb\"},\"inLanguage\":\"en-US\",\"potentialAction\":[{\"@type\":\"ReadAction\",\"target\":[\"https:\\\/\\\/medicinasinc.com\\\/ro\\\/product\\\/buy-u-47700-pudra\\\/\"]}]},{\"@type\":\"ImageObject\",\"inLanguage\":\"en-US\",\"@id\":\"https:\\\/\\\/medicinasinc.com\\\/ro\\\/product\\\/buy-u-47700-pudra\\\/#primaryimage\",\"url\":\"https:\\\/\\\/medicinasinc.com\\\/ro\\\/wp-content\\\/uploads\\\/sites\\\/11\\\/2022\\\/02\\\/Buy-U-47700-POWDER.jpg\",\"contentUrl\":\"https:\\\/\\\/medicinasinc.com\\\/ro\\\/wp-content\\\/uploads\\\/sites\\\/11\\\/2022\\\/02\\\/Buy-U-47700-POWDER.jpg\",\"width\":600,\"height\":600},{\"@type\":\"BreadcrumbList\",\"@id\":\"https:\\\/\\\/medicinasinc.com\\\/ro\\\/product\\\/buy-u-47700-pudra\\\/#breadcrumb\",\"itemListElement\":[{\"@type\":\"ListItem\",\"position\":1,\"name\":\"Magazin\",\"item\":\"https:\\\/\\\/medicinasinc.com\\\/ro\\\/magazin\\\/\"},{\"@type\":\"ListItem\",\"position\":2,\"name\":\"Cump\u0103ra\u021bi pulbere U-47700\"}]},{\"@type\":\"WebSite\",\"@id\":\"https:\\\/\\\/medicinasinc.com\\\/ro\\\/#website\",\"url\":\"https:\\\/\\\/medicinasinc.com\\\/ro\\\/\",\"name\":\"Medicinas Inc\",\"description\":\"Health Medical Clinic\",\"potentialAction\":[{\"@type\":\"SearchAction\",\"target\":{\"@type\":\"EntryPoint\",\"urlTemplate\":\"https:\\\/\\\/medicinasinc.com\\\/ro\\\/?s={search_term_string}\"},\"query-input\":{\"@type\":\"PropertyValueSpecification\",\"valueRequired\":true,\"valueName\":\"search_term_string\"}}],\"inLanguage\":\"en-US\"}]}<\/script>\n<!-- \/ Yoast SEO plugin. -->","yoast_head_json":{"title":"Cump\u0103ra\u021bi U-47700 Powder - U-47700 Powder Online - Cele mai bune medicamente globale","description":"Cump\u0103ra\u021bi U-47700 Powder Marea Britanie, Europa, Asia, China \u00een magazinul nostru online bestglobalmeds.com cu livrare rapid\u0103 \u00een toat\u0103 lumea! Cea mai bun\u0103 pulbere U-47700 pentru comand\u0103 o vei g\u0103si aici!","robots":{"index":"index","follow":"follow","max-snippet":"max-snippet:-1","max-image-preview":"max-image-preview:large","max-video-preview":"max-video-preview:-1"},"canonical":"https:\/\/medicinasinc.com\/ro\/product\/buy-u-47700-pudra\/","og_locale":"en_US","og_type":"article","og_title":"Cump\u0103ra\u021bi U-47700 Powder - U-47700 Powder Online - Cele mai bune medicamente globale","og_description":"Cump\u0103ra\u021bi U-47700 Powder Marea Britanie, Europa, Asia, China \u00een magazinul nostru online bestglobalmeds.com cu livrare rapid\u0103 \u00een toat\u0103 lumea! Cea mai bun\u0103 pulbere U-47700 pentru comand\u0103 o vei g\u0103si aici!","og_url":"https:\/\/medicinasinc.com\/ro\/product\/buy-u-47700-pudra\/","og_site_name":"Medicinas Inc","article_modified_time":"2022-03-22T00:53:14+00:00","og_image":[{"width":600,"height":600,"url":"https:\/\/medicinasinc.com\/ro\/wp-content\/uploads\/sites\/11\/2022\/02\/Buy-U-47700-POWDER.jpg","type":"image\/jpeg"}],"twitter_card":"summary_large_image","twitter_misc":{"Est. reading time":"1 minute"},"schema":{"@context":"https:\/\/schema.org","@graph":[{"@type":"WebPage","@id":"https:\/\/medicinasinc.com\/ro\/product\/buy-u-47700-pudra\/","url":"https:\/\/medicinasinc.com\/ro\/product\/buy-u-47700-pudra\/","name":"Cump\u0103ra\u021bi U-47700 Powder - U-47700 Powder Online - Cele mai bune medicamente globale","isPartOf":{"@id":"https:\/\/medicinasinc.com\/ro\/#website"},"primaryImageOfPage":{"@id":"https:\/\/medicinasinc.com\/ro\/product\/buy-u-47700-pudra\/#primaryimage"},"image":{"@id":"https:\/\/medicinasinc.com\/ro\/product\/buy-u-47700-pudra\/#primaryimage"},"thumbnailUrl":"https:\/\/medicinasinc.com\/ro\/wp-content\/uploads\/sites\/11\/2022\/02\/Buy-U-47700-POWDER.jpg","datePublished":"2022-02-22T02:48:56+00:00","dateModified":"2022-03-22T00:53:14+00:00","description":"Cump\u0103ra\u021bi U-47700 Powder Marea Britanie, Europa, Asia, China \u00een magazinul nostru online bestglobalmeds.com cu livrare rapid\u0103 \u00een toat\u0103 lumea! Cea mai bun\u0103 pulbere U-47700 pentru comand\u0103 o vei g\u0103si aici!","breadcrumb":{"@id":"https:\/\/medicinasinc.com\/ro\/product\/buy-u-47700-pudra\/#breadcrumb"},"inLanguage":"en-US","potentialAction":[{"@type":"ReadAction","target":["https:\/\/medicinasinc.com\/ro\/product\/buy-u-47700-pudra\/"]}]},{"@type":"ImageObject","inLanguage":"en-US","@id":"https:\/\/medicinasinc.com\/ro\/product\/buy-u-47700-pudra\/#primaryimage","url":"https:\/\/medicinasinc.com\/ro\/wp-content\/uploads\/sites\/11\/2022\/02\/Buy-U-47700-POWDER.jpg","contentUrl":"https:\/\/medicinasinc.com\/ro\/wp-content\/uploads\/sites\/11\/2022\/02\/Buy-U-47700-POWDER.jpg","width":600,"height":600},{"@type":"BreadcrumbList","@id":"https:\/\/medicinasinc.com\/ro\/product\/buy-u-47700-pudra\/#breadcrumb","itemListElement":[{"@type":"ListItem","position":1,"name":"Magazin","item":"https:\/\/medicinasinc.com\/ro\/magazin\/"},{"@type":"ListItem","position":2,"name":"Cump\u0103ra\u021bi pulbere U-47700"}]},{"@type":"WebSite","@id":"https:\/\/medicinasinc.com\/ro\/#website","url":"https:\/\/medicinasinc.com\/ro\/","name":"Medicinas Inc","description":"Health Medical Clinic","potentialAction":[{"@type":"SearchAction","target":{"@type":"EntryPoint","urlTemplate":"https:\/\/medicinasinc.com\/ro\/?s={search_term_string}"},"query-input":{"@type":"PropertyValueSpecification","valueRequired":true,"valueName":"search_term_string"}}],"inLanguage":"en-US"}]}},"_links":{"self":[{"href":"https:\/\/medicinasinc.com\/ro\/wp-json\/wp\/v2\/product\/5617","targetHints":{"allow":["GET"]}}],"collection":[{"href":"https:\/\/medicinasinc.com\/ro\/wp-json\/wp\/v2\/product"}],"about":[{"href":"https:\/\/medicinasinc.com\/ro\/wp-json\/wp\/v2\/types\/product"}],"replies":[{"embeddable":true,"href":"https:\/\/medicinasinc.com\/ro\/wp-json\/wp\/v2\/comments?post=5617"}],"wp:featuredmedia":[{"embeddable":true,"href":"https:\/\/medicinasinc.com\/ro\/wp-json\/wp\/v2\/media\/5629"}],"wp:attachment":[{"href":"https:\/\/medicinasinc.com\/ro\/wp-json\/wp\/v2\/media?parent=5617"}],"wp:term":[{"taxonomy":"product_brand","embeddable":true,"href":"https:\/\/medicinasinc.com\/ro\/wp-json\/wp\/v2\/product_brand?post=5617"},{"taxonomy":"product_cat","embeddable":true,"href":"https:\/\/medicinasinc.com\/ro\/wp-json\/wp\/v2\/product_cat?post=5617"},{"taxonomy":"product_tag","embeddable":true,"href":"https:\/\/medicinasinc.com\/ro\/wp-json\/wp\/v2\/product_tag?post=5617"}],"curies":[{"name":"wp","href":"https:\/\/api.w.org\/{rel}","templated":true}]}}