{"id":5616,"date":"2022-02-22T02:47:20","date_gmt":"2022-02-22T02:47:20","guid":{"rendered":"https:\/\/medicinasinc.com\/ro\/?post_type=product&#038;p=5616"},"modified":"2022-03-22T00:53:28","modified_gmt":"2022-03-22T00:53:28","slug":"cumpara-w-18-pastile","status":"publish","type":"product","link":"https:\/\/medicinasinc.com\/ro\/product\/cumpara-w-18-pastile\/","title":{"rendered":"Cump\u0103ra\u021bi pastile W-18"},"content":{"rendered":"<p>Pastilele W-18 pot fi cump\u0103rate.<\/p>\n<p>Cump\u0103ra\u021bi pastilele W-18 aici. Acesta este un produs chimic care nu este destinat oamenilor.<\/p>\n<p>Caracteristici<br \/> Acest articol a fost realizat \u0219i testat pentru a \u00eendeplini standardele ISO17025:2005 \u0219i Ghidul 34:2009.<br \/> Acest articol este menit s\u0103 s\u0103 fie utilizat ca standard de referin\u021b\u0103 analitic.<br \/> Exist\u0103 o mul\u021bime de materiale disponibile pentru cercetarea academic\u0103 la anumite institu\u021bii. V\u0103 rug\u0103m s\u0103 contacta\u021bi departamentul nostru de v\u00e2nz\u0103ri pentru pre\u021buri.<br \/> W-18 (Art. nr. 15480) este un material care poate fi folosit pentru testare. Din acest motiv, poate fi foarte eficient \u00een ameliorarea durerii. \u00cen testul de contorsionare a fenilchinonei la \u0219oarece, s-a dovedit a fi foarte eficient \u00een ameliorarea durerii. 1 C\u00e2nd vine vorba de oameni, nu \u0219tim cum le afecteaz\u0103 aceast\u0103 substan\u021b\u0103 corpul sau cum \u00eei poate r\u0103ni. Acesta este un produs care poate fi utilizat \u00een scopuri criminalistice \u0219i de cercetare.<\/p>\n","protected":false},"excerpt":{"rendered":"<div class=\"woocommerce-product-details__short-description\">\n<p>Cump\u0103ra\u021bi pastile W-18 de v\u00e2nzare online \u00een Marea Britanie, Europa Costul nostru de livrare \u0219i livrare este 100% sigur \u0219i convenabil. plasa\u021bi comanda pentru pastile W-18 \u0219i ob\u021bine\u021bi o calitate uimitoare de la noi<\/p>\n<p>W-18 de v\u00e2nzare | Cump\u0103ra\u021bi W-18 online | De unde s\u0103 cump\u0103ra\u021bi W-18 online- De unde s\u0103 cump\u0103ra\u021bi pastile W-18 online. Acest produs a fost fabricat \u0219i testat pentru a respecta normele ISO17025:2005 \u0219i Ghidul 34:2009<\/p>\n<\/p><\/div>\n","protected":false},"featured_media":5627,"comment_status":"open","ping_status":"closed","template":"","meta":[],"product_brand":[],"product_cat":[1117],"product_tag":[3307,3308,3319,3316,3317,3309,3310,3313,3318,3311,3312,3314,3315,3320,3321],"class_list":{"0":"post-5616","1":"product","2":"type-product","3":"status-publish","4":"has-post-thumbnail","6":"product_cat-cumparati-pastile-pentru-durere-somn-sex","7":"product_tag-buy-w-18","8":"product_tag-buy-w-18-drugs","9":"product_tag-w-18-pastile-comanda","10":"product_tag-ordinul-w-18","11":"product_tag-w-18-pastile-cumprai","12":"product_tag-cumpr-w-18-pastile","13":"product_tag-w-18-cumpr","14":"product_tag-efect-w-18","15":"product_tag-w-18-efect-pastile","16":"product_tag-w-18-medicamente","17":"product_tag-w-18-medicamente-de-vnzare","18":"product_tag-w-18-de-vnzare","19":"product_tag-w-18-online","20":"product_tag-w-18-pastile-en-gros","21":"product_tag-w-18-reddit","23":"first","24":"instock","25":"shipping-taxable","26":"purchasable","27":"product-type-variable"},"yoast_head":"<!-- This site is optimized with the Yoast SEO plugin v27.3 - https:\/\/yoast.com\/product\/yoast-seo-wordpress\/ -->\n<title>Cump\u0103ra\u021bi pastile W-18 - Pastile W-18 de v\u00e2nzare - Cele mai bune medicamente globale<\/title>\n<meta name=\"description\" content=\"Cump\u0103ra\u021bi pastile W-18 de v\u00e2nzare online \u00een Marea Britanie, Europa Costul nostru de livrare \u0219i livrare este 100% sigur \u0219i convenabil. plasa\u021bi comanda pentru pastile W-18 \u0219i ob\u021bine\u021bi o calitate uimitoare de la noi\" \/>\n<meta name=\"robots\" content=\"index, follow, max-snippet:-1, max-image-preview:large, max-video-preview:-1\" \/>\n<link rel=\"canonical\" href=\"https:\/\/medicinasinc.com\/ro\/product\/cumpara-w-18-pastile\/\" \/>\n<meta property=\"og:locale\" content=\"en_US\" \/>\n<meta property=\"og:type\" content=\"article\" \/>\n<meta property=\"og:title\" content=\"Cump\u0103ra\u021bi pastile W-18 - Pastile W-18 de v\u00e2nzare - Cele mai bune medicamente globale\" \/>\n<meta property=\"og:description\" content=\"Cump\u0103ra\u021bi pastile W-18 de v\u00e2nzare online \u00een Marea Britanie, Europa Costul nostru de livrare \u0219i livrare este 100% sigur \u0219i convenabil. plasa\u021bi comanda pentru pastile W-18 \u0219i ob\u021bine\u021bi o calitate uimitoare de la noi\" \/>\n<meta property=\"og:url\" content=\"https:\/\/medicinasinc.com\/ro\/product\/cumpara-w-18-pastile\/\" \/>\n<meta property=\"og:site_name\" content=\"Medicinas Inc\" \/>\n<meta property=\"article:modified_time\" content=\"2022-03-22T00:53:28+00:00\" \/>\n<meta property=\"og:image\" content=\"https:\/\/medicinasinc.com\/ro\/wp-content\/uploads\/sites\/11\/2022\/02\/Buy-W-18-Pills.jpg\" \/>\n\t<meta property=\"og:image:width\" content=\"840\" \/>\n\t<meta property=\"og:image:height\" content=\"781\" \/>\n\t<meta property=\"og:image:type\" content=\"image\/jpeg\" \/>\n<meta name=\"twitter:card\" content=\"summary_large_image\" \/>\n<meta name=\"twitter:label1\" content=\"Est. reading time\" \/>\n\t<meta name=\"twitter:data1\" content=\"1 minute\" \/>\n<script type=\"application\/ld+json\" class=\"yoast-schema-graph\">{\"@context\":\"https:\\\/\\\/schema.org\",\"@graph\":[{\"@type\":\"WebPage\",\"@id\":\"https:\\\/\\\/medicinasinc.com\\\/ro\\\/product\\\/cumpara-w-18-pastile\\\/\",\"url\":\"https:\\\/\\\/medicinasinc.com\\\/ro\\\/product\\\/cumpara-w-18-pastile\\\/\",\"name\":\"Cump\u0103ra\u021bi pastile W-18 - Pastile W-18 de v\u00e2nzare - Cele mai bune medicamente globale\",\"isPartOf\":{\"@id\":\"https:\\\/\\\/medicinasinc.com\\\/ro\\\/#website\"},\"primaryImageOfPage\":{\"@id\":\"https:\\\/\\\/medicinasinc.com\\\/ro\\\/product\\\/cumpara-w-18-pastile\\\/#primaryimage\"},\"image\":{\"@id\":\"https:\\\/\\\/medicinasinc.com\\\/ro\\\/product\\\/cumpara-w-18-pastile\\\/#primaryimage\"},\"thumbnailUrl\":\"https:\\\/\\\/medicinasinc.com\\\/ro\\\/wp-content\\\/uploads\\\/sites\\\/11\\\/2022\\\/02\\\/Buy-W-18-Pills.jpg\",\"datePublished\":\"2022-02-22T02:47:20+00:00\",\"dateModified\":\"2022-03-22T00:53:28+00:00\",\"description\":\"Cump\u0103ra\u021bi pastile W-18 de v\u00e2nzare online \u00een Marea Britanie, Europa Costul nostru de livrare \u0219i livrare este 100% sigur \u0219i convenabil. plasa\u021bi comanda pentru pastile W-18 \u0219i ob\u021bine\u021bi o calitate uimitoare de la noi\",\"breadcrumb\":{\"@id\":\"https:\\\/\\\/medicinasinc.com\\\/ro\\\/product\\\/cumpara-w-18-pastile\\\/#breadcrumb\"},\"inLanguage\":\"en-US\",\"potentialAction\":[{\"@type\":\"ReadAction\",\"target\":[\"https:\\\/\\\/medicinasinc.com\\\/ro\\\/product\\\/cumpara-w-18-pastile\\\/\"]}]},{\"@type\":\"ImageObject\",\"inLanguage\":\"en-US\",\"@id\":\"https:\\\/\\\/medicinasinc.com\\\/ro\\\/product\\\/cumpara-w-18-pastile\\\/#primaryimage\",\"url\":\"https:\\\/\\\/medicinasinc.com\\\/ro\\\/wp-content\\\/uploads\\\/sites\\\/11\\\/2022\\\/02\\\/Buy-W-18-Pills.jpg\",\"contentUrl\":\"https:\\\/\\\/medicinasinc.com\\\/ro\\\/wp-content\\\/uploads\\\/sites\\\/11\\\/2022\\\/02\\\/Buy-W-18-Pills.jpg\",\"width\":840,\"height\":781},{\"@type\":\"BreadcrumbList\",\"@id\":\"https:\\\/\\\/medicinasinc.com\\\/ro\\\/product\\\/cumpara-w-18-pastile\\\/#breadcrumb\",\"itemListElement\":[{\"@type\":\"ListItem\",\"position\":1,\"name\":\"Magazin\",\"item\":\"https:\\\/\\\/medicinasinc.com\\\/ro\\\/magazin\\\/\"},{\"@type\":\"ListItem\",\"position\":2,\"name\":\"Cump\u0103ra\u021bi pastile W-18\"}]},{\"@type\":\"WebSite\",\"@id\":\"https:\\\/\\\/medicinasinc.com\\\/ro\\\/#website\",\"url\":\"https:\\\/\\\/medicinasinc.com\\\/ro\\\/\",\"name\":\"Medicinas Inc\",\"description\":\"Health Medical Clinic\",\"potentialAction\":[{\"@type\":\"SearchAction\",\"target\":{\"@type\":\"EntryPoint\",\"urlTemplate\":\"https:\\\/\\\/medicinasinc.com\\\/ro\\\/?s={search_term_string}\"},\"query-input\":{\"@type\":\"PropertyValueSpecification\",\"valueRequired\":true,\"valueName\":\"search_term_string\"}}],\"inLanguage\":\"en-US\"}]}<\/script>\n<!-- \/ Yoast SEO plugin. -->","yoast_head_json":{"title":"Cump\u0103ra\u021bi pastile W-18 - Pastile W-18 de v\u00e2nzare - Cele mai bune medicamente globale","description":"Cump\u0103ra\u021bi pastile W-18 de v\u00e2nzare online \u00een Marea Britanie, Europa Costul nostru de livrare \u0219i livrare este 100% sigur \u0219i convenabil. plasa\u021bi comanda pentru pastile W-18 \u0219i ob\u021bine\u021bi o calitate uimitoare de la noi","robots":{"index":"index","follow":"follow","max-snippet":"max-snippet:-1","max-image-preview":"max-image-preview:large","max-video-preview":"max-video-preview:-1"},"canonical":"https:\/\/medicinasinc.com\/ro\/product\/cumpara-w-18-pastile\/","og_locale":"en_US","og_type":"article","og_title":"Cump\u0103ra\u021bi pastile W-18 - Pastile W-18 de v\u00e2nzare - Cele mai bune medicamente globale","og_description":"Cump\u0103ra\u021bi pastile W-18 de v\u00e2nzare online \u00een Marea Britanie, Europa Costul nostru de livrare \u0219i livrare este 100% sigur \u0219i convenabil. plasa\u021bi comanda pentru pastile W-18 \u0219i ob\u021bine\u021bi o calitate uimitoare de la noi","og_url":"https:\/\/medicinasinc.com\/ro\/product\/cumpara-w-18-pastile\/","og_site_name":"Medicinas Inc","article_modified_time":"2022-03-22T00:53:28+00:00","og_image":[{"width":840,"height":781,"url":"https:\/\/medicinasinc.com\/ro\/wp-content\/uploads\/sites\/11\/2022\/02\/Buy-W-18-Pills.jpg","type":"image\/jpeg"}],"twitter_card":"summary_large_image","twitter_misc":{"Est. reading time":"1 minute"},"schema":{"@context":"https:\/\/schema.org","@graph":[{"@type":"WebPage","@id":"https:\/\/medicinasinc.com\/ro\/product\/cumpara-w-18-pastile\/","url":"https:\/\/medicinasinc.com\/ro\/product\/cumpara-w-18-pastile\/","name":"Cump\u0103ra\u021bi pastile W-18 - Pastile W-18 de v\u00e2nzare - Cele mai bune medicamente globale","isPartOf":{"@id":"https:\/\/medicinasinc.com\/ro\/#website"},"primaryImageOfPage":{"@id":"https:\/\/medicinasinc.com\/ro\/product\/cumpara-w-18-pastile\/#primaryimage"},"image":{"@id":"https:\/\/medicinasinc.com\/ro\/product\/cumpara-w-18-pastile\/#primaryimage"},"thumbnailUrl":"https:\/\/medicinasinc.com\/ro\/wp-content\/uploads\/sites\/11\/2022\/02\/Buy-W-18-Pills.jpg","datePublished":"2022-02-22T02:47:20+00:00","dateModified":"2022-03-22T00:53:28+00:00","description":"Cump\u0103ra\u021bi pastile W-18 de v\u00e2nzare online \u00een Marea Britanie, Europa Costul nostru de livrare \u0219i livrare este 100% sigur \u0219i convenabil. plasa\u021bi comanda pentru pastile W-18 \u0219i ob\u021bine\u021bi o calitate uimitoare de la noi","breadcrumb":{"@id":"https:\/\/medicinasinc.com\/ro\/product\/cumpara-w-18-pastile\/#breadcrumb"},"inLanguage":"en-US","potentialAction":[{"@type":"ReadAction","target":["https:\/\/medicinasinc.com\/ro\/product\/cumpara-w-18-pastile\/"]}]},{"@type":"ImageObject","inLanguage":"en-US","@id":"https:\/\/medicinasinc.com\/ro\/product\/cumpara-w-18-pastile\/#primaryimage","url":"https:\/\/medicinasinc.com\/ro\/wp-content\/uploads\/sites\/11\/2022\/02\/Buy-W-18-Pills.jpg","contentUrl":"https:\/\/medicinasinc.com\/ro\/wp-content\/uploads\/sites\/11\/2022\/02\/Buy-W-18-Pills.jpg","width":840,"height":781},{"@type":"BreadcrumbList","@id":"https:\/\/medicinasinc.com\/ro\/product\/cumpara-w-18-pastile\/#breadcrumb","itemListElement":[{"@type":"ListItem","position":1,"name":"Magazin","item":"https:\/\/medicinasinc.com\/ro\/magazin\/"},{"@type":"ListItem","position":2,"name":"Cump\u0103ra\u021bi pastile W-18"}]},{"@type":"WebSite","@id":"https:\/\/medicinasinc.com\/ro\/#website","url":"https:\/\/medicinasinc.com\/ro\/","name":"Medicinas Inc","description":"Health Medical Clinic","potentialAction":[{"@type":"SearchAction","target":{"@type":"EntryPoint","urlTemplate":"https:\/\/medicinasinc.com\/ro\/?s={search_term_string}"},"query-input":{"@type":"PropertyValueSpecification","valueRequired":true,"valueName":"search_term_string"}}],"inLanguage":"en-US"}]}},"_links":{"self":[{"href":"https:\/\/medicinasinc.com\/ro\/wp-json\/wp\/v2\/product\/5616","targetHints":{"allow":["GET"]}}],"collection":[{"href":"https:\/\/medicinasinc.com\/ro\/wp-json\/wp\/v2\/product"}],"about":[{"href":"https:\/\/medicinasinc.com\/ro\/wp-json\/wp\/v2\/types\/product"}],"replies":[{"embeddable":true,"href":"https:\/\/medicinasinc.com\/ro\/wp-json\/wp\/v2\/comments?post=5616"}],"wp:featuredmedia":[{"embeddable":true,"href":"https:\/\/medicinasinc.com\/ro\/wp-json\/wp\/v2\/media\/5627"}],"wp:attachment":[{"href":"https:\/\/medicinasinc.com\/ro\/wp-json\/wp\/v2\/media?parent=5616"}],"wp:term":[{"taxonomy":"product_brand","embeddable":true,"href":"https:\/\/medicinasinc.com\/ro\/wp-json\/wp\/v2\/product_brand?post=5616"},{"taxonomy":"product_cat","embeddable":true,"href":"https:\/\/medicinasinc.com\/ro\/wp-json\/wp\/v2\/product_cat?post=5616"},{"taxonomy":"product_tag","embeddable":true,"href":"https:\/\/medicinasinc.com\/ro\/wp-json\/wp\/v2\/product_tag?post=5616"}],"curies":[{"name":"wp","href":"https:\/\/api.w.org\/{rel}","templated":true}]}}