{"id":5615,"date":"2022-02-22T02:46:09","date_gmt":"2022-02-22T02:46:09","guid":{"rendered":"https:\/\/medicinasinc.com\/ro\/?post_type=product&#038;p=5615"},"modified":"2022-03-22T00:53:36","modified_gmt":"2022-03-22T00:53:36","slug":"cumpara-fata-alba-sare-de-baie","status":"publish","type":"product","link":"https:\/\/medicinasinc.com\/ro\/product\/cumpara-fata-alba-sare-de-baie\/","title":{"rendered":"Cump\u0103ra\u021bi sare de baie pentru fete albe"},"content":{"rendered":"<p>Pute\u021bi cump\u0103ra sare de baie pentru fete albe de pe web.<br \/> S\u0103rurile de baie pentru fete albe pot fi cump\u0103rate online. Cum le cump\u0103r?<\/p>\n<p>De unde vrei s\u0103 cumperi s\u0103ruri de baie pentru fete albe? Nu exist\u0103 b\u0103t\u0103i de cap sau st\u00e2ng\u0103ci c\u00e2nd cump\u0103ra\u021bi s\u0103ruri de baie pentru fete albe de la Best Global Meds. Pentru a v\u0103 asigura c\u0103 economisi\u021bi bani atunci c\u00e2nd cump\u0103ra\u021bi s\u0103ruri de baie pentru fete albe din magazinul nostru online de droguri, muncim din greu. C\u00e2nd cump\u0103ra\u021bi ceva de la Chemicals Lab, vrem s\u0103 pl\u0103ti\u021bi mai pu\u021bin \u0219i s\u0103 ob\u021bine\u021bi mai mult.<\/p>\n<p>Cump\u0103ra\u021bi ni\u0219te s\u0103ruri de baie pentru fete albe.<\/p>\n<p>Din surse legitime, pute\u021bi cump\u0103ra baie pentru fete albe. S\u0103ruri online. Vindem cele mai bune produse de baie, cum ar fi s\u0103rurile de baie. S\u0103rurile de baie \u00ee\u021bi vor oferi o baie neted\u0103, senzual\u0103, care te va l\u0103sa s\u0103 te sim\u021bi curat dup\u0103 ce le vei folosi. Cu toate acestea, clien\u021bii no\u0219tri pot fi siguri c\u0103 vor ob\u021bine cele mai bune produse de pe pia\u021b\u0103. Cu toate acestea, vindem \u0219i cump\u0103r\u0103m \u0219i alte s\u0103ruri de baie concentrate la pre\u021buri bune.<\/p>\n<p>S\u0103rurile noastre de baie au un miros puternic.<\/p>\n<p>Exist\u0103 o mul\u021bime de tipuri diferite de s\u0103ruri de baie pentru fete albe, \u0219i sunt menite s\u0103 v\u0103 fac\u0103 experien\u021ba de sc\u0103ldat \u0219i mai bun\u0103. O cantitate mic\u0103 este tot ceea ce este nevoie pentru a face o mare diferen\u021b\u0103. Po\u021bi, totu\u0219i, s\u0103 adaugi doar o cantitate mic\u0103 la o baie fierbinte pentru a \u00eenmuia apa \u00een mod natural, ceea ce te va face s\u0103 te sim\u021bi foarte plin de energie \u0219i fericit dup\u0103. Cu toate acestea, este folosit pentru a ar\u0103ta ca izvoarele termale naturale ale m\u0103rii grece\u0219ti. La \u00eenceput, folose\u0219te foarte pu\u021bin din sarea de baie White Girl, pentru c\u0103 prea mult\u0103 apa ta de baie va murdara \u0219i te va face nefericit. S\u0103rurile de baie pentru fete albe, pe de alt\u0103 parte, v\u0103 pot ajuta s\u0103 ajunge\u021bi \u00een locurile pe care le credea\u021bi imposibile.<\/p>\n","protected":false},"excerpt":{"rendered":"<p>Magazinul nostru Bestglobalmeds.com vinde sare de baie pentru fete albe spre v\u00e2nzare \u00een Marea Britanie, Europa \u0219i \u00een \u00eentreaga lume! Pute\u021bi cump\u0103ra cea mai bun\u0103 sare de baie pentru fete albe de aici!<\/p>\n<p>Pre\u021bul s\u0103rurilor de baie pentru fete albe de pe internet poate fi prea mare.<\/p>\n<p>La Best Global Meds, pute\u021bi cump\u0103ra fete albe. s\u0103ruri de baie din confortul propriei case. S\u0103rurile de baie White Girl sunt de v\u00e2nzare.<\/p>\n<p>\u00cen acest caz, pute\u021bi cump\u0103ra s\u0103ruri de baie de pe internet White Girl 500 mg Sare de baie<\/p>\n<p>Best Global Meds vinde s\u0103ruri de baie de \u00eenalt\u0103 calitate care vor v\u0103 ofer\u0103 o baie fin\u0103, senzual\u0103, care v\u0103 va l\u0103sa s\u0103 v\u0103 sim\u021bi\u021bi curat.<\/p>\n<p>C\u00e2nd cump\u0103ra\u021bi online s\u0103ruri de baie pentru fete albe de la noi, pute\u021bi fi sigur c\u0103 acestea vor fi cele mai bune pe care le pute\u021bi ob\u021bine. Vindem \u0219i cump\u0103r\u0103m alte s\u0103ruri de baie concentrate la pre\u021buri bune.<\/p>\n<p>S\u0103rurile noastre de baie au un miros puternic.<\/p>\n<div class=\"product-next-previous\">\n<div class=\"product- prev\"><\/div>\n<\/p><\/div>\n","protected":false},"featured_media":5625,"comment_status":"open","ping_status":"closed","template":"","meta":[],"product_brand":[],"product_cat":[2014],"product_tag":[3299,3300,3302,3303,3301,3305,3306,3304],"class_list":{"0":"post-5615","1":"product","2":"type-product","3":"status-publish","4":"has-post-thumbnail","6":"product_cat-cumprare-cercetare-chimice","7":"product_tag-buy-concentrated-white-girl-500mg-bath-salt-online","8":"product_tag-buy-white-girl-bath-salts-online","9":"product_tag-comand-online-sruri-de-baie-fat-alb","10":"product_tag-de-unde-s-cumprare-sruri-de-baie-de-fat-alb","11":"product_tag-concentrat-de-fata-alba-500mg-saruri-de-baie","12":"product_tag-alb-fat-sruri-de-baie","13":"product_tag-saruri-de-baie-alba-fata-de-vanzare","14":"product_tag-white-girl-500mg-sare-de-baie-online","16":"first","17":"instock","18":"shipping-taxable","19":"purchasable","20":"product-type-variable","21":"has-default-attributes"},"yoast_head":"<!-- This site is optimized with the Yoast SEO plugin v27.3 - https:\/\/yoast.com\/product\/yoast-seo-wordpress\/ -->\n<title>Cump\u0103ra\u021bi sare de baie pentru fete albe - sare de baie de v\u00e2nzare - cele mai bune medicamente globale<\/title>\n<meta name=\"description\" content=\"caut s\u0103 cump\u0103ra\u021bi sare de baie White Girl de v\u00e2nzare Marea Britanie, Europa \u00een magazinul nostru Bestglobalmeds.com cu livrare rapid\u0103 \u00een toat\u0103 lumea! Cea mai bun\u0103 sare de baie pentru fat\u0103 alb\u0103 pentru comand\u0103 o vei g\u0103si aici!\" \/>\n<meta name=\"robots\" content=\"index, follow, max-snippet:-1, max-image-preview:large, max-video-preview:-1\" \/>\n<link rel=\"canonical\" href=\"https:\/\/medicinasinc.com\/ro\/product\/cumpara-fata-alba-sare-de-baie\/\" \/>\n<meta property=\"og:locale\" content=\"en_US\" \/>\n<meta property=\"og:type\" content=\"article\" \/>\n<meta property=\"og:title\" content=\"Cump\u0103ra\u021bi sare de baie pentru fete albe - sare de baie de v\u00e2nzare - cele mai bune medicamente globale\" \/>\n<meta property=\"og:description\" content=\"caut s\u0103 cump\u0103ra\u021bi sare de baie White Girl de v\u00e2nzare Marea Britanie, Europa \u00een magazinul nostru Bestglobalmeds.com cu livrare rapid\u0103 \u00een toat\u0103 lumea! Cea mai bun\u0103 sare de baie pentru fat\u0103 alb\u0103 pentru comand\u0103 o vei g\u0103si aici!\" \/>\n<meta property=\"og:url\" content=\"https:\/\/medicinasinc.com\/ro\/product\/cumpara-fata-alba-sare-de-baie\/\" \/>\n<meta property=\"og:site_name\" content=\"Medicinas Inc\" \/>\n<meta property=\"article:modified_time\" content=\"2022-03-22T00:53:36+00:00\" \/>\n<meta property=\"og:image\" content=\"https:\/\/medicinasinc.com\/ro\/wp-content\/uploads\/sites\/11\/2022\/02\/Buy-White-Girl-Bath-Salt.jpg\" \/>\n\t<meta property=\"og:image:width\" content=\"600\" \/>\n\t<meta property=\"og:image:height\" content=\"600\" \/>\n\t<meta property=\"og:image:type\" content=\"image\/jpeg\" \/>\n<meta name=\"twitter:card\" content=\"summary_large_image\" \/>\n<meta name=\"twitter:label1\" content=\"Est. reading time\" \/>\n\t<meta name=\"twitter:data1\" content=\"2 minutes\" \/>\n<script type=\"application\/ld+json\" class=\"yoast-schema-graph\">{\"@context\":\"https:\\\/\\\/schema.org\",\"@graph\":[{\"@type\":\"WebPage\",\"@id\":\"https:\\\/\\\/medicinasinc.com\\\/ro\\\/product\\\/cumpara-fata-alba-sare-de-baie\\\/\",\"url\":\"https:\\\/\\\/medicinasinc.com\\\/ro\\\/product\\\/cumpara-fata-alba-sare-de-baie\\\/\",\"name\":\"Cump\u0103ra\u021bi sare de baie pentru fete albe - sare de baie de v\u00e2nzare - cele mai bune medicamente globale\",\"isPartOf\":{\"@id\":\"https:\\\/\\\/medicinasinc.com\\\/ro\\\/#website\"},\"primaryImageOfPage\":{\"@id\":\"https:\\\/\\\/medicinasinc.com\\\/ro\\\/product\\\/cumpara-fata-alba-sare-de-baie\\\/#primaryimage\"},\"image\":{\"@id\":\"https:\\\/\\\/medicinasinc.com\\\/ro\\\/product\\\/cumpara-fata-alba-sare-de-baie\\\/#primaryimage\"},\"thumbnailUrl\":\"https:\\\/\\\/medicinasinc.com\\\/ro\\\/wp-content\\\/uploads\\\/sites\\\/11\\\/2022\\\/02\\\/Buy-White-Girl-Bath-Salt.jpg\",\"datePublished\":\"2022-02-22T02:46:09+00:00\",\"dateModified\":\"2022-03-22T00:53:36+00:00\",\"description\":\"caut s\u0103 cump\u0103ra\u021bi sare de baie White Girl de v\u00e2nzare Marea Britanie, Europa \u00een magazinul nostru Bestglobalmeds.com cu livrare rapid\u0103 \u00een toat\u0103 lumea! Cea mai bun\u0103 sare de baie pentru fat\u0103 alb\u0103 pentru comand\u0103 o vei g\u0103si aici!\",\"breadcrumb\":{\"@id\":\"https:\\\/\\\/medicinasinc.com\\\/ro\\\/product\\\/cumpara-fata-alba-sare-de-baie\\\/#breadcrumb\"},\"inLanguage\":\"en-US\",\"potentialAction\":[{\"@type\":\"ReadAction\",\"target\":[\"https:\\\/\\\/medicinasinc.com\\\/ro\\\/product\\\/cumpara-fata-alba-sare-de-baie\\\/\"]}]},{\"@type\":\"ImageObject\",\"inLanguage\":\"en-US\",\"@id\":\"https:\\\/\\\/medicinasinc.com\\\/ro\\\/product\\\/cumpara-fata-alba-sare-de-baie\\\/#primaryimage\",\"url\":\"https:\\\/\\\/medicinasinc.com\\\/ro\\\/wp-content\\\/uploads\\\/sites\\\/11\\\/2022\\\/02\\\/Buy-White-Girl-Bath-Salt.jpg\",\"contentUrl\":\"https:\\\/\\\/medicinasinc.com\\\/ro\\\/wp-content\\\/uploads\\\/sites\\\/11\\\/2022\\\/02\\\/Buy-White-Girl-Bath-Salt.jpg\",\"width\":600,\"height\":600},{\"@type\":\"BreadcrumbList\",\"@id\":\"https:\\\/\\\/medicinasinc.com\\\/ro\\\/product\\\/cumpara-fata-alba-sare-de-baie\\\/#breadcrumb\",\"itemListElement\":[{\"@type\":\"ListItem\",\"position\":1,\"name\":\"Magazin\",\"item\":\"https:\\\/\\\/medicinasinc.com\\\/ro\\\/magazin\\\/\"},{\"@type\":\"ListItem\",\"position\":2,\"name\":\"Cump\u0103ra\u021bi sare de baie pentru fete albe\"}]},{\"@type\":\"WebSite\",\"@id\":\"https:\\\/\\\/medicinasinc.com\\\/ro\\\/#website\",\"url\":\"https:\\\/\\\/medicinasinc.com\\\/ro\\\/\",\"name\":\"Medicinas Inc\",\"description\":\"Health Medical Clinic\",\"potentialAction\":[{\"@type\":\"SearchAction\",\"target\":{\"@type\":\"EntryPoint\",\"urlTemplate\":\"https:\\\/\\\/medicinasinc.com\\\/ro\\\/?s={search_term_string}\"},\"query-input\":{\"@type\":\"PropertyValueSpecification\",\"valueRequired\":true,\"valueName\":\"search_term_string\"}}],\"inLanguage\":\"en-US\"}]}<\/script>\n<!-- \/ Yoast SEO plugin. -->","yoast_head_json":{"title":"Cump\u0103ra\u021bi sare de baie pentru fete albe - sare de baie de v\u00e2nzare - cele mai bune medicamente globale","description":"caut s\u0103 cump\u0103ra\u021bi sare de baie White Girl de v\u00e2nzare Marea Britanie, Europa \u00een magazinul nostru Bestglobalmeds.com cu livrare rapid\u0103 \u00een toat\u0103 lumea! Cea mai bun\u0103 sare de baie pentru fat\u0103 alb\u0103 pentru comand\u0103 o vei g\u0103si aici!","robots":{"index":"index","follow":"follow","max-snippet":"max-snippet:-1","max-image-preview":"max-image-preview:large","max-video-preview":"max-video-preview:-1"},"canonical":"https:\/\/medicinasinc.com\/ro\/product\/cumpara-fata-alba-sare-de-baie\/","og_locale":"en_US","og_type":"article","og_title":"Cump\u0103ra\u021bi sare de baie pentru fete albe - sare de baie de v\u00e2nzare - cele mai bune medicamente globale","og_description":"caut s\u0103 cump\u0103ra\u021bi sare de baie White Girl de v\u00e2nzare Marea Britanie, Europa \u00een magazinul nostru Bestglobalmeds.com cu livrare rapid\u0103 \u00een toat\u0103 lumea! Cea mai bun\u0103 sare de baie pentru fat\u0103 alb\u0103 pentru comand\u0103 o vei g\u0103si aici!","og_url":"https:\/\/medicinasinc.com\/ro\/product\/cumpara-fata-alba-sare-de-baie\/","og_site_name":"Medicinas Inc","article_modified_time":"2022-03-22T00:53:36+00:00","og_image":[{"width":600,"height":600,"url":"https:\/\/medicinasinc.com\/ro\/wp-content\/uploads\/sites\/11\/2022\/02\/Buy-White-Girl-Bath-Salt.jpg","type":"image\/jpeg"}],"twitter_card":"summary_large_image","twitter_misc":{"Est. reading time":"2 minutes"},"schema":{"@context":"https:\/\/schema.org","@graph":[{"@type":"WebPage","@id":"https:\/\/medicinasinc.com\/ro\/product\/cumpara-fata-alba-sare-de-baie\/","url":"https:\/\/medicinasinc.com\/ro\/product\/cumpara-fata-alba-sare-de-baie\/","name":"Cump\u0103ra\u021bi sare de baie pentru fete albe - sare de baie de v\u00e2nzare - cele mai bune medicamente globale","isPartOf":{"@id":"https:\/\/medicinasinc.com\/ro\/#website"},"primaryImageOfPage":{"@id":"https:\/\/medicinasinc.com\/ro\/product\/cumpara-fata-alba-sare-de-baie\/#primaryimage"},"image":{"@id":"https:\/\/medicinasinc.com\/ro\/product\/cumpara-fata-alba-sare-de-baie\/#primaryimage"},"thumbnailUrl":"https:\/\/medicinasinc.com\/ro\/wp-content\/uploads\/sites\/11\/2022\/02\/Buy-White-Girl-Bath-Salt.jpg","datePublished":"2022-02-22T02:46:09+00:00","dateModified":"2022-03-22T00:53:36+00:00","description":"caut s\u0103 cump\u0103ra\u021bi sare de baie White Girl de v\u00e2nzare Marea Britanie, Europa \u00een magazinul nostru Bestglobalmeds.com cu livrare rapid\u0103 \u00een toat\u0103 lumea! Cea mai bun\u0103 sare de baie pentru fat\u0103 alb\u0103 pentru comand\u0103 o vei g\u0103si aici!","breadcrumb":{"@id":"https:\/\/medicinasinc.com\/ro\/product\/cumpara-fata-alba-sare-de-baie\/#breadcrumb"},"inLanguage":"en-US","potentialAction":[{"@type":"ReadAction","target":["https:\/\/medicinasinc.com\/ro\/product\/cumpara-fata-alba-sare-de-baie\/"]}]},{"@type":"ImageObject","inLanguage":"en-US","@id":"https:\/\/medicinasinc.com\/ro\/product\/cumpara-fata-alba-sare-de-baie\/#primaryimage","url":"https:\/\/medicinasinc.com\/ro\/wp-content\/uploads\/sites\/11\/2022\/02\/Buy-White-Girl-Bath-Salt.jpg","contentUrl":"https:\/\/medicinasinc.com\/ro\/wp-content\/uploads\/sites\/11\/2022\/02\/Buy-White-Girl-Bath-Salt.jpg","width":600,"height":600},{"@type":"BreadcrumbList","@id":"https:\/\/medicinasinc.com\/ro\/product\/cumpara-fata-alba-sare-de-baie\/#breadcrumb","itemListElement":[{"@type":"ListItem","position":1,"name":"Magazin","item":"https:\/\/medicinasinc.com\/ro\/magazin\/"},{"@type":"ListItem","position":2,"name":"Cump\u0103ra\u021bi sare de baie pentru fete albe"}]},{"@type":"WebSite","@id":"https:\/\/medicinasinc.com\/ro\/#website","url":"https:\/\/medicinasinc.com\/ro\/","name":"Medicinas Inc","description":"Health Medical Clinic","potentialAction":[{"@type":"SearchAction","target":{"@type":"EntryPoint","urlTemplate":"https:\/\/medicinasinc.com\/ro\/?s={search_term_string}"},"query-input":{"@type":"PropertyValueSpecification","valueRequired":true,"valueName":"search_term_string"}}],"inLanguage":"en-US"}]}},"_links":{"self":[{"href":"https:\/\/medicinasinc.com\/ro\/wp-json\/wp\/v2\/product\/5615","targetHints":{"allow":["GET"]}}],"collection":[{"href":"https:\/\/medicinasinc.com\/ro\/wp-json\/wp\/v2\/product"}],"about":[{"href":"https:\/\/medicinasinc.com\/ro\/wp-json\/wp\/v2\/types\/product"}],"replies":[{"embeddable":true,"href":"https:\/\/medicinasinc.com\/ro\/wp-json\/wp\/v2\/comments?post=5615"}],"wp:featuredmedia":[{"embeddable":true,"href":"https:\/\/medicinasinc.com\/ro\/wp-json\/wp\/v2\/media\/5625"}],"wp:attachment":[{"href":"https:\/\/medicinasinc.com\/ro\/wp-json\/wp\/v2\/media?parent=5615"}],"wp:term":[{"taxonomy":"product_brand","embeddable":true,"href":"https:\/\/medicinasinc.com\/ro\/wp-json\/wp\/v2\/product_brand?post=5615"},{"taxonomy":"product_cat","embeddable":true,"href":"https:\/\/medicinasinc.com\/ro\/wp-json\/wp\/v2\/product_cat?post=5615"},{"taxonomy":"product_tag","embeddable":true,"href":"https:\/\/medicinasinc.com\/ro\/wp-json\/wp\/v2\/product_tag?post=5615"}],"curies":[{"name":"wp","href":"https:\/\/api.w.org\/{rel}","templated":true}]}}