{"id":5614,"date":"2022-02-22T02:44:39","date_gmt":"2022-02-22T02:44:39","guid":{"rendered":"https:\/\/medicinasinc.com\/ro\/?post_type=product&#038;p=5614"},"modified":"2022-03-22T00:53:45","modified_gmt":"2022-03-22T00:53:45","slug":"cumpara-bk-etil-k-cristale","status":"publish","type":"product","link":"https:\/\/medicinasinc.com\/ro\/product\/cumpara-bk-etil-k-cristale\/","title":{"rendered":"Cump\u0103ra\u021bi cristale bk-Ethyl-K"},"content":{"rendered":"<p>Cump\u0103ra\u021bi bk-Ethyl-K Chemical online de la un angrosist.<\/p>\n<p>Bk-Ethyl-K Chemical poate fi cump\u0103rat \u00een vrac.<\/p>\n<p>BKK-ethyl-k<\/p>\n<p>Este cunoscut \u0219i sub numele de Ethylone, care este un energizant entactogen. Este adesea numit\u0103 3,4-metilendioxi-N-etilcatinon\u0103, dar acesta nu este \u00eentotdeauna numele corect. Etilona se nume\u0219te 1-(1,3-Benzodioxol-5-il)-2-(metilamino)-1-propanon\u0103 deoarece are un nume util. Formula: C12H15NO3 are o mas\u0103 normal\u0103 de 221,251999 Da \u0219i o mas\u0103 monoizotopic\u0103 de 221,104996 Da. Aceasta este formula subnuclear\u0103. Cel mai bun loc pentru a cump\u0103ra etilen\u0103 este China. Ethylone este o piatr\u0103 valoroas\u0103 care poate fi cump\u0103rat\u0103. Cump\u0103ra\u021bi pietre de etil care sunt valoroase. Furnizor de Ethylone. Cump\u0103ra\u021bi etilen\u0103 cu reducere. rabat Ethylone<\/p>\n<p>Noul stimulent bk-Ethyl-K este un medicament produs de un designer. Este un analog al amfetaminei. Nu exist\u0103 probleme la vam\u0103 cu noua formul\u0103.<\/p>\n<table class=\"t1\" cellspacing=\"0\" cellpadding=\"0\">\n<tbody>\n<tr>\n<td class=\"td1\" valign=\"top \">\n<p class=\"p3\"><span class=\"s1\"><b>Sinonime<\/b><\/span><\/p>\n<\/td>\n<td class=\"td2\" valign=\"top\">\n<p class=\"p3\"><a href=\"https:\/\/www.bestglobalmeds.com\/product\/research-chemicals\/buy-bk-ethyl-k-crystals\/\"><span class=\"s1\"> bk-Etil-K<\/span><\/a><\/p>\n<\/td>\n<\/tr>\n<tr>\n<td class=\"td3\" valign=\"top\">\n<p class=\"p3\"><span class=\"s1\"><b>IUPAC<\/b><\/span><\/p>\n<\/td>\n<td class=\"td4\" valign=\"top\">\n<p class=\"p3\"><span class=\"s1\">1-(benzo[d][1,3]dioxol-5-il)-2-(etilamino)pentan-1-on\u0103<\/span><\/p>\n<\/td>\n<\/tr>\n<tr>\n<td class=\"td1\" valign=\"top\">\n<p class=\"p3\"><span class=\"s1\"><b>Formul\u0103<\/b><\/span><\/p>\n<\/td>\n<td class=\"td2\" valign=\"top\">\n<p class=\"p3\"><span class=\"s1\">Nu<\/span><\/p>\n<\/td>\n<\/tr>\n<tr>\n<td class=\"td3\" valign=\"top\">\n<p class=\"p3\"><span class=\"s1\"><b>Greutate molecular\u0103<\/b><\/span><\/p>\n<\/td>\n<td class=\"td4\" valign=\"top\">\n<p class=\"p3\"><span class=\"s1\">Nu <\/span><\/p>\n<\/td>\n<\/tr>\n<tr>\n<td class=\"td1\" valign=\"top\">\n<p class=\"p3\"><span class=\"s1\"><b>CAS<\/b><\/span><\/p>\n<\/td>\n<td class=\"td2\" valign=\"top\">\n<p class=\"p3\"><span class=\"s1\">Nu<\/span><\/p>\n<\/td>\n<\/tr>\n<tr>\n<td class=\"td3\" valign=\"top\">\n<p class=\"p3\"><span class=\"s1\"><b>Aspect <\/b><\/span><\/p>\n<\/td>\n<td class=\"td4\" valign=\"top\">\n<p class=\"p3\"><span class=\"s1\">Nu<\/span> <\/p>\n<\/td>\n<\/tr>\n<tr>\n<td class=\"td1\" valign=\"top\">\n<p class=\"p3\"><span class=\"s1\"><b>Puritate<\/p>\n<p> b&gt;<\/span><\/p>\n<\/td>\n<td class=\"td2\" valign=\"top\">\n<p class=\"p3\"><span class=\"s1\">\u2265 99 %<\/span> <\/p>\n<\/td>\n<\/tr>\n<\/tbody>\n<\/table>\n<p><img loading=\"lazy\" decoding=\"async\" class=\"alignnone wp-image-923 size-full lazyloaded\" style=\"border: 0px;vertical-align: middle;height: auto;max-width: 100%\" src=\"https:\/\/i2.wp.com\/chemspro.com\/wp-content\/uploads\/sites\/11\/2017\/04\/bk-ethyl-k- e1570866136196.jpg?resize=260%2C185&amp;ssl=1\" alt=\"bk-Ethyl-K \" width=\"260\" height=\"185\" data-attachment-id=\"923\" data-permalink=\"https:\/ \/chemspro.com\/stimulants\/bk-ethyl-k-crystals.htm l\/attachment\/bk-ethyl-k\" data-orig-file=\"https:\/\/i2.wp.com\/chemspro.com\/wp-content\/uploads\/sites\/11\/2017\/04\/bk-ethyl-k -e1570866136196.jpg?fit=260%2C185&amp;ssl=1\" data-orig-size=\"260,185\" data-comments-opened=\"1\" data-image-meta=\"{&quot;aperture&quot;:&quot;0&quot; ,&quot;credit&quot;:&quot;&quot;,&quot;camera&quot;:&quot;&quot;,&quot;caption&quot;:&quot;&quot;,&quot;created_timestamp&quot;:&quot;0&quot;,&quot;copyright&quot;:&quot;&quot;; ,&quot;distanta_focala&quot;:&quot;0&quot;,&quot;izo&quot;:&quot;0&quot;,&quot;viteza_obturatorului&quot;:&quot;0&quot;,&quot;titlu&quot;:&quot;&quot;,&quot;orientare&quot;:&quot;0&quot; }\" data-image-title=\"bk-ethyl-k\" data-image-description=\"&lt;p&gt;bk-Etil-K &lt;\/p&gt; \" data-image-caption=\"\" data-medium-file=\"https:\/\/i2.wp.com\/chemspro.com\/wp-content\/uploads\/sites\/11\/2017\/04\/bk-ethyl-k- e1570866136196.jpg?fit=300%2C213&amp;ssl=1\" data-large-file=\"https:\/\/i2.wp.com\/chemspro.com\/wp-content\/uploads\/sites\/11\/2017\/04\/bk -ethyl-k-e1570866136196.jpg?fit=260%2C185&amp;ssl=1\" data-recalc-dims=\"1\" data-src=\"https:\/\/i2.wp.com\/chemspro.com\/wp-content \/uploads\/sites\/11\/2017\/04\/bk-ethyl-k-e1570866136196.jpg?resize=260%2C185&amp;ssl=1\" \/><\/p>\n<p>Persoane care cump\u0103r\u0103 Bk-Ethyl-K de la acest site-ul ar trebui s\u0103-l foloseasc\u0103 pentru cercetare \u0219i criminalistic\u0103. Bk-Ethyl-K face parte din familiile chimice catinone \u0219i amfetamine. Aceasta este greutatea formulei: 285,8 g-mol<\/p>\n<p>Nimeni nu \u0219tie ce se va \u00eent\u00e2mpla cu tine dup\u0103 ce ai luat bk-Ethyl-K, dar pot fi unele.<\/p>\n<p>Totul complet denumirea chimic\u0103 este bk-Etil-K: 1- (benzo [d] [1,3] dioxol-5-il) -2- (etilamino) pentan-1-ona este prima.<\/p>\n<p> Depozitare: \u00eentr-un loc r\u0103coros \u0219i uscat. Termenii bk-Ethyl-K pot dura p\u00e2n\u0103 la doi ani dac\u0103 sunt depozita\u021bi \u00een mod corect.<\/p>\n","protected":false},"excerpt":{"rendered":"<div class=\"woocommerce-product-details__short-description\">\n<p>\u00cen magazinul nostru Bestglobalmeds.com, pute\u021bi cump\u0103ra cristale bk-Ethyl-K ieftine de v\u00e2nzare \u00een Marea Britanie, Europa \u0219i peste tot \u00een lume! Aici pute\u021bi cump\u0103ra cele mai bune cristale bk-Ethyl-K la comand\u0103.<\/p>\n<p>Cump\u0103ra\u021bi online bk-Ethyl-K Chemical de la un angrosist. substan\u021be chimice de cercetare ieftine care au cea mai bun\u0103 puritate pentru cercetare<\/p>\n<p>.<\/p>\n<\/p><\/div>\n","protected":false},"featured_media":5623,"comment_status":"open","ping_status":"closed","template":"","meta":[],"product_brand":[],"product_cat":[2014],"product_tag":[3281,3282,3283,3284,3285,3286,3290,3291,3292,3293,3294,3296,3295,3288,3289,3287,3298,3297],"class_list":{"0":"post-5614","1":"product","2":"type-product","3":"status-publish","4":"has-post-thumbnail","6":"product_cat-cumprare-cercetare-chimice","7":"product_tag-best-bk-ethyl-k-crystals-wholesale","8":"product_tag-best-place-to-buy-bk-ethyl-k-crystals","9":"product_tag-best-place-to-buy-mxe","10":"product_tag-bk-ethyl-k-crystals","11":"product_tag-bk-ethyl-k-crystals-buy","12":"product_tag-bk-etil-k-cristale-cumpara-europe","13":"product_tag-bk-ethyl-k-crystals-order","14":"product_tag-bk-ethyl-k-crystals-reddit","15":"product_tag-buy-bk-ethyl-k-crystals","16":"product_tag-buy-bk-ethyl-k-crystals-europe","17":"product_tag-buy-bk-ethyl-k-crystals-uk","18":"product_tag-comanda-bk-etil-k-cristale-uk","19":"product_tag-dmt-order","20":"product_tag-bk-etil-k-cristale-de-vanzare","21":"product_tag-bk-etil-k-cristale-patine","22":"product_tag-bk-etil-k-cristale-efect","23":"product_tag-en-gros-bk-etil-k-cristale","24":"product_tag-retail-bk-etil-k-cristale","26":"first","27":"instock","28":"shipping-taxable","29":"purchasable","30":"product-type-variable","31":"has-default-attributes"},"yoast_head":"<!-- This site is optimized with the Yoast SEO plugin v27.3 - https:\/\/yoast.com\/product\/yoast-seo-wordpress\/ -->\n<title>Cump\u0103ra\u021bi cristale bk-Ethyl-K - bk-Ethyl-K Online - Cele mai bune medicamente globale<\/title>\n<meta name=\"description\" content=\"C\u0103uta\u021bi s\u0103 cump\u0103ra\u021bi cristale bk-Ethyl-K ieftine de v\u00e2nzare Marea Britanie, Europa \u00een magazinul nostru Bestglobalmeds, cu livrare rapid\u0103 \u00een toat\u0103 lumea! Cele mai bune cristale bk-Ethyl-K pentru comand\u0103 le g\u0103si\u021bi aici!\" \/>\n<meta name=\"robots\" content=\"index, follow, max-snippet:-1, max-image-preview:large, max-video-preview:-1\" \/>\n<link rel=\"canonical\" href=\"https:\/\/medicinasinc.com\/ro\/product\/cumpara-bk-etil-k-cristale\/\" \/>\n<meta property=\"og:locale\" content=\"en_US\" \/>\n<meta property=\"og:type\" content=\"article\" \/>\n<meta property=\"og:title\" content=\"Cump\u0103ra\u021bi cristale bk-Ethyl-K - bk-Ethyl-K Online - Cele mai bune medicamente globale\" \/>\n<meta property=\"og:description\" content=\"C\u0103uta\u021bi s\u0103 cump\u0103ra\u021bi cristale bk-Ethyl-K ieftine de v\u00e2nzare Marea Britanie, Europa \u00een magazinul nostru Bestglobalmeds, cu livrare rapid\u0103 \u00een toat\u0103 lumea! Cele mai bune cristale bk-Ethyl-K pentru comand\u0103 le g\u0103si\u021bi aici!\" \/>\n<meta property=\"og:url\" content=\"https:\/\/medicinasinc.com\/ro\/product\/cumpara-bk-etil-k-cristale\/\" \/>\n<meta property=\"og:site_name\" content=\"Medicinas Inc\" \/>\n<meta property=\"article:modified_time\" content=\"2022-03-22T00:53:45+00:00\" \/>\n<meta property=\"og:image\" content=\"https:\/\/medicinasinc.com\/ro\/wp-content\/uploads\/sites\/11\/2022\/02\/Buy-bk-Ethyl-K-Crystals.jpg\" \/>\n\t<meta property=\"og:image:width\" content=\"600\" \/>\n\t<meta property=\"og:image:height\" content=\"600\" \/>\n\t<meta property=\"og:image:type\" content=\"image\/jpeg\" \/>\n<meta name=\"twitter:card\" content=\"summary_large_image\" \/>\n<meta name=\"twitter:label1\" content=\"Est. reading time\" \/>\n\t<meta name=\"twitter:data1\" content=\"2 minutes\" \/>\n<script type=\"application\/ld+json\" class=\"yoast-schema-graph\">{\"@context\":\"https:\\\/\\\/schema.org\",\"@graph\":[{\"@type\":\"WebPage\",\"@id\":\"https:\\\/\\\/medicinasinc.com\\\/ro\\\/product\\\/cumpara-bk-etil-k-cristale\\\/\",\"url\":\"https:\\\/\\\/medicinasinc.com\\\/ro\\\/product\\\/cumpara-bk-etil-k-cristale\\\/\",\"name\":\"Cump\u0103ra\u021bi cristale bk-Ethyl-K - bk-Ethyl-K Online - Cele mai bune medicamente globale\",\"isPartOf\":{\"@id\":\"https:\\\/\\\/medicinasinc.com\\\/ro\\\/#website\"},\"primaryImageOfPage\":{\"@id\":\"https:\\\/\\\/medicinasinc.com\\\/ro\\\/product\\\/cumpara-bk-etil-k-cristale\\\/#primaryimage\"},\"image\":{\"@id\":\"https:\\\/\\\/medicinasinc.com\\\/ro\\\/product\\\/cumpara-bk-etil-k-cristale\\\/#primaryimage\"},\"thumbnailUrl\":\"https:\\\/\\\/medicinasinc.com\\\/ro\\\/wp-content\\\/uploads\\\/sites\\\/11\\\/2022\\\/02\\\/Buy-bk-Ethyl-K-Crystals.jpg\",\"datePublished\":\"2022-02-22T02:44:39+00:00\",\"dateModified\":\"2022-03-22T00:53:45+00:00\",\"description\":\"C\u0103uta\u021bi s\u0103 cump\u0103ra\u021bi cristale bk-Ethyl-K ieftine de v\u00e2nzare Marea Britanie, Europa \u00een magazinul nostru Bestglobalmeds, cu livrare rapid\u0103 \u00een toat\u0103 lumea! Cele mai bune cristale bk-Ethyl-K pentru comand\u0103 le g\u0103si\u021bi aici!\",\"breadcrumb\":{\"@id\":\"https:\\\/\\\/medicinasinc.com\\\/ro\\\/product\\\/cumpara-bk-etil-k-cristale\\\/#breadcrumb\"},\"inLanguage\":\"en-US\",\"potentialAction\":[{\"@type\":\"ReadAction\",\"target\":[\"https:\\\/\\\/medicinasinc.com\\\/ro\\\/product\\\/cumpara-bk-etil-k-cristale\\\/\"]}]},{\"@type\":\"ImageObject\",\"inLanguage\":\"en-US\",\"@id\":\"https:\\\/\\\/medicinasinc.com\\\/ro\\\/product\\\/cumpara-bk-etil-k-cristale\\\/#primaryimage\",\"url\":\"https:\\\/\\\/medicinasinc.com\\\/ro\\\/wp-content\\\/uploads\\\/sites\\\/11\\\/2022\\\/02\\\/Buy-bk-Ethyl-K-Crystals.jpg\",\"contentUrl\":\"https:\\\/\\\/medicinasinc.com\\\/ro\\\/wp-content\\\/uploads\\\/sites\\\/11\\\/2022\\\/02\\\/Buy-bk-Ethyl-K-Crystals.jpg\",\"width\":600,\"height\":600},{\"@type\":\"BreadcrumbList\",\"@id\":\"https:\\\/\\\/medicinasinc.com\\\/ro\\\/product\\\/cumpara-bk-etil-k-cristale\\\/#breadcrumb\",\"itemListElement\":[{\"@type\":\"ListItem\",\"position\":1,\"name\":\"Magazin\",\"item\":\"https:\\\/\\\/medicinasinc.com\\\/ro\\\/magazin\\\/\"},{\"@type\":\"ListItem\",\"position\":2,\"name\":\"Cump\u0103ra\u021bi cristale bk-Ethyl-K\"}]},{\"@type\":\"WebSite\",\"@id\":\"https:\\\/\\\/medicinasinc.com\\\/ro\\\/#website\",\"url\":\"https:\\\/\\\/medicinasinc.com\\\/ro\\\/\",\"name\":\"Medicinas Inc\",\"description\":\"Health Medical Clinic\",\"potentialAction\":[{\"@type\":\"SearchAction\",\"target\":{\"@type\":\"EntryPoint\",\"urlTemplate\":\"https:\\\/\\\/medicinasinc.com\\\/ro\\\/?s={search_term_string}\"},\"query-input\":{\"@type\":\"PropertyValueSpecification\",\"valueRequired\":true,\"valueName\":\"search_term_string\"}}],\"inLanguage\":\"en-US\"}]}<\/script>\n<!-- \/ Yoast SEO plugin. -->","yoast_head_json":{"title":"Cump\u0103ra\u021bi cristale bk-Ethyl-K - bk-Ethyl-K Online - Cele mai bune medicamente globale","description":"C\u0103uta\u021bi s\u0103 cump\u0103ra\u021bi cristale bk-Ethyl-K ieftine de v\u00e2nzare Marea Britanie, Europa \u00een magazinul nostru Bestglobalmeds, cu livrare rapid\u0103 \u00een toat\u0103 lumea! Cele mai bune cristale bk-Ethyl-K pentru comand\u0103 le g\u0103si\u021bi aici!","robots":{"index":"index","follow":"follow","max-snippet":"max-snippet:-1","max-image-preview":"max-image-preview:large","max-video-preview":"max-video-preview:-1"},"canonical":"https:\/\/medicinasinc.com\/ro\/product\/cumpara-bk-etil-k-cristale\/","og_locale":"en_US","og_type":"article","og_title":"Cump\u0103ra\u021bi cristale bk-Ethyl-K - bk-Ethyl-K Online - Cele mai bune medicamente globale","og_description":"C\u0103uta\u021bi s\u0103 cump\u0103ra\u021bi cristale bk-Ethyl-K ieftine de v\u00e2nzare Marea Britanie, Europa \u00een magazinul nostru Bestglobalmeds, cu livrare rapid\u0103 \u00een toat\u0103 lumea! Cele mai bune cristale bk-Ethyl-K pentru comand\u0103 le g\u0103si\u021bi aici!","og_url":"https:\/\/medicinasinc.com\/ro\/product\/cumpara-bk-etil-k-cristale\/","og_site_name":"Medicinas Inc","article_modified_time":"2022-03-22T00:53:45+00:00","og_image":[{"width":600,"height":600,"url":"https:\/\/medicinasinc.com\/ro\/wp-content\/uploads\/sites\/11\/2022\/02\/Buy-bk-Ethyl-K-Crystals.jpg","type":"image\/jpeg"}],"twitter_card":"summary_large_image","twitter_misc":{"Est. reading time":"2 minutes"},"schema":{"@context":"https:\/\/schema.org","@graph":[{"@type":"WebPage","@id":"https:\/\/medicinasinc.com\/ro\/product\/cumpara-bk-etil-k-cristale\/","url":"https:\/\/medicinasinc.com\/ro\/product\/cumpara-bk-etil-k-cristale\/","name":"Cump\u0103ra\u021bi cristale bk-Ethyl-K - bk-Ethyl-K Online - Cele mai bune medicamente globale","isPartOf":{"@id":"https:\/\/medicinasinc.com\/ro\/#website"},"primaryImageOfPage":{"@id":"https:\/\/medicinasinc.com\/ro\/product\/cumpara-bk-etil-k-cristale\/#primaryimage"},"image":{"@id":"https:\/\/medicinasinc.com\/ro\/product\/cumpara-bk-etil-k-cristale\/#primaryimage"},"thumbnailUrl":"https:\/\/medicinasinc.com\/ro\/wp-content\/uploads\/sites\/11\/2022\/02\/Buy-bk-Ethyl-K-Crystals.jpg","datePublished":"2022-02-22T02:44:39+00:00","dateModified":"2022-03-22T00:53:45+00:00","description":"C\u0103uta\u021bi s\u0103 cump\u0103ra\u021bi cristale bk-Ethyl-K ieftine de v\u00e2nzare Marea Britanie, Europa \u00een magazinul nostru Bestglobalmeds, cu livrare rapid\u0103 \u00een toat\u0103 lumea! Cele mai bune cristale bk-Ethyl-K pentru comand\u0103 le g\u0103si\u021bi aici!","breadcrumb":{"@id":"https:\/\/medicinasinc.com\/ro\/product\/cumpara-bk-etil-k-cristale\/#breadcrumb"},"inLanguage":"en-US","potentialAction":[{"@type":"ReadAction","target":["https:\/\/medicinasinc.com\/ro\/product\/cumpara-bk-etil-k-cristale\/"]}]},{"@type":"ImageObject","inLanguage":"en-US","@id":"https:\/\/medicinasinc.com\/ro\/product\/cumpara-bk-etil-k-cristale\/#primaryimage","url":"https:\/\/medicinasinc.com\/ro\/wp-content\/uploads\/sites\/11\/2022\/02\/Buy-bk-Ethyl-K-Crystals.jpg","contentUrl":"https:\/\/medicinasinc.com\/ro\/wp-content\/uploads\/sites\/11\/2022\/02\/Buy-bk-Ethyl-K-Crystals.jpg","width":600,"height":600},{"@type":"BreadcrumbList","@id":"https:\/\/medicinasinc.com\/ro\/product\/cumpara-bk-etil-k-cristale\/#breadcrumb","itemListElement":[{"@type":"ListItem","position":1,"name":"Magazin","item":"https:\/\/medicinasinc.com\/ro\/magazin\/"},{"@type":"ListItem","position":2,"name":"Cump\u0103ra\u021bi cristale bk-Ethyl-K"}]},{"@type":"WebSite","@id":"https:\/\/medicinasinc.com\/ro\/#website","url":"https:\/\/medicinasinc.com\/ro\/","name":"Medicinas Inc","description":"Health Medical Clinic","potentialAction":[{"@type":"SearchAction","target":{"@type":"EntryPoint","urlTemplate":"https:\/\/medicinasinc.com\/ro\/?s={search_term_string}"},"query-input":{"@type":"PropertyValueSpecification","valueRequired":true,"valueName":"search_term_string"}}],"inLanguage":"en-US"}]}},"_links":{"self":[{"href":"https:\/\/medicinasinc.com\/ro\/wp-json\/wp\/v2\/product\/5614","targetHints":{"allow":["GET"]}}],"collection":[{"href":"https:\/\/medicinasinc.com\/ro\/wp-json\/wp\/v2\/product"}],"about":[{"href":"https:\/\/medicinasinc.com\/ro\/wp-json\/wp\/v2\/types\/product"}],"replies":[{"embeddable":true,"href":"https:\/\/medicinasinc.com\/ro\/wp-json\/wp\/v2\/comments?post=5614"}],"wp:featuredmedia":[{"embeddable":true,"href":"https:\/\/medicinasinc.com\/ro\/wp-json\/wp\/v2\/media\/5623"}],"wp:attachment":[{"href":"https:\/\/medicinasinc.com\/ro\/wp-json\/wp\/v2\/media?parent=5614"}],"wp:term":[{"taxonomy":"product_brand","embeddable":true,"href":"https:\/\/medicinasinc.com\/ro\/wp-json\/wp\/v2\/product_brand?post=5614"},{"taxonomy":"product_cat","embeddable":true,"href":"https:\/\/medicinasinc.com\/ro\/wp-json\/wp\/v2\/product_cat?post=5614"},{"taxonomy":"product_tag","embeddable":true,"href":"https:\/\/medicinasinc.com\/ro\/wp-json\/wp\/v2\/product_tag?post=5614"}],"curies":[{"name":"wp","href":"https:\/\/api.w.org\/{rel}","templated":true}]}}