{"id":5592,"date":"2022-02-22T02:23:26","date_gmt":"2022-02-22T02:23:26","guid":{"rendered":"https:\/\/medicinasinc.com\/ro\/?post_type=product&#038;p=5592"},"modified":"2022-03-22T00:53:54","modified_gmt":"2022-03-22T00:53:54","slug":"cumpara-eth-lad-pudra","status":"publish","type":"product","link":"https:\/\/medicinasinc.com\/ro\/product\/cumpara-eth-lad-pudra\/","title":{"rendered":"Cump\u0103ra\u021bi pulbere ETH-LAD"},"content":{"rendered":"<p>O surs\u0103 pentru a ob\u021bine pulbere ETH-LAD, ETH-LAD de v\u00e2nzare<\/p>\n<p>Produc\u0103tor de pulbere ETH-LAD din China. Furnizori \u0219i angrosisti de pulbere ETH-LAD. Produse chimice de cercetare \u00een China de v\u00e2nzare: pulbere ETH-LAD<\/p>\n<p>Ladd, cunoscut \u0219i sub numele de ETH-LAD, este un tetrahidroindol ciclic (cunoscut \u0219i ca ETH-LAD sau ETH-LAD).<\/p>\n<p> Chinolin-9-carboxamid\u0103, membru al familiei Lysergamide. ETH-LAD este un analog LSD care a fost disponibil doar \u00een ultima vreme pentru comunitatea de cercetare, deschiz\u00e2nd o multitudine de posibilit\u0103\u021bi pentru studierea efectelor sale. Dup\u0103 cum este detaliat \u00een cartea TiHKAL a lui Alexander Shulgin din anii 1970, ETH-LAD a fost sintetizat de un grup de cercetare japonez \u00een anii 1970.<\/p>\n<p>Descrierea produsului:<\/p>\n<p>Comitate de origine: China; Olanda; Lituania; Statele Unite ale Americii<br \/> ETH-LAD Powder este denumirea sa oficial\u0103.<br \/> MF: Niciunul \u00een acest moment.<br \/> Puritate: mai mare sau egal\u0103 cu 99,5%<br \/> Substan\u021be bulante \u00een aparen\u021b\u0103<br \/> Pung\u0103 de plastic sau folie de aluminiu pentru ambalare<\/p>\n<p>Condi\u021bii de plat\u0103:<\/p>\n<p>Cantitatea minim\u0103 de comand\u0103 este de zece unit\u0103\u021bi. Pl\u0103ti\u021bi cu Bitcoin, Money Gram, Transfer bancar sau orice metod\u0103 dori\u021bi.<\/p>\n<p>E\u0219antioanele sunt disponibile gratuit.<\/p>\n<p>E\u0219antioanele bonus gratuite sunt \u00eentotdeauna incluse la fiecare comand\u0103. Cinci articole distincte, fiecare c\u00e2nt\u0103rind dou\u0103 grame.<br \/> Un set de mostre de 10 sau mai multe produse, c\u00e2nt\u0103rind 5-10 grame fiecare, cost\u0103 400 USD \u0219i include livrarea. V\u0103 rug\u0103m s\u0103 ne contacta\u021bi pentru a plasa o comand\u0103.<\/p>\n<p>Condi\u021bii de livrare \u0219i livrare:<\/p>\n<p>Dup\u0103 primirea pl\u0103\u021bii, produsele vor fi expediate \u00een termen de o zi lucr\u0103toare.<br \/> UPS, EMS, DHL, TNT sau FEDEX vor fi folosite pentru a expedia articolele. Pentru fiecare \u021bar\u0103, vom selecta cel mai bun curier \u0219i cea mai sigur\u0103 metod\u0103 de expediere pentru dvs.<br \/> 5.-14 zile pentru timpul de livrare EMS. 4-7 zile pentru DHL, UPS \u0219i FedEx.<br \/> Rusia, Australia \u0219i Canada au toate reglement\u0103ri vamale severe cu care v\u0103 putem ajuta.<br \/> \u00cen majoritatea cazurilor, ve\u021bi primi comanda \u00een termen de patru la \u0219apte zile. Articolele vor fi retrimise dac\u0103 sunt pierdute sau nu sunt primite din orice motiv.<\/p>\n<p>V\u0103 rug\u0103m s\u0103 ne contacta\u021bi dac\u0103 ave\u021bi nevoie de alte informa\u021bii.<\/p>\n<p>Not\u0103:<\/p>\n<p>Noi au o baz\u0103 mare de clien\u021bi la nivel mondial \u0219i a\u0219teapt\u0103 cu ner\u0103bdare s\u0103 lucr\u0103m cu tine pe termen lung. Pentru mai multe informa\u021bii, v\u0103 rug\u0103m s\u0103 nu ezita\u021bi s\u0103 ne contacta\u021bi. Vom face tot ce putem pentru a v\u0103 ajuta. V\u0103 mul\u021bumesc foarte mult!<\/p>\n","protected":false},"excerpt":{"rendered":"<div class=\"g\">\n<div data-hveid=\"CAUQAA\" data-ved=\"2ahUKEwiXmcfFl6nzAhVLQEEAHXkQAPMQFSgAegQIBRAA\">\n<div class=\"tF2Cxc\">\n<div class=\"IsZvec\">\n<div>\n<p>Our Best Online magazinul ofer\u0103 livrare rapid\u0103 \u00een \u00eentreaga lume a pulberii ETH-LAD, care este fabricat\u0103 \u00een Europa \u0219i Regatul Unit. G\u0103si\u021bi cea mai bun\u0103 pulbere ETH-LAD de pe pia\u021b\u0103 chiar aici.<br \/> Distribuitor de intermediari farmaceutici \u0219i substan\u021be chimice de cercetare de la furnizorul de pulbere ETH-LAD din China<br \/> Pute\u021bi cump\u0103ra pulbere ETH-LAD de pe acest site. <br \/> Furnizor european de pulbere ETH-LAD.<br \/> Un analog al LSD numit ETH-LAD Pudr\u0103 poate fi achizi\u021bionat online.<br \/> Similar cu LSD-ul, ETH-LAD este o substan\u021b\u0103 halucinogen\u0103.<\/p>\n<p>Pudr\u0103 ETH-LAD analog\u0103 LSD. Doza activ\u0103 de ETH-LAD, un medicament psihedelic cu o gam\u0103 de poten\u021be \u00eentre 20 \u0219i 150 de micrograme, este comparabil\u0103 cu cea de LSD.<\/p>\n<p>Pudra ETH-LAD este disponibil\u0103 pentru cump\u0103rare.<\/p>\n<p>dietilamida acidului 6-etil-6-nor-lisergic IUPAC este pulbere ETH-LAD<\/p>\n<p>Comenzile vor fi expediate din urm\u0103toarele \u021b\u0103ri: Fran\u021ba, Germania, Regatul Unit \u0219i Suedia.<\/p>\n<\/p><\/div>\n<\/p><\/div>\n<\/p><\/div>\n<\/p><\/div>\n<\/p><\/div>\n","protected":false},"featured_media":5604,"comment_status":"open","ping_status":"closed","template":"","meta":[],"product_brand":[],"product_cat":[2014],"product_tag":[3263,3264,3279,3280,3266,3265,3269,3278,3267,3270,3272,3273,3268,3271,3274,3275,3276,3277],"class_list":{"0":"post-5592","1":"product","2":"type-product","3":"status-publish","4":"has-post-thumbnail","6":"product_cat-cumprare-cercetare-chimice","7":"product_tag-buy-eth-lad-powder","8":"product_tag-buy-eth-lad-powder-uk","9":"product_tag-comanda-eth-lad-pulbere","10":"product_tag-unde-sa-cumpara-eth-lad-pudra","11":"product_tag-eth-flac-efect","12":"product_tag-eth-lad-buy","13":"product_tag-eth-lad-efect-pulbere","14":"product_tag-eth-lad-en-gros","15":"product_tag-eth-lad-order","16":"product_tag-eth-lad-powder-europe","17":"product_tag-eth-lad-powder-retail","18":"product_tag-eth-lad-powder-uk","19":"product_tag-eth-flac-pulbere","20":"product_tag-eth-lad-pudra-de-vanzare","21":"product_tag-eth-lad-pudra-en-gros","22":"product_tag-eth-lad-reddit","23":"product_tag-eth-lad-retail","24":"product_tag-eth-lad-review","26":"first","27":"instock","28":"shipping-taxable","29":"purchasable","30":"product-type-variable","31":"has-default-attributes"},"yoast_head":"<!-- This site is optimized with the Yoast SEO plugin v27.3 - https:\/\/yoast.com\/product\/yoast-seo-wordpress\/ -->\n<title>Cump\u0103ra\u021bi pulbere ETH-LAD - Pulbere ETH-LAD online - Cele mai bune medicamente globale<\/title>\n<meta name=\"description\" content=\"Cump\u0103ra\u021bi pulbere ETH-LAD Europa, Marea Britanie online \u00een magazinul nostru online Bestglobalmeds cu livrare rapid\u0103 \u00een toat\u0103 lumea! Cea mai bun\u0103 pulbere ETH-LAD pentru comand\u0103 o vei g\u0103si aici!\" \/>\n<meta name=\"robots\" content=\"index, follow, max-snippet:-1, max-image-preview:large, max-video-preview:-1\" \/>\n<link rel=\"canonical\" href=\"https:\/\/medicinasinc.com\/ro\/product\/cumpara-eth-lad-pudra\/\" \/>\n<meta property=\"og:locale\" content=\"en_US\" \/>\n<meta property=\"og:type\" content=\"article\" \/>\n<meta property=\"og:title\" content=\"Cump\u0103ra\u021bi pulbere ETH-LAD - Pulbere ETH-LAD online - Cele mai bune medicamente globale\" \/>\n<meta property=\"og:description\" content=\"Cump\u0103ra\u021bi pulbere ETH-LAD Europa, Marea Britanie online \u00een magazinul nostru online Bestglobalmeds cu livrare rapid\u0103 \u00een toat\u0103 lumea! Cea mai bun\u0103 pulbere ETH-LAD pentru comand\u0103 o vei g\u0103si aici!\" \/>\n<meta property=\"og:url\" content=\"https:\/\/medicinasinc.com\/ro\/product\/cumpara-eth-lad-pudra\/\" \/>\n<meta property=\"og:site_name\" content=\"Medicinas Inc\" \/>\n<meta property=\"article:modified_time\" content=\"2022-03-22T00:53:54+00:00\" \/>\n<meta property=\"og:image\" content=\"https:\/\/medicinasinc.com\/ro\/wp-content\/uploads\/sites\/11\/2022\/02\/Buy-ETH-LAD-Powder.jpg\" \/>\n\t<meta property=\"og:image:width\" content=\"600\" \/>\n\t<meta property=\"og:image:height\" content=\"600\" \/>\n\t<meta property=\"og:image:type\" content=\"image\/jpeg\" \/>\n<meta name=\"twitter:card\" content=\"summary_large_image\" \/>\n<meta name=\"twitter:label1\" content=\"Est. reading time\" \/>\n\t<meta name=\"twitter:data1\" content=\"2 minutes\" \/>\n<script type=\"application\/ld+json\" class=\"yoast-schema-graph\">{\"@context\":\"https:\\\/\\\/schema.org\",\"@graph\":[{\"@type\":\"WebPage\",\"@id\":\"https:\\\/\\\/medicinasinc.com\\\/ro\\\/product\\\/cumpara-eth-lad-pudra\\\/\",\"url\":\"https:\\\/\\\/medicinasinc.com\\\/ro\\\/product\\\/cumpara-eth-lad-pudra\\\/\",\"name\":\"Cump\u0103ra\u021bi pulbere ETH-LAD - Pulbere ETH-LAD online - Cele mai bune medicamente globale\",\"isPartOf\":{\"@id\":\"https:\\\/\\\/medicinasinc.com\\\/ro\\\/#website\"},\"primaryImageOfPage\":{\"@id\":\"https:\\\/\\\/medicinasinc.com\\\/ro\\\/product\\\/cumpara-eth-lad-pudra\\\/#primaryimage\"},\"image\":{\"@id\":\"https:\\\/\\\/medicinasinc.com\\\/ro\\\/product\\\/cumpara-eth-lad-pudra\\\/#primaryimage\"},\"thumbnailUrl\":\"https:\\\/\\\/medicinasinc.com\\\/ro\\\/wp-content\\\/uploads\\\/sites\\\/11\\\/2022\\\/02\\\/Buy-ETH-LAD-Powder.jpg\",\"datePublished\":\"2022-02-22T02:23:26+00:00\",\"dateModified\":\"2022-03-22T00:53:54+00:00\",\"description\":\"Cump\u0103ra\u021bi pulbere ETH-LAD Europa, Marea Britanie online \u00een magazinul nostru online Bestglobalmeds cu livrare rapid\u0103 \u00een toat\u0103 lumea! Cea mai bun\u0103 pulbere ETH-LAD pentru comand\u0103 o vei g\u0103si aici!\",\"breadcrumb\":{\"@id\":\"https:\\\/\\\/medicinasinc.com\\\/ro\\\/product\\\/cumpara-eth-lad-pudra\\\/#breadcrumb\"},\"inLanguage\":\"en-US\",\"potentialAction\":[{\"@type\":\"ReadAction\",\"target\":[\"https:\\\/\\\/medicinasinc.com\\\/ro\\\/product\\\/cumpara-eth-lad-pudra\\\/\"]}]},{\"@type\":\"ImageObject\",\"inLanguage\":\"en-US\",\"@id\":\"https:\\\/\\\/medicinasinc.com\\\/ro\\\/product\\\/cumpara-eth-lad-pudra\\\/#primaryimage\",\"url\":\"https:\\\/\\\/medicinasinc.com\\\/ro\\\/wp-content\\\/uploads\\\/sites\\\/11\\\/2022\\\/02\\\/Buy-ETH-LAD-Powder.jpg\",\"contentUrl\":\"https:\\\/\\\/medicinasinc.com\\\/ro\\\/wp-content\\\/uploads\\\/sites\\\/11\\\/2022\\\/02\\\/Buy-ETH-LAD-Powder.jpg\",\"width\":600,\"height\":600},{\"@type\":\"BreadcrumbList\",\"@id\":\"https:\\\/\\\/medicinasinc.com\\\/ro\\\/product\\\/cumpara-eth-lad-pudra\\\/#breadcrumb\",\"itemListElement\":[{\"@type\":\"ListItem\",\"position\":1,\"name\":\"Magazin\",\"item\":\"https:\\\/\\\/medicinasinc.com\\\/ro\\\/magazin\\\/\"},{\"@type\":\"ListItem\",\"position\":2,\"name\":\"Cump\u0103ra\u021bi pulbere ETH-LAD\"}]},{\"@type\":\"WebSite\",\"@id\":\"https:\\\/\\\/medicinasinc.com\\\/ro\\\/#website\",\"url\":\"https:\\\/\\\/medicinasinc.com\\\/ro\\\/\",\"name\":\"Medicinas Inc\",\"description\":\"Health Medical Clinic\",\"potentialAction\":[{\"@type\":\"SearchAction\",\"target\":{\"@type\":\"EntryPoint\",\"urlTemplate\":\"https:\\\/\\\/medicinasinc.com\\\/ro\\\/?s={search_term_string}\"},\"query-input\":{\"@type\":\"PropertyValueSpecification\",\"valueRequired\":true,\"valueName\":\"search_term_string\"}}],\"inLanguage\":\"en-US\"}]}<\/script>\n<!-- \/ Yoast SEO plugin. -->","yoast_head_json":{"title":"Cump\u0103ra\u021bi pulbere ETH-LAD - Pulbere ETH-LAD online - Cele mai bune medicamente globale","description":"Cump\u0103ra\u021bi pulbere ETH-LAD Europa, Marea Britanie online \u00een magazinul nostru online Bestglobalmeds cu livrare rapid\u0103 \u00een toat\u0103 lumea! Cea mai bun\u0103 pulbere ETH-LAD pentru comand\u0103 o vei g\u0103si aici!","robots":{"index":"index","follow":"follow","max-snippet":"max-snippet:-1","max-image-preview":"max-image-preview:large","max-video-preview":"max-video-preview:-1"},"canonical":"https:\/\/medicinasinc.com\/ro\/product\/cumpara-eth-lad-pudra\/","og_locale":"en_US","og_type":"article","og_title":"Cump\u0103ra\u021bi pulbere ETH-LAD - Pulbere ETH-LAD online - Cele mai bune medicamente globale","og_description":"Cump\u0103ra\u021bi pulbere ETH-LAD Europa, Marea Britanie online \u00een magazinul nostru online Bestglobalmeds cu livrare rapid\u0103 \u00een toat\u0103 lumea! Cea mai bun\u0103 pulbere ETH-LAD pentru comand\u0103 o vei g\u0103si aici!","og_url":"https:\/\/medicinasinc.com\/ro\/product\/cumpara-eth-lad-pudra\/","og_site_name":"Medicinas Inc","article_modified_time":"2022-03-22T00:53:54+00:00","og_image":[{"width":600,"height":600,"url":"https:\/\/medicinasinc.com\/ro\/wp-content\/uploads\/sites\/11\/2022\/02\/Buy-ETH-LAD-Powder.jpg","type":"image\/jpeg"}],"twitter_card":"summary_large_image","twitter_misc":{"Est. reading time":"2 minutes"},"schema":{"@context":"https:\/\/schema.org","@graph":[{"@type":"WebPage","@id":"https:\/\/medicinasinc.com\/ro\/product\/cumpara-eth-lad-pudra\/","url":"https:\/\/medicinasinc.com\/ro\/product\/cumpara-eth-lad-pudra\/","name":"Cump\u0103ra\u021bi pulbere ETH-LAD - Pulbere ETH-LAD online - Cele mai bune medicamente globale","isPartOf":{"@id":"https:\/\/medicinasinc.com\/ro\/#website"},"primaryImageOfPage":{"@id":"https:\/\/medicinasinc.com\/ro\/product\/cumpara-eth-lad-pudra\/#primaryimage"},"image":{"@id":"https:\/\/medicinasinc.com\/ro\/product\/cumpara-eth-lad-pudra\/#primaryimage"},"thumbnailUrl":"https:\/\/medicinasinc.com\/ro\/wp-content\/uploads\/sites\/11\/2022\/02\/Buy-ETH-LAD-Powder.jpg","datePublished":"2022-02-22T02:23:26+00:00","dateModified":"2022-03-22T00:53:54+00:00","description":"Cump\u0103ra\u021bi pulbere ETH-LAD Europa, Marea Britanie online \u00een magazinul nostru online Bestglobalmeds cu livrare rapid\u0103 \u00een toat\u0103 lumea! Cea mai bun\u0103 pulbere ETH-LAD pentru comand\u0103 o vei g\u0103si aici!","breadcrumb":{"@id":"https:\/\/medicinasinc.com\/ro\/product\/cumpara-eth-lad-pudra\/#breadcrumb"},"inLanguage":"en-US","potentialAction":[{"@type":"ReadAction","target":["https:\/\/medicinasinc.com\/ro\/product\/cumpara-eth-lad-pudra\/"]}]},{"@type":"ImageObject","inLanguage":"en-US","@id":"https:\/\/medicinasinc.com\/ro\/product\/cumpara-eth-lad-pudra\/#primaryimage","url":"https:\/\/medicinasinc.com\/ro\/wp-content\/uploads\/sites\/11\/2022\/02\/Buy-ETH-LAD-Powder.jpg","contentUrl":"https:\/\/medicinasinc.com\/ro\/wp-content\/uploads\/sites\/11\/2022\/02\/Buy-ETH-LAD-Powder.jpg","width":600,"height":600},{"@type":"BreadcrumbList","@id":"https:\/\/medicinasinc.com\/ro\/product\/cumpara-eth-lad-pudra\/#breadcrumb","itemListElement":[{"@type":"ListItem","position":1,"name":"Magazin","item":"https:\/\/medicinasinc.com\/ro\/magazin\/"},{"@type":"ListItem","position":2,"name":"Cump\u0103ra\u021bi pulbere ETH-LAD"}]},{"@type":"WebSite","@id":"https:\/\/medicinasinc.com\/ro\/#website","url":"https:\/\/medicinasinc.com\/ro\/","name":"Medicinas Inc","description":"Health Medical Clinic","potentialAction":[{"@type":"SearchAction","target":{"@type":"EntryPoint","urlTemplate":"https:\/\/medicinasinc.com\/ro\/?s={search_term_string}"},"query-input":{"@type":"PropertyValueSpecification","valueRequired":true,"valueName":"search_term_string"}}],"inLanguage":"en-US"}]}},"_links":{"self":[{"href":"https:\/\/medicinasinc.com\/ro\/wp-json\/wp\/v2\/product\/5592","targetHints":{"allow":["GET"]}}],"collection":[{"href":"https:\/\/medicinasinc.com\/ro\/wp-json\/wp\/v2\/product"}],"about":[{"href":"https:\/\/medicinasinc.com\/ro\/wp-json\/wp\/v2\/types\/product"}],"replies":[{"embeddable":true,"href":"https:\/\/medicinasinc.com\/ro\/wp-json\/wp\/v2\/comments?post=5592"}],"wp:featuredmedia":[{"embeddable":true,"href":"https:\/\/medicinasinc.com\/ro\/wp-json\/wp\/v2\/media\/5604"}],"wp:attachment":[{"href":"https:\/\/medicinasinc.com\/ro\/wp-json\/wp\/v2\/media?parent=5592"}],"wp:term":[{"taxonomy":"product_brand","embeddable":true,"href":"https:\/\/medicinasinc.com\/ro\/wp-json\/wp\/v2\/product_brand?post=5592"},{"taxonomy":"product_cat","embeddable":true,"href":"https:\/\/medicinasinc.com\/ro\/wp-json\/wp\/v2\/product_cat?post=5592"},{"taxonomy":"product_tag","embeddable":true,"href":"https:\/\/medicinasinc.com\/ro\/wp-json\/wp\/v2\/product_tag?post=5592"}],"curies":[{"name":"wp","href":"https:\/\/api.w.org\/{rel}","templated":true}]}}