{"id":5590,"date":"2022-02-22T02:20:06","date_gmt":"2022-02-22T02:20:06","guid":{"rendered":"https:\/\/medicinasinc.com\/ro\/?post_type=product&#038;p=5590"},"modified":"2022-03-22T00:54:14","modified_gmt":"2022-03-22T00:54:14","slug":"cumpara-metiopropamina-pulbere","status":"publish","type":"product","link":"https:\/\/medicinasinc.com\/ro\/product\/cumpara-metiopropamina-pulbere\/","title":{"rendered":"Cump\u0103ra\u021bi pudr\u0103 de metiopropamin\u0103"},"content":{"rendered":"<p><strong>Cump\u0103ra\u021bi pulbere de metiopropamin\u0103 MPA pe internet.<\/strong><\/p>\n<p>Metiopropamina, cunoscut\u0103 \u0219i sub denumirea de MPA, Methedrene \u0219i Syndrax, este un analog structural al metamfetaminei. Are un inel de tiofen ca metamfetamina. Se spune c\u0103 metiopropamina provoac\u0103 euforie u\u0219oar\u0103 \u0219i o cre\u0219tere a gradului de con\u0219tientizare, printre altele. Este cu aproximativ o treime mai puternic dec\u00e2t dextroamfetamina.<\/p>\n<p>Num\u0103r CAS: 801156-47-8<br \/> Iat\u0103 cum func\u021bioneaz\u0103 formula: C8H13NS<br \/> IUPAC: 1-(Tiofen-2- yl) 2-metilaminopropan este numele.<br \/> Aspect:<br \/> Puritate:<\/p>\n<div class=\"product-next-previous\">\n<div class=\"product-prev\"><\/div>\n<p>&gt; <\/p><\/div>\n","protected":false},"excerpt":{"rendered":"<p>\u00cen magazinul nostru online Bestglobalmeds.com, pute\u021bi cump\u0103ra pulbere de metiopropamin\u0103 MPA pentru v\u00e2nzare \u00een Marea Britanie, Europa \u0219i \u00een \u00eentreaga lume! Avem de v\u00e2nzare cea mai bun\u0103 metiopropamin\u0103 MPA \u0219i o pute\u021bi cump\u0103ra de la noi!<\/p>\n<p>Cump\u0103ra\u021bi pulbere de metiopropamin\u0103 MPA de pe web. Metiopropamina este numele medicamentului. La fel ca metamfetamina<br \/> 100 p\u00e2n\u0103 la 200 mg este doza recomandat\u0103.<\/p>\n<p>Cump\u0103ra\u021bi pudr\u0103 de metiopropamin\u0103 pur\u0103, de \u00eenalt\u0103 calitate online, cu Bitcoin \u2013 Pute\u021bi face acest lucru.<\/p>\n<p>Cump\u0103ra\u021bi pentru legalitate. droguri online, cump\u0103ra\u021bi substan\u021be chimice de cercetare, pulberi farmaceutice brute \u0219i multe altele la un magazin.<\/p>\n<p>Metiopropamina (MPA) este un drog sintetic care seam\u0103n\u0103 foarte mult cu amfetamina \u0219i obi\u0219nuia s\u0103 fie v\u00e2ndut ca &#8220;legal. alternativ\u0103&#8221; la cocaina. Consiliul consultativ pentru utilizarea abuziv\u0103 a medicamentelor a recomandat ca MPA s\u0103 fie clasificat drept medicament de clas\u0103 B (ACMD).<\/p>\n","protected":false},"featured_media":5600,"comment_status":"open","ping_status":"closed","template":"","meta":[],"product_brand":[],"product_cat":[2014],"product_tag":[3247,3244,3240,3233,3234,3232,3245,3248,3235,3246,3242,3237,3238,3243,3236,3239,3241],"class_list":{"0":"post-5590","1":"product","2":"type-product","3":"status-publish","4":"has-post-thumbnail","6":"product_cat-cumprare-cercetare-chimice","7":"product_tag-cel-mai-bun-loc-pentru-a-cumpra-metiopropamin-online","8":"product_tag-comanda-metiopropamin-online","9":"product_tag-metiopropamin-comercializare-cu-amnuntul","10":"product_tag-cum-se-cumpr-metiopropamin-online","11":"product_tag-metiopropamin-cumprare","12":"product_tag-cumpr-metiopropamin-online","13":"product_tag-cumprare-metiopropamin-online","14":"product_tag-unde-s-cumprm-metiopropamin-online","15":"product_tag-efect-de-metiopropamin","16":"product_tag-furnizor-de-metiopropamin","17":"product_tag-metiopropamin-furnizor","18":"product_tag-methiopropamine-for-sale","19":"product_tag-methiopropamine-order","20":"product_tag-methiopropamine-wholesale","21":"product_tag-metiopropamin-europa-en-gros","22":"product_tag-metiopropamin-reddit","23":"product_tag-metiopropamin-recenzii","25":"first","26":"instock","27":"shipping-taxable","28":"purchasable","29":"product-type-variable","30":"has-default-attributes"},"yoast_head":"<!-- This site is optimized with the Yoast SEO plugin v27.3 - https:\/\/yoast.com\/product\/yoast-seo-wordpress\/ -->\n<title>Cump\u0103ra\u021bi pudr\u0103 de metiopropamin\u0103 - Cump\u0103ra\u021bi MPA - Cele mai bune medicamente globale<\/title>\n<meta name=\"description\" content=\"Cump\u0103ra\u021bi pulbere de metiopropamin\u0103 MPA Marea Britanie, Europa \u00een magazinul nostru online Bestglobalmeds.com cu livrare rapid\u0103 \u00een toat\u0103 lumea! Cea mai bun\u0103 metiopropamin\u0103 MPA de v\u00e2nzare o ve\u021bi g\u0103si aici!\" \/>\n<meta name=\"robots\" content=\"index, follow, max-snippet:-1, max-image-preview:large, max-video-preview:-1\" \/>\n<link rel=\"canonical\" href=\"https:\/\/medicinasinc.com\/ro\/product\/cumpara-metiopropamina-pulbere\/\" \/>\n<meta property=\"og:locale\" content=\"en_US\" \/>\n<meta property=\"og:type\" content=\"article\" \/>\n<meta property=\"og:title\" content=\"Cump\u0103ra\u021bi pudr\u0103 de metiopropamin\u0103 - Cump\u0103ra\u021bi MPA - Cele mai bune medicamente globale\" \/>\n<meta property=\"og:description\" content=\"Cump\u0103ra\u021bi pulbere de metiopropamin\u0103 MPA Marea Britanie, Europa \u00een magazinul nostru online Bestglobalmeds.com cu livrare rapid\u0103 \u00een toat\u0103 lumea! Cea mai bun\u0103 metiopropamin\u0103 MPA de v\u00e2nzare o ve\u021bi g\u0103si aici!\" \/>\n<meta property=\"og:url\" content=\"https:\/\/medicinasinc.com\/ro\/product\/cumpara-metiopropamina-pulbere\/\" \/>\n<meta property=\"og:site_name\" content=\"Medicinas Inc\" \/>\n<meta property=\"article:modified_time\" content=\"2022-03-22T00:54:14+00:00\" \/>\n<meta property=\"og:image\" content=\"https:\/\/medicinasinc.com\/ro\/wp-content\/uploads\/sites\/11\/2022\/02\/Buy-Methiopropamine-powder.png\" \/>\n\t<meta property=\"og:image:width\" content=\"457\" \/>\n\t<meta property=\"og:image:height\" content=\"323\" \/>\n\t<meta property=\"og:image:type\" content=\"image\/png\" \/>\n<meta name=\"twitter:card\" content=\"summary_large_image\" \/>\n<meta name=\"twitter:label1\" content=\"Est. reading time\" \/>\n\t<meta name=\"twitter:data1\" content=\"1 minute\" \/>\n<script type=\"application\/ld+json\" class=\"yoast-schema-graph\">{\"@context\":\"https:\\\/\\\/schema.org\",\"@graph\":[{\"@type\":\"WebPage\",\"@id\":\"https:\\\/\\\/medicinasinc.com\\\/ro\\\/product\\\/cumpara-metiopropamina-pulbere\\\/\",\"url\":\"https:\\\/\\\/medicinasinc.com\\\/ro\\\/product\\\/cumpara-metiopropamina-pulbere\\\/\",\"name\":\"Cump\u0103ra\u021bi pudr\u0103 de metiopropamin\u0103 - Cump\u0103ra\u021bi MPA - Cele mai bune medicamente globale\",\"isPartOf\":{\"@id\":\"https:\\\/\\\/medicinasinc.com\\\/ro\\\/#website\"},\"primaryImageOfPage\":{\"@id\":\"https:\\\/\\\/medicinasinc.com\\\/ro\\\/product\\\/cumpara-metiopropamina-pulbere\\\/#primaryimage\"},\"image\":{\"@id\":\"https:\\\/\\\/medicinasinc.com\\\/ro\\\/product\\\/cumpara-metiopropamina-pulbere\\\/#primaryimage\"},\"thumbnailUrl\":\"https:\\\/\\\/medicinasinc.com\\\/ro\\\/wp-content\\\/uploads\\\/sites\\\/11\\\/2022\\\/02\\\/Buy-Methiopropamine-powder.png\",\"datePublished\":\"2022-02-22T02:20:06+00:00\",\"dateModified\":\"2022-03-22T00:54:14+00:00\",\"description\":\"Cump\u0103ra\u021bi pulbere de metiopropamin\u0103 MPA Marea Britanie, Europa \u00een magazinul nostru online Bestglobalmeds.com cu livrare rapid\u0103 \u00een toat\u0103 lumea! Cea mai bun\u0103 metiopropamin\u0103 MPA de v\u00e2nzare o ve\u021bi g\u0103si aici!\",\"breadcrumb\":{\"@id\":\"https:\\\/\\\/medicinasinc.com\\\/ro\\\/product\\\/cumpara-metiopropamina-pulbere\\\/#breadcrumb\"},\"inLanguage\":\"en-US\",\"potentialAction\":[{\"@type\":\"ReadAction\",\"target\":[\"https:\\\/\\\/medicinasinc.com\\\/ro\\\/product\\\/cumpara-metiopropamina-pulbere\\\/\"]}]},{\"@type\":\"ImageObject\",\"inLanguage\":\"en-US\",\"@id\":\"https:\\\/\\\/medicinasinc.com\\\/ro\\\/product\\\/cumpara-metiopropamina-pulbere\\\/#primaryimage\",\"url\":\"https:\\\/\\\/medicinasinc.com\\\/ro\\\/wp-content\\\/uploads\\\/sites\\\/11\\\/2022\\\/02\\\/Buy-Methiopropamine-powder.png\",\"contentUrl\":\"https:\\\/\\\/medicinasinc.com\\\/ro\\\/wp-content\\\/uploads\\\/sites\\\/11\\\/2022\\\/02\\\/Buy-Methiopropamine-powder.png\",\"width\":457,\"height\":323},{\"@type\":\"BreadcrumbList\",\"@id\":\"https:\\\/\\\/medicinasinc.com\\\/ro\\\/product\\\/cumpara-metiopropamina-pulbere\\\/#breadcrumb\",\"itemListElement\":[{\"@type\":\"ListItem\",\"position\":1,\"name\":\"Magazin\",\"item\":\"https:\\\/\\\/medicinasinc.com\\\/ro\\\/magazin\\\/\"},{\"@type\":\"ListItem\",\"position\":2,\"name\":\"Cump\u0103ra\u021bi pudr\u0103 de metiopropamin\u0103\"}]},{\"@type\":\"WebSite\",\"@id\":\"https:\\\/\\\/medicinasinc.com\\\/ro\\\/#website\",\"url\":\"https:\\\/\\\/medicinasinc.com\\\/ro\\\/\",\"name\":\"Medicinas Inc\",\"description\":\"Health Medical Clinic\",\"potentialAction\":[{\"@type\":\"SearchAction\",\"target\":{\"@type\":\"EntryPoint\",\"urlTemplate\":\"https:\\\/\\\/medicinasinc.com\\\/ro\\\/?s={search_term_string}\"},\"query-input\":{\"@type\":\"PropertyValueSpecification\",\"valueRequired\":true,\"valueName\":\"search_term_string\"}}],\"inLanguage\":\"en-US\"}]}<\/script>\n<!-- \/ Yoast SEO plugin. -->","yoast_head_json":{"title":"Cump\u0103ra\u021bi pudr\u0103 de metiopropamin\u0103 - Cump\u0103ra\u021bi MPA - Cele mai bune medicamente globale","description":"Cump\u0103ra\u021bi pulbere de metiopropamin\u0103 MPA Marea Britanie, Europa \u00een magazinul nostru online Bestglobalmeds.com cu livrare rapid\u0103 \u00een toat\u0103 lumea! Cea mai bun\u0103 metiopropamin\u0103 MPA de v\u00e2nzare o ve\u021bi g\u0103si aici!","robots":{"index":"index","follow":"follow","max-snippet":"max-snippet:-1","max-image-preview":"max-image-preview:large","max-video-preview":"max-video-preview:-1"},"canonical":"https:\/\/medicinasinc.com\/ro\/product\/cumpara-metiopropamina-pulbere\/","og_locale":"en_US","og_type":"article","og_title":"Cump\u0103ra\u021bi pudr\u0103 de metiopropamin\u0103 - Cump\u0103ra\u021bi MPA - Cele mai bune medicamente globale","og_description":"Cump\u0103ra\u021bi pulbere de metiopropamin\u0103 MPA Marea Britanie, Europa \u00een magazinul nostru online Bestglobalmeds.com cu livrare rapid\u0103 \u00een toat\u0103 lumea! Cea mai bun\u0103 metiopropamin\u0103 MPA de v\u00e2nzare o ve\u021bi g\u0103si aici!","og_url":"https:\/\/medicinasinc.com\/ro\/product\/cumpara-metiopropamina-pulbere\/","og_site_name":"Medicinas Inc","article_modified_time":"2022-03-22T00:54:14+00:00","og_image":[{"width":457,"height":323,"url":"https:\/\/medicinasinc.com\/ro\/wp-content\/uploads\/sites\/11\/2022\/02\/Buy-Methiopropamine-powder.png","type":"image\/png"}],"twitter_card":"summary_large_image","twitter_misc":{"Est. reading time":"1 minute"},"schema":{"@context":"https:\/\/schema.org","@graph":[{"@type":"WebPage","@id":"https:\/\/medicinasinc.com\/ro\/product\/cumpara-metiopropamina-pulbere\/","url":"https:\/\/medicinasinc.com\/ro\/product\/cumpara-metiopropamina-pulbere\/","name":"Cump\u0103ra\u021bi pudr\u0103 de metiopropamin\u0103 - Cump\u0103ra\u021bi MPA - Cele mai bune medicamente globale","isPartOf":{"@id":"https:\/\/medicinasinc.com\/ro\/#website"},"primaryImageOfPage":{"@id":"https:\/\/medicinasinc.com\/ro\/product\/cumpara-metiopropamina-pulbere\/#primaryimage"},"image":{"@id":"https:\/\/medicinasinc.com\/ro\/product\/cumpara-metiopropamina-pulbere\/#primaryimage"},"thumbnailUrl":"https:\/\/medicinasinc.com\/ro\/wp-content\/uploads\/sites\/11\/2022\/02\/Buy-Methiopropamine-powder.png","datePublished":"2022-02-22T02:20:06+00:00","dateModified":"2022-03-22T00:54:14+00:00","description":"Cump\u0103ra\u021bi pulbere de metiopropamin\u0103 MPA Marea Britanie, Europa \u00een magazinul nostru online Bestglobalmeds.com cu livrare rapid\u0103 \u00een toat\u0103 lumea! Cea mai bun\u0103 metiopropamin\u0103 MPA de v\u00e2nzare o ve\u021bi g\u0103si aici!","breadcrumb":{"@id":"https:\/\/medicinasinc.com\/ro\/product\/cumpara-metiopropamina-pulbere\/#breadcrumb"},"inLanguage":"en-US","potentialAction":[{"@type":"ReadAction","target":["https:\/\/medicinasinc.com\/ro\/product\/cumpara-metiopropamina-pulbere\/"]}]},{"@type":"ImageObject","inLanguage":"en-US","@id":"https:\/\/medicinasinc.com\/ro\/product\/cumpara-metiopropamina-pulbere\/#primaryimage","url":"https:\/\/medicinasinc.com\/ro\/wp-content\/uploads\/sites\/11\/2022\/02\/Buy-Methiopropamine-powder.png","contentUrl":"https:\/\/medicinasinc.com\/ro\/wp-content\/uploads\/sites\/11\/2022\/02\/Buy-Methiopropamine-powder.png","width":457,"height":323},{"@type":"BreadcrumbList","@id":"https:\/\/medicinasinc.com\/ro\/product\/cumpara-metiopropamina-pulbere\/#breadcrumb","itemListElement":[{"@type":"ListItem","position":1,"name":"Magazin","item":"https:\/\/medicinasinc.com\/ro\/magazin\/"},{"@type":"ListItem","position":2,"name":"Cump\u0103ra\u021bi pudr\u0103 de metiopropamin\u0103"}]},{"@type":"WebSite","@id":"https:\/\/medicinasinc.com\/ro\/#website","url":"https:\/\/medicinasinc.com\/ro\/","name":"Medicinas Inc","description":"Health Medical Clinic","potentialAction":[{"@type":"SearchAction","target":{"@type":"EntryPoint","urlTemplate":"https:\/\/medicinasinc.com\/ro\/?s={search_term_string}"},"query-input":{"@type":"PropertyValueSpecification","valueRequired":true,"valueName":"search_term_string"}}],"inLanguage":"en-US"}]}},"_links":{"self":[{"href":"https:\/\/medicinasinc.com\/ro\/wp-json\/wp\/v2\/product\/5590","targetHints":{"allow":["GET"]}}],"collection":[{"href":"https:\/\/medicinasinc.com\/ro\/wp-json\/wp\/v2\/product"}],"about":[{"href":"https:\/\/medicinasinc.com\/ro\/wp-json\/wp\/v2\/types\/product"}],"replies":[{"embeddable":true,"href":"https:\/\/medicinasinc.com\/ro\/wp-json\/wp\/v2\/comments?post=5590"}],"wp:featuredmedia":[{"embeddable":true,"href":"https:\/\/medicinasinc.com\/ro\/wp-json\/wp\/v2\/media\/5600"}],"wp:attachment":[{"href":"https:\/\/medicinasinc.com\/ro\/wp-json\/wp\/v2\/media?parent=5590"}],"wp:term":[{"taxonomy":"product_brand","embeddable":true,"href":"https:\/\/medicinasinc.com\/ro\/wp-json\/wp\/v2\/product_brand?post=5590"},{"taxonomy":"product_cat","embeddable":true,"href":"https:\/\/medicinasinc.com\/ro\/wp-json\/wp\/v2\/product_cat?post=5590"},{"taxonomy":"product_tag","embeddable":true,"href":"https:\/\/medicinasinc.com\/ro\/wp-json\/wp\/v2\/product_tag?post=5590"}],"curies":[{"name":"wp","href":"https:\/\/api.w.org\/{rel}","templated":true}]}}