{"id":5589,"date":"2022-02-22T02:18:17","date_gmt":"2022-02-22T02:18:17","guid":{"rendered":"https:\/\/medicinasinc.com\/ro\/?post_type=product&#038;p=5589"},"modified":"2022-03-22T00:54:23","modified_gmt":"2022-03-22T00:54:23","slug":"cumpara-metizolam-2mg-pelete-online","status":"publish","type":"product","link":"https:\/\/medicinasinc.com\/ro\/product\/cumpara-metizolam-2mg-pelete-online\/","title":{"rendered":"Cump\u0103ra\u021bi Metizolam 2mg Pelete online"},"content":{"rendered":"<p>Cel mai bun loc pentru a cump\u0103ra pelete de Metizolam 2 mg este online.<\/p>\n<p>Cump\u0103ra\u021bi pelete de 2 mg de Metizolam. Prescurtare pentru 4-(2-clorfenil)-2-etil-6H-tieno. [3,2-f] [1,2,4] triazolo[4,3-a][1,4] O diazepin\u0103, numit\u0103 \u0219i etizolam, este versiunea N-desmetil a acesteia. de aceea Cump\u0103ra\u021bi 2 mg pelete de Metizolam. Metizolam este un modulator alosteric pentru receptorii Gaba din laborator. pulberea de metizolam este de v\u00e2nzare pe web.<\/p>\n<p>Avem \u0219i substan\u021be chimice care nu sunt aprobate pentru cercetarea in vivo Cump\u0103ra\u021bi Pelete de Metizolam 2mg, a\u0219a c\u0103 dac\u0103 cineva le inger\u0103 accidental, ar trebui s\u0103 mearg\u0103 imediat la medic \u0219i ob\u021bine ajutor. V\u0103 rug\u0103m s\u0103 respecta\u021bi regulile standard de siguran\u021b\u0103 de laborator, cum ar fi purtarea unei protec\u021bii adecvate pentru piele, ochi \u0219i \u00eembr\u0103c\u0103minte.<\/p>\n<p>Cump\u0103ra\u021bi 2 mg de Metizolam. Pelete de metizolam pot fi cump\u0103rate dintr-un magazin.<br \/> Cump\u0103ra\u021bi\u00a0Metizolam\u00a02mg Pelete de clonazolam sunt de v\u00e2nzare online.<br \/> Pudra de pirazolam poate fi cump\u0103rat\u0103 online.<br \/> online, pute\u021bi cump\u0103ra diclazepam pentru cercetare. <br \/> magazin online de etizolam<br \/> Fluclotizolam poate fi cump\u0103rat.<br \/> pudra de metizolam este de v\u00e2nzare pe web.<br \/> Pudra de metizolam este de v\u00e2nzare pe web. Metizolam, care se mai nume\u0219te \u0219i Desmetiletizolam, este o tienodiazepin\u0103 care este foarte asem\u0103n\u0103toare cu Etizolam. Sunt disponibile doar pelete de 2 mg de Metizolam. Pentru cercet\u0103torii mai avansa\u021bi care doresc s\u0103-\u0219i fac\u0103 propria pulbere, o avem \u0219i sub form\u0103 de pulbere pur\u0103. Metizolam, ca toate celelalte produse ale noastre, ar trebui s\u0103 fie utilizat \u00eentr-un mod sigur de c\u0103tre cercet\u0103tori. Acest produs este v\u00e2ndut numai centrelor de cercetare care au fost deja \u00eenfiin\u021bate. pulberea de metizolam este de v\u00e2nzare pe web.<\/p>\n<p>Etizolam este p\u0103rintele Metizolam, care se mai nume\u0219te \u0219i Desmetiletizolam.<\/p>\n<p>Se v\u00e2nd sub form\u0103 de pelete. Doar pentru cercetare! Bestglobalmeds nu vrea ca oamenii s\u0103 foloseasc\u0103 substan\u021bele chimice de cercetare pentru altceva dec\u00e2t pentru cercetare. Ei v\u00e2nd numai metizolam pentru cercetare.<\/p>\n","protected":false},"excerpt":{"rendered":"<p>Cel mai bun loc pentru a cump\u0103ra Pelete de Metizolam 2mg pentru v\u00e2nzare \u00een Marea Britanie \u0219i Europa este Bestglobalmeds.com. Avem livrare rapid\u0103 \u00een toat\u0103 lumea. Aici, pute\u021bi cump\u0103ra cele mai bune Pelete de Metizolam 2mg de v\u00e2nzare.<\/p>\n<p>Pele\u021bi de 2mg de metizolam pudr\u0103 de v\u00e2nzare online. Pelete de clonazolam sunt \u00een stoc \u0219i pot fi expediate oriunde \u00een lume. Ast\u0103zi, pute\u021bi cump\u0103ra Clonazolam 0,5 mg pelete din magazin.<\/p>\n<p>Cump\u0103ra\u021bi online 2mg Pelete de Metizolam acum. Este foarte ieftin, cu transport gratuit pentru comenzile \u00een vrac. Calitatea de top este o dat\u0103.<\/p>\n<p>Metizolam, cunoscut \u0219i sub numele de Desmetiletizolam, este un deprimant sintetic din clasa chimic\u0103 a tienodiazepinelor. C\u00e2nd este administrat, se spune c\u0103 are efecte asem\u0103n\u0103toare etizolamului, cum ar fi suprimarea anxiet\u0103\u021bii, dezinhibarea, sedarea, relaxarea muscular\u0103 \u0219i suprimarea memoriei.<\/p>\n","protected":false},"featured_media":5598,"comment_status":"open","ping_status":"closed","template":"","meta":[],"product_brand":[],"product_cat":[2014],"product_tag":[3211,3212,3217,3219,3210,3229,3213,3214,3215,3216,3218,3220,3222,3225,3221,3224,3227,3228,3223,3226,3231,3230],"class_list":{"0":"post-5589","1":"product","2":"type-product","3":"status-publish","4":"has-post-thumbnail","6":"product_cat-cumprare-cercetare-chimice","7":"product_tag-buy-fluclotizolam","8":"product_tag-buy-metizolam-2mg-pellets","9":"product_tag-buy-metizolam-powder-online-usa","10":"product_tag-clonazolam-de-vnzare-online","11":"product_tag-cumpr-diclazepam-online","12":"product_tag-metizolam-cumprare","13":"product_tag-cumpara-metizolam-pulbere-online","14":"product_tag-cumpara-metizolam-pulbere-online-australia","15":"product_tag-cumpara-metizolam-pulbere-online-canada","16":"product_tag-cumpr-metizolam-pulbere-online-uk","17":"product_tag-cumpara-pirazolam-pulbere-online","18":"product_tag-etizolam-shop-online","19":"product_tag-metizolam-2mg-pelete-efect","20":"product_tag-metizolam-2mg-pelete-comanda","21":"product_tag-metizolam-2mg-pelete-cumpara","22":"product_tag-metizolam-2mg-pelete-de-vanzare","23":"product_tag-metizolam-2mg-pelete-retail","24":"product_tag-metizolam-2mg-pelete-comer-cu-ridicata","25":"product_tag-metizolam-2mg-pelete-europe","26":"product_tag-metizolam-2mg-pelete-reddit","27":"product_tag-cercetare-chimice-de-vnzare","28":"product_tag-metizolam-pulbere-de-vnzare-online","30":"first","31":"instock","32":"shipping-taxable","33":"purchasable","34":"product-type-variable"},"yoast_head":"<!-- This site is optimized with the Yoast SEO plugin v27.3 - https:\/\/yoast.com\/product\/yoast-seo-wordpress\/ -->\n<title>Cump\u0103ra\u021bi Metizolam 2mg Pelete online - Cele mai bune medicamente globale<\/title>\n<meta name=\"description\" content=\"c\u0103uta\u021bi s\u0103 cump\u0103ra\u021bi Pelete de Metizolam 2mg de v\u00e2nzare Marea Britanie, Europa \u00een magazinul nostru Bestglobalmeds cu livrare rapid\u0103 \u00een toat\u0103 lumea! Cele mai bune Pelete de Metizolam 2mg pentru comanda le ve\u021bi g\u0103si aici!\" \/>\n<meta name=\"robots\" content=\"index, follow, max-snippet:-1, max-image-preview:large, max-video-preview:-1\" \/>\n<link rel=\"canonical\" href=\"https:\/\/medicinasinc.com\/ro\/product\/cumpara-metizolam-2mg-pelete-online\/\" \/>\n<meta property=\"og:locale\" content=\"en_US\" \/>\n<meta property=\"og:type\" content=\"article\" \/>\n<meta property=\"og:title\" content=\"Cump\u0103ra\u021bi Metizolam 2mg Pelete online - Cele mai bune medicamente globale\" \/>\n<meta property=\"og:description\" content=\"c\u0103uta\u021bi s\u0103 cump\u0103ra\u021bi Pelete de Metizolam 2mg de v\u00e2nzare Marea Britanie, Europa \u00een magazinul nostru Bestglobalmeds cu livrare rapid\u0103 \u00een toat\u0103 lumea! Cele mai bune Pelete de Metizolam 2mg pentru comanda le ve\u021bi g\u0103si aici!\" \/>\n<meta property=\"og:url\" content=\"https:\/\/medicinasinc.com\/ro\/product\/cumpara-metizolam-2mg-pelete-online\/\" \/>\n<meta property=\"og:site_name\" content=\"Medicinas Inc\" \/>\n<meta property=\"article:modified_time\" content=\"2022-03-22T00:54:23+00:00\" \/>\n<meta property=\"og:image\" content=\"https:\/\/medicinasinc.com\/ro\/wp-content\/uploads\/sites\/11\/2022\/02\/Buy-Metizolam-2mg-Pellets.jpg\" \/>\n\t<meta property=\"og:image:width\" content=\"600\" \/>\n\t<meta property=\"og:image:height\" content=\"600\" \/>\n\t<meta property=\"og:image:type\" content=\"image\/jpeg\" \/>\n<meta name=\"twitter:card\" content=\"summary_large_image\" \/>\n<meta name=\"twitter:label1\" content=\"Est. reading time\" \/>\n\t<meta name=\"twitter:data1\" content=\"2 minutes\" \/>\n<script type=\"application\/ld+json\" class=\"yoast-schema-graph\">{\"@context\":\"https:\\\/\\\/schema.org\",\"@graph\":[{\"@type\":\"WebPage\",\"@id\":\"https:\\\/\\\/medicinasinc.com\\\/ro\\\/product\\\/cumpara-metizolam-2mg-pelete-online\\\/\",\"url\":\"https:\\\/\\\/medicinasinc.com\\\/ro\\\/product\\\/cumpara-metizolam-2mg-pelete-online\\\/\",\"name\":\"Cump\u0103ra\u021bi Metizolam 2mg Pelete online - Cele mai bune medicamente globale\",\"isPartOf\":{\"@id\":\"https:\\\/\\\/medicinasinc.com\\\/ro\\\/#website\"},\"primaryImageOfPage\":{\"@id\":\"https:\\\/\\\/medicinasinc.com\\\/ro\\\/product\\\/cumpara-metizolam-2mg-pelete-online\\\/#primaryimage\"},\"image\":{\"@id\":\"https:\\\/\\\/medicinasinc.com\\\/ro\\\/product\\\/cumpara-metizolam-2mg-pelete-online\\\/#primaryimage\"},\"thumbnailUrl\":\"https:\\\/\\\/medicinasinc.com\\\/ro\\\/wp-content\\\/uploads\\\/sites\\\/11\\\/2022\\\/02\\\/Buy-Metizolam-2mg-Pellets.jpg\",\"datePublished\":\"2022-02-22T02:18:17+00:00\",\"dateModified\":\"2022-03-22T00:54:23+00:00\",\"description\":\"c\u0103uta\u021bi s\u0103 cump\u0103ra\u021bi Pelete de Metizolam 2mg de v\u00e2nzare Marea Britanie, Europa \u00een magazinul nostru Bestglobalmeds cu livrare rapid\u0103 \u00een toat\u0103 lumea! Cele mai bune Pelete de Metizolam 2mg pentru comanda le ve\u021bi g\u0103si aici!\",\"breadcrumb\":{\"@id\":\"https:\\\/\\\/medicinasinc.com\\\/ro\\\/product\\\/cumpara-metizolam-2mg-pelete-online\\\/#breadcrumb\"},\"inLanguage\":\"en-US\",\"potentialAction\":[{\"@type\":\"ReadAction\",\"target\":[\"https:\\\/\\\/medicinasinc.com\\\/ro\\\/product\\\/cumpara-metizolam-2mg-pelete-online\\\/\"]}]},{\"@type\":\"ImageObject\",\"inLanguage\":\"en-US\",\"@id\":\"https:\\\/\\\/medicinasinc.com\\\/ro\\\/product\\\/cumpara-metizolam-2mg-pelete-online\\\/#primaryimage\",\"url\":\"https:\\\/\\\/medicinasinc.com\\\/ro\\\/wp-content\\\/uploads\\\/sites\\\/11\\\/2022\\\/02\\\/Buy-Metizolam-2mg-Pellets.jpg\",\"contentUrl\":\"https:\\\/\\\/medicinasinc.com\\\/ro\\\/wp-content\\\/uploads\\\/sites\\\/11\\\/2022\\\/02\\\/Buy-Metizolam-2mg-Pellets.jpg\",\"width\":600,\"height\":600},{\"@type\":\"BreadcrumbList\",\"@id\":\"https:\\\/\\\/medicinasinc.com\\\/ro\\\/product\\\/cumpara-metizolam-2mg-pelete-online\\\/#breadcrumb\",\"itemListElement\":[{\"@type\":\"ListItem\",\"position\":1,\"name\":\"Magazin\",\"item\":\"https:\\\/\\\/medicinasinc.com\\\/ro\\\/magazin\\\/\"},{\"@type\":\"ListItem\",\"position\":2,\"name\":\"Cump\u0103ra\u021bi Metizolam 2mg Pelete online\"}]},{\"@type\":\"WebSite\",\"@id\":\"https:\\\/\\\/medicinasinc.com\\\/ro\\\/#website\",\"url\":\"https:\\\/\\\/medicinasinc.com\\\/ro\\\/\",\"name\":\"Medicinas Inc\",\"description\":\"Health Medical Clinic\",\"potentialAction\":[{\"@type\":\"SearchAction\",\"target\":{\"@type\":\"EntryPoint\",\"urlTemplate\":\"https:\\\/\\\/medicinasinc.com\\\/ro\\\/?s={search_term_string}\"},\"query-input\":{\"@type\":\"PropertyValueSpecification\",\"valueRequired\":true,\"valueName\":\"search_term_string\"}}],\"inLanguage\":\"en-US\"}]}<\/script>\n<!-- \/ Yoast SEO plugin. -->","yoast_head_json":{"title":"Cump\u0103ra\u021bi Metizolam 2mg Pelete online - Cele mai bune medicamente globale","description":"c\u0103uta\u021bi s\u0103 cump\u0103ra\u021bi Pelete de Metizolam 2mg de v\u00e2nzare Marea Britanie, Europa \u00een magazinul nostru Bestglobalmeds cu livrare rapid\u0103 \u00een toat\u0103 lumea! Cele mai bune Pelete de Metizolam 2mg pentru comanda le ve\u021bi g\u0103si aici!","robots":{"index":"index","follow":"follow","max-snippet":"max-snippet:-1","max-image-preview":"max-image-preview:large","max-video-preview":"max-video-preview:-1"},"canonical":"https:\/\/medicinasinc.com\/ro\/product\/cumpara-metizolam-2mg-pelete-online\/","og_locale":"en_US","og_type":"article","og_title":"Cump\u0103ra\u021bi Metizolam 2mg Pelete online - Cele mai bune medicamente globale","og_description":"c\u0103uta\u021bi s\u0103 cump\u0103ra\u021bi Pelete de Metizolam 2mg de v\u00e2nzare Marea Britanie, Europa \u00een magazinul nostru Bestglobalmeds cu livrare rapid\u0103 \u00een toat\u0103 lumea! Cele mai bune Pelete de Metizolam 2mg pentru comanda le ve\u021bi g\u0103si aici!","og_url":"https:\/\/medicinasinc.com\/ro\/product\/cumpara-metizolam-2mg-pelete-online\/","og_site_name":"Medicinas Inc","article_modified_time":"2022-03-22T00:54:23+00:00","og_image":[{"width":600,"height":600,"url":"https:\/\/medicinasinc.com\/ro\/wp-content\/uploads\/sites\/11\/2022\/02\/Buy-Metizolam-2mg-Pellets.jpg","type":"image\/jpeg"}],"twitter_card":"summary_large_image","twitter_misc":{"Est. reading time":"2 minutes"},"schema":{"@context":"https:\/\/schema.org","@graph":[{"@type":"WebPage","@id":"https:\/\/medicinasinc.com\/ro\/product\/cumpara-metizolam-2mg-pelete-online\/","url":"https:\/\/medicinasinc.com\/ro\/product\/cumpara-metizolam-2mg-pelete-online\/","name":"Cump\u0103ra\u021bi Metizolam 2mg Pelete online - Cele mai bune medicamente globale","isPartOf":{"@id":"https:\/\/medicinasinc.com\/ro\/#website"},"primaryImageOfPage":{"@id":"https:\/\/medicinasinc.com\/ro\/product\/cumpara-metizolam-2mg-pelete-online\/#primaryimage"},"image":{"@id":"https:\/\/medicinasinc.com\/ro\/product\/cumpara-metizolam-2mg-pelete-online\/#primaryimage"},"thumbnailUrl":"https:\/\/medicinasinc.com\/ro\/wp-content\/uploads\/sites\/11\/2022\/02\/Buy-Metizolam-2mg-Pellets.jpg","datePublished":"2022-02-22T02:18:17+00:00","dateModified":"2022-03-22T00:54:23+00:00","description":"c\u0103uta\u021bi s\u0103 cump\u0103ra\u021bi Pelete de Metizolam 2mg de v\u00e2nzare Marea Britanie, Europa \u00een magazinul nostru Bestglobalmeds cu livrare rapid\u0103 \u00een toat\u0103 lumea! Cele mai bune Pelete de Metizolam 2mg pentru comanda le ve\u021bi g\u0103si aici!","breadcrumb":{"@id":"https:\/\/medicinasinc.com\/ro\/product\/cumpara-metizolam-2mg-pelete-online\/#breadcrumb"},"inLanguage":"en-US","potentialAction":[{"@type":"ReadAction","target":["https:\/\/medicinasinc.com\/ro\/product\/cumpara-metizolam-2mg-pelete-online\/"]}]},{"@type":"ImageObject","inLanguage":"en-US","@id":"https:\/\/medicinasinc.com\/ro\/product\/cumpara-metizolam-2mg-pelete-online\/#primaryimage","url":"https:\/\/medicinasinc.com\/ro\/wp-content\/uploads\/sites\/11\/2022\/02\/Buy-Metizolam-2mg-Pellets.jpg","contentUrl":"https:\/\/medicinasinc.com\/ro\/wp-content\/uploads\/sites\/11\/2022\/02\/Buy-Metizolam-2mg-Pellets.jpg","width":600,"height":600},{"@type":"BreadcrumbList","@id":"https:\/\/medicinasinc.com\/ro\/product\/cumpara-metizolam-2mg-pelete-online\/#breadcrumb","itemListElement":[{"@type":"ListItem","position":1,"name":"Magazin","item":"https:\/\/medicinasinc.com\/ro\/magazin\/"},{"@type":"ListItem","position":2,"name":"Cump\u0103ra\u021bi Metizolam 2mg Pelete online"}]},{"@type":"WebSite","@id":"https:\/\/medicinasinc.com\/ro\/#website","url":"https:\/\/medicinasinc.com\/ro\/","name":"Medicinas Inc","description":"Health Medical Clinic","potentialAction":[{"@type":"SearchAction","target":{"@type":"EntryPoint","urlTemplate":"https:\/\/medicinasinc.com\/ro\/?s={search_term_string}"},"query-input":{"@type":"PropertyValueSpecification","valueRequired":true,"valueName":"search_term_string"}}],"inLanguage":"en-US"}]}},"_links":{"self":[{"href":"https:\/\/medicinasinc.com\/ro\/wp-json\/wp\/v2\/product\/5589","targetHints":{"allow":["GET"]}}],"collection":[{"href":"https:\/\/medicinasinc.com\/ro\/wp-json\/wp\/v2\/product"}],"about":[{"href":"https:\/\/medicinasinc.com\/ro\/wp-json\/wp\/v2\/types\/product"}],"replies":[{"embeddable":true,"href":"https:\/\/medicinasinc.com\/ro\/wp-json\/wp\/v2\/comments?post=5589"}],"wp:featuredmedia":[{"embeddable":true,"href":"https:\/\/medicinasinc.com\/ro\/wp-json\/wp\/v2\/media\/5598"}],"wp:attachment":[{"href":"https:\/\/medicinasinc.com\/ro\/wp-json\/wp\/v2\/media?parent=5589"}],"wp:term":[{"taxonomy":"product_brand","embeddable":true,"href":"https:\/\/medicinasinc.com\/ro\/wp-json\/wp\/v2\/product_brand?post=5589"},{"taxonomy":"product_cat","embeddable":true,"href":"https:\/\/medicinasinc.com\/ro\/wp-json\/wp\/v2\/product_cat?post=5589"},{"taxonomy":"product_tag","embeddable":true,"href":"https:\/\/medicinasinc.com\/ro\/wp-json\/wp\/v2\/product_tag?post=5589"}],"curies":[{"name":"wp","href":"https:\/\/api.w.org\/{rel}","templated":true}]}}