{"id":5566,"date":"2022-02-22T01:53:35","date_gmt":"2022-02-22T01:53:35","guid":{"rendered":"https:\/\/medicinasinc.com\/ro\/?post_type=product&#038;p=5566"},"modified":"2022-03-22T00:54:31","modified_gmt":"2022-03-22T00:54:31","slug":"metadona-clorhidrat-usp-pulbere-pentru-utilizare-orala","status":"publish","type":"product","link":"https:\/\/medicinasinc.com\/ro\/product\/metadona-clorhidrat-usp-pulbere-pentru-utilizare-orala\/","title":{"rendered":"Clorhidrat de metadon\u0103 USP PULBERE PENTRU UZ ORAL"},"content":{"rendered":"<p>Achizi\u021bionarea de pulbere de clorhidrat de methomethadon\u0103<\/p>\n<p>Metadona este un medicament opioid care este utilizat pentru a trata dependen\u021ba de opioide \u0219i durerea sever\u0103.<\/p>\n<p>Metadona poate fi luat\u0103 ca pastil\u0103 sau solu\u021bie oral\u0103 pentru atenueaz\u0103 durerea sever\u0103.<\/p>\n<p>B\u0103uturile cu arom\u0103 de fructe sunt cea mai comun\u0103 form\u0103 de metadon\u0103 atunci c\u00e2nd este utilizat\u0103 pentru a trata dependen\u021ba de opiacee. O dat\u0103 pe zi, pulberea este dizolvat\u0103 \u0219i \u00eenghi\u021bit\u0103 \u00eentreag\u0103.<\/p>\n<p>Metadona este un medicament care este utilizat pentru a trata dependen\u021ba.<\/p>\n<p>Heroina, oxicodona, fentanilul \u0219i hidromorfona pot fi toate \u00eenlocuite cu metadon\u0103 \u00een tratamentul dependen\u021bei de opioide. Termenul \u201ecu ac\u021biune prelungit\u0103\u201d se refer\u0103 la un medicament care are un debut mai lent de ac\u021biune \u0219i dureaz\u0103 mai mult \u00een organism. Efectele metadonei pot dura \u00eentre 24 \u0219i 36 de ore, \u00een func\u021bie de doz\u0103. Opioidele cu ac\u021biune scurt\u0103, pe de alt\u0103 parte, trebuie s\u0103 fie luate de trei p\u00e2n\u0103 la patru ori pe zi de c\u0103tre cineva care \u00eencearc\u0103 s\u0103 evite sevrajul.<\/p>\n<p>At\u00e2ta timp c\u00e2t este utilizat\u0103 doza corect\u0103 de metadon\u0103, aceasta poate atenua pofta de droguri \u0219i prevenirea simptomelor de sevraj. Riscurile abuzului de opioide sunt reduse, iar cei care sunt dependen\u021bi de opioide au \u0219anse mai mari de a-\u0219i restabili via\u021ba. Men\u021binerea cu metadon\u0103 este un tip de terapie cu agoni\u015fti opioizi care este utilizat pentru a trata dependen\u0163a de opioide. Buprenorfina, un alt agonist de opioide, este utilizat\u0103 \u00een tratamentul dependen\u021bei de opioide, la fel ca metadona.<\/p>\n<p>Metadona \u0219i buprenorfina sunt ambele terapii eficiente pentru dependen\u021ba de opioide atunci c\u00e2nd sunt utilizate \u00eempreun\u0103 cu \u00eengrijirea medical\u0103 \u0219i de sus\u021binere, oricum ar fi una mai de succes dec\u00e2t cel\u0103lalt pentru unii oameni.<\/p>\n<p>Este necesar un tratament cu metadon\u0103 pe termen lung. Durata tratamentului variaz\u0103 de la c\u00e2teva luni p\u00e2n\u0103 la dou\u0103 decenii. Atunci c\u00e2nd un utilizator de metadon\u0103 decide s\u0103 nu mai ia medicamentul, medicul s\u0103u scade progresiv cantitatea de metadon\u0103 pe care o ia pe o perioad\u0103 de s\u0103pt\u0103m\u00e2ni sau luni.<\/p>\n<p>Reac\u021bii adverse ale metadonei<\/p>\n<p>Printre posibile efecte secundare:<\/p>\n<p>Sc\u0103derea vertijului este cauzat\u0103 de constipa\u021bie, transpira\u021bie abundent\u0103, gur\u0103 uscat\u0103 \u0219i modific\u0103ri ale sexului.<\/p>\n<p>&nbsp;<\/p>\n","protected":false},"excerpt":{"rendered":"<p>Cump\u0103ra\u021bi online pudra Metho Methadone HCL. Metho Methadone HCL pudr\u0103 en-gros\u00a099,8% Pure @ pre\u021buri cu ridicata. Metho (Methadone HCL) trateaz\u0103 durerea moderat\u0103 p\u00e2n\u0103 la sever\u0103.<\/p>\n","protected":false},"featured_media":5578,"comment_status":"open","ping_status":"closed","template":"","meta":[],"product_brand":[],"product_cat":[2014],"product_tag":[3190,3191,3195,3202,3192,3197,3193,3208,3207,3194,3209,3198,3203,3204,3205,3199,3200,3196,3201,3206],"class_list":{"0":"post-5566","1":"product","2":"type-product","3":"status-publish","4":"has-post-thumbnail","6":"product_cat-cumprare-cercetare-chimice","7":"product_tag-buy-methadone-hydrochloride","8":"product_tag-buy-methadone-powder","9":"product_tag-metadon-clorhidrat-en-gros","10":"product_tag-comand-metadon-pulbere","11":"product_tag-cumpr-meto-hcl","12":"product_tag-metadon-pulbere-cumprare","13":"product_tag-cumpr-meto-pulbere","14":"product_tag-unde-a-comand-metadon-pulbere","15":"product_tag-de-unde-se-cumpr-metadon-pulbere","16":"product_tag-metadon-efect-de-clorhidrat","17":"product_tag-en-gros-metadon-pulbere","18":"product_tag-methadone-powder-effect","19":"product_tag-methadone-powder-reddit","20":"product_tag-methadone-powder-retail","21":"product_tag-methadone-powder-sales","22":"product_tag-pulbere-c4-83-metadon-c4-83-de-v-c3-a2nzare","23":"product_tag-pudr-metadon-de-vnzare-online","24":"product_tag-metadon-pulbere","25":"product_tag-metadon-pulbere-online","26":"product_tag-metadon-pulbere-vnzare","28":"first","29":"instock","30":"shipping-taxable","31":"purchasable","32":"product-type-variable","33":"has-default-attributes"},"yoast_head":"<!-- This site is optimized with the Yoast SEO plugin v27.3 - https:\/\/yoast.com\/product\/yoast-seo-wordpress\/ -->\n<title>Clorhidrat de metadon\u0103 USP PULBERE PENTRU UZ ORAL<\/title>\n<meta name=\"description\" content=\"Cump\u0103ra\u021bi online pudr\u0103 Metho Methadone HCL. Metho Methadone HCL pudr\u0103 en-gros 99,8% Pure @ pre\u021buri cu ridicata. Metho (Methadone HCL) trateaz\u0103 durerea moderat\u0103 p\u00e2n\u0103 la sever\u0103.\" \/>\n<meta name=\"robots\" content=\"index, follow, max-snippet:-1, max-image-preview:large, max-video-preview:-1\" \/>\n<link rel=\"canonical\" href=\"https:\/\/medicinasinc.com\/ro\/product\/metadona-clorhidrat-usp-pulbere-pentru-utilizare-orala\/\" \/>\n<meta property=\"og:locale\" content=\"en_US\" \/>\n<meta property=\"og:type\" content=\"article\" \/>\n<meta property=\"og:title\" content=\"Clorhidrat de metadon\u0103 USP PULBERE PENTRU UZ ORAL\" \/>\n<meta property=\"og:description\" content=\"Cump\u0103ra\u021bi online pudr\u0103 Metho Methadone HCL. Metho Methadone HCL pudr\u0103 en-gros 99,8% Pure @ pre\u021buri cu ridicata. Metho (Methadone HCL) trateaz\u0103 durerea moderat\u0103 p\u00e2n\u0103 la sever\u0103.\" \/>\n<meta property=\"og:url\" content=\"https:\/\/medicinasinc.com\/ro\/product\/metadona-clorhidrat-usp-pulbere-pentru-utilizare-orala\/\" \/>\n<meta property=\"og:site_name\" content=\"Medicinas Inc\" \/>\n<meta property=\"article:modified_time\" content=\"2022-03-22T00:54:31+00:00\" \/>\n<meta property=\"og:image\" content=\"https:\/\/medicinasinc.com\/ro\/wp-content\/uploads\/sites\/11\/2022\/02\/Buy-Methadone.jpg\" \/>\n\t<meta property=\"og:image:width\" content=\"600\" \/>\n\t<meta property=\"og:image:height\" content=\"600\" \/>\n\t<meta property=\"og:image:type\" content=\"image\/jpeg\" \/>\n<meta name=\"twitter:card\" content=\"summary_large_image\" \/>\n<meta name=\"twitter:label1\" content=\"Est. reading time\" \/>\n\t<meta name=\"twitter:data1\" content=\"2 minutes\" \/>\n<script type=\"application\/ld+json\" class=\"yoast-schema-graph\">{\"@context\":\"https:\\\/\\\/schema.org\",\"@graph\":[{\"@type\":\"WebPage\",\"@id\":\"https:\\\/\\\/medicinasinc.com\\\/ro\\\/product\\\/metadona-clorhidrat-usp-pulbere-pentru-utilizare-orala\\\/\",\"url\":\"https:\\\/\\\/medicinasinc.com\\\/ro\\\/product\\\/metadona-clorhidrat-usp-pulbere-pentru-utilizare-orala\\\/\",\"name\":\"Clorhidrat de metadon\u0103 USP PULBERE PENTRU UZ ORAL\",\"isPartOf\":{\"@id\":\"https:\\\/\\\/medicinasinc.com\\\/ro\\\/#website\"},\"primaryImageOfPage\":{\"@id\":\"https:\\\/\\\/medicinasinc.com\\\/ro\\\/product\\\/metadona-clorhidrat-usp-pulbere-pentru-utilizare-orala\\\/#primaryimage\"},\"image\":{\"@id\":\"https:\\\/\\\/medicinasinc.com\\\/ro\\\/product\\\/metadona-clorhidrat-usp-pulbere-pentru-utilizare-orala\\\/#primaryimage\"},\"thumbnailUrl\":\"https:\\\/\\\/medicinasinc.com\\\/ro\\\/wp-content\\\/uploads\\\/sites\\\/11\\\/2022\\\/02\\\/Buy-Methadone.jpg\",\"datePublished\":\"2022-02-22T01:53:35+00:00\",\"dateModified\":\"2022-03-22T00:54:31+00:00\",\"description\":\"Cump\u0103ra\u021bi online pudr\u0103 Metho Methadone HCL. Metho Methadone HCL pudr\u0103 en-gros 99,8% Pure @ pre\u021buri cu ridicata. Metho (Methadone HCL) trateaz\u0103 durerea moderat\u0103 p\u00e2n\u0103 la sever\u0103.\",\"breadcrumb\":{\"@id\":\"https:\\\/\\\/medicinasinc.com\\\/ro\\\/product\\\/metadona-clorhidrat-usp-pulbere-pentru-utilizare-orala\\\/#breadcrumb\"},\"inLanguage\":\"en-US\",\"potentialAction\":[{\"@type\":\"ReadAction\",\"target\":[\"https:\\\/\\\/medicinasinc.com\\\/ro\\\/product\\\/metadona-clorhidrat-usp-pulbere-pentru-utilizare-orala\\\/\"]}]},{\"@type\":\"ImageObject\",\"inLanguage\":\"en-US\",\"@id\":\"https:\\\/\\\/medicinasinc.com\\\/ro\\\/product\\\/metadona-clorhidrat-usp-pulbere-pentru-utilizare-orala\\\/#primaryimage\",\"url\":\"https:\\\/\\\/medicinasinc.com\\\/ro\\\/wp-content\\\/uploads\\\/sites\\\/11\\\/2022\\\/02\\\/Buy-Methadone.jpg\",\"contentUrl\":\"https:\\\/\\\/medicinasinc.com\\\/ro\\\/wp-content\\\/uploads\\\/sites\\\/11\\\/2022\\\/02\\\/Buy-Methadone.jpg\",\"width\":600,\"height\":600},{\"@type\":\"BreadcrumbList\",\"@id\":\"https:\\\/\\\/medicinasinc.com\\\/ro\\\/product\\\/metadona-clorhidrat-usp-pulbere-pentru-utilizare-orala\\\/#breadcrumb\",\"itemListElement\":[{\"@type\":\"ListItem\",\"position\":1,\"name\":\"Magazin\",\"item\":\"https:\\\/\\\/medicinasinc.com\\\/ro\\\/magazin\\\/\"},{\"@type\":\"ListItem\",\"position\":2,\"name\":\"Clorhidrat de metadon\u0103 USP PULBERE PENTRU UZ ORAL\"}]},{\"@type\":\"WebSite\",\"@id\":\"https:\\\/\\\/medicinasinc.com\\\/ro\\\/#website\",\"url\":\"https:\\\/\\\/medicinasinc.com\\\/ro\\\/\",\"name\":\"Medicinas Inc\",\"description\":\"Health Medical Clinic\",\"potentialAction\":[{\"@type\":\"SearchAction\",\"target\":{\"@type\":\"EntryPoint\",\"urlTemplate\":\"https:\\\/\\\/medicinasinc.com\\\/ro\\\/?s={search_term_string}\"},\"query-input\":{\"@type\":\"PropertyValueSpecification\",\"valueRequired\":true,\"valueName\":\"search_term_string\"}}],\"inLanguage\":\"en-US\"}]}<\/script>\n<!-- \/ Yoast SEO plugin. -->","yoast_head_json":{"title":"Clorhidrat de metadon\u0103 USP PULBERE PENTRU UZ ORAL","description":"Cump\u0103ra\u021bi online pudr\u0103 Metho Methadone HCL. Metho Methadone HCL pudr\u0103 en-gros 99,8% Pure @ pre\u021buri cu ridicata. Metho (Methadone HCL) trateaz\u0103 durerea moderat\u0103 p\u00e2n\u0103 la sever\u0103.","robots":{"index":"index","follow":"follow","max-snippet":"max-snippet:-1","max-image-preview":"max-image-preview:large","max-video-preview":"max-video-preview:-1"},"canonical":"https:\/\/medicinasinc.com\/ro\/product\/metadona-clorhidrat-usp-pulbere-pentru-utilizare-orala\/","og_locale":"en_US","og_type":"article","og_title":"Clorhidrat de metadon\u0103 USP PULBERE PENTRU UZ ORAL","og_description":"Cump\u0103ra\u021bi online pudr\u0103 Metho Methadone HCL. Metho Methadone HCL pudr\u0103 en-gros 99,8% Pure @ pre\u021buri cu ridicata. Metho (Methadone HCL) trateaz\u0103 durerea moderat\u0103 p\u00e2n\u0103 la sever\u0103.","og_url":"https:\/\/medicinasinc.com\/ro\/product\/metadona-clorhidrat-usp-pulbere-pentru-utilizare-orala\/","og_site_name":"Medicinas Inc","article_modified_time":"2022-03-22T00:54:31+00:00","og_image":[{"width":600,"height":600,"url":"https:\/\/medicinasinc.com\/ro\/wp-content\/uploads\/sites\/11\/2022\/02\/Buy-Methadone.jpg","type":"image\/jpeg"}],"twitter_card":"summary_large_image","twitter_misc":{"Est. reading time":"2 minutes"},"schema":{"@context":"https:\/\/schema.org","@graph":[{"@type":"WebPage","@id":"https:\/\/medicinasinc.com\/ro\/product\/metadona-clorhidrat-usp-pulbere-pentru-utilizare-orala\/","url":"https:\/\/medicinasinc.com\/ro\/product\/metadona-clorhidrat-usp-pulbere-pentru-utilizare-orala\/","name":"Clorhidrat de metadon\u0103 USP PULBERE PENTRU UZ ORAL","isPartOf":{"@id":"https:\/\/medicinasinc.com\/ro\/#website"},"primaryImageOfPage":{"@id":"https:\/\/medicinasinc.com\/ro\/product\/metadona-clorhidrat-usp-pulbere-pentru-utilizare-orala\/#primaryimage"},"image":{"@id":"https:\/\/medicinasinc.com\/ro\/product\/metadona-clorhidrat-usp-pulbere-pentru-utilizare-orala\/#primaryimage"},"thumbnailUrl":"https:\/\/medicinasinc.com\/ro\/wp-content\/uploads\/sites\/11\/2022\/02\/Buy-Methadone.jpg","datePublished":"2022-02-22T01:53:35+00:00","dateModified":"2022-03-22T00:54:31+00:00","description":"Cump\u0103ra\u021bi online pudr\u0103 Metho Methadone HCL. Metho Methadone HCL pudr\u0103 en-gros 99,8% Pure @ pre\u021buri cu ridicata. Metho (Methadone HCL) trateaz\u0103 durerea moderat\u0103 p\u00e2n\u0103 la sever\u0103.","breadcrumb":{"@id":"https:\/\/medicinasinc.com\/ro\/product\/metadona-clorhidrat-usp-pulbere-pentru-utilizare-orala\/#breadcrumb"},"inLanguage":"en-US","potentialAction":[{"@type":"ReadAction","target":["https:\/\/medicinasinc.com\/ro\/product\/metadona-clorhidrat-usp-pulbere-pentru-utilizare-orala\/"]}]},{"@type":"ImageObject","inLanguage":"en-US","@id":"https:\/\/medicinasinc.com\/ro\/product\/metadona-clorhidrat-usp-pulbere-pentru-utilizare-orala\/#primaryimage","url":"https:\/\/medicinasinc.com\/ro\/wp-content\/uploads\/sites\/11\/2022\/02\/Buy-Methadone.jpg","contentUrl":"https:\/\/medicinasinc.com\/ro\/wp-content\/uploads\/sites\/11\/2022\/02\/Buy-Methadone.jpg","width":600,"height":600},{"@type":"BreadcrumbList","@id":"https:\/\/medicinasinc.com\/ro\/product\/metadona-clorhidrat-usp-pulbere-pentru-utilizare-orala\/#breadcrumb","itemListElement":[{"@type":"ListItem","position":1,"name":"Magazin","item":"https:\/\/medicinasinc.com\/ro\/magazin\/"},{"@type":"ListItem","position":2,"name":"Clorhidrat de metadon\u0103 USP PULBERE PENTRU UZ ORAL"}]},{"@type":"WebSite","@id":"https:\/\/medicinasinc.com\/ro\/#website","url":"https:\/\/medicinasinc.com\/ro\/","name":"Medicinas Inc","description":"Health Medical Clinic","potentialAction":[{"@type":"SearchAction","target":{"@type":"EntryPoint","urlTemplate":"https:\/\/medicinasinc.com\/ro\/?s={search_term_string}"},"query-input":{"@type":"PropertyValueSpecification","valueRequired":true,"valueName":"search_term_string"}}],"inLanguage":"en-US"}]}},"_links":{"self":[{"href":"https:\/\/medicinasinc.com\/ro\/wp-json\/wp\/v2\/product\/5566","targetHints":{"allow":["GET"]}}],"collection":[{"href":"https:\/\/medicinasinc.com\/ro\/wp-json\/wp\/v2\/product"}],"about":[{"href":"https:\/\/medicinasinc.com\/ro\/wp-json\/wp\/v2\/types\/product"}],"replies":[{"embeddable":true,"href":"https:\/\/medicinasinc.com\/ro\/wp-json\/wp\/v2\/comments?post=5566"}],"wp:featuredmedia":[{"embeddable":true,"href":"https:\/\/medicinasinc.com\/ro\/wp-json\/wp\/v2\/media\/5578"}],"wp:attachment":[{"href":"https:\/\/medicinasinc.com\/ro\/wp-json\/wp\/v2\/media?parent=5566"}],"wp:term":[{"taxonomy":"product_brand","embeddable":true,"href":"https:\/\/medicinasinc.com\/ro\/wp-json\/wp\/v2\/product_brand?post=5566"},{"taxonomy":"product_cat","embeddable":true,"href":"https:\/\/medicinasinc.com\/ro\/wp-json\/wp\/v2\/product_cat?post=5566"},{"taxonomy":"product_tag","embeddable":true,"href":"https:\/\/medicinasinc.com\/ro\/wp-json\/wp\/v2\/product_tag?post=5566"}],"curies":[{"name":"wp","href":"https:\/\/api.w.org\/{rel}","templated":true}]}}